{"id":109574,"date":"2023-07-10T14:02:48","date_gmt":"2023-07-10T14:02:48","guid":{"rendered":"https:\/\/v2charge.com\/?page_id=109574"},"modified":"2023-07-10T14:02:49","modified_gmt":"2023-07-10T14:02:49","slug":"como-adicionar-posto-carregamento-minha-plataforma","status":"publish","type":"page","link":"https:\/\/v2charge.com\/pt-pt\/como-adicionar-posto-carregamento-minha-plataforma\/","title":{"rendered":"Como \u00e9 que adiciono um ponto de carregamento \u00e0 minha plataforma?"},"content":{"rendered":"\n<div style=\"height:60px\" aria-hidden=\"true\" class=\"wp-block-spacer\"><\/div>\n\n\n\n<h1 class=\"wp-block-heading\">Como \u00e9 que adiciono um ponto de carregamento \u00e0 minha plataforma?<\/h1>\n\n\n\n<p>Para adicionar um ponto de carregamento \u00e0 sua plataforma V2C Cloud, siga as etapas abaixo:<\/p>\n\n\n\n<h2 class=\"wp-block-heading\">Atrav\u00e9s da sua APP<\/h2>\n\n\n\n<p>Premir o bot\u00e3o &#8220;adicionar carregador&#8221; marcado acima com a data.<\/p>\n\n\n\n<figure><img decoding=\"async\" src=\"https:\/\/v2charge.com\/wp-content\/uploads\/2022\/12\/v2c-app-an\u0303adir-echarger-731x1024.jpg\" alt=\"V2C APP A\u00f1adir cargador\" width=\"366\" height=\"512\"\/><\/figure>\n\n\n\n<p>O n\u00famero de identifica\u00e7\u00e3o pode ser encontrado no autocolante do aparelho ou num autocolante no manual. \u00c9 um total de 7 n\u00fameros e letras em mai\u00fasculas aleat\u00f3rias. Por exemplo, ER47HBV.<\/p>\n\n\n\n<figure><img decoding=\"async\" src=\"https:\/\/v2charge.com\/wp-content\/uploads\/2022\/12\/v2c-app-an\u0303adir-cargador-731x1024.jpg\" alt=\"V2C APP ID de un e-Charger\" width=\"366\" height=\"512\"\/><\/figure>\n\n\n\n<blockquote class=\"wp-block-quote is-layout-flow wp-block-quote-is-layout-flow\"><p>No momento do emparelhamento do ponto de carregamento, ser-lhe-\u00e1 pedido o local, para fins estat\u00edsticos e de seguran\u00e7a.<\/p><\/blockquote>\n\n\n\n<p>Uma vez registado, o carregador j\u00e1 n\u00e3o pode ser emparelhado por mais ningu\u00e9m, a menos que seja eliminado. Se desejar t\u00ea-lo em dois telem\u00f3veis ou contas ao mesmo tempo, partilhe-o. Se o seu ponto de carregamento n\u00e3o estiver registado em nenhum dispositivo (telem\u00f3vel ou computador) e o seu n\u00famero for p\u00fablico, pode ser registado por terceiros sem o seu consentimento.<\/p>\n\n\n\n<blockquote class=\"wp-block-quote is-layout-flow wp-block-quote-is-layout-flow\"><p>\u00c9 necess\u00e1ria uma liga\u00e7\u00e3o \u00e0 Internet no telem\u00f3vel para emparelhar o dispositivo. Se n\u00e3o houver liga\u00e7\u00e3o \u00e0 Internet na garagem, anote o n\u00famero de ID e procure uma \u00e1rea de cobertura para emparelhar o dispositivo.<\/p><\/blockquote>\n\n\n\n<p>O leitor de c\u00f3digo QR pode ser utilizado para maior comodidade (prima o bot\u00e3o da c\u00e2mara).<\/p>\n\n\n\n<figure><img decoding=\"async\" src=\"https:\/\/v2charge.com\/wp-content\/uploads\/2022\/12\/v2c-app-wifi-conectar-731x1024.jpg\" alt=\"V2C APP Registro de Red WiFi\" width=\"366\" height=\"512\"\/><\/figure>\n\n\n\n<p>Uma vez emparelhado, \u00e9-lhe pedido que se ligue via wi-fi. A liga\u00e7\u00e3o da palavra-passe wifi \u00e9 feita atrav\u00e9s do bluetooth, se n\u00e3o a tiver activada \u00e9 melhor deix\u00e1-la para mais tarde, premindo diretamente omitir a configura\u00e7\u00e3o WIFI.<\/p>\n\n\n\n<h2 class=\"wp-block-heading\">Atrav\u00e9s da Web<\/h2>\n\n\n\n<p>Depois de iniciar sess\u00e3o com sucesso no V2C Cloud,<\/p>\n\n\n\n<p>Prima o bot\u00e3o mais para adicionar um carregador:<\/p>\n\n\n\n<figure><img decoding=\"async\" src=\"https:\/\/v2charge.com\/wp-content\/uploads\/2022\/12\/mis-e-chargers-app-registro-1024x819.jpg\" alt=\"Registro e-Chargers\" width=\"768\" height=\"614\"\/><\/figure>\n\n\n\n<p>Adicionar a ID do carregador. A ID do carregador \u00e9 um c\u00f3digo alfanum\u00e9rico de 7 caracteres, que lhe ter\u00e1 sido fornecido ou que pode ser encontrado no autocolante do carregador ou nas instru\u00e7\u00f5es.<\/p>\n\n\n\n<figure><img decoding=\"async\" src=\"https:\/\/v2charge.com\/wp-content\/uploads\/2022\/12\/soporte-v2c-id-1024x819.jpg\" alt=\"Registro V2C ID Soporte\" width=\"768\" height=\"614\"\/><\/figure>\n\n\n\n<div style=\"height:60px\" aria-hidden=\"true\" class=\"wp-block-spacer\"><\/div>\n","protected":false},"excerpt":{"rendered":"<p>Como \u00e9 que adiciono um ponto de carregamento \u00e0 minha plataforma? Para adicionar um ponto de carregamento \u00e0 sua plataforma V2C Cloud, siga as etapas abaixo: Atrav\u00e9s da sua APP Premir o bot\u00e3o &#8220;adicionar carregador&#8221; marcado acima com a data. O n\u00famero de identifica\u00e7\u00e3o pode ser encontrado no autocolante do aparelho ou num autocolante no &#8230; <a title=\"Como \u00e9 que adiciono um ponto de carregamento \u00e0 minha plataforma?\" class=\"read-more\" href=\"https:\/\/v2charge.com\/pt-pt\/como-adicionar-posto-carregamento-minha-plataforma\/\" aria-label=\"Leia mais sobre Como \u00e9 que adiciono um ponto de carregamento \u00e0 minha plataforma?\">Ler mais<\/a><\/p>\n","protected":false},"author":400,"featured_media":170353,"parent":0,"menu_order":0,"comment_status":"closed","ping_status":"closed","template":"","meta":{"_eb_attr":"","content-type":"","_uag_custom_page_level_css":"","footnotes":""},"class_list":["post-109574","page","type-page","status-publish","has-post-thumbnail"],"yoast_head":"<!-- This site is optimized with the Yoast SEO plugin v25.3.1 - https:\/\/yoast.com\/wordpress\/plugins\/seo\/ -->\n<title>Como adicionar um ponto de carregamento \u00e0 minha plataforma? - V2C<\/title>\n<meta name=\"description\" content=\"Explicamos como adicionar um novo ponto de carregamento \u00e0 sua aplica\u00e7\u00e3o V2C Cloud. Passo a passo com exemplos. \u00c1rea de apoio V2C.\" \/>\n<meta name=\"robots\" content=\"index, follow, max-snippet:-1, max-image-preview:large, max-video-preview:-1\" \/>\n<link rel=\"canonical\" href=\"https:\/\/v2charge.com\/pt-pt\/como-adicionar-posto-carregamento-minha-plataforma\/\" \/>\n<meta property=\"og:locale\" content=\"pt_PT\" \/>\n<meta property=\"og:type\" content=\"article\" \/>\n<meta property=\"og:title\" content=\"Como adicionar um ponto de carregamento \u00e0 minha plataforma? - V2C\" \/>\n<meta property=\"og:description\" content=\"Explicamos como adicionar um novo ponto de carregamento \u00e0 sua aplica\u00e7\u00e3o V2C Cloud. Passo a passo com exemplos. \u00c1rea de apoio V2C.\" \/>\n<meta property=\"og:url\" content=\"https:\/\/v2charge.com\/pt-pt\/como-adicionar-posto-carregamento-minha-plataforma\/\" \/>\n<meta property=\"og:site_name\" content=\"V2C\" \/>\n<meta property=\"article:publisher\" content=\"https:\/\/www.facebook.com\/V2C.Charge\" \/>\n<meta property=\"article:modified_time\" content=\"2023-07-10T14:02:49+00:00\" \/>\n<meta property=\"og:image\" content=\"https:\/\/v2charge.com\/wp-content\/uploads\/2022\/12\/v2c-app-wifi-conectar-731x1024.jpg\" \/>\n<meta name=\"twitter:card\" content=\"summary_large_image\" \/>\n<meta name=\"twitter:site\" content=\"@V2C_Charge\" \/>\n<meta name=\"twitter:label1\" content=\"Tempo estimado de leitura\" \/>\n\t<meta name=\"twitter:data1\" content=\"3 minutos\" \/>\n<script type=\"application\/ld+json\" class=\"yoast-schema-graph\">{\"@context\":\"https:\/\/schema.org\",\"@graph\":[{\"@type\":\"WebPage\",\"@id\":\"https:\/\/v2charge.com\/pt-pt\/como-adicionar-posto-carregamento-minha-plataforma\/\",\"url\":\"https:\/\/v2charge.com\/pt-pt\/como-adicionar-posto-carregamento-minha-plataforma\/\",\"name\":\"Como adicionar um ponto de carregamento \u00e0 minha plataforma? - V2C\",\"isPartOf\":{\"@id\":\"https:\/\/v2charge.com\/pt-pt\/#website\"},\"primaryImageOfPage\":{\"@id\":\"https:\/\/v2charge.com\/pt-pt\/como-adicionar-posto-carregamento-minha-plataforma\/#primaryimage\"},\"image\":{\"@id\":\"https:\/\/v2charge.com\/pt-pt\/como-adicionar-posto-carregamento-minha-plataforma\/#primaryimage\"},\"thumbnailUrl\":\"https:\/\/v2charge.com\/wp-content\/uploads\/2024\/07\/v2c-electric-chargers.jpg\",\"datePublished\":\"2023-07-10T14:02:48+00:00\",\"dateModified\":\"2023-07-10T14:02:49+00:00\",\"description\":\"Explicamos como adicionar um novo ponto de carregamento \u00e0 sua aplica\u00e7\u00e3o V2C Cloud. Passo a passo com exemplos. \u00c1rea de apoio V2C.\",\"breadcrumb\":{\"@id\":\"https:\/\/v2charge.com\/pt-pt\/como-adicionar-posto-carregamento-minha-plataforma\/#breadcrumb\"},\"inLanguage\":\"pt-PT\",\"potentialAction\":[{\"@type\":\"ReadAction\",\"target\":[\"https:\/\/v2charge.com\/pt-pt\/como-adicionar-posto-carregamento-minha-plataforma\/\"]}]},{\"@type\":\"ImageObject\",\"inLanguage\":\"pt-PT\",\"@id\":\"https:\/\/v2charge.com\/pt-pt\/como-adicionar-posto-carregamento-minha-plataforma\/#primaryimage\",\"url\":\"https:\/\/v2charge.com\/wp-content\/uploads\/2024\/07\/v2c-electric-chargers.jpg\",\"contentUrl\":\"https:\/\/v2charge.com\/wp-content\/uploads\/2024\/07\/v2c-electric-chargers.jpg\",\"width\":1200,\"height\":675,\"caption\":\"V2C Electric Chargers\"},{\"@type\":\"BreadcrumbList\",\"@id\":\"https:\/\/v2charge.com\/pt-pt\/como-adicionar-posto-carregamento-minha-plataforma\/#breadcrumb\",\"itemListElement\":[{\"@type\":\"ListItem\",\"position\":1,\"name\":\"V2C\",\"item\":\"https:\/\/v2charge.com\/pt-pt\/\"},{\"@type\":\"ListItem\",\"position\":2,\"name\":\"Como \u00e9 que adiciono um ponto de carregamento \u00e0 minha plataforma?\"}]},{\"@type\":\"WebSite\",\"@id\":\"https:\/\/v2charge.com\/pt-pt\/#website\",\"url\":\"https:\/\/v2charge.com\/pt-pt\/\",\"name\":\"V2C\",\"description\":\"#CargandoElMa\u00f1ana\",\"publisher\":{\"@id\":\"https:\/\/v2charge.com\/pt-pt\/#organization\"},\"potentialAction\":[{\"@type\":\"SearchAction\",\"target\":{\"@type\":\"EntryPoint\",\"urlTemplate\":\"https:\/\/v2charge.com\/pt-pt\/?s={search_term_string}\"},\"query-input\":{\"@type\":\"PropertyValueSpecification\",\"valueRequired\":true,\"valueName\":\"search_term_string\"}}],\"inLanguage\":\"pt-PT\"},{\"@type\":\"Organization\",\"@id\":\"https:\/\/v2charge.com\/pt-pt\/#organization\",\"name\":\"V2C\",\"url\":\"https:\/\/v2charge.com\/pt-pt\/\",\"logo\":{\"@type\":\"ImageObject\",\"inLanguage\":\"pt-PT\",\"@id\":\"https:\/\/v2charge.com\/pt-pt\/#\/schema\/logo\/image\/\",\"url\":\"https:\/\/v2charge.com\/wp-content\/uploads\/2024\/11\/cropped-v2c-charge-logo-menu.png\",\"contentUrl\":\"https:\/\/v2charge.com\/wp-content\/uploads\/2024\/11\/cropped-v2c-charge-logo-menu.png\",\"width\":984,\"height\":431,\"caption\":\"V2C\"},\"image\":{\"@id\":\"https:\/\/v2charge.com\/pt-pt\/#\/schema\/logo\/image\/\"},\"sameAs\":[\"https:\/\/www.facebook.com\/V2C.Charge\",\"https:\/\/x.com\/V2C_Charge\",\"https:\/\/www.instagram.com\/v2c.charge\/\",\"https:\/\/www.youtube.com\/@V2C\",\"https:\/\/www.linkedin.com\/company\/v2c-chargers\/\"]}]}<\/script>\n<!-- \/ Yoast SEO plugin. -->","yoast_head_json":{"title":"Como adicionar um ponto de carregamento \u00e0 minha plataforma? - V2C","description":"Explicamos como adicionar um novo ponto de carregamento \u00e0 sua aplica\u00e7\u00e3o V2C Cloud. Passo a passo com exemplos. \u00c1rea de apoio V2C.","robots":{"index":"index","follow":"follow","max-snippet":"max-snippet:-1","max-image-preview":"max-image-preview:large","max-video-preview":"max-video-preview:-1"},"canonical":"https:\/\/v2charge.com\/pt-pt\/como-adicionar-posto-carregamento-minha-plataforma\/","og_locale":"pt_PT","og_type":"article","og_title":"Como adicionar um ponto de carregamento \u00e0 minha plataforma? - V2C","og_description":"Explicamos como adicionar um novo ponto de carregamento \u00e0 sua aplica\u00e7\u00e3o V2C Cloud. Passo a passo com exemplos. \u00c1rea de apoio V2C.","og_url":"https:\/\/v2charge.com\/pt-pt\/como-adicionar-posto-carregamento-minha-plataforma\/","og_site_name":"V2C","article_publisher":"https:\/\/www.facebook.com\/V2C.Charge","article_modified_time":"2023-07-10T14:02:49+00:00","og_image":[{"url":"https:\/\/v2charge.com\/wp-content\/uploads\/2022\/12\/v2c-app-wifi-conectar-731x1024.jpg","type":"","width":"","height":""}],"twitter_card":"summary_large_image","twitter_site":"@V2C_Charge","twitter_misc":{"Tempo estimado de leitura":"3 minutos"},"schema":{"@context":"https:\/\/schema.org","@graph":[{"@type":"WebPage","@id":"https:\/\/v2charge.com\/pt-pt\/como-adicionar-posto-carregamento-minha-plataforma\/","url":"https:\/\/v2charge.com\/pt-pt\/como-adicionar-posto-carregamento-minha-plataforma\/","name":"Como adicionar um ponto de carregamento \u00e0 minha plataforma? - V2C","isPartOf":{"@id":"https:\/\/v2charge.com\/pt-pt\/#website"},"primaryImageOfPage":{"@id":"https:\/\/v2charge.com\/pt-pt\/como-adicionar-posto-carregamento-minha-plataforma\/#primaryimage"},"image":{"@id":"https:\/\/v2charge.com\/pt-pt\/como-adicionar-posto-carregamento-minha-plataforma\/#primaryimage"},"thumbnailUrl":"https:\/\/v2charge.com\/wp-content\/uploads\/2024\/07\/v2c-electric-chargers.jpg","datePublished":"2023-07-10T14:02:48+00:00","dateModified":"2023-07-10T14:02:49+00:00","description":"Explicamos como adicionar um novo ponto de carregamento \u00e0 sua aplica\u00e7\u00e3o V2C Cloud. Passo a passo com exemplos. \u00c1rea de apoio V2C.","breadcrumb":{"@id":"https:\/\/v2charge.com\/pt-pt\/como-adicionar-posto-carregamento-minha-plataforma\/#breadcrumb"},"inLanguage":"pt-PT","potentialAction":[{"@type":"ReadAction","target":["https:\/\/v2charge.com\/pt-pt\/como-adicionar-posto-carregamento-minha-plataforma\/"]}]},{"@type":"ImageObject","inLanguage":"pt-PT","@id":"https:\/\/v2charge.com\/pt-pt\/como-adicionar-posto-carregamento-minha-plataforma\/#primaryimage","url":"https:\/\/v2charge.com\/wp-content\/uploads\/2024\/07\/v2c-electric-chargers.jpg","contentUrl":"https:\/\/v2charge.com\/wp-content\/uploads\/2024\/07\/v2c-electric-chargers.jpg","width":1200,"height":675,"caption":"V2C Electric Chargers"},{"@type":"BreadcrumbList","@id":"https:\/\/v2charge.com\/pt-pt\/como-adicionar-posto-carregamento-minha-plataforma\/#breadcrumb","itemListElement":[{"@type":"ListItem","position":1,"name":"V2C","item":"https:\/\/v2charge.com\/pt-pt\/"},{"@type":"ListItem","position":2,"name":"Como \u00e9 que adiciono um ponto de carregamento \u00e0 minha plataforma?"}]},{"@type":"WebSite","@id":"https:\/\/v2charge.com\/pt-pt\/#website","url":"https:\/\/v2charge.com\/pt-pt\/","name":"V2C","description":"#CargandoElMa\u00f1ana","publisher":{"@id":"https:\/\/v2charge.com\/pt-pt\/#organization"},"potentialAction":[{"@type":"SearchAction","target":{"@type":"EntryPoint","urlTemplate":"https:\/\/v2charge.com\/pt-pt\/?s={search_term_string}"},"query-input":{"@type":"PropertyValueSpecification","valueRequired":true,"valueName":"search_term_string"}}],"inLanguage":"pt-PT"},{"@type":"Organization","@id":"https:\/\/v2charge.com\/pt-pt\/#organization","name":"V2C","url":"https:\/\/v2charge.com\/pt-pt\/","logo":{"@type":"ImageObject","inLanguage":"pt-PT","@id":"https:\/\/v2charge.com\/pt-pt\/#\/schema\/logo\/image\/","url":"https:\/\/v2charge.com\/wp-content\/uploads\/2024\/11\/cropped-v2c-charge-logo-menu.png","contentUrl":"https:\/\/v2charge.com\/wp-content\/uploads\/2024\/11\/cropped-v2c-charge-logo-menu.png","width":984,"height":431,"caption":"V2C"},"image":{"@id":"https:\/\/v2charge.com\/pt-pt\/#\/schema\/logo\/image\/"},"sameAs":["https:\/\/www.facebook.com\/V2C.Charge","https:\/\/x.com\/V2C_Charge","https:\/\/www.instagram.com\/v2c.charge\/","https:\/\/www.youtube.com\/@V2C","https:\/\/www.linkedin.com\/company\/v2c-chargers\/"]}]}},"uagb_featured_image_src":{"full":["https:\/\/v2charge.com\/wp-content\/uploads\/2024\/07\/v2c-electric-chargers.jpg",1200,675,false],"thumbnail":["https:\/\/v2charge.com\/wp-content\/uploads\/2024\/07\/v2c-electric-chargers-150x150.jpg",150,150,true],"medium":["https:\/\/v2charge.com\/wp-content\/uploads\/2024\/07\/v2c-electric-chargers-300x169.jpg",300,169,true],"medium_large":["https:\/\/v2charge.com\/wp-content\/uploads\/2024\/07\/v2c-electric-chargers-768x432.jpg",768,432,true],"large":["https:\/\/v2charge.com\/wp-content\/uploads\/2024\/07\/v2c-electric-chargers-1024x576.jpg",1024,576,true],"gs-tiny":["https:\/\/v2charge.com\/wp-content\/uploads\/2024\/07\/v2c-electric-chargers.jpg",50,28,false],"xl":["https:\/\/v2charge.com\/wp-content\/uploads\/2024\/07\/v2c-electric-chargers.jpg",1200,675,false],"xxl":["https:\/\/v2charge.com\/wp-content\/uploads\/2024\/07\/v2c-electric-chargers.jpg",1200,675,false],"xxxl":["https:\/\/v2charge.com\/wp-content\/uploads\/2024\/07\/v2c-electric-chargers.jpg",1200,675,false],"xxxxl":["https:\/\/v2charge.com\/wp-content\/uploads\/2024\/07\/v2c-electric-chargers.jpg",1200,675,false],"xxxxxl":["https:\/\/v2charge.com\/wp-content\/uploads\/2024\/07\/v2c-electric-chargers.jpg",1200,675,false],"1536x1536":["https:\/\/v2charge.com\/wp-content\/uploads\/2024\/07\/v2c-electric-chargers.jpg",1200,675,false],"2048x2048":["https:\/\/v2charge.com\/wp-content\/uploads\/2024\/07\/v2c-electric-chargers.jpg",1200,675,false]},"uagb_author_info":{"display_name":"V2C","author_link":"https:\/\/v2charge.com\/pt-pt\/author\/marketing\/"},"uagb_comment_info":0,"uagb_excerpt":"Como \u00e9 que adiciono um ponto de carregamento \u00e0 minha plataforma? Para adicionar um ponto de carregamento \u00e0 sua plataforma V2C Cloud, siga as etapas abaixo: Atrav\u00e9s da sua APP Premir o bot\u00e3o &#8220;adicionar carregador&#8221; marcado acima com a data. O n\u00famero de identifica\u00e7\u00e3o pode ser encontrado no autocolante do aparelho ou num autocolante no&hellip;","_links":{"self":[{"href":"https:\/\/v2charge.com\/pt-pt\/wp-json\/wp\/v2\/pages\/109574","targetHints":{"allow":["GET"]}}],"collection":[{"href":"https:\/\/v2charge.com\/pt-pt\/wp-json\/wp\/v2\/pages"}],"about":[{"href":"https:\/\/v2charge.com\/pt-pt\/wp-json\/wp\/v2\/types\/page"}],"author":[{"embeddable":true,"href":"https:\/\/v2charge.com\/pt-pt\/wp-json\/wp\/v2\/users\/400"}],"replies":[{"embeddable":true,"href":"https:\/\/v2charge.com\/pt-pt\/wp-json\/wp\/v2\/comments?post=109574"}],"version-history":[{"count":0,"href":"https:\/\/v2charge.com\/pt-pt\/wp-json\/wp\/v2\/pages\/109574\/revisions"}],"wp:featuredmedia":[{"embeddable":true,"href":"https:\/\/v2charge.com\/pt-pt\/wp-json\/wp\/v2\/media\/170353"}],"wp:attachment":[{"href":"https:\/\/v2charge.com\/pt-pt\/wp-json\/wp\/v2\/media?parent=109574"}],"curies":[{"name":"wp","href":"https:\/\/api.w.org\/{rel}","templated":true}]}}