{"id":109661,"date":"2023-07-11T06:30:09","date_gmt":"2023-07-11T06:30:09","guid":{"rendered":"https:\/\/v2charge.com\/?page_id=109661"},"modified":"2023-07-11T06:30:25","modified_gmt":"2023-07-11T06:30:25","slug":"como-criar-uma-conta-v2c-cloud","status":"publish","type":"page","link":"https:\/\/v2charge.com\/pt-pt\/como-criar-uma-conta-v2c-cloud\/","title":{"rendered":"Como criar uma conta V2C Cloud?"},"content":{"rendered":"\n<div style=\"height:60px\" aria-hidden=\"true\" class=\"wp-block-spacer\"><\/div>\n\n\n\n<h1 class=\"wp-block-heading\">Como criar uma conta V2C Cloud?<\/h1>\n\n\n\n<h3 class=\"wp-block-heading\">Atrav\u00e9s da APP<\/h3>\n\n\n\n<p>Descarregue a APP a partir da sua loja de aplica\u00e7\u00f5es. Uma vez descarregada, chegar\u00e1 a esta p\u00e1gina Web.<\/p>\n\n\n\n<figure><img decoding=\"async\" src=\"https:\/\/v2charge.com\/wp-content\/uploads\/2022\/12\/v2c-app-inicio-sesio\u0301n-731x1024.jpg\" alt=\"V2C APP Inicio de sesi\u00f3n\" width=\"366\" height=\"512\"\/><\/figure>\n\n\n\n<p>Formas de acesso:<\/p>\n\n\n\n<ul>\n<li>Com o seu endere\u00e7o de correio eletr\u00f3nico<\/li>\n<li>Com a sua conta Google<\/li>\n<li>Com a sua conta Apple (apenas dispon\u00edvel para utilizadores de iphone)<\/li>\n<\/ul>\n\n\n\n<p>Para criar a sua conta Google ou Apple, clique no bot\u00e3o e siga as instru\u00e7\u00f5es.<\/p>\n\n\n\n<p>Para criar a sua conta com o seu endere\u00e7o de correio eletr\u00f3nico, clique no bot\u00e3o Registar aqui:<\/p>\n\n\n\n<p>Preencha os seguintes dados:<\/p>\n\n\n\n<figure><img decoding=\"async\" src=\"https:\/\/v2charge.com\/wp-content\/uploads\/2022\/12\/v2c-app-registro-731x1024.jpg\" alt=\"V2C App Registro\" width=\"366\" height=\"512\"\/><\/figure>\n\n\n\n<p>Depois de se registar, receber\u00e1 um e-mail de confirma\u00e7\u00e3o. Verifique a sua pasta de spam se n\u00e3o a receber. N\u00e3o ser\u00e1 poss\u00edvel iniciar sess\u00e3o sem confirmar a mensagem de correio eletr\u00f3nico. Se n\u00e3o conseguir registar o e-mail que j\u00e1 foi utilizado, utilize a fun\u00e7\u00e3o de recupera\u00e7\u00e3o de palavra-passe.<\/p>\n\n\n\n<blockquote class=\"wp-block-quote is-layout-flow wp-block-quote-is-layout-flow\"><p>N\u00e3o \u00e9 poss\u00edvel criar uma conta sem uma liga\u00e7\u00e3o \u00e0 Internet.<\/p><\/blockquote>\n\n\n\n<h3 class=\"wp-block-heading\">Atrav\u00e9s do computador<\/h3>\n\n\n\n<p>Visite o s\u00edtio Web www.v2c.cloud<\/p>\n\n\n\n<figure><img decoding=\"async\" src=\"https:\/\/v2charge.com\/wp-content\/uploads\/2021\/12\/Captura_imac2013_front-1024x1024.png\" alt=\"\" width=\"768\" height=\"768\"\/><\/figure>\n\n\n\n<p>Tal como na vers\u00e3o m\u00f3vel, pode iniciar sess\u00e3o atrav\u00e9s do Google, Apple ID ou correio eletr\u00f3nico. Para criar uma conta de correio eletr\u00f3nico, v\u00e1 para a sec\u00e7\u00e3o de registo e ser\u00e1 encaminhado para um s\u00edtio Web como este:<\/p>\n\n\n\n<figure><img decoding=\"async\" src=\"https:\/\/v2charge.com\/wp-content\/uploads\/2021\/12\/ordenador-v2c-cloud-crear-cuenta-1024x1024.png\" alt=\"punto de recarga acceso login cloud v2c\" width=\"768\" height=\"768\"\/><\/figure>\n\n\n\n<p>Crie a conta e ser-lhe-\u00e1 enviado um e-mail para confirmar a sua conta.<\/p>\n\n\n\n<div style=\"height:60px\" aria-hidden=\"true\" class=\"wp-block-spacer\"><\/div>\n","protected":false},"excerpt":{"rendered":"<p>Como criar uma conta V2C Cloud? Atrav\u00e9s da APP Descarregue a APP a partir da sua loja de aplica\u00e7\u00f5es. Uma vez descarregada, chegar\u00e1 a esta p\u00e1gina Web. Formas de acesso: Com o seu endere\u00e7o de correio eletr\u00f3nico Com a sua conta Google Com a sua conta Apple (apenas dispon\u00edvel para utilizadores de iphone) Para criar &#8230; <a title=\"Como criar uma conta V2C Cloud?\" class=\"read-more\" href=\"https:\/\/v2charge.com\/pt-pt\/como-criar-uma-conta-v2c-cloud\/\" aria-label=\"Leia mais sobre Como criar uma conta V2C Cloud?\">Ler mais<\/a><\/p>\n","protected":false},"author":400,"featured_media":170353,"parent":0,"menu_order":0,"comment_status":"closed","ping_status":"closed","template":"","meta":{"_eb_attr":"","content-type":"","_uag_custom_page_level_css":"","footnotes":""},"class_list":["post-109661","page","type-page","status-publish","has-post-thumbnail"],"yoast_head":"<!-- This site is optimized with the Yoast SEO plugin v25.3.1 - https:\/\/yoast.com\/wordpress\/plugins\/seo\/ -->\n<title>Como criar uma conta no V2C Cloud, a aplica\u00e7\u00e3o V2C<\/title>\n<meta name=\"description\" content=\"Criar uma conta V2C Cloud e gerir o seu carregador el\u00e9trico. Explicamos como o fazer passo a passo\" \/>\n<meta name=\"robots\" content=\"index, follow, max-snippet:-1, max-image-preview:large, max-video-preview:-1\" \/>\n<link rel=\"canonical\" href=\"https:\/\/v2charge.com\/pt-pt\/como-criar-uma-conta-v2c-cloud\/\" \/>\n<meta property=\"og:locale\" content=\"pt_PT\" \/>\n<meta property=\"og:type\" content=\"article\" \/>\n<meta property=\"og:title\" content=\"Como criar uma conta no V2C Cloud, a aplica\u00e7\u00e3o V2C\" \/>\n<meta property=\"og:description\" content=\"Criar uma conta V2C Cloud e gerir o seu carregador el\u00e9trico. Explicamos como o fazer passo a passo\" \/>\n<meta property=\"og:url\" content=\"https:\/\/v2charge.com\/pt-pt\/como-criar-uma-conta-v2c-cloud\/\" \/>\n<meta property=\"og:site_name\" content=\"V2C\" \/>\n<meta property=\"article:publisher\" content=\"https:\/\/www.facebook.com\/V2C.Charge\" \/>\n<meta property=\"article:modified_time\" content=\"2023-07-11T06:30:25+00:00\" \/>\n<meta property=\"og:image\" content=\"https:\/\/v2charge.com\/wp-content\/uploads\/2022\/12\/v2c-app-registro-731x1024.jpg\" \/>\n<meta name=\"twitter:card\" content=\"summary_large_image\" \/>\n<meta name=\"twitter:site\" content=\"@V2C_Charge\" \/>\n<meta name=\"twitter:label1\" content=\"Tempo estimado de leitura\" \/>\n\t<meta name=\"twitter:data1\" content=\"2 minutos\" \/>\n<script type=\"application\/ld+json\" class=\"yoast-schema-graph\">{\"@context\":\"https:\/\/schema.org\",\"@graph\":[{\"@type\":\"WebPage\",\"@id\":\"https:\/\/v2charge.com\/pt-pt\/como-criar-uma-conta-v2c-cloud\/\",\"url\":\"https:\/\/v2charge.com\/pt-pt\/como-criar-uma-conta-v2c-cloud\/\",\"name\":\"Como criar uma conta no V2C Cloud, a aplica\u00e7\u00e3o V2C\",\"isPartOf\":{\"@id\":\"https:\/\/v2charge.com\/pt-pt\/#website\"},\"primaryImageOfPage\":{\"@id\":\"https:\/\/v2charge.com\/pt-pt\/como-criar-uma-conta-v2c-cloud\/#primaryimage\"},\"image\":{\"@id\":\"https:\/\/v2charge.com\/pt-pt\/como-criar-uma-conta-v2c-cloud\/#primaryimage\"},\"thumbnailUrl\":\"https:\/\/v2charge.com\/wp-content\/uploads\/2024\/07\/v2c-electric-chargers.jpg\",\"datePublished\":\"2023-07-11T06:30:09+00:00\",\"dateModified\":\"2023-07-11T06:30:25+00:00\",\"description\":\"Criar uma conta V2C Cloud e gerir o seu carregador el\u00e9trico. Explicamos como o fazer passo a passo\",\"breadcrumb\":{\"@id\":\"https:\/\/v2charge.com\/pt-pt\/como-criar-uma-conta-v2c-cloud\/#breadcrumb\"},\"inLanguage\":\"pt-PT\",\"potentialAction\":[{\"@type\":\"ReadAction\",\"target\":[\"https:\/\/v2charge.com\/pt-pt\/como-criar-uma-conta-v2c-cloud\/\"]}]},{\"@type\":\"ImageObject\",\"inLanguage\":\"pt-PT\",\"@id\":\"https:\/\/v2charge.com\/pt-pt\/como-criar-uma-conta-v2c-cloud\/#primaryimage\",\"url\":\"https:\/\/v2charge.com\/wp-content\/uploads\/2024\/07\/v2c-electric-chargers.jpg\",\"contentUrl\":\"https:\/\/v2charge.com\/wp-content\/uploads\/2024\/07\/v2c-electric-chargers.jpg\",\"width\":1200,\"height\":675,\"caption\":\"V2C Electric Chargers\"},{\"@type\":\"BreadcrumbList\",\"@id\":\"https:\/\/v2charge.com\/pt-pt\/como-criar-uma-conta-v2c-cloud\/#breadcrumb\",\"itemListElement\":[{\"@type\":\"ListItem\",\"position\":1,\"name\":\"V2C\",\"item\":\"https:\/\/v2charge.com\/pt-pt\/\"},{\"@type\":\"ListItem\",\"position\":2,\"name\":\"Como criar uma conta V2C Cloud?\"}]},{\"@type\":\"WebSite\",\"@id\":\"https:\/\/v2charge.com\/pt-pt\/#website\",\"url\":\"https:\/\/v2charge.com\/pt-pt\/\",\"name\":\"V2C\",\"description\":\"#CargandoElMa\u00f1ana\",\"publisher\":{\"@id\":\"https:\/\/v2charge.com\/pt-pt\/#organization\"},\"potentialAction\":[{\"@type\":\"SearchAction\",\"target\":{\"@type\":\"EntryPoint\",\"urlTemplate\":\"https:\/\/v2charge.com\/pt-pt\/?s={search_term_string}\"},\"query-input\":{\"@type\":\"PropertyValueSpecification\",\"valueRequired\":true,\"valueName\":\"search_term_string\"}}],\"inLanguage\":\"pt-PT\"},{\"@type\":\"Organization\",\"@id\":\"https:\/\/v2charge.com\/pt-pt\/#organization\",\"name\":\"V2C\",\"url\":\"https:\/\/v2charge.com\/pt-pt\/\",\"logo\":{\"@type\":\"ImageObject\",\"inLanguage\":\"pt-PT\",\"@id\":\"https:\/\/v2charge.com\/pt-pt\/#\/schema\/logo\/image\/\",\"url\":\"https:\/\/v2charge.com\/wp-content\/uploads\/2024\/11\/cropped-v2c-charge-logo-menu.png\",\"contentUrl\":\"https:\/\/v2charge.com\/wp-content\/uploads\/2024\/11\/cropped-v2c-charge-logo-menu.png\",\"width\":984,\"height\":431,\"caption\":\"V2C\"},\"image\":{\"@id\":\"https:\/\/v2charge.com\/pt-pt\/#\/schema\/logo\/image\/\"},\"sameAs\":[\"https:\/\/www.facebook.com\/V2C.Charge\",\"https:\/\/x.com\/V2C_Charge\",\"https:\/\/www.instagram.com\/v2c.charge\/\",\"https:\/\/www.youtube.com\/@V2C\",\"https:\/\/www.linkedin.com\/company\/v2c-chargers\/\"]}]}<\/script>\n<!-- \/ Yoast SEO plugin. -->","yoast_head_json":{"title":"Como criar uma conta no V2C Cloud, a aplica\u00e7\u00e3o V2C","description":"Criar uma conta V2C Cloud e gerir o seu carregador el\u00e9trico. Explicamos como o fazer passo a passo","robots":{"index":"index","follow":"follow","max-snippet":"max-snippet:-1","max-image-preview":"max-image-preview:large","max-video-preview":"max-video-preview:-1"},"canonical":"https:\/\/v2charge.com\/pt-pt\/como-criar-uma-conta-v2c-cloud\/","og_locale":"pt_PT","og_type":"article","og_title":"Como criar uma conta no V2C Cloud, a aplica\u00e7\u00e3o V2C","og_description":"Criar uma conta V2C Cloud e gerir o seu carregador el\u00e9trico. Explicamos como o fazer passo a passo","og_url":"https:\/\/v2charge.com\/pt-pt\/como-criar-uma-conta-v2c-cloud\/","og_site_name":"V2C","article_publisher":"https:\/\/www.facebook.com\/V2C.Charge","article_modified_time":"2023-07-11T06:30:25+00:00","og_image":[{"url":"https:\/\/v2charge.com\/wp-content\/uploads\/2022\/12\/v2c-app-registro-731x1024.jpg","type":"","width":"","height":""}],"twitter_card":"summary_large_image","twitter_site":"@V2C_Charge","twitter_misc":{"Tempo estimado de leitura":"2 minutos"},"schema":{"@context":"https:\/\/schema.org","@graph":[{"@type":"WebPage","@id":"https:\/\/v2charge.com\/pt-pt\/como-criar-uma-conta-v2c-cloud\/","url":"https:\/\/v2charge.com\/pt-pt\/como-criar-uma-conta-v2c-cloud\/","name":"Como criar uma conta no V2C Cloud, a aplica\u00e7\u00e3o V2C","isPartOf":{"@id":"https:\/\/v2charge.com\/pt-pt\/#website"},"primaryImageOfPage":{"@id":"https:\/\/v2charge.com\/pt-pt\/como-criar-uma-conta-v2c-cloud\/#primaryimage"},"image":{"@id":"https:\/\/v2charge.com\/pt-pt\/como-criar-uma-conta-v2c-cloud\/#primaryimage"},"thumbnailUrl":"https:\/\/v2charge.com\/wp-content\/uploads\/2024\/07\/v2c-electric-chargers.jpg","datePublished":"2023-07-11T06:30:09+00:00","dateModified":"2023-07-11T06:30:25+00:00","description":"Criar uma conta V2C Cloud e gerir o seu carregador el\u00e9trico. Explicamos como o fazer passo a passo","breadcrumb":{"@id":"https:\/\/v2charge.com\/pt-pt\/como-criar-uma-conta-v2c-cloud\/#breadcrumb"},"inLanguage":"pt-PT","potentialAction":[{"@type":"ReadAction","target":["https:\/\/v2charge.com\/pt-pt\/como-criar-uma-conta-v2c-cloud\/"]}]},{"@type":"ImageObject","inLanguage":"pt-PT","@id":"https:\/\/v2charge.com\/pt-pt\/como-criar-uma-conta-v2c-cloud\/#primaryimage","url":"https:\/\/v2charge.com\/wp-content\/uploads\/2024\/07\/v2c-electric-chargers.jpg","contentUrl":"https:\/\/v2charge.com\/wp-content\/uploads\/2024\/07\/v2c-electric-chargers.jpg","width":1200,"height":675,"caption":"V2C Electric Chargers"},{"@type":"BreadcrumbList","@id":"https:\/\/v2charge.com\/pt-pt\/como-criar-uma-conta-v2c-cloud\/#breadcrumb","itemListElement":[{"@type":"ListItem","position":1,"name":"V2C","item":"https:\/\/v2charge.com\/pt-pt\/"},{"@type":"ListItem","position":2,"name":"Como criar uma conta V2C Cloud?"}]},{"@type":"WebSite","@id":"https:\/\/v2charge.com\/pt-pt\/#website","url":"https:\/\/v2charge.com\/pt-pt\/","name":"V2C","description":"#CargandoElMa\u00f1ana","publisher":{"@id":"https:\/\/v2charge.com\/pt-pt\/#organization"},"potentialAction":[{"@type":"SearchAction","target":{"@type":"EntryPoint","urlTemplate":"https:\/\/v2charge.com\/pt-pt\/?s={search_term_string}"},"query-input":{"@type":"PropertyValueSpecification","valueRequired":true,"valueName":"search_term_string"}}],"inLanguage":"pt-PT"},{"@type":"Organization","@id":"https:\/\/v2charge.com\/pt-pt\/#organization","name":"V2C","url":"https:\/\/v2charge.com\/pt-pt\/","logo":{"@type":"ImageObject","inLanguage":"pt-PT","@id":"https:\/\/v2charge.com\/pt-pt\/#\/schema\/logo\/image\/","url":"https:\/\/v2charge.com\/wp-content\/uploads\/2024\/11\/cropped-v2c-charge-logo-menu.png","contentUrl":"https:\/\/v2charge.com\/wp-content\/uploads\/2024\/11\/cropped-v2c-charge-logo-menu.png","width":984,"height":431,"caption":"V2C"},"image":{"@id":"https:\/\/v2charge.com\/pt-pt\/#\/schema\/logo\/image\/"},"sameAs":["https:\/\/www.facebook.com\/V2C.Charge","https:\/\/x.com\/V2C_Charge","https:\/\/www.instagram.com\/v2c.charge\/","https:\/\/www.youtube.com\/@V2C","https:\/\/www.linkedin.com\/company\/v2c-chargers\/"]}]}},"uagb_featured_image_src":{"full":["https:\/\/v2charge.com\/wp-content\/uploads\/2024\/07\/v2c-electric-chargers.jpg",1200,675,false],"thumbnail":["https:\/\/v2charge.com\/wp-content\/uploads\/2024\/07\/v2c-electric-chargers-150x150.jpg",150,150,true],"medium":["https:\/\/v2charge.com\/wp-content\/uploads\/2024\/07\/v2c-electric-chargers-300x169.jpg",300,169,true],"medium_large":["https:\/\/v2charge.com\/wp-content\/uploads\/2024\/07\/v2c-electric-chargers-768x432.jpg",768,432,true],"large":["https:\/\/v2charge.com\/wp-content\/uploads\/2024\/07\/v2c-electric-chargers-1024x576.jpg",1024,576,true],"gs-tiny":["https:\/\/v2charge.com\/wp-content\/uploads\/2024\/07\/v2c-electric-chargers.jpg",50,28,false],"xl":["https:\/\/v2charge.com\/wp-content\/uploads\/2024\/07\/v2c-electric-chargers.jpg",1200,675,false],"xxl":["https:\/\/v2charge.com\/wp-content\/uploads\/2024\/07\/v2c-electric-chargers.jpg",1200,675,false],"xxxl":["https:\/\/v2charge.com\/wp-content\/uploads\/2024\/07\/v2c-electric-chargers.jpg",1200,675,false],"xxxxl":["https:\/\/v2charge.com\/wp-content\/uploads\/2024\/07\/v2c-electric-chargers.jpg",1200,675,false],"xxxxxl":["https:\/\/v2charge.com\/wp-content\/uploads\/2024\/07\/v2c-electric-chargers.jpg",1200,675,false],"1536x1536":["https:\/\/v2charge.com\/wp-content\/uploads\/2024\/07\/v2c-electric-chargers.jpg",1200,675,false],"2048x2048":["https:\/\/v2charge.com\/wp-content\/uploads\/2024\/07\/v2c-electric-chargers.jpg",1200,675,false]},"uagb_author_info":{"display_name":"V2C","author_link":"https:\/\/v2charge.com\/pt-pt\/author\/marketing\/"},"uagb_comment_info":0,"uagb_excerpt":"Como criar uma conta V2C Cloud? Atrav\u00e9s da APP Descarregue a APP a partir da sua loja de aplica\u00e7\u00f5es. Uma vez descarregada, chegar\u00e1 a esta p\u00e1gina Web. Formas de acesso: Com o seu endere\u00e7o de correio eletr\u00f3nico Com a sua conta Google Com a sua conta Apple (apenas dispon\u00edvel para utilizadores de iphone) Para criar&hellip;","_links":{"self":[{"href":"https:\/\/v2charge.com\/pt-pt\/wp-json\/wp\/v2\/pages\/109661","targetHints":{"allow":["GET"]}}],"collection":[{"href":"https:\/\/v2charge.com\/pt-pt\/wp-json\/wp\/v2\/pages"}],"about":[{"href":"https:\/\/v2charge.com\/pt-pt\/wp-json\/wp\/v2\/types\/page"}],"author":[{"embeddable":true,"href":"https:\/\/v2charge.com\/pt-pt\/wp-json\/wp\/v2\/users\/400"}],"replies":[{"embeddable":true,"href":"https:\/\/v2charge.com\/pt-pt\/wp-json\/wp\/v2\/comments?post=109661"}],"version-history":[{"count":0,"href":"https:\/\/v2charge.com\/pt-pt\/wp-json\/wp\/v2\/pages\/109661\/revisions"}],"wp:featuredmedia":[{"embeddable":true,"href":"https:\/\/v2charge.com\/pt-pt\/wp-json\/wp\/v2\/media\/170353"}],"wp:attachment":[{"href":"https:\/\/v2charge.com\/pt-pt\/wp-json\/wp\/v2\/media?parent=109661"}],"curies":[{"name":"wp","href":"https:\/\/api.w.org\/{rel}","templated":true}]}}