{"id":109717,"date":"2023-07-11T06:51:01","date_gmt":"2023-07-11T06:51:01","guid":{"rendered":"https:\/\/v2charge.com\/?page_id=109717"},"modified":"2023-07-19T09:23:46","modified_gmt":"2023-07-19T09:23:46","slug":"como-e-que-sei-se-o-meu-ponto-de-carregamento-esta-ligado-a-internet","status":"publish","type":"page","link":"https:\/\/v2charge.com\/pt-pt\/como-e-que-sei-se-o-meu-ponto-de-carregamento-esta-ligado-a-internet\/","title":{"rendered":"Como \u00e9 que sei se o meu ponto de carregamento est\u00e1 ligado \u00e0 Internet?"},"content":{"rendered":"<div style=\"height:60px\" aria-hidden=\"true\" class=\"wp-block-spacer\"><\/div>\n<h1>Como \u00e9 que sei se o meu ponto de carregamento est\u00e1 ligado \u00e0 Internet?<\/h1>\n<p>Para saber, atrav\u00e9s do seu s\u00edtio Web ou aplica\u00e7\u00e3o, se o seu ponto de carregamento est\u00e1 ligado \u00e0 Internet, encontrar\u00e1 a informa\u00e7\u00e3o diretamente na sua p\u00e1gina inicial atrav\u00e9s do sinal de onda abaixo.<\/p>\n<h2>Atrav\u00e9s da APP:<\/h2>\n<p>Ondas no ponto de recarga.<\/p>\n<p><img decoding=\"async\" src=\"https:\/\/v2charge.com\/wp-content\/uploads\/2022\/12\/v2c-internet-bluetooth-2-731x1024.jpg\" alt=\"Conexiones WiFi\" width=\"366\" height=\"512\"><\/p>\n<p>Se aceder ao ponto de carregamento atrav\u00e9s da aplica\u00e7\u00e3o e n\u00e3o tiver liga\u00e7\u00e3o Bluetooth ou Wifi, aparece o seguinte ecr\u00e3.<\/p>\n<p><img decoding=\"async\" src=\"https:\/\/v2charge.com\/wp-content\/uploads\/2022\/12\/app-sin-conexion-731x1024.jpg\" alt=\"app sin conexi\u00f3n wifi bluetooth\" class=\"wp-image-90779\" width=\"366\" height=\"512\" srcset=\"https:\/\/v2charge.com\/wp-content\/uploads\/2022\/12\/app-sin-conexion-731x1024.jpg 731w, https:\/\/v2charge.com\/wp-content\/uploads\/2022\/12\/app-sin-conexion-214x300.jpg 214w, https:\/\/v2charge.com\/wp-content\/uploads\/2022\/12\/app-sin-conexion-768x1075.jpg 768w, https:\/\/v2charge.com\/wp-content\/uploads\/2022\/12\/app-sin-conexion-1097x1536.jpg 1097w, https:\/\/v2charge.com\/wp-content\/uploads\/2022\/12\/app-sin-conexion.jpg 1385w\" sizes=\"(max-width: 366px) 100vw, 366px\" \/><figcaption class=\"wp-element-caption\">Ponto de carregamento offline<\/figcaption><h2>Atrav\u00e9s do computador:<\/h2>\n<p>No s\u00edtio Web <a href=\"http:\/\/www.v2c.cloud\/\" title=\"v2c cloud\">www.v2c.cloud<\/a>, introduza o carregador e, se estiver offline, ver\u00e1 a imagem abaixo:<\/p>\n<p><img decoding=\"async\" src=\"https:\/\/v2charge.com\/wp-content\/uploads\/2022\/12\/potencia-energia-v2c-1024x819.jpg\" alt=\"Potencia de carga V2C\" class=\"wp-image-90787\" width=\"768\" height=\"614\" srcset=\"https:\/\/v2charge.com\/wp-content\/uploads\/2022\/12\/potencia-energia-v2c-1024x819.jpg 1024w, https:\/\/v2charge.com\/wp-content\/uploads\/2022\/12\/potencia-energia-v2c-300x240.jpg 300w, https:\/\/v2charge.com\/wp-content\/uploads\/2022\/12\/potencia-energia-v2c-768x614.jpg 768w, https:\/\/v2charge.com\/wp-content\/uploads\/2022\/12\/potencia-energia-v2c-1536x1229.jpg 1536w, https:\/\/v2charge.com\/wp-content\/uploads\/2022\/12\/potencia-energia-v2c-2048x1638.jpg 2048w\" sizes=\"(max-width: 768px) 100vw, 768px\" \/><figcaption class=\"wp-element-caption\">Equipamento Sem liga\u00e7\u00e3o<\/figcaption><div style=\"height:60px\" aria-hidden=\"true\" class=\"wp-block-spacer\"><\/div>\n","protected":false},"excerpt":{"rendered":"<p>Como \u00e9 que sei se o meu ponto de carregamento est\u00e1 ligado \u00e0 Internet? Para saber, atrav\u00e9s do seu s\u00edtio Web ou aplica\u00e7\u00e3o, se o seu ponto de carregamento est\u00e1 ligado \u00e0 Internet, encontrar\u00e1 a informa\u00e7\u00e3o diretamente na sua p\u00e1gina inicial atrav\u00e9s do sinal de onda abaixo. Atrav\u00e9s da APP: Ondas no ponto de recarga. &#8230; <a title=\"Como \u00e9 que sei se o meu ponto de carregamento est\u00e1 ligado \u00e0 Internet?\" class=\"read-more\" href=\"https:\/\/v2charge.com\/pt-pt\/como-e-que-sei-se-o-meu-ponto-de-carregamento-esta-ligado-a-internet\/\" aria-label=\"Leia mais sobre Como \u00e9 que sei se o meu ponto de carregamento est\u00e1 ligado \u00e0 Internet?\">Ler mais<\/a><\/p>\n","protected":false},"author":400,"featured_media":170353,"parent":0,"menu_order":0,"comment_status":"closed","ping_status":"closed","template":"","meta":{"_eb_attr":"","content-type":"","_uag_custom_page_level_css":"","footnotes":""},"class_list":["post-109717","page","type-page","status-publish","has-post-thumbnail"],"yoast_head":"<!-- This site is optimized with the Yoast SEO plugin v25.3.1 - https:\/\/yoast.com\/wordpress\/plugins\/seo\/ -->\n<title>Como saber se o seu carregador V2C est\u00e1 ligado \u00e0 Internet | V2C<\/title>\n<meta name=\"description\" content=\"Explicamos como saber se o seu ponto de carregamento V2C est\u00e1 ou n\u00e3o ligado \u00e0 Internet atrav\u00e9s da aplica\u00e7\u00e3o V2C Cloud ou do seu computador.\" \/>\n<meta name=\"robots\" content=\"index, follow, max-snippet:-1, max-image-preview:large, max-video-preview:-1\" \/>\n<link rel=\"canonical\" href=\"https:\/\/v2charge.com\/pt-pt\/como-e-que-sei-se-o-meu-ponto-de-carregamento-esta-ligado-a-internet\/\" \/>\n<meta property=\"og:locale\" content=\"pt_PT\" \/>\n<meta property=\"og:type\" content=\"article\" \/>\n<meta property=\"og:title\" content=\"Como saber se o seu carregador V2C est\u00e1 ligado \u00e0 Internet | V2C\" \/>\n<meta property=\"og:description\" content=\"Explicamos como saber se o seu ponto de carregamento V2C est\u00e1 ou n\u00e3o ligado \u00e0 Internet atrav\u00e9s da aplica\u00e7\u00e3o V2C Cloud ou do seu computador.\" \/>\n<meta property=\"og:url\" content=\"https:\/\/v2charge.com\/pt-pt\/como-e-que-sei-se-o-meu-ponto-de-carregamento-esta-ligado-a-internet\/\" \/>\n<meta property=\"og:site_name\" content=\"V2C\" \/>\n<meta property=\"article:publisher\" content=\"https:\/\/www.facebook.com\/V2C.Charge\" \/>\n<meta property=\"article:modified_time\" content=\"2023-07-19T09:23:46+00:00\" \/>\n<meta property=\"og:image\" content=\"https:\/\/v2charge.com\/wp-content\/uploads\/2022\/12\/v2c-internet-bluetooth-2-731x1024.jpg\" \/>\n<meta name=\"twitter:card\" content=\"summary_large_image\" \/>\n<meta name=\"twitter:site\" content=\"@V2C_Charge\" \/>\n<meta name=\"twitter:label1\" content=\"Tempo estimado de leitura\" \/>\n\t<meta name=\"twitter:data1\" content=\"2 minutos\" \/>\n<script type=\"application\/ld+json\" class=\"yoast-schema-graph\">{\"@context\":\"https:\/\/schema.org\",\"@graph\":[{\"@type\":\"WebPage\",\"@id\":\"https:\/\/v2charge.com\/pt-pt\/como-e-que-sei-se-o-meu-ponto-de-carregamento-esta-ligado-a-internet\/\",\"url\":\"https:\/\/v2charge.com\/pt-pt\/como-e-que-sei-se-o-meu-ponto-de-carregamento-esta-ligado-a-internet\/\",\"name\":\"Como saber se o seu carregador V2C est\u00e1 ligado \u00e0 Internet | V2C\",\"isPartOf\":{\"@id\":\"https:\/\/v2charge.com\/pt-pt\/#website\"},\"primaryImageOfPage\":{\"@id\":\"https:\/\/v2charge.com\/pt-pt\/como-e-que-sei-se-o-meu-ponto-de-carregamento-esta-ligado-a-internet\/#primaryimage\"},\"image\":{\"@id\":\"https:\/\/v2charge.com\/pt-pt\/como-e-que-sei-se-o-meu-ponto-de-carregamento-esta-ligado-a-internet\/#primaryimage\"},\"thumbnailUrl\":\"https:\/\/v2charge.com\/wp-content\/uploads\/2024\/07\/v2c-electric-chargers.jpg\",\"datePublished\":\"2023-07-11T06:51:01+00:00\",\"dateModified\":\"2023-07-19T09:23:46+00:00\",\"description\":\"Explicamos como saber se o seu ponto de carregamento V2C est\u00e1 ou n\u00e3o ligado \u00e0 Internet atrav\u00e9s da aplica\u00e7\u00e3o V2C Cloud ou do seu computador.\",\"breadcrumb\":{\"@id\":\"https:\/\/v2charge.com\/pt-pt\/como-e-que-sei-se-o-meu-ponto-de-carregamento-esta-ligado-a-internet\/#breadcrumb\"},\"inLanguage\":\"pt-PT\",\"potentialAction\":[{\"@type\":\"ReadAction\",\"target\":[\"https:\/\/v2charge.com\/pt-pt\/como-e-que-sei-se-o-meu-ponto-de-carregamento-esta-ligado-a-internet\/\"]}]},{\"@type\":\"ImageObject\",\"inLanguage\":\"pt-PT\",\"@id\":\"https:\/\/v2charge.com\/pt-pt\/como-e-que-sei-se-o-meu-ponto-de-carregamento-esta-ligado-a-internet\/#primaryimage\",\"url\":\"https:\/\/v2charge.com\/wp-content\/uploads\/2024\/07\/v2c-electric-chargers.jpg\",\"contentUrl\":\"https:\/\/v2charge.com\/wp-content\/uploads\/2024\/07\/v2c-electric-chargers.jpg\",\"width\":1200,\"height\":675,\"caption\":\"V2C Electric Chargers\"},{\"@type\":\"BreadcrumbList\",\"@id\":\"https:\/\/v2charge.com\/pt-pt\/como-e-que-sei-se-o-meu-ponto-de-carregamento-esta-ligado-a-internet\/#breadcrumb\",\"itemListElement\":[{\"@type\":\"ListItem\",\"position\":1,\"name\":\"V2C\",\"item\":\"https:\/\/v2charge.com\/pt-pt\/\"},{\"@type\":\"ListItem\",\"position\":2,\"name\":\"Como \u00e9 que sei se o meu ponto de carregamento est\u00e1 ligado \u00e0 Internet?\"}]},{\"@type\":\"WebSite\",\"@id\":\"https:\/\/v2charge.com\/pt-pt\/#website\",\"url\":\"https:\/\/v2charge.com\/pt-pt\/\",\"name\":\"V2C\",\"description\":\"#CargandoElMa\u00f1ana\",\"publisher\":{\"@id\":\"https:\/\/v2charge.com\/pt-pt\/#organization\"},\"potentialAction\":[{\"@type\":\"SearchAction\",\"target\":{\"@type\":\"EntryPoint\",\"urlTemplate\":\"https:\/\/v2charge.com\/pt-pt\/?s={search_term_string}\"},\"query-input\":{\"@type\":\"PropertyValueSpecification\",\"valueRequired\":true,\"valueName\":\"search_term_string\"}}],\"inLanguage\":\"pt-PT\"},{\"@type\":\"Organization\",\"@id\":\"https:\/\/v2charge.com\/pt-pt\/#organization\",\"name\":\"V2C\",\"url\":\"https:\/\/v2charge.com\/pt-pt\/\",\"logo\":{\"@type\":\"ImageObject\",\"inLanguage\":\"pt-PT\",\"@id\":\"https:\/\/v2charge.com\/pt-pt\/#\/schema\/logo\/image\/\",\"url\":\"https:\/\/v2charge.com\/wp-content\/uploads\/2024\/11\/cropped-v2c-charge-logo-menu.png\",\"contentUrl\":\"https:\/\/v2charge.com\/wp-content\/uploads\/2024\/11\/cropped-v2c-charge-logo-menu.png\",\"width\":984,\"height\":431,\"caption\":\"V2C\"},\"image\":{\"@id\":\"https:\/\/v2charge.com\/pt-pt\/#\/schema\/logo\/image\/\"},\"sameAs\":[\"https:\/\/www.facebook.com\/V2C.Charge\",\"https:\/\/x.com\/V2C_Charge\",\"https:\/\/www.instagram.com\/v2c.charge\/\",\"https:\/\/www.youtube.com\/@V2C\",\"https:\/\/www.linkedin.com\/company\/v2c-chargers\/\"]}]}<\/script>\n<!-- \/ Yoast SEO plugin. -->","yoast_head_json":{"title":"Como saber se o seu carregador V2C est\u00e1 ligado \u00e0 Internet | V2C","description":"Explicamos como saber se o seu ponto de carregamento V2C est\u00e1 ou n\u00e3o ligado \u00e0 Internet atrav\u00e9s da aplica\u00e7\u00e3o V2C Cloud ou do seu computador.","robots":{"index":"index","follow":"follow","max-snippet":"max-snippet:-1","max-image-preview":"max-image-preview:large","max-video-preview":"max-video-preview:-1"},"canonical":"https:\/\/v2charge.com\/pt-pt\/como-e-que-sei-se-o-meu-ponto-de-carregamento-esta-ligado-a-internet\/","og_locale":"pt_PT","og_type":"article","og_title":"Como saber se o seu carregador V2C est\u00e1 ligado \u00e0 Internet | V2C","og_description":"Explicamos como saber se o seu ponto de carregamento V2C est\u00e1 ou n\u00e3o ligado \u00e0 Internet atrav\u00e9s da aplica\u00e7\u00e3o V2C Cloud ou do seu computador.","og_url":"https:\/\/v2charge.com\/pt-pt\/como-e-que-sei-se-o-meu-ponto-de-carregamento-esta-ligado-a-internet\/","og_site_name":"V2C","article_publisher":"https:\/\/www.facebook.com\/V2C.Charge","article_modified_time":"2023-07-19T09:23:46+00:00","og_image":[{"url":"https:\/\/v2charge.com\/wp-content\/uploads\/2022\/12\/v2c-internet-bluetooth-2-731x1024.jpg","type":"","width":"","height":""}],"twitter_card":"summary_large_image","twitter_site":"@V2C_Charge","twitter_misc":{"Tempo estimado de leitura":"2 minutos"},"schema":{"@context":"https:\/\/schema.org","@graph":[{"@type":"WebPage","@id":"https:\/\/v2charge.com\/pt-pt\/como-e-que-sei-se-o-meu-ponto-de-carregamento-esta-ligado-a-internet\/","url":"https:\/\/v2charge.com\/pt-pt\/como-e-que-sei-se-o-meu-ponto-de-carregamento-esta-ligado-a-internet\/","name":"Como saber se o seu carregador V2C est\u00e1 ligado \u00e0 Internet | V2C","isPartOf":{"@id":"https:\/\/v2charge.com\/pt-pt\/#website"},"primaryImageOfPage":{"@id":"https:\/\/v2charge.com\/pt-pt\/como-e-que-sei-se-o-meu-ponto-de-carregamento-esta-ligado-a-internet\/#primaryimage"},"image":{"@id":"https:\/\/v2charge.com\/pt-pt\/como-e-que-sei-se-o-meu-ponto-de-carregamento-esta-ligado-a-internet\/#primaryimage"},"thumbnailUrl":"https:\/\/v2charge.com\/wp-content\/uploads\/2024\/07\/v2c-electric-chargers.jpg","datePublished":"2023-07-11T06:51:01+00:00","dateModified":"2023-07-19T09:23:46+00:00","description":"Explicamos como saber se o seu ponto de carregamento V2C est\u00e1 ou n\u00e3o ligado \u00e0 Internet atrav\u00e9s da aplica\u00e7\u00e3o V2C Cloud ou do seu computador.","breadcrumb":{"@id":"https:\/\/v2charge.com\/pt-pt\/como-e-que-sei-se-o-meu-ponto-de-carregamento-esta-ligado-a-internet\/#breadcrumb"},"inLanguage":"pt-PT","potentialAction":[{"@type":"ReadAction","target":["https:\/\/v2charge.com\/pt-pt\/como-e-que-sei-se-o-meu-ponto-de-carregamento-esta-ligado-a-internet\/"]}]},{"@type":"ImageObject","inLanguage":"pt-PT","@id":"https:\/\/v2charge.com\/pt-pt\/como-e-que-sei-se-o-meu-ponto-de-carregamento-esta-ligado-a-internet\/#primaryimage","url":"https:\/\/v2charge.com\/wp-content\/uploads\/2024\/07\/v2c-electric-chargers.jpg","contentUrl":"https:\/\/v2charge.com\/wp-content\/uploads\/2024\/07\/v2c-electric-chargers.jpg","width":1200,"height":675,"caption":"V2C Electric Chargers"},{"@type":"BreadcrumbList","@id":"https:\/\/v2charge.com\/pt-pt\/como-e-que-sei-se-o-meu-ponto-de-carregamento-esta-ligado-a-internet\/#breadcrumb","itemListElement":[{"@type":"ListItem","position":1,"name":"V2C","item":"https:\/\/v2charge.com\/pt-pt\/"},{"@type":"ListItem","position":2,"name":"Como \u00e9 que sei se o meu ponto de carregamento est\u00e1 ligado \u00e0 Internet?"}]},{"@type":"WebSite","@id":"https:\/\/v2charge.com\/pt-pt\/#website","url":"https:\/\/v2charge.com\/pt-pt\/","name":"V2C","description":"#CargandoElMa\u00f1ana","publisher":{"@id":"https:\/\/v2charge.com\/pt-pt\/#organization"},"potentialAction":[{"@type":"SearchAction","target":{"@type":"EntryPoint","urlTemplate":"https:\/\/v2charge.com\/pt-pt\/?s={search_term_string}"},"query-input":{"@type":"PropertyValueSpecification","valueRequired":true,"valueName":"search_term_string"}}],"inLanguage":"pt-PT"},{"@type":"Organization","@id":"https:\/\/v2charge.com\/pt-pt\/#organization","name":"V2C","url":"https:\/\/v2charge.com\/pt-pt\/","logo":{"@type":"ImageObject","inLanguage":"pt-PT","@id":"https:\/\/v2charge.com\/pt-pt\/#\/schema\/logo\/image\/","url":"https:\/\/v2charge.com\/wp-content\/uploads\/2024\/11\/cropped-v2c-charge-logo-menu.png","contentUrl":"https:\/\/v2charge.com\/wp-content\/uploads\/2024\/11\/cropped-v2c-charge-logo-menu.png","width":984,"height":431,"caption":"V2C"},"image":{"@id":"https:\/\/v2charge.com\/pt-pt\/#\/schema\/logo\/image\/"},"sameAs":["https:\/\/www.facebook.com\/V2C.Charge","https:\/\/x.com\/V2C_Charge","https:\/\/www.instagram.com\/v2c.charge\/","https:\/\/www.youtube.com\/@V2C","https:\/\/www.linkedin.com\/company\/v2c-chargers\/"]}]}},"uagb_featured_image_src":{"full":["https:\/\/v2charge.com\/wp-content\/uploads\/2024\/07\/v2c-electric-chargers.jpg",1200,675,false],"thumbnail":["https:\/\/v2charge.com\/wp-content\/uploads\/2024\/07\/v2c-electric-chargers-150x150.jpg",150,150,true],"medium":["https:\/\/v2charge.com\/wp-content\/uploads\/2024\/07\/v2c-electric-chargers-300x169.jpg",300,169,true],"medium_large":["https:\/\/v2charge.com\/wp-content\/uploads\/2024\/07\/v2c-electric-chargers-768x432.jpg",768,432,true],"large":["https:\/\/v2charge.com\/wp-content\/uploads\/2024\/07\/v2c-electric-chargers-1024x576.jpg",1024,576,true],"gs-tiny":["https:\/\/v2charge.com\/wp-content\/uploads\/2024\/07\/v2c-electric-chargers.jpg",50,28,false],"xl":["https:\/\/v2charge.com\/wp-content\/uploads\/2024\/07\/v2c-electric-chargers.jpg",1200,675,false],"xxl":["https:\/\/v2charge.com\/wp-content\/uploads\/2024\/07\/v2c-electric-chargers.jpg",1200,675,false],"xxxl":["https:\/\/v2charge.com\/wp-content\/uploads\/2024\/07\/v2c-electric-chargers.jpg",1200,675,false],"xxxxl":["https:\/\/v2charge.com\/wp-content\/uploads\/2024\/07\/v2c-electric-chargers.jpg",1200,675,false],"xxxxxl":["https:\/\/v2charge.com\/wp-content\/uploads\/2024\/07\/v2c-electric-chargers.jpg",1200,675,false],"1536x1536":["https:\/\/v2charge.com\/wp-content\/uploads\/2024\/07\/v2c-electric-chargers.jpg",1200,675,false],"2048x2048":["https:\/\/v2charge.com\/wp-content\/uploads\/2024\/07\/v2c-electric-chargers.jpg",1200,675,false]},"uagb_author_info":{"display_name":"V2C","author_link":"https:\/\/v2charge.com\/pt-pt\/author\/marketing\/"},"uagb_comment_info":0,"uagb_excerpt":"Como \u00e9 que sei se o meu ponto de carregamento est\u00e1 ligado \u00e0 Internet? Para saber, atrav\u00e9s do seu s\u00edtio Web ou aplica\u00e7\u00e3o, se o seu ponto de carregamento est\u00e1 ligado \u00e0 Internet, encontrar\u00e1 a informa\u00e7\u00e3o diretamente na sua p\u00e1gina inicial atrav\u00e9s do sinal de onda abaixo. Atrav\u00e9s da APP: Ondas no ponto de recarga.&hellip;","_links":{"self":[{"href":"https:\/\/v2charge.com\/pt-pt\/wp-json\/wp\/v2\/pages\/109717","targetHints":{"allow":["GET"]}}],"collection":[{"href":"https:\/\/v2charge.com\/pt-pt\/wp-json\/wp\/v2\/pages"}],"about":[{"href":"https:\/\/v2charge.com\/pt-pt\/wp-json\/wp\/v2\/types\/page"}],"author":[{"embeddable":true,"href":"https:\/\/v2charge.com\/pt-pt\/wp-json\/wp\/v2\/users\/400"}],"replies":[{"embeddable":true,"href":"https:\/\/v2charge.com\/pt-pt\/wp-json\/wp\/v2\/comments?post=109717"}],"version-history":[{"count":0,"href":"https:\/\/v2charge.com\/pt-pt\/wp-json\/wp\/v2\/pages\/109717\/revisions"}],"wp:featuredmedia":[{"embeddable":true,"href":"https:\/\/v2charge.com\/pt-pt\/wp-json\/wp\/v2\/media\/170353"}],"wp:attachment":[{"href":"https:\/\/v2charge.com\/pt-pt\/wp-json\/wp\/v2\/media?parent=109717"}],"curies":[{"name":"wp","href":"https:\/\/api.w.org\/{rel}","templated":true}]}}