{"id":110045,"date":"2023-07-11T11:30:50","date_gmt":"2023-07-11T11:30:50","guid":{"rendered":"https:\/\/v2charge.com\/?page_id=110045"},"modified":"2023-08-10T13:41:41","modified_gmt":"2023-08-10T13:41:41","slug":"porque-e-que-o-meu-ponto-de-carregamento-diminui-a-potencia-de-carregamento-durante-o-ultimo-minuto-de-carregamento","status":"publish","type":"page","link":"https:\/\/v2charge.com\/pt-pt\/porque-e-que-o-meu-ponto-de-carregamento-diminui-a-potencia-de-carregamento-durante-o-ultimo-minuto-de-carregamento\/","title":{"rendered":"Porque \u00e9 que o meu ponto de carregamento diminui a pot\u00eancia de carregamento durante o \u00faltimo minuto de carregamento?"},"content":{"rendered":"\n<p>Para prolongar o mais poss\u00edvel a vida \u00fatil do seu carregador, evitamos a forma\u00e7\u00e3o de arcos de contacto com a maior frequ\u00eancia poss\u00edvel. \u00c9 por isso que, quando sabemos que o carregamento est\u00e1 prestes a terminar, reduzimos a pot\u00eancia de carregamento ao m\u00e1ximo, evitando a forma\u00e7\u00e3o de arcos na abertura do carregador.<\/p>\n\n\n\n<div style=\"height:60px\" aria-hidden=\"true\" class=\"wp-block-spacer\"><\/div>\n","protected":false},"excerpt":{"rendered":"<p>Para prolongar o mais poss\u00edvel a vida \u00fatil do seu carregador, evitamos a forma\u00e7\u00e3o de arcos de contacto com a maior frequ\u00eancia poss\u00edvel. \u00c9 por isso que, quando sabemos que o carregamento est\u00e1 prestes a terminar, reduzimos a pot\u00eancia de carregamento ao m\u00e1ximo, evitando a forma\u00e7\u00e3o de arcos na abertura do carregador.<\/p>\n","protected":false},"author":400,"featured_media":0,"parent":0,"menu_order":0,"comment_status":"closed","ping_status":"closed","template":"","meta":{"_eb_attr":"","content-type":"","_uag_custom_page_level_css":"","footnotes":""},"class_list":["post-110045","page","type-page","status-publish"],"yoast_head":"<!-- This site is optimized with the Yoast SEO plugin v25.3.1 - https:\/\/yoast.com\/wordpress\/plugins\/seo\/ -->\n<title>Diminui\u00e7\u00e3o da pot\u00eancia de carga no \u00faltimo minuto - porqu\u00ea? | V2C<\/title>\n<meta name=\"description\" content=\"Explicamos porque \u00e9 que o seu ponto de carregamento baixa de pot\u00eancia durante o \u00faltimo minuto de carregamento: uma forma de prolongar a vida do carregador.\" \/>\n<meta name=\"robots\" content=\"index, follow, max-snippet:-1, max-image-preview:large, max-video-preview:-1\" \/>\n<link rel=\"canonical\" href=\"https:\/\/v2charge.com\/pt-pt\/porque-e-que-o-meu-ponto-de-carregamento-diminui-a-potencia-de-carregamento-durante-o-ultimo-minuto-de-carregamento\/\" \/>\n<meta property=\"og:locale\" content=\"pt_PT\" \/>\n<meta property=\"og:type\" content=\"article\" \/>\n<meta property=\"og:title\" content=\"Diminui\u00e7\u00e3o da pot\u00eancia de carga no \u00faltimo minuto - porqu\u00ea? | V2C\" \/>\n<meta property=\"og:description\" content=\"Explicamos porque \u00e9 que o seu ponto de carregamento baixa de pot\u00eancia durante o \u00faltimo minuto de carregamento: uma forma de prolongar a vida do carregador.\" \/>\n<meta property=\"og:url\" content=\"https:\/\/v2charge.com\/pt-pt\/porque-e-que-o-meu-ponto-de-carregamento-diminui-a-potencia-de-carregamento-durante-o-ultimo-minuto-de-carregamento\/\" \/>\n<meta property=\"og:site_name\" content=\"V2C\" \/>\n<meta property=\"article:publisher\" content=\"https:\/\/www.facebook.com\/V2C.Charge\" \/>\n<meta property=\"article:modified_time\" content=\"2023-08-10T13:41:41+00:00\" \/>\n<meta property=\"og:image\" content=\"https:\/\/v2charge.com\/wp-content\/uploads\/2024\/07\/v2c-electric-chargers.jpg\" \/>\n\t<meta property=\"og:image:width\" content=\"1200\" \/>\n\t<meta property=\"og:image:height\" content=\"675\" \/>\n\t<meta property=\"og:image:type\" content=\"image\/jpeg\" \/>\n<meta name=\"twitter:card\" content=\"summary_large_image\" \/>\n<meta name=\"twitter:site\" content=\"@V2C_Charge\" \/>\n<meta name=\"twitter:label1\" content=\"Tempo estimado de leitura\" \/>\n\t<meta name=\"twitter:data1\" content=\"1 minuto\" \/>\n<script type=\"application\/ld+json\" class=\"yoast-schema-graph\">{\"@context\":\"https:\/\/schema.org\",\"@graph\":[{\"@type\":\"WebPage\",\"@id\":\"https:\/\/v2charge.com\/pt-pt\/porque-e-que-o-meu-ponto-de-carregamento-diminui-a-potencia-de-carregamento-durante-o-ultimo-minuto-de-carregamento\/\",\"url\":\"https:\/\/v2charge.com\/pt-pt\/porque-e-que-o-meu-ponto-de-carregamento-diminui-a-potencia-de-carregamento-durante-o-ultimo-minuto-de-carregamento\/\",\"name\":\"Diminui\u00e7\u00e3o da pot\u00eancia de carga no \u00faltimo minuto - porqu\u00ea? | V2C\",\"isPartOf\":{\"@id\":\"https:\/\/v2charge.com\/pt-pt\/#website\"},\"datePublished\":\"2023-07-11T11:30:50+00:00\",\"dateModified\":\"2023-08-10T13:41:41+00:00\",\"description\":\"Explicamos porque \u00e9 que o seu ponto de carregamento baixa de pot\u00eancia durante o \u00faltimo minuto de carregamento: uma forma de prolongar a vida do carregador.\",\"breadcrumb\":{\"@id\":\"https:\/\/v2charge.com\/pt-pt\/porque-e-que-o-meu-ponto-de-carregamento-diminui-a-potencia-de-carregamento-durante-o-ultimo-minuto-de-carregamento\/#breadcrumb\"},\"inLanguage\":\"pt-PT\",\"potentialAction\":[{\"@type\":\"ReadAction\",\"target\":[\"https:\/\/v2charge.com\/pt-pt\/porque-e-que-o-meu-ponto-de-carregamento-diminui-a-potencia-de-carregamento-durante-o-ultimo-minuto-de-carregamento\/\"]}]},{\"@type\":\"BreadcrumbList\",\"@id\":\"https:\/\/v2charge.com\/pt-pt\/porque-e-que-o-meu-ponto-de-carregamento-diminui-a-potencia-de-carregamento-durante-o-ultimo-minuto-de-carregamento\/#breadcrumb\",\"itemListElement\":[{\"@type\":\"ListItem\",\"position\":1,\"name\":\"V2C\",\"item\":\"https:\/\/v2charge.com\/pt-pt\/\"},{\"@type\":\"ListItem\",\"position\":2,\"name\":\"Porque \u00e9 que o meu ponto de carregamento diminui a pot\u00eancia de carregamento durante o \u00faltimo minuto de carregamento?\"}]},{\"@type\":\"WebSite\",\"@id\":\"https:\/\/v2charge.com\/pt-pt\/#website\",\"url\":\"https:\/\/v2charge.com\/pt-pt\/\",\"name\":\"V2C\",\"description\":\"#CargandoElMa\u00f1ana\",\"publisher\":{\"@id\":\"https:\/\/v2charge.com\/pt-pt\/#organization\"},\"potentialAction\":[{\"@type\":\"SearchAction\",\"target\":{\"@type\":\"EntryPoint\",\"urlTemplate\":\"https:\/\/v2charge.com\/pt-pt\/?s={search_term_string}\"},\"query-input\":{\"@type\":\"PropertyValueSpecification\",\"valueRequired\":true,\"valueName\":\"search_term_string\"}}],\"inLanguage\":\"pt-PT\"},{\"@type\":\"Organization\",\"@id\":\"https:\/\/v2charge.com\/pt-pt\/#organization\",\"name\":\"V2C\",\"url\":\"https:\/\/v2charge.com\/pt-pt\/\",\"logo\":{\"@type\":\"ImageObject\",\"inLanguage\":\"pt-PT\",\"@id\":\"https:\/\/v2charge.com\/pt-pt\/#\/schema\/logo\/image\/\",\"url\":\"https:\/\/v2charge.com\/wp-content\/uploads\/2024\/11\/cropped-v2c-charge-logo-menu.png\",\"contentUrl\":\"https:\/\/v2charge.com\/wp-content\/uploads\/2024\/11\/cropped-v2c-charge-logo-menu.png\",\"width\":984,\"height\":431,\"caption\":\"V2C\"},\"image\":{\"@id\":\"https:\/\/v2charge.com\/pt-pt\/#\/schema\/logo\/image\/\"},\"sameAs\":[\"https:\/\/www.facebook.com\/V2C.Charge\",\"https:\/\/x.com\/V2C_Charge\",\"https:\/\/www.instagram.com\/v2c.charge\/\",\"https:\/\/www.youtube.com\/@V2C\",\"https:\/\/www.linkedin.com\/company\/v2c-chargers\/\"]}]}<\/script>\n<!-- \/ Yoast SEO plugin. -->","yoast_head_json":{"title":"Diminui\u00e7\u00e3o da pot\u00eancia de carga no \u00faltimo minuto - porqu\u00ea? | V2C","description":"Explicamos porque \u00e9 que o seu ponto de carregamento baixa de pot\u00eancia durante o \u00faltimo minuto de carregamento: uma forma de prolongar a vida do carregador.","robots":{"index":"index","follow":"follow","max-snippet":"max-snippet:-1","max-image-preview":"max-image-preview:large","max-video-preview":"max-video-preview:-1"},"canonical":"https:\/\/v2charge.com\/pt-pt\/porque-e-que-o-meu-ponto-de-carregamento-diminui-a-potencia-de-carregamento-durante-o-ultimo-minuto-de-carregamento\/","og_locale":"pt_PT","og_type":"article","og_title":"Diminui\u00e7\u00e3o da pot\u00eancia de carga no \u00faltimo minuto - porqu\u00ea? | V2C","og_description":"Explicamos porque \u00e9 que o seu ponto de carregamento baixa de pot\u00eancia durante o \u00faltimo minuto de carregamento: uma forma de prolongar a vida do carregador.","og_url":"https:\/\/v2charge.com\/pt-pt\/porque-e-que-o-meu-ponto-de-carregamento-diminui-a-potencia-de-carregamento-durante-o-ultimo-minuto-de-carregamento\/","og_site_name":"V2C","article_publisher":"https:\/\/www.facebook.com\/V2C.Charge","article_modified_time":"2023-08-10T13:41:41+00:00","og_image":[{"width":1200,"height":675,"url":"https:\/\/v2charge.com\/wp-content\/uploads\/2024\/07\/v2c-electric-chargers.jpg","type":"image\/jpeg"}],"twitter_card":"summary_large_image","twitter_site":"@V2C_Charge","twitter_misc":{"Tempo estimado de leitura":"1 minuto"},"schema":{"@context":"https:\/\/schema.org","@graph":[{"@type":"WebPage","@id":"https:\/\/v2charge.com\/pt-pt\/porque-e-que-o-meu-ponto-de-carregamento-diminui-a-potencia-de-carregamento-durante-o-ultimo-minuto-de-carregamento\/","url":"https:\/\/v2charge.com\/pt-pt\/porque-e-que-o-meu-ponto-de-carregamento-diminui-a-potencia-de-carregamento-durante-o-ultimo-minuto-de-carregamento\/","name":"Diminui\u00e7\u00e3o da pot\u00eancia de carga no \u00faltimo minuto - porqu\u00ea? | V2C","isPartOf":{"@id":"https:\/\/v2charge.com\/pt-pt\/#website"},"datePublished":"2023-07-11T11:30:50+00:00","dateModified":"2023-08-10T13:41:41+00:00","description":"Explicamos porque \u00e9 que o seu ponto de carregamento baixa de pot\u00eancia durante o \u00faltimo minuto de carregamento: uma forma de prolongar a vida do carregador.","breadcrumb":{"@id":"https:\/\/v2charge.com\/pt-pt\/porque-e-que-o-meu-ponto-de-carregamento-diminui-a-potencia-de-carregamento-durante-o-ultimo-minuto-de-carregamento\/#breadcrumb"},"inLanguage":"pt-PT","potentialAction":[{"@type":"ReadAction","target":["https:\/\/v2charge.com\/pt-pt\/porque-e-que-o-meu-ponto-de-carregamento-diminui-a-potencia-de-carregamento-durante-o-ultimo-minuto-de-carregamento\/"]}]},{"@type":"BreadcrumbList","@id":"https:\/\/v2charge.com\/pt-pt\/porque-e-que-o-meu-ponto-de-carregamento-diminui-a-potencia-de-carregamento-durante-o-ultimo-minuto-de-carregamento\/#breadcrumb","itemListElement":[{"@type":"ListItem","position":1,"name":"V2C","item":"https:\/\/v2charge.com\/pt-pt\/"},{"@type":"ListItem","position":2,"name":"Porque \u00e9 que o meu ponto de carregamento diminui a pot\u00eancia de carregamento durante o \u00faltimo minuto de carregamento?"}]},{"@type":"WebSite","@id":"https:\/\/v2charge.com\/pt-pt\/#website","url":"https:\/\/v2charge.com\/pt-pt\/","name":"V2C","description":"#CargandoElMa\u00f1ana","publisher":{"@id":"https:\/\/v2charge.com\/pt-pt\/#organization"},"potentialAction":[{"@type":"SearchAction","target":{"@type":"EntryPoint","urlTemplate":"https:\/\/v2charge.com\/pt-pt\/?s={search_term_string}"},"query-input":{"@type":"PropertyValueSpecification","valueRequired":true,"valueName":"search_term_string"}}],"inLanguage":"pt-PT"},{"@type":"Organization","@id":"https:\/\/v2charge.com\/pt-pt\/#organization","name":"V2C","url":"https:\/\/v2charge.com\/pt-pt\/","logo":{"@type":"ImageObject","inLanguage":"pt-PT","@id":"https:\/\/v2charge.com\/pt-pt\/#\/schema\/logo\/image\/","url":"https:\/\/v2charge.com\/wp-content\/uploads\/2024\/11\/cropped-v2c-charge-logo-menu.png","contentUrl":"https:\/\/v2charge.com\/wp-content\/uploads\/2024\/11\/cropped-v2c-charge-logo-menu.png","width":984,"height":431,"caption":"V2C"},"image":{"@id":"https:\/\/v2charge.com\/pt-pt\/#\/schema\/logo\/image\/"},"sameAs":["https:\/\/www.facebook.com\/V2C.Charge","https:\/\/x.com\/V2C_Charge","https:\/\/www.instagram.com\/v2c.charge\/","https:\/\/www.youtube.com\/@V2C","https:\/\/www.linkedin.com\/company\/v2c-chargers\/"]}]}},"uagb_featured_image_src":{"full":false,"thumbnail":false,"medium":false,"medium_large":false,"large":false,"gs-tiny":false,"xl":false,"xxl":false,"xxxl":false,"xxxxl":false,"xxxxxl":false,"1536x1536":false,"2048x2048":false},"uagb_author_info":{"display_name":"V2C","author_link":"https:\/\/v2charge.com\/pt-pt\/author\/marketing\/"},"uagb_comment_info":0,"uagb_excerpt":"Para prolongar o mais poss\u00edvel a vida \u00fatil do seu carregador, evitamos a forma\u00e7\u00e3o de arcos de contacto com a maior frequ\u00eancia poss\u00edvel. \u00c9 por isso que, quando sabemos que o carregamento est\u00e1 prestes a terminar, reduzimos a pot\u00eancia de carregamento ao m\u00e1ximo, evitando a forma\u00e7\u00e3o de arcos na abertura do carregador.","_links":{"self":[{"href":"https:\/\/v2charge.com\/pt-pt\/wp-json\/wp\/v2\/pages\/110045","targetHints":{"allow":["GET"]}}],"collection":[{"href":"https:\/\/v2charge.com\/pt-pt\/wp-json\/wp\/v2\/pages"}],"about":[{"href":"https:\/\/v2charge.com\/pt-pt\/wp-json\/wp\/v2\/types\/page"}],"author":[{"embeddable":true,"href":"https:\/\/v2charge.com\/pt-pt\/wp-json\/wp\/v2\/users\/400"}],"replies":[{"embeddable":true,"href":"https:\/\/v2charge.com\/pt-pt\/wp-json\/wp\/v2\/comments?post=110045"}],"version-history":[{"count":0,"href":"https:\/\/v2charge.com\/pt-pt\/wp-json\/wp\/v2\/pages\/110045\/revisions"}],"wp:attachment":[{"href":"https:\/\/v2charge.com\/pt-pt\/wp-json\/wp\/v2\/media?parent=110045"}],"curies":[{"name":"wp","href":"https:\/\/api.w.org\/{rel}","templated":true}]}}