{"id":113147,"date":"2023-07-13T11:41:55","date_gmt":"2023-07-13T11:41:55","guid":{"rendered":"https:\/\/v2charge.com\/?page_id=113147"},"modified":"2025-01-16T15:30:58","modified_gmt":"2025-01-16T13:30:58","slug":"como-posso-programar-o-recarregamento-do-meu-automovel","status":"publish","type":"page","link":"https:\/\/v2charge.com\/pt-pt\/como-posso-programar-o-recarregamento-do-meu-automovel\/","title":{"rendered":"Como posso programar o recarregamento do meu autom\u00f3vel?"},"content":{"rendered":"\n<div style=\"height:60px\" aria-hidden=\"true\" class=\"wp-block-spacer\"><\/div>\n\n\n<h1>Como posso programar o recarregamento do meu autom\u00f3vel?<\/h1>\n\n\n<p>Os pontos de carregamento com nuvem V2C podem ser cronometrados de uma forma muito simples.<\/p>\n\n\n\n<h2 class=\"wp-block-heading\">Atrav\u00e9s da APP<\/h2>\n\n\n\n<p>Dispon\u00edvel para dispositivos com Bluetooth ou WiFi. Aceda \u00e0 aplica\u00e7\u00e3o e toque no ponto de carregamento.<\/p>\n\n\n\n<p>Clique no \u00edcone do calend\u00e1rio.<\/p>\n\n\n\n<p>Disp\u00f5e de dois temporizadores: Temporizador 1 e Temporizador 2. Selecione o dia da semana e o hor\u00e1rio que pretende que se ative. Pode utilizar ambos em combina\u00e7\u00e3o. Por exemplo, segunda-feira das 16:30 \u00e0s 18:30 no Temporizador 1 e no Temporizador 2, segunda-feira das 19:15 \u00e0s 20:00. Desta forma, entre as 18:30 e as 19:15, o ponto de carregamento estar\u00e1 desativado.<\/p>\n\n\n<div class=\"wp-block-image\">\n<figure class=\"aligncenter size-full is-resized\"><img decoding=\"async\" src=\"https:\/\/v2charge.com\/wp-content\/uploads\/2023\/01\/v2c-app-ajustes-calendario.jpg\" alt=\"\" class=\"wp-image-91343\" width=\"346\" height=\"485\" srcset=\"https:\/\/v2charge.com\/wp-content\/uploads\/2023\/01\/v2c-app-ajustes-calendario.jpg 1385w, https:\/\/v2charge.com\/wp-content\/uploads\/2023\/01\/v2c-app-ajustes-calendario-214x300.jpg 214w, https:\/\/v2charge.com\/wp-content\/uploads\/2023\/01\/v2c-app-ajustes-calendario-731x1024.jpg 731w, https:\/\/v2charge.com\/wp-content\/uploads\/2023\/01\/v2c-app-ajustes-calendario-768x1075.jpg 768w, https:\/\/v2charge.com\/wp-content\/uploads\/2023\/01\/v2c-app-ajustes-calendario-1097x1536.jpg 1097w\" sizes=\"(max-width: 346px) 100vw, 346px\" \/><\/figure>\n<\/div>\n\n<div class=\"wp-block-image\">\n<figure class=\"aligncenter size-full is-resized\"><img decoding=\"async\" src=\"https:\/\/v2charge.com\/wp-content\/uploads\/2023\/01\/temporizar-carga-v2c-app.jpg\" alt=\"\" class=\"wp-image-91351\" width=\"346\" height=\"485\" srcset=\"https:\/\/v2charge.com\/wp-content\/uploads\/2023\/01\/temporizar-carga-v2c-app.jpg 1385w, https:\/\/v2charge.com\/wp-content\/uploads\/2023\/01\/temporizar-carga-v2c-app-214x300.jpg 214w, https:\/\/v2charge.com\/wp-content\/uploads\/2023\/01\/temporizar-carga-v2c-app-731x1024.jpg 731w, https:\/\/v2charge.com\/wp-content\/uploads\/2023\/01\/temporizar-carga-v2c-app-768x1075.jpg 768w, https:\/\/v2charge.com\/wp-content\/uploads\/2023\/01\/temporizar-carga-v2c-app-1097x1536.jpg 1097w\" sizes=\"(max-width: 346px) 100vw, 346px\" \/><\/figure>\n<\/div>\n\n<div class=\"wp-block-image\">\n<figure class=\"aligncenter size-full is-resized\"><img decoding=\"async\" src=\"https:\/\/v2charge.com\/wp-content\/uploads\/2023\/01\/calendario-de-cargas-v2c-app.jpg\" alt=\"\" class=\"wp-image-91360\" width=\"346\" height=\"485\" srcset=\"https:\/\/v2charge.com\/wp-content\/uploads\/2023\/01\/calendario-de-cargas-v2c-app.jpg 1385w, https:\/\/v2charge.com\/wp-content\/uploads\/2023\/01\/calendario-de-cargas-v2c-app-214x300.jpg 214w, https:\/\/v2charge.com\/wp-content\/uploads\/2023\/01\/calendario-de-cargas-v2c-app-731x1024.jpg 731w, https:\/\/v2charge.com\/wp-content\/uploads\/2023\/01\/calendario-de-cargas-v2c-app-768x1075.jpg 768w, https:\/\/v2charge.com\/wp-content\/uploads\/2023\/01\/calendario-de-cargas-v2c-app-1097x1536.jpg 1097w\" sizes=\"(max-width: 346px) 100vw, 346px\" \/><\/figure>\n<\/div>\n\n\n<p>Uma vez programado na p\u00e1gina principal, indicar\u00e1 a hora do pr\u00f3ximo carregamento que pode ser efectuado.<\/p>\n\n\n<div class=\"wp-block-image\">\n<figure class=\"aligncenter size-full is-resized\"><img decoding=\"async\" src=\"https:\/\/v2charge.com\/wp-content\/uploads\/2023\/01\/calendario-app-v2c-app-programacio\u0301n.jpg\" alt=\"\" class=\"wp-image-91368\" width=\"346\" height=\"485\" srcset=\"https:\/\/v2charge.com\/wp-content\/uploads\/2023\/01\/calendario-app-v2c-app-programacio\u0301n.jpg 1385w, https:\/\/v2charge.com\/wp-content\/uploads\/2023\/01\/calendario-app-v2c-app-programacio\u0301n-214x300.jpg 214w, https:\/\/v2charge.com\/wp-content\/uploads\/2023\/01\/calendario-app-v2c-app-programacio\u0301n-731x1024.jpg 731w, https:\/\/v2charge.com\/wp-content\/uploads\/2023\/01\/calendario-app-v2c-app-programacio\u0301n-768x1075.jpg 768w, https:\/\/v2charge.com\/wp-content\/uploads\/2023\/01\/calendario-app-v2c-app-programacio\u0301n-1097x1536.jpg 1097w\" sizes=\"(max-width: 346px) 100vw, 346px\" \/><\/figure>\n<\/div>\n\n\n<p><em><a href=\"https:\/\/v2charge.com\/pt-pt\/porque-e-que-o-meu-ponto-de-carregamento-diminui-a-potencia-de-carregamento-durante-o-ultimo-minuto-de-carregamento\/\">Porque \u00e9 que o meu ponto de carregamento baixa a pot\u00eancia de carregamento durante o \u00faltimo minuto de carregamento<\/a>? Todos os passos indicados podem tamb\u00e9m ser executados a partir do V2C Cloud num PC, acedendo \u00e0s defini\u00e7\u00f5es do ponto de carregamento.<\/em><\/p>\n\n\n\n<div style=\"height:60px\" aria-hidden=\"true\" class=\"wp-block-spacer\"><\/div>\n","protected":false},"excerpt":{"rendered":"<p>Como posso programar o recarregamento do meu autom\u00f3vel? Os pontos de carregamento com nuvem V2C podem ser cronometrados de uma forma muito simples. Atrav\u00e9s da APP Dispon\u00edvel para dispositivos com Bluetooth ou WiFi. Aceda \u00e0 aplica\u00e7\u00e3o e toque no ponto de carregamento. Clique no \u00edcone do calend\u00e1rio. Disp\u00f5e de dois temporizadores: Temporizador 1 e Temporizador &#8230; <a title=\"Como posso programar o recarregamento do meu autom\u00f3vel?\" class=\"read-more\" href=\"https:\/\/v2charge.com\/pt-pt\/como-posso-programar-o-recarregamento-do-meu-automovel\/\" aria-label=\"Leia mais sobre Como posso programar o recarregamento do meu autom\u00f3vel?\">Ler mais<\/a><\/p>\n","protected":false},"author":400,"featured_media":170353,"parent":0,"menu_order":0,"comment_status":"closed","ping_status":"closed","template":"","meta":{"_eb_attr":"","content-type":"","_uag_custom_page_level_css":"","footnotes":""},"class_list":["post-113147","page","type-page","status-publish","has-post-thumbnail"],"yoast_head":"<!-- This site is optimized with the Yoast SEO plugin v25.3.1 - https:\/\/yoast.com\/wordpress\/plugins\/seo\/ -->\n<title>Como programar o carregamento do meu carro? \u25b7 V2C Cloud<\/title>\n<meta name=\"description\" content=\"Explicamos como pode programar o carregamento do seu carro com o seu carregador el\u00e9trico atrav\u00e9s da aplica\u00e7\u00e3o V2C. [\u00c1rea de Suporte]\" \/>\n<meta name=\"robots\" content=\"index, follow, max-snippet:-1, max-image-preview:large, max-video-preview:-1\" \/>\n<link rel=\"canonical\" href=\"https:\/\/v2charge.com\/pt-pt\/como-posso-programar-o-recarregamento-do-meu-automovel\/\" \/>\n<meta property=\"og:locale\" content=\"pt_PT\" \/>\n<meta property=\"og:type\" content=\"article\" \/>\n<meta property=\"og:title\" content=\"Como programar o carregamento do meu carro? \u25b7 V2C Cloud\" \/>\n<meta property=\"og:description\" content=\"Explicamos como pode programar o carregamento do seu carro com o seu carregador el\u00e9trico atrav\u00e9s da aplica\u00e7\u00e3o V2C. [\u00c1rea de Suporte]\" \/>\n<meta property=\"og:url\" content=\"https:\/\/v2charge.com\/pt-pt\/como-posso-programar-o-recarregamento-do-meu-automovel\/\" \/>\n<meta property=\"og:site_name\" content=\"V2C\" \/>\n<meta property=\"article:publisher\" content=\"https:\/\/www.facebook.com\/V2C.Charge\" \/>\n<meta property=\"article:modified_time\" content=\"2025-01-16T13:30:58+00:00\" \/>\n<meta property=\"og:image\" content=\"https:\/\/v2charge.com\/wp-content\/uploads\/2024\/07\/v2c-electric-chargers.jpg\" \/>\n\t<meta property=\"og:image:width\" content=\"1200\" \/>\n\t<meta property=\"og:image:height\" content=\"675\" \/>\n\t<meta property=\"og:image:type\" content=\"image\/jpeg\" \/>\n<meta name=\"twitter:card\" content=\"summary_large_image\" \/>\n<meta name=\"twitter:site\" content=\"@V2C_Charge\" \/>\n<meta name=\"twitter:label1\" content=\"Tempo estimado de leitura\" \/>\n\t<meta name=\"twitter:data1\" content=\"2 minutos\" \/>\n<script type=\"application\/ld+json\" class=\"yoast-schema-graph\">{\"@context\":\"https:\/\/schema.org\",\"@graph\":[{\"@type\":\"WebPage\",\"@id\":\"https:\/\/v2charge.com\/pt-pt\/como-posso-programar-o-recarregamento-do-meu-automovel\/\",\"url\":\"https:\/\/v2charge.com\/pt-pt\/como-posso-programar-o-recarregamento-do-meu-automovel\/\",\"name\":\"Como programar o carregamento do meu carro? \u25b7 V2C Cloud\",\"isPartOf\":{\"@id\":\"https:\/\/v2charge.com\/pt-pt\/#website\"},\"primaryImageOfPage\":{\"@id\":\"https:\/\/v2charge.com\/pt-pt\/como-posso-programar-o-recarregamento-do-meu-automovel\/#primaryimage\"},\"image\":{\"@id\":\"https:\/\/v2charge.com\/pt-pt\/como-posso-programar-o-recarregamento-do-meu-automovel\/#primaryimage\"},\"thumbnailUrl\":\"https:\/\/v2charge.com\/wp-content\/uploads\/2024\/07\/v2c-electric-chargers.jpg\",\"datePublished\":\"2023-07-13T11:41:55+00:00\",\"dateModified\":\"2025-01-16T13:30:58+00:00\",\"description\":\"Explicamos como pode programar o carregamento do seu carro com o seu carregador el\u00e9trico atrav\u00e9s da aplica\u00e7\u00e3o V2C. [\u00c1rea de Suporte]\",\"breadcrumb\":{\"@id\":\"https:\/\/v2charge.com\/pt-pt\/como-posso-programar-o-recarregamento-do-meu-automovel\/#breadcrumb\"},\"inLanguage\":\"pt-PT\",\"potentialAction\":[{\"@type\":\"ReadAction\",\"target\":[\"https:\/\/v2charge.com\/pt-pt\/como-posso-programar-o-recarregamento-do-meu-automovel\/\"]}]},{\"@type\":\"ImageObject\",\"inLanguage\":\"pt-PT\",\"@id\":\"https:\/\/v2charge.com\/pt-pt\/como-posso-programar-o-recarregamento-do-meu-automovel\/#primaryimage\",\"url\":\"https:\/\/v2charge.com\/wp-content\/uploads\/2024\/07\/v2c-electric-chargers.jpg\",\"contentUrl\":\"https:\/\/v2charge.com\/wp-content\/uploads\/2024\/07\/v2c-electric-chargers.jpg\",\"width\":1200,\"height\":675,\"caption\":\"V2C Electric Chargers\"},{\"@type\":\"BreadcrumbList\",\"@id\":\"https:\/\/v2charge.com\/pt-pt\/como-posso-programar-o-recarregamento-do-meu-automovel\/#breadcrumb\",\"itemListElement\":[{\"@type\":\"ListItem\",\"position\":1,\"name\":\"V2C\",\"item\":\"https:\/\/v2charge.com\/pt-pt\/\"},{\"@type\":\"ListItem\",\"position\":2,\"name\":\"Como posso programar o recarregamento do meu autom\u00f3vel?\"}]},{\"@type\":\"WebSite\",\"@id\":\"https:\/\/v2charge.com\/pt-pt\/#website\",\"url\":\"https:\/\/v2charge.com\/pt-pt\/\",\"name\":\"V2C\",\"description\":\"#CargandoElMa\u00f1ana\",\"publisher\":{\"@id\":\"https:\/\/v2charge.com\/pt-pt\/#organization\"},\"potentialAction\":[{\"@type\":\"SearchAction\",\"target\":{\"@type\":\"EntryPoint\",\"urlTemplate\":\"https:\/\/v2charge.com\/pt-pt\/?s={search_term_string}\"},\"query-input\":{\"@type\":\"PropertyValueSpecification\",\"valueRequired\":true,\"valueName\":\"search_term_string\"}}],\"inLanguage\":\"pt-PT\"},{\"@type\":\"Organization\",\"@id\":\"https:\/\/v2charge.com\/pt-pt\/#organization\",\"name\":\"V2C\",\"url\":\"https:\/\/v2charge.com\/pt-pt\/\",\"logo\":{\"@type\":\"ImageObject\",\"inLanguage\":\"pt-PT\",\"@id\":\"https:\/\/v2charge.com\/pt-pt\/#\/schema\/logo\/image\/\",\"url\":\"https:\/\/v2charge.com\/wp-content\/uploads\/2024\/11\/cropped-v2c-charge-logo-menu.png\",\"contentUrl\":\"https:\/\/v2charge.com\/wp-content\/uploads\/2024\/11\/cropped-v2c-charge-logo-menu.png\",\"width\":984,\"height\":431,\"caption\":\"V2C\"},\"image\":{\"@id\":\"https:\/\/v2charge.com\/pt-pt\/#\/schema\/logo\/image\/\"},\"sameAs\":[\"https:\/\/www.facebook.com\/V2C.Charge\",\"https:\/\/x.com\/V2C_Charge\",\"https:\/\/www.instagram.com\/v2c.charge\/\",\"https:\/\/www.youtube.com\/@V2C\",\"https:\/\/www.linkedin.com\/company\/v2c-chargers\/\"]}]}<\/script>\n<!-- \/ Yoast SEO plugin. -->","yoast_head_json":{"title":"Como programar o carregamento do meu carro? \u25b7 V2C Cloud","description":"Explicamos como pode programar o carregamento do seu carro com o seu carregador el\u00e9trico atrav\u00e9s da aplica\u00e7\u00e3o V2C. [\u00c1rea de Suporte]","robots":{"index":"index","follow":"follow","max-snippet":"max-snippet:-1","max-image-preview":"max-image-preview:large","max-video-preview":"max-video-preview:-1"},"canonical":"https:\/\/v2charge.com\/pt-pt\/como-posso-programar-o-recarregamento-do-meu-automovel\/","og_locale":"pt_PT","og_type":"article","og_title":"Como programar o carregamento do meu carro? \u25b7 V2C Cloud","og_description":"Explicamos como pode programar o carregamento do seu carro com o seu carregador el\u00e9trico atrav\u00e9s da aplica\u00e7\u00e3o V2C. [\u00c1rea de Suporte]","og_url":"https:\/\/v2charge.com\/pt-pt\/como-posso-programar-o-recarregamento-do-meu-automovel\/","og_site_name":"V2C","article_publisher":"https:\/\/www.facebook.com\/V2C.Charge","article_modified_time":"2025-01-16T13:30:58+00:00","og_image":[{"width":1200,"height":675,"url":"https:\/\/v2charge.com\/wp-content\/uploads\/2024\/07\/v2c-electric-chargers.jpg","type":"image\/jpeg"}],"twitter_card":"summary_large_image","twitter_site":"@V2C_Charge","twitter_misc":{"Tempo estimado de leitura":"2 minutos"},"schema":{"@context":"https:\/\/schema.org","@graph":[{"@type":"WebPage","@id":"https:\/\/v2charge.com\/pt-pt\/como-posso-programar-o-recarregamento-do-meu-automovel\/","url":"https:\/\/v2charge.com\/pt-pt\/como-posso-programar-o-recarregamento-do-meu-automovel\/","name":"Como programar o carregamento do meu carro? \u25b7 V2C Cloud","isPartOf":{"@id":"https:\/\/v2charge.com\/pt-pt\/#website"},"primaryImageOfPage":{"@id":"https:\/\/v2charge.com\/pt-pt\/como-posso-programar-o-recarregamento-do-meu-automovel\/#primaryimage"},"image":{"@id":"https:\/\/v2charge.com\/pt-pt\/como-posso-programar-o-recarregamento-do-meu-automovel\/#primaryimage"},"thumbnailUrl":"https:\/\/v2charge.com\/wp-content\/uploads\/2024\/07\/v2c-electric-chargers.jpg","datePublished":"2023-07-13T11:41:55+00:00","dateModified":"2025-01-16T13:30:58+00:00","description":"Explicamos como pode programar o carregamento do seu carro com o seu carregador el\u00e9trico atrav\u00e9s da aplica\u00e7\u00e3o V2C. [\u00c1rea de Suporte]","breadcrumb":{"@id":"https:\/\/v2charge.com\/pt-pt\/como-posso-programar-o-recarregamento-do-meu-automovel\/#breadcrumb"},"inLanguage":"pt-PT","potentialAction":[{"@type":"ReadAction","target":["https:\/\/v2charge.com\/pt-pt\/como-posso-programar-o-recarregamento-do-meu-automovel\/"]}]},{"@type":"ImageObject","inLanguage":"pt-PT","@id":"https:\/\/v2charge.com\/pt-pt\/como-posso-programar-o-recarregamento-do-meu-automovel\/#primaryimage","url":"https:\/\/v2charge.com\/wp-content\/uploads\/2024\/07\/v2c-electric-chargers.jpg","contentUrl":"https:\/\/v2charge.com\/wp-content\/uploads\/2024\/07\/v2c-electric-chargers.jpg","width":1200,"height":675,"caption":"V2C Electric Chargers"},{"@type":"BreadcrumbList","@id":"https:\/\/v2charge.com\/pt-pt\/como-posso-programar-o-recarregamento-do-meu-automovel\/#breadcrumb","itemListElement":[{"@type":"ListItem","position":1,"name":"V2C","item":"https:\/\/v2charge.com\/pt-pt\/"},{"@type":"ListItem","position":2,"name":"Como posso programar o recarregamento do meu autom\u00f3vel?"}]},{"@type":"WebSite","@id":"https:\/\/v2charge.com\/pt-pt\/#website","url":"https:\/\/v2charge.com\/pt-pt\/","name":"V2C","description":"#CargandoElMa\u00f1ana","publisher":{"@id":"https:\/\/v2charge.com\/pt-pt\/#organization"},"potentialAction":[{"@type":"SearchAction","target":{"@type":"EntryPoint","urlTemplate":"https:\/\/v2charge.com\/pt-pt\/?s={search_term_string}"},"query-input":{"@type":"PropertyValueSpecification","valueRequired":true,"valueName":"search_term_string"}}],"inLanguage":"pt-PT"},{"@type":"Organization","@id":"https:\/\/v2charge.com\/pt-pt\/#organization","name":"V2C","url":"https:\/\/v2charge.com\/pt-pt\/","logo":{"@type":"ImageObject","inLanguage":"pt-PT","@id":"https:\/\/v2charge.com\/pt-pt\/#\/schema\/logo\/image\/","url":"https:\/\/v2charge.com\/wp-content\/uploads\/2024\/11\/cropped-v2c-charge-logo-menu.png","contentUrl":"https:\/\/v2charge.com\/wp-content\/uploads\/2024\/11\/cropped-v2c-charge-logo-menu.png","width":984,"height":431,"caption":"V2C"},"image":{"@id":"https:\/\/v2charge.com\/pt-pt\/#\/schema\/logo\/image\/"},"sameAs":["https:\/\/www.facebook.com\/V2C.Charge","https:\/\/x.com\/V2C_Charge","https:\/\/www.instagram.com\/v2c.charge\/","https:\/\/www.youtube.com\/@V2C","https:\/\/www.linkedin.com\/company\/v2c-chargers\/"]}]}},"uagb_featured_image_src":{"full":["https:\/\/v2charge.com\/wp-content\/uploads\/2024\/07\/v2c-electric-chargers.jpg",1200,675,false],"thumbnail":["https:\/\/v2charge.com\/wp-content\/uploads\/2024\/07\/v2c-electric-chargers-150x150.jpg",150,150,true],"medium":["https:\/\/v2charge.com\/wp-content\/uploads\/2024\/07\/v2c-electric-chargers-300x169.jpg",300,169,true],"medium_large":["https:\/\/v2charge.com\/wp-content\/uploads\/2024\/07\/v2c-electric-chargers-768x432.jpg",768,432,true],"large":["https:\/\/v2charge.com\/wp-content\/uploads\/2024\/07\/v2c-electric-chargers-1024x576.jpg",1024,576,true],"gs-tiny":["https:\/\/v2charge.com\/wp-content\/uploads\/2024\/07\/v2c-electric-chargers.jpg",50,28,false],"xl":["https:\/\/v2charge.com\/wp-content\/uploads\/2024\/07\/v2c-electric-chargers.jpg",1200,675,false],"xxl":["https:\/\/v2charge.com\/wp-content\/uploads\/2024\/07\/v2c-electric-chargers.jpg",1200,675,false],"xxxl":["https:\/\/v2charge.com\/wp-content\/uploads\/2024\/07\/v2c-electric-chargers.jpg",1200,675,false],"xxxxl":["https:\/\/v2charge.com\/wp-content\/uploads\/2024\/07\/v2c-electric-chargers.jpg",1200,675,false],"xxxxxl":["https:\/\/v2charge.com\/wp-content\/uploads\/2024\/07\/v2c-electric-chargers.jpg",1200,675,false],"1536x1536":["https:\/\/v2charge.com\/wp-content\/uploads\/2024\/07\/v2c-electric-chargers.jpg",1200,675,false],"2048x2048":["https:\/\/v2charge.com\/wp-content\/uploads\/2024\/07\/v2c-electric-chargers.jpg",1200,675,false]},"uagb_author_info":{"display_name":"V2C","author_link":"https:\/\/v2charge.com\/pt-pt\/author\/marketing\/"},"uagb_comment_info":0,"uagb_excerpt":"Como posso programar o recarregamento do meu autom\u00f3vel? Os pontos de carregamento com nuvem V2C podem ser cronometrados de uma forma muito simples. Atrav\u00e9s da APP Dispon\u00edvel para dispositivos com Bluetooth ou WiFi. Aceda \u00e0 aplica\u00e7\u00e3o e toque no ponto de carregamento. Clique no \u00edcone do calend\u00e1rio. Disp\u00f5e de dois temporizadores: Temporizador 1 e Temporizador&hellip;","_links":{"self":[{"href":"https:\/\/v2charge.com\/pt-pt\/wp-json\/wp\/v2\/pages\/113147","targetHints":{"allow":["GET"]}}],"collection":[{"href":"https:\/\/v2charge.com\/pt-pt\/wp-json\/wp\/v2\/pages"}],"about":[{"href":"https:\/\/v2charge.com\/pt-pt\/wp-json\/wp\/v2\/types\/page"}],"author":[{"embeddable":true,"href":"https:\/\/v2charge.com\/pt-pt\/wp-json\/wp\/v2\/users\/400"}],"replies":[{"embeddable":true,"href":"https:\/\/v2charge.com\/pt-pt\/wp-json\/wp\/v2\/comments?post=113147"}],"version-history":[{"count":1,"href":"https:\/\/v2charge.com\/pt-pt\/wp-json\/wp\/v2\/pages\/113147\/revisions"}],"predecessor-version":[{"id":201269,"href":"https:\/\/v2charge.com\/pt-pt\/wp-json\/wp\/v2\/pages\/113147\/revisions\/201269"}],"wp:featuredmedia":[{"embeddable":true,"href":"https:\/\/v2charge.com\/pt-pt\/wp-json\/wp\/v2\/media\/170353"}],"wp:attachment":[{"href":"https:\/\/v2charge.com\/pt-pt\/wp-json\/wp\/v2\/media?parent=113147"}],"curies":[{"name":"wp","href":"https:\/\/api.w.org\/{rel}","templated":true}]}}