{"id":113166,"date":"2023-07-13T12:05:01","date_gmt":"2023-07-13T12:05:01","guid":{"rendered":"https:\/\/v2charge.com\/?page_id=113166"},"modified":"2023-08-10T13:36:12","modified_gmt":"2023-08-10T13:36:12","slug":"como-enviar-um-bilhete-para-o-suporte-tecnico","status":"publish","type":"page","link":"https:\/\/v2charge.com\/pt-pt\/como-enviar-um-bilhete-para-o-suporte-tecnico\/","title":{"rendered":"Como enviar um bilhete para o suporte t\u00e9cnico?"},"content":{"rendered":"<div style=\"height:60px\" aria-hidden=\"true\" class=\"wp-block-spacer\"><\/div>\n<h1>Como enviar um bilhete para o suporte t\u00e9cnico?<\/h1>\n<p>Na V2C dispomos de um Centro de Apoio T\u00e9cnico. Entre no seguinte link, preencha os campos obrigat\u00f3rios<br \/>\ncampos obrigat\u00f3rios e entraremos em contacto consigo o mais rapidamente poss\u00edvel:<br \/>\nhttps:\/\/v2charge.atlassian.net\/servicedesk\/customer\/portal\/3\/group\/4\/create\/12<\/p>\n<p>Tamb\u00e9m pode aceder ao Centro de Apoio T\u00e9cnico atrav\u00e9s da aplica\u00e7\u00e3o V2C Cloud:<\/p>\n<p><img decoding=\"async\" src=\"https:\/\/v2charge.com\/wp-content\/uploads\/2023\/01\/desbloqueo-cargador-v2charge.app_-731x1024.jpg\" alt=\"\" class=\"wp-image-92139\" width=\"366\" height=\"512\" srcset=\"https:\/\/v2charge.com\/wp-content\/uploads\/2023\/01\/desbloqueo-cargador-v2charge.app_-731x1024.jpg 731w, https:\/\/v2charge.com\/wp-content\/uploads\/2023\/01\/desbloqueo-cargador-v2charge.app_-214x300.jpg 214w, https:\/\/v2charge.com\/wp-content\/uploads\/2023\/01\/desbloqueo-cargador-v2charge.app_-768x1075.jpg 768w, https:\/\/v2charge.com\/wp-content\/uploads\/2023\/01\/desbloqueo-cargador-v2charge.app_-1097x1536.jpg 1097w, https:\/\/v2charge.com\/wp-content\/uploads\/2023\/01\/desbloqueo-cargador-v2charge.app_.jpg 1385w\" sizes=\"(max-width: 366px) 100vw, 366px\" \/><figcaption class=\"wp-element-caption\">1. Clique no \u00edcone Utilizador no canto superior esquerdo.<\/figcaption><img decoding=\"async\" src=\"https:\/\/v2charge.com\/wp-content\/uploads\/2022\/11\/dados-do-usuario-731x1024.jpg\" alt=\"V2C Payments App\" class=\"wp-image-88531\" width=\"366\" height=\"512\" srcset=\"https:\/\/v2charge.com\/wp-content\/uploads\/2022\/11\/dados-do-usuario-731x1024.jpg 731w, https:\/\/v2charge.com\/wp-content\/uploads\/2022\/11\/dados-do-usuario-214x300.jpg 214w, https:\/\/v2charge.com\/wp-content\/uploads\/2022\/11\/dados-do-usuario-768x1075.jpg 768w, https:\/\/v2charge.com\/wp-content\/uploads\/2022\/11\/dados-do-usuario-1097x1536.jpg 1097w, https:\/\/v2charge.com\/wp-content\/uploads\/2022\/11\/dados-do-usuario.jpg 1385w\" sizes=\"(max-width: 366px) 100vw, 366px\" \/><figcaption class=\"wp-element-caption\">2. Clique em &#8216;Soporte&#8217; (Apoio).<\/figcaption><img decoding=\"async\" src=\"https:\/\/v2charge.com\/wp-content\/uploads\/2023\/01\/soporte-v2charge-app-ticket-731x1024.jpg\" alt=\"Ticket Soporte V2C Charge\" class=\"wp-image-92174\" width=\"366\" height=\"512\" srcset=\"https:\/\/v2charge.com\/wp-content\/uploads\/2023\/01\/soporte-v2charge-app-ticket-731x1024.jpg 731w, https:\/\/v2charge.com\/wp-content\/uploads\/2023\/01\/soporte-v2charge-app-ticket-214x300.jpg 214w, https:\/\/v2charge.com\/wp-content\/uploads\/2023\/01\/soporte-v2charge-app-ticket-768x1075.jpg 768w, https:\/\/v2charge.com\/wp-content\/uploads\/2023\/01\/soporte-v2charge-app-ticket-1097x1536.jpg 1097w, https:\/\/v2charge.com\/wp-content\/uploads\/2023\/01\/soporte-v2charge-app-ticket.jpg 1385w\" sizes=\"(max-width: 366px) 100vw, 366px\" \/><figcaption class=\"wp-element-caption\">3. Seleccione &#8216;Informar de una incidencia&#8217; (Comunicar um incidente).<\/figcaption><img decoding=\"async\" src=\"https:\/\/v2charge.com\/wp-content\/uploads\/2023\/01\/enviar-ticket-incidencia-v2charge-app-731x1024.jpg\" alt=\"Ticket Soporte V2C Charge\" class=\"wp-image-92166\" width=\"366\" height=\"512\" srcset=\"https:\/\/v2charge.com\/wp-content\/uploads\/2023\/01\/enviar-ticket-incidencia-v2charge-app-731x1024.jpg 731w, https:\/\/v2charge.com\/wp-content\/uploads\/2023\/01\/enviar-ticket-incidencia-v2charge-app-214x300.jpg 214w, https:\/\/v2charge.com\/wp-content\/uploads\/2023\/01\/enviar-ticket-incidencia-v2charge-app-768x1075.jpg 768w, https:\/\/v2charge.com\/wp-content\/uploads\/2023\/01\/enviar-ticket-incidencia-v2charge-app-1097x1536.jpg 1097w, https:\/\/v2charge.com\/wp-content\/uploads\/2023\/01\/enviar-ticket-incidencia-v2charge-app.jpg 1385w\" sizes=\"(max-width: 366px) 100vw, 366px\" \/><figcaption class=\"wp-element-caption\">4. Clique em &#8216;Enviar ticket&#8217;.<\/figcaption><img decoding=\"async\" src=\"https:\/\/v2charge.com\/wp-content\/uploads\/2022\/09\/mockup-soporte-5-731x1024.jpg\" alt=\"\" class=\"wp-image-82862\" width=\"366\" height=\"512\" srcset=\"https:\/\/v2charge.com\/wp-content\/uploads\/2022\/09\/mockup-soporte-5-731x1024.jpg 731w, https:\/\/v2charge.com\/wp-content\/uploads\/2022\/09\/mockup-soporte-5-214x300.jpg 214w, https:\/\/v2charge.com\/wp-content\/uploads\/2022\/09\/mockup-soporte-5-768x1075.jpg 768w, https:\/\/v2charge.com\/wp-content\/uploads\/2022\/09\/mockup-soporte-5-1097x1536.jpg 1097w, https:\/\/v2charge.com\/wp-content\/uploads\/2022\/09\/mockup-soporte-5.jpg 1385w\" sizes=\"(max-width: 366px) 100vw, 366px\" \/><figcaption class=\"wp-element-caption\">5. Selecionar a op\u00e7\u00e3o &#8216;Soporte t\u00e9cnico&#8217; (Apoio t\u00e9cnico).<\/figcaption><div style=\"height:60px\" aria-hidden=\"true\" class=\"wp-block-spacer\"><\/div>\n","protected":false},"excerpt":{"rendered":"<p>Como enviar um bilhete para o suporte t\u00e9cnico? Na V2C dispomos de um Centro de Apoio T\u00e9cnico. Entre no seguinte link, preencha os campos obrigat\u00f3rios campos obrigat\u00f3rios e entraremos em contacto consigo o mais rapidamente poss\u00edvel: https:\/\/v2charge.atlassian.net\/servicedesk\/customer\/portal\/3\/group\/4\/create\/12 Tamb\u00e9m pode aceder ao Centro de Apoio T\u00e9cnico atrav\u00e9s da aplica\u00e7\u00e3o V2C Cloud: 1. Clique no \u00edcone Utilizador &#8230; <a title=\"Como enviar um bilhete para o suporte t\u00e9cnico?\" class=\"read-more\" href=\"https:\/\/v2charge.com\/pt-pt\/como-enviar-um-bilhete-para-o-suporte-tecnico\/\" aria-label=\"Leia mais sobre Como enviar um bilhete para o suporte t\u00e9cnico?\">Ler mais<\/a><\/p>\n","protected":false},"author":400,"featured_media":170353,"parent":0,"menu_order":0,"comment_status":"closed","ping_status":"closed","template":"","meta":{"_eb_attr":"","content-type":"","_uag_custom_page_level_css":"","footnotes":""},"class_list":["post-113166","page","type-page","status-publish","has-post-thumbnail"],"yoast_head":"<!-- This site is optimized with the Yoast SEO plugin v25.3.1 - https:\/\/yoast.com\/wordpress\/plugins\/seo\/ -->\n<title>Como enviar um pedido de assist\u00eancia t\u00e9cnica \u00e0 V2C<\/title>\n<meta name=\"description\" content=\"Contacte o Centro de Assist\u00eancia T\u00e9cnica V2C enviando um ticket. Explicamos-lhe como o fazer. Estamos \u00e0 sua disposi\u00e7\u00e3o.\" \/>\n<meta name=\"robots\" content=\"index, follow, max-snippet:-1, max-image-preview:large, max-video-preview:-1\" \/>\n<link rel=\"canonical\" href=\"https:\/\/v2charge.com\/pt-pt\/como-enviar-um-bilhete-para-o-suporte-tecnico\/\" \/>\n<meta property=\"og:locale\" content=\"pt_PT\" \/>\n<meta property=\"og:type\" content=\"article\" \/>\n<meta property=\"og:title\" content=\"Como enviar um pedido de assist\u00eancia t\u00e9cnica \u00e0 V2C\" \/>\n<meta property=\"og:description\" content=\"Contacte o Centro de Assist\u00eancia T\u00e9cnica V2C enviando um ticket. Explicamos-lhe como o fazer. Estamos \u00e0 sua disposi\u00e7\u00e3o.\" \/>\n<meta property=\"og:url\" content=\"https:\/\/v2charge.com\/pt-pt\/como-enviar-um-bilhete-para-o-suporte-tecnico\/\" \/>\n<meta property=\"og:site_name\" content=\"V2C\" \/>\n<meta property=\"article:publisher\" content=\"https:\/\/www.facebook.com\/V2C.Charge\" \/>\n<meta property=\"article:modified_time\" content=\"2023-08-10T13:36:12+00:00\" \/>\n<meta property=\"og:image\" content=\"https:\/\/v2charge.com\/wp-content\/uploads\/2023\/01\/desbloqueo-cargador-v2charge.app_-731x1024.jpg\" \/>\n<meta name=\"twitter:card\" content=\"summary_large_image\" \/>\n<meta name=\"twitter:site\" content=\"@V2C_Charge\" \/>\n<meta name=\"twitter:label1\" content=\"Tempo estimado de leitura\" \/>\n\t<meta name=\"twitter:data1\" content=\"2 minutos\" \/>\n<script type=\"application\/ld+json\" class=\"yoast-schema-graph\">{\"@context\":\"https:\/\/schema.org\",\"@graph\":[{\"@type\":\"WebPage\",\"@id\":\"https:\/\/v2charge.com\/pt-pt\/como-enviar-um-bilhete-para-o-suporte-tecnico\/\",\"url\":\"https:\/\/v2charge.com\/pt-pt\/como-enviar-um-bilhete-para-o-suporte-tecnico\/\",\"name\":\"Como enviar um pedido de assist\u00eancia t\u00e9cnica \u00e0 V2C\",\"isPartOf\":{\"@id\":\"https:\/\/v2charge.com\/pt-pt\/#website\"},\"primaryImageOfPage\":{\"@id\":\"https:\/\/v2charge.com\/pt-pt\/como-enviar-um-bilhete-para-o-suporte-tecnico\/#primaryimage\"},\"image\":{\"@id\":\"https:\/\/v2charge.com\/pt-pt\/como-enviar-um-bilhete-para-o-suporte-tecnico\/#primaryimage\"},\"thumbnailUrl\":\"https:\/\/v2charge.com\/wp-content\/uploads\/2024\/07\/v2c-electric-chargers.jpg\",\"datePublished\":\"2023-07-13T12:05:01+00:00\",\"dateModified\":\"2023-08-10T13:36:12+00:00\",\"description\":\"Contacte o Centro de Assist\u00eancia T\u00e9cnica V2C enviando um ticket. Explicamos-lhe como o fazer. Estamos \u00e0 sua disposi\u00e7\u00e3o.\",\"breadcrumb\":{\"@id\":\"https:\/\/v2charge.com\/pt-pt\/como-enviar-um-bilhete-para-o-suporte-tecnico\/#breadcrumb\"},\"inLanguage\":\"pt-PT\",\"potentialAction\":[{\"@type\":\"ReadAction\",\"target\":[\"https:\/\/v2charge.com\/pt-pt\/como-enviar-um-bilhete-para-o-suporte-tecnico\/\"]}]},{\"@type\":\"ImageObject\",\"inLanguage\":\"pt-PT\",\"@id\":\"https:\/\/v2charge.com\/pt-pt\/como-enviar-um-bilhete-para-o-suporte-tecnico\/#primaryimage\",\"url\":\"https:\/\/v2charge.com\/wp-content\/uploads\/2024\/07\/v2c-electric-chargers.jpg\",\"contentUrl\":\"https:\/\/v2charge.com\/wp-content\/uploads\/2024\/07\/v2c-electric-chargers.jpg\",\"width\":1200,\"height\":675,\"caption\":\"V2C Electric Chargers\"},{\"@type\":\"BreadcrumbList\",\"@id\":\"https:\/\/v2charge.com\/pt-pt\/como-enviar-um-bilhete-para-o-suporte-tecnico\/#breadcrumb\",\"itemListElement\":[{\"@type\":\"ListItem\",\"position\":1,\"name\":\"V2C\",\"item\":\"https:\/\/v2charge.com\/pt-pt\/\"},{\"@type\":\"ListItem\",\"position\":2,\"name\":\"Como enviar um bilhete para o suporte t\u00e9cnico?\"}]},{\"@type\":\"WebSite\",\"@id\":\"https:\/\/v2charge.com\/pt-pt\/#website\",\"url\":\"https:\/\/v2charge.com\/pt-pt\/\",\"name\":\"V2C\",\"description\":\"#CargandoElMa\u00f1ana\",\"publisher\":{\"@id\":\"https:\/\/v2charge.com\/pt-pt\/#organization\"},\"potentialAction\":[{\"@type\":\"SearchAction\",\"target\":{\"@type\":\"EntryPoint\",\"urlTemplate\":\"https:\/\/v2charge.com\/pt-pt\/?s={search_term_string}\"},\"query-input\":{\"@type\":\"PropertyValueSpecification\",\"valueRequired\":true,\"valueName\":\"search_term_string\"}}],\"inLanguage\":\"pt-PT\"},{\"@type\":\"Organization\",\"@id\":\"https:\/\/v2charge.com\/pt-pt\/#organization\",\"name\":\"V2C\",\"url\":\"https:\/\/v2charge.com\/pt-pt\/\",\"logo\":{\"@type\":\"ImageObject\",\"inLanguage\":\"pt-PT\",\"@id\":\"https:\/\/v2charge.com\/pt-pt\/#\/schema\/logo\/image\/\",\"url\":\"https:\/\/v2charge.com\/wp-content\/uploads\/2024\/11\/cropped-v2c-charge-logo-menu.png\",\"contentUrl\":\"https:\/\/v2charge.com\/wp-content\/uploads\/2024\/11\/cropped-v2c-charge-logo-menu.png\",\"width\":984,\"height\":431,\"caption\":\"V2C\"},\"image\":{\"@id\":\"https:\/\/v2charge.com\/pt-pt\/#\/schema\/logo\/image\/\"},\"sameAs\":[\"https:\/\/www.facebook.com\/V2C.Charge\",\"https:\/\/x.com\/V2C_Charge\",\"https:\/\/www.instagram.com\/v2c.charge\/\",\"https:\/\/www.youtube.com\/@V2C\",\"https:\/\/www.linkedin.com\/company\/v2c-chargers\/\"]}]}<\/script>\n<!-- \/ Yoast SEO plugin. -->","yoast_head_json":{"title":"Como enviar um pedido de assist\u00eancia t\u00e9cnica \u00e0 V2C","description":"Contacte o Centro de Assist\u00eancia T\u00e9cnica V2C enviando um ticket. Explicamos-lhe como o fazer. Estamos \u00e0 sua disposi\u00e7\u00e3o.","robots":{"index":"index","follow":"follow","max-snippet":"max-snippet:-1","max-image-preview":"max-image-preview:large","max-video-preview":"max-video-preview:-1"},"canonical":"https:\/\/v2charge.com\/pt-pt\/como-enviar-um-bilhete-para-o-suporte-tecnico\/","og_locale":"pt_PT","og_type":"article","og_title":"Como enviar um pedido de assist\u00eancia t\u00e9cnica \u00e0 V2C","og_description":"Contacte o Centro de Assist\u00eancia T\u00e9cnica V2C enviando um ticket. Explicamos-lhe como o fazer. Estamos \u00e0 sua disposi\u00e7\u00e3o.","og_url":"https:\/\/v2charge.com\/pt-pt\/como-enviar-um-bilhete-para-o-suporte-tecnico\/","og_site_name":"V2C","article_publisher":"https:\/\/www.facebook.com\/V2C.Charge","article_modified_time":"2023-08-10T13:36:12+00:00","og_image":[{"url":"https:\/\/v2charge.com\/wp-content\/uploads\/2023\/01\/desbloqueo-cargador-v2charge.app_-731x1024.jpg","type":"","width":"","height":""}],"twitter_card":"summary_large_image","twitter_site":"@V2C_Charge","twitter_misc":{"Tempo estimado de leitura":"2 minutos"},"schema":{"@context":"https:\/\/schema.org","@graph":[{"@type":"WebPage","@id":"https:\/\/v2charge.com\/pt-pt\/como-enviar-um-bilhete-para-o-suporte-tecnico\/","url":"https:\/\/v2charge.com\/pt-pt\/como-enviar-um-bilhete-para-o-suporte-tecnico\/","name":"Como enviar um pedido de assist\u00eancia t\u00e9cnica \u00e0 V2C","isPartOf":{"@id":"https:\/\/v2charge.com\/pt-pt\/#website"},"primaryImageOfPage":{"@id":"https:\/\/v2charge.com\/pt-pt\/como-enviar-um-bilhete-para-o-suporte-tecnico\/#primaryimage"},"image":{"@id":"https:\/\/v2charge.com\/pt-pt\/como-enviar-um-bilhete-para-o-suporte-tecnico\/#primaryimage"},"thumbnailUrl":"https:\/\/v2charge.com\/wp-content\/uploads\/2024\/07\/v2c-electric-chargers.jpg","datePublished":"2023-07-13T12:05:01+00:00","dateModified":"2023-08-10T13:36:12+00:00","description":"Contacte o Centro de Assist\u00eancia T\u00e9cnica V2C enviando um ticket. Explicamos-lhe como o fazer. Estamos \u00e0 sua disposi\u00e7\u00e3o.","breadcrumb":{"@id":"https:\/\/v2charge.com\/pt-pt\/como-enviar-um-bilhete-para-o-suporte-tecnico\/#breadcrumb"},"inLanguage":"pt-PT","potentialAction":[{"@type":"ReadAction","target":["https:\/\/v2charge.com\/pt-pt\/como-enviar-um-bilhete-para-o-suporte-tecnico\/"]}]},{"@type":"ImageObject","inLanguage":"pt-PT","@id":"https:\/\/v2charge.com\/pt-pt\/como-enviar-um-bilhete-para-o-suporte-tecnico\/#primaryimage","url":"https:\/\/v2charge.com\/wp-content\/uploads\/2024\/07\/v2c-electric-chargers.jpg","contentUrl":"https:\/\/v2charge.com\/wp-content\/uploads\/2024\/07\/v2c-electric-chargers.jpg","width":1200,"height":675,"caption":"V2C Electric Chargers"},{"@type":"BreadcrumbList","@id":"https:\/\/v2charge.com\/pt-pt\/como-enviar-um-bilhete-para-o-suporte-tecnico\/#breadcrumb","itemListElement":[{"@type":"ListItem","position":1,"name":"V2C","item":"https:\/\/v2charge.com\/pt-pt\/"},{"@type":"ListItem","position":2,"name":"Como enviar um bilhete para o suporte t\u00e9cnico?"}]},{"@type":"WebSite","@id":"https:\/\/v2charge.com\/pt-pt\/#website","url":"https:\/\/v2charge.com\/pt-pt\/","name":"V2C","description":"#CargandoElMa\u00f1ana","publisher":{"@id":"https:\/\/v2charge.com\/pt-pt\/#organization"},"potentialAction":[{"@type":"SearchAction","target":{"@type":"EntryPoint","urlTemplate":"https:\/\/v2charge.com\/pt-pt\/?s={search_term_string}"},"query-input":{"@type":"PropertyValueSpecification","valueRequired":true,"valueName":"search_term_string"}}],"inLanguage":"pt-PT"},{"@type":"Organization","@id":"https:\/\/v2charge.com\/pt-pt\/#organization","name":"V2C","url":"https:\/\/v2charge.com\/pt-pt\/","logo":{"@type":"ImageObject","inLanguage":"pt-PT","@id":"https:\/\/v2charge.com\/pt-pt\/#\/schema\/logo\/image\/","url":"https:\/\/v2charge.com\/wp-content\/uploads\/2024\/11\/cropped-v2c-charge-logo-menu.png","contentUrl":"https:\/\/v2charge.com\/wp-content\/uploads\/2024\/11\/cropped-v2c-charge-logo-menu.png","width":984,"height":431,"caption":"V2C"},"image":{"@id":"https:\/\/v2charge.com\/pt-pt\/#\/schema\/logo\/image\/"},"sameAs":["https:\/\/www.facebook.com\/V2C.Charge","https:\/\/x.com\/V2C_Charge","https:\/\/www.instagram.com\/v2c.charge\/","https:\/\/www.youtube.com\/@V2C","https:\/\/www.linkedin.com\/company\/v2c-chargers\/"]}]}},"uagb_featured_image_src":{"full":["https:\/\/v2charge.com\/wp-content\/uploads\/2024\/07\/v2c-electric-chargers.jpg",1200,675,false],"thumbnail":["https:\/\/v2charge.com\/wp-content\/uploads\/2024\/07\/v2c-electric-chargers-150x150.jpg",150,150,true],"medium":["https:\/\/v2charge.com\/wp-content\/uploads\/2024\/07\/v2c-electric-chargers-300x169.jpg",300,169,true],"medium_large":["https:\/\/v2charge.com\/wp-content\/uploads\/2024\/07\/v2c-electric-chargers-768x432.jpg",768,432,true],"large":["https:\/\/v2charge.com\/wp-content\/uploads\/2024\/07\/v2c-electric-chargers-1024x576.jpg",1024,576,true],"gs-tiny":["https:\/\/v2charge.com\/wp-content\/uploads\/2024\/07\/v2c-electric-chargers.jpg",50,28,false],"xl":["https:\/\/v2charge.com\/wp-content\/uploads\/2024\/07\/v2c-electric-chargers.jpg",1200,675,false],"xxl":["https:\/\/v2charge.com\/wp-content\/uploads\/2024\/07\/v2c-electric-chargers.jpg",1200,675,false],"xxxl":["https:\/\/v2charge.com\/wp-content\/uploads\/2024\/07\/v2c-electric-chargers.jpg",1200,675,false],"xxxxl":["https:\/\/v2charge.com\/wp-content\/uploads\/2024\/07\/v2c-electric-chargers.jpg",1200,675,false],"xxxxxl":["https:\/\/v2charge.com\/wp-content\/uploads\/2024\/07\/v2c-electric-chargers.jpg",1200,675,false],"1536x1536":["https:\/\/v2charge.com\/wp-content\/uploads\/2024\/07\/v2c-electric-chargers.jpg",1200,675,false],"2048x2048":["https:\/\/v2charge.com\/wp-content\/uploads\/2024\/07\/v2c-electric-chargers.jpg",1200,675,false]},"uagb_author_info":{"display_name":"V2C","author_link":"https:\/\/v2charge.com\/pt-pt\/author\/marketing\/"},"uagb_comment_info":0,"uagb_excerpt":"Como enviar um bilhete para o suporte t\u00e9cnico? Na V2C dispomos de um Centro de Apoio T\u00e9cnico. Entre no seguinte link, preencha os campos obrigat\u00f3rios campos obrigat\u00f3rios e entraremos em contacto consigo o mais rapidamente poss\u00edvel: https:\/\/v2charge.atlassian.net\/servicedesk\/customer\/portal\/3\/group\/4\/create\/12 Tamb\u00e9m pode aceder ao Centro de Apoio T\u00e9cnico atrav\u00e9s da aplica\u00e7\u00e3o V2C Cloud: 1. Clique no \u00edcone Utilizador&hellip;","_links":{"self":[{"href":"https:\/\/v2charge.com\/pt-pt\/wp-json\/wp\/v2\/pages\/113166","targetHints":{"allow":["GET"]}}],"collection":[{"href":"https:\/\/v2charge.com\/pt-pt\/wp-json\/wp\/v2\/pages"}],"about":[{"href":"https:\/\/v2charge.com\/pt-pt\/wp-json\/wp\/v2\/types\/page"}],"author":[{"embeddable":true,"href":"https:\/\/v2charge.com\/pt-pt\/wp-json\/wp\/v2\/users\/400"}],"replies":[{"embeddable":true,"href":"https:\/\/v2charge.com\/pt-pt\/wp-json\/wp\/v2\/comments?post=113166"}],"version-history":[{"count":0,"href":"https:\/\/v2charge.com\/pt-pt\/wp-json\/wp\/v2\/pages\/113166\/revisions"}],"wp:featuredmedia":[{"embeddable":true,"href":"https:\/\/v2charge.com\/pt-pt\/wp-json\/wp\/v2\/media\/170353"}],"wp:attachment":[{"href":"https:\/\/v2charge.com\/pt-pt\/wp-json\/wp\/v2\/media?parent=113166"}],"curies":[{"name":"wp","href":"https:\/\/api.w.org\/{rel}","templated":true}]}}