{"id":113168,"date":"2023-07-12T13:58:30","date_gmt":"2023-07-12T13:58:30","guid":{"rendered":"https:\/\/v2charge.com\/vincular-google-home-cargador\/"},"modified":"2024-08-27T16:43:54","modified_gmt":"2024-08-27T14:43:54","slug":"ligacao-google-home-carregador","status":"publish","type":"page","link":"https:\/\/v2charge.com\/pt-pt\/ligacao-google-home-carregador\/","title":{"rendered":"Emparelhar o Google Home com o seu carregador"},"content":{"rendered":"\n<div style=\"height:60px\" aria-hidden=\"true\" class=\"wp-block-spacer\"><\/div>\n\n\n\n<h1 class=\"wp-block-heading\">Emparelhar o Google Home com o seu carregador<\/h1>\n\n\n\n<p>O ponto de carregamento Trydan \u00e9 capaz de se ligar a dispositivos inteligentes como o Google Home.<\/p>\n\n\n\n<h2 class=\"wp-block-heading\">Etapas anteriores<\/h2>\n\n\n\n<p>Antes de emparelhar o carregador com o dispositivo Google Home, tem de ter a aplica\u00e7\u00e3o Google Home instalada no seu dispositivo m\u00f3vel. Aceda \u00e0 App Store (iOS) ou ao Google Play (Android) e procure &#8220;Google Home&#8221; para transferir a aplica\u00e7\u00e3o.<\/p>\n\n\n\n<div class=\"wp-block-uagb-container uagb-block-b8e3f6f4 alignfull uagb-is-root-container\"><div class=\"uagb-container-inner-blocks-wrap\">\n<div class=\"wp-block-uagb-container uagb-block-3d0c76dc\">\n<div class=\"wp-block-uagb-image aligncenter uagb-block-03d1945f wp-block-uagb-image--layout-default wp-block-uagb-image--effect-static wp-block-uagb-image--align-center\"><figure class=\"wp-block-uagb-image__figure\"><img decoding=\"async\" srcset=\"https:\/\/v2charge.com\/wp-content\/uploads\/2023\/07\/download-google-home.jpg ,https:\/\/v2charge.com\/wp-content\/uploads\/2023\/07\/download-google-home.jpg 780w, https:\/\/v2charge.com\/wp-content\/uploads\/2023\/07\/download-google-home.jpg 360w\" sizes=\"auto, (max-width: 480px) 150px\" src=\"https:\/\/v2charge.com\/wp-content\/uploads\/2023\/07\/download-google-home.jpg\" alt=\"\" class=\"uag-image-113463\" width=\"400\" height=\"560\" title=\"download-google-home\" loading=\"lazy\" role=\"img\"\/><\/figure><\/div>\n<\/div>\n<\/div><\/div>\n\n\n\n<div style=\"height:50px\" aria-hidden=\"true\" class=\"wp-block-spacer\"><\/div>\n\n\n\n<h2 class=\"wp-block-heading\">Associar a sua conta V2C Cloud ao Google Home<\/h2>\n\n\n\n<div class=\"wp-block-uagb-container uagb-block-b771d8be alignfull uagb-is-root-container\"><div class=\"uagb-container-inner-blocks-wrap\">\n<div class=\"wp-block-uagb-container uagb-block-60830121\">\n<div class=\"wp-block-uagb-image uagb-block-3e21f42a wp-block-uagb-image--layout-default wp-block-uagb-image--effect-static wp-block-uagb-image--align-none\"><figure class=\"wp-block-uagb-image__figure\"><img decoding=\"async\" srcset=\"https:\/\/v2charge.com\/wp-content\/uploads\/2023\/07\/add-devicejpg.jpg ,https:\/\/v2charge.com\/wp-content\/uploads\/2023\/07\/add-devicejpg.jpg 780w, https:\/\/v2charge.com\/wp-content\/uploads\/2023\/07\/add-devicejpg.jpg 360w\" sizes=\"auto, (max-width: 480px) 150px\" src=\"https:\/\/v2charge.com\/wp-content\/uploads\/2023\/07\/add-devicejpg.jpg\" alt=\"\" class=\"uag-image-113472\" width=\"400\" height=\"560\" title=\"add-devicejpg\" loading=\"lazy\" role=\"img\"\/><\/figure><\/div>\n<\/div>\n\n\n\n<div class=\"wp-block-uagb-container uagb-block-62263857\">\n<div class=\"wp-block-uagb-image uagb-block-421002f0 wp-block-uagb-image--layout-default wp-block-uagb-image--effect-static wp-block-uagb-image--align-none\"><figure class=\"wp-block-uagb-image__figure\"><img decoding=\"async\" srcset=\"https:\/\/v2charge.com\/wp-content\/uploads\/2023\/07\/works-google.jpg ,https:\/\/v2charge.com\/wp-content\/uploads\/2023\/07\/works-google.jpg 780w, https:\/\/v2charge.com\/wp-content\/uploads\/2023\/07\/works-google.jpg 360w\" sizes=\"auto, (max-width: 480px) 150px\" src=\"https:\/\/v2charge.com\/wp-content\/uploads\/2023\/07\/works-google.jpg\" alt=\"\" class=\"uag-image-113481\" width=\"400\" height=\"560\" title=\"works-google\" loading=\"lazy\" role=\"img\"\/><\/figure><\/div>\n<\/div>\n\n\n\n<div class=\"wp-block-uagb-container uagb-block-8314d60b\">\n<div class=\"wp-block-uagb-image uagb-block-d5a54c7d wp-block-uagb-image--layout-default wp-block-uagb-image--effect-static wp-block-uagb-image--align-none\"><figure class=\"wp-block-uagb-image__figure\"><img decoding=\"async\" srcset=\"https:\/\/v2charge.com\/wp-content\/uploads\/2023\/07\/search-v2c.jpg ,https:\/\/v2charge.com\/wp-content\/uploads\/2023\/07\/search-v2c.jpg 780w, https:\/\/v2charge.com\/wp-content\/uploads\/2023\/07\/search-v2c.jpg 360w\" sizes=\"auto, (max-width: 480px) 150px\" src=\"https:\/\/v2charge.com\/wp-content\/uploads\/2023\/07\/search-v2c.jpg\" alt=\"\" class=\"uag-image-113509\" width=\"400\" height=\"560\" title=\"search-v2c\" loading=\"lazy\" role=\"img\"\/><\/figure><\/div>\n<\/div>\n<\/div><\/div>\n\n\n\n<div class=\"wp-block-uagb-container uagb-block-6f6199a5 alignfull uagb-is-root-container\"><div class=\"uagb-container-inner-blocks-wrap\">\n<div class=\"wp-block-uagb-container uagb-block-06aa4290\">\n<div class=\"wp-block-uagb-image uagb-block-4118a003 wp-block-uagb-image--layout-default wp-block-uagb-image--effect-static wp-block-uagb-image--align-none\"><figure class=\"wp-block-uagb-image__figure\"><img decoding=\"async\" srcset=\"https:\/\/v2charge.com\/wp-content\/uploads\/2023\/07\/sign-in.jpg ,https:\/\/v2charge.com\/wp-content\/uploads\/2023\/07\/sign-in.jpg 780w, https:\/\/v2charge.com\/wp-content\/uploads\/2023\/07\/sign-in.jpg 360w\" sizes=\"auto, (max-width: 480px) 150px\" src=\"https:\/\/v2charge.com\/wp-content\/uploads\/2023\/07\/sign-in.jpg\" alt=\"\" class=\"uag-image-113499\" width=\"400\" height=\"560\" title=\"sign-in\" loading=\"lazy\" role=\"img\"\/><\/figure><\/div>\n<\/div>\n\n\n\n<div class=\"wp-block-uagb-container uagb-block-d7bee0ed\">\n<div class=\"wp-block-uagb-image uagb-block-34e0a726 wp-block-uagb-image--layout-default wp-block-uagb-image--effect-static wp-block-uagb-image--align-none\"><figure class=\"wp-block-uagb-image__figure\"><img decoding=\"async\" srcset=\"https:\/\/v2charge.com\/wp-content\/uploads\/2023\/07\/devices.jpg ,https:\/\/v2charge.com\/wp-content\/uploads\/2023\/07\/devices.jpg 780w, https:\/\/v2charge.com\/wp-content\/uploads\/2023\/07\/devices.jpg 360w\" sizes=\"auto, (max-width: 480px) 150px\" src=\"https:\/\/v2charge.com\/wp-content\/uploads\/2023\/07\/devices.jpg\" alt=\"\" class=\"uag-image-113518\" width=\"400\" height=\"560\" title=\"devices\" loading=\"lazy\" role=\"img\"\/><\/figure><\/div>\n<\/div>\n<\/div><\/div>\n\n\n\n<p>Agora que j\u00e1 fez o emparelhamento, conhe\u00e7a <a href=\"https:\/\/v2charge.com\/pt-pt\/comandos-funcionais-google-home\/\">os comandos funcionais do Google Home para controlar o seu carregador.<\/a><\/p>\n\n\n\n<div style=\"height:100px\" aria-hidden=\"true\" class=\"wp-block-spacer\"><\/div>\n","protected":false},"excerpt":{"rendered":"<p>Emparelhar o Google Home com o seu carregador O ponto de carregamento Trydan \u00e9 capaz de se ligar a dispositivos inteligentes como o Google Home. Etapas anteriores Antes de emparelhar o carregador com o dispositivo Google Home, tem de ter a aplica\u00e7\u00e3o Google Home instalada no seu dispositivo m\u00f3vel. Aceda \u00e0 App Store (iOS) ou &#8230; <a title=\"Emparelhar o Google Home com o seu carregador\" class=\"read-more\" href=\"https:\/\/v2charge.com\/pt-pt\/ligacao-google-home-carregador\/\" aria-label=\"Leia mais sobre Emparelhar o Google Home com o seu carregador\">Ler mais<\/a><\/p>\n","protected":false},"author":400,"featured_media":0,"parent":0,"menu_order":0,"comment_status":"closed","ping_status":"closed","template":"","meta":{"_eb_attr":"","content-type":"","_uag_custom_page_level_css":"","footnotes":""},"class_list":["post-113168","page","type-page","status-publish"],"yoast_head":"<!-- This site is optimized with the Yoast SEO plugin v25.3.1 - https:\/\/yoast.com\/wordpress\/plugins\/seo\/ -->\n<title>Emparelhar carregador com o Google Home - Conetividade | V2C<\/title>\n<meta name=\"description\" content=\"O ponto de carregamento Trydan \u00e9 capaz de se ligar a dispositivos inteligentes. Ligue o seu carregador e controle o seu e-Charger.\" \/>\n<meta name=\"robots\" content=\"index, follow, max-snippet:-1, max-image-preview:large, max-video-preview:-1\" \/>\n<link rel=\"canonical\" href=\"https:\/\/v2charge.com\/pt-pt\/ligacao-google-home-carregador\/\" \/>\n<meta property=\"og:locale\" content=\"pt_PT\" \/>\n<meta property=\"og:type\" content=\"article\" \/>\n<meta property=\"og:title\" content=\"Emparelhar carregador com o Google Home - Conetividade | V2C\" \/>\n<meta property=\"og:description\" content=\"O ponto de carregamento Trydan \u00e9 capaz de se ligar a dispositivos inteligentes. Ligue o seu carregador e controle o seu e-Charger.\" \/>\n<meta property=\"og:url\" content=\"https:\/\/v2charge.com\/pt-pt\/ligacao-google-home-carregador\/\" \/>\n<meta property=\"og:site_name\" content=\"V2C\" \/>\n<meta property=\"article:publisher\" content=\"https:\/\/www.facebook.com\/V2C.Charge\" \/>\n<meta property=\"article:modified_time\" content=\"2024-08-27T14:43:54+00:00\" \/>\n<meta property=\"og:image\" content=\"https:\/\/v2charge.com\/wp-content\/uploads\/2023\/07\/download-google-home.jpg\" \/>\n<meta name=\"twitter:card\" content=\"summary_large_image\" \/>\n<meta name=\"twitter:site\" content=\"@V2C_Charge\" \/>\n<meta name=\"twitter:label1\" content=\"Tempo estimado de leitura\" \/>\n\t<meta name=\"twitter:data1\" content=\"2 minutos\" \/>\n<script type=\"application\/ld+json\" class=\"yoast-schema-graph\">{\"@context\":\"https:\/\/schema.org\",\"@graph\":[{\"@type\":\"WebPage\",\"@id\":\"https:\/\/v2charge.com\/pt-pt\/ligacao-google-home-carregador\/\",\"url\":\"https:\/\/v2charge.com\/pt-pt\/ligacao-google-home-carregador\/\",\"name\":\"Emparelhar carregador com o Google Home - Conetividade | V2C\",\"isPartOf\":{\"@id\":\"https:\/\/v2charge.com\/pt-pt\/#website\"},\"primaryImageOfPage\":{\"@id\":\"https:\/\/v2charge.com\/pt-pt\/ligacao-google-home-carregador\/#primaryimage\"},\"image\":{\"@id\":\"https:\/\/v2charge.com\/pt-pt\/ligacao-google-home-carregador\/#primaryimage\"},\"thumbnailUrl\":\"https:\/\/v2charge.com\/wp-content\/uploads\/2023\/07\/download-google-home.jpg\",\"datePublished\":\"2023-07-12T13:58:30+00:00\",\"dateModified\":\"2024-08-27T14:43:54+00:00\",\"description\":\"O ponto de carregamento Trydan \u00e9 capaz de se ligar a dispositivos inteligentes. Ligue o seu carregador e controle o seu e-Charger.\",\"breadcrumb\":{\"@id\":\"https:\/\/v2charge.com\/pt-pt\/ligacao-google-home-carregador\/#breadcrumb\"},\"inLanguage\":\"pt-PT\",\"potentialAction\":[{\"@type\":\"ReadAction\",\"target\":[\"https:\/\/v2charge.com\/pt-pt\/ligacao-google-home-carregador\/\"]}]},{\"@type\":\"ImageObject\",\"inLanguage\":\"pt-PT\",\"@id\":\"https:\/\/v2charge.com\/pt-pt\/ligacao-google-home-carregador\/#primaryimage\",\"url\":\"https:\/\/v2charge.com\/wp-content\/uploads\/2023\/07\/download-google-home.jpg\",\"contentUrl\":\"https:\/\/v2charge.com\/wp-content\/uploads\/2023\/07\/download-google-home.jpg\"},{\"@type\":\"BreadcrumbList\",\"@id\":\"https:\/\/v2charge.com\/pt-pt\/ligacao-google-home-carregador\/#breadcrumb\",\"itemListElement\":[{\"@type\":\"ListItem\",\"position\":1,\"name\":\"V2C\",\"item\":\"https:\/\/v2charge.com\/pt-pt\/\"},{\"@type\":\"ListItem\",\"position\":2,\"name\":\"Emparelhar o Google Home com o seu carregador\"}]},{\"@type\":\"WebSite\",\"@id\":\"https:\/\/v2charge.com\/pt-pt\/#website\",\"url\":\"https:\/\/v2charge.com\/pt-pt\/\",\"name\":\"V2C\",\"description\":\"#CargandoElMa\u00f1ana\",\"publisher\":{\"@id\":\"https:\/\/v2charge.com\/pt-pt\/#organization\"},\"potentialAction\":[{\"@type\":\"SearchAction\",\"target\":{\"@type\":\"EntryPoint\",\"urlTemplate\":\"https:\/\/v2charge.com\/pt-pt\/?s={search_term_string}\"},\"query-input\":{\"@type\":\"PropertyValueSpecification\",\"valueRequired\":true,\"valueName\":\"search_term_string\"}}],\"inLanguage\":\"pt-PT\"},{\"@type\":\"Organization\",\"@id\":\"https:\/\/v2charge.com\/pt-pt\/#organization\",\"name\":\"V2C\",\"url\":\"https:\/\/v2charge.com\/pt-pt\/\",\"logo\":{\"@type\":\"ImageObject\",\"inLanguage\":\"pt-PT\",\"@id\":\"https:\/\/v2charge.com\/pt-pt\/#\/schema\/logo\/image\/\",\"url\":\"https:\/\/v2charge.com\/wp-content\/uploads\/2024\/11\/cropped-v2c-charge-logo-menu.png\",\"contentUrl\":\"https:\/\/v2charge.com\/wp-content\/uploads\/2024\/11\/cropped-v2c-charge-logo-menu.png\",\"width\":984,\"height\":431,\"caption\":\"V2C\"},\"image\":{\"@id\":\"https:\/\/v2charge.com\/pt-pt\/#\/schema\/logo\/image\/\"},\"sameAs\":[\"https:\/\/www.facebook.com\/V2C.Charge\",\"https:\/\/x.com\/V2C_Charge\",\"https:\/\/www.instagram.com\/v2c.charge\/\",\"https:\/\/www.youtube.com\/@V2C\",\"https:\/\/www.linkedin.com\/company\/v2c-chargers\/\"]}]}<\/script>\n<!-- \/ Yoast SEO plugin. -->","yoast_head_json":{"title":"Emparelhar carregador com o Google Home - Conetividade | V2C","description":"O ponto de carregamento Trydan \u00e9 capaz de se ligar a dispositivos inteligentes. Ligue o seu carregador e controle o seu e-Charger.","robots":{"index":"index","follow":"follow","max-snippet":"max-snippet:-1","max-image-preview":"max-image-preview:large","max-video-preview":"max-video-preview:-1"},"canonical":"https:\/\/v2charge.com\/pt-pt\/ligacao-google-home-carregador\/","og_locale":"pt_PT","og_type":"article","og_title":"Emparelhar carregador com o Google Home - Conetividade | V2C","og_description":"O ponto de carregamento Trydan \u00e9 capaz de se ligar a dispositivos inteligentes. Ligue o seu carregador e controle o seu e-Charger.","og_url":"https:\/\/v2charge.com\/pt-pt\/ligacao-google-home-carregador\/","og_site_name":"V2C","article_publisher":"https:\/\/www.facebook.com\/V2C.Charge","article_modified_time":"2024-08-27T14:43:54+00:00","og_image":[{"url":"https:\/\/v2charge.com\/wp-content\/uploads\/2023\/07\/download-google-home.jpg","type":"","width":"","height":""}],"twitter_card":"summary_large_image","twitter_site":"@V2C_Charge","twitter_misc":{"Tempo estimado de leitura":"2 minutos"},"schema":{"@context":"https:\/\/schema.org","@graph":[{"@type":"WebPage","@id":"https:\/\/v2charge.com\/pt-pt\/ligacao-google-home-carregador\/","url":"https:\/\/v2charge.com\/pt-pt\/ligacao-google-home-carregador\/","name":"Emparelhar carregador com o Google Home - Conetividade | V2C","isPartOf":{"@id":"https:\/\/v2charge.com\/pt-pt\/#website"},"primaryImageOfPage":{"@id":"https:\/\/v2charge.com\/pt-pt\/ligacao-google-home-carregador\/#primaryimage"},"image":{"@id":"https:\/\/v2charge.com\/pt-pt\/ligacao-google-home-carregador\/#primaryimage"},"thumbnailUrl":"https:\/\/v2charge.com\/wp-content\/uploads\/2023\/07\/download-google-home.jpg","datePublished":"2023-07-12T13:58:30+00:00","dateModified":"2024-08-27T14:43:54+00:00","description":"O ponto de carregamento Trydan \u00e9 capaz de se ligar a dispositivos inteligentes. Ligue o seu carregador e controle o seu e-Charger.","breadcrumb":{"@id":"https:\/\/v2charge.com\/pt-pt\/ligacao-google-home-carregador\/#breadcrumb"},"inLanguage":"pt-PT","potentialAction":[{"@type":"ReadAction","target":["https:\/\/v2charge.com\/pt-pt\/ligacao-google-home-carregador\/"]}]},{"@type":"ImageObject","inLanguage":"pt-PT","@id":"https:\/\/v2charge.com\/pt-pt\/ligacao-google-home-carregador\/#primaryimage","url":"https:\/\/v2charge.com\/wp-content\/uploads\/2023\/07\/download-google-home.jpg","contentUrl":"https:\/\/v2charge.com\/wp-content\/uploads\/2023\/07\/download-google-home.jpg"},{"@type":"BreadcrumbList","@id":"https:\/\/v2charge.com\/pt-pt\/ligacao-google-home-carregador\/#breadcrumb","itemListElement":[{"@type":"ListItem","position":1,"name":"V2C","item":"https:\/\/v2charge.com\/pt-pt\/"},{"@type":"ListItem","position":2,"name":"Emparelhar o Google Home com o seu carregador"}]},{"@type":"WebSite","@id":"https:\/\/v2charge.com\/pt-pt\/#website","url":"https:\/\/v2charge.com\/pt-pt\/","name":"V2C","description":"#CargandoElMa\u00f1ana","publisher":{"@id":"https:\/\/v2charge.com\/pt-pt\/#organization"},"potentialAction":[{"@type":"SearchAction","target":{"@type":"EntryPoint","urlTemplate":"https:\/\/v2charge.com\/pt-pt\/?s={search_term_string}"},"query-input":{"@type":"PropertyValueSpecification","valueRequired":true,"valueName":"search_term_string"}}],"inLanguage":"pt-PT"},{"@type":"Organization","@id":"https:\/\/v2charge.com\/pt-pt\/#organization","name":"V2C","url":"https:\/\/v2charge.com\/pt-pt\/","logo":{"@type":"ImageObject","inLanguage":"pt-PT","@id":"https:\/\/v2charge.com\/pt-pt\/#\/schema\/logo\/image\/","url":"https:\/\/v2charge.com\/wp-content\/uploads\/2024\/11\/cropped-v2c-charge-logo-menu.png","contentUrl":"https:\/\/v2charge.com\/wp-content\/uploads\/2024\/11\/cropped-v2c-charge-logo-menu.png","width":984,"height":431,"caption":"V2C"},"image":{"@id":"https:\/\/v2charge.com\/pt-pt\/#\/schema\/logo\/image\/"},"sameAs":["https:\/\/www.facebook.com\/V2C.Charge","https:\/\/x.com\/V2C_Charge","https:\/\/www.instagram.com\/v2c.charge\/","https:\/\/www.youtube.com\/@V2C","https:\/\/www.linkedin.com\/company\/v2c-chargers\/"]}]}},"uagb_featured_image_src":{"full":false,"thumbnail":false,"medium":false,"medium_large":false,"large":false,"gs-tiny":false,"xl":false,"xxl":false,"xxxl":false,"xxxxl":false,"xxxxxl":false,"1536x1536":false,"2048x2048":false},"uagb_author_info":{"display_name":"V2C","author_link":"https:\/\/v2charge.com\/pt-pt\/author\/marketing\/"},"uagb_comment_info":0,"uagb_excerpt":"Emparelhar o Google Home com o seu carregador O ponto de carregamento Trydan \u00e9 capaz de se ligar a dispositivos inteligentes como o Google Home. Etapas anteriores Antes de emparelhar o carregador com o dispositivo Google Home, tem de ter a aplica\u00e7\u00e3o Google Home instalada no seu dispositivo m\u00f3vel. Aceda \u00e0 App Store (iOS) ou&hellip;","_links":{"self":[{"href":"https:\/\/v2charge.com\/pt-pt\/wp-json\/wp\/v2\/pages\/113168","targetHints":{"allow":["GET"]}}],"collection":[{"href":"https:\/\/v2charge.com\/pt-pt\/wp-json\/wp\/v2\/pages"}],"about":[{"href":"https:\/\/v2charge.com\/pt-pt\/wp-json\/wp\/v2\/types\/page"}],"author":[{"embeddable":true,"href":"https:\/\/v2charge.com\/pt-pt\/wp-json\/wp\/v2\/users\/400"}],"replies":[{"embeddable":true,"href":"https:\/\/v2charge.com\/pt-pt\/wp-json\/wp\/v2\/comments?post=113168"}],"version-history":[{"count":2,"href":"https:\/\/v2charge.com\/pt-pt\/wp-json\/wp\/v2\/pages\/113168\/revisions"}],"predecessor-version":[{"id":176272,"href":"https:\/\/v2charge.com\/pt-pt\/wp-json\/wp\/v2\/pages\/113168\/revisions\/176272"}],"wp:attachment":[{"href":"https:\/\/v2charge.com\/pt-pt\/wp-json\/wp\/v2\/media?parent=113168"}],"curies":[{"name":"wp","href":"https:\/\/api.w.org\/{rel}","templated":true}]}}