{"id":113316,"date":"2023-07-12T09:50:10","date_gmt":"2023-07-12T09:50:10","guid":{"rendered":"https:\/\/v2charge.com\/comandos-funcionales-google-home\/"},"modified":"2024-08-22T17:34:50","modified_gmt":"2024-08-22T15:34:50","slug":"comandos-funcionais-google-home","status":"publish","type":"page","link":"https:\/\/v2charge.com\/pt-pt\/comandos-funcionais-google-home\/","title":{"rendered":"Comandos funcionais do Google Home"},"content":{"rendered":"\n<div class=\"wp-block-uagb-container uagb-block-cd89cedf alignfull uagb-is-root-container\"><div class=\"uagb-container-inner-blocks-wrap\">\n<div class=\"wp-block-uagb-container uagb-block-31d498dc\">\n<div class=\"wp-block-uagb-container uagb-block-8069f479\"><\/div>\n\n\n\n<div class=\"wp-block-uagb-container uagb-block-882b1cc4\">\n<div class=\"wp-block-uagb-advanced-heading uagb-block-bd04dd0d\"><h1 class=\"uagb-heading-text\">Comandos funcionais do Google Home<\/h1><\/div>\n\n\n\n<div class=\"wp-block-uagb-advanced-heading uagb-block-99092e1a\"><h2 class=\"uagb-heading-text\">O e-charger, ao alcance da sua voz<\/h2><\/div>\n\n\n\n<p class=\"has-base-3-color has-text-color\" style=\"font-size:16px\">Descubra todos os comandos funcionais do Google Home e controle o seu e-Charger. Inova\u00e7\u00e3o, imediatismo e comodidade para uma experi\u00eancia de carregamento \u00fanica.<\/p>\n\n\n\n<div class=\"wp-block-uagb-buttons uagb-buttons__outer-wrap uagb-btn__default-btn uagb-btn-tablet__default-btn uagb-btn-mobile__default-btn uagb-block-b1ed4ca2\"><div class=\"uagb-buttons__wrap uagb-buttons-layout-wrap \">\n<div class=\"wp-block-uagb-buttons-child uagb-buttons__outer-wrap uagb-block-b3702473 wp-block-button is-style-outline\"><div class=\"uagb-button__wrapper\"><a class=\"uagb-buttons-repeater wp-block-button__link\" aria-label=\"\" href=\"https:\/\/v2charge.com\/pt-pt\/ligacao-google-home-carregador\/\" rel=\"follow noopener\" target=\"_self\"><div class=\"uagb-button__link\">Vincule o seu e-Charger ao Google Home<\/div><\/a><\/div><\/div>\n<\/div><\/div>\n<\/div>\n<\/div>\n<\/div><\/div>\n\n\n\n<div style=\"height:49px\" aria-hidden=\"true\" class=\"wp-block-spacer\"><\/div>\n\n\n\n<div class=\"wp-block-uagb-container uagb-block-0e2c437b alignfull uagb-is-root-container\"><div class=\"uagb-container-inner-blocks-wrap\">\n<div class=\"wp-block-uagb-advanced-heading uagb-block-2c05e74c\"><h2 class=\"uagb-heading-text\">Bloquear o e-Charger<\/h2><\/div>\n\n\n\n<p>&#8220;OK Google, bloquear (nome do carregador)&#8221;.<\/p>\n<\/div><\/div>\n\n\n\n<div style=\"height:40px\" aria-hidden=\"true\" class=\"wp-block-spacer\"><\/div>\n\n\n\n<div class=\"wp-block-uagb-container uagb-block-c502cbf8 alignfull uagb-is-root-container\"><div class=\"uagb-container-inner-blocks-wrap\">\n<div class=\"wp-block-uagb-advanced-heading uagb-block-18682ccc\"><h2 class=\"uagb-heading-text\">Desbloquear o e-Charger<\/h2><\/div>\n\n\n\n<p>&#8220;OK Google, desbloquear (nome do carregador)&#8221;.<\/p>\n<\/div><\/div>\n\n\n\n<div style=\"height:40px\" aria-hidden=\"true\" class=\"wp-block-spacer\"><\/div>\n\n\n\n<div class=\"wp-block-uagb-container uagb-block-10b89760 alignfull uagb-is-root-container\"><div class=\"uagb-container-inner-blocks-wrap\">\n<div class=\"wp-block-uagb-advanced-heading uagb-block-9340dda2\"><h2 class=\"uagb-heading-text\">Saber o estado atual do seu e-Charger<\/h2><\/div>\n\n\n\n<p>&#8220;OK Google, diz-me se o (nome do carregador) est\u00e1 a carregar&#8221;.<\/p>\n\n\n\n<p>&#8220;OK Google, diz-me se o dispositivo (nome do carregador) est\u00e1 a carregar&#8221;.<\/p>\n<\/div><\/div>\n\n\n\n<div style=\"height:49px\" aria-hidden=\"true\" class=\"wp-block-spacer\"><\/div>\n","protected":false},"excerpt":{"rendered":"<p>Comandos funcionais do Google Home O e-charger, ao alcance da sua voz Descubra todos os comandos funcionais do Google Home e controle o seu e-Charger. Inova\u00e7\u00e3o, imediatismo e comodidade para uma experi\u00eancia de carregamento \u00fanica. Bloquear o e-Charger &#8220;OK Google, bloquear (nome do carregador)&#8221;. Desbloquear o e-Charger &#8220;OK Google, desbloquear (nome do carregador)&#8221;. Saber o &#8230; <a title=\"Comandos funcionais do Google Home\" class=\"read-more\" href=\"https:\/\/v2charge.com\/pt-pt\/comandos-funcionais-google-home\/\" aria-label=\"Leia mais sobre Comandos funcionais do Google Home\">Ler mais<\/a><\/p>\n","protected":false},"author":400,"featured_media":0,"parent":0,"menu_order":0,"comment_status":"closed","ping_status":"closed","template":"","meta":{"_eb_attr":"","content-type":"","_uag_custom_page_level_css":"","footnotes":""},"class_list":["post-113316","page","type-page","status-publish"],"yoast_head":"<!-- This site is optimized with the Yoast SEO plugin v25.3.1 - https:\/\/yoast.com\/wordpress\/plugins\/seo\/ -->\n<title>Comandos funcionais do Google Home para a V2C Cloud | V2C \u00ae<\/title>\n<meta name=\"description\" content=\"Conhe\u00e7a os comandos funcionais do Google Home para o seu e-Charger V2C e comece a gerir o carregamento do seu ve\u00edculo em tempo real.\" \/>\n<meta name=\"robots\" content=\"index, follow, max-snippet:-1, max-image-preview:large, max-video-preview:-1\" \/>\n<link rel=\"canonical\" href=\"https:\/\/v2charge.com\/pt-pt\/comandos-funcionais-google-home\/\" \/>\n<meta property=\"og:locale\" content=\"pt_PT\" \/>\n<meta property=\"og:type\" content=\"article\" \/>\n<meta property=\"og:title\" content=\"Comandos funcionais do Google Home para a V2C Cloud | V2C \u00ae\" \/>\n<meta property=\"og:description\" content=\"Conhe\u00e7a os comandos funcionais do Google Home para o seu e-Charger V2C e comece a gerir o carregamento do seu ve\u00edculo em tempo real.\" \/>\n<meta property=\"og:url\" content=\"https:\/\/v2charge.com\/pt-pt\/comandos-funcionais-google-home\/\" \/>\n<meta property=\"og:site_name\" content=\"V2C\" \/>\n<meta property=\"article:publisher\" content=\"https:\/\/www.facebook.com\/V2C.Charge\" \/>\n<meta property=\"article:modified_time\" content=\"2024-08-22T15:34:50+00:00\" \/>\n<meta property=\"og:image\" content=\"https:\/\/v2charge.com\/wp-content\/uploads\/2024\/07\/v2c-electric-chargers.jpg\" \/>\n\t<meta property=\"og:image:width\" content=\"1200\" \/>\n\t<meta property=\"og:image:height\" content=\"675\" \/>\n\t<meta property=\"og:image:type\" content=\"image\/jpeg\" \/>\n<meta name=\"twitter:card\" content=\"summary_large_image\" \/>\n<meta name=\"twitter:site\" content=\"@V2C_Charge\" \/>\n<meta name=\"twitter:label1\" content=\"Tempo estimado de leitura\" \/>\n\t<meta name=\"twitter:data1\" content=\"1 minuto\" \/>\n<script type=\"application\/ld+json\" class=\"yoast-schema-graph\">{\"@context\":\"https:\/\/schema.org\",\"@graph\":[{\"@type\":\"WebPage\",\"@id\":\"https:\/\/v2charge.com\/pt-pt\/comandos-funcionais-google-home\/\",\"url\":\"https:\/\/v2charge.com\/pt-pt\/comandos-funcionais-google-home\/\",\"name\":\"Comandos funcionais do Google Home para a V2C Cloud | V2C \u00ae\",\"isPartOf\":{\"@id\":\"https:\/\/v2charge.com\/pt-pt\/#website\"},\"datePublished\":\"2023-07-12T09:50:10+00:00\",\"dateModified\":\"2024-08-22T15:34:50+00:00\",\"description\":\"Conhe\u00e7a os comandos funcionais do Google Home para o seu e-Charger V2C e comece a gerir o carregamento do seu ve\u00edculo em tempo real.\",\"breadcrumb\":{\"@id\":\"https:\/\/v2charge.com\/pt-pt\/comandos-funcionais-google-home\/#breadcrumb\"},\"inLanguage\":\"pt-PT\",\"potentialAction\":[{\"@type\":\"ReadAction\",\"target\":[\"https:\/\/v2charge.com\/pt-pt\/comandos-funcionais-google-home\/\"]}]},{\"@type\":\"BreadcrumbList\",\"@id\":\"https:\/\/v2charge.com\/pt-pt\/comandos-funcionais-google-home\/#breadcrumb\",\"itemListElement\":[{\"@type\":\"ListItem\",\"position\":1,\"name\":\"V2C\",\"item\":\"https:\/\/v2charge.com\/pt-pt\/\"},{\"@type\":\"ListItem\",\"position\":2,\"name\":\"Comandos funcionais do Google Home\"}]},{\"@type\":\"WebSite\",\"@id\":\"https:\/\/v2charge.com\/pt-pt\/#website\",\"url\":\"https:\/\/v2charge.com\/pt-pt\/\",\"name\":\"V2C\",\"description\":\"#CargandoElMa\u00f1ana\",\"publisher\":{\"@id\":\"https:\/\/v2charge.com\/pt-pt\/#organization\"},\"potentialAction\":[{\"@type\":\"SearchAction\",\"target\":{\"@type\":\"EntryPoint\",\"urlTemplate\":\"https:\/\/v2charge.com\/pt-pt\/?s={search_term_string}\"},\"query-input\":{\"@type\":\"PropertyValueSpecification\",\"valueRequired\":true,\"valueName\":\"search_term_string\"}}],\"inLanguage\":\"pt-PT\"},{\"@type\":\"Organization\",\"@id\":\"https:\/\/v2charge.com\/pt-pt\/#organization\",\"name\":\"V2C\",\"url\":\"https:\/\/v2charge.com\/pt-pt\/\",\"logo\":{\"@type\":\"ImageObject\",\"inLanguage\":\"pt-PT\",\"@id\":\"https:\/\/v2charge.com\/pt-pt\/#\/schema\/logo\/image\/\",\"url\":\"https:\/\/v2charge.com\/wp-content\/uploads\/2024\/11\/cropped-v2c-charge-logo-menu.png\",\"contentUrl\":\"https:\/\/v2charge.com\/wp-content\/uploads\/2024\/11\/cropped-v2c-charge-logo-menu.png\",\"width\":984,\"height\":431,\"caption\":\"V2C\"},\"image\":{\"@id\":\"https:\/\/v2charge.com\/pt-pt\/#\/schema\/logo\/image\/\"},\"sameAs\":[\"https:\/\/www.facebook.com\/V2C.Charge\",\"https:\/\/x.com\/V2C_Charge\",\"https:\/\/www.instagram.com\/v2c.charge\/\",\"https:\/\/www.youtube.com\/@V2C\",\"https:\/\/www.linkedin.com\/company\/v2c-chargers\/\"]}]}<\/script>\n<!-- \/ Yoast SEO plugin. -->","yoast_head_json":{"title":"Comandos funcionais do Google Home para a V2C Cloud | V2C \u00ae","description":"Conhe\u00e7a os comandos funcionais do Google Home para o seu e-Charger V2C e comece a gerir o carregamento do seu ve\u00edculo em tempo real.","robots":{"index":"index","follow":"follow","max-snippet":"max-snippet:-1","max-image-preview":"max-image-preview:large","max-video-preview":"max-video-preview:-1"},"canonical":"https:\/\/v2charge.com\/pt-pt\/comandos-funcionais-google-home\/","og_locale":"pt_PT","og_type":"article","og_title":"Comandos funcionais do Google Home para a V2C Cloud | V2C \u00ae","og_description":"Conhe\u00e7a os comandos funcionais do Google Home para o seu e-Charger V2C e comece a gerir o carregamento do seu ve\u00edculo em tempo real.","og_url":"https:\/\/v2charge.com\/pt-pt\/comandos-funcionais-google-home\/","og_site_name":"V2C","article_publisher":"https:\/\/www.facebook.com\/V2C.Charge","article_modified_time":"2024-08-22T15:34:50+00:00","og_image":[{"width":1200,"height":675,"url":"https:\/\/v2charge.com\/wp-content\/uploads\/2024\/07\/v2c-electric-chargers.jpg","type":"image\/jpeg"}],"twitter_card":"summary_large_image","twitter_site":"@V2C_Charge","twitter_misc":{"Tempo estimado de leitura":"1 minuto"},"schema":{"@context":"https:\/\/schema.org","@graph":[{"@type":"WebPage","@id":"https:\/\/v2charge.com\/pt-pt\/comandos-funcionais-google-home\/","url":"https:\/\/v2charge.com\/pt-pt\/comandos-funcionais-google-home\/","name":"Comandos funcionais do Google Home para a V2C Cloud | V2C \u00ae","isPartOf":{"@id":"https:\/\/v2charge.com\/pt-pt\/#website"},"datePublished":"2023-07-12T09:50:10+00:00","dateModified":"2024-08-22T15:34:50+00:00","description":"Conhe\u00e7a os comandos funcionais do Google Home para o seu e-Charger V2C e comece a gerir o carregamento do seu ve\u00edculo em tempo real.","breadcrumb":{"@id":"https:\/\/v2charge.com\/pt-pt\/comandos-funcionais-google-home\/#breadcrumb"},"inLanguage":"pt-PT","potentialAction":[{"@type":"ReadAction","target":["https:\/\/v2charge.com\/pt-pt\/comandos-funcionais-google-home\/"]}]},{"@type":"BreadcrumbList","@id":"https:\/\/v2charge.com\/pt-pt\/comandos-funcionais-google-home\/#breadcrumb","itemListElement":[{"@type":"ListItem","position":1,"name":"V2C","item":"https:\/\/v2charge.com\/pt-pt\/"},{"@type":"ListItem","position":2,"name":"Comandos funcionais do Google Home"}]},{"@type":"WebSite","@id":"https:\/\/v2charge.com\/pt-pt\/#website","url":"https:\/\/v2charge.com\/pt-pt\/","name":"V2C","description":"#CargandoElMa\u00f1ana","publisher":{"@id":"https:\/\/v2charge.com\/pt-pt\/#organization"},"potentialAction":[{"@type":"SearchAction","target":{"@type":"EntryPoint","urlTemplate":"https:\/\/v2charge.com\/pt-pt\/?s={search_term_string}"},"query-input":{"@type":"PropertyValueSpecification","valueRequired":true,"valueName":"search_term_string"}}],"inLanguage":"pt-PT"},{"@type":"Organization","@id":"https:\/\/v2charge.com\/pt-pt\/#organization","name":"V2C","url":"https:\/\/v2charge.com\/pt-pt\/","logo":{"@type":"ImageObject","inLanguage":"pt-PT","@id":"https:\/\/v2charge.com\/pt-pt\/#\/schema\/logo\/image\/","url":"https:\/\/v2charge.com\/wp-content\/uploads\/2024\/11\/cropped-v2c-charge-logo-menu.png","contentUrl":"https:\/\/v2charge.com\/wp-content\/uploads\/2024\/11\/cropped-v2c-charge-logo-menu.png","width":984,"height":431,"caption":"V2C"},"image":{"@id":"https:\/\/v2charge.com\/pt-pt\/#\/schema\/logo\/image\/"},"sameAs":["https:\/\/www.facebook.com\/V2C.Charge","https:\/\/x.com\/V2C_Charge","https:\/\/www.instagram.com\/v2c.charge\/","https:\/\/www.youtube.com\/@V2C","https:\/\/www.linkedin.com\/company\/v2c-chargers\/"]}]}},"uagb_featured_image_src":{"full":false,"thumbnail":false,"medium":false,"medium_large":false,"large":false,"gs-tiny":false,"xl":false,"xxl":false,"xxxl":false,"xxxxl":false,"xxxxxl":false,"1536x1536":false,"2048x2048":false},"uagb_author_info":{"display_name":"V2C","author_link":"https:\/\/v2charge.com\/pt-pt\/author\/marketing\/"},"uagb_comment_info":0,"uagb_excerpt":"Comandos funcionais do Google Home O e-charger, ao alcance da sua voz Descubra todos os comandos funcionais do Google Home e controle o seu e-Charger. Inova\u00e7\u00e3o, imediatismo e comodidade para uma experi\u00eancia de carregamento \u00fanica. Bloquear o e-Charger &#8220;OK Google, bloquear (nome do carregador)&#8221;. Desbloquear o e-Charger &#8220;OK Google, desbloquear (nome do carregador)&#8221;. Saber o&hellip;","_links":{"self":[{"href":"https:\/\/v2charge.com\/pt-pt\/wp-json\/wp\/v2\/pages\/113316","targetHints":{"allow":["GET"]}}],"collection":[{"href":"https:\/\/v2charge.com\/pt-pt\/wp-json\/wp\/v2\/pages"}],"about":[{"href":"https:\/\/v2charge.com\/pt-pt\/wp-json\/wp\/v2\/types\/page"}],"author":[{"embeddable":true,"href":"https:\/\/v2charge.com\/pt-pt\/wp-json\/wp\/v2\/users\/400"}],"replies":[{"embeddable":true,"href":"https:\/\/v2charge.com\/pt-pt\/wp-json\/wp\/v2\/comments?post=113316"}],"version-history":[{"count":1,"href":"https:\/\/v2charge.com\/pt-pt\/wp-json\/wp\/v2\/pages\/113316\/revisions"}],"predecessor-version":[{"id":175637,"href":"https:\/\/v2charge.com\/pt-pt\/wp-json\/wp\/v2\/pages\/113316\/revisions\/175637"}],"wp:attachment":[{"href":"https:\/\/v2charge.com\/pt-pt\/wp-json\/wp\/v2\/media?parent=113316"}],"curies":[{"name":"wp","href":"https:\/\/api.w.org\/{rel}","templated":true}]}}