{"id":114358,"date":"2023-07-18T14:22:35","date_gmt":"2023-07-18T14:22:35","guid":{"rendered":"https:\/\/v2charge.com\/indicaciones-colores-led-logo\/"},"modified":"2026-01-13T10:46:28","modified_gmt":"2026-01-13T08:46:28","slug":"instrucoes-iluminacao-led","status":"publish","type":"page","link":"https:\/\/v2charge.com\/pt-pt\/suporte\/trydan\/instrucoes-iluminacao-led\/","title":{"rendered":"Indica\u00e7\u00f5es das cores do LED &#8211; ESTADO DE CARGA"},"content":{"rendered":"\n<div style=\"height:60px\" aria-hidden=\"true\" class=\"wp-block-spacer\"><\/div>\n\n\n<h1>Indica\u00e7\u00f5es das cores LED do log\u00f3tipo<\/h1>\n\n\n<p>O log\u00f3tipo V2C, na parte frontal do e-Charger, ilumina-se de acordo com o estado de carregamento. As cores e o seu significado s\u00e3o as seguintes:<\/p>\n\n\n\n<div style=\"height:60px\" aria-hidden=\"true\" class=\"wp-block-spacer\"><\/div>\n\n\n\n<div class=\"wp-block-uagb-container uagb-block-a37706f9 alignfull uagb-is-root-container\"><div class=\"uagb-container-inner-blocks-wrap\">\n<div class=\"wp-block-uagb-container uagb-block-cad91cdd\">\n<div class=\"wp-block-uagb-image uagb-block-ecbac208 wp-block-uagb-image--layout-default wp-block-uagb-image--effect-static wp-block-uagb-image--align-none\"><figure class=\"wp-block-uagb-image__figure\"><img decoding=\"async\" srcset=\"https:\/\/v2charge.com\/wp-content\/uploads\/2023\/07\/logo-v2c-blanco.jpg \" sizes=\"auto, (max-width: 480px) 150px\" src=\"https:\/\/v2charge.com\/wp-content\/uploads\/2023\/07\/logo-v2c-blanco.jpg\" alt=\"\" class=\"uag-image-114299\" width=\"303\" height=\"300\" title=\"\" loading=\"lazy\" role=\"img\"\/><\/figure><\/div>\n<\/div>\n\n\n\n<div class=\"wp-block-uagb-container uagb-block-cbc0f6da\">\n<p><strong>Branco:<\/strong> o ve\u00edculo n\u00e3o est\u00e1 conectado<\/p>\n\n\n\n<p><strong>Branco intermitente:<\/strong> procura a conex\u00e3o a uma rede WiFi existente e configurada nas configura\u00e7\u00f5es do e-Charger Trydan. A conex\u00e3o \u00e0 rede WiFi est\u00e1 a ser processada.<\/p>\n<\/div>\n<\/div><\/div>\n\n\n\n<div class=\"wp-block-uagb-container uagb-block-a910c9cd alignfull uagb-is-root-container\"><div class=\"uagb-container-inner-blocks-wrap\">\n<div class=\"wp-block-uagb-container uagb-block-0863c029\">\n<div class=\"wp-block-uagb-image uagb-block-b0328d63 wp-block-uagb-image--layout-default wp-block-uagb-image--effect-static wp-block-uagb-image--align-none\"><figure class=\"wp-block-uagb-image__figure\"><img decoding=\"async\" srcset=\"https:\/\/v2charge.com\/wp-content\/uploads\/2023\/07\/logo-v2c-azul-oscuro.jpg \" sizes=\"auto, (max-width: 480px) 150px\" src=\"https:\/\/v2charge.com\/wp-content\/uploads\/2023\/07\/logo-v2c-azul-oscuro.jpg\" alt=\"\" class=\"uag-image-114309\" width=\"303\" height=\"300\" title=\"\" loading=\"lazy\" role=\"img\"\/><\/figure><\/div>\n<\/div>\n\n\n\n<div class=\"wp-block-uagb-container uagb-block-311f957d\">\n<p><strong>Azul escuro intermitente:<\/strong> o ve\u00edculo est\u00e1 a carregar. A velocidade dessa ilumina\u00e7\u00e3o est\u00e1 diretamente relacionada com a intensidade da carga.<\/p>\n<\/div>\n<\/div><\/div>\n\n\n\n<div class=\"wp-block-uagb-container uagb-block-58f70a56 alignfull uagb-is-root-container\"><div class=\"uagb-container-inner-blocks-wrap\">\n<div class=\"wp-block-uagb-container uagb-block-6bd4f6f0\">\n<div class=\"wp-block-uagb-image uagb-block-7f0edb96 wp-block-uagb-image--layout-default wp-block-uagb-image--effect-static wp-block-uagb-image--align-none\"><figure class=\"wp-block-uagb-image__figure\"><img decoding=\"async\" srcset=\"https:\/\/v2charge.com\/wp-content\/uploads\/2023\/07\/logo-v2c-azul-claro.jpg \" sizes=\"auto, (max-width: 480px) 150px\" src=\"https:\/\/v2charge.com\/wp-content\/uploads\/2023\/07\/logo-v2c-azul-claro.jpg\" alt=\"\" class=\"uag-image-114318\" width=\"303\" height=\"300\" title=\"\" loading=\"lazy\" role=\"img\"\/><\/figure><\/div>\n<\/div>\n\n\n\n<div class=\"wp-block-uagb-container uagb-block-2fd51372\">\n<p><strong>Azul claro:<\/strong> temporizador ativado. Existe uma carga programada.<\/p>\n<\/div>\n<\/div><\/div>\n\n\n\n<div class=\"wp-block-uagb-container uagb-block-01c7e6c8 alignfull uagb-is-root-container\"><div class=\"uagb-container-inner-blocks-wrap\">\n<div class=\"wp-block-uagb-container uagb-block-b0bb51ad\">\n<div class=\"wp-block-uagb-image uagb-block-539fa557 wp-block-uagb-image--layout-default wp-block-uagb-image--effect-static wp-block-uagb-image--align-none\"><figure class=\"wp-block-uagb-image__figure\"><img decoding=\"async\" srcset=\"https:\/\/v2charge.com\/wp-content\/uploads\/2023\/07\/verde.jpg \" sizes=\"auto, (max-width: 480px) 150px\" src=\"https:\/\/v2charge.com\/wp-content\/uploads\/2023\/07\/verde.jpg\" alt=\"\" class=\"uag-image-114129\" width=\"303\" height=\"300\" title=\"\" loading=\"lazy\" role=\"img\"\/><\/figure><\/div>\n<\/div>\n\n\n\n<div class=\"wp-block-uagb-container uagb-block-d75b48f6\">\n<p><strong>Verde:<\/strong> O ve\u00edculo est\u00e1 totalmente carregado ou conectado.<\/p>\n\n\n\n<p><strong>Verde a piscar (1 a 2 segundos):<\/strong> o e-Charger conecta-se corretamente a uma rede WiFi. Este sinal normalmente aparece quando o carregador inicia a sua opera\u00e7\u00e3o e conecta-se \u00e0 internet.<\/p>\n<\/div>\n<\/div><\/div>\n\n\n\n<div class=\"wp-block-uagb-container uagb-block-1d222255 alignfull uagb-is-root-container\"><div class=\"uagb-container-inner-blocks-wrap\">\n<div class=\"wp-block-uagb-container uagb-block-1ca7ab2f\">\n<div class=\"wp-block-uagb-image uagb-block-4951cf42 wp-block-uagb-image--layout-default wp-block-uagb-image--effect-static wp-block-uagb-image--align-none\"><figure class=\"wp-block-uagb-image__figure\"><img decoding=\"async\" srcset=\"https:\/\/v2charge.com\/wp-content\/uploads\/2023\/07\/logo-v2c-rojo.jpg \" sizes=\"auto, (max-width: 480px) 150px\" src=\"https:\/\/v2charge.com\/wp-content\/uploads\/2023\/07\/logo-v2c-rojo.jpg\" alt=\"\" class=\"uag-image-114327\" width=\"303\" height=\"300\" title=\"\" loading=\"lazy\" role=\"img\"\/><\/figure><\/div>\n<\/div>\n\n\n\n<div class=\"wp-block-uagb-container uagb-block-5ad964a0\">\n<p><strong>Vermelho:<\/strong> Erro. <\/p>\n\n\n\n<p>No ecr\u00e3 aparece um c\u00f3digo de erro e uma breve descri\u00e7\u00e3o do erro. O c\u00f3digo de erro tem a seguinte estrutura (5 d\u00edgitos): XX YYYY.<\/p>\n\n\n\n<p><a href=\"https:\/\/v2charge.com\/pt-pt\/erros-comutacao-controlo-dinamico-potencia-trydan\/\">Ver os erros e o seu significado<\/a><\/p>\n<\/div>\n<\/div><\/div>\n\n\n\n<div class=\"wp-block-uagb-container uagb-block-c4507a06 alignfull uagb-is-root-container\"><div class=\"uagb-container-inner-blocks-wrap\">\n<div class=\"wp-block-uagb-container uagb-block-eebb97a4\">\n<div class=\"wp-block-uagb-image uagb-block-9b79c615 wp-block-uagb-image--layout-default wp-block-uagb-image--effect-static wp-block-uagb-image--align-none\"><figure class=\"wp-block-uagb-image__figure\"><img decoding=\"async\" srcset=\"https:\/\/v2charge.com\/wp-content\/uploads\/2023\/07\/logo-v2c-azul-amarillo.jpg \" sizes=\"auto, (max-width: 480px) 150px\" src=\"https:\/\/v2charge.com\/wp-content\/uploads\/2023\/07\/logo-v2c-azul-amarillo.jpg\" alt=\"\" class=\"uag-image-114336\" width=\"303\" height=\"300\" title=\"\" loading=\"lazy\" role=\"img\"\/><\/figure><\/div>\n<\/div>\n\n\n\n<div class=\"wp-block-uagb-container uagb-block-9d299962\">\n<p><strong>Amarelo: <\/strong>Erro de Control Pilot (erro de comunica\u00e7\u00e3o com o ve\u00edculo) ou falta pot\u00eancia para poder carregar com controlo din\u00e2mico.<\/p>\n<\/div>\n<\/div><\/div>\n\n\n\n<div class=\"wp-block-uagb-container uagb-block-e4feed56 alignfull uagb-is-root-container\"><div class=\"uagb-container-inner-blocks-wrap\">\n<div class=\"wp-block-uagb-container uagb-block-86796571\">\n<div class=\"wp-block-uagb-image uagb-block-522abdb0 wp-block-uagb-image--layout-default wp-block-uagb-image--effect-static wp-block-uagb-image--align-none\"><figure class=\"wp-block-uagb-image__figure\"><img decoding=\"async\" srcset=\"https:\/\/v2charge.com\/wp-content\/uploads\/2023\/07\/logo-v2c-azul-rosa.jpg \" sizes=\"auto, (max-width: 480px) 150px\" src=\"https:\/\/v2charge.com\/wp-content\/uploads\/2023\/07\/logo-v2c-azul-rosa.jpg\" alt=\"\" class=\"uag-image-114370\" width=\"303\" height=\"300\" title=\"\" loading=\"lazy\" role=\"img\"\/><\/figure><\/div>\n<\/div>\n\n\n\n<div class=\"wp-block-uagb-container uagb-block-f13f1729\">\n<p><strong>Rosa:<\/strong> o e-Charger est\u00e1 a ser atualizado.<\/p>\n<\/div>\n<\/div><\/div>\n\n\n\n<div class=\"wp-block-uagb-container uagb-block-c6f38013 alignfull uagb-is-root-container\"><div class=\"uagb-container-inner-blocks-wrap\">\n<div class=\"wp-block-uagb-advanced-heading uagb-block-6963d70c\"><h2 class=\"uagb-heading-text\"><strong>Necessita de apoio t\u00e9cnico?<\/strong><\/h2><\/div>\n\n\n\n<div class=\"wp-block-uagb-advanced-heading uagb-block-408243eb\"><p class=\"uagb-heading-text\">Resolva a sua incid\u00eancia de imediato atrav\u00e9s do nosso Chat com IA. Se o problema n\u00e3o ficar resolvido, pedimos que crie um pedido no Centro de Suporte T\u00e9cnico e entraremos em contacto consigo o mais rapidamente poss\u00edvel para lhe oferecer a melhor solu\u00e7\u00e3o.<\/p><\/div>\n\n\n\n<div class=\"wp-block-uagb-info-box uagb-block-12e3cf1c uagb-infobox__content-wrap  uagb-infobox-icon-left uagb-infobox-left uagb-infobox-image-valign-top wp-block-uagb-info-box--has-margin ai-chatbot-button\"><div class=\"uagb-infobox-margin-wrapper\"><div class=\"uagb-ifb-image-content\"><img decoding=\"async\" src=\"https:\/\/v2charge.com\/wp-content\/uploads\/2026\/01\/support-ai-chatbot.png\" alt=\"\" width=\"20\" height=\"19\" loading=\"lazy\"\/><\/div><div class=\"uagb-ifb-content\"><div class=\"uagb-ifb-title-wrap\"><\/div><div class=\"uagb-ifb-button-wrapper wp-block-button\"><a href=\"https:\/\/v2charge.com\/v2c-support-web\/\" class=\"uagb-infobox-cta-link wp-block-button__link\" target=\"_blank\" rel=\"noopener noreferrer\" onclick=\"return true;\"><span class=\"uagb-inline-editing\">Fale com o nosso Chat com IA<\/span><\/a><\/div><\/div><\/div><\/div>\n\n\n\n<div class=\"wp-block-uagb-buttons uagb-buttons__outer-wrap uagb-btn__default-btn uagb-btn-tablet__default-btn uagb-btn-mobile__default-btn uagb-block-ba1e67d1\"><div class=\"uagb-buttons__wrap uagb-buttons-layout-wrap \">\n<div class=\"wp-block-uagb-buttons-child uagb-buttons__outer-wrap uagb-block-23cfb623 wp-block-button\"><div class=\"uagb-button__wrapper\"><a class=\"uagb-buttons-repeater wp-block-button__link\" aria-label=\"\" href=\"https:\/\/v2charge.atlassian.net\/servicedesk\/customer\/portal\/3\" rel=\"follow noopener\" target=\"_blank\" role=\"button\"><div class=\"uagb-button__link\">Contacte o Suporte T\u00e9cnico<\/div><\/a><\/div><\/div>\n<\/div><\/div>\n<\/div><\/div>\n","protected":false},"excerpt":{"rendered":"<p>Indica\u00e7\u00f5es das cores LED do log\u00f3tipo O log\u00f3tipo V2C, na parte frontal do e-Charger, ilumina-se de acordo com o estado de carregamento. As cores e o seu significado s\u00e3o as seguintes: Branco: o ve\u00edculo n\u00e3o est\u00e1 conectado Branco intermitente: procura a conex\u00e3o a uma rede WiFi existente e configurada nas configura\u00e7\u00f5es do e-Charger Trydan. A &#8230; <a title=\"Indica\u00e7\u00f5es das cores do LED &#8211; ESTADO DE CARGA\" class=\"read-more\" href=\"https:\/\/v2charge.com\/pt-pt\/suporte\/trydan\/instrucoes-iluminacao-led\/\" aria-label=\"Leia mais sobre Indica\u00e7\u00f5es das cores do LED &#8211; ESTADO DE CARGA\">Ler mais<\/a><\/p>\n","protected":false},"author":400,"featured_media":170353,"parent":75566,"menu_order":0,"comment_status":"closed","ping_status":"closed","template":"","meta":{"_eb_attr":"","content-type":"","_uag_custom_page_level_css":"","footnotes":""},"class_list":["post-114358","page","type-page","status-publish","has-post-thumbnail"],"yoast_head":"<!-- This site is optimized with the Yoast SEO plugin v25.3.1 - https:\/\/yoast.com\/wordpress\/plugins\/seo\/ -->\n<title>Indica\u00e7\u00f5es das cores LED do log\u00f3tipo | V2C<\/title>\n<meta name=\"description\" content=\"O log\u00f3tipo V2C na parte da frente do e-Charger acende-se consoante o estado do carregamento. Conhe\u00e7a os diferentes significados.\" \/>\n<meta name=\"robots\" content=\"index, follow, max-snippet:-1, max-image-preview:large, max-video-preview:-1\" \/>\n<link rel=\"canonical\" href=\"https:\/\/v2charge.com\/pt-pt\/suporte\/trydan\/instrucoes-iluminacao-led\/\" \/>\n<meta property=\"og:locale\" content=\"pt_PT\" \/>\n<meta property=\"og:type\" content=\"article\" \/>\n<meta property=\"og:title\" content=\"Indica\u00e7\u00f5es das cores LED do log\u00f3tipo | V2C\" \/>\n<meta property=\"og:description\" content=\"O log\u00f3tipo V2C na parte da frente do e-Charger acende-se consoante o estado do carregamento. Conhe\u00e7a os diferentes significados.\" \/>\n<meta property=\"og:url\" content=\"https:\/\/v2charge.com\/pt-pt\/suporte\/trydan\/instrucoes-iluminacao-led\/\" \/>\n<meta property=\"og:site_name\" content=\"V2C\" \/>\n<meta property=\"article:publisher\" content=\"https:\/\/www.facebook.com\/V2C.Charge\" \/>\n<meta property=\"article:modified_time\" content=\"2026-01-13T08:46:28+00:00\" \/>\n<meta property=\"og:image\" content=\"https:\/\/v2charge.com\/wp-content\/uploads\/2024\/07\/v2c-electric-chargers.jpg\" \/>\n\t<meta property=\"og:image:width\" content=\"1200\" \/>\n\t<meta property=\"og:image:height\" content=\"675\" \/>\n\t<meta property=\"og:image:type\" content=\"image\/jpeg\" \/>\n<meta name=\"twitter:card\" content=\"summary_large_image\" \/>\n<meta name=\"twitter:site\" content=\"@V2C_Charge\" \/>\n<meta name=\"twitter:label1\" content=\"Tempo estimado de leitura\" \/>\n\t<meta name=\"twitter:data1\" content=\"3 minutos\" \/>\n<script type=\"application\/ld+json\" class=\"yoast-schema-graph\">{\"@context\":\"https:\/\/schema.org\",\"@graph\":[{\"@type\":\"WebPage\",\"@id\":\"https:\/\/v2charge.com\/pt-pt\/suporte\/trydan\/instrucoes-iluminacao-led\/\",\"url\":\"https:\/\/v2charge.com\/pt-pt\/suporte\/trydan\/instrucoes-iluminacao-led\/\",\"name\":\"Indica\u00e7\u00f5es das cores LED do log\u00f3tipo | V2C\",\"isPartOf\":{\"@id\":\"https:\/\/v2charge.com\/pt-pt\/#website\"},\"primaryImageOfPage\":{\"@id\":\"https:\/\/v2charge.com\/pt-pt\/suporte\/trydan\/instrucoes-iluminacao-led\/#primaryimage\"},\"image\":{\"@id\":\"https:\/\/v2charge.com\/pt-pt\/suporte\/trydan\/instrucoes-iluminacao-led\/#primaryimage\"},\"thumbnailUrl\":\"https:\/\/v2charge.com\/wp-content\/uploads\/2024\/07\/v2c-electric-chargers.jpg\",\"datePublished\":\"2023-07-18T14:22:35+00:00\",\"dateModified\":\"2026-01-13T08:46:28+00:00\",\"description\":\"O log\u00f3tipo V2C na parte da frente do e-Charger acende-se consoante o estado do carregamento. Conhe\u00e7a os diferentes significados.\",\"breadcrumb\":{\"@id\":\"https:\/\/v2charge.com\/pt-pt\/suporte\/trydan\/instrucoes-iluminacao-led\/#breadcrumb\"},\"inLanguage\":\"pt-PT\",\"potentialAction\":[{\"@type\":\"ReadAction\",\"target\":[\"https:\/\/v2charge.com\/pt-pt\/suporte\/trydan\/instrucoes-iluminacao-led\/\"]}]},{\"@type\":\"ImageObject\",\"inLanguage\":\"pt-PT\",\"@id\":\"https:\/\/v2charge.com\/pt-pt\/suporte\/trydan\/instrucoes-iluminacao-led\/#primaryimage\",\"url\":\"https:\/\/v2charge.com\/wp-content\/uploads\/2024\/07\/v2c-electric-chargers.jpg\",\"contentUrl\":\"https:\/\/v2charge.com\/wp-content\/uploads\/2024\/07\/v2c-electric-chargers.jpg\",\"width\":1200,\"height\":675,\"caption\":\"V2C Electric Chargers\"},{\"@type\":\"BreadcrumbList\",\"@id\":\"https:\/\/v2charge.com\/pt-pt\/suporte\/trydan\/instrucoes-iluminacao-led\/#breadcrumb\",\"itemListElement\":[{\"@type\":\"ListItem\",\"position\":1,\"name\":\"V2C\",\"item\":\"https:\/\/v2charge.com\/pt-pt\/\"},{\"@type\":\"ListItem\",\"position\":2,\"name\":\"\u00c1rea de Suporte\",\"item\":\"https:\/\/v2charge.com\/pt-pt\/suporte\/\"},{\"@type\":\"ListItem\",\"position\":3,\"name\":\"Suporte Trydan\",\"item\":\"https:\/\/v2charge.com\/pt-pt\/suporte\/trydan\/\"},{\"@type\":\"ListItem\",\"position\":4,\"name\":\"Indica\u00e7\u00f5es das cores do LED &#8211; ESTADO DE CARGA\"}]},{\"@type\":\"WebSite\",\"@id\":\"https:\/\/v2charge.com\/pt-pt\/#website\",\"url\":\"https:\/\/v2charge.com\/pt-pt\/\",\"name\":\"V2C\",\"description\":\"#CargandoElMa\u00f1ana\",\"publisher\":{\"@id\":\"https:\/\/v2charge.com\/pt-pt\/#organization\"},\"potentialAction\":[{\"@type\":\"SearchAction\",\"target\":{\"@type\":\"EntryPoint\",\"urlTemplate\":\"https:\/\/v2charge.com\/pt-pt\/?s={search_term_string}\"},\"query-input\":{\"@type\":\"PropertyValueSpecification\",\"valueRequired\":true,\"valueName\":\"search_term_string\"}}],\"inLanguage\":\"pt-PT\"},{\"@type\":\"Organization\",\"@id\":\"https:\/\/v2charge.com\/pt-pt\/#organization\",\"name\":\"V2C\",\"url\":\"https:\/\/v2charge.com\/pt-pt\/\",\"logo\":{\"@type\":\"ImageObject\",\"inLanguage\":\"pt-PT\",\"@id\":\"https:\/\/v2charge.com\/pt-pt\/#\/schema\/logo\/image\/\",\"url\":\"https:\/\/v2charge.com\/wp-content\/uploads\/2024\/11\/cropped-v2c-charge-logo-menu.png\",\"contentUrl\":\"https:\/\/v2charge.com\/wp-content\/uploads\/2024\/11\/cropped-v2c-charge-logo-menu.png\",\"width\":984,\"height\":431,\"caption\":\"V2C\"},\"image\":{\"@id\":\"https:\/\/v2charge.com\/pt-pt\/#\/schema\/logo\/image\/\"},\"sameAs\":[\"https:\/\/www.facebook.com\/V2C.Charge\",\"https:\/\/x.com\/V2C_Charge\",\"https:\/\/www.instagram.com\/v2c.charge\/\",\"https:\/\/www.youtube.com\/@V2C\",\"https:\/\/www.linkedin.com\/company\/v2c-chargers\/\"]}]}<\/script>\n<!-- \/ Yoast SEO plugin. -->","yoast_head_json":{"title":"Indica\u00e7\u00f5es das cores LED do log\u00f3tipo | V2C","description":"O log\u00f3tipo V2C na parte da frente do e-Charger acende-se consoante o estado do carregamento. Conhe\u00e7a os diferentes significados.","robots":{"index":"index","follow":"follow","max-snippet":"max-snippet:-1","max-image-preview":"max-image-preview:large","max-video-preview":"max-video-preview:-1"},"canonical":"https:\/\/v2charge.com\/pt-pt\/suporte\/trydan\/instrucoes-iluminacao-led\/","og_locale":"pt_PT","og_type":"article","og_title":"Indica\u00e7\u00f5es das cores LED do log\u00f3tipo | V2C","og_description":"O log\u00f3tipo V2C na parte da frente do e-Charger acende-se consoante o estado do carregamento. Conhe\u00e7a os diferentes significados.","og_url":"https:\/\/v2charge.com\/pt-pt\/suporte\/trydan\/instrucoes-iluminacao-led\/","og_site_name":"V2C","article_publisher":"https:\/\/www.facebook.com\/V2C.Charge","article_modified_time":"2026-01-13T08:46:28+00:00","og_image":[{"width":1200,"height":675,"url":"https:\/\/v2charge.com\/wp-content\/uploads\/2024\/07\/v2c-electric-chargers.jpg","type":"image\/jpeg"}],"twitter_card":"summary_large_image","twitter_site":"@V2C_Charge","twitter_misc":{"Tempo estimado de leitura":"3 minutos"},"schema":{"@context":"https:\/\/schema.org","@graph":[{"@type":"WebPage","@id":"https:\/\/v2charge.com\/pt-pt\/suporte\/trydan\/instrucoes-iluminacao-led\/","url":"https:\/\/v2charge.com\/pt-pt\/suporte\/trydan\/instrucoes-iluminacao-led\/","name":"Indica\u00e7\u00f5es das cores LED do log\u00f3tipo | V2C","isPartOf":{"@id":"https:\/\/v2charge.com\/pt-pt\/#website"},"primaryImageOfPage":{"@id":"https:\/\/v2charge.com\/pt-pt\/suporte\/trydan\/instrucoes-iluminacao-led\/#primaryimage"},"image":{"@id":"https:\/\/v2charge.com\/pt-pt\/suporte\/trydan\/instrucoes-iluminacao-led\/#primaryimage"},"thumbnailUrl":"https:\/\/v2charge.com\/wp-content\/uploads\/2024\/07\/v2c-electric-chargers.jpg","datePublished":"2023-07-18T14:22:35+00:00","dateModified":"2026-01-13T08:46:28+00:00","description":"O log\u00f3tipo V2C na parte da frente do e-Charger acende-se consoante o estado do carregamento. Conhe\u00e7a os diferentes significados.","breadcrumb":{"@id":"https:\/\/v2charge.com\/pt-pt\/suporte\/trydan\/instrucoes-iluminacao-led\/#breadcrumb"},"inLanguage":"pt-PT","potentialAction":[{"@type":"ReadAction","target":["https:\/\/v2charge.com\/pt-pt\/suporte\/trydan\/instrucoes-iluminacao-led\/"]}]},{"@type":"ImageObject","inLanguage":"pt-PT","@id":"https:\/\/v2charge.com\/pt-pt\/suporte\/trydan\/instrucoes-iluminacao-led\/#primaryimage","url":"https:\/\/v2charge.com\/wp-content\/uploads\/2024\/07\/v2c-electric-chargers.jpg","contentUrl":"https:\/\/v2charge.com\/wp-content\/uploads\/2024\/07\/v2c-electric-chargers.jpg","width":1200,"height":675,"caption":"V2C Electric Chargers"},{"@type":"BreadcrumbList","@id":"https:\/\/v2charge.com\/pt-pt\/suporte\/trydan\/instrucoes-iluminacao-led\/#breadcrumb","itemListElement":[{"@type":"ListItem","position":1,"name":"V2C","item":"https:\/\/v2charge.com\/pt-pt\/"},{"@type":"ListItem","position":2,"name":"\u00c1rea de Suporte","item":"https:\/\/v2charge.com\/pt-pt\/suporte\/"},{"@type":"ListItem","position":3,"name":"Suporte Trydan","item":"https:\/\/v2charge.com\/pt-pt\/suporte\/trydan\/"},{"@type":"ListItem","position":4,"name":"Indica\u00e7\u00f5es das cores do LED &#8211; ESTADO DE CARGA"}]},{"@type":"WebSite","@id":"https:\/\/v2charge.com\/pt-pt\/#website","url":"https:\/\/v2charge.com\/pt-pt\/","name":"V2C","description":"#CargandoElMa\u00f1ana","publisher":{"@id":"https:\/\/v2charge.com\/pt-pt\/#organization"},"potentialAction":[{"@type":"SearchAction","target":{"@type":"EntryPoint","urlTemplate":"https:\/\/v2charge.com\/pt-pt\/?s={search_term_string}"},"query-input":{"@type":"PropertyValueSpecification","valueRequired":true,"valueName":"search_term_string"}}],"inLanguage":"pt-PT"},{"@type":"Organization","@id":"https:\/\/v2charge.com\/pt-pt\/#organization","name":"V2C","url":"https:\/\/v2charge.com\/pt-pt\/","logo":{"@type":"ImageObject","inLanguage":"pt-PT","@id":"https:\/\/v2charge.com\/pt-pt\/#\/schema\/logo\/image\/","url":"https:\/\/v2charge.com\/wp-content\/uploads\/2024\/11\/cropped-v2c-charge-logo-menu.png","contentUrl":"https:\/\/v2charge.com\/wp-content\/uploads\/2024\/11\/cropped-v2c-charge-logo-menu.png","width":984,"height":431,"caption":"V2C"},"image":{"@id":"https:\/\/v2charge.com\/pt-pt\/#\/schema\/logo\/image\/"},"sameAs":["https:\/\/www.facebook.com\/V2C.Charge","https:\/\/x.com\/V2C_Charge","https:\/\/www.instagram.com\/v2c.charge\/","https:\/\/www.youtube.com\/@V2C","https:\/\/www.linkedin.com\/company\/v2c-chargers\/"]}]}},"uagb_featured_image_src":{"full":["https:\/\/v2charge.com\/wp-content\/uploads\/2024\/07\/v2c-electric-chargers.jpg",1200,675,false],"thumbnail":["https:\/\/v2charge.com\/wp-content\/uploads\/2024\/07\/v2c-electric-chargers-150x150.jpg",150,150,true],"medium":["https:\/\/v2charge.com\/wp-content\/uploads\/2024\/07\/v2c-electric-chargers-300x169.jpg",300,169,true],"medium_large":["https:\/\/v2charge.com\/wp-content\/uploads\/2024\/07\/v2c-electric-chargers-768x432.jpg",768,432,true],"large":["https:\/\/v2charge.com\/wp-content\/uploads\/2024\/07\/v2c-electric-chargers-1024x576.jpg",1024,576,true],"gs-tiny":["https:\/\/v2charge.com\/wp-content\/uploads\/2024\/07\/v2c-electric-chargers.jpg",50,28,false],"xl":["https:\/\/v2charge.com\/wp-content\/uploads\/2024\/07\/v2c-electric-chargers.jpg",1200,675,false],"xxl":["https:\/\/v2charge.com\/wp-content\/uploads\/2024\/07\/v2c-electric-chargers.jpg",1200,675,false],"xxxl":["https:\/\/v2charge.com\/wp-content\/uploads\/2024\/07\/v2c-electric-chargers.jpg",1200,675,false],"xxxxl":["https:\/\/v2charge.com\/wp-content\/uploads\/2024\/07\/v2c-electric-chargers.jpg",1200,675,false],"xxxxxl":["https:\/\/v2charge.com\/wp-content\/uploads\/2024\/07\/v2c-electric-chargers.jpg",1200,675,false],"1536x1536":["https:\/\/v2charge.com\/wp-content\/uploads\/2024\/07\/v2c-electric-chargers.jpg",1200,675,false],"2048x2048":["https:\/\/v2charge.com\/wp-content\/uploads\/2024\/07\/v2c-electric-chargers.jpg",1200,675,false]},"uagb_author_info":{"display_name":"V2C","author_link":"https:\/\/v2charge.com\/pt-pt\/author\/marketing\/"},"uagb_comment_info":0,"uagb_excerpt":"Indica\u00e7\u00f5es das cores LED do log\u00f3tipo O log\u00f3tipo V2C, na parte frontal do e-Charger, ilumina-se de acordo com o estado de carregamento. As cores e o seu significado s\u00e3o as seguintes: Branco: o ve\u00edculo n\u00e3o est\u00e1 conectado Branco intermitente: procura a conex\u00e3o a uma rede WiFi existente e configurada nas configura\u00e7\u00f5es do e-Charger Trydan. A&hellip;","_links":{"self":[{"href":"https:\/\/v2charge.com\/pt-pt\/wp-json\/wp\/v2\/pages\/114358","targetHints":{"allow":["GET"]}}],"collection":[{"href":"https:\/\/v2charge.com\/pt-pt\/wp-json\/wp\/v2\/pages"}],"about":[{"href":"https:\/\/v2charge.com\/pt-pt\/wp-json\/wp\/v2\/types\/page"}],"author":[{"embeddable":true,"href":"https:\/\/v2charge.com\/pt-pt\/wp-json\/wp\/v2\/users\/400"}],"replies":[{"embeddable":true,"href":"https:\/\/v2charge.com\/pt-pt\/wp-json\/wp\/v2\/comments?post=114358"}],"version-history":[{"count":2,"href":"https:\/\/v2charge.com\/pt-pt\/wp-json\/wp\/v2\/pages\/114358\/revisions"}],"predecessor-version":[{"id":295349,"href":"https:\/\/v2charge.com\/pt-pt\/wp-json\/wp\/v2\/pages\/114358\/revisions\/295349"}],"up":[{"embeddable":true,"href":"https:\/\/v2charge.com\/pt-pt\/wp-json\/wp\/v2\/pages\/75566"}],"wp:featuredmedia":[{"embeddable":true,"href":"https:\/\/v2charge.com\/pt-pt\/wp-json\/wp\/v2\/media\/170353"}],"wp:attachment":[{"href":"https:\/\/v2charge.com\/pt-pt\/wp-json\/wp\/v2\/media?parent=114358"}],"curies":[{"name":"wp","href":"https:\/\/api.w.org\/{rel}","templated":true}]}}