{"id":155924,"date":"2024-05-21T09:18:35","date_gmt":"2024-05-21T07:18:35","guid":{"rendered":"https:\/\/v2charge.com\/suporte\/trydan\/protecciones-electricas\/toscano\/"},"modified":"2026-01-13T09:59:24","modified_gmt":"2026-01-13T07:59:24","slug":"toscano","status":"publish","type":"page","link":"https:\/\/v2charge.com\/pt-pt\/suporte\/trydan\/protecoes-eletricas\/toscano\/","title":{"rendered":"Rearme de protecciones Toscano"},"content":{"rendered":"\n<div class=\"wp-block-uagb-container uagb-block-4e29f302 alignfull uagb-is-root-container\"><div class=\"uagb-container-inner-blocks-wrap\">\n<div style=\"height:30px\" aria-hidden=\"true\" class=\"wp-block-spacer\"><\/div>\n\n\n<div class=\"yoast-breadcrumbs\"><span><span><a href=\"https:\/\/v2charge.com\/pt-pt\/\">V2C<\/a><\/span> \u00bb <span><a href=\"https:\/\/v2charge.com\/pt-pt\/suporte\/\">\u00c1rea de Suporte<\/a><\/span> \u00bb <span><a href=\"https:\/\/v2charge.com\/pt-pt\/suporte\/trydan\/\">Suporte Trydan<\/a><\/span> \u00bb <span><a href=\"https:\/\/v2charge.com\/pt-pt\/suporte\/trydan\/protecoes-eletricas\/\">Prote\u00e7\u00f5es el\u00e9tricas<\/a><\/span> \u00bb <span class=\"breadcrumb_last\" aria-current=\"page\">Rearme de prote\u00e7\u00f5es Toscano<\/span><\/span><\/div>\n\n\n<div style=\"height:10px\" aria-hidden=\"true\" class=\"wp-block-spacer\"><\/div>\n\n\n\n<div class=\"wp-block-uagb-advanced-heading uagb-block-eb8d37cd\"><h1 class=\"uagb-heading-text\">Como rearmar o bloco de prote\u00e7\u00f5es Toscano?<\/h1><\/div>\n<\/div><\/div>\n\n\n\n<div style=\"height:30px\" aria-hidden=\"true\" class=\"wp-block-spacer\"><\/div>\n\n\n\n<div class=\"wp-block-uagb-container uagb-block-c3de7388 alignfull uagb-is-root-container\"><div class=\"uagb-container-inner-blocks-wrap\">\n<p>Quando o COMBI-MINI-TDA dispara devido a uma falha t\u00e9rmica ou a uma diferen\u00e7a \u00e0 terra, a <strong>manete de controlo fica solta.<\/strong> Para proceder ao rearme do equipamento,<strong> \u00e9 necess\u00e1rio pressionar todas as manetes para baixo at\u00e9 ouvir um &#8216;clique&#8217;<\/strong> e, posteriormente, levant\u00e1-las novamente.<\/p>\n\n\n\n<div class=\"wp-block-uagb-container uagb-block-2b63b67b alignfull uagb-is-root-container\"><div class=\"uagb-container-inner-blocks-wrap\">\n<div class=\"wp-block-uagb-container uagb-block-f31a0580\">\n<div class=\"wp-block-uagb-image aligncenter uagb-block-e6203d43 wp-block-uagb-image--layout-default wp-block-uagb-image--effect-static wp-block-uagb-image--align-center\"><figure class=\"wp-block-uagb-image__figure\"><img decoding=\"async\" srcset=\"https:\/\/v2charge.com\/wp-content\/uploads\/2024\/05\/presionar.jpg ,https:\/\/v2charge.com\/wp-content\/uploads\/2024\/05\/presionar.jpg 780w, https:\/\/v2charge.com\/wp-content\/uploads\/2024\/05\/presionar.jpg 360w\" sizes=\"auto, (max-width: 480px) 150px\" src=\"https:\/\/v2charge.com\/wp-content\/uploads\/2024\/05\/presionar.jpg\" alt=\"\" class=\"uag-image-155273\" width=\"368\" height=\"355\" title=\"presionar\" loading=\"lazy\" role=\"img\"\/><figcaption class=\"uagb-image-caption\"><strong>1.<\/strong> Pressionar<\/figcaption><\/figure><\/div>\n<\/div>\n\n\n\n<div class=\"wp-block-uagb-container uagb-block-76301d6e\">\n<div class=\"wp-block-uagb-image aligncenter uagb-block-0fb7d9a4 wp-block-uagb-image--layout-default wp-block-uagb-image--effect-static wp-block-uagb-image--align-center\"><figure class=\"wp-block-uagb-image__figure\"><img decoding=\"async\" srcset=\"https:\/\/v2charge.com\/wp-content\/uploads\/2024\/06\/subir-protecciones.jpg ,https:\/\/v2charge.com\/wp-content\/uploads\/2024\/06\/subir-protecciones.jpg 780w, https:\/\/v2charge.com\/wp-content\/uploads\/2024\/06\/subir-protecciones.jpg 360w\" sizes=\"auto, (max-width: 480px) 150px\" src=\"https:\/\/v2charge.com\/wp-content\/uploads\/2024\/06\/subir-protecciones.jpg\" alt=\"\" class=\"uag-image-160928\" width=\"357\" height=\"354\" title=\"subir-protecciones\" loading=\"lazy\" role=\"img\"\/><figcaption class=\"uagb-image-caption\">2. Levantar todas as manetas<\/figcaption><\/figure><\/div>\n<\/div>\n<\/div><\/div>\n<\/div><\/div>\n\n\n\n<figure class=\"wp-block-embed is-type-video is-provider-youtube wp-block-embed-youtube wp-embed-aspect-16-9 wp-has-aspect-ratio\"><div class=\"wp-block-embed__wrapper\">\n<iframe title=\"Rearmar las protecciones de Trydan y Trydan Pro\" width=\"1200\" height=\"675\" src=\"https:\/\/www.youtube.com\/embed\/valXG2gRRt0?feature=oembed\" frameborder=\"0\" allow=\"accelerometer; autoplay; clipboard-write; encrypted-media; gyroscope; picture-in-picture; web-share\" referrerpolicy=\"strict-origin-when-cross-origin\" allowfullscreen><\/iframe>\n<\/div><\/figure>\n\n\n\n<div style=\"height:30px\" aria-hidden=\"true\" class=\"wp-block-spacer\"><\/div>\n\n\n\n<div class=\"wp-block-uagb-container uagb-block-40525cf9 alignfull uagb-is-root-container\"><div class=\"uagb-container-inner-blocks-wrap\"><\/div><\/div>\n\n\n\n<div style=\"height:50px\" aria-hidden=\"true\" class=\"wp-block-spacer\"><\/div>\n\n\n\n<div style=\"height:50px\" aria-hidden=\"true\" class=\"wp-block-spacer\"><\/div>\n\n\n\n<div class=\"wp-block-uagb-container uagb-block-c6f38013 alignfull uagb-is-root-container\"><div class=\"uagb-container-inner-blocks-wrap\">\n<div class=\"wp-block-uagb-advanced-heading uagb-block-6963d70c\"><h2 class=\"uagb-heading-text\"><strong>Necessita de apoio t\u00e9cnico?<\/strong><\/h2><\/div>\n\n\n\n<div class=\"wp-block-uagb-advanced-heading uagb-block-408243eb\"><p class=\"uagb-heading-text\">Resolva a sua incid\u00eancia de imediato atrav\u00e9s do nosso Chat com IA. Se o problema n\u00e3o ficar resolvido, pedimos que crie um pedido no Centro de Suporte T\u00e9cnico e entraremos em contacto consigo o mais rapidamente poss\u00edvel para lhe oferecer a melhor solu\u00e7\u00e3o.<\/p><\/div>\n\n\n\n<div class=\"wp-block-uagb-info-box uagb-block-12e3cf1c uagb-infobox__content-wrap  uagb-infobox-icon-left uagb-infobox-left uagb-infobox-image-valign-top wp-block-uagb-info-box--has-margin ai-chatbot-button\"><div class=\"uagb-infobox-margin-wrapper\"><div class=\"uagb-ifb-image-content\"><img decoding=\"async\" src=\"https:\/\/v2charge.com\/wp-content\/uploads\/2026\/01\/support-ai-chatbot.png\" alt=\"\" width=\"20\" height=\"19\" loading=\"lazy\"\/><\/div><div class=\"uagb-ifb-content\"><div class=\"uagb-ifb-title-wrap\"><\/div><div class=\"uagb-ifb-button-wrapper wp-block-button\"><a href=\"https:\/\/v2charge.com\/v2c-support-web\/\" class=\"uagb-infobox-cta-link wp-block-button__link\" target=\"_blank\" rel=\"noopener noreferrer\" onclick=\"return true;\"><span class=\"uagb-inline-editing\">Fale com o nosso Chat com IA<\/span><\/a><\/div><\/div><\/div><\/div>\n\n\n\n<div class=\"wp-block-uagb-buttons uagb-buttons__outer-wrap uagb-btn__default-btn uagb-btn-tablet__default-btn uagb-btn-mobile__default-btn uagb-block-ba1e67d1\"><div class=\"uagb-buttons__wrap uagb-buttons-layout-wrap \">\n<div class=\"wp-block-uagb-buttons-child uagb-buttons__outer-wrap uagb-block-23cfb623 wp-block-button\"><div class=\"uagb-button__wrapper\"><a class=\"uagb-buttons-repeater wp-block-button__link\" aria-label=\"\" href=\"https:\/\/v2charge.atlassian.net\/servicedesk\/customer\/portal\/3\" rel=\"follow noopener\" target=\"_blank\" role=\"button\"><div class=\"uagb-button__link\">Contacte o Suporte T\u00e9cnico<\/div><\/a><\/div><\/div>\n<\/div><\/div>\n<\/div><\/div>\n","protected":false},"excerpt":{"rendered":"<p>Como rearmar o bloco de prote\u00e7\u00f5es Toscano? Quando o COMBI-MINI-TDA dispara devido a uma falha t\u00e9rmica ou a uma diferen\u00e7a \u00e0 terra, a manete de controlo fica solta. Para proceder ao rearme do equipamento, \u00e9 necess\u00e1rio pressionar todas as manetes para baixo at\u00e9 ouvir um &#8216;clique&#8217; e, posteriormente, levant\u00e1-las novamente. Necessita de apoio t\u00e9cnico? Resolva &#8230; <a title=\"Rearme de protecciones Toscano\" class=\"read-more\" href=\"https:\/\/v2charge.com\/pt-pt\/suporte\/trydan\/protecoes-eletricas\/toscano\/\" aria-label=\"Leia mais sobre Rearme de protecciones Toscano\">Ler mais<\/a><\/p>\n","protected":false},"author":400,"featured_media":170353,"parent":155918,"menu_order":0,"comment_status":"closed","ping_status":"closed","template":"","meta":{"_eb_attr":"","content-type":"","_uag_custom_page_level_css":"","footnotes":""},"class_list":["post-155924","page","type-page","status-publish","has-post-thumbnail"],"yoast_head":"<!-- This site is optimized with the Yoast SEO plugin v25.3.1 - https:\/\/yoast.com\/wordpress\/plugins\/seo\/ -->\n<title>Rearme autom\u00e1tico das prote\u00e7\u00f5es Toscano - V2C Trydan<\/title>\n<meta name=\"description\" content=\"Como fazer o rearme autom\u00e1tico das prote\u00e7\u00f5es Toscano no Carregador V2C Trydan | Passo a Passo - Suporte V2C\" \/>\n<meta name=\"robots\" content=\"index, follow, max-snippet:-1, max-image-preview:large, max-video-preview:-1\" \/>\n<link rel=\"canonical\" href=\"https:\/\/v2charge.com\/pt-pt\/suporte\/trydan\/protecoes-eletricas\/toscano\/\" \/>\n<meta property=\"og:locale\" content=\"pt_PT\" \/>\n<meta property=\"og:type\" content=\"article\" \/>\n<meta property=\"og:title\" content=\"Rearme autom\u00e1tico das prote\u00e7\u00f5es Toscano - V2C Trydan\" \/>\n<meta property=\"og:description\" content=\"Como fazer o rearme autom\u00e1tico das prote\u00e7\u00f5es Toscano no Carregador V2C Trydan | Passo a Passo - Suporte V2C\" \/>\n<meta property=\"og:url\" content=\"https:\/\/v2charge.com\/pt-pt\/suporte\/trydan\/protecoes-eletricas\/toscano\/\" \/>\n<meta property=\"og:site_name\" content=\"V2C\" \/>\n<meta property=\"article:publisher\" content=\"https:\/\/www.facebook.com\/V2C.Charge\" \/>\n<meta property=\"article:modified_time\" content=\"2026-01-13T07:59:24+00:00\" \/>\n<meta property=\"og:image\" content=\"https:\/\/v2charge.com\/wp-content\/uploads\/2024\/07\/v2c-electric-chargers.jpg\" \/>\n\t<meta property=\"og:image:width\" content=\"1200\" \/>\n\t<meta property=\"og:image:height\" content=\"675\" \/>\n\t<meta property=\"og:image:type\" content=\"image\/jpeg\" \/>\n<meta name=\"twitter:card\" content=\"summary_large_image\" \/>\n<meta name=\"twitter:site\" content=\"@V2C_Charge\" \/>\n<meta name=\"twitter:label1\" content=\"Tempo estimado de leitura\" \/>\n\t<meta name=\"twitter:data1\" content=\"2 minutos\" \/>\n<script type=\"application\/ld+json\" class=\"yoast-schema-graph\">{\"@context\":\"https:\/\/schema.org\",\"@graph\":[{\"@type\":\"WebPage\",\"@id\":\"https:\/\/v2charge.com\/pt-pt\/suporte\/trydan\/protecoes-eletricas\/toscano\/\",\"url\":\"https:\/\/v2charge.com\/pt-pt\/suporte\/trydan\/protecoes-eletricas\/toscano\/\",\"name\":\"Rearme autom\u00e1tico das prote\u00e7\u00f5es Toscano - V2C Trydan\",\"isPartOf\":{\"@id\":\"https:\/\/v2charge.com\/pt-pt\/#website\"},\"primaryImageOfPage\":{\"@id\":\"https:\/\/v2charge.com\/pt-pt\/suporte\/trydan\/protecoes-eletricas\/toscano\/#primaryimage\"},\"image\":{\"@id\":\"https:\/\/v2charge.com\/pt-pt\/suporte\/trydan\/protecoes-eletricas\/toscano\/#primaryimage\"},\"thumbnailUrl\":\"https:\/\/v2charge.com\/wp-content\/uploads\/2024\/07\/v2c-electric-chargers.jpg\",\"datePublished\":\"2024-05-21T07:18:35+00:00\",\"dateModified\":\"2026-01-13T07:59:24+00:00\",\"description\":\"Como fazer o rearme autom\u00e1tico das prote\u00e7\u00f5es Toscano no Carregador V2C Trydan | Passo a Passo - Suporte V2C\",\"breadcrumb\":{\"@id\":\"https:\/\/v2charge.com\/pt-pt\/suporte\/trydan\/protecoes-eletricas\/toscano\/#breadcrumb\"},\"inLanguage\":\"pt-PT\",\"potentialAction\":[{\"@type\":\"ReadAction\",\"target\":[\"https:\/\/v2charge.com\/pt-pt\/suporte\/trydan\/protecoes-eletricas\/toscano\/\"]}]},{\"@type\":\"ImageObject\",\"inLanguage\":\"pt-PT\",\"@id\":\"https:\/\/v2charge.com\/pt-pt\/suporte\/trydan\/protecoes-eletricas\/toscano\/#primaryimage\",\"url\":\"https:\/\/v2charge.com\/wp-content\/uploads\/2024\/07\/v2c-electric-chargers.jpg\",\"contentUrl\":\"https:\/\/v2charge.com\/wp-content\/uploads\/2024\/07\/v2c-electric-chargers.jpg\",\"width\":1200,\"height\":675,\"caption\":\"V2C Electric Chargers\"},{\"@type\":\"BreadcrumbList\",\"@id\":\"https:\/\/v2charge.com\/pt-pt\/suporte\/trydan\/protecoes-eletricas\/toscano\/#breadcrumb\",\"itemListElement\":[{\"@type\":\"ListItem\",\"position\":1,\"name\":\"V2C\",\"item\":\"https:\/\/v2charge.com\/pt-pt\/\"},{\"@type\":\"ListItem\",\"position\":2,\"name\":\"\u00c1rea de Suporte\",\"item\":\"https:\/\/v2charge.com\/pt-pt\/suporte\/\"},{\"@type\":\"ListItem\",\"position\":3,\"name\":\"Suporte Trydan\",\"item\":\"https:\/\/v2charge.com\/pt-pt\/suporte\/trydan\/\"},{\"@type\":\"ListItem\",\"position\":4,\"name\":\"Prote\u00e7\u00f5es el\u00e9tricas\",\"item\":\"https:\/\/v2charge.com\/pt-pt\/suporte\/trydan\/protecoes-eletricas\/\"},{\"@type\":\"ListItem\",\"position\":5,\"name\":\"Rearme de prote\u00e7\u00f5es Toscano\"}]},{\"@type\":\"WebSite\",\"@id\":\"https:\/\/v2charge.com\/pt-pt\/#website\",\"url\":\"https:\/\/v2charge.com\/pt-pt\/\",\"name\":\"V2C\",\"description\":\"#CargandoElMa\u00f1ana\",\"publisher\":{\"@id\":\"https:\/\/v2charge.com\/pt-pt\/#organization\"},\"potentialAction\":[{\"@type\":\"SearchAction\",\"target\":{\"@type\":\"EntryPoint\",\"urlTemplate\":\"https:\/\/v2charge.com\/pt-pt\/?s={search_term_string}\"},\"query-input\":{\"@type\":\"PropertyValueSpecification\",\"valueRequired\":true,\"valueName\":\"search_term_string\"}}],\"inLanguage\":\"pt-PT\"},{\"@type\":\"Organization\",\"@id\":\"https:\/\/v2charge.com\/pt-pt\/#organization\",\"name\":\"V2C\",\"url\":\"https:\/\/v2charge.com\/pt-pt\/\",\"logo\":{\"@type\":\"ImageObject\",\"inLanguage\":\"pt-PT\",\"@id\":\"https:\/\/v2charge.com\/pt-pt\/#\/schema\/logo\/image\/\",\"url\":\"https:\/\/v2charge.com\/wp-content\/uploads\/2024\/11\/cropped-v2c-charge-logo-menu.png\",\"contentUrl\":\"https:\/\/v2charge.com\/wp-content\/uploads\/2024\/11\/cropped-v2c-charge-logo-menu.png\",\"width\":984,\"height\":431,\"caption\":\"V2C\"},\"image\":{\"@id\":\"https:\/\/v2charge.com\/pt-pt\/#\/schema\/logo\/image\/\"},\"sameAs\":[\"https:\/\/www.facebook.com\/V2C.Charge\",\"https:\/\/x.com\/V2C_Charge\",\"https:\/\/www.instagram.com\/v2c.charge\/\",\"https:\/\/www.youtube.com\/@V2C\",\"https:\/\/www.linkedin.com\/company\/v2c-chargers\/\"]}]}<\/script>\n<!-- \/ Yoast SEO plugin. -->","yoast_head_json":{"title":"Rearme autom\u00e1tico das prote\u00e7\u00f5es Toscano - V2C Trydan","description":"Como fazer o rearme autom\u00e1tico das prote\u00e7\u00f5es Toscano no Carregador V2C Trydan | Passo a Passo - Suporte V2C","robots":{"index":"index","follow":"follow","max-snippet":"max-snippet:-1","max-image-preview":"max-image-preview:large","max-video-preview":"max-video-preview:-1"},"canonical":"https:\/\/v2charge.com\/pt-pt\/suporte\/trydan\/protecoes-eletricas\/toscano\/","og_locale":"pt_PT","og_type":"article","og_title":"Rearme autom\u00e1tico das prote\u00e7\u00f5es Toscano - V2C Trydan","og_description":"Como fazer o rearme autom\u00e1tico das prote\u00e7\u00f5es Toscano no Carregador V2C Trydan | Passo a Passo - Suporte V2C","og_url":"https:\/\/v2charge.com\/pt-pt\/suporte\/trydan\/protecoes-eletricas\/toscano\/","og_site_name":"V2C","article_publisher":"https:\/\/www.facebook.com\/V2C.Charge","article_modified_time":"2026-01-13T07:59:24+00:00","og_image":[{"width":1200,"height":675,"url":"https:\/\/v2charge.com\/wp-content\/uploads\/2024\/07\/v2c-electric-chargers.jpg","type":"image\/jpeg"}],"twitter_card":"summary_large_image","twitter_site":"@V2C_Charge","twitter_misc":{"Tempo estimado de leitura":"2 minutos"},"schema":{"@context":"https:\/\/schema.org","@graph":[{"@type":"WebPage","@id":"https:\/\/v2charge.com\/pt-pt\/suporte\/trydan\/protecoes-eletricas\/toscano\/","url":"https:\/\/v2charge.com\/pt-pt\/suporte\/trydan\/protecoes-eletricas\/toscano\/","name":"Rearme autom\u00e1tico das prote\u00e7\u00f5es Toscano - V2C Trydan","isPartOf":{"@id":"https:\/\/v2charge.com\/pt-pt\/#website"},"primaryImageOfPage":{"@id":"https:\/\/v2charge.com\/pt-pt\/suporte\/trydan\/protecoes-eletricas\/toscano\/#primaryimage"},"image":{"@id":"https:\/\/v2charge.com\/pt-pt\/suporte\/trydan\/protecoes-eletricas\/toscano\/#primaryimage"},"thumbnailUrl":"https:\/\/v2charge.com\/wp-content\/uploads\/2024\/07\/v2c-electric-chargers.jpg","datePublished":"2024-05-21T07:18:35+00:00","dateModified":"2026-01-13T07:59:24+00:00","description":"Como fazer o rearme autom\u00e1tico das prote\u00e7\u00f5es Toscano no Carregador V2C Trydan | Passo a Passo - Suporte V2C","breadcrumb":{"@id":"https:\/\/v2charge.com\/pt-pt\/suporte\/trydan\/protecoes-eletricas\/toscano\/#breadcrumb"},"inLanguage":"pt-PT","potentialAction":[{"@type":"ReadAction","target":["https:\/\/v2charge.com\/pt-pt\/suporte\/trydan\/protecoes-eletricas\/toscano\/"]}]},{"@type":"ImageObject","inLanguage":"pt-PT","@id":"https:\/\/v2charge.com\/pt-pt\/suporte\/trydan\/protecoes-eletricas\/toscano\/#primaryimage","url":"https:\/\/v2charge.com\/wp-content\/uploads\/2024\/07\/v2c-electric-chargers.jpg","contentUrl":"https:\/\/v2charge.com\/wp-content\/uploads\/2024\/07\/v2c-electric-chargers.jpg","width":1200,"height":675,"caption":"V2C Electric Chargers"},{"@type":"BreadcrumbList","@id":"https:\/\/v2charge.com\/pt-pt\/suporte\/trydan\/protecoes-eletricas\/toscano\/#breadcrumb","itemListElement":[{"@type":"ListItem","position":1,"name":"V2C","item":"https:\/\/v2charge.com\/pt-pt\/"},{"@type":"ListItem","position":2,"name":"\u00c1rea de Suporte","item":"https:\/\/v2charge.com\/pt-pt\/suporte\/"},{"@type":"ListItem","position":3,"name":"Suporte Trydan","item":"https:\/\/v2charge.com\/pt-pt\/suporte\/trydan\/"},{"@type":"ListItem","position":4,"name":"Prote\u00e7\u00f5es el\u00e9tricas","item":"https:\/\/v2charge.com\/pt-pt\/suporte\/trydan\/protecoes-eletricas\/"},{"@type":"ListItem","position":5,"name":"Rearme de prote\u00e7\u00f5es Toscano"}]},{"@type":"WebSite","@id":"https:\/\/v2charge.com\/pt-pt\/#website","url":"https:\/\/v2charge.com\/pt-pt\/","name":"V2C","description":"#CargandoElMa\u00f1ana","publisher":{"@id":"https:\/\/v2charge.com\/pt-pt\/#organization"},"potentialAction":[{"@type":"SearchAction","target":{"@type":"EntryPoint","urlTemplate":"https:\/\/v2charge.com\/pt-pt\/?s={search_term_string}"},"query-input":{"@type":"PropertyValueSpecification","valueRequired":true,"valueName":"search_term_string"}}],"inLanguage":"pt-PT"},{"@type":"Organization","@id":"https:\/\/v2charge.com\/pt-pt\/#organization","name":"V2C","url":"https:\/\/v2charge.com\/pt-pt\/","logo":{"@type":"ImageObject","inLanguage":"pt-PT","@id":"https:\/\/v2charge.com\/pt-pt\/#\/schema\/logo\/image\/","url":"https:\/\/v2charge.com\/wp-content\/uploads\/2024\/11\/cropped-v2c-charge-logo-menu.png","contentUrl":"https:\/\/v2charge.com\/wp-content\/uploads\/2024\/11\/cropped-v2c-charge-logo-menu.png","width":984,"height":431,"caption":"V2C"},"image":{"@id":"https:\/\/v2charge.com\/pt-pt\/#\/schema\/logo\/image\/"},"sameAs":["https:\/\/www.facebook.com\/V2C.Charge","https:\/\/x.com\/V2C_Charge","https:\/\/www.instagram.com\/v2c.charge\/","https:\/\/www.youtube.com\/@V2C","https:\/\/www.linkedin.com\/company\/v2c-chargers\/"]}]}},"uagb_featured_image_src":{"full":["https:\/\/v2charge.com\/wp-content\/uploads\/2024\/07\/v2c-electric-chargers.jpg",1200,675,false],"thumbnail":["https:\/\/v2charge.com\/wp-content\/uploads\/2024\/07\/v2c-electric-chargers-150x150.jpg",150,150,true],"medium":["https:\/\/v2charge.com\/wp-content\/uploads\/2024\/07\/v2c-electric-chargers-300x169.jpg",300,169,true],"medium_large":["https:\/\/v2charge.com\/wp-content\/uploads\/2024\/07\/v2c-electric-chargers-768x432.jpg",768,432,true],"large":["https:\/\/v2charge.com\/wp-content\/uploads\/2024\/07\/v2c-electric-chargers-1024x576.jpg",1024,576,true],"gs-tiny":["https:\/\/v2charge.com\/wp-content\/uploads\/2024\/07\/v2c-electric-chargers.jpg",50,28,false],"xl":["https:\/\/v2charge.com\/wp-content\/uploads\/2024\/07\/v2c-electric-chargers.jpg",1200,675,false],"xxl":["https:\/\/v2charge.com\/wp-content\/uploads\/2024\/07\/v2c-electric-chargers.jpg",1200,675,false],"xxxl":["https:\/\/v2charge.com\/wp-content\/uploads\/2024\/07\/v2c-electric-chargers.jpg",1200,675,false],"xxxxl":["https:\/\/v2charge.com\/wp-content\/uploads\/2024\/07\/v2c-electric-chargers.jpg",1200,675,false],"xxxxxl":["https:\/\/v2charge.com\/wp-content\/uploads\/2024\/07\/v2c-electric-chargers.jpg",1200,675,false],"1536x1536":["https:\/\/v2charge.com\/wp-content\/uploads\/2024\/07\/v2c-electric-chargers.jpg",1200,675,false],"2048x2048":["https:\/\/v2charge.com\/wp-content\/uploads\/2024\/07\/v2c-electric-chargers.jpg",1200,675,false]},"uagb_author_info":{"display_name":"V2C","author_link":"https:\/\/v2charge.com\/pt-pt\/author\/marketing\/"},"uagb_comment_info":0,"uagb_excerpt":"Como rearmar o bloco de prote\u00e7\u00f5es Toscano? Quando o COMBI-MINI-TDA dispara devido a uma falha t\u00e9rmica ou a uma diferen\u00e7a \u00e0 terra, a manete de controlo fica solta. Para proceder ao rearme do equipamento, \u00e9 necess\u00e1rio pressionar todas as manetes para baixo at\u00e9 ouvir um &#8216;clique&#8217; e, posteriormente, levant\u00e1-las novamente. Necessita de apoio t\u00e9cnico? Resolva&hellip;","_links":{"self":[{"href":"https:\/\/v2charge.com\/pt-pt\/wp-json\/wp\/v2\/pages\/155924","targetHints":{"allow":["GET"]}}],"collection":[{"href":"https:\/\/v2charge.com\/pt-pt\/wp-json\/wp\/v2\/pages"}],"about":[{"href":"https:\/\/v2charge.com\/pt-pt\/wp-json\/wp\/v2\/types\/page"}],"author":[{"embeddable":true,"href":"https:\/\/v2charge.com\/pt-pt\/wp-json\/wp\/v2\/users\/400"}],"replies":[{"embeddable":true,"href":"https:\/\/v2charge.com\/pt-pt\/wp-json\/wp\/v2\/comments?post=155924"}],"version-history":[{"count":1,"href":"https:\/\/v2charge.com\/pt-pt\/wp-json\/wp\/v2\/pages\/155924\/revisions"}],"predecessor-version":[{"id":295329,"href":"https:\/\/v2charge.com\/pt-pt\/wp-json\/wp\/v2\/pages\/155924\/revisions\/295329"}],"up":[{"embeddable":true,"href":"https:\/\/v2charge.com\/pt-pt\/wp-json\/wp\/v2\/pages\/155918"}],"wp:featuredmedia":[{"embeddable":true,"href":"https:\/\/v2charge.com\/pt-pt\/wp-json\/wp\/v2\/media\/170353"}],"wp:attachment":[{"href":"https:\/\/v2charge.com\/pt-pt\/wp-json\/wp\/v2\/media?parent=155924"}],"curies":[{"name":"wp","href":"https:\/\/api.w.org\/{rel}","templated":true}]}}