{"id":175570,"date":"2024-08-22T16:42:32","date_gmt":"2024-08-22T14:42:32","guid":{"rendered":"https:\/\/v2charge.com\/?page_id=175570"},"modified":"2026-01-13T10:04:09","modified_gmt":"2026-01-13T08:04:09","slug":"indicacoes-iluminacao-led","status":"publish","type":"page","link":"https:\/\/v2charge.com\/pt-pt\/suporte\/pole-pro\/indicacoes-iluminacao-led\/","title":{"rendered":"Indica\u00e7\u00f5es de ilumina\u00e7\u00e3o do Pole Pro"},"content":{"rendered":"\n<div class=\"wp-block-uagb-container uagb-block-17e1a3db alignfull uagb-is-root-container\"><div class=\"uagb-container-inner-blocks-wrap\"><div class=\"yoast-breadcrumbs\"><span><span><a href=\"https:\/\/v2charge.com\/pt-pt\/\">V2C<\/a><\/span> \u00bb <span><a href=\"https:\/\/v2charge.com\/pt-pt\/suporte\/\">\u00c1rea de Suporte<\/a><\/span> \u00bb <span><a href=\"https:\/\/v2charge.com\/pt-pt\/suporte\/pole-pro\/\">Suporte para Pole Pro<\/a><\/span> \u00bb <span class=\"breadcrumb_last\" aria-current=\"page\">Indica\u00e7\u00f5es das cores LED dos conetores<\/span><\/span><\/div>\n\n\n<h1 class=\"wp-block-heading\">Indica\u00e7\u00f5es de ilumina\u00e7\u00e3o do Pole Pro<\/h1>\n\n\n\n<p>A ilumina\u00e7\u00e3o LED dos conetores situados nas laterais do e-Charger <strong>muda de cor conforme o estado de carga<\/strong>. No caso dos e-Chargers Pole Pro vers\u00e3o Cloud, estas mensagens luminosas s\u00e3o acompanhadas de indica\u00e7\u00f5es no ecr\u00e3 que facilitam a compreens\u00e3o do estado em que se encontra o carregador.<br><br>Veja abaixo o <strong>significado de cada cor<\/strong>:<\/p>\n<\/div><\/div>\n\n\n\n<div class=\"wp-block-uagb-container uagb-block-75d0ab47 alignfull uagb-is-root-container\"><div class=\"uagb-container-inner-blocks-wrap\">\n<div class=\"wp-block-uagb-container uagb-block-2cfcf5c9\">\n<div class=\"wp-block-uagb-info-box uagb-block-ba6a016d uagb-infobox__content-wrap  uagb-infobox-icon-left uagb-infobox-left uagb-infobox-stacked-tablet uagb-infobox-image-valign-middle\"><div class=\"uagb-ifb-image-content\"><img decoding=\"async\" src=\"https:\/\/v2charge.com\/wp-content\/uploads\/2024\/03\/led-pole-pro-blanco.png\" alt=\"\" width=\"250\" height=\"250\" loading=\"lazy\"\/><\/div><div class=\"uagb-ifb-content\"><div class=\"uagb-ifb-title-wrap\"><\/div><p class=\"uagb-ifb-desc\"><strong>Branco: <\/strong>o carregador est\u00e1 dispon\u00edvel para uso. O ve\u00edculo el\u00e9trico n\u00e3o est\u00e1 conetado.<\/p><\/div><\/div>\n<\/div>\n\n\n\n<div class=\"wp-block-uagb-container uagb-block-ca69bc3f\">\n<div class=\"wp-block-uagb-info-box uagb-block-1b7a5f11 uagb-infobox__content-wrap  uagb-infobox-icon-left uagb-infobox-left uagb-infobox-stacked-tablet uagb-infobox-image-valign-middle\"><div class=\"uagb-ifb-image-content\"><img decoding=\"async\" src=\"https:\/\/v2charge.com\/wp-content\/uploads\/2024\/03\/led-pole-pro-cyan.png\" alt=\"\" width=\"250\" height=\"250\" loading=\"lazy\"\/><\/div><div class=\"uagb-ifb-content\"><div class=\"uagb-ifb-title-wrap\"><\/div><p class=\"uagb-ifb-desc\"><strong><strong>Azul claro:<\/strong><\/strong>&nbsp;o temporizador est\u00e1 ativado, ou seja, h\u00e1 uma carga programada. Os sistemas OCPP, V2C Payments ou RFID est\u00e3o habilitados.<br><br><strong><strong>Azul claro intermitente:<\/strong><\/strong>&nbsp;a carga est\u00e1 temporariamente habilitada. Pronto para conetar o ve\u00edculo.<\/p><\/div><\/div>\n<\/div>\n<\/div><\/div>\n\n\n\n<div class=\"wp-block-uagb-container uagb-block-2fb6f6e8 alignfull uagb-is-root-container\"><div class=\"uagb-container-inner-blocks-wrap\">\n<div class=\"wp-block-uagb-container uagb-block-f8ca3454\">\n<div class=\"wp-block-uagb-info-box uagb-block-2a797057 uagb-infobox__content-wrap  uagb-infobox-icon-left uagb-infobox-left uagb-infobox-stacked-tablet uagb-infobox-image-valign-middle\"><div class=\"uagb-ifb-image-content\"><img decoding=\"async\" src=\"https:\/\/v2charge.com\/wp-content\/uploads\/2024\/03\/led-pole-pro-verde.png\" alt=\"\" width=\"250\" height=\"250\" loading=\"lazy\"\/><\/div><div class=\"uagb-ifb-content\"><div class=\"uagb-ifb-title-wrap\"><\/div><p class=\"uagb-ifb-desc\"><strong>Verde: <\/strong>o ve\u00edculo el\u00e9trico est\u00e1 conetado ao carregador, mas n\u00e3o est\u00e1 a carregar.<\/p><\/div><\/div>\n<\/div>\n\n\n\n<div class=\"wp-block-uagb-container uagb-block-4a4478e1\">\n<div class=\"wp-block-uagb-info-box uagb-block-8d61e125 uagb-infobox__content-wrap  uagb-infobox-icon-left uagb-infobox-left uagb-infobox-stacked-tablet uagb-infobox-image-valign-middle\"><div class=\"uagb-ifb-image-content\"><img decoding=\"async\" src=\"https:\/\/v2charge.com\/wp-content\/uploads\/2024\/03\/led-pole-pro-azul.png\" alt=\"\" width=\"250\" height=\"250\" loading=\"lazy\"\/><\/div><div class=\"uagb-ifb-content\"><div class=\"uagb-ifb-title-wrap\"><\/div><p class=\"uagb-ifb-desc\"><strong><strong>Azul:<\/strong><\/strong>&nbsp;o ve\u00edculo el\u00e9trico est\u00e1 a carregar.<\/p><\/div><\/div>\n<\/div>\n<\/div><\/div>\n\n\n\n<div class=\"wp-block-uagb-container uagb-block-3a15d4c4 alignfull uagb-is-root-container\"><div class=\"uagb-container-inner-blocks-wrap\">\n<div class=\"wp-block-uagb-container uagb-block-fa44fe7d\">\n<div class=\"wp-block-uagb-info-box uagb-block-d9736fd4 uagb-infobox__content-wrap  uagb-infobox-icon-left uagb-infobox-left uagb-infobox-stacked-tablet uagb-infobox-image-valign-middle\"><div class=\"uagb-ifb-image-content\"><img decoding=\"async\" src=\"https:\/\/v2charge.com\/wp-content\/uploads\/2024\/03\/led-pole-pro-amarillo.png\" alt=\"\" width=\"250\" height=\"250\" loading=\"lazy\"\/><\/div><div class=\"uagb-ifb-content\"><div class=\"uagb-ifb-title-wrap\"><\/div><p class=\"uagb-ifb-desc\"><strong>Amarelo: <\/strong>a carga est\u00e1 pausada.<\/p><\/div><\/div>\n<\/div>\n\n\n\n<div class=\"wp-block-uagb-container uagb-block-835e2c9b\">\n<div class=\"wp-block-uagb-info-box uagb-block-0c989385 uagb-infobox__content-wrap  uagb-infobox-icon-left uagb-infobox-left uagb-infobox-stacked-tablet uagb-infobox-image-valign-middle\"><div class=\"uagb-ifb-image-content\"><img decoding=\"async\" src=\"https:\/\/v2charge.com\/wp-content\/uploads\/2024\/03\/led-pole-pro-apagado.png\" alt=\"\" width=\"250\" height=\"250\" loading=\"lazy\"\/><\/div><div class=\"uagb-ifb-content\"><div class=\"uagb-ifb-title-wrap\"><\/div><p class=\"uagb-ifb-desc\"><strong><strong>Desligado:<\/strong><\/strong>&nbsp;o conetor est\u00e1 bloqueado.<\/p><\/div><\/div>\n<\/div>\n<\/div><\/div>\n\n\n\n<div style=\"height:30px\" aria-hidden=\"true\" class=\"wp-block-spacer\"><\/div>\n\n\n\n<div class=\"wp-block-uagb-container uagb-block-c6f38013 alignfull uagb-is-root-container\"><div class=\"uagb-container-inner-blocks-wrap\">\n<div class=\"wp-block-uagb-advanced-heading uagb-block-6963d70c\"><h2 class=\"uagb-heading-text\"><strong>Necessita de apoio t\u00e9cnico?<\/strong><\/h2><\/div>\n\n\n\n<div class=\"wp-block-uagb-advanced-heading uagb-block-408243eb\"><p class=\"uagb-heading-text\">Resolva a sua incid\u00eancia de imediato atrav\u00e9s do nosso Chat com IA. Se o problema n\u00e3o ficar resolvido, pedimos que crie um pedido no Centro de Suporte T\u00e9cnico e entraremos em contacto consigo o mais rapidamente poss\u00edvel para lhe oferecer a melhor solu\u00e7\u00e3o.<\/p><\/div>\n\n\n\n<div class=\"wp-block-uagb-info-box uagb-block-12e3cf1c uagb-infobox__content-wrap  uagb-infobox-icon-left uagb-infobox-left uagb-infobox-image-valign-top wp-block-uagb-info-box--has-margin ai-chatbot-button\"><div class=\"uagb-infobox-margin-wrapper\"><div class=\"uagb-ifb-image-content\"><img decoding=\"async\" src=\"https:\/\/v2charge.com\/wp-content\/uploads\/2026\/01\/support-ai-chatbot.png\" alt=\"\" width=\"20\" height=\"19\" loading=\"lazy\"\/><\/div><div class=\"uagb-ifb-content\"><div class=\"uagb-ifb-title-wrap\"><\/div><div class=\"uagb-ifb-button-wrapper wp-block-button\"><a href=\"https:\/\/v2charge.com\/v2c-support-web\/\" class=\"uagb-infobox-cta-link wp-block-button__link\" target=\"_blank\" rel=\"noopener noreferrer\" onclick=\"return true;\"><span class=\"uagb-inline-editing\">Fale com o nosso Chat com IA<\/span><\/a><\/div><\/div><\/div><\/div>\n\n\n\n<div class=\"wp-block-uagb-buttons uagb-buttons__outer-wrap uagb-btn__default-btn uagb-btn-tablet__default-btn uagb-btn-mobile__default-btn uagb-block-ba1e67d1\"><div class=\"uagb-buttons__wrap uagb-buttons-layout-wrap \">\n<div class=\"wp-block-uagb-buttons-child uagb-buttons__outer-wrap uagb-block-23cfb623 wp-block-button\"><div class=\"uagb-button__wrapper\"><a class=\"uagb-buttons-repeater wp-block-button__link\" aria-label=\"\" href=\"https:\/\/v2charge.atlassian.net\/servicedesk\/customer\/portal\/3\" rel=\"follow noopener\" target=\"_blank\" role=\"button\"><div class=\"uagb-button__link\">Contacte o Suporte T\u00e9cnico<\/div><\/a><\/div><\/div>\n<\/div><\/div>\n<\/div><\/div>\n","protected":false},"excerpt":{"rendered":"<p>Indica\u00e7\u00f5es de ilumina\u00e7\u00e3o do Pole Pro A ilumina\u00e7\u00e3o LED dos conetores situados nas laterais do e-Charger muda de cor conforme o estado de carga. No caso dos e-Chargers Pole Pro vers\u00e3o Cloud, estas mensagens luminosas s\u00e3o acompanhadas de indica\u00e7\u00f5es no ecr\u00e3 que facilitam a compreens\u00e3o do estado em que se encontra o carregador. Veja abaixo &#8230; <a title=\"Indica\u00e7\u00f5es de ilumina\u00e7\u00e3o do Pole Pro\" class=\"read-more\" href=\"https:\/\/v2charge.com\/pt-pt\/suporte\/pole-pro\/indicacoes-iluminacao-led\/\" aria-label=\"Leia mais sobre Indica\u00e7\u00f5es de ilumina\u00e7\u00e3o do Pole Pro\">Ler mais<\/a><\/p>\n","protected":false},"author":400,"featured_media":170353,"parent":75597,"menu_order":0,"comment_status":"closed","ping_status":"closed","template":"","meta":{"_eb_attr":"","content-type":"","_uag_custom_page_level_css":"","footnotes":""},"class_list":["post-175570","page","type-page","status-publish","has-post-thumbnail"],"yoast_head":"<!-- This site is optimized with the Yoast SEO plugin v25.3.1 - https:\/\/yoast.com\/wordpress\/plugins\/seo\/ -->\n<title>Indica\u00e7\u00f5es cores LED - Carregador Pole Pro<\/title>\n<meta name=\"description\" content=\"Os conetores do lateral de Pole Pro iluminam-se segundo o estado de carga. Conhece os diferentes significados. V2C\" \/>\n<meta name=\"robots\" content=\"index, follow, max-snippet:-1, max-image-preview:large, max-video-preview:-1\" \/>\n<link rel=\"canonical\" href=\"https:\/\/v2charge.com\/pt-pt\/suporte\/pole-pro\/indicacoes-iluminacao-led\/\" \/>\n<meta property=\"og:locale\" content=\"pt_PT\" \/>\n<meta property=\"og:type\" content=\"article\" \/>\n<meta property=\"og:title\" content=\"Indica\u00e7\u00f5es cores LED - Carregador Pole Pro\" \/>\n<meta property=\"og:description\" content=\"Os conetores do lateral de Pole Pro iluminam-se segundo o estado de carga. Conhece os diferentes significados. V2C\" \/>\n<meta property=\"og:url\" content=\"https:\/\/v2charge.com\/pt-pt\/suporte\/pole-pro\/indicacoes-iluminacao-led\/\" \/>\n<meta property=\"og:site_name\" content=\"V2C\" \/>\n<meta property=\"article:publisher\" content=\"https:\/\/www.facebook.com\/V2C.Charge\" \/>\n<meta property=\"article:modified_time\" content=\"2026-01-13T08:04:09+00:00\" \/>\n<meta property=\"og:image\" content=\"https:\/\/v2charge.com\/wp-content\/uploads\/2024\/07\/v2c-electric-chargers.jpg\" \/>\n\t<meta property=\"og:image:width\" content=\"1200\" \/>\n\t<meta property=\"og:image:height\" content=\"675\" \/>\n\t<meta property=\"og:image:type\" content=\"image\/jpeg\" \/>\n<meta name=\"twitter:card\" content=\"summary_large_image\" \/>\n<meta name=\"twitter:site\" content=\"@V2C_Charge\" \/>\n<meta name=\"twitter:label1\" content=\"Tempo estimado de leitura\" \/>\n\t<meta name=\"twitter:data1\" content=\"3 minutos\" \/>\n<script type=\"application\/ld+json\" class=\"yoast-schema-graph\">{\"@context\":\"https:\/\/schema.org\",\"@graph\":[{\"@type\":\"WebPage\",\"@id\":\"https:\/\/v2charge.com\/pt-pt\/suporte\/pole-pro\/indicacoes-iluminacao-led\/\",\"url\":\"https:\/\/v2charge.com\/pt-pt\/suporte\/pole-pro\/indicacoes-iluminacao-led\/\",\"name\":\"Indica\u00e7\u00f5es cores LED - Carregador Pole Pro\",\"isPartOf\":{\"@id\":\"https:\/\/v2charge.com\/pt-pt\/#website\"},\"primaryImageOfPage\":{\"@id\":\"https:\/\/v2charge.com\/pt-pt\/suporte\/pole-pro\/indicacoes-iluminacao-led\/#primaryimage\"},\"image\":{\"@id\":\"https:\/\/v2charge.com\/pt-pt\/suporte\/pole-pro\/indicacoes-iluminacao-led\/#primaryimage\"},\"thumbnailUrl\":\"https:\/\/v2charge.com\/wp-content\/uploads\/2024\/07\/v2c-electric-chargers.jpg\",\"datePublished\":\"2024-08-22T14:42:32+00:00\",\"dateModified\":\"2026-01-13T08:04:09+00:00\",\"description\":\"Os conetores do lateral de Pole Pro iluminam-se segundo o estado de carga. Conhece os diferentes significados. V2C\",\"breadcrumb\":{\"@id\":\"https:\/\/v2charge.com\/pt-pt\/suporte\/pole-pro\/indicacoes-iluminacao-led\/#breadcrumb\"},\"inLanguage\":\"pt-PT\",\"potentialAction\":[{\"@type\":\"ReadAction\",\"target\":[\"https:\/\/v2charge.com\/pt-pt\/suporte\/pole-pro\/indicacoes-iluminacao-led\/\"]}]},{\"@type\":\"ImageObject\",\"inLanguage\":\"pt-PT\",\"@id\":\"https:\/\/v2charge.com\/pt-pt\/suporte\/pole-pro\/indicacoes-iluminacao-led\/#primaryimage\",\"url\":\"https:\/\/v2charge.com\/wp-content\/uploads\/2024\/07\/v2c-electric-chargers.jpg\",\"contentUrl\":\"https:\/\/v2charge.com\/wp-content\/uploads\/2024\/07\/v2c-electric-chargers.jpg\",\"width\":1200,\"height\":675,\"caption\":\"V2C Electric Chargers\"},{\"@type\":\"BreadcrumbList\",\"@id\":\"https:\/\/v2charge.com\/pt-pt\/suporte\/pole-pro\/indicacoes-iluminacao-led\/#breadcrumb\",\"itemListElement\":[{\"@type\":\"ListItem\",\"position\":1,\"name\":\"V2C\",\"item\":\"https:\/\/v2charge.com\/pt-pt\/\"},{\"@type\":\"ListItem\",\"position\":2,\"name\":\"\u00c1rea de Suporte\",\"item\":\"https:\/\/v2charge.com\/pt-pt\/suporte\/\"},{\"@type\":\"ListItem\",\"position\":3,\"name\":\"Suporte para Pole Pro\",\"item\":\"https:\/\/v2charge.com\/pt-pt\/suporte\/pole-pro\/\"},{\"@type\":\"ListItem\",\"position\":4,\"name\":\"Indica\u00e7\u00f5es das cores LED dos conetores\"}]},{\"@type\":\"WebSite\",\"@id\":\"https:\/\/v2charge.com\/pt-pt\/#website\",\"url\":\"https:\/\/v2charge.com\/pt-pt\/\",\"name\":\"V2C\",\"description\":\"#CargandoElMa\u00f1ana\",\"publisher\":{\"@id\":\"https:\/\/v2charge.com\/pt-pt\/#organization\"},\"potentialAction\":[{\"@type\":\"SearchAction\",\"target\":{\"@type\":\"EntryPoint\",\"urlTemplate\":\"https:\/\/v2charge.com\/pt-pt\/?s={search_term_string}\"},\"query-input\":{\"@type\":\"PropertyValueSpecification\",\"valueRequired\":true,\"valueName\":\"search_term_string\"}}],\"inLanguage\":\"pt-PT\"},{\"@type\":\"Organization\",\"@id\":\"https:\/\/v2charge.com\/pt-pt\/#organization\",\"name\":\"V2C\",\"url\":\"https:\/\/v2charge.com\/pt-pt\/\",\"logo\":{\"@type\":\"ImageObject\",\"inLanguage\":\"pt-PT\",\"@id\":\"https:\/\/v2charge.com\/pt-pt\/#\/schema\/logo\/image\/\",\"url\":\"https:\/\/v2charge.com\/wp-content\/uploads\/2024\/11\/cropped-v2c-charge-logo-menu.png\",\"contentUrl\":\"https:\/\/v2charge.com\/wp-content\/uploads\/2024\/11\/cropped-v2c-charge-logo-menu.png\",\"width\":984,\"height\":431,\"caption\":\"V2C\"},\"image\":{\"@id\":\"https:\/\/v2charge.com\/pt-pt\/#\/schema\/logo\/image\/\"},\"sameAs\":[\"https:\/\/www.facebook.com\/V2C.Charge\",\"https:\/\/x.com\/V2C_Charge\",\"https:\/\/www.instagram.com\/v2c.charge\/\",\"https:\/\/www.youtube.com\/@V2C\",\"https:\/\/www.linkedin.com\/company\/v2c-chargers\/\"]}]}<\/script>\n<!-- \/ Yoast SEO plugin. -->","yoast_head_json":{"title":"Indica\u00e7\u00f5es cores LED - Carregador Pole Pro","description":"Os conetores do lateral de Pole Pro iluminam-se segundo o estado de carga. Conhece os diferentes significados. V2C","robots":{"index":"index","follow":"follow","max-snippet":"max-snippet:-1","max-image-preview":"max-image-preview:large","max-video-preview":"max-video-preview:-1"},"canonical":"https:\/\/v2charge.com\/pt-pt\/suporte\/pole-pro\/indicacoes-iluminacao-led\/","og_locale":"pt_PT","og_type":"article","og_title":"Indica\u00e7\u00f5es cores LED - Carregador Pole Pro","og_description":"Os conetores do lateral de Pole Pro iluminam-se segundo o estado de carga. Conhece os diferentes significados. V2C","og_url":"https:\/\/v2charge.com\/pt-pt\/suporte\/pole-pro\/indicacoes-iluminacao-led\/","og_site_name":"V2C","article_publisher":"https:\/\/www.facebook.com\/V2C.Charge","article_modified_time":"2026-01-13T08:04:09+00:00","og_image":[{"width":1200,"height":675,"url":"https:\/\/v2charge.com\/wp-content\/uploads\/2024\/07\/v2c-electric-chargers.jpg","type":"image\/jpeg"}],"twitter_card":"summary_large_image","twitter_site":"@V2C_Charge","twitter_misc":{"Tempo estimado de leitura":"3 minutos"},"schema":{"@context":"https:\/\/schema.org","@graph":[{"@type":"WebPage","@id":"https:\/\/v2charge.com\/pt-pt\/suporte\/pole-pro\/indicacoes-iluminacao-led\/","url":"https:\/\/v2charge.com\/pt-pt\/suporte\/pole-pro\/indicacoes-iluminacao-led\/","name":"Indica\u00e7\u00f5es cores LED - Carregador Pole Pro","isPartOf":{"@id":"https:\/\/v2charge.com\/pt-pt\/#website"},"primaryImageOfPage":{"@id":"https:\/\/v2charge.com\/pt-pt\/suporte\/pole-pro\/indicacoes-iluminacao-led\/#primaryimage"},"image":{"@id":"https:\/\/v2charge.com\/pt-pt\/suporte\/pole-pro\/indicacoes-iluminacao-led\/#primaryimage"},"thumbnailUrl":"https:\/\/v2charge.com\/wp-content\/uploads\/2024\/07\/v2c-electric-chargers.jpg","datePublished":"2024-08-22T14:42:32+00:00","dateModified":"2026-01-13T08:04:09+00:00","description":"Os conetores do lateral de Pole Pro iluminam-se segundo o estado de carga. Conhece os diferentes significados. V2C","breadcrumb":{"@id":"https:\/\/v2charge.com\/pt-pt\/suporte\/pole-pro\/indicacoes-iluminacao-led\/#breadcrumb"},"inLanguage":"pt-PT","potentialAction":[{"@type":"ReadAction","target":["https:\/\/v2charge.com\/pt-pt\/suporte\/pole-pro\/indicacoes-iluminacao-led\/"]}]},{"@type":"ImageObject","inLanguage":"pt-PT","@id":"https:\/\/v2charge.com\/pt-pt\/suporte\/pole-pro\/indicacoes-iluminacao-led\/#primaryimage","url":"https:\/\/v2charge.com\/wp-content\/uploads\/2024\/07\/v2c-electric-chargers.jpg","contentUrl":"https:\/\/v2charge.com\/wp-content\/uploads\/2024\/07\/v2c-electric-chargers.jpg","width":1200,"height":675,"caption":"V2C Electric Chargers"},{"@type":"BreadcrumbList","@id":"https:\/\/v2charge.com\/pt-pt\/suporte\/pole-pro\/indicacoes-iluminacao-led\/#breadcrumb","itemListElement":[{"@type":"ListItem","position":1,"name":"V2C","item":"https:\/\/v2charge.com\/pt-pt\/"},{"@type":"ListItem","position":2,"name":"\u00c1rea de Suporte","item":"https:\/\/v2charge.com\/pt-pt\/suporte\/"},{"@type":"ListItem","position":3,"name":"Suporte para Pole Pro","item":"https:\/\/v2charge.com\/pt-pt\/suporte\/pole-pro\/"},{"@type":"ListItem","position":4,"name":"Indica\u00e7\u00f5es das cores LED dos conetores"}]},{"@type":"WebSite","@id":"https:\/\/v2charge.com\/pt-pt\/#website","url":"https:\/\/v2charge.com\/pt-pt\/","name":"V2C","description":"#CargandoElMa\u00f1ana","publisher":{"@id":"https:\/\/v2charge.com\/pt-pt\/#organization"},"potentialAction":[{"@type":"SearchAction","target":{"@type":"EntryPoint","urlTemplate":"https:\/\/v2charge.com\/pt-pt\/?s={search_term_string}"},"query-input":{"@type":"PropertyValueSpecification","valueRequired":true,"valueName":"search_term_string"}}],"inLanguage":"pt-PT"},{"@type":"Organization","@id":"https:\/\/v2charge.com\/pt-pt\/#organization","name":"V2C","url":"https:\/\/v2charge.com\/pt-pt\/","logo":{"@type":"ImageObject","inLanguage":"pt-PT","@id":"https:\/\/v2charge.com\/pt-pt\/#\/schema\/logo\/image\/","url":"https:\/\/v2charge.com\/wp-content\/uploads\/2024\/11\/cropped-v2c-charge-logo-menu.png","contentUrl":"https:\/\/v2charge.com\/wp-content\/uploads\/2024\/11\/cropped-v2c-charge-logo-menu.png","width":984,"height":431,"caption":"V2C"},"image":{"@id":"https:\/\/v2charge.com\/pt-pt\/#\/schema\/logo\/image\/"},"sameAs":["https:\/\/www.facebook.com\/V2C.Charge","https:\/\/x.com\/V2C_Charge","https:\/\/www.instagram.com\/v2c.charge\/","https:\/\/www.youtube.com\/@V2C","https:\/\/www.linkedin.com\/company\/v2c-chargers\/"]}]}},"uagb_featured_image_src":{"full":["https:\/\/v2charge.com\/wp-content\/uploads\/2024\/07\/v2c-electric-chargers.jpg",1200,675,false],"thumbnail":["https:\/\/v2charge.com\/wp-content\/uploads\/2024\/07\/v2c-electric-chargers-150x150.jpg",150,150,true],"medium":["https:\/\/v2charge.com\/wp-content\/uploads\/2024\/07\/v2c-electric-chargers-300x169.jpg",300,169,true],"medium_large":["https:\/\/v2charge.com\/wp-content\/uploads\/2024\/07\/v2c-electric-chargers-768x432.jpg",768,432,true],"large":["https:\/\/v2charge.com\/wp-content\/uploads\/2024\/07\/v2c-electric-chargers-1024x576.jpg",1024,576,true],"gs-tiny":["https:\/\/v2charge.com\/wp-content\/uploads\/2024\/07\/v2c-electric-chargers.jpg",50,28,false],"xl":["https:\/\/v2charge.com\/wp-content\/uploads\/2024\/07\/v2c-electric-chargers.jpg",1200,675,false],"xxl":["https:\/\/v2charge.com\/wp-content\/uploads\/2024\/07\/v2c-electric-chargers.jpg",1200,675,false],"xxxl":["https:\/\/v2charge.com\/wp-content\/uploads\/2024\/07\/v2c-electric-chargers.jpg",1200,675,false],"xxxxl":["https:\/\/v2charge.com\/wp-content\/uploads\/2024\/07\/v2c-electric-chargers.jpg",1200,675,false],"xxxxxl":["https:\/\/v2charge.com\/wp-content\/uploads\/2024\/07\/v2c-electric-chargers.jpg",1200,675,false],"1536x1536":["https:\/\/v2charge.com\/wp-content\/uploads\/2024\/07\/v2c-electric-chargers.jpg",1200,675,false],"2048x2048":["https:\/\/v2charge.com\/wp-content\/uploads\/2024\/07\/v2c-electric-chargers.jpg",1200,675,false]},"uagb_author_info":{"display_name":"V2C","author_link":"https:\/\/v2charge.com\/pt-pt\/author\/marketing\/"},"uagb_comment_info":0,"uagb_excerpt":"Indica\u00e7\u00f5es de ilumina\u00e7\u00e3o do Pole Pro A ilumina\u00e7\u00e3o LED dos conetores situados nas laterais do e-Charger muda de cor conforme o estado de carga. No caso dos e-Chargers Pole Pro vers\u00e3o Cloud, estas mensagens luminosas s\u00e3o acompanhadas de indica\u00e7\u00f5es no ecr\u00e3 que facilitam a compreens\u00e3o do estado em que se encontra o carregador. Veja abaixo&hellip;","_links":{"self":[{"href":"https:\/\/v2charge.com\/pt-pt\/wp-json\/wp\/v2\/pages\/175570","targetHints":{"allow":["GET"]}}],"collection":[{"href":"https:\/\/v2charge.com\/pt-pt\/wp-json\/wp\/v2\/pages"}],"about":[{"href":"https:\/\/v2charge.com\/pt-pt\/wp-json\/wp\/v2\/types\/page"}],"author":[{"embeddable":true,"href":"https:\/\/v2charge.com\/pt-pt\/wp-json\/wp\/v2\/users\/400"}],"replies":[{"embeddable":true,"href":"https:\/\/v2charge.com\/pt-pt\/wp-json\/wp\/v2\/comments?post=175570"}],"version-history":[{"count":6,"href":"https:\/\/v2charge.com\/pt-pt\/wp-json\/wp\/v2\/pages\/175570\/revisions"}],"predecessor-version":[{"id":295335,"href":"https:\/\/v2charge.com\/pt-pt\/wp-json\/wp\/v2\/pages\/175570\/revisions\/295335"}],"up":[{"embeddable":true,"href":"https:\/\/v2charge.com\/pt-pt\/wp-json\/wp\/v2\/pages\/75597"}],"wp:featuredmedia":[{"embeddable":true,"href":"https:\/\/v2charge.com\/pt-pt\/wp-json\/wp\/v2\/media\/170353"}],"wp:attachment":[{"href":"https:\/\/v2charge.com\/pt-pt\/wp-json\/wp\/v2\/media?parent=175570"}],"curies":[{"name":"wp","href":"https:\/\/api.w.org\/{rel}","templated":true}]}}