{"id":201231,"date":"2025-01-16T13:08:35","date_gmt":"2025-01-16T11:08:35","guid":{"rendered":"https:\/\/v2charge.com\/suporte\/controlo-potencia\/dinamico\/fotovoltaica\/inversor-sungrow\/"},"modified":"2025-07-18T16:36:55","modified_gmt":"2025-07-18T14:36:55","slug":"inversor-sungrow","status":"publish","type":"page","link":"https:\/\/v2charge.com\/pt-pt\/suporte\/controlo-potencia\/dinamico\/fotovoltaica\/inversor-sungrow\/","title":{"rendered":"Integra\u00e7\u00e3o do inversor Sungrow com Trydan"},"content":{"rendered":"\n<div class=\"wp-block-uagb-container uagb-block-917b89c6 alignfull uagb-is-root-container\"><div class=\"uagb-container-inner-blocks-wrap\"><div class=\"yoast-breadcrumbs\"><span><span><a href=\"https:\/\/v2charge.com\/pt-pt\/\">V2C<\/a><\/span> \u00bb <span><a href=\"https:\/\/v2charge.com\/pt-pt\/suporte\/\">\u00c1rea de Suporte<\/a><\/span> \u00bb <span><a href=\"https:\/\/v2charge.com\/pt-pt\/suporte\/controlo-potencia\/\">Controlo de pot\u00eancia<\/a><\/span> \u00bb <span><a href=\"https:\/\/v2charge.com\/pt-pt\/suporte\/controlo-potencia\/dinamico\/\">Din\u00e2mico<\/a><\/span> \u00bb <span><a href=\"https:\/\/v2charge.com\/pt-pt\/suporte\/controlo-potencia\/dinamico\/fotovoltaica\/\">Fotovoltaica<\/a><\/span> \u00bb <span class=\"breadcrumb_last\" aria-current=\"page\">Inversor Sungrow<\/span><\/span><\/div>\n\n\n<h1 class=\"wp-block-heading\"><strong>Integra\u00e7\u00e3o do inversor Sungrow com Trydan<\/strong><\/h1>\n\n\n\n<div class=\"wp-block-uagb-container uagb-block-6ff3315e alignfull uagb-is-root-container\"><div class=\"uagb-container-inner-blocks-wrap\">\n<div class=\"wp-block-uagb-container uagb-block-d07bdd19\">\n<p>Conecte seu ponto de recarga Trydan ao inversor Sungrow para otimizar ao m\u00e1ximo o uso da energia.<\/p>\n<\/div>\n\n\n\n<div class=\"wp-block-uagb-container uagb-block-56f0a249\">\n<div class=\"wp-block-uagb-image uagb-block-a6b3aa91 wp-block-uagb-image--layout-default wp-block-uagb-image--effect-static wp-block-uagb-image--align-none\"><figure class=\"wp-block-uagb-image__figure\"><img decoding=\"async\" srcset=\"https:\/\/v2charge.com\/wp-content\/uploads\/2024\/12\/sungrow_logo.png ,https:\/\/v2charge.com\/wp-content\/uploads\/2024\/12\/sungrow_logo.png 780w, https:\/\/v2charge.com\/wp-content\/uploads\/2024\/12\/sungrow_logo.png 360w\" sizes=\"auto, (max-width: 480px) 150px\" src=\"https:\/\/v2charge.com\/wp-content\/uploads\/2024\/12\/sungrow_logo.png\" alt=\"\" class=\"uag-image-198777\" width=\"400\" height=\"68\" title=\"sungrow_logo\" loading=\"lazy\" role=\"img\"\/><\/figure><\/div>\n<\/div>\n<\/div><\/div>\n\n\n\n<div class=\"wp-block-uagb-container uagb-block-333fb119 alignfull uagb-is-root-container\"><div class=\"uagb-container-inner-blocks-wrap\">\n<div class=\"wp-block-uagb-container uagb-block-2ff110d0 default uagb-is-root-container\">\n<div class=\"wp-block-uagb-container uagb-block-cd442c87\">\n<div class=\"wp-block-uagb-image aligncenter uagb-block-4bb46c59 wp-block-uagb-image--layout-default wp-block-uagb-image--effect-static wp-block-uagb-image--align-center\"><figure class=\"wp-block-uagb-image__figure\"><img decoding=\"async\" srcset=\"https:\/\/v2charge.com\/wp-content\/uploads\/2023\/11\/icon-important.png ,https:\/\/v2charge.com\/wp-content\/uploads\/2023\/11\/icon-important.png 780w, https:\/\/v2charge.com\/wp-content\/uploads\/2023\/11\/icon-important.png 360w\" sizes=\"auto, (max-width: 480px) 150px\" src=\"https:\/\/v2charge.com\/wp-content\/uploads\/2023\/11\/icon-important.png\" alt=\"\" class=\"uag-image-125013\" width=\"50\" height=\"50\" title=\"\" loading=\"lazy\" role=\"img\"\/><\/figure><\/div>\n<\/div>\n\n\n\n<div class=\"wp-block-uagb-container uagb-block-38de7166\">\n<div class=\"wp-block-uagb-advanced-heading uagb-block-37ab01f0\"><p class=\"uagb-heading-text\">O uso de&nbsp;<strong>repetidores Wi-Fi<\/strong>&nbsp;ou&nbsp;<strong>redes mesh<\/strong>&nbsp;pode afetar o correto funcionamento do sistema. Recomendamos utilizar uma rede&nbsp;<strong>Wi-Fi est\u00e1vel<\/strong>&nbsp;e&nbsp;<strong>direta<\/strong>&nbsp;para garantir uma liga\u00e7\u00e3o ideal entre o carregador e o inversor.<\/p><\/div>\n<\/div>\n<\/div>\n\n\n\n<div style=\"height:5px\" aria-hidden=\"true\" class=\"wp-block-spacer\"><\/div>\n<\/div><\/div>\n\n\n\n<div class=\"wp-block-uagb-separator uagb-block-37d1f752\"><div class=\"wp-block-uagb-separator__inner\" style=\"--my-background-image:\"><\/div><\/div>\n\n\n\n<h2 class=\"wp-block-heading\">Integra\u00e7\u00e3o do inversor Sungrow<\/h2>\n\n\n\n<p>Para que a integra\u00e7\u00e3o do carregador Trydan com os inversores Sungrow funcione, \u00e9 necess\u00e1rio que ambos estejam conectados \u00e0 mesma rede do Trydan. Dependendo do modelo de inversor, a conex\u00e3o com a internet pode ser feita de diferentes formas.<\/p>\n\n\n\n<p>Por um lado, se o inversor possuir uma porta LAN, recomenda-se conect\u00e1-lo ao roteador usando um cabo RJ45.<\/p>\n\n\n\n<div class=\"wp-block-uagb-image aligncenter uagb-block-5d46d4c2 wp-block-uagb-image--layout-default wp-block-uagb-image--effect-static wp-block-uagb-image--align-center\"><figure class=\"wp-block-uagb-image__figure\"><img decoding=\"async\" srcset=\"https:\/\/v2charge.com\/wp-content\/uploads\/2024\/12\/configuration_sungrow.jpg ,https:\/\/v2charge.com\/wp-content\/uploads\/2024\/12\/configuration_sungrow.jpg 780w, https:\/\/v2charge.com\/wp-content\/uploads\/2024\/12\/configuration_sungrow.jpg 360w\" sizes=\"auto, (max-width: 480px) 150px\" src=\"https:\/\/v2charge.com\/wp-content\/uploads\/2024\/12\/configuration_sungrow.jpg\" alt=\"\" class=\"uag-image-198789\" width=\"704\" height=\"215\" title=\"configuration_sungrow\" loading=\"lazy\" role=\"img\"\/><\/figure><\/div>\n\n\n\n<p>Por outro lado, se o inversor n\u00e3o tiver essa porta, \u00e9 necess\u00e1rio o m\u00f3dulo WiNet-S para conectar o inversor via WiFi ou Ethernet.<\/p>\n\n\n\n<div class=\"wp-block-uagb-image aligncenter uagb-block-ad2c5bfa wp-block-uagb-image--layout-default wp-block-uagb-image--effect-static wp-block-uagb-image--align-center\"><figure class=\"wp-block-uagb-image__figure\"><img decoding=\"async\" srcset=\"https:\/\/v2charge.com\/wp-content\/uploads\/2024\/12\/winet-s.png ,https:\/\/v2charge.com\/wp-content\/uploads\/2024\/12\/winet-s.png 780w, https:\/\/v2charge.com\/wp-content\/uploads\/2024\/12\/winet-s.png 360w\" sizes=\"auto, (max-width: 480px) 150px\" src=\"https:\/\/v2charge.com\/wp-content\/uploads\/2024\/12\/winet-s.png\" alt=\"\" class=\"uag-image-198800\" width=\"800\" height=\"740\" title=\"winet-s\" loading=\"lazy\" role=\"img\"\/><\/figure><\/div>\n\n\n\n<p>O m\u00f3dulo WiNet-S suporta tanto comunica\u00e7\u00e3o Ethernet quanto WLAN, mas n\u00e3o \u00e9 recomend\u00e1vel utilizar ambos os m\u00e9todos simultaneamente. O m\u00f3dulo deve ser inserido na porta COM1 (2 na imagem) para ambas as comunica\u00e7\u00f5es, WLAN e Ethernet, com a diferen\u00e7a de que, para Ethernet, \u00e9 necess\u00e1rio conectar um cabo RJ45 ao m\u00f3dulo.<\/p>\n\n\n\n<div class=\"wp-block-uagb-image aligncenter uagb-block-4dd5edd8 wp-block-uagb-image--layout-default wp-block-uagb-image--effect-static wp-block-uagb-image--align-center\"><figure class=\"wp-block-uagb-image__figure\"><img decoding=\"async\" srcset=\"https:\/\/v2charge.com\/wp-content\/uploads\/2024\/12\/sungrow-comands.jpg ,https:\/\/v2charge.com\/wp-content\/uploads\/2024\/12\/sungrow-comands.jpg 780w, https:\/\/v2charge.com\/wp-content\/uploads\/2024\/12\/sungrow-comands.jpg 360w\" sizes=\"auto, (max-width: 480px) 150px\" src=\"https:\/\/v2charge.com\/wp-content\/uploads\/2024\/12\/sungrow-comands.jpg\" alt=\"\" class=\"uag-image-198813\" width=\"416\" height=\"322\" title=\"sungrow-comands\" loading=\"lazy\" role=\"img\"\/><\/figure><\/div>\n\n\n\n<p>Com a configura\u00e7\u00e3o padr\u00e3o, assim que o inversor e o Trydan estiverem na mesma rede, a integra\u00e7\u00e3o estar\u00e1 conclu\u00edda. No entanto, \u00e9 necess\u00e1rio garantir que os par\u00e2metros de comunica\u00e7\u00e3o no inversor sejam os seguintes:<\/p>\n\n\n\n<ul class=\"wp-block-list\">\n<li>Addr (Endere\u00e7o): 1<\/li>\n\n\n\n<li>DHCP: LIGADO<\/li>\n\n\n\n<li>Porta: 502<\/li>\n<\/ul>\n<\/div><\/div>\n\n\n\n<div class=\"wp-block-uagb-container uagb-block-1fb723ac alignfull uagb-is-root-container\"><div class=\"uagb-container-inner-blocks-wrap\">\n<div class=\"wp-block-uagb-container uagb-block-f9070278\">\n<p>No aplicativo, siga o manual para ativar o <strong><a href=\"https:\/\/v2charge.com\/pt-pt\/suporte\/controlo-potencia\/dinamico\/\" target=\"_blank\" rel=\"noreferrer noopener\">Controle Din\u00e2mico de Pot\u00eancia<\/a><\/strong>, e no medidor selecione<strong> Sungrow<\/strong>.<\/p>\n<\/div>\n\n\n\n<div class=\"wp-block-uagb-container uagb-block-bf7d8139\">\n<div class=\"wp-block-uagb-image aligncenter uagb-block-bfeb1bc2 wp-block-uagb-image--layout-default wp-block-uagb-image--effect-static wp-block-uagb-image--align-center\"><figure class=\"wp-block-uagb-image__figure\"><img decoding=\"async\" srcset=\"https:\/\/v2charge.com\/wp-content\/uploads\/2025\/01\/sungrow-inverter-pt.jpg ,https:\/\/v2charge.com\/wp-content\/uploads\/2025\/01\/sungrow-inverter-pt.jpg 780w, https:\/\/v2charge.com\/wp-content\/uploads\/2025\/01\/sungrow-inverter-pt.jpg 360w\" sizes=\"auto, (max-width: 480px) 150px\" src=\"https:\/\/v2charge.com\/wp-content\/uploads\/2025\/01\/sungrow-inverter-pt.jpg\" alt=\"\" class=\"uag-image-201996\" width=\"468\" height=\"800\" title=\"sungrow-inverter-pt\" loading=\"lazy\" role=\"img\"\/><\/figure><\/div>\n<\/div>\n<\/div><\/div>\n\n\n\n<div class=\"wp-block-uagb-container uagb-block-c6f38013 alignfull uagb-is-root-container\"><div class=\"uagb-container-inner-blocks-wrap\">\n<div class=\"wp-block-uagb-advanced-heading uagb-block-6963d70c\"><h2 class=\"uagb-heading-text\"><strong>Precisa de suporte t\u00e9cnico?<\/strong><\/h2><\/div>\n\n\n\n<div class=\"wp-block-uagb-advanced-heading uagb-block-408243eb\"><p class=\"uagb-heading-text\">Envie uma solicita\u00e7\u00e3o ao Centro de Suporte T\u00e9cnico, e entraremos em contato com voc\u00ea o mais r\u00e1pido poss\u00edvel para oferecer a melhor solu\u00e7\u00e3o.<\/p><\/div>\n\n\n\n<div class=\"wp-block-uagb-buttons uagb-buttons__outer-wrap uagb-btn__default-btn uagb-btn-tablet__default-btn uagb-btn-mobile__default-btn uagb-block-ba1e67d1\"><div class=\"uagb-buttons__wrap uagb-buttons-layout-wrap \">\n<div class=\"wp-block-uagb-buttons-child uagb-buttons__outer-wrap uagb-block-23cfb623 wp-block-button\"><div class=\"uagb-button__wrapper\"><a class=\"uagb-buttons-repeater wp-block-button__link\" aria-label=\"\" href=\"https:\/\/v2charge.atlassian.net\/servicedesk\/customer\/portal\/3\" rel=\"follow noopener\" target=\"_self\" role=\"button\"><div class=\"uagb-button__link\">Contactar o Soporte T\u00e9cnico<\/div><\/a><\/div><\/div>\n<\/div><\/div>\n<\/div><\/div>\n","protected":false},"excerpt":{"rendered":"<p>Integra\u00e7\u00e3o do inversor Sungrow com Trydan Conecte seu ponto de recarga Trydan ao inversor Sungrow para otimizar ao m\u00e1ximo o uso da energia. O uso de&nbsp;repetidores Wi-Fi&nbsp;ou&nbsp;redes mesh&nbsp;pode afetar o correto funcionamento do sistema. Recomendamos utilizar uma rede&nbsp;Wi-Fi est\u00e1vel&nbsp;e&nbsp;direta&nbsp;para garantir uma liga\u00e7\u00e3o ideal entre o carregador e o inversor. Integra\u00e7\u00e3o do inversor Sungrow Para que &#8230; <a title=\"Integra\u00e7\u00e3o do inversor Sungrow com Trydan\" class=\"read-more\" href=\"https:\/\/v2charge.com\/pt-pt\/suporte\/controlo-potencia\/dinamico\/fotovoltaica\/inversor-sungrow\/\" aria-label=\"Leia mais sobre Integra\u00e7\u00e3o do inversor Sungrow com Trydan\">Ler mais<\/a><\/p>\n","protected":false},"author":400,"featured_media":0,"parent":128258,"menu_order":0,"comment_status":"closed","ping_status":"closed","template":"","meta":{"_eb_attr":"","content-type":"","_uag_custom_page_level_css":"","footnotes":""},"class_list":["post-201231","page","type-page","status-publish"],"yoast_head":"<!-- This site is optimized with the Yoast SEO plugin v25.3.1 - https:\/\/yoast.com\/wordpress\/plugins\/seo\/ -->\n<title>Integra\u00e7\u00e3o do inversor Sungrow com Trydan - V2C<\/title>\n<meta name=\"description\" content=\"O inversor Sungrow pode ser integrado ao carregador Trydan via Ethernet ou WiFi. Especificamos os passos a seguir.\" \/>\n<meta name=\"robots\" content=\"index, follow, max-snippet:-1, max-image-preview:large, max-video-preview:-1\" \/>\n<link rel=\"canonical\" href=\"https:\/\/v2charge.com\/pt-pt\/suporte\/controlo-potencia\/dinamico\/fotovoltaica\/inversor-sungrow\/\" \/>\n<meta property=\"og:locale\" content=\"pt_PT\" \/>\n<meta property=\"og:type\" content=\"article\" \/>\n<meta property=\"og:title\" content=\"Integra\u00e7\u00e3o do inversor Sungrow com Trydan - V2C\" \/>\n<meta property=\"og:description\" content=\"O inversor Sungrow pode ser integrado ao carregador Trydan via Ethernet ou WiFi. Especificamos os passos a seguir.\" \/>\n<meta property=\"og:url\" content=\"https:\/\/v2charge.com\/pt-pt\/suporte\/controlo-potencia\/dinamico\/fotovoltaica\/inversor-sungrow\/\" \/>\n<meta property=\"og:site_name\" content=\"V2C\" \/>\n<meta property=\"article:publisher\" content=\"https:\/\/www.facebook.com\/V2C.Charge\" \/>\n<meta property=\"article:modified_time\" content=\"2025-07-18T14:36:55+00:00\" \/>\n<meta property=\"og:image\" content=\"https:\/\/v2charge.com\/wp-content\/uploads\/2024\/12\/sungrow_logo.png\" \/>\n<meta name=\"twitter:card\" content=\"summary_large_image\" \/>\n<meta name=\"twitter:site\" content=\"@V2C_Charge\" \/>\n<meta name=\"twitter:label1\" content=\"Tempo estimado de leitura\" \/>\n\t<meta name=\"twitter:data1\" content=\"3 minutos\" \/>\n<script type=\"application\/ld+json\" class=\"yoast-schema-graph\">{\"@context\":\"https:\/\/schema.org\",\"@graph\":[{\"@type\":\"WebPage\",\"@id\":\"https:\/\/v2charge.com\/pt-pt\/suporte\/controlo-potencia\/dinamico\/fotovoltaica\/inversor-sungrow\/\",\"url\":\"https:\/\/v2charge.com\/pt-pt\/suporte\/controlo-potencia\/dinamico\/fotovoltaica\/inversor-sungrow\/\",\"name\":\"Integra\u00e7\u00e3o do inversor Sungrow com Trydan - V2C\",\"isPartOf\":{\"@id\":\"https:\/\/v2charge.com\/pt-pt\/#website\"},\"primaryImageOfPage\":{\"@id\":\"https:\/\/v2charge.com\/pt-pt\/suporte\/controlo-potencia\/dinamico\/fotovoltaica\/inversor-sungrow\/#primaryimage\"},\"image\":{\"@id\":\"https:\/\/v2charge.com\/pt-pt\/suporte\/controlo-potencia\/dinamico\/fotovoltaica\/inversor-sungrow\/#primaryimage\"},\"thumbnailUrl\":\"https:\/\/v2charge.com\/wp-content\/uploads\/2024\/12\/sungrow_logo.png\",\"datePublished\":\"2025-01-16T11:08:35+00:00\",\"dateModified\":\"2025-07-18T14:36:55+00:00\",\"description\":\"O inversor Sungrow pode ser integrado ao carregador Trydan via Ethernet ou WiFi. Especificamos os passos a seguir.\",\"breadcrumb\":{\"@id\":\"https:\/\/v2charge.com\/pt-pt\/suporte\/controlo-potencia\/dinamico\/fotovoltaica\/inversor-sungrow\/#breadcrumb\"},\"inLanguage\":\"pt-PT\",\"potentialAction\":[{\"@type\":\"ReadAction\",\"target\":[\"https:\/\/v2charge.com\/pt-pt\/suporte\/controlo-potencia\/dinamico\/fotovoltaica\/inversor-sungrow\/\"]}]},{\"@type\":\"ImageObject\",\"inLanguage\":\"pt-PT\",\"@id\":\"https:\/\/v2charge.com\/pt-pt\/suporte\/controlo-potencia\/dinamico\/fotovoltaica\/inversor-sungrow\/#primaryimage\",\"url\":\"https:\/\/v2charge.com\/wp-content\/uploads\/2024\/12\/sungrow_logo.png\",\"contentUrl\":\"https:\/\/v2charge.com\/wp-content\/uploads\/2024\/12\/sungrow_logo.png\"},{\"@type\":\"BreadcrumbList\",\"@id\":\"https:\/\/v2charge.com\/pt-pt\/suporte\/controlo-potencia\/dinamico\/fotovoltaica\/inversor-sungrow\/#breadcrumb\",\"itemListElement\":[{\"@type\":\"ListItem\",\"position\":1,\"name\":\"V2C\",\"item\":\"https:\/\/v2charge.com\/pt-pt\/\"},{\"@type\":\"ListItem\",\"position\":2,\"name\":\"\u00c1rea de Suporte\",\"item\":\"https:\/\/v2charge.com\/pt-pt\/suporte\/\"},{\"@type\":\"ListItem\",\"position\":3,\"name\":\"Controlo de pot\u00eancia\",\"item\":\"https:\/\/v2charge.com\/pt-pt\/suporte\/controlo-potencia\/\"},{\"@type\":\"ListItem\",\"position\":4,\"name\":\"Din\u00e2mico\",\"item\":\"https:\/\/v2charge.com\/pt-pt\/suporte\/controlo-potencia\/dinamico\/\"},{\"@type\":\"ListItem\",\"position\":5,\"name\":\"Fotovoltaica\",\"item\":\"https:\/\/v2charge.com\/pt-pt\/suporte\/controlo-potencia\/dinamico\/fotovoltaica\/\"},{\"@type\":\"ListItem\",\"position\":6,\"name\":\"Inversor Sungrow\"}]},{\"@type\":\"WebSite\",\"@id\":\"https:\/\/v2charge.com\/pt-pt\/#website\",\"url\":\"https:\/\/v2charge.com\/pt-pt\/\",\"name\":\"V2C\",\"description\":\"#CargandoElMa\u00f1ana\",\"publisher\":{\"@id\":\"https:\/\/v2charge.com\/pt-pt\/#organization\"},\"potentialAction\":[{\"@type\":\"SearchAction\",\"target\":{\"@type\":\"EntryPoint\",\"urlTemplate\":\"https:\/\/v2charge.com\/pt-pt\/?s={search_term_string}\"},\"query-input\":{\"@type\":\"PropertyValueSpecification\",\"valueRequired\":true,\"valueName\":\"search_term_string\"}}],\"inLanguage\":\"pt-PT\"},{\"@type\":\"Organization\",\"@id\":\"https:\/\/v2charge.com\/pt-pt\/#organization\",\"name\":\"V2C\",\"url\":\"https:\/\/v2charge.com\/pt-pt\/\",\"logo\":{\"@type\":\"ImageObject\",\"inLanguage\":\"pt-PT\",\"@id\":\"https:\/\/v2charge.com\/pt-pt\/#\/schema\/logo\/image\/\",\"url\":\"https:\/\/v2charge.com\/wp-content\/uploads\/2024\/11\/cropped-v2c-charge-logo-menu.png\",\"contentUrl\":\"https:\/\/v2charge.com\/wp-content\/uploads\/2024\/11\/cropped-v2c-charge-logo-menu.png\",\"width\":984,\"height\":431,\"caption\":\"V2C\"},\"image\":{\"@id\":\"https:\/\/v2charge.com\/pt-pt\/#\/schema\/logo\/image\/\"},\"sameAs\":[\"https:\/\/www.facebook.com\/V2C.Charge\",\"https:\/\/x.com\/V2C_Charge\",\"https:\/\/www.instagram.com\/v2c.charge\/\",\"https:\/\/www.youtube.com\/@V2C\",\"https:\/\/www.linkedin.com\/company\/v2c-chargers\/\"]}]}<\/script>\n<!-- \/ Yoast SEO plugin. -->","yoast_head_json":{"title":"Integra\u00e7\u00e3o do inversor Sungrow com Trydan - V2C","description":"O inversor Sungrow pode ser integrado ao carregador Trydan via Ethernet ou WiFi. Especificamos os passos a seguir.","robots":{"index":"index","follow":"follow","max-snippet":"max-snippet:-1","max-image-preview":"max-image-preview:large","max-video-preview":"max-video-preview:-1"},"canonical":"https:\/\/v2charge.com\/pt-pt\/suporte\/controlo-potencia\/dinamico\/fotovoltaica\/inversor-sungrow\/","og_locale":"pt_PT","og_type":"article","og_title":"Integra\u00e7\u00e3o do inversor Sungrow com Trydan - V2C","og_description":"O inversor Sungrow pode ser integrado ao carregador Trydan via Ethernet ou WiFi. Especificamos os passos a seguir.","og_url":"https:\/\/v2charge.com\/pt-pt\/suporte\/controlo-potencia\/dinamico\/fotovoltaica\/inversor-sungrow\/","og_site_name":"V2C","article_publisher":"https:\/\/www.facebook.com\/V2C.Charge","article_modified_time":"2025-07-18T14:36:55+00:00","og_image":[{"url":"https:\/\/v2charge.com\/wp-content\/uploads\/2024\/12\/sungrow_logo.png","type":"","width":"","height":""}],"twitter_card":"summary_large_image","twitter_site":"@V2C_Charge","twitter_misc":{"Tempo estimado de leitura":"3 minutos"},"schema":{"@context":"https:\/\/schema.org","@graph":[{"@type":"WebPage","@id":"https:\/\/v2charge.com\/pt-pt\/suporte\/controlo-potencia\/dinamico\/fotovoltaica\/inversor-sungrow\/","url":"https:\/\/v2charge.com\/pt-pt\/suporte\/controlo-potencia\/dinamico\/fotovoltaica\/inversor-sungrow\/","name":"Integra\u00e7\u00e3o do inversor Sungrow com Trydan - V2C","isPartOf":{"@id":"https:\/\/v2charge.com\/pt-pt\/#website"},"primaryImageOfPage":{"@id":"https:\/\/v2charge.com\/pt-pt\/suporte\/controlo-potencia\/dinamico\/fotovoltaica\/inversor-sungrow\/#primaryimage"},"image":{"@id":"https:\/\/v2charge.com\/pt-pt\/suporte\/controlo-potencia\/dinamico\/fotovoltaica\/inversor-sungrow\/#primaryimage"},"thumbnailUrl":"https:\/\/v2charge.com\/wp-content\/uploads\/2024\/12\/sungrow_logo.png","datePublished":"2025-01-16T11:08:35+00:00","dateModified":"2025-07-18T14:36:55+00:00","description":"O inversor Sungrow pode ser integrado ao carregador Trydan via Ethernet ou WiFi. Especificamos os passos a seguir.","breadcrumb":{"@id":"https:\/\/v2charge.com\/pt-pt\/suporte\/controlo-potencia\/dinamico\/fotovoltaica\/inversor-sungrow\/#breadcrumb"},"inLanguage":"pt-PT","potentialAction":[{"@type":"ReadAction","target":["https:\/\/v2charge.com\/pt-pt\/suporte\/controlo-potencia\/dinamico\/fotovoltaica\/inversor-sungrow\/"]}]},{"@type":"ImageObject","inLanguage":"pt-PT","@id":"https:\/\/v2charge.com\/pt-pt\/suporte\/controlo-potencia\/dinamico\/fotovoltaica\/inversor-sungrow\/#primaryimage","url":"https:\/\/v2charge.com\/wp-content\/uploads\/2024\/12\/sungrow_logo.png","contentUrl":"https:\/\/v2charge.com\/wp-content\/uploads\/2024\/12\/sungrow_logo.png"},{"@type":"BreadcrumbList","@id":"https:\/\/v2charge.com\/pt-pt\/suporte\/controlo-potencia\/dinamico\/fotovoltaica\/inversor-sungrow\/#breadcrumb","itemListElement":[{"@type":"ListItem","position":1,"name":"V2C","item":"https:\/\/v2charge.com\/pt-pt\/"},{"@type":"ListItem","position":2,"name":"\u00c1rea de Suporte","item":"https:\/\/v2charge.com\/pt-pt\/suporte\/"},{"@type":"ListItem","position":3,"name":"Controlo de pot\u00eancia","item":"https:\/\/v2charge.com\/pt-pt\/suporte\/controlo-potencia\/"},{"@type":"ListItem","position":4,"name":"Din\u00e2mico","item":"https:\/\/v2charge.com\/pt-pt\/suporte\/controlo-potencia\/dinamico\/"},{"@type":"ListItem","position":5,"name":"Fotovoltaica","item":"https:\/\/v2charge.com\/pt-pt\/suporte\/controlo-potencia\/dinamico\/fotovoltaica\/"},{"@type":"ListItem","position":6,"name":"Inversor Sungrow"}]},{"@type":"WebSite","@id":"https:\/\/v2charge.com\/pt-pt\/#website","url":"https:\/\/v2charge.com\/pt-pt\/","name":"V2C","description":"#CargandoElMa\u00f1ana","publisher":{"@id":"https:\/\/v2charge.com\/pt-pt\/#organization"},"potentialAction":[{"@type":"SearchAction","target":{"@type":"EntryPoint","urlTemplate":"https:\/\/v2charge.com\/pt-pt\/?s={search_term_string}"},"query-input":{"@type":"PropertyValueSpecification","valueRequired":true,"valueName":"search_term_string"}}],"inLanguage":"pt-PT"},{"@type":"Organization","@id":"https:\/\/v2charge.com\/pt-pt\/#organization","name":"V2C","url":"https:\/\/v2charge.com\/pt-pt\/","logo":{"@type":"ImageObject","inLanguage":"pt-PT","@id":"https:\/\/v2charge.com\/pt-pt\/#\/schema\/logo\/image\/","url":"https:\/\/v2charge.com\/wp-content\/uploads\/2024\/11\/cropped-v2c-charge-logo-menu.png","contentUrl":"https:\/\/v2charge.com\/wp-content\/uploads\/2024\/11\/cropped-v2c-charge-logo-menu.png","width":984,"height":431,"caption":"V2C"},"image":{"@id":"https:\/\/v2charge.com\/pt-pt\/#\/schema\/logo\/image\/"},"sameAs":["https:\/\/www.facebook.com\/V2C.Charge","https:\/\/x.com\/V2C_Charge","https:\/\/www.instagram.com\/v2c.charge\/","https:\/\/www.youtube.com\/@V2C","https:\/\/www.linkedin.com\/company\/v2c-chargers\/"]}]}},"uagb_featured_image_src":{"full":false,"thumbnail":false,"medium":false,"medium_large":false,"large":false,"gs-tiny":false,"xl":false,"xxl":false,"xxxl":false,"xxxxl":false,"xxxxxl":false,"1536x1536":false,"2048x2048":false},"uagb_author_info":{"display_name":"V2C","author_link":"https:\/\/v2charge.com\/pt-pt\/author\/marketing\/"},"uagb_comment_info":0,"uagb_excerpt":"Integra\u00e7\u00e3o do inversor Sungrow com Trydan Conecte seu ponto de recarga Trydan ao inversor Sungrow para otimizar ao m\u00e1ximo o uso da energia. O uso de&nbsp;repetidores Wi-Fi&nbsp;ou&nbsp;redes mesh&nbsp;pode afetar o correto funcionamento do sistema. Recomendamos utilizar uma rede&nbsp;Wi-Fi est\u00e1vel&nbsp;e&nbsp;direta&nbsp;para garantir uma liga\u00e7\u00e3o ideal entre o carregador e o inversor. Integra\u00e7\u00e3o do inversor Sungrow Para que&hellip;","_links":{"self":[{"href":"https:\/\/v2charge.com\/pt-pt\/wp-json\/wp\/v2\/pages\/201231","targetHints":{"allow":["GET"]}}],"collection":[{"href":"https:\/\/v2charge.com\/pt-pt\/wp-json\/wp\/v2\/pages"}],"about":[{"href":"https:\/\/v2charge.com\/pt-pt\/wp-json\/wp\/v2\/types\/page"}],"author":[{"embeddable":true,"href":"https:\/\/v2charge.com\/pt-pt\/wp-json\/wp\/v2\/users\/400"}],"replies":[{"embeddable":true,"href":"https:\/\/v2charge.com\/pt-pt\/wp-json\/wp\/v2\/comments?post=201231"}],"version-history":[{"count":4,"href":"https:\/\/v2charge.com\/pt-pt\/wp-json\/wp\/v2\/pages\/201231\/revisions"}],"predecessor-version":[{"id":238795,"href":"https:\/\/v2charge.com\/pt-pt\/wp-json\/wp\/v2\/pages\/201231\/revisions\/238795"}],"up":[{"embeddable":true,"href":"https:\/\/v2charge.com\/pt-pt\/wp-json\/wp\/v2\/pages\/128258"}],"wp:attachment":[{"href":"https:\/\/v2charge.com\/pt-pt\/wp-json\/wp\/v2\/media?parent=201231"}],"curies":[{"name":"wp","href":"https:\/\/api.w.org\/{rel}","templated":true}]}}