{"id":214877,"date":"2025-04-10T16:13:30","date_gmt":"2025-04-10T14:13:30","guid":{"rendered":"https:\/\/v2charge.com\/?page_id=214877"},"modified":"2026-01-13T10:47:35","modified_gmt":"2026-01-13T08:47:35","slug":"indicacoes-iluminacao-led","status":"publish","type":"page","link":"https:\/\/v2charge.com\/pt-pt\/suporte\/denka\/indicacoes-iluminacao-led\/","title":{"rendered":"Indica\u00e7\u00f5es das cores LED"},"content":{"rendered":"\n<div class=\"wp-block-uagb-container uagb-block-17e1a3db alignfull uagb-is-root-container\"><div class=\"uagb-container-inner-blocks-wrap\"><div class=\"yoast-breadcrumbs\"><span><span><a href=\"https:\/\/v2charge.com\/pt-pt\/\">V2C<\/a><\/span> \u00bb <span><a href=\"https:\/\/v2charge.com\/pt-pt\/suporte\/\">\u00c1rea de Suporte<\/a><\/span> \u00bb <span><a href=\"https:\/\/v2charge.com\/pt-pt\/suporte\/denka\/\">Suporte para Denka<\/a><\/span> \u00bb <span class=\"breadcrumb_last\" aria-current=\"page\">Indica\u00e7\u00f5es das cores LED<\/span><\/span><\/div>\n\n\n<h1 class=\"wp-block-heading\">Indica\u00e7\u00f5es das cores LED<\/h1>\n<\/div><\/div>\n\n\n\n<div class=\"wp-block-uagb-container uagb-block-c483af30 alignfull uagb-is-root-container\"><div class=\"uagb-container-inner-blocks-wrap\">\n<div class=\"wp-block-uagb-container uagb-block-9d0ad235\">\n<div class=\"wp-block-uagb-image uagb-block-4833ea13 wp-block-uagb-image--layout-default wp-block-uagb-image--effect-static wp-block-uagb-image--align-none\"><figure class=\"wp-block-uagb-image__figure\"><img decoding=\"async\" srcset=\"https:\/\/v2charge.com\/wp-content\/uploads\/2024\/12\/led-blanco-denka.jpg ,https:\/\/v2charge.com\/wp-content\/uploads\/2024\/12\/led-blanco-denka.jpg 780w, https:\/\/v2charge.com\/wp-content\/uploads\/2024\/12\/led-blanco-denka.jpg 360w\" sizes=\"auto, (max-width: 480px) 150px\" src=\"https:\/\/v2charge.com\/wp-content\/uploads\/2024\/12\/led-blanco-denka.jpg\" alt=\"\" class=\"uag-image-198724\" width=\"303\" height=\"300\" title=\"led-blanco-denka\" loading=\"lazy\" role=\"img\"\/><\/figure><\/div>\n<\/div>\n\n\n\n<div class=\"wp-block-uagb-container uagb-block-01c41ba6\">\n<p><strong>Branco<\/strong>: RFID\/V2C Payments\/OCPP aceite ou carregador dispon\u00edvel sem qualquer tipo de bloqueio.<\/p>\n<\/div>\n<\/div><\/div>\n\n\n\n<div class=\"wp-block-uagb-container uagb-block-bfb0e86e alignfull uagb-is-root-container\"><div class=\"uagb-container-inner-blocks-wrap\">\n<div class=\"wp-block-uagb-container uagb-block-abca8cd0\">\n<div class=\"wp-block-uagb-image uagb-block-9bfa1a97 wp-block-uagb-image--layout-default wp-block-uagb-image--effect-static wp-block-uagb-image--align-none\"><figure class=\"wp-block-uagb-image__figure\"><img decoding=\"async\" srcset=\"https:\/\/v2charge.com\/wp-content\/uploads\/2024\/12\/led-azul-denka.jpg ,https:\/\/v2charge.com\/wp-content\/uploads\/2024\/12\/led-azul-denka.jpg 780w, https:\/\/v2charge.com\/wp-content\/uploads\/2024\/12\/led-azul-denka.jpg 360w\" sizes=\"auto, (max-width: 480px) 150px\" src=\"https:\/\/v2charge.com\/wp-content\/uploads\/2024\/12\/led-azul-denka.jpg\" alt=\"\" class=\"uag-image-198713\" width=\"303\" height=\"300\" title=\"led-azul-denka\" loading=\"lazy\" role=\"img\"\/><\/figure><\/div>\n<\/div>\n\n\n\n<div class=\"wp-block-uagb-container uagb-block-37a9717e\">\n<p><strong>Azul escuro: <\/strong>o ve\u00edculo est\u00e1 a carregar. A barra luminosa indica&nbsp;a percentagem de carga.<\/p>\n<\/div>\n<\/div><\/div>\n\n\n\n<div class=\"wp-block-uagb-container uagb-block-781ad5e9 alignfull uagb-is-root-container\"><div class=\"uagb-container-inner-blocks-wrap\">\n<div class=\"wp-block-uagb-container uagb-block-4aed571f\">\n<div class=\"wp-block-uagb-image uagb-block-4c1296d9 wp-block-uagb-image--layout-default wp-block-uagb-image--effect-static wp-block-uagb-image--align-none\"><figure class=\"wp-block-uagb-image__figure\"><img decoding=\"async\" srcset=\"https:\/\/v2charge.com\/wp-content\/uploads\/2024\/12\/led-cyan-denka.jpg ,https:\/\/v2charge.com\/wp-content\/uploads\/2024\/12\/led-cyan-denka.jpg 780w, https:\/\/v2charge.com\/wp-content\/uploads\/2024\/12\/led-cyan-denka.jpg 360w\" sizes=\"auto, (max-width: 480px) 150px\" src=\"https:\/\/v2charge.com\/wp-content\/uploads\/2024\/12\/led-cyan-denka.jpg\" alt=\"\" class=\"uag-image-198735\" width=\"303\" height=\"300\" title=\"led-cyan-denka\" loading=\"lazy\" role=\"img\"\/><\/figure><\/div>\n<\/div>\n\n\n\n<div class=\"wp-block-uagb-container uagb-block-e4f870ad\">\n<p><strong>Azul claro: <\/strong>e-Charger a iniciar.<\/p>\n\n\n\n<p><strong>Azul claro com movimento da esquerda para a direita:<\/strong> \u00e0 espera de RFID\/V2C Payments\/OCPP.<\/p>\n<\/div>\n<\/div><\/div>\n\n\n\n<div class=\"wp-block-uagb-container uagb-block-075bcc5a alignfull uagb-is-root-container\"><div class=\"uagb-container-inner-blocks-wrap\">\n<div class=\"wp-block-uagb-container uagb-block-7fb073e2\">\n<div class=\"wp-block-uagb-image uagb-block-905fe628 wp-block-uagb-image--layout-default wp-block-uagb-image--effect-static wp-block-uagb-image--align-none\"><figure class=\"wp-block-uagb-image__figure\"><img decoding=\"async\" srcset=\"https:\/\/v2charge.com\/wp-content\/uploads\/2024\/12\/led-verde-denka.jpg ,https:\/\/v2charge.com\/wp-content\/uploads\/2024\/12\/led-verde-denka.jpg 780w, https:\/\/v2charge.com\/wp-content\/uploads\/2024\/12\/led-verde-denka.jpg 360w\" sizes=\"auto, (max-width: 480px) 150px\" src=\"https:\/\/v2charge.com\/wp-content\/uploads\/2024\/12\/led-verde-denka.jpg\" alt=\"\" class=\"uag-image-198757\" width=\"303\" height=\"300\" title=\"led-verde-denka\" loading=\"lazy\" role=\"img\"\/><\/figure><\/div>\n<\/div>\n\n\n\n<div class=\"wp-block-uagb-container uagb-block-50027222\">\n<p><strong>Verde<\/strong>: o ve\u00edculo est\u00e1 conectado.<\/p>\n<\/div>\n<\/div><\/div>\n\n\n\n<div class=\"wp-block-uagb-container uagb-block-8b504286 alignfull uagb-is-root-container\"><div class=\"uagb-container-inner-blocks-wrap\">\n<div class=\"wp-block-uagb-container uagb-block-022e5896\">\n<div class=\"wp-block-uagb-image uagb-block-5d05a7d8 wp-block-uagb-image--layout-default wp-block-uagb-image--effect-static wp-block-uagb-image--align-none\"><figure class=\"wp-block-uagb-image__figure\"><img decoding=\"async\" srcset=\"https:\/\/v2charge.com\/wp-content\/uploads\/2024\/12\/led-rojo-denka.jpg ,https:\/\/v2charge.com\/wp-content\/uploads\/2024\/12\/led-rojo-denka.jpg 780w, https:\/\/v2charge.com\/wp-content\/uploads\/2024\/12\/led-rojo-denka.jpg 360w\" sizes=\"auto, (max-width: 480px) 150px\" src=\"https:\/\/v2charge.com\/wp-content\/uploads\/2024\/12\/led-rojo-denka.jpg\" alt=\"\" class=\"uag-image-198746\" width=\"303\" height=\"300\" title=\"led-rojo-denka\" loading=\"lazy\" role=\"img\"\/><\/figure><\/div>\n<\/div>\n\n\n\n<div class=\"wp-block-uagb-container uagb-block-05c65a2d\">\n<p><strong>Vermelho a piscar: <\/strong>bot\u00e3o de emerg\u00eancia pressionado ou erro interno ou de comunica\u00e7\u00e3o.<br><em>Para soltar o bot\u00e3o de emerg\u00eancia se estiver pressionado, deve pressionar e rodar para a direita.<\/em><\/p>\n<\/div>\n<\/div><\/div>\n\n\n\n<div class=\"wp-block-uagb-container uagb-block-c6f38013 alignfull uagb-is-root-container\"><div class=\"uagb-container-inner-blocks-wrap\">\n<div class=\"wp-block-uagb-advanced-heading uagb-block-6963d70c\"><h2 class=\"uagb-heading-text\"><strong>Necessita de apoio t\u00e9cnico?<\/strong><\/h2><\/div>\n\n\n\n<div class=\"wp-block-uagb-advanced-heading uagb-block-408243eb\"><p class=\"uagb-heading-text\">Resolva a sua incid\u00eancia de imediato atrav\u00e9s do nosso Chat com IA. Se o problema n\u00e3o ficar resolvido, pedimos que crie um pedido no Centro de Suporte T\u00e9cnico e entraremos em contacto consigo o mais rapidamente poss\u00edvel para lhe oferecer a melhor solu\u00e7\u00e3o.<\/p><\/div>\n\n\n\n<div class=\"wp-block-uagb-info-box uagb-block-12e3cf1c uagb-infobox__content-wrap  uagb-infobox-icon-left uagb-infobox-left uagb-infobox-image-valign-top wp-block-uagb-info-box--has-margin ai-chatbot-button\"><div class=\"uagb-infobox-margin-wrapper\"><div class=\"uagb-ifb-image-content\"><img decoding=\"async\" src=\"https:\/\/v2charge.com\/wp-content\/uploads\/2026\/01\/support-ai-chatbot.png\" alt=\"\" width=\"20\" height=\"19\" loading=\"lazy\"\/><\/div><div class=\"uagb-ifb-content\"><div class=\"uagb-ifb-title-wrap\"><\/div><div class=\"uagb-ifb-button-wrapper wp-block-button\"><a href=\"https:\/\/v2charge.com\/v2c-support-web\/\" class=\"uagb-infobox-cta-link wp-block-button__link\" target=\"_blank\" rel=\"noopener noreferrer\" onclick=\"return true;\"><span class=\"uagb-inline-editing\">Fale com o nosso Chat com IA<\/span><\/a><\/div><\/div><\/div><\/div>\n\n\n\n<div class=\"wp-block-uagb-buttons uagb-buttons__outer-wrap uagb-btn__default-btn uagb-btn-tablet__default-btn uagb-btn-mobile__default-btn uagb-block-ba1e67d1\"><div class=\"uagb-buttons__wrap uagb-buttons-layout-wrap \">\n<div class=\"wp-block-uagb-buttons-child uagb-buttons__outer-wrap uagb-block-23cfb623 wp-block-button\"><div class=\"uagb-button__wrapper\"><a class=\"uagb-buttons-repeater wp-block-button__link\" aria-label=\"\" href=\"https:\/\/v2charge.atlassian.net\/servicedesk\/customer\/portal\/3\" rel=\"follow noopener\" target=\"_blank\" role=\"button\"><div class=\"uagb-button__link\">Contacte o Suporte T\u00e9cnico<\/div><\/a><\/div><\/div>\n<\/div><\/div>\n<\/div><\/div>\n","protected":false},"excerpt":{"rendered":"<p>Indica\u00e7\u00f5es das cores LED Branco: RFID\/V2C Payments\/OCPP aceite ou carregador dispon\u00edvel sem qualquer tipo de bloqueio. Azul escuro: o ve\u00edculo est\u00e1 a carregar. A barra luminosa indica&nbsp;a percentagem de carga. Azul claro: e-Charger a iniciar. Azul claro com movimento da esquerda para a direita: \u00e0 espera de RFID\/V2C Payments\/OCPP. Verde: o ve\u00edculo est\u00e1 conectado. Vermelho &#8230; <a title=\"Indica\u00e7\u00f5es das cores LED\" class=\"read-more\" href=\"https:\/\/v2charge.com\/pt-pt\/suporte\/denka\/indicacoes-iluminacao-led\/\" aria-label=\"Leia mais sobre Indica\u00e7\u00f5es das cores LED\">Ler mais<\/a><\/p>\n","protected":false},"author":400,"featured_media":170353,"parent":214834,"menu_order":0,"comment_status":"closed","ping_status":"closed","template":"","meta":{"_eb_attr":"","content-type":"","_uag_custom_page_level_css":"","footnotes":""},"class_list":["post-214877","page","type-page","status-publish","has-post-thumbnail"],"yoast_head":"<!-- This site is optimized with the Yoast SEO plugin v25.3.1 - https:\/\/yoast.com\/wordpress\/plugins\/seo\/ -->\n<title>Indica\u00e7\u00f5es das cores LED - Denka<\/title>\n<meta name=\"description\" content=\"O LED situado na parte frontal do Denka ilumina-se de acordo com o estado de carga. Conhe\u00e7a os diferentes significados.\" \/>\n<meta name=\"robots\" content=\"index, follow, max-snippet:-1, max-image-preview:large, max-video-preview:-1\" \/>\n<link rel=\"canonical\" href=\"https:\/\/v2charge.com\/pt-pt\/suporte\/denka\/indicacoes-iluminacao-led\/\" \/>\n<meta property=\"og:locale\" content=\"pt_PT\" \/>\n<meta property=\"og:type\" content=\"article\" \/>\n<meta property=\"og:title\" content=\"Indica\u00e7\u00f5es das cores LED - Denka\" \/>\n<meta property=\"og:description\" content=\"O LED situado na parte frontal do Denka ilumina-se de acordo com o estado de carga. Conhe\u00e7a os diferentes significados.\" \/>\n<meta property=\"og:url\" content=\"https:\/\/v2charge.com\/pt-pt\/suporte\/denka\/indicacoes-iluminacao-led\/\" \/>\n<meta property=\"og:site_name\" content=\"V2C\" \/>\n<meta property=\"article:publisher\" content=\"https:\/\/www.facebook.com\/V2C.Charge\" \/>\n<meta property=\"article:modified_time\" content=\"2026-01-13T08:47:35+00:00\" \/>\n<meta property=\"og:image\" content=\"https:\/\/v2charge.com\/wp-content\/uploads\/2024\/07\/v2c-electric-chargers.jpg\" \/>\n\t<meta property=\"og:image:width\" content=\"1200\" \/>\n\t<meta property=\"og:image:height\" content=\"675\" \/>\n\t<meta property=\"og:image:type\" content=\"image\/jpeg\" \/>\n<meta name=\"twitter:card\" content=\"summary_large_image\" \/>\n<meta name=\"twitter:site\" content=\"@V2C_Charge\" \/>\n<meta name=\"twitter:label1\" content=\"Tempo estimado de leitura\" \/>\n\t<meta name=\"twitter:data1\" content=\"3 minutos\" \/>\n<script type=\"application\/ld+json\" class=\"yoast-schema-graph\">{\"@context\":\"https:\/\/schema.org\",\"@graph\":[{\"@type\":\"WebPage\",\"@id\":\"https:\/\/v2charge.com\/pt-pt\/suporte\/denka\/indicacoes-iluminacao-led\/\",\"url\":\"https:\/\/v2charge.com\/pt-pt\/suporte\/denka\/indicacoes-iluminacao-led\/\",\"name\":\"Indica\u00e7\u00f5es das cores LED - Denka\",\"isPartOf\":{\"@id\":\"https:\/\/v2charge.com\/pt-pt\/#website\"},\"primaryImageOfPage\":{\"@id\":\"https:\/\/v2charge.com\/pt-pt\/suporte\/denka\/indicacoes-iluminacao-led\/#primaryimage\"},\"image\":{\"@id\":\"https:\/\/v2charge.com\/pt-pt\/suporte\/denka\/indicacoes-iluminacao-led\/#primaryimage\"},\"thumbnailUrl\":\"https:\/\/v2charge.com\/wp-content\/uploads\/2024\/07\/v2c-electric-chargers.jpg\",\"datePublished\":\"2025-04-10T14:13:30+00:00\",\"dateModified\":\"2026-01-13T08:47:35+00:00\",\"description\":\"O LED situado na parte frontal do Denka ilumina-se de acordo com o estado de carga. Conhe\u00e7a os diferentes significados.\",\"breadcrumb\":{\"@id\":\"https:\/\/v2charge.com\/pt-pt\/suporte\/denka\/indicacoes-iluminacao-led\/#breadcrumb\"},\"inLanguage\":\"pt-PT\",\"potentialAction\":[{\"@type\":\"ReadAction\",\"target\":[\"https:\/\/v2charge.com\/pt-pt\/suporte\/denka\/indicacoes-iluminacao-led\/\"]}]},{\"@type\":\"ImageObject\",\"inLanguage\":\"pt-PT\",\"@id\":\"https:\/\/v2charge.com\/pt-pt\/suporte\/denka\/indicacoes-iluminacao-led\/#primaryimage\",\"url\":\"https:\/\/v2charge.com\/wp-content\/uploads\/2024\/07\/v2c-electric-chargers.jpg\",\"contentUrl\":\"https:\/\/v2charge.com\/wp-content\/uploads\/2024\/07\/v2c-electric-chargers.jpg\",\"width\":1200,\"height\":675,\"caption\":\"V2C Electric Chargers\"},{\"@type\":\"BreadcrumbList\",\"@id\":\"https:\/\/v2charge.com\/pt-pt\/suporte\/denka\/indicacoes-iluminacao-led\/#breadcrumb\",\"itemListElement\":[{\"@type\":\"ListItem\",\"position\":1,\"name\":\"V2C\",\"item\":\"https:\/\/v2charge.com\/pt-pt\/\"},{\"@type\":\"ListItem\",\"position\":2,\"name\":\"\u00c1rea de Suporte\",\"item\":\"https:\/\/v2charge.com\/pt-pt\/suporte\/\"},{\"@type\":\"ListItem\",\"position\":3,\"name\":\"Suporte para Denka\",\"item\":\"https:\/\/v2charge.com\/pt-pt\/suporte\/denka\/\"},{\"@type\":\"ListItem\",\"position\":4,\"name\":\"Indica\u00e7\u00f5es das cores LED\"}]},{\"@type\":\"WebSite\",\"@id\":\"https:\/\/v2charge.com\/pt-pt\/#website\",\"url\":\"https:\/\/v2charge.com\/pt-pt\/\",\"name\":\"V2C\",\"description\":\"#CargandoElMa\u00f1ana\",\"publisher\":{\"@id\":\"https:\/\/v2charge.com\/pt-pt\/#organization\"},\"potentialAction\":[{\"@type\":\"SearchAction\",\"target\":{\"@type\":\"EntryPoint\",\"urlTemplate\":\"https:\/\/v2charge.com\/pt-pt\/?s={search_term_string}\"},\"query-input\":{\"@type\":\"PropertyValueSpecification\",\"valueRequired\":true,\"valueName\":\"search_term_string\"}}],\"inLanguage\":\"pt-PT\"},{\"@type\":\"Organization\",\"@id\":\"https:\/\/v2charge.com\/pt-pt\/#organization\",\"name\":\"V2C\",\"url\":\"https:\/\/v2charge.com\/pt-pt\/\",\"logo\":{\"@type\":\"ImageObject\",\"inLanguage\":\"pt-PT\",\"@id\":\"https:\/\/v2charge.com\/pt-pt\/#\/schema\/logo\/image\/\",\"url\":\"https:\/\/v2charge.com\/wp-content\/uploads\/2024\/11\/cropped-v2c-charge-logo-menu.png\",\"contentUrl\":\"https:\/\/v2charge.com\/wp-content\/uploads\/2024\/11\/cropped-v2c-charge-logo-menu.png\",\"width\":984,\"height\":431,\"caption\":\"V2C\"},\"image\":{\"@id\":\"https:\/\/v2charge.com\/pt-pt\/#\/schema\/logo\/image\/\"},\"sameAs\":[\"https:\/\/www.facebook.com\/V2C.Charge\",\"https:\/\/x.com\/V2C_Charge\",\"https:\/\/www.instagram.com\/v2c.charge\/\",\"https:\/\/www.youtube.com\/@V2C\",\"https:\/\/www.linkedin.com\/company\/v2c-chargers\/\"]}]}<\/script>\n<!-- \/ Yoast SEO plugin. -->","yoast_head_json":{"title":"Indica\u00e7\u00f5es das cores LED - Denka","description":"O LED situado na parte frontal do Denka ilumina-se de acordo com o estado de carga. Conhe\u00e7a os diferentes significados.","robots":{"index":"index","follow":"follow","max-snippet":"max-snippet:-1","max-image-preview":"max-image-preview:large","max-video-preview":"max-video-preview:-1"},"canonical":"https:\/\/v2charge.com\/pt-pt\/suporte\/denka\/indicacoes-iluminacao-led\/","og_locale":"pt_PT","og_type":"article","og_title":"Indica\u00e7\u00f5es das cores LED - Denka","og_description":"O LED situado na parte frontal do Denka ilumina-se de acordo com o estado de carga. Conhe\u00e7a os diferentes significados.","og_url":"https:\/\/v2charge.com\/pt-pt\/suporte\/denka\/indicacoes-iluminacao-led\/","og_site_name":"V2C","article_publisher":"https:\/\/www.facebook.com\/V2C.Charge","article_modified_time":"2026-01-13T08:47:35+00:00","og_image":[{"width":1200,"height":675,"url":"https:\/\/v2charge.com\/wp-content\/uploads\/2024\/07\/v2c-electric-chargers.jpg","type":"image\/jpeg"}],"twitter_card":"summary_large_image","twitter_site":"@V2C_Charge","twitter_misc":{"Tempo estimado de leitura":"3 minutos"},"schema":{"@context":"https:\/\/schema.org","@graph":[{"@type":"WebPage","@id":"https:\/\/v2charge.com\/pt-pt\/suporte\/denka\/indicacoes-iluminacao-led\/","url":"https:\/\/v2charge.com\/pt-pt\/suporte\/denka\/indicacoes-iluminacao-led\/","name":"Indica\u00e7\u00f5es das cores LED - Denka","isPartOf":{"@id":"https:\/\/v2charge.com\/pt-pt\/#website"},"primaryImageOfPage":{"@id":"https:\/\/v2charge.com\/pt-pt\/suporte\/denka\/indicacoes-iluminacao-led\/#primaryimage"},"image":{"@id":"https:\/\/v2charge.com\/pt-pt\/suporte\/denka\/indicacoes-iluminacao-led\/#primaryimage"},"thumbnailUrl":"https:\/\/v2charge.com\/wp-content\/uploads\/2024\/07\/v2c-electric-chargers.jpg","datePublished":"2025-04-10T14:13:30+00:00","dateModified":"2026-01-13T08:47:35+00:00","description":"O LED situado na parte frontal do Denka ilumina-se de acordo com o estado de carga. Conhe\u00e7a os diferentes significados.","breadcrumb":{"@id":"https:\/\/v2charge.com\/pt-pt\/suporte\/denka\/indicacoes-iluminacao-led\/#breadcrumb"},"inLanguage":"pt-PT","potentialAction":[{"@type":"ReadAction","target":["https:\/\/v2charge.com\/pt-pt\/suporte\/denka\/indicacoes-iluminacao-led\/"]}]},{"@type":"ImageObject","inLanguage":"pt-PT","@id":"https:\/\/v2charge.com\/pt-pt\/suporte\/denka\/indicacoes-iluminacao-led\/#primaryimage","url":"https:\/\/v2charge.com\/wp-content\/uploads\/2024\/07\/v2c-electric-chargers.jpg","contentUrl":"https:\/\/v2charge.com\/wp-content\/uploads\/2024\/07\/v2c-electric-chargers.jpg","width":1200,"height":675,"caption":"V2C Electric Chargers"},{"@type":"BreadcrumbList","@id":"https:\/\/v2charge.com\/pt-pt\/suporte\/denka\/indicacoes-iluminacao-led\/#breadcrumb","itemListElement":[{"@type":"ListItem","position":1,"name":"V2C","item":"https:\/\/v2charge.com\/pt-pt\/"},{"@type":"ListItem","position":2,"name":"\u00c1rea de Suporte","item":"https:\/\/v2charge.com\/pt-pt\/suporte\/"},{"@type":"ListItem","position":3,"name":"Suporte para Denka","item":"https:\/\/v2charge.com\/pt-pt\/suporte\/denka\/"},{"@type":"ListItem","position":4,"name":"Indica\u00e7\u00f5es das cores LED"}]},{"@type":"WebSite","@id":"https:\/\/v2charge.com\/pt-pt\/#website","url":"https:\/\/v2charge.com\/pt-pt\/","name":"V2C","description":"#CargandoElMa\u00f1ana","publisher":{"@id":"https:\/\/v2charge.com\/pt-pt\/#organization"},"potentialAction":[{"@type":"SearchAction","target":{"@type":"EntryPoint","urlTemplate":"https:\/\/v2charge.com\/pt-pt\/?s={search_term_string}"},"query-input":{"@type":"PropertyValueSpecification","valueRequired":true,"valueName":"search_term_string"}}],"inLanguage":"pt-PT"},{"@type":"Organization","@id":"https:\/\/v2charge.com\/pt-pt\/#organization","name":"V2C","url":"https:\/\/v2charge.com\/pt-pt\/","logo":{"@type":"ImageObject","inLanguage":"pt-PT","@id":"https:\/\/v2charge.com\/pt-pt\/#\/schema\/logo\/image\/","url":"https:\/\/v2charge.com\/wp-content\/uploads\/2024\/11\/cropped-v2c-charge-logo-menu.png","contentUrl":"https:\/\/v2charge.com\/wp-content\/uploads\/2024\/11\/cropped-v2c-charge-logo-menu.png","width":984,"height":431,"caption":"V2C"},"image":{"@id":"https:\/\/v2charge.com\/pt-pt\/#\/schema\/logo\/image\/"},"sameAs":["https:\/\/www.facebook.com\/V2C.Charge","https:\/\/x.com\/V2C_Charge","https:\/\/www.instagram.com\/v2c.charge\/","https:\/\/www.youtube.com\/@V2C","https:\/\/www.linkedin.com\/company\/v2c-chargers\/"]}]}},"uagb_featured_image_src":{"full":["https:\/\/v2charge.com\/wp-content\/uploads\/2024\/07\/v2c-electric-chargers.jpg",1200,675,false],"thumbnail":["https:\/\/v2charge.com\/wp-content\/uploads\/2024\/07\/v2c-electric-chargers-150x150.jpg",150,150,true],"medium":["https:\/\/v2charge.com\/wp-content\/uploads\/2024\/07\/v2c-electric-chargers-300x169.jpg",300,169,true],"medium_large":["https:\/\/v2charge.com\/wp-content\/uploads\/2024\/07\/v2c-electric-chargers-768x432.jpg",768,432,true],"large":["https:\/\/v2charge.com\/wp-content\/uploads\/2024\/07\/v2c-electric-chargers-1024x576.jpg",1024,576,true],"gs-tiny":["https:\/\/v2charge.com\/wp-content\/uploads\/2024\/07\/v2c-electric-chargers.jpg",50,28,false],"xl":["https:\/\/v2charge.com\/wp-content\/uploads\/2024\/07\/v2c-electric-chargers.jpg",1200,675,false],"xxl":["https:\/\/v2charge.com\/wp-content\/uploads\/2024\/07\/v2c-electric-chargers.jpg",1200,675,false],"xxxl":["https:\/\/v2charge.com\/wp-content\/uploads\/2024\/07\/v2c-electric-chargers.jpg",1200,675,false],"xxxxl":["https:\/\/v2charge.com\/wp-content\/uploads\/2024\/07\/v2c-electric-chargers.jpg",1200,675,false],"xxxxxl":["https:\/\/v2charge.com\/wp-content\/uploads\/2024\/07\/v2c-electric-chargers.jpg",1200,675,false],"1536x1536":["https:\/\/v2charge.com\/wp-content\/uploads\/2024\/07\/v2c-electric-chargers.jpg",1200,675,false],"2048x2048":["https:\/\/v2charge.com\/wp-content\/uploads\/2024\/07\/v2c-electric-chargers.jpg",1200,675,false]},"uagb_author_info":{"display_name":"V2C","author_link":"https:\/\/v2charge.com\/pt-pt\/author\/marketing\/"},"uagb_comment_info":0,"uagb_excerpt":"Indica\u00e7\u00f5es das cores LED Branco: RFID\/V2C Payments\/OCPP aceite ou carregador dispon\u00edvel sem qualquer tipo de bloqueio. Azul escuro: o ve\u00edculo est\u00e1 a carregar. A barra luminosa indica&nbsp;a percentagem de carga. Azul claro: e-Charger a iniciar. Azul claro com movimento da esquerda para a direita: \u00e0 espera de RFID\/V2C Payments\/OCPP. Verde: o ve\u00edculo est\u00e1 conectado. Vermelho&hellip;","_links":{"self":[{"href":"https:\/\/v2charge.com\/pt-pt\/wp-json\/wp\/v2\/pages\/214877","targetHints":{"allow":["GET"]}}],"collection":[{"href":"https:\/\/v2charge.com\/pt-pt\/wp-json\/wp\/v2\/pages"}],"about":[{"href":"https:\/\/v2charge.com\/pt-pt\/wp-json\/wp\/v2\/types\/page"}],"author":[{"embeddable":true,"href":"https:\/\/v2charge.com\/pt-pt\/wp-json\/wp\/v2\/users\/400"}],"replies":[{"embeddable":true,"href":"https:\/\/v2charge.com\/pt-pt\/wp-json\/wp\/v2\/comments?post=214877"}],"version-history":[{"count":5,"href":"https:\/\/v2charge.com\/pt-pt\/wp-json\/wp\/v2\/pages\/214877\/revisions"}],"predecessor-version":[{"id":295351,"href":"https:\/\/v2charge.com\/pt-pt\/wp-json\/wp\/v2\/pages\/214877\/revisions\/295351"}],"up":[{"embeddable":true,"href":"https:\/\/v2charge.com\/pt-pt\/wp-json\/wp\/v2\/pages\/214834"}],"wp:featuredmedia":[{"embeddable":true,"href":"https:\/\/v2charge.com\/pt-pt\/wp-json\/wp\/v2\/media\/170353"}],"wp:attachment":[{"href":"https:\/\/v2charge.com\/pt-pt\/wp-json\/wp\/v2\/media?parent=214877"}],"curies":[{"name":"wp","href":"https:\/\/api.w.org\/{rel}","templated":true}]}}