{"id":292072,"date":"2025-12-22T13:27:35","date_gmt":"2025-12-22T11:27:35","guid":{"rendered":"https:\/\/v2charge.com\/?page_id=292072"},"modified":"2025-12-22T13:27:37","modified_gmt":"2025-12-22T11:27:37","slug":"actualizacoes-denka","status":"publish","type":"page","link":"https:\/\/v2charge.com\/pt-pt\/actualizacoes-denka\/","title":{"rendered":"Atualiza\u00e7\u00f5es Denka"},"content":{"rendered":"\n<div class=\"wp-block-uagb-container uagb-block-014a4d52 alignfull uagb-is-root-container\"><div class=\"uagb-container-inner-blocks-wrap\">\n<div class=\"wp-block-uagb-advanced-heading uagb-block-a5e384fe\"><h1 class=\"uagb-heading-text\">Atualiza\u00e7\u00f5es Denka<\/h1><\/div>\n\n\n\n<p>Trabalhamos constantemente para optimizar o desempenho e as funcionalidades do Denka. Nesta sec\u00e7\u00e3o, pode consultar a vers\u00e3o mais recente do nosso e-Charger, bem como as melhorias e atualiza\u00e7\u00f5es mais recentes implementadas.<\/p>\n\n\n\n<h2 class=\"wp-block-heading\">Ver todas as atualiza\u00e7\u00f5es do e-Charger<\/h2>\n\n\n<div class=\"cbxchangelog_wrapper cbxchangelog_wrapper_classic_plain\"><div class=\"cbxchangelog_release\" id=\"cbxchangelog_release_292071_1\"><div class=\"cbxchangelog_release_header\"><div class=\"cbxchangelog_version\">0.14.4<\/div><div class=\"cbxchangelog_date\"><small>Janeiro 20, 2026<\/small><\/div><\/div><div class=\"cbxchangelog_release_inner\"><div class=\"cbxchangelog_features\"> <div class=\"cbxchangelog_log\"><div class=\"cbxchangelog_log-label cbxchangelog_log_label_added\">Added<\/div><div class=\"cbxchangelog_feature\">Visualiza\u00e7\u00e3o do estado de carregamento no painel do instalador.<\/div><\/div> <div class=\"cbxchangelog_log\"><div class=\"cbxchangelog_log-label cbxchangelog_log_label_improved\">Improved<\/div><div class=\"cbxchangelog_feature\">Carregamento inteligente: controlo deslizante de pot\u00eancia no painel do instalador.<\/div><\/div> <div class=\"cbxchangelog_log\"><div class=\"cbxchangelog_log-label cbxchangelog_log_label_improved\">Improved<\/div><div class=\"cbxchangelog_feature\">Melhorias gerais na estabilidade e fiabilidade do sistema.<\/div><\/div> <div class=\"cbxchangelog_log\"><div class=\"cbxchangelog_log-label cbxchangelog_log_label_improved\">Improved<\/div><div class=\"cbxchangelog_feature\">Melhorias globais no funcionamento e na estabilidade.<\/div><\/div> <div class=\"cbxchangelog_log\"><div class=\"cbxchangelog_log-label cbxchangelog_log_label_fixed\">Fixed<\/div><div class=\"cbxchangelog_feature\">Corre\u00e7\u00f5es no comportamento do carregamento inteligente OCPP.<\/div><\/div> <div class=\"cbxchangelog_log\"><div class=\"cbxchangelog_log-label cbxchangelog_log_label_fixed\">Fixed<\/div><div class=\"cbxchangelog_feature\">Corre\u00e7\u00e3o de problemas na gest\u00e3o e recupera\u00e7\u00e3o de alarmes do sistema.<\/div><\/div><\/div><div class=\"cbxchangelog_features_url\"><img decoding=\"async\" src=\"data:image\/png;base64,iVBORw0KGgoAAAANSUhEUgAAABoAAAAaCAYAAACpSkzOAAAABmJLR0QA\/wD\/AP+gvaeTAAAB30lEQVRIia3Wv2sUQRjG8c\/dRUQbRawVogYUjHp97LUQFMTO\/AliGXKEJApaKFgKEkgsxMYfWNgIFoJFRKNRLGyvE5MyYHGixdyR2WF3cuvlhYHded95v\/vOPvPuNoxuLVzFZUygh3U8xrtdyE8\/8Vf8rRgr2DsqpI3NDGQwlqExAuQNDkVzH\/FSqGAaRyLf+f+FpJXcEd7VwA6jG\/kf7QZkviJ2MYpZbdaAHMAVYXu+9OcWMqA\/0XWrImYoO5XxjWHNdkVPxoZI2MBFXBLk\/Fs4JyuZNbdxLrp\/sRPkGD4ol22vnzDd\/rkkbq0kpmBtbFRA4nE9WtNJfBs4vhMkVdc67glS3Yrmb\/TXzCbxm4rbNxRkUVE548KJv499mCmp5GxdyAz244EggPEovoVbSfwvnKkLme37bkZzW1jqV\/OtBDKZg0yUQDqRfzrxlY2fOJ2DtIQXHS+aS2KagpR7FZD3OJqDwLVk0d1M7Emhgb7GWzzEBUN+BZ5GkE\/yfSnXdrLWxIno\/pViM4xtHt+FhrokVH6wDmzVdkULGUh6GNt1IISTPkjQFT5aA2sJTz4yBKaSRF3hEHYUW\/1IkIEtK5ftrkIIPxQ52GdF0dS2VP9TQheYxB78wHM8U63GoewfAo7YbZrQf6sAAAAASUVORK5CYII=\"\/><a href=\"https:\/\/v2cstorageaccount.blob.core.windows.net\/dccodule-versions\/dc-codule_v0.14.4.zip\"  target=\"_blank\" >More details about this release<\/a><\/div><\/div><\/div><div class=\"cbxchangelog_release\" id=\"cbxchangelog_release_292071_2\"><div class=\"cbxchangelog_release_header\"><div class=\"cbxchangelog_version\">0.14.1<\/div><div class=\"cbxchangelog_date\"><small>Dezembro 18, 2025<\/small><\/div><\/div><div class=\"cbxchangelog_release_inner\"><div class=\"cbxchangelog_features\"> <div class=\"cbxchangelog_log\"><div class=\"cbxchangelog_log-label cbxchangelog_log_label_added\">Added<\/div><div class=\"cbxchangelog_feature\">Indicador de Target SoC ultrapassado.<\/div><\/div> <div class=\"cbxchangelog_log\"><div class=\"cbxchangelog_log-label cbxchangelog_log_label_added\">Added<\/div><div class=\"cbxchangelog_feature\">Paragem de carga a um SoC espec\u00edfico.<\/div><\/div> <div class=\"cbxchangelog_log\"><div class=\"cbxchangelog_log-label cbxchangelog_log_label_added\">Added<\/div><div class=\"cbxchangelog_feature\">Relat\u00f3rio do estado do bot\u00e3o de emerg\u00eancia.<\/div><\/div> <div class=\"cbxchangelog_log\"><div class=\"cbxchangelog_log-label cbxchangelog_log_label_added\">Added<\/div><div class=\"cbxchangelog_feature\">Elemento slider no servidor web.<\/div><\/div> <div class=\"cbxchangelog_log\"><div class=\"cbxchangelog_log-label cbxchangelog_log_label_added\">Added<\/div><div class=\"cbxchangelog_feature\">Relat\u00f3rio do SoC do ve\u00edculo e protocolo para o backend.<\/div><\/div> <div class=\"cbxchangelog_log\"><div class=\"cbxchangelog_log-label cbxchangelog_log_label_added\">Added<\/div><div class=\"cbxchangelog_feature\">O m\u00e9todo direto currentcharge passa a devolver o tempo restante para o SoC bulk e completo.<\/div><\/div> <div class=\"cbxchangelog_log\"><div class=\"cbxchangelog_log-label cbxchangelog_log_label_added\">Added<\/div><div class=\"cbxchangelog_feature\">M\u00e9todo direto para reiniciar o servi\u00e7o autossh.<\/div><\/div> <div class=\"cbxchangelog_log\"><div class=\"cbxchangelog_log-label cbxchangelog_log_label_added\">Added<\/div><div class=\"cbxchangelog_feature\">Configura\u00e7\u00e3o do modo IP (p\u00fablico\/privado) para a liga\u00e7\u00e3o 4G.<\/div><\/div> <div class=\"cbxchangelog_log\"><div class=\"cbxchangelog_log-label cbxchangelog_log_label_improved\">Improved<\/div><div class=\"cbxchangelog_feature\">Carga inteligente OCPP.<\/div><\/div> <div class=\"cbxchangelog_log\"><div class=\"cbxchangelog_log-label cbxchangelog_log_label_improved\">Improved<\/div><div class=\"cbxchangelog_feature\">Melhorias de desempenho.<\/div><\/div> <div class=\"cbxchangelog_log\"><div class=\"cbxchangelog_log-label cbxchangelog_log_label_improved\">Improved<\/div><div class=\"cbxchangelog_feature\">Arranque do m\u00f3dulo Wi-Fi.<\/div><\/div> <div class=\"cbxchangelog_log\"><div class=\"cbxchangelog_log-label cbxchangelog_log_label_improved\">Improved<\/div><div class=\"cbxchangelog_feature\">Migra\u00e7\u00e3o do servidor HTTP.<\/div><\/div> <div class=\"cbxchangelog_log\"><div class=\"cbxchangelog_log-label cbxchangelog_log_label_fixed\">Fixed<\/div><div class=\"cbxchangelog_feature\">Corre\u00e7\u00f5es de erros na configura\u00e7\u00e3o de arranque.<\/div><\/div> <div class=\"cbxchangelog_log\"><div class=\"cbxchangelog_log-label cbxchangelog_log_label_fixed\">Fixed<\/div><div class=\"cbxchangelog_feature\">Corre\u00e7\u00f5es de erros na carga inteligente OCPP.<\/div><\/div> <div class=\"cbxchangelog_log\"><div class=\"cbxchangelog_log-label cbxchangelog_log_label_fixed\">Fixed<\/div><div class=\"cbxchangelog_feature\">Corre\u00e7\u00f5es de erros no servidor web e na comunica\u00e7\u00e3o com o hardware.<\/div><\/div><\/div><div class=\"cbxchangelog_features_url\"><img decoding=\"async\" src=\"data:image\/png;base64,iVBORw0KGgoAAAANSUhEUgAAABoAAAAaCAYAAACpSkzOAAAABmJLR0QA\/wD\/AP+gvaeTAAAB30lEQVRIia3Wv2sUQRjG8c\/dRUQbRawVogYUjHp97LUQFMTO\/AliGXKEJApaKFgKEkgsxMYfWNgIFoJFRKNRLGyvE5MyYHGixdyR2WF3cuvlhYHded95v\/vOPvPuNoxuLVzFZUygh3U8xrtdyE8\/8Vf8rRgr2DsqpI3NDGQwlqExAuQNDkVzH\/FSqGAaRyLf+f+FpJXcEd7VwA6jG\/kf7QZkviJ2MYpZbdaAHMAVYXu+9OcWMqA\/0XWrImYoO5XxjWHNdkVPxoZI2MBFXBLk\/Fs4JyuZNbdxLrp\/sRPkGD4ol22vnzDd\/rkkbq0kpmBtbFRA4nE9WtNJfBs4vhMkVdc67glS3Yrmb\/TXzCbxm4rbNxRkUVE548KJv499mCmp5GxdyAz244EggPEovoVbSfwvnKkLme37bkZzW1jqV\/OtBDKZg0yUQDqRfzrxlY2fOJ2DtIQXHS+aS2KagpR7FZD3OJqDwLVk0d1M7Emhgb7GWzzEBUN+BZ5GkE\/yfSnXdrLWxIno\/pViM4xtHt+FhrokVH6wDmzVdkULGUh6GNt1IISTPkjQFT5aA2sJTz4yBKaSRF3hEHYUW\/1IkIEtK5ftrkIIPxQ52GdF0dS2VP9TQheYxB78wHM8U63GoewfAo7YbZrQf6sAAAAASUVORK5CYII=\"\/><a href=\"https:\/\/v2cstorageaccount.blob.core.windows.net\/dccodule-versions\/dc-codule_v0.14.1.zip\"  target=\"_blank\" >More details about this release<\/a><\/div><\/div><\/div><div class=\"cbxchangelog_release\" id=\"cbxchangelog_release_292071_3\"><div class=\"cbxchangelog_release_header\"><div class=\"cbxchangelog_version\">0.13.4<\/div><div class=\"cbxchangelog_date\"><small>Outubro 20, 2025<\/small><\/div><\/div><div class=\"cbxchangelog_release_inner\"><div class=\"cbxchangelog_features\"> <div class=\"cbxchangelog_log\"><div class=\"cbxchangelog_log-label cbxchangelog_log_label_added\">Added<\/div><div class=\"cbxchangelog_feature\">Op\u00e7\u00e3o para desativar o Wi-Fi no painel de instala\u00e7\u00e3o.<\/div><\/div> <div class=\"cbxchangelog_log\"><div class=\"cbxchangelog_log-label cbxchangelog_log_label_improved\">Improved<\/div><div class=\"cbxchangelog_feature\">Melhoria do desempenho no envio de par\u00e2metros DC.<\/div><\/div> <div class=\"cbxchangelog_log\"><div class=\"cbxchangelog_log-label cbxchangelog_log_label_fixed\">Fixed<\/div><div class=\"cbxchangelog_feature\">Corre\u00e7\u00e3o do bloqueio SPI.<\/div><\/div> <div class=\"cbxchangelog_log\"><div class=\"cbxchangelog_log-label cbxchangelog_log_label_fixed\">Fixed<\/div><div class=\"cbxchangelog_feature\">Bug no TimerHandler com n_connectors.<\/div><\/div><\/div><div class=\"cbxchangelog_features_url\"><img decoding=\"async\" src=\"data:image\/png;base64,iVBORw0KGgoAAAANSUhEUgAAABoAAAAaCAYAAACpSkzOAAAABmJLR0QA\/wD\/AP+gvaeTAAAB30lEQVRIia3Wv2sUQRjG8c\/dRUQbRawVogYUjHp97LUQFMTO\/AliGXKEJApaKFgKEkgsxMYfWNgIFoJFRKNRLGyvE5MyYHGixdyR2WF3cuvlhYHded95v\/vOPvPuNoxuLVzFZUygh3U8xrtdyE8\/8Vf8rRgr2DsqpI3NDGQwlqExAuQNDkVzH\/FSqGAaRyLf+f+FpJXcEd7VwA6jG\/kf7QZkviJ2MYpZbdaAHMAVYXu+9OcWMqA\/0XWrImYoO5XxjWHNdkVPxoZI2MBFXBLk\/Fs4JyuZNbdxLrp\/sRPkGD4ol22vnzDd\/rkkbq0kpmBtbFRA4nE9WtNJfBs4vhMkVdc67glS3Yrmb\/TXzCbxm4rbNxRkUVE548KJv499mCmp5GxdyAz244EggPEovoVbSfwvnKkLme37bkZzW1jqV\/OtBDKZg0yUQDqRfzrxlY2fOJ2DtIQXHS+aS2KagpR7FZD3OJqDwLVk0d1M7Emhgb7GWzzEBUN+BZ5GkE\/yfSnXdrLWxIno\/pViM4xtHt+FhrokVH6wDmzVdkULGUh6GNt1IISTPkjQFT5aA2sJTz4yBKaSRF3hEHYUW\/1IkIEtK5ftrkIIPxQ52GdF0dS2VP9TQheYxB78wHM8U63GoewfAo7YbZrQf6sAAAAASUVORK5CYII=\"\/><a href=\"https:\/\/v2cstorageaccount.blob.core.windows.net\/dccodule-versions\/dc-codule_v0.13.4.zip\"  target=\"_blank\" >More details about this release<\/a><\/div><\/div><\/div><div class=\"cbxchangelog_release\" id=\"cbxchangelog_release_292071_4\"><div class=\"cbxchangelog_release_header\"><div class=\"cbxchangelog_version\">0.11.3<\/div><div class=\"cbxchangelog_date\"><small>Outubro 7, 2025<\/small><\/div><\/div><div class=\"cbxchangelog_release_inner\"><div class=\"cbxchangelog_features\"> <div class=\"cbxchangelog_log\"><div class=\"cbxchangelog_log-label cbxchangelog_log_label_added\">Added<\/div><div class=\"cbxchangelog_feature\">Relat\u00f3rio de tags.<\/div><\/div> <div class=\"cbxchangelog_log\"><div class=\"cbxchangelog_log-label cbxchangelog_log_label_added\">Added<\/div><div class=\"cbxchangelog_feature\">Integra\u00e7\u00e3o das altera\u00e7\u00f5es nas propriedades reportadas.<\/div><\/div> <div class=\"cbxchangelog_log\"><div class=\"cbxchangelog_log-label cbxchangelog_log_label_added\">Added<\/div><div class=\"cbxchangelog_feature\">Ajuste da calibra\u00e7\u00e3o RFID a partir do painel de instala\u00e7\u00e3o.<\/div><\/div> <div class=\"cbxchangelog_log\"><div class=\"cbxchangelog_log-label cbxchangelog_log_label_added\">Added<\/div><div class=\"cbxchangelog_feature\">Integra\u00e7\u00e3o da propriedade observada da biblioteca partilhada.<\/div><\/div> <div class=\"cbxchangelog_log\"><div class=\"cbxchangelog_log-label cbxchangelog_log_label_added\">Added<\/div><div class=\"cbxchangelog_feature\">Paragem de carga a um SoC espec\u00edfico.<\/div><\/div> <div class=\"cbxchangelog_log\"><div class=\"cbxchangelog_log-label cbxchangelog_log_label_added\">Added<\/div><div class=\"cbxchangelog_feature\">Lista branca de carregamento por MAC.<\/div><\/div> <div class=\"cbxchangelog_log\"><div class=\"cbxchangelog_log-label cbxchangelog_log_label_fixed\">Fixed<\/div><div class=\"cbxchangelog_feature\">Bug no TimerHandler com n_connectors.<\/div><\/div> <div class=\"cbxchangelog_log\"><div class=\"cbxchangelog_log-label cbxchangelog_log_label_fixed\">Fixed<\/div><div class=\"cbxchangelog_feature\">Hotfix para o aumento de mensagens enviadas.<\/div><\/div><\/div><div class=\"cbxchangelog_features_url\"><img decoding=\"async\" src=\"data:image\/png;base64,iVBORw0KGgoAAAANSUhEUgAAABoAAAAaCAYAAACpSkzOAAAABmJLR0QA\/wD\/AP+gvaeTAAAB30lEQVRIia3Wv2sUQRjG8c\/dRUQbRawVogYUjHp97LUQFMTO\/AliGXKEJApaKFgKEkgsxMYfWNgIFoJFRKNRLGyvE5MyYHGixdyR2WF3cuvlhYHded95v\/vOPvPuNoxuLVzFZUygh3U8xrtdyE8\/8Vf8rRgr2DsqpI3NDGQwlqExAuQNDkVzH\/FSqGAaRyLf+f+FpJXcEd7VwA6jG\/kf7QZkviJ2MYpZbdaAHMAVYXu+9OcWMqA\/0XWrImYoO5XxjWHNdkVPxoZI2MBFXBLk\/Fs4JyuZNbdxLrp\/sRPkGD4ol22vnzDd\/rkkbq0kpmBtbFRA4nE9WtNJfBs4vhMkVdc67glS3Yrmb\/TXzCbxm4rbNxRkUVE548KJv499mCmp5GxdyAz244EggPEovoVbSfwvnKkLme37bkZzW1jqV\/OtBDKZg0yUQDqRfzrxlY2fOJ2DtIQXHS+aS2KagpR7FZD3OJqDwLVk0d1M7Emhgb7GWzzEBUN+BZ5GkE\/yfSnXdrLWxIno\/pViM4xtHt+FhrokVH6wDmzVdkULGUh6GNt1IISTPkjQFT5aA2sJTz4yBKaSRF3hEHYUW\/1IkIEtK5ftrkIIPxQ52GdF0dS2VP9TQheYxB78wHM8U63GoewfAo7YbZrQf6sAAAAASUVORK5CYII=\"\/><a href=\"https:\/\/v2cstorageaccount.blob.core.windows.net\/dccodule-versions\/dc-codule_v0.11.3.zip\"  target=\"_blank\" >More details about this release<\/a><\/div><\/div><\/div><\/div>\n<\/div><\/div>\n","protected":false},"excerpt":{"rendered":"<p>Atualiza\u00e7\u00f5es Denka Trabalhamos constantemente para optimizar o desempenho e as funcionalidades do Denka. Nesta sec\u00e7\u00e3o, pode consultar a vers\u00e3o mais recente do nosso e-Charger, bem como as melhorias e atualiza\u00e7\u00f5es mais recentes implementadas. Ver todas as atualiza\u00e7\u00f5es do e-Charger<\/p>\n","protected":false},"author":400,"featured_media":170353,"parent":0,"menu_order":0,"comment_status":"closed","ping_status":"closed","template":"","meta":{"_eb_attr":"","content-type":"","_uag_custom_page_level_css":"","footnotes":""},"class_list":["post-292072","page","type-page","status-publish","has-post-thumbnail"],"yoast_head":"<!-- This site is optimized with the Yoast SEO plugin v25.3.1 - https:\/\/yoast.com\/wordpress\/plugins\/seo\/ -->\n<title>Atualiza\u00e7\u00f5es Denka \u2013 Novidades do e-Charger | V2C<\/title>\n<meta name=\"description\" content=\"Descubra as \u00faltimas melhorias e atualiza\u00e7\u00f5es do Denka, o carregador r\u00e1pido para ve\u00edculos el\u00e9tricos da V2C. Inova\u00e7\u00e3o e desempenho optimizados.\" \/>\n<meta name=\"robots\" content=\"index, follow, max-snippet:-1, max-image-preview:large, max-video-preview:-1\" \/>\n<link rel=\"canonical\" href=\"https:\/\/v2charge.com\/pt-pt\/actualizacoes-denka\/\" \/>\n<meta property=\"og:locale\" content=\"pt_PT\" \/>\n<meta property=\"og:type\" content=\"article\" \/>\n<meta property=\"og:title\" content=\"Atualiza\u00e7\u00f5es Denka \u2013 Novidades do e-Charger | V2C\" \/>\n<meta property=\"og:description\" content=\"Descubra as \u00faltimas melhorias e atualiza\u00e7\u00f5es do Denka, o carregador r\u00e1pido para ve\u00edculos el\u00e9tricos da V2C. Inova\u00e7\u00e3o e desempenho optimizados.\" \/>\n<meta property=\"og:url\" content=\"https:\/\/v2charge.com\/pt-pt\/actualizacoes-denka\/\" \/>\n<meta property=\"og:site_name\" content=\"V2C\" \/>\n<meta property=\"article:publisher\" content=\"https:\/\/www.facebook.com\/V2C.Charge\" \/>\n<meta property=\"article:modified_time\" content=\"2025-12-22T11:27:37+00:00\" \/>\n<meta property=\"og:image\" content=\"https:\/\/v2charge.com\/wp-content\/uploads\/2024\/07\/v2c-electric-chargers.jpg\" \/>\n\t<meta property=\"og:image:width\" content=\"1200\" \/>\n\t<meta property=\"og:image:height\" content=\"675\" \/>\n\t<meta property=\"og:image:type\" content=\"image\/jpeg\" \/>\n<meta name=\"twitter:card\" content=\"summary_large_image\" \/>\n<meta name=\"twitter:site\" content=\"@V2C_Charge\" \/>\n<meta name=\"twitter:label1\" content=\"Tempo estimado de leitura\" \/>\n\t<meta name=\"twitter:data1\" content=\"1 minuto\" \/>\n<script type=\"application\/ld+json\" class=\"yoast-schema-graph\">{\"@context\":\"https:\/\/schema.org\",\"@graph\":[{\"@type\":\"WebPage\",\"@id\":\"https:\/\/v2charge.com\/pt-pt\/actualizacoes-denka\/\",\"url\":\"https:\/\/v2charge.com\/pt-pt\/actualizacoes-denka\/\",\"name\":\"Atualiza\u00e7\u00f5es Denka \u2013 Novidades do e-Charger | V2C\",\"isPartOf\":{\"@id\":\"https:\/\/v2charge.com\/pt-pt\/#website\"},\"primaryImageOfPage\":{\"@id\":\"https:\/\/v2charge.com\/pt-pt\/actualizacoes-denka\/#primaryimage\"},\"image\":{\"@id\":\"https:\/\/v2charge.com\/pt-pt\/actualizacoes-denka\/#primaryimage\"},\"thumbnailUrl\":\"https:\/\/v2charge.com\/wp-content\/uploads\/2024\/07\/v2c-electric-chargers.jpg\",\"datePublished\":\"2025-12-22T11:27:35+00:00\",\"dateModified\":\"2025-12-22T11:27:37+00:00\",\"description\":\"Descubra as \u00faltimas melhorias e atualiza\u00e7\u00f5es do Denka, o carregador r\u00e1pido para ve\u00edculos el\u00e9tricos da V2C. Inova\u00e7\u00e3o e desempenho optimizados.\",\"breadcrumb\":{\"@id\":\"https:\/\/v2charge.com\/pt-pt\/actualizacoes-denka\/#breadcrumb\"},\"inLanguage\":\"pt-PT\",\"potentialAction\":[{\"@type\":\"ReadAction\",\"target\":[\"https:\/\/v2charge.com\/pt-pt\/actualizacoes-denka\/\"]}]},{\"@type\":\"ImageObject\",\"inLanguage\":\"pt-PT\",\"@id\":\"https:\/\/v2charge.com\/pt-pt\/actualizacoes-denka\/#primaryimage\",\"url\":\"https:\/\/v2charge.com\/wp-content\/uploads\/2024\/07\/v2c-electric-chargers.jpg\",\"contentUrl\":\"https:\/\/v2charge.com\/wp-content\/uploads\/2024\/07\/v2c-electric-chargers.jpg\",\"width\":1200,\"height\":675,\"caption\":\"V2C Electric Chargers\"},{\"@type\":\"BreadcrumbList\",\"@id\":\"https:\/\/v2charge.com\/pt-pt\/actualizacoes-denka\/#breadcrumb\",\"itemListElement\":[{\"@type\":\"ListItem\",\"position\":1,\"name\":\"V2C\",\"item\":\"https:\/\/v2charge.com\/pt-pt\/\"},{\"@type\":\"ListItem\",\"position\":2,\"name\":\"Atualiza\u00e7\u00f5es Denka\"}]},{\"@type\":\"WebSite\",\"@id\":\"https:\/\/v2charge.com\/pt-pt\/#website\",\"url\":\"https:\/\/v2charge.com\/pt-pt\/\",\"name\":\"V2C\",\"description\":\"#CargandoElMa\u00f1ana\",\"publisher\":{\"@id\":\"https:\/\/v2charge.com\/pt-pt\/#organization\"},\"potentialAction\":[{\"@type\":\"SearchAction\",\"target\":{\"@type\":\"EntryPoint\",\"urlTemplate\":\"https:\/\/v2charge.com\/pt-pt\/?s={search_term_string}\"},\"query-input\":{\"@type\":\"PropertyValueSpecification\",\"valueRequired\":true,\"valueName\":\"search_term_string\"}}],\"inLanguage\":\"pt-PT\"},{\"@type\":\"Organization\",\"@id\":\"https:\/\/v2charge.com\/pt-pt\/#organization\",\"name\":\"V2C\",\"url\":\"https:\/\/v2charge.com\/pt-pt\/\",\"logo\":{\"@type\":\"ImageObject\",\"inLanguage\":\"pt-PT\",\"@id\":\"https:\/\/v2charge.com\/pt-pt\/#\/schema\/logo\/image\/\",\"url\":\"https:\/\/v2charge.com\/wp-content\/uploads\/2024\/11\/cropped-v2c-charge-logo-menu.png\",\"contentUrl\":\"https:\/\/v2charge.com\/wp-content\/uploads\/2024\/11\/cropped-v2c-charge-logo-menu.png\",\"width\":984,\"height\":431,\"caption\":\"V2C\"},\"image\":{\"@id\":\"https:\/\/v2charge.com\/pt-pt\/#\/schema\/logo\/image\/\"},\"sameAs\":[\"https:\/\/www.facebook.com\/V2C.Charge\",\"https:\/\/x.com\/V2C_Charge\",\"https:\/\/www.instagram.com\/v2c.charge\/\",\"https:\/\/www.youtube.com\/@V2C\",\"https:\/\/www.linkedin.com\/company\/v2c-chargers\/\"]}]}<\/script>\n<!-- \/ Yoast SEO plugin. -->","yoast_head_json":{"title":"Atualiza\u00e7\u00f5es Denka \u2013 Novidades do e-Charger | V2C","description":"Descubra as \u00faltimas melhorias e atualiza\u00e7\u00f5es do Denka, o carregador r\u00e1pido para ve\u00edculos el\u00e9tricos da V2C. Inova\u00e7\u00e3o e desempenho optimizados.","robots":{"index":"index","follow":"follow","max-snippet":"max-snippet:-1","max-image-preview":"max-image-preview:large","max-video-preview":"max-video-preview:-1"},"canonical":"https:\/\/v2charge.com\/pt-pt\/actualizacoes-denka\/","og_locale":"pt_PT","og_type":"article","og_title":"Atualiza\u00e7\u00f5es Denka \u2013 Novidades do e-Charger | V2C","og_description":"Descubra as \u00faltimas melhorias e atualiza\u00e7\u00f5es do Denka, o carregador r\u00e1pido para ve\u00edculos el\u00e9tricos da V2C. Inova\u00e7\u00e3o e desempenho optimizados.","og_url":"https:\/\/v2charge.com\/pt-pt\/actualizacoes-denka\/","og_site_name":"V2C","article_publisher":"https:\/\/www.facebook.com\/V2C.Charge","article_modified_time":"2025-12-22T11:27:37+00:00","og_image":[{"width":1200,"height":675,"url":"https:\/\/v2charge.com\/wp-content\/uploads\/2024\/07\/v2c-electric-chargers.jpg","type":"image\/jpeg"}],"twitter_card":"summary_large_image","twitter_site":"@V2C_Charge","twitter_misc":{"Tempo estimado de leitura":"1 minuto"},"schema":{"@context":"https:\/\/schema.org","@graph":[{"@type":"WebPage","@id":"https:\/\/v2charge.com\/pt-pt\/actualizacoes-denka\/","url":"https:\/\/v2charge.com\/pt-pt\/actualizacoes-denka\/","name":"Atualiza\u00e7\u00f5es Denka \u2013 Novidades do e-Charger | V2C","isPartOf":{"@id":"https:\/\/v2charge.com\/pt-pt\/#website"},"primaryImageOfPage":{"@id":"https:\/\/v2charge.com\/pt-pt\/actualizacoes-denka\/#primaryimage"},"image":{"@id":"https:\/\/v2charge.com\/pt-pt\/actualizacoes-denka\/#primaryimage"},"thumbnailUrl":"https:\/\/v2charge.com\/wp-content\/uploads\/2024\/07\/v2c-electric-chargers.jpg","datePublished":"2025-12-22T11:27:35+00:00","dateModified":"2025-12-22T11:27:37+00:00","description":"Descubra as \u00faltimas melhorias e atualiza\u00e7\u00f5es do Denka, o carregador r\u00e1pido para ve\u00edculos el\u00e9tricos da V2C. Inova\u00e7\u00e3o e desempenho optimizados.","breadcrumb":{"@id":"https:\/\/v2charge.com\/pt-pt\/actualizacoes-denka\/#breadcrumb"},"inLanguage":"pt-PT","potentialAction":[{"@type":"ReadAction","target":["https:\/\/v2charge.com\/pt-pt\/actualizacoes-denka\/"]}]},{"@type":"ImageObject","inLanguage":"pt-PT","@id":"https:\/\/v2charge.com\/pt-pt\/actualizacoes-denka\/#primaryimage","url":"https:\/\/v2charge.com\/wp-content\/uploads\/2024\/07\/v2c-electric-chargers.jpg","contentUrl":"https:\/\/v2charge.com\/wp-content\/uploads\/2024\/07\/v2c-electric-chargers.jpg","width":1200,"height":675,"caption":"V2C Electric Chargers"},{"@type":"BreadcrumbList","@id":"https:\/\/v2charge.com\/pt-pt\/actualizacoes-denka\/#breadcrumb","itemListElement":[{"@type":"ListItem","position":1,"name":"V2C","item":"https:\/\/v2charge.com\/pt-pt\/"},{"@type":"ListItem","position":2,"name":"Atualiza\u00e7\u00f5es Denka"}]},{"@type":"WebSite","@id":"https:\/\/v2charge.com\/pt-pt\/#website","url":"https:\/\/v2charge.com\/pt-pt\/","name":"V2C","description":"#CargandoElMa\u00f1ana","publisher":{"@id":"https:\/\/v2charge.com\/pt-pt\/#organization"},"potentialAction":[{"@type":"SearchAction","target":{"@type":"EntryPoint","urlTemplate":"https:\/\/v2charge.com\/pt-pt\/?s={search_term_string}"},"query-input":{"@type":"PropertyValueSpecification","valueRequired":true,"valueName":"search_term_string"}}],"inLanguage":"pt-PT"},{"@type":"Organization","@id":"https:\/\/v2charge.com\/pt-pt\/#organization","name":"V2C","url":"https:\/\/v2charge.com\/pt-pt\/","logo":{"@type":"ImageObject","inLanguage":"pt-PT","@id":"https:\/\/v2charge.com\/pt-pt\/#\/schema\/logo\/image\/","url":"https:\/\/v2charge.com\/wp-content\/uploads\/2024\/11\/cropped-v2c-charge-logo-menu.png","contentUrl":"https:\/\/v2charge.com\/wp-content\/uploads\/2024\/11\/cropped-v2c-charge-logo-menu.png","width":984,"height":431,"caption":"V2C"},"image":{"@id":"https:\/\/v2charge.com\/pt-pt\/#\/schema\/logo\/image\/"},"sameAs":["https:\/\/www.facebook.com\/V2C.Charge","https:\/\/x.com\/V2C_Charge","https:\/\/www.instagram.com\/v2c.charge\/","https:\/\/www.youtube.com\/@V2C","https:\/\/www.linkedin.com\/company\/v2c-chargers\/"]}]}},"uagb_featured_image_src":{"full":["https:\/\/v2charge.com\/wp-content\/uploads\/2024\/07\/v2c-electric-chargers.jpg",1200,675,false],"thumbnail":["https:\/\/v2charge.com\/wp-content\/uploads\/2024\/07\/v2c-electric-chargers-150x150.jpg",150,150,true],"medium":["https:\/\/v2charge.com\/wp-content\/uploads\/2024\/07\/v2c-electric-chargers-300x169.jpg",300,169,true],"medium_large":["https:\/\/v2charge.com\/wp-content\/uploads\/2024\/07\/v2c-electric-chargers-768x432.jpg",768,432,true],"large":["https:\/\/v2charge.com\/wp-content\/uploads\/2024\/07\/v2c-electric-chargers-1024x576.jpg",1024,576,true],"gs-tiny":["https:\/\/v2charge.com\/wp-content\/uploads\/2024\/07\/v2c-electric-chargers.jpg",50,28,false],"xl":["https:\/\/v2charge.com\/wp-content\/uploads\/2024\/07\/v2c-electric-chargers.jpg",1200,675,false],"xxl":["https:\/\/v2charge.com\/wp-content\/uploads\/2024\/07\/v2c-electric-chargers.jpg",1200,675,false],"xxxl":["https:\/\/v2charge.com\/wp-content\/uploads\/2024\/07\/v2c-electric-chargers.jpg",1200,675,false],"xxxxl":["https:\/\/v2charge.com\/wp-content\/uploads\/2024\/07\/v2c-electric-chargers.jpg",1200,675,false],"xxxxxl":["https:\/\/v2charge.com\/wp-content\/uploads\/2024\/07\/v2c-electric-chargers.jpg",1200,675,false],"1536x1536":["https:\/\/v2charge.com\/wp-content\/uploads\/2024\/07\/v2c-electric-chargers.jpg",1200,675,false],"2048x2048":["https:\/\/v2charge.com\/wp-content\/uploads\/2024\/07\/v2c-electric-chargers.jpg",1200,675,false]},"uagb_author_info":{"display_name":"V2C","author_link":"https:\/\/v2charge.com\/pt-pt\/author\/marketing\/"},"uagb_comment_info":0,"uagb_excerpt":"Atualiza\u00e7\u00f5es Denka Trabalhamos constantemente para optimizar o desempenho e as funcionalidades do Denka. Nesta sec\u00e7\u00e3o, pode consultar a vers\u00e3o mais recente do nosso e-Charger, bem como as melhorias e atualiza\u00e7\u00f5es mais recentes implementadas. Ver todas as atualiza\u00e7\u00f5es do e-Charger","_links":{"self":[{"href":"https:\/\/v2charge.com\/pt-pt\/wp-json\/wp\/v2\/pages\/292072","targetHints":{"allow":["GET"]}}],"collection":[{"href":"https:\/\/v2charge.com\/pt-pt\/wp-json\/wp\/v2\/pages"}],"about":[{"href":"https:\/\/v2charge.com\/pt-pt\/wp-json\/wp\/v2\/types\/page"}],"author":[{"embeddable":true,"href":"https:\/\/v2charge.com\/pt-pt\/wp-json\/wp\/v2\/users\/400"}],"replies":[{"embeddable":true,"href":"https:\/\/v2charge.com\/pt-pt\/wp-json\/wp\/v2\/comments?post=292072"}],"version-history":[{"count":1,"href":"https:\/\/v2charge.com\/pt-pt\/wp-json\/wp\/v2\/pages\/292072\/revisions"}],"predecessor-version":[{"id":292075,"href":"https:\/\/v2charge.com\/pt-pt\/wp-json\/wp\/v2\/pages\/292072\/revisions\/292075"}],"wp:featuredmedia":[{"embeddable":true,"href":"https:\/\/v2charge.com\/pt-pt\/wp-json\/wp\/v2\/media\/170353"}],"wp:attachment":[{"href":"https:\/\/v2charge.com\/pt-pt\/wp-json\/wp\/v2\/media?parent=292072"}],"curies":[{"name":"wp","href":"https:\/\/api.w.org\/{rel}","templated":true}]}}