{"id":306942,"date":"2026-03-12T10:32:20","date_gmt":"2026-03-12T08:32:20","guid":{"rendered":"https:\/\/v2charge.com\/?page_id=306942"},"modified":"2026-03-24T16:38:44","modified_gmt":"2026-03-24T14:38:44","slug":"mobie","status":"publish","type":"page","link":"https:\/\/v2charge.com\/pt-pt\/suporte\/mobie\/","title":{"rendered":"Procedimento de comissionamento de carregadores V2C na rede MOBI.E"},"content":{"rendered":"\n<div class=\"wp-block-uagb-container uagb-block-2b438ecc alignfull uagb-is-root-container\"><div class=\"uagb-container-inner-blocks-wrap\">\n<div style=\"height:20px\" aria-hidden=\"true\" class=\"wp-block-spacer\"><\/div>\n\n\n<div class=\"yoast-breadcrumbs\"><span><span><a href=\"https:\/\/v2charge.com\/pt-pt\/\">V2C<\/a><\/span> \u00bb <span><a href=\"https:\/\/v2charge.com\/pt-pt\/suporte\/\">\u00c1rea de Suporte<\/a><\/span> \u00bb <span class=\"breadcrumb_last\" aria-current=\"page\">Procedimento de comissionamento de carregadores V2C na rede MOBI.E<\/span><\/span><\/div>\n\n\n<div style=\"height:0px\" aria-hidden=\"true\" class=\"wp-block-spacer\"><\/div>\n\n\n\n<h1 class=\"wp-block-heading\" style=\"font-size:29px\">Procedimento de comissionamento de carregadores V2C na rede MOBI.E<\/h1>\n\n\n\n<p>Este documento tem como objetivo apresentar, de forma clara e estruturada, o procedimento de comissionamento de carregadores V2C para integra\u00e7\u00e3o na rede MOBI.E.<\/p>\n\n\n\n<div class=\"wp-block-uagb-separator uagb-block-32088eae\"><div class=\"wp-block-uagb-separator__inner\" style=\"--my-background-image:\"><\/div><\/div>\n\n\n\n<h2 class=\"wp-block-heading\">Passo a passo para o comissionamento de carregadores V2C na rede MOBI.E<\/h2>\n\n\n\n<div class=\"wp-block-uagb-info-box uagb-block-429858b8 uagb-infobox__content-wrap  uagb-infobox-icon-left uagb-infobox-left uagb-infobox-stacked-tablet uagb-infobox-image-valign-top\"><div class=\"uagb-ifb-image-content\"><img decoding=\"async\" src=\"https:\/\/v2charge.com\/wp-content\/uploads\/2023\/11\/numero-uno.png\" alt=\"\" width=\"35\" height=\"35\" loading=\"lazy\"\/><\/div><div class=\"uagb-ifb-content\"><div class=\"uagb-ifb-title-wrap\"><h3 class=\"uagb-ifb-title\">Planeamento do comissionamento:<\/h3><\/div><p class=\"uagb-ifb-desc\">&#8211; Contactar a equipa de Suporte SAT V2C para informar a data prevista do comissionamento.<br>&#8211; Abrir um ticket no Jira com, pelo menos, 2 dias de anteced\u00eancia, para registo formal do processo: <a href=\"https:\/\/v2charge.atlassian.net\/servicedesk\/customer\/portal\/3\">https:\/\/v2charge.atlassian.net\/servicedesk\/customer\/portal\/3<\/a><br>&#8211; Incluir no ticket as seguintes informa\u00e7\u00f5es obrigat\u00f3rias:<br>o ID do carregador V2C<br>o ID MOBI.E do ponto de carregamento<br>o URL de comunica\u00e7\u00e3o com a MOBI.E<br>&#8211; Garantir que o carregador se encontra ligado \u00e0 internet (4G, Ethernet ou Wi-Fi), permitindo a configura\u00e7\u00e3o antecipada <strong>(n\u00e3o permitimos cart\u00e3o da Mobi.E)<\/strong><\/p><\/div><\/div>\n\n\n\n<hr class=\"wp-block-separator has-alpha-channel-opacity\"\/>\n\n\n\n<div class=\"wp-block-uagb-info-box uagb-block-59482f7b uagb-infobox__content-wrap  uagb-infobox-icon-left uagb-infobox-left uagb-infobox-stacked-tablet uagb-infobox-image-valign-top\"><div class=\"uagb-ifb-image-content\"><img decoding=\"async\" src=\"https:\/\/v2charge.com\/wp-content\/uploads\/2023\/11\/numero-dos.png\" alt=\"\" width=\"35\" height=\"35\" loading=\"lazy\"\/><\/div><div class=\"uagb-ifb-content\"><div class=\"uagb-ifb-title-wrap\"><h3 class=\"uagb-ifb-title\">Configura\u00e7\u00e3o antecipada<\/h3><\/div><p class=\"uagb-ifb-desc\">A equipa de Suporte SAT V2C ser\u00e1 respons\u00e1vel por:<br>o Verificar a conectividade do carregador.<br>o Configurar a comunica\u00e7\u00e3o com o servidor da MOBI.E.<br>o Validar os par\u00e2metros necess\u00e1rios para a integra\u00e7\u00e3o.<\/p><\/div><\/div>\n\n\n\n<hr class=\"wp-block-separator has-alpha-channel-opacity\"\/>\n\n\n\n<div class=\"wp-block-uagb-info-box uagb-block-16e6cee3 uagb-infobox__content-wrap  uagb-infobox-icon-left uagb-infobox-left uagb-infobox-stacked-tablet uagb-infobox-image-valign-top\"><div class=\"uagb-ifb-image-content\"><img decoding=\"async\" src=\"https:\/\/v2charge.com\/wp-content\/uploads\/2023\/11\/numero-tres.png\" alt=\"\" width=\"35\" height=\"35\" loading=\"lazy\"\/><\/div><div class=\"uagb-ifb-content\"><div class=\"uagb-ifb-title-wrap\"><h3 class=\"uagb-ifb-title\">Dia do comissionamento<\/h3><\/div><p class=\"uagb-ifb-desc\">&#8211; O t\u00e9cnico respons\u00e1vel dever\u00e1 realizar testes operacionais, com um carregamento min\u00edmo de aproximadamente <strong>5 minutos<\/strong> no local. Caso contr\u00e1rio a V2C n\u00e3o valida o posto e n\u00e3o garante o bom funcionamento do mesmo.<br>&#8211; A equipa de Suporte SAT V2C estar\u00e1 dispon\u00edvel para suporte remoto, caso surjam eventuais incidentes.<br><br>Os testes incluem:<br>&#8211; Verifica\u00e7\u00e3o da comunica\u00e7\u00e3o com a plataforma MOBI.E.<br>&#8211; Confirma\u00e7\u00e3o da disponibilidade do ponto de carregamento.<br>&#8211; Teste de in\u00edcio e t\u00e9rmino de sess\u00f5es de carregamento.<br>&#8211; Valida\u00e7\u00e3o do envio correto dos dados da sess\u00e3o.<\/p><\/div><\/div>\n\n\n\n<hr class=\"wp-block-separator has-alpha-channel-opacity\"\/>\n\n\n\n<div class=\"wp-block-uagb-info-box uagb-block-27544e75 uagb-infobox__content-wrap  uagb-infobox-icon-left uagb-infobox-left uagb-infobox-stacked-tablet uagb-infobox-image-valign-top\"><div class=\"uagb-ifb-image-content\"><img decoding=\"async\" src=\"https:\/\/v2charge.com\/wp-content\/uploads\/2023\/11\/numero-cuatro.png\" alt=\"\" width=\"35\" height=\"35\" loading=\"lazy\"\/><\/div><div class=\"uagb-ifb-content\"><div class=\"uagb-ifb-title-wrap\"><h3 class=\"uagb-ifb-title\">Envio do relat\u00f3rio final<\/h3><\/div><p class=\"uagb-ifb-desc\">&#8211; Ap\u00f3s a conclus\u00e3o do comissionamento, o t\u00e9cnico dever\u00e1 enviar \u00e0 equipa de Suporte SAT V2C o relat\u00f3rio final em PDF, gerado pela MOBI.E.<br>&#8211; O ficheiro dever\u00e1 ser anexado ao respetivo ticket no Jira.<\/p><\/div><\/div>\n\n\n\n<hr class=\"wp-block-separator has-alpha-channel-opacity\"\/>\n\n\n\n<div class=\"wp-block-uagb-info-box uagb-block-fa4ab87a uagb-infobox__content-wrap  uagb-infobox-icon-left uagb-infobox-left uagb-infobox-stacked-tablet uagb-infobox-image-valign-top\"><div class=\"uagb-ifb-image-content\"><img decoding=\"async\" src=\"https:\/\/v2charge.com\/wp-content\/uploads\/2023\/11\/numero-cinco.png\" alt=\"\" width=\"35\" height=\"35\" loading=\"lazy\"\/><\/div><div class=\"uagb-ifb-content\"><div class=\"uagb-ifb-title-wrap\"><h3 class=\"uagb-ifb-title\">Encerramento e aprova\u00e7\u00e3o. O processo ser\u00e1 considerado conclu\u00eddo quando:<\/h3><\/div><p class=\"uagb-ifb-desc\">&#8211; O carregador estiver operacional na rede MOBI.E.<br>&#8211; O relat\u00f3rio final tiver sido recebido e anexado.<br>&#8211; O ticket no Jira tiver sido atualizado e encerrado.<\/p><\/div><\/div>\n\n\n\n<div class=\"wp-block-uagb-container uagb-block-1f935475 alignfull uagb-is-root-container\"><div class=\"uagb-container-inner-blocks-wrap\">\n<div class=\"wp-block-uagb-container uagb-block-59eea2fc alignfull uagb-is-root-container\"><div class=\"uagb-container-inner-blocks-wrap\">\n<div class=\"wp-block-uagb-container uagb-block-56fcb881 default uagb-is-root-container\">\n<div class=\"wp-block-uagb-container uagb-block-bf93bb80\">      \n\t\t\t<div class=\"uagb-icon-wrapper uagb-block-256e660f      \"\n\t\t\tstyle=\"\" >\n\t\t\t\t\t\t\t\t\t<span class=\"uagb-svg-wrapper\" \n\t\t\t\t\t aria-label=\"triangle-exclamation\"\t\t\t\t\ttabindex=\"0\">\t\t\n\t\t\t\t\t\t\t\t\t\t<svg xmlns=\"https:\/\/www.w3.org\/2000\/svg\" viewBox= \"0 0 512 512\" role=\"graphics-symbol\" aria-hidden=\"false\" aria-label=\"\"><path d=\"M506.3 417l-213.3-364c-16.33-28-57.54-28-73.98 0l-213.2 364C-10.59 444.9 9.849 480 42.74 480h426.6C502.1 480 522.6 445 506.3 417zM232 168c0-13.25 10.75-24 24-24S280 154.8 280 168v128c0 13.25-10.75 24-23.1 24S232 309.3 232 296V168zM256 416c-17.36 0-31.44-14.08-31.44-31.44c0-17.36 14.07-31.44 31.44-31.44s31.44 14.08 31.44 31.44C287.4 401.9 273.4 416 256 416z\"><\/path><\/svg>\n\t\t\t\t\t\t\t\t\t<\/span>\n\t\t\t\t\t\t\t<\/div>\n\t\t\t<\/div>\n\n\n\n<div class=\"wp-block-uagb-container uagb-block-b8fad4aa\">\n<div class=\"wp-block-uagb-advanced-heading uagb-block-b57273fe\"><p class=\"uagb-heading-text\"><strong>Observa\u00e7\u00f5es<\/strong><br><br><strong>O cumprimento deste procedimento garante rastreabilidade do processo, suporte adequado durante o comissionamento e valida\u00e7\u00e3o formal da ativa\u00e7\u00e3o do carregador. Permite igualmente que a ger\u00eancia acompanhe o processo de forma estruturada e padronizada<\/strong>.<\/p><\/div>\n<\/div>\n\n\n\n<div class=\"wp-block-uagb-container uag-hide-mob uagb-block-c9a6d8e6\">      \n\t\t\t<div class=\"uagb-icon-wrapper uagb-block-49bd03e3     uag-hide-mob \"\n\t\t\tstyle=\"\" >\n\t\t\t\t\t\t\t\t\t<span class=\"uagb-svg-wrapper\" \n\t\t\t\t\t aria-label=\"triangle-exclamation\"\t\t\t\t\ttabindex=\"0\">\t\t\n\t\t\t\t\t\t\t\t\t\t<svg xmlns=\"https:\/\/www.w3.org\/2000\/svg\" viewBox= \"0 0 512 512\" role=\"graphics-symbol\" aria-hidden=\"false\" aria-label=\"\"><path d=\"M506.3 417l-213.3-364c-16.33-28-57.54-28-73.98 0l-213.2 364C-10.59 444.9 9.849 480 42.74 480h426.6C502.1 480 522.6 445 506.3 417zM232 168c0-13.25 10.75-24 24-24S280 154.8 280 168v128c0 13.25-10.75 24-23.1 24S232 309.3 232 296V168zM256 416c-17.36 0-31.44-14.08-31.44-31.44c0-17.36 14.07-31.44 31.44-31.44s31.44 14.08 31.44 31.44C287.4 401.9 273.4 416 256 416z\"><\/path><\/svg>\n\t\t\t\t\t\t\t\t\t<\/span>\n\t\t\t\t\t\t\t<\/div>\n\t\t\t<\/div>\n<\/div>\n<\/div><\/div>\n<\/div><\/div>\n\n\n\n<div style=\"height:100px\" aria-hidden=\"true\" class=\"wp-block-spacer\"><\/div>\n<\/div><\/div>\n\n\n\n<div class=\"wp-block-uagb-container uagb-block-c6f38013 alignfull uagb-is-root-container\"><div class=\"uagb-container-inner-blocks-wrap\">\n<div class=\"wp-block-uagb-advanced-heading uagb-block-6963d70c\"><h2 class=\"uagb-heading-text\"><strong>Precisa de apoio t\u00e9cnico?<\/strong><\/h2><\/div>\n\n\n\n<div class=\"wp-block-uagb-advanced-heading uagb-block-408243eb\"><p class=\"uagb-heading-text\">Resolve a sua incid\u00eancia instantaneamente atrav\u00e9s do nosso Chat com IA. Se n\u00e3o for resolvida, gere um pedido no Centro de Suporte T\u00e9cnico e entraremos em contacto contigo o mais breve poss\u00edvel para te oferecer a melhor solu\u00e7\u00e3o. <\/p><\/div>\n\n\n\n<div class=\"wp-block-uagb-info-box uagb-block-12e3cf1c uagb-infobox__content-wrap  uagb-infobox-icon-left uagb-infobox-left uagb-infobox-image-valign-top wp-block-uagb-info-box--has-margin ai-chatbot-button\"><div class=\"uagb-infobox-margin-wrapper\"><div class=\"uagb-ifb-image-content\"><img decoding=\"async\" src=\"https:\/\/v2charge.com\/wp-content\/uploads\/2026\/01\/support-ai-chatbot.png\" alt=\"\" width=\"20\" height=\"19\" loading=\"lazy\"\/><\/div><div class=\"uagb-ifb-content\"><div class=\"uagb-ifb-title-wrap\"><\/div><div class=\"uagb-ifb-button-wrapper wp-block-button\"><a href=\"https:\/\/v2charge.com\/v2c-support-web\/\" class=\"uagb-infobox-cta-link wp-block-button__link\" target=\"_blank\" rel=\"noopener noreferrer\" onclick=\"return true;\"><span class=\"uagb-inline-editing\">Pergunte ao nosso Chat com IA<\/span><\/a><\/div><\/div><\/div><\/div>\n\n\n\n<div class=\"wp-block-uagb-buttons uagb-buttons__outer-wrap uagb-btn__default-btn uagb-btn-tablet__default-btn uagb-btn-mobile__default-btn uagb-block-ba1e67d1\"><div class=\"uagb-buttons__wrap uagb-buttons-layout-wrap \">\n<div class=\"wp-block-uagb-buttons-child uagb-buttons__outer-wrap uagb-block-23cfb623 wp-block-button\"><div class=\"uagb-button__wrapper\"><a class=\"uagb-buttons-repeater wp-block-button__link\" aria-label=\"\" href=\"https:\/\/v2charge.atlassian.net\/servicedesk\/customer\/portal\/3\" rel=\"follow noopener\" target=\"_blank\" role=\"button\"><div class=\"uagb-button__link\">Contacte o Suporte T\u00e9cnico<\/div><\/a><\/div><\/div>\n<\/div><\/div>\n<\/div><\/div>\n","protected":false},"excerpt":{"rendered":"<p>Procedimento de comissionamento de carregadores V2C na rede MOBI.E Este documento tem como objetivo apresentar, de forma clara e estruturada, o procedimento de comissionamento de carregadores V2C para integra\u00e7\u00e3o na rede MOBI.E. Passo a passo para o comissionamento de carregadores V2C na rede MOBI.E Observa\u00e7\u00f5es O cumprimento deste procedimento garante rastreabilidade do processo, suporte adequado &#8230; <a title=\"Procedimento de comissionamento de carregadores V2C na rede MOBI.E\" class=\"read-more\" href=\"https:\/\/v2charge.com\/pt-pt\/suporte\/mobie\/\" aria-label=\"Leia mais sobre Procedimento de comissionamento de carregadores V2C na rede MOBI.E\">Ler mais<\/a><\/p>\n","protected":false},"author":400,"featured_media":0,"parent":77781,"menu_order":0,"comment_status":"closed","ping_status":"closed","template":"","meta":{"_eb_attr":"","content-type":"","_uag_custom_page_level_css":"","footnotes":""},"class_list":["post-306942","page","type-page","status-publish"],"yoast_head":"<!-- This site is optimized with the Yoast SEO plugin v25.3.1 - https:\/\/yoast.com\/wordpress\/plugins\/seo\/ -->\n<title>Comissionamento carregadores V2C na rede MOBI.E<\/title>\n<meta name=\"description\" content=\"Procedimento de comissionamento de carregadores V2C na rede MOBI.E | Passo a passo V2C + rede MOBI.E | Suporte V2C\" \/>\n<meta name=\"robots\" content=\"index, follow, max-snippet:-1, max-image-preview:large, max-video-preview:-1\" \/>\n<link rel=\"canonical\" href=\"https:\/\/v2charge.com\/pt-pt\/suporte\/mobie\/\" \/>\n<meta property=\"og:locale\" content=\"pt_PT\" \/>\n<meta property=\"og:type\" content=\"article\" \/>\n<meta property=\"og:title\" content=\"Comissionamento carregadores V2C na rede MOBI.E\" \/>\n<meta property=\"og:description\" content=\"Procedimento de comissionamento de carregadores V2C na rede MOBI.E | Passo a passo V2C + rede MOBI.E | Suporte V2C\" \/>\n<meta property=\"og:url\" content=\"https:\/\/v2charge.com\/pt-pt\/suporte\/mobie\/\" \/>\n<meta property=\"og:site_name\" content=\"V2C\" \/>\n<meta property=\"article:publisher\" content=\"https:\/\/www.facebook.com\/V2C.Charge\" \/>\n<meta property=\"article:modified_time\" content=\"2026-03-24T14:38:44+00:00\" \/>\n<meta property=\"og:image\" content=\"https:\/\/v2charge.com\/wp-content\/uploads\/2023\/11\/numero-uno.png\" \/>\n<meta name=\"twitter:card\" content=\"summary_large_image\" \/>\n<meta name=\"twitter:site\" content=\"@V2C_Charge\" \/>\n<meta name=\"twitter:label1\" content=\"Tempo estimado de leitura\" \/>\n\t<meta name=\"twitter:data1\" content=\"4 minutos\" \/>\n<script type=\"application\/ld+json\" class=\"yoast-schema-graph\">{\"@context\":\"https:\/\/schema.org\",\"@graph\":[{\"@type\":\"WebPage\",\"@id\":\"https:\/\/v2charge.com\/pt-pt\/suporte\/mobie\/\",\"url\":\"https:\/\/v2charge.com\/pt-pt\/suporte\/mobie\/\",\"name\":\"Comissionamento carregadores V2C na rede MOBI.E\",\"isPartOf\":{\"@id\":\"https:\/\/v2charge.com\/pt-pt\/#website\"},\"primaryImageOfPage\":{\"@id\":\"https:\/\/v2charge.com\/pt-pt\/suporte\/mobie\/#primaryimage\"},\"image\":{\"@id\":\"https:\/\/v2charge.com\/pt-pt\/suporte\/mobie\/#primaryimage\"},\"thumbnailUrl\":\"https:\/\/v2charge.com\/wp-content\/uploads\/2023\/11\/numero-uno.png\",\"datePublished\":\"2026-03-12T08:32:20+00:00\",\"dateModified\":\"2026-03-24T14:38:44+00:00\",\"description\":\"Procedimento de comissionamento de carregadores V2C na rede MOBI.E | Passo a passo V2C + rede MOBI.E | Suporte V2C\",\"breadcrumb\":{\"@id\":\"https:\/\/v2charge.com\/pt-pt\/suporte\/mobie\/#breadcrumb\"},\"inLanguage\":\"pt-PT\",\"potentialAction\":[{\"@type\":\"ReadAction\",\"target\":[\"https:\/\/v2charge.com\/pt-pt\/suporte\/mobie\/\"]}]},{\"@type\":\"ImageObject\",\"inLanguage\":\"pt-PT\",\"@id\":\"https:\/\/v2charge.com\/pt-pt\/suporte\/mobie\/#primaryimage\",\"url\":\"https:\/\/v2charge.com\/wp-content\/uploads\/2023\/11\/numero-uno.png\",\"contentUrl\":\"https:\/\/v2charge.com\/wp-content\/uploads\/2023\/11\/numero-uno.png\"},{\"@type\":\"BreadcrumbList\",\"@id\":\"https:\/\/v2charge.com\/pt-pt\/suporte\/mobie\/#breadcrumb\",\"itemListElement\":[{\"@type\":\"ListItem\",\"position\":1,\"name\":\"V2C\",\"item\":\"https:\/\/v2charge.com\/pt-pt\/\"},{\"@type\":\"ListItem\",\"position\":2,\"name\":\"\u00c1rea de Suporte\",\"item\":\"https:\/\/v2charge.com\/pt-pt\/suporte\/\"},{\"@type\":\"ListItem\",\"position\":3,\"name\":\"Procedimento de comissionamento de carregadores V2C na rede MOBI.E\"}]},{\"@type\":\"WebSite\",\"@id\":\"https:\/\/v2charge.com\/pt-pt\/#website\",\"url\":\"https:\/\/v2charge.com\/pt-pt\/\",\"name\":\"V2C\",\"description\":\"#CargandoElMa\u00f1ana\",\"publisher\":{\"@id\":\"https:\/\/v2charge.com\/pt-pt\/#organization\"},\"potentialAction\":[{\"@type\":\"SearchAction\",\"target\":{\"@type\":\"EntryPoint\",\"urlTemplate\":\"https:\/\/v2charge.com\/pt-pt\/?s={search_term_string}\"},\"query-input\":{\"@type\":\"PropertyValueSpecification\",\"valueRequired\":true,\"valueName\":\"search_term_string\"}}],\"inLanguage\":\"pt-PT\"},{\"@type\":\"Organization\",\"@id\":\"https:\/\/v2charge.com\/pt-pt\/#organization\",\"name\":\"V2C\",\"url\":\"https:\/\/v2charge.com\/pt-pt\/\",\"logo\":{\"@type\":\"ImageObject\",\"inLanguage\":\"pt-PT\",\"@id\":\"https:\/\/v2charge.com\/pt-pt\/#\/schema\/logo\/image\/\",\"url\":\"https:\/\/v2charge.com\/wp-content\/uploads\/2024\/11\/cropped-v2c-charge-logo-menu.png\",\"contentUrl\":\"https:\/\/v2charge.com\/wp-content\/uploads\/2024\/11\/cropped-v2c-charge-logo-menu.png\",\"width\":984,\"height\":431,\"caption\":\"V2C\"},\"image\":{\"@id\":\"https:\/\/v2charge.com\/pt-pt\/#\/schema\/logo\/image\/\"},\"sameAs\":[\"https:\/\/www.facebook.com\/V2C.Charge\",\"https:\/\/x.com\/V2C_Charge\",\"https:\/\/www.instagram.com\/v2c.charge\/\",\"https:\/\/www.youtube.com\/@V2C\",\"https:\/\/www.linkedin.com\/company\/v2c-chargers\/\"]}]}<\/script>\n<!-- \/ Yoast SEO plugin. -->","yoast_head_json":{"title":"Comissionamento carregadores V2C na rede MOBI.E","description":"Procedimento de comissionamento de carregadores V2C na rede MOBI.E | Passo a passo V2C + rede MOBI.E | Suporte V2C","robots":{"index":"index","follow":"follow","max-snippet":"max-snippet:-1","max-image-preview":"max-image-preview:large","max-video-preview":"max-video-preview:-1"},"canonical":"https:\/\/v2charge.com\/pt-pt\/suporte\/mobie\/","og_locale":"pt_PT","og_type":"article","og_title":"Comissionamento carregadores V2C na rede MOBI.E","og_description":"Procedimento de comissionamento de carregadores V2C na rede MOBI.E | Passo a passo V2C + rede MOBI.E | Suporte V2C","og_url":"https:\/\/v2charge.com\/pt-pt\/suporte\/mobie\/","og_site_name":"V2C","article_publisher":"https:\/\/www.facebook.com\/V2C.Charge","article_modified_time":"2026-03-24T14:38:44+00:00","og_image":[{"url":"https:\/\/v2charge.com\/wp-content\/uploads\/2023\/11\/numero-uno.png","type":"","width":"","height":""}],"twitter_card":"summary_large_image","twitter_site":"@V2C_Charge","twitter_misc":{"Tempo estimado de leitura":"4 minutos"},"schema":{"@context":"https:\/\/schema.org","@graph":[{"@type":"WebPage","@id":"https:\/\/v2charge.com\/pt-pt\/suporte\/mobie\/","url":"https:\/\/v2charge.com\/pt-pt\/suporte\/mobie\/","name":"Comissionamento carregadores V2C na rede MOBI.E","isPartOf":{"@id":"https:\/\/v2charge.com\/pt-pt\/#website"},"primaryImageOfPage":{"@id":"https:\/\/v2charge.com\/pt-pt\/suporte\/mobie\/#primaryimage"},"image":{"@id":"https:\/\/v2charge.com\/pt-pt\/suporte\/mobie\/#primaryimage"},"thumbnailUrl":"https:\/\/v2charge.com\/wp-content\/uploads\/2023\/11\/numero-uno.png","datePublished":"2026-03-12T08:32:20+00:00","dateModified":"2026-03-24T14:38:44+00:00","description":"Procedimento de comissionamento de carregadores V2C na rede MOBI.E | Passo a passo V2C + rede MOBI.E | Suporte V2C","breadcrumb":{"@id":"https:\/\/v2charge.com\/pt-pt\/suporte\/mobie\/#breadcrumb"},"inLanguage":"pt-PT","potentialAction":[{"@type":"ReadAction","target":["https:\/\/v2charge.com\/pt-pt\/suporte\/mobie\/"]}]},{"@type":"ImageObject","inLanguage":"pt-PT","@id":"https:\/\/v2charge.com\/pt-pt\/suporte\/mobie\/#primaryimage","url":"https:\/\/v2charge.com\/wp-content\/uploads\/2023\/11\/numero-uno.png","contentUrl":"https:\/\/v2charge.com\/wp-content\/uploads\/2023\/11\/numero-uno.png"},{"@type":"BreadcrumbList","@id":"https:\/\/v2charge.com\/pt-pt\/suporte\/mobie\/#breadcrumb","itemListElement":[{"@type":"ListItem","position":1,"name":"V2C","item":"https:\/\/v2charge.com\/pt-pt\/"},{"@type":"ListItem","position":2,"name":"\u00c1rea de Suporte","item":"https:\/\/v2charge.com\/pt-pt\/suporte\/"},{"@type":"ListItem","position":3,"name":"Procedimento de comissionamento de carregadores V2C na rede MOBI.E"}]},{"@type":"WebSite","@id":"https:\/\/v2charge.com\/pt-pt\/#website","url":"https:\/\/v2charge.com\/pt-pt\/","name":"V2C","description":"#CargandoElMa\u00f1ana","publisher":{"@id":"https:\/\/v2charge.com\/pt-pt\/#organization"},"potentialAction":[{"@type":"SearchAction","target":{"@type":"EntryPoint","urlTemplate":"https:\/\/v2charge.com\/pt-pt\/?s={search_term_string}"},"query-input":{"@type":"PropertyValueSpecification","valueRequired":true,"valueName":"search_term_string"}}],"inLanguage":"pt-PT"},{"@type":"Organization","@id":"https:\/\/v2charge.com\/pt-pt\/#organization","name":"V2C","url":"https:\/\/v2charge.com\/pt-pt\/","logo":{"@type":"ImageObject","inLanguage":"pt-PT","@id":"https:\/\/v2charge.com\/pt-pt\/#\/schema\/logo\/image\/","url":"https:\/\/v2charge.com\/wp-content\/uploads\/2024\/11\/cropped-v2c-charge-logo-menu.png","contentUrl":"https:\/\/v2charge.com\/wp-content\/uploads\/2024\/11\/cropped-v2c-charge-logo-menu.png","width":984,"height":431,"caption":"V2C"},"image":{"@id":"https:\/\/v2charge.com\/pt-pt\/#\/schema\/logo\/image\/"},"sameAs":["https:\/\/www.facebook.com\/V2C.Charge","https:\/\/x.com\/V2C_Charge","https:\/\/www.instagram.com\/v2c.charge\/","https:\/\/www.youtube.com\/@V2C","https:\/\/www.linkedin.com\/company\/v2c-chargers\/"]}]}},"uagb_featured_image_src":{"full":false,"thumbnail":false,"medium":false,"medium_large":false,"large":false,"gs-tiny":false,"xl":false,"xxl":false,"xxxl":false,"xxxxl":false,"xxxxxl":false,"1536x1536":false,"2048x2048":false},"uagb_author_info":{"display_name":"V2C","author_link":"https:\/\/v2charge.com\/pt-pt\/author\/marketing\/"},"uagb_comment_info":0,"uagb_excerpt":"Procedimento de comissionamento de carregadores V2C na rede MOBI.E Este documento tem como objetivo apresentar, de forma clara e estruturada, o procedimento de comissionamento de carregadores V2C para integra\u00e7\u00e3o na rede MOBI.E. Passo a passo para o comissionamento de carregadores V2C na rede MOBI.E Observa\u00e7\u00f5es O cumprimento deste procedimento garante rastreabilidade do processo, suporte adequado&hellip;","_links":{"self":[{"href":"https:\/\/v2charge.com\/pt-pt\/wp-json\/wp\/v2\/pages\/306942","targetHints":{"allow":["GET"]}}],"collection":[{"href":"https:\/\/v2charge.com\/pt-pt\/wp-json\/wp\/v2\/pages"}],"about":[{"href":"https:\/\/v2charge.com\/pt-pt\/wp-json\/wp\/v2\/types\/page"}],"author":[{"embeddable":true,"href":"https:\/\/v2charge.com\/pt-pt\/wp-json\/wp\/v2\/users\/400"}],"replies":[{"embeddable":true,"href":"https:\/\/v2charge.com\/pt-pt\/wp-json\/wp\/v2\/comments?post=306942"}],"version-history":[{"count":4,"href":"https:\/\/v2charge.com\/pt-pt\/wp-json\/wp\/v2\/pages\/306942\/revisions"}],"predecessor-version":[{"id":308746,"href":"https:\/\/v2charge.com\/pt-pt\/wp-json\/wp\/v2\/pages\/306942\/revisions\/308746"}],"up":[{"embeddable":true,"href":"https:\/\/v2charge.com\/pt-pt\/wp-json\/wp\/v2\/pages\/77781"}],"wp:attachment":[{"href":"https:\/\/v2charge.com\/pt-pt\/wp-json\/wp\/v2\/media?parent=306942"}],"curies":[{"name":"wp","href":"https:\/\/api.w.org\/{rel}","templated":true}]}}