{"id":68884,"date":"2021-10-11T07:44:05","date_gmt":"2021-10-11T07:44:05","guid":{"rendered":"https:\/\/v2charge.com\/e-chargers\/"},"modified":"2025-05-15T13:17:14","modified_gmt":"2025-05-15T11:17:14","slug":"e-chargers","status":"publish","type":"page","link":"https:\/\/v2charge.com\/pt-pt\/e-chargers\/","title":{"rendered":"e-Chargers"},"content":{"rendered":"\n<div class=\"wp-block-uagb-container uagb-block-fcc98169 alignfull uagb-is-root-container\"><div class=\"uagb-container-inner-blocks-wrap\">\n<div class=\"wp-block-uagb-advanced-heading uagb-block-5681e5f9\"><h1 class=\"uagb-heading-text\">Descubra os nossos e-Chargers V2C<\/h1><\/div>\n\n\n\n<div class=\"wp-block-uagb-advanced-heading uagb-block-c1556a21\"><h2 class=\"uagb-heading-text\">Encontre a melhor esta\u00e7\u00e3o de carregamento para as suas necessidades<\/h2><\/div>\n<\/div><\/div>\n\n\n\n<div class=\"wp-block-uagb-container uagb-block-f0fa32fe alignfull uagb-is-root-container\">\n<div class=\"wp-block-uagb-container uagb-block-5dc545b8\">\n<div class=\"wp-block-uagb-container uagb-block-9cf0dc77\"><\/div>\n<\/div>\n\n\n\n<div class=\"wp-block-uagb-container uagb-block-08a7da4a\">\n<div class=\"wp-block-uagb-advanced-heading uagb-block-136d1962\"><h2 class=\"uagb-heading-text\">TRYDAN<\/h2><\/div>\n\n\n\n<div class=\"wp-block-uagb-advanced-heading uagb-block-0721b562\"><h3 class=\"uagb-heading-text\">Intelig\u00eancia e controlo perfeito na ponta dos dedos<\/h3><\/div>\n\n\n\n<p class=\"has-base-3-color has-text-color\">Com o Trydan, ir\u00e1 descobrir uma nova forma de carregar: a mais original e mais inteligente at\u00e9 agora conhecida.<\/p>\n\n\n\n<p class=\"has-base-3-color has-text-color\">Um design revolucion\u00e1rio composto por um estilo vanguardista que traz eleg\u00e2ncia e funcionalidade.<\/p>\n\n\n\n<div class=\"wp-block-uagb-buttons uagb-buttons__outer-wrap uagb-btn__default-btn uagb-btn-tablet__default-btn uagb-btn-mobile__default-btn uagb-block-4cb609a8\"><div class=\"uagb-buttons__wrap uagb-buttons-layout-wrap \">\n<div class=\"wp-block-uagb-buttons-child uagb-buttons__outer-wrap uagb-block-8f5e412c wp-block-button\"><div class=\"uagb-button__wrapper\"><a class=\"uagb-buttons-repeater wp-block-button__link\" aria-label=\"\" href=\"https:\/\/v2charge.com\/pt-pt\/trydan\/\" rel=\"follow noopener\" target=\"_self\" role=\"button\"><div class=\"uagb-button__link\">Ver Trydan<\/div><\/a><\/div><\/div>\n<\/div><\/div>\n<\/div>\n<\/div>\n\n\n\n<div class=\"wp-block-uagb-container uagb-block-8d83ad62 alignfull uagb-is-root-container\">\n<div class=\"wp-block-uagb-container uagb-block-df871797\">\n<div class=\"wp-block-uagb-advanced-heading uagb-block-62e0970a\"><h2 class=\"uagb-heading-text\">TRYDAN PRO<\/h2><\/div>\n\n\n\n<div class=\"wp-block-uagb-advanced-heading uagb-block-b03b3d2c\"><h3 class=\"uagb-heading-text\">A evolu\u00e7\u00e3o perfeita com conectividade total<\/h3><\/div>\n\n\n\n<p>Mantenha-se sempre conectado com o Trydan Pro. Tecnologia 4G e comunica\u00e7\u00e3o Ethernet para acesso instant\u00e2neo e interrupto \u00e0 internet.<\/p>\n\n\n\n<p>Identifique v\u00e1rios utilizadores e garanta um carregamento acess\u00edvel e seguro atrav\u00e9s da sua tecnologia RFID\/NFC.<\/p>\n\n\n\n<div class=\"wp-block-uagb-buttons uagb-buttons__outer-wrap uagb-btn__default-btn uagb-btn-tablet__default-btn uagb-btn-mobile__default-btn uagb-block-7008c05c\"><div class=\"uagb-buttons__wrap uagb-buttons-layout-wrap \">\n<div class=\"wp-block-uagb-buttons-child uagb-buttons__outer-wrap uagb-block-1b818de0 wp-block-button is-style-outline\"><div class=\"uagb-button__wrapper\"><a class=\"uagb-buttons-repeater wp-block-button__link\" aria-label=\"\" href=\"https:\/\/v2charge.com\/pt-pt\/trydan-pro\/\" rel=\"follow noopener\" target=\"_self\" role=\"button\"><div class=\"uagb-button__link\">Ver Trydan Pro<\/div><\/a><\/div><\/div>\n<\/div><\/div>\n<\/div>\n\n\n\n<div class=\"wp-block-uagb-container uagb-block-efb230ef\">\n<div class=\"wp-block-uagb-container uagb-block-15439cb3\"><\/div>\n<\/div>\n<\/div>\n\n\n\n<div class=\"wp-block-uagb-container uagb-block-a1442129 alignfull uagb-is-root-container\">\n<div class=\"wp-block-uagb-container uagb-block-e25db84f\">\n<div class=\"wp-block-uagb-container uagb-block-ab9ada3a\"><\/div>\n<\/div>\n\n\n\n<div class=\"wp-block-uagb-container uagb-block-5c09ec09\">\n<div class=\"wp-block-uagb-advanced-heading uagb-block-07e0d827\"><h2 class=\"uagb-heading-text\">POLE PRO<\/h2><\/div>\n\n\n\n<div class=\"wp-block-uagb-advanced-heading uagb-block-ed838713\"><h3 class=\"uagb-heading-text\">A solu\u00e7\u00e3o de carregamento mais inteligente e mais econ\u00f3mica<\/h3><\/div>\n\n\n\n<p class=\"has-base-3-color has-text-color\">O Pole Pro integra a mais recente tecnologia para oferecer deste modo o carregamento mais inteligente para v\u00e1rios utilizadores em espa\u00e7os p\u00fablicos e privados.<\/p>\n\n\n\n<p class=\"has-base-3-color has-text-color\">Um design elegante e s\u00f3lido com a melhor conectividade. Preparado para ambientes mais exigentes. Com vers\u00e3o de parede e em torre.<\/p>\n\n\n\n<div class=\"wp-block-uagb-buttons uagb-buttons__outer-wrap uagb-btn__default-btn uagb-btn-tablet__default-btn uagb-btn-mobile__default-btn uagb-block-1fb502cc\"><div class=\"uagb-buttons__wrap uagb-buttons-layout-wrap \">\n<div class=\"wp-block-uagb-buttons-child uagb-buttons__outer-wrap uagb-block-edb61a22 wp-block-button\"><div class=\"uagb-button__wrapper\"><a class=\"uagb-buttons-repeater wp-block-button__link\" aria-label=\"\" href=\"https:\/\/v2charge.com\/pt-pt\/pole\/\" rel=\"follow noopener\" target=\"_self\" role=\"button\"><div class=\"uagb-button__link\">Ver Pole Pro<\/div><\/a><\/div><\/div>\n<\/div><\/div>\n<\/div>\n<\/div>\n\n\n\n<div class=\"wp-block-uagb-container uagb-block-bb89d55d alignfull uagb-is-root-container\">\n<div class=\"wp-block-uagb-container uagb-block-03544c89\">\n<div class=\"wp-block-uagb-advanced-heading uagb-block-ae32fdcf\"><h2 class=\"uagb-heading-text\">DENKA<\/h2><\/div>\n\n\n\n<div class=\"wp-block-uagb-advanced-heading uagb-block-ba6ea7bd\"><h3 class=\"uagb-heading-text\">O carregador r\u00e1pido mais ultracompacto da sua gama<\/h3><\/div>\n\n\n\n<p class=\"has-contrast-color has-text-color\">O Denka foi concebido para oferecer o m\u00e1ximo desempenho no menor espa\u00e7o poss\u00edvel. Permite carregar at\u00e9 140 km em apenas 30 minutos, combinando pot\u00eancia e efici\u00eancia em cada utiliza\u00e7\u00e3o.<br><\/p>\n\n\n\n<p class=\"has-contrast-color has-text-color\">Dispon\u00edvel nas vers\u00f5es de 20 kW e 40 kW.<br><\/p>\n\n\n\n<div class=\"wp-block-uagb-buttons uagb-buttons__outer-wrap uagb-btn__default-btn uagb-btn-tablet__default-btn uagb-btn-mobile__default-btn uagb-block-b87795b8\"><div class=\"uagb-buttons__wrap uagb-buttons-layout-wrap \">\n<div class=\"wp-block-uagb-buttons-child uagb-buttons__outer-wrap uagb-block-f94af162 wp-block-button is-style-outline\"><div class=\"uagb-button__wrapper\"><a class=\"uagb-buttons-repeater wp-block-button__link\" aria-label=\"\" href=\"https:\/\/v2charge.com\/pt-pt\/denka\/\" rel=\"follow noopener\" target=\"_self\" role=\"button\"><div class=\"uagb-button__link\">Ver Denka<\/div><\/a><\/div><\/div>\n<\/div><\/div>\n<\/div>\n\n\n\n<div class=\"wp-block-uagb-container uagb-block-fa0686a4\">\n<div class=\"wp-block-uagb-container uagb-block-7299d301\"><\/div>\n<\/div>\n<\/div>\n\n\n\n<div class=\"wp-block-uagb-container uagb-block-26ae079b alignfull uagb-is-root-container\">\n<div class=\"wp-block-uagb-container uagb-block-b554521b\">\n<div class=\"wp-block-uagb-container uagb-block-9a000845\"><\/div>\n<\/div>\n\n\n\n<div class=\"wp-block-uagb-container uagb-block-a90475c3\">\n<div class=\"wp-block-uagb-advanced-heading uagb-block-c2bdcf5e\"><h2 class=\"uagb-heading-text\">SCREEN<\/h2><\/div>\n\n\n\n<div class=\"wp-block-uagb-advanced-heading uagb-block-517ae055\"><h3 class=\"uagb-heading-text\">O primeiro e \u00fanico e-Charger que integra publicidade<\/h3><\/div>\n\n\n\n<p class=\"has-base-3-color has-text-color\">O Screen desenvolve uma nova tecnologia nunca antes vista. Esta excecional esta\u00e7\u00e3o de carregamento \u00e9 capaz de carregar a sua viatura el\u00e9trica e, simult\u00e2neamente, expor an\u00fancios personalizados.<\/p>\n\n\n\n<p class=\"has-base-3-color has-text-color\">Caracteriza-se pela presen\u00e7a e robustez do seu enorme ecr\u00e3 de 43 polegadas.<\/p>\n\n\n\n<div class=\"wp-block-uagb-buttons uagb-buttons__outer-wrap uagb-btn__default-btn uagb-btn-tablet__default-btn uagb-btn-mobile__default-btn uagb-block-76d98a3d\"><div class=\"uagb-buttons__wrap uagb-buttons-layout-wrap \">\n<div class=\"wp-block-uagb-buttons-child uagb-buttons__outer-wrap uagb-block-10d6f73f wp-block-button is-style-outline\"><div class=\"uagb-button__wrapper\"><a class=\"uagb-buttons-repeater wp-block-button__link\" aria-label=\"\" href=\"https:\/\/v2charge.com\/pt-pt\/screen\/\" rel=\"follow noopener\" target=\"_self\" role=\"button\"><div class=\"uagb-button__link\">Ver Screen<\/div><\/a><\/div><\/div>\n<\/div><\/div>\n<\/div>\n<\/div>\n\n\n\n<div class=\"wp-block-uagb-container uagb-block-0095458a alignfull uagb-is-root-container\">\n<div class=\"wp-block-uagb-container uagb-block-5361863f\">\n<div class=\"wp-block-uagb-advanced-heading uagb-block-fae95d4b\"><h2 class=\"uagb-heading-text\">EV PORTABLE<\/h2><\/div>\n\n\n\n<div class=\"wp-block-uagb-advanced-heading uagb-block-2258c590\"><h3 class=\"uagb-heading-text\">Tranquilidade e design para onde quer que v\u00e1<\/h3><\/div>\n\n\n\n<p class=\"has-contrast-color has-text-color\">Agora poder\u00e1 viajar sem alterar o seu trajeto. O EV Portable \u00e9 um e-Charger leve, compacto e f\u00e1cil de transporte.<\/p>\n\n\n\n<p class=\"has-contrast-color has-text-color\">A sua pequena dimens\u00e3o e a sua pot\u00eancia m\u00e1xima de carregamento fazem dele o seu melhor aliado durante qualquer viagem.<\/p>\n\n\n\n<div class=\"wp-block-uagb-buttons uagb-buttons__outer-wrap uagb-btn__default-btn uagb-btn-tablet__default-btn uagb-btn-mobile__default-btn uagb-block-a428d7ff\"><div class=\"uagb-buttons__wrap uagb-buttons-layout-wrap \">\n<div class=\"wp-block-uagb-buttons-child uagb-buttons__outer-wrap uagb-block-ec608a32 wp-block-button is-style-outline\"><div class=\"uagb-button__wrapper\"><a class=\"uagb-buttons-repeater wp-block-button__link\" aria-label=\"\" href=\"https:\/\/v2charge.com\/pt-pt\/ev-portable\/\" rel=\"follow noopener\" target=\"_self\" role=\"button\"><div class=\"uagb-button__link\">Ver EV Portable<\/div><\/a><\/div><\/div>\n<\/div><\/div>\n<\/div>\n\n\n\n<div class=\"wp-block-uagb-container uagb-block-7d76ad5b\">\n<div class=\"wp-block-uagb-container uagb-block-4cb2e33a\"><\/div>\n<\/div>\n<\/div>\n\n\n\n<div class=\"wp-block-uagb-container uagb-block-5b548101 alignfull uagb-is-root-container\"><div class=\"uagb-container-inner-blocks-wrap\">\n<div class=\"wp-block-uagb-advanced-heading uagb-block-cda468fa\"><h2 class=\"uagb-heading-text\">Consulte o cat\u00e1logo dos nossos e-Chargers V2C<\/h2><\/div>\n\n\n\n<div class=\"wp-block-uagb-buttons uagb-buttons__outer-wrap uagb-btn__default-btn uagb-btn-tablet__default-btn uagb-btn-mobile__default-btn uagb-block-1846dace\"><div class=\"uagb-buttons__wrap uagb-buttons-layout-wrap \">\n<div class=\"wp-block-uagb-buttons-child uagb-buttons__outer-wrap uagb-block-34f2bffb wp-block-button is-style-outline\"><div class=\"uagb-button__wrapper\"><a class=\"uagb-buttons-repeater wp-block-button__link\" aria-label=\"\" href=\"https:\/\/v2charge.com\/pt-pt\/catalogos\/\" rel=\"follow noopener\" target=\"_self\" role=\"button\"><div class=\"uagb-button__link\">Consultar cat\u00e1logos<\/div><\/a><\/div><\/div>\n<\/div><\/div>\n<\/div><\/div>\n","protected":false},"excerpt":{"rendered":"<p>Descubra os nossos e-Chargers V2C Encontre a melhor esta\u00e7\u00e3o de carregamento para as suas necessidades TRYDAN Intelig\u00eancia e controlo perfeito na ponta dos dedos Com o Trydan, ir\u00e1 descobrir uma nova forma de carregar: a mais original e mais inteligente at\u00e9 agora conhecida. Um design revolucion\u00e1rio composto por um estilo vanguardista que traz eleg\u00e2ncia e &#8230; <a title=\"e-Chargers\" class=\"read-more\" href=\"https:\/\/v2charge.com\/pt-pt\/e-chargers\/\" aria-label=\"Leia mais sobre e-Chargers\">Ler mais<\/a><\/p>\n","protected":false},"author":1,"featured_media":170353,"parent":0,"menu_order":0,"comment_status":"closed","ping_status":"closed","template":"","meta":{"_eb_attr":"","content-type":"","_uag_custom_page_level_css":"","footnotes":""},"class_list":["post-68884","page","type-page","status-publish","has-post-thumbnail"],"yoast_head":"<!-- This site is optimized with the Yoast SEO plugin v25.3.1 - https:\/\/yoast.com\/wordpress\/plugins\/seo\/ -->\n<title>Carregadores V2C \u25b7 Os melhores e-Chargers do mercado | V2C<\/title>\n<meta name=\"description\" content=\"Descubra a nossa gama de e-Chargers, os carregadores V2C que o levar\u00e3o ao futuro, \u00e0 sustentabilidade e \u00e0 inova\u00e7\u00e3o atrav\u00e9s do carregamento el\u00e9trico.\" \/>\n<meta name=\"robots\" content=\"index, follow, max-snippet:-1, max-image-preview:large, max-video-preview:-1\" \/>\n<link rel=\"canonical\" href=\"https:\/\/v2charge.com\/pt-pt\/e-chargers\/\" \/>\n<meta property=\"og:locale\" content=\"pt_PT\" \/>\n<meta property=\"og:type\" content=\"article\" \/>\n<meta property=\"og:title\" content=\"Carregadores V2C \u25b7 Os melhores e-Chargers do mercado | V2C\" \/>\n<meta property=\"og:description\" content=\"Descubra a nossa gama de e-Chargers, os carregadores V2C que o levar\u00e3o ao futuro, \u00e0 sustentabilidade e \u00e0 inova\u00e7\u00e3o atrav\u00e9s do carregamento el\u00e9trico.\" \/>\n<meta property=\"og:url\" content=\"https:\/\/v2charge.com\/pt-pt\/e-chargers\/\" \/>\n<meta property=\"og:site_name\" content=\"V2C\" \/>\n<meta property=\"article:publisher\" content=\"https:\/\/www.facebook.com\/V2C.Charge\" \/>\n<meta property=\"article:modified_time\" content=\"2025-05-15T11:17:14+00:00\" \/>\n<meta property=\"og:image\" content=\"https:\/\/v2charge.com\/wp-content\/uploads\/2024\/07\/v2c-electric-chargers.jpg\" \/>\n\t<meta property=\"og:image:width\" content=\"1200\" \/>\n\t<meta property=\"og:image:height\" content=\"675\" \/>\n\t<meta property=\"og:image:type\" content=\"image\/jpeg\" \/>\n<meta name=\"twitter:card\" content=\"summary_large_image\" \/>\n<meta name=\"twitter:site\" content=\"@V2C_Charge\" \/>\n<meta name=\"twitter:label1\" content=\"Tempo estimado de leitura\" \/>\n\t<meta name=\"twitter:data1\" content=\"2 minutos\" \/>\n<script type=\"application\/ld+json\" class=\"yoast-schema-graph\">{\"@context\":\"https:\/\/schema.org\",\"@graph\":[{\"@type\":\"WebPage\",\"@id\":\"https:\/\/v2charge.com\/pt-pt\/e-chargers\/\",\"url\":\"https:\/\/v2charge.com\/pt-pt\/e-chargers\/\",\"name\":\"Carregadores V2C \u25b7 Os melhores e-Chargers do mercado | V2C\",\"isPartOf\":{\"@id\":\"https:\/\/v2charge.com\/pt-pt\/#website\"},\"primaryImageOfPage\":{\"@id\":\"https:\/\/v2charge.com\/pt-pt\/e-chargers\/#primaryimage\"},\"image\":{\"@id\":\"https:\/\/v2charge.com\/pt-pt\/e-chargers\/#primaryimage\"},\"thumbnailUrl\":\"https:\/\/v2charge.com\/wp-content\/uploads\/2024\/07\/v2c-electric-chargers.jpg\",\"datePublished\":\"2021-10-11T07:44:05+00:00\",\"dateModified\":\"2025-05-15T11:17:14+00:00\",\"description\":\"Descubra a nossa gama de e-Chargers, os carregadores V2C que o levar\u00e3o ao futuro, \u00e0 sustentabilidade e \u00e0 inova\u00e7\u00e3o atrav\u00e9s do carregamento el\u00e9trico.\",\"breadcrumb\":{\"@id\":\"https:\/\/v2charge.com\/pt-pt\/e-chargers\/#breadcrumb\"},\"inLanguage\":\"pt-PT\",\"potentialAction\":[{\"@type\":\"ReadAction\",\"target\":[\"https:\/\/v2charge.com\/pt-pt\/e-chargers\/\"]}]},{\"@type\":\"ImageObject\",\"inLanguage\":\"pt-PT\",\"@id\":\"https:\/\/v2charge.com\/pt-pt\/e-chargers\/#primaryimage\",\"url\":\"https:\/\/v2charge.com\/wp-content\/uploads\/2024\/07\/v2c-electric-chargers.jpg\",\"contentUrl\":\"https:\/\/v2charge.com\/wp-content\/uploads\/2024\/07\/v2c-electric-chargers.jpg\",\"width\":1200,\"height\":675,\"caption\":\"V2C Electric Chargers\"},{\"@type\":\"BreadcrumbList\",\"@id\":\"https:\/\/v2charge.com\/pt-pt\/e-chargers\/#breadcrumb\",\"itemListElement\":[{\"@type\":\"ListItem\",\"position\":1,\"name\":\"V2C\",\"item\":\"https:\/\/v2charge.com\/pt-pt\/\"},{\"@type\":\"ListItem\",\"position\":2,\"name\":\"e-Chargers\"}]},{\"@type\":\"WebSite\",\"@id\":\"https:\/\/v2charge.com\/pt-pt\/#website\",\"url\":\"https:\/\/v2charge.com\/pt-pt\/\",\"name\":\"V2C\",\"description\":\"#CargandoElMa\u00f1ana\",\"publisher\":{\"@id\":\"https:\/\/v2charge.com\/pt-pt\/#organization\"},\"potentialAction\":[{\"@type\":\"SearchAction\",\"target\":{\"@type\":\"EntryPoint\",\"urlTemplate\":\"https:\/\/v2charge.com\/pt-pt\/?s={search_term_string}\"},\"query-input\":{\"@type\":\"PropertyValueSpecification\",\"valueRequired\":true,\"valueName\":\"search_term_string\"}}],\"inLanguage\":\"pt-PT\"},{\"@type\":\"Organization\",\"@id\":\"https:\/\/v2charge.com\/pt-pt\/#organization\",\"name\":\"V2C\",\"url\":\"https:\/\/v2charge.com\/pt-pt\/\",\"logo\":{\"@type\":\"ImageObject\",\"inLanguage\":\"pt-PT\",\"@id\":\"https:\/\/v2charge.com\/pt-pt\/#\/schema\/logo\/image\/\",\"url\":\"https:\/\/v2charge.com\/wp-content\/uploads\/2024\/11\/cropped-v2c-charge-logo-menu.png\",\"contentUrl\":\"https:\/\/v2charge.com\/wp-content\/uploads\/2024\/11\/cropped-v2c-charge-logo-menu.png\",\"width\":984,\"height\":431,\"caption\":\"V2C\"},\"image\":{\"@id\":\"https:\/\/v2charge.com\/pt-pt\/#\/schema\/logo\/image\/\"},\"sameAs\":[\"https:\/\/www.facebook.com\/V2C.Charge\",\"https:\/\/x.com\/V2C_Charge\",\"https:\/\/www.instagram.com\/v2c.charge\/\",\"https:\/\/www.youtube.com\/@V2C\",\"https:\/\/www.linkedin.com\/company\/v2c-chargers\/\"]}]}<\/script>\n<!-- \/ Yoast SEO plugin. -->","yoast_head_json":{"title":"Carregadores V2C \u25b7 Os melhores e-Chargers do mercado | V2C","description":"Descubra a nossa gama de e-Chargers, os carregadores V2C que o levar\u00e3o ao futuro, \u00e0 sustentabilidade e \u00e0 inova\u00e7\u00e3o atrav\u00e9s do carregamento el\u00e9trico.","robots":{"index":"index","follow":"follow","max-snippet":"max-snippet:-1","max-image-preview":"max-image-preview:large","max-video-preview":"max-video-preview:-1"},"canonical":"https:\/\/v2charge.com\/pt-pt\/e-chargers\/","og_locale":"pt_PT","og_type":"article","og_title":"Carregadores V2C \u25b7 Os melhores e-Chargers do mercado | V2C","og_description":"Descubra a nossa gama de e-Chargers, os carregadores V2C que o levar\u00e3o ao futuro, \u00e0 sustentabilidade e \u00e0 inova\u00e7\u00e3o atrav\u00e9s do carregamento el\u00e9trico.","og_url":"https:\/\/v2charge.com\/pt-pt\/e-chargers\/","og_site_name":"V2C","article_publisher":"https:\/\/www.facebook.com\/V2C.Charge","article_modified_time":"2025-05-15T11:17:14+00:00","og_image":[{"width":1200,"height":675,"url":"https:\/\/v2charge.com\/wp-content\/uploads\/2024\/07\/v2c-electric-chargers.jpg","type":"image\/jpeg"}],"twitter_card":"summary_large_image","twitter_site":"@V2C_Charge","twitter_misc":{"Tempo estimado de leitura":"2 minutos"},"schema":{"@context":"https:\/\/schema.org","@graph":[{"@type":"WebPage","@id":"https:\/\/v2charge.com\/pt-pt\/e-chargers\/","url":"https:\/\/v2charge.com\/pt-pt\/e-chargers\/","name":"Carregadores V2C \u25b7 Os melhores e-Chargers do mercado | V2C","isPartOf":{"@id":"https:\/\/v2charge.com\/pt-pt\/#website"},"primaryImageOfPage":{"@id":"https:\/\/v2charge.com\/pt-pt\/e-chargers\/#primaryimage"},"image":{"@id":"https:\/\/v2charge.com\/pt-pt\/e-chargers\/#primaryimage"},"thumbnailUrl":"https:\/\/v2charge.com\/wp-content\/uploads\/2024\/07\/v2c-electric-chargers.jpg","datePublished":"2021-10-11T07:44:05+00:00","dateModified":"2025-05-15T11:17:14+00:00","description":"Descubra a nossa gama de e-Chargers, os carregadores V2C que o levar\u00e3o ao futuro, \u00e0 sustentabilidade e \u00e0 inova\u00e7\u00e3o atrav\u00e9s do carregamento el\u00e9trico.","breadcrumb":{"@id":"https:\/\/v2charge.com\/pt-pt\/e-chargers\/#breadcrumb"},"inLanguage":"pt-PT","potentialAction":[{"@type":"ReadAction","target":["https:\/\/v2charge.com\/pt-pt\/e-chargers\/"]}]},{"@type":"ImageObject","inLanguage":"pt-PT","@id":"https:\/\/v2charge.com\/pt-pt\/e-chargers\/#primaryimage","url":"https:\/\/v2charge.com\/wp-content\/uploads\/2024\/07\/v2c-electric-chargers.jpg","contentUrl":"https:\/\/v2charge.com\/wp-content\/uploads\/2024\/07\/v2c-electric-chargers.jpg","width":1200,"height":675,"caption":"V2C Electric Chargers"},{"@type":"BreadcrumbList","@id":"https:\/\/v2charge.com\/pt-pt\/e-chargers\/#breadcrumb","itemListElement":[{"@type":"ListItem","position":1,"name":"V2C","item":"https:\/\/v2charge.com\/pt-pt\/"},{"@type":"ListItem","position":2,"name":"e-Chargers"}]},{"@type":"WebSite","@id":"https:\/\/v2charge.com\/pt-pt\/#website","url":"https:\/\/v2charge.com\/pt-pt\/","name":"V2C","description":"#CargandoElMa\u00f1ana","publisher":{"@id":"https:\/\/v2charge.com\/pt-pt\/#organization"},"potentialAction":[{"@type":"SearchAction","target":{"@type":"EntryPoint","urlTemplate":"https:\/\/v2charge.com\/pt-pt\/?s={search_term_string}"},"query-input":{"@type":"PropertyValueSpecification","valueRequired":true,"valueName":"search_term_string"}}],"inLanguage":"pt-PT"},{"@type":"Organization","@id":"https:\/\/v2charge.com\/pt-pt\/#organization","name":"V2C","url":"https:\/\/v2charge.com\/pt-pt\/","logo":{"@type":"ImageObject","inLanguage":"pt-PT","@id":"https:\/\/v2charge.com\/pt-pt\/#\/schema\/logo\/image\/","url":"https:\/\/v2charge.com\/wp-content\/uploads\/2024\/11\/cropped-v2c-charge-logo-menu.png","contentUrl":"https:\/\/v2charge.com\/wp-content\/uploads\/2024\/11\/cropped-v2c-charge-logo-menu.png","width":984,"height":431,"caption":"V2C"},"image":{"@id":"https:\/\/v2charge.com\/pt-pt\/#\/schema\/logo\/image\/"},"sameAs":["https:\/\/www.facebook.com\/V2C.Charge","https:\/\/x.com\/V2C_Charge","https:\/\/www.instagram.com\/v2c.charge\/","https:\/\/www.youtube.com\/@V2C","https:\/\/www.linkedin.com\/company\/v2c-chargers\/"]}]}},"uagb_featured_image_src":{"full":["https:\/\/v2charge.com\/wp-content\/uploads\/2024\/07\/v2c-electric-chargers.jpg",1200,675,false],"thumbnail":["https:\/\/v2charge.com\/wp-content\/uploads\/2024\/07\/v2c-electric-chargers-150x150.jpg",150,150,true],"medium":["https:\/\/v2charge.com\/wp-content\/uploads\/2024\/07\/v2c-electric-chargers-300x169.jpg",300,169,true],"medium_large":["https:\/\/v2charge.com\/wp-content\/uploads\/2024\/07\/v2c-electric-chargers-768x432.jpg",768,432,true],"large":["https:\/\/v2charge.com\/wp-content\/uploads\/2024\/07\/v2c-electric-chargers-1024x576.jpg",1024,576,true],"gs-tiny":["https:\/\/v2charge.com\/wp-content\/uploads\/2024\/07\/v2c-electric-chargers.jpg",50,28,false],"xl":["https:\/\/v2charge.com\/wp-content\/uploads\/2024\/07\/v2c-electric-chargers.jpg",1200,675,false],"xxl":["https:\/\/v2charge.com\/wp-content\/uploads\/2024\/07\/v2c-electric-chargers.jpg",1200,675,false],"xxxl":["https:\/\/v2charge.com\/wp-content\/uploads\/2024\/07\/v2c-electric-chargers.jpg",1200,675,false],"xxxxl":["https:\/\/v2charge.com\/wp-content\/uploads\/2024\/07\/v2c-electric-chargers.jpg",1200,675,false],"xxxxxl":["https:\/\/v2charge.com\/wp-content\/uploads\/2024\/07\/v2c-electric-chargers.jpg",1200,675,false],"1536x1536":["https:\/\/v2charge.com\/wp-content\/uploads\/2024\/07\/v2c-electric-chargers.jpg",1200,675,false],"2048x2048":["https:\/\/v2charge.com\/wp-content\/uploads\/2024\/07\/v2c-electric-chargers.jpg",1200,675,false]},"uagb_author_info":{"display_name":"V2C","author_link":"https:\/\/v2charge.com\/pt-pt\/author\/root_k4eu7ki8\/"},"uagb_comment_info":0,"uagb_excerpt":"Descubra os nossos e-Chargers V2C Encontre a melhor esta\u00e7\u00e3o de carregamento para as suas necessidades TRYDAN Intelig\u00eancia e controlo perfeito na ponta dos dedos Com o Trydan, ir\u00e1 descobrir uma nova forma de carregar: a mais original e mais inteligente at\u00e9 agora conhecida. Um design revolucion\u00e1rio composto por um estilo vanguardista que traz eleg\u00e2ncia e&hellip;","_links":{"self":[{"href":"https:\/\/v2charge.com\/pt-pt\/wp-json\/wp\/v2\/pages\/68884","targetHints":{"allow":["GET"]}}],"collection":[{"href":"https:\/\/v2charge.com\/pt-pt\/wp-json\/wp\/v2\/pages"}],"about":[{"href":"https:\/\/v2charge.com\/pt-pt\/wp-json\/wp\/v2\/types\/page"}],"author":[{"embeddable":true,"href":"https:\/\/v2charge.com\/pt-pt\/wp-json\/wp\/v2\/users\/1"}],"replies":[{"embeddable":true,"href":"https:\/\/v2charge.com\/pt-pt\/wp-json\/wp\/v2\/comments?post=68884"}],"version-history":[{"count":3,"href":"https:\/\/v2charge.com\/pt-pt\/wp-json\/wp\/v2\/pages\/68884\/revisions"}],"predecessor-version":[{"id":222156,"href":"https:\/\/v2charge.com\/pt-pt\/wp-json\/wp\/v2\/pages\/68884\/revisions\/222156"}],"wp:featuredmedia":[{"embeddable":true,"href":"https:\/\/v2charge.com\/pt-pt\/wp-json\/wp\/v2\/media\/170353"}],"wp:attachment":[{"href":"https:\/\/v2charge.com\/pt-pt\/wp-json\/wp\/v2\/media?parent=68884"}],"curies":[{"name":"wp","href":"https:\/\/api.w.org\/{rel}","templated":true}]}}