{"id":75612,"date":"2022-01-27T14:34:34","date_gmt":"2022-01-27T14:34:34","guid":{"rendered":"https:\/\/v2charge.com\/screen\/support\/"},"modified":"2026-01-13T09:56:38","modified_gmt":"2026-01-13T07:56:38","slug":"screen","status":"publish","type":"page","link":"https:\/\/v2charge.com\/pt-pt\/suporte\/screen\/","title":{"rendered":"Apoio Screen"},"content":{"rendered":"\n<div class=\"wp-block-uagb-container uagb-block-97af3216 alignfull uagb-is-root-container\"><div class=\"uagb-container-inner-blocks-wrap\">\n<div class=\"wp-block-uagb-container uag-hide-mob uagb-block-bb750c64\">\n<figure class=\"wp-block-image size-full\"><a href=\"https:\/\/v2charge.com\/pt-pt\/suporte\/trydan\/\"><img decoding=\"async\" width=\"75\" height=\"75\" src=\"https:\/\/v2charge.com\/wp-content\/uploads\/2022\/01\/soporte-trydan-2.png\" alt=\"actualizaciones del e-charger trydan\" class=\"wp-image-72846\" srcset=\"https:\/\/v2charge.com\/wp-content\/uploads\/2022\/01\/soporte-trydan-2.png 75w, https:\/\/v2charge.com\/wp-content\/uploads\/2022\/01\/soporte-trydan-2-50x50.png 50w\" sizes=\"(max-width: 75px) 100vw, 75px\" \/><\/a><\/figure>\n\n\n\n<figure class=\"wp-block-image size-full\"><a href=\"https:\/\/v2charge.com\/pt-pt\/suporte\/pole-pro\/\"><img decoding=\"async\" width=\"75\" height=\"75\" src=\"https:\/\/v2charge.com\/wp-content\/uploads\/2022\/01\/polesupport.png\" alt=\"actualizaciones del e-charger pole\" class=\"wp-image-72874\" srcset=\"https:\/\/v2charge.com\/wp-content\/uploads\/2022\/01\/polesupport.png 75w, https:\/\/v2charge.com\/wp-content\/uploads\/2022\/01\/polesupport-50x50.png 50w\" sizes=\"(max-width: 75px) 100vw, 75px\" \/><\/a><\/figure>\n\n\n\n<figure class=\"wp-block-image size-full\"><a href=\"https:\/\/v2charge.com\/pt-pt\/suporte\/screen\/\"><img decoding=\"async\" width=\"75\" height=\"75\" src=\"https:\/\/v2charge.com\/wp-content\/uploads\/2022\/01\/screen-support.png\" alt=\"actualizaciones del e-charger screen\" class=\"wp-image-72881\" srcset=\"https:\/\/v2charge.com\/wp-content\/uploads\/2022\/01\/screen-support.png 75w, https:\/\/v2charge.com\/wp-content\/uploads\/2022\/01\/screen-support-50x50.png 50w\" sizes=\"(max-width: 75px) 100vw, 75px\" \/><\/a><\/figure>\n\n\n\n<figure class=\"wp-block-image size-full\"><a href=\"https:\/\/v2charge.com\/pt-pt\/suporte\/ev-portable\/\"><img decoding=\"async\" width=\"76\" height=\"76\" src=\"https:\/\/v2charge.com\/wp-content\/uploads\/2022\/02\/EVPORTABLE_Icono.png\" alt=\"\" class=\"wp-image-76493\" srcset=\"https:\/\/v2charge.com\/wp-content\/uploads\/2022\/02\/EVPORTABLE_Icono.png 76w, https:\/\/v2charge.com\/wp-content\/uploads\/2022\/02\/EVPORTABLE_Icono-50x50.png 50w\" sizes=\"(max-width: 76px) 100vw, 76px\" \/><\/a><\/figure>\n\n\n\n<figure class=\"wp-block-image size-full is-resized\"><a href=\"https:\/\/v2charge.com\/pt-pt\/suporte\/v2c-cloud\/\"><img decoding=\"async\" width=\"77\" height=\"77\" src=\"https:\/\/v2charge.com\/wp-content\/uploads\/2022\/06\/v2ccloud.png\" alt=\"actualizaciones de V2C cloud para m\u00f3viles\" class=\"wp-image-79360\" style=\"width:77px;height:77px\" srcset=\"https:\/\/v2charge.com\/wp-content\/uploads\/2022\/06\/v2ccloud.png 77w, https:\/\/v2charge.com\/wp-content\/uploads\/2022\/06\/v2ccloud-50x50.png 50w\" sizes=\"(max-width: 77px) 100vw, 77px\" \/><\/a><\/figure>\n<\/div>\n\n\n\n<div class=\"wp-block-uagb-container uag-hide-mob uagb-block-6b068e26\">\n<div class=\"wp-block-uagb-advanced-heading uagb-block-d4550c69\"><p class=\"uagb-heading-text\"><a href=\"https:\/\/v2charge.com\/pt-pt\/suporte\/trydan\/\">Trydan<\/a><\/p><\/div>\n\n\n\n<div class=\"wp-block-uagb-advanced-heading uagb-block-acc2476d\"><p class=\"uagb-heading-text\"><a href=\"https:\/\/v2charge.com\/pt-pt\/suporte\/pole-pro\/\">Pole Pro<\/a><\/p><\/div>\n\n\n\n<div class=\"wp-block-uagb-advanced-heading uagb-block-e3e684c5\"><p class=\"uagb-heading-text\"><a href=\"https:\/\/v2charge.com\/pt-pt\/suporte\/screen\/\">Screen<\/a><\/p><\/div>\n\n\n\n<div class=\"wp-block-uagb-advanced-heading uagb-block-5d339ae0\"><p class=\"uagb-heading-text\"><a href=\"https:\/\/v2charge.com\/pt-pt\/suporte\/ev-portable\/\">EV Portable<\/a><\/p><\/div>\n\n\n\n<div class=\"wp-block-uagb-advanced-heading uagb-block-4db7c3e3\"><p class=\"uagb-heading-text\"><a href=\"https:\/\/v2charge.com\/pt-pt\/suporte\/v2c-cloud\/\">V2C Cloud<\/a><\/p><\/div>\n<\/div>\n<\/div><\/div>\n\n\n\n<div class=\"wp-block-uagb-container uagb-block-be9750bc alignfull uagb-is-root-container\"><div class=\"uagb-container-inner-blocks-wrap\">\n<div class=\"wp-block-uagb-advanced-heading uagb-block-9690f39d\"><h1 class=\"uagb-heading-text\"><strong>\u00c1rea de Suporte | Screen<\/strong><\/h1><\/div>\n<\/div><\/div>\n\n\n\n<div class=\"wp-block-uagb-container uagb-block-2c8731a4 alignfull uagb-is-root-container\"><div class=\"uagb-container-inner-blocks-wrap\">\n<div class=\"wp-block-uagb-container uagb-block-df4b4ba9\">\n<div class=\"wp-block-uagb-info-box uagb-block-92147726 uagb-infobox__content-wrap  uagb-infobox_cta-type-all uagb-infobox-icon-above-title uagb-infobox-image-valign-top\"><a href=\"https:\/\/v2charge.com\/wp-content\/uploads\/2022\/07\/Especificacoes_Tecnicas_Screen.pdf\" class=\"uagb-infobox-link-wrap uagb-infbox__link-to-all\" target=\"_self\" aria-label=\"Infobox Link\" rel=\"noopener noreferrer\" onclick=\"return true;\"><\/a><div class=\"uagb-ifb-content\"><div class=\"uagb-ifb-image-content\"><img decoding=\"async\" src=\"https:\/\/v2charge.com\/wp-content\/uploads\/2022\/01\/sheet.svg\" width=\"30\" height=\"29\" loading=\"lazy\"\/><\/div><div class=\"uagb-ifb-title-wrap\"><h3 class=\"uagb-ifb-title\">Ficha t\u00e9cnica<\/h3><\/div><p class=\"uagb-ifb-desc\">Caracter\u00edsticas gerais, funcionais, el\u00e9ctricas, composi\u00e7\u00e3o do n\u00famero do produto e dimens\u00f5es.<\/p><div class=\"uagb-ifb-button-wrapper wp-block-button\"><\/div><\/div><\/div>\n<\/div>\n\n\n\n<div class=\"wp-block-uagb-container uagb-block-5851515a\">\n<div class=\"wp-block-uagb-info-box uagb-block-5b3fb4c0 uagb-infobox__content-wrap  uagb-infobox_cta-type-all uagb-infobox-icon-above-title uagb-infobox-image-valign-top\"><a href=\"https:\/\/v2charge.com\/wp-content\/uploads\/2021\/12\/SCREEN-MANUAL.pdf\" class=\"uagb-infobox-link-wrap uagb-infbox__link-to-all\" target=\"_self\" aria-label=\"Infobox Link\" rel=\"noopener noreferrer\" onclick=\"return true;\"><\/a><div class=\"uagb-ifb-content\"><div class=\"uagb-ifb-image-content\"><img decoding=\"async\" src=\"https:\/\/v2charge.com\/wp-content\/uploads\/2022\/01\/installation-manual.svg\" alt=\"\" width=\"30\" height=\"30\" loading=\"lazy\"\/><\/div><div class=\"uagb-ifb-title-wrap\"><h3 class=\"uagb-ifb-title\">Manual de instala\u00e7\u00e3o<\/h3><\/div><p class=\"uagb-ifb-desc\">Passos a seguir para realizar uma correcta instala\u00e7\u00e3o e configura\u00e7\u00e3o do e-Charger.<\/p><div class=\"uagb-ifb-button-wrapper wp-block-button\"><\/div><\/div><\/div>\n<\/div>\n<\/div><\/div>\n\n\n\n<div class=\"wp-block-uagb-container uagb-block-d786cf15 alignfull uagb-is-root-container\"><div class=\"uagb-container-inner-blocks-wrap\">\n<div class=\"wp-block-uagb-container uagb-block-8d8e228a\">\n<div class=\"wp-block-uagb-info-box uagb-block-2b33f492 uagb-infobox__content-wrap  uagb-infobox_cta-type-all uagb-infobox-icon-above-title uagb-infobox-image-valign-top\"><a href=\"https:\/\/v2charge.com\/pt-pt\/actualizacoes-screen\/\" class=\"uagb-infobox-link-wrap uagb-infbox__link-to-all\" target=\"_self\" aria-label=\"Infobox Link\" rel=\"noopener noreferrer\" onclick=\"return true;\"><\/a><div class=\"uagb-ifb-content\"><div class=\"uagb-ifb-image-content\"><img decoding=\"async\" src=\"https:\/\/v2charge.com\/wp-content\/uploads\/2023\/08\/updates.png\" alt=\"\" width=\"30\" height=\"30\" loading=\"lazy\"\/><\/div><div class=\"uagb-ifb-title-wrap\"><h3 class=\"uagb-ifb-title\">Actualiza\u00e7\u00f5es<\/h3><\/div><p class=\"uagb-ifb-desc\">Conhe\u00e7a as \u00faltimas actualiza\u00e7\u00f5es do e-Charger Screen<\/p><div class=\"uagb-ifb-button-wrapper wp-block-button\"><\/div><\/div><\/div>\n<\/div>\n\n\n\n<div class=\"wp-block-uagb-container uagb-block-1de163ee\">\n<div class=\"wp-block-uagb-info-box uagb-block-7c856c52 uagb-infobox__content-wrap  uagb-infobox_cta-type-all uagb-infobox-icon-above-title uagb-infobox-image-valign-top\"><a href=\"https:\/\/v2charge.com\/wp-content\/uploads\/2022\/09\/CATALOGUE_SCREEN.pdf\" class=\"uagb-infobox-link-wrap uagb-infbox__link-to-all\" target=\"_self\" aria-label=\"Infobox Link\" rel=\"noopener noreferrer\" onclick=\"return true;\"><\/a><div class=\"uagb-ifb-content\"><div class=\"uagb-ifb-image-content\"><img decoding=\"async\" src=\"https:\/\/v2charge.com\/wp-content\/uploads\/2022\/01\/catalogos.svg\" alt=\"\" width=\"30\" height=\"29\" loading=\"lazy\"\/><\/div><div class=\"uagb-ifb-title-wrap\"><h3 class=\"uagb-ifb-title\">Catalogo<\/h3><\/div><p class=\"uagb-ifb-desc\">Apresenta\u00e7\u00e3o do exclusivo e-Charger Screen: atributos e vantagens.<\/p><div class=\"uagb-ifb-button-wrapper wp-block-button\"><\/div><\/div><\/div>\n<\/div>\n<\/div><\/div>\n\n\n\n<div class=\"wp-block-uagb-container uagb-block-558a1dc5 alignfull uagb-is-root-container\"><div class=\"uagb-container-inner-blocks-wrap\">\n<div class=\"wp-block-uagb-advanced-heading uagb-block-85a3c76f\"><h2 class=\"uagb-heading-text\">Precisa de ajuda?<\/h2><\/div>\n\n\n<form role=\"search\" method=\"get\" action=\"https:\/\/v2charge.com\/pt-pt\/\" class=\"wp-block-search__button-outside wp-block-search__text-button aligncenter wp-block-search\"    ><label class=\"wp-block-search__label screen-reader-text\" for=\"wp-block-search__input-1\" >Buscar<\/label><div class=\"wp-block-search__inside-wrapper\"  style=\"width: 100%\"><input class=\"wp-block-search__input\" id=\"wp-block-search__input-1\" placeholder=\"\" value=\"\" type=\"search\" name=\"s\" required \/><button aria-label=\"Pesquisar\" class=\"wp-block-search__button has-text-color has-base-3-color has-background has-contrast-background-color wp-element-button\" type=\"submit\" >Pesquisar<\/button><\/div><\/form><\/div><\/div>\n\n\n\n<div class=\"wp-block-uagb-container uagb-block-c6f38013 alignfull uagb-is-root-container\"><div class=\"uagb-container-inner-blocks-wrap\">\n<div class=\"wp-block-uagb-advanced-heading uagb-block-6963d70c\"><h2 class=\"uagb-heading-text\"><strong>Necessita de apoio t\u00e9cnico?<\/strong><\/h2><\/div>\n\n\n\n<div class=\"wp-block-uagb-advanced-heading uagb-block-408243eb\"><p class=\"uagb-heading-text\">Resolva a sua incid\u00eancia de imediato atrav\u00e9s do nosso Chat com IA. Se o problema n\u00e3o ficar resolvido, pedimos que crie um pedido no Centro de Suporte T\u00e9cnico e entraremos em contacto consigo o mais rapidamente poss\u00edvel para lhe oferecer a melhor solu\u00e7\u00e3o.<\/p><\/div>\n\n\n\n<div class=\"wp-block-uagb-info-box uagb-block-12e3cf1c uagb-infobox__content-wrap  uagb-infobox-icon-left uagb-infobox-left uagb-infobox-image-valign-top wp-block-uagb-info-box--has-margin ai-chatbot-button\"><div class=\"uagb-infobox-margin-wrapper\"><div class=\"uagb-ifb-image-content\"><img decoding=\"async\" src=\"https:\/\/v2charge.com\/wp-content\/uploads\/2026\/01\/support-ai-chatbot.png\" alt=\"\" width=\"20\" height=\"19\" loading=\"lazy\"\/><\/div><div class=\"uagb-ifb-content\"><div class=\"uagb-ifb-title-wrap\"><\/div><div class=\"uagb-ifb-button-wrapper wp-block-button\"><a href=\"https:\/\/v2charge.com\/v2c-support-web\/\" class=\"uagb-infobox-cta-link wp-block-button__link\" target=\"_blank\" rel=\"noopener noreferrer\" onclick=\"return true;\"><span class=\"uagb-inline-editing\">Fale com o nosso Chat com IA<\/span><\/a><\/div><\/div><\/div><\/div>\n\n\n\n<div class=\"wp-block-uagb-buttons uagb-buttons__outer-wrap uagb-btn__default-btn uagb-btn-tablet__default-btn uagb-btn-mobile__default-btn uagb-block-ba1e67d1\"><div class=\"uagb-buttons__wrap uagb-buttons-layout-wrap \">\n<div class=\"wp-block-uagb-buttons-child uagb-buttons__outer-wrap uagb-block-23cfb623 wp-block-button\"><div class=\"uagb-button__wrapper\"><a class=\"uagb-buttons-repeater wp-block-button__link\" aria-label=\"\" href=\"https:\/\/v2charge.atlassian.net\/servicedesk\/customer\/portal\/3\" rel=\"follow noopener\" target=\"_blank\" role=\"button\"><div class=\"uagb-button__link\">Contacte o Suporte T\u00e9cnico<\/div><\/a><\/div><\/div>\n<\/div><\/div>\n<\/div><\/div>\n","protected":false},"excerpt":{"rendered":"<p>Trydan Pole Pro Screen EV Portable V2C Cloud \u00c1rea de Suporte | Screen Precisa de ajuda? Necessita de apoio t\u00e9cnico? Resolva a sua incid\u00eancia de imediato atrav\u00e9s do nosso Chat com IA. Se o problema n\u00e3o ficar resolvido, pedimos que crie um pedido no Centro de Suporte T\u00e9cnico e entraremos em contacto consigo o mais &#8230; <a title=\"Apoio Screen\" class=\"read-more\" href=\"https:\/\/v2charge.com\/pt-pt\/suporte\/screen\/\" aria-label=\"Leia mais sobre Apoio Screen\">Ler mais<\/a><\/p>\n","protected":false},"author":1,"featured_media":170353,"parent":77781,"menu_order":0,"comment_status":"closed","ping_status":"closed","template":"","meta":{"_eb_attr":"","content-type":"","_uag_custom_page_level_css":"","footnotes":""},"class_list":["post-75612","page","type-page","status-publish","has-post-thumbnail"],"yoast_head":"<!-- This site is optimized with the Yoast SEO plugin v25.3.1 - https:\/\/yoast.com\/wordpress\/plugins\/seo\/ -->\n<title>Ecr\u00e3 da \u00e1rea de suporte: com ecr\u00e3 publicit\u00e1rio | V2C<\/title>\n<meta name=\"description\" content=\"\u00c1rea de apoio do \u00fanico carregador el\u00e9ctrico com ecr\u00e3 publicit\u00e1rio. Ver todas as informa\u00e7\u00f5es necess\u00e1rias e perguntas frequentes.\" \/>\n<meta name=\"robots\" content=\"index, follow, max-snippet:-1, max-image-preview:large, max-video-preview:-1\" \/>\n<link rel=\"canonical\" href=\"https:\/\/v2charge.com\/pt-pt\/suporte\/screen\/\" \/>\n<meta property=\"og:locale\" content=\"pt_PT\" \/>\n<meta property=\"og:type\" content=\"article\" \/>\n<meta property=\"og:title\" content=\"Ecr\u00e3 da \u00e1rea de suporte: com ecr\u00e3 publicit\u00e1rio | V2C\" \/>\n<meta property=\"og:description\" content=\"\u00c1rea de apoio do \u00fanico carregador el\u00e9ctrico com ecr\u00e3 publicit\u00e1rio. Ver todas as informa\u00e7\u00f5es necess\u00e1rias e perguntas frequentes.\" \/>\n<meta property=\"og:url\" content=\"https:\/\/v2charge.com\/pt-pt\/suporte\/screen\/\" \/>\n<meta property=\"og:site_name\" content=\"V2C\" \/>\n<meta property=\"article:publisher\" content=\"https:\/\/www.facebook.com\/V2C.Charge\" \/>\n<meta property=\"article:modified_time\" content=\"2026-01-13T07:56:38+00:00\" \/>\n<meta property=\"og:image\" content=\"https:\/\/v2charge.com\/wp-content\/uploads\/2024\/07\/v2c-electric-chargers.jpg\" \/>\n\t<meta property=\"og:image:width\" content=\"1200\" \/>\n\t<meta property=\"og:image:height\" content=\"675\" \/>\n\t<meta property=\"og:image:type\" content=\"image\/jpeg\" \/>\n<meta name=\"twitter:card\" content=\"summary_large_image\" \/>\n<meta name=\"twitter:site\" content=\"@V2C_Charge\" \/>\n<meta name=\"twitter:label1\" content=\"Tempo estimado de leitura\" \/>\n\t<meta name=\"twitter:data1\" content=\"3 minutos\" \/>\n<script type=\"application\/ld+json\" class=\"yoast-schema-graph\">{\"@context\":\"https:\/\/schema.org\",\"@graph\":[{\"@type\":\"WebPage\",\"@id\":\"https:\/\/v2charge.com\/pt-pt\/suporte\/screen\/\",\"url\":\"https:\/\/v2charge.com\/pt-pt\/suporte\/screen\/\",\"name\":\"Ecr\u00e3 da \u00e1rea de suporte: com ecr\u00e3 publicit\u00e1rio | V2C\",\"isPartOf\":{\"@id\":\"https:\/\/v2charge.com\/pt-pt\/#website\"},\"primaryImageOfPage\":{\"@id\":\"https:\/\/v2charge.com\/pt-pt\/suporte\/screen\/#primaryimage\"},\"image\":{\"@id\":\"https:\/\/v2charge.com\/pt-pt\/suporte\/screen\/#primaryimage\"},\"thumbnailUrl\":\"https:\/\/v2charge.com\/wp-content\/uploads\/2024\/07\/v2c-electric-chargers.jpg\",\"datePublished\":\"2022-01-27T14:34:34+00:00\",\"dateModified\":\"2026-01-13T07:56:38+00:00\",\"description\":\"\u00c1rea de apoio do \u00fanico carregador el\u00e9ctrico com ecr\u00e3 publicit\u00e1rio. Ver todas as informa\u00e7\u00f5es necess\u00e1rias e perguntas frequentes.\",\"breadcrumb\":{\"@id\":\"https:\/\/v2charge.com\/pt-pt\/suporte\/screen\/#breadcrumb\"},\"inLanguage\":\"pt-PT\",\"potentialAction\":[{\"@type\":\"ReadAction\",\"target\":[\"https:\/\/v2charge.com\/pt-pt\/suporte\/screen\/\"]}]},{\"@type\":\"ImageObject\",\"inLanguage\":\"pt-PT\",\"@id\":\"https:\/\/v2charge.com\/pt-pt\/suporte\/screen\/#primaryimage\",\"url\":\"https:\/\/v2charge.com\/wp-content\/uploads\/2024\/07\/v2c-electric-chargers.jpg\",\"contentUrl\":\"https:\/\/v2charge.com\/wp-content\/uploads\/2024\/07\/v2c-electric-chargers.jpg\",\"width\":1200,\"height\":675,\"caption\":\"V2C Electric Chargers\"},{\"@type\":\"BreadcrumbList\",\"@id\":\"https:\/\/v2charge.com\/pt-pt\/suporte\/screen\/#breadcrumb\",\"itemListElement\":[{\"@type\":\"ListItem\",\"position\":1,\"name\":\"V2C\",\"item\":\"https:\/\/v2charge.com\/pt-pt\/\"},{\"@type\":\"ListItem\",\"position\":2,\"name\":\"\u00c1rea de Suporte\",\"item\":\"https:\/\/v2charge.com\/pt-pt\/suporte\/\"},{\"@type\":\"ListItem\",\"position\":3,\"name\":\"Apoio Screen\"}]},{\"@type\":\"WebSite\",\"@id\":\"https:\/\/v2charge.com\/pt-pt\/#website\",\"url\":\"https:\/\/v2charge.com\/pt-pt\/\",\"name\":\"V2C\",\"description\":\"#CargandoElMa\u00f1ana\",\"publisher\":{\"@id\":\"https:\/\/v2charge.com\/pt-pt\/#organization\"},\"potentialAction\":[{\"@type\":\"SearchAction\",\"target\":{\"@type\":\"EntryPoint\",\"urlTemplate\":\"https:\/\/v2charge.com\/pt-pt\/?s={search_term_string}\"},\"query-input\":{\"@type\":\"PropertyValueSpecification\",\"valueRequired\":true,\"valueName\":\"search_term_string\"}}],\"inLanguage\":\"pt-PT\"},{\"@type\":\"Organization\",\"@id\":\"https:\/\/v2charge.com\/pt-pt\/#organization\",\"name\":\"V2C\",\"url\":\"https:\/\/v2charge.com\/pt-pt\/\",\"logo\":{\"@type\":\"ImageObject\",\"inLanguage\":\"pt-PT\",\"@id\":\"https:\/\/v2charge.com\/pt-pt\/#\/schema\/logo\/image\/\",\"url\":\"https:\/\/v2charge.com\/wp-content\/uploads\/2024\/11\/cropped-v2c-charge-logo-menu.png\",\"contentUrl\":\"https:\/\/v2charge.com\/wp-content\/uploads\/2024\/11\/cropped-v2c-charge-logo-menu.png\",\"width\":984,\"height\":431,\"caption\":\"V2C\"},\"image\":{\"@id\":\"https:\/\/v2charge.com\/pt-pt\/#\/schema\/logo\/image\/\"},\"sameAs\":[\"https:\/\/www.facebook.com\/V2C.Charge\",\"https:\/\/x.com\/V2C_Charge\",\"https:\/\/www.instagram.com\/v2c.charge\/\",\"https:\/\/www.youtube.com\/@V2C\",\"https:\/\/www.linkedin.com\/company\/v2c-chargers\/\"]}]}<\/script>\n<!-- \/ Yoast SEO plugin. -->","yoast_head_json":{"title":"Ecr\u00e3 da \u00e1rea de suporte: com ecr\u00e3 publicit\u00e1rio | V2C","description":"\u00c1rea de apoio do \u00fanico carregador el\u00e9ctrico com ecr\u00e3 publicit\u00e1rio. Ver todas as informa\u00e7\u00f5es necess\u00e1rias e perguntas frequentes.","robots":{"index":"index","follow":"follow","max-snippet":"max-snippet:-1","max-image-preview":"max-image-preview:large","max-video-preview":"max-video-preview:-1"},"canonical":"https:\/\/v2charge.com\/pt-pt\/suporte\/screen\/","og_locale":"pt_PT","og_type":"article","og_title":"Ecr\u00e3 da \u00e1rea de suporte: com ecr\u00e3 publicit\u00e1rio | V2C","og_description":"\u00c1rea de apoio do \u00fanico carregador el\u00e9ctrico com ecr\u00e3 publicit\u00e1rio. Ver todas as informa\u00e7\u00f5es necess\u00e1rias e perguntas frequentes.","og_url":"https:\/\/v2charge.com\/pt-pt\/suporte\/screen\/","og_site_name":"V2C","article_publisher":"https:\/\/www.facebook.com\/V2C.Charge","article_modified_time":"2026-01-13T07:56:38+00:00","og_image":[{"width":1200,"height":675,"url":"https:\/\/v2charge.com\/wp-content\/uploads\/2024\/07\/v2c-electric-chargers.jpg","type":"image\/jpeg"}],"twitter_card":"summary_large_image","twitter_site":"@V2C_Charge","twitter_misc":{"Tempo estimado de leitura":"3 minutos"},"schema":{"@context":"https:\/\/schema.org","@graph":[{"@type":"WebPage","@id":"https:\/\/v2charge.com\/pt-pt\/suporte\/screen\/","url":"https:\/\/v2charge.com\/pt-pt\/suporte\/screen\/","name":"Ecr\u00e3 da \u00e1rea de suporte: com ecr\u00e3 publicit\u00e1rio | V2C","isPartOf":{"@id":"https:\/\/v2charge.com\/pt-pt\/#website"},"primaryImageOfPage":{"@id":"https:\/\/v2charge.com\/pt-pt\/suporte\/screen\/#primaryimage"},"image":{"@id":"https:\/\/v2charge.com\/pt-pt\/suporte\/screen\/#primaryimage"},"thumbnailUrl":"https:\/\/v2charge.com\/wp-content\/uploads\/2024\/07\/v2c-electric-chargers.jpg","datePublished":"2022-01-27T14:34:34+00:00","dateModified":"2026-01-13T07:56:38+00:00","description":"\u00c1rea de apoio do \u00fanico carregador el\u00e9ctrico com ecr\u00e3 publicit\u00e1rio. Ver todas as informa\u00e7\u00f5es necess\u00e1rias e perguntas frequentes.","breadcrumb":{"@id":"https:\/\/v2charge.com\/pt-pt\/suporte\/screen\/#breadcrumb"},"inLanguage":"pt-PT","potentialAction":[{"@type":"ReadAction","target":["https:\/\/v2charge.com\/pt-pt\/suporte\/screen\/"]}]},{"@type":"ImageObject","inLanguage":"pt-PT","@id":"https:\/\/v2charge.com\/pt-pt\/suporte\/screen\/#primaryimage","url":"https:\/\/v2charge.com\/wp-content\/uploads\/2024\/07\/v2c-electric-chargers.jpg","contentUrl":"https:\/\/v2charge.com\/wp-content\/uploads\/2024\/07\/v2c-electric-chargers.jpg","width":1200,"height":675,"caption":"V2C Electric Chargers"},{"@type":"BreadcrumbList","@id":"https:\/\/v2charge.com\/pt-pt\/suporte\/screen\/#breadcrumb","itemListElement":[{"@type":"ListItem","position":1,"name":"V2C","item":"https:\/\/v2charge.com\/pt-pt\/"},{"@type":"ListItem","position":2,"name":"\u00c1rea de Suporte","item":"https:\/\/v2charge.com\/pt-pt\/suporte\/"},{"@type":"ListItem","position":3,"name":"Apoio Screen"}]},{"@type":"WebSite","@id":"https:\/\/v2charge.com\/pt-pt\/#website","url":"https:\/\/v2charge.com\/pt-pt\/","name":"V2C","description":"#CargandoElMa\u00f1ana","publisher":{"@id":"https:\/\/v2charge.com\/pt-pt\/#organization"},"potentialAction":[{"@type":"SearchAction","target":{"@type":"EntryPoint","urlTemplate":"https:\/\/v2charge.com\/pt-pt\/?s={search_term_string}"},"query-input":{"@type":"PropertyValueSpecification","valueRequired":true,"valueName":"search_term_string"}}],"inLanguage":"pt-PT"},{"@type":"Organization","@id":"https:\/\/v2charge.com\/pt-pt\/#organization","name":"V2C","url":"https:\/\/v2charge.com\/pt-pt\/","logo":{"@type":"ImageObject","inLanguage":"pt-PT","@id":"https:\/\/v2charge.com\/pt-pt\/#\/schema\/logo\/image\/","url":"https:\/\/v2charge.com\/wp-content\/uploads\/2024\/11\/cropped-v2c-charge-logo-menu.png","contentUrl":"https:\/\/v2charge.com\/wp-content\/uploads\/2024\/11\/cropped-v2c-charge-logo-menu.png","width":984,"height":431,"caption":"V2C"},"image":{"@id":"https:\/\/v2charge.com\/pt-pt\/#\/schema\/logo\/image\/"},"sameAs":["https:\/\/www.facebook.com\/V2C.Charge","https:\/\/x.com\/V2C_Charge","https:\/\/www.instagram.com\/v2c.charge\/","https:\/\/www.youtube.com\/@V2C","https:\/\/www.linkedin.com\/company\/v2c-chargers\/"]}]}},"uagb_featured_image_src":{"full":["https:\/\/v2charge.com\/wp-content\/uploads\/2024\/07\/v2c-electric-chargers.jpg",1200,675,false],"thumbnail":["https:\/\/v2charge.com\/wp-content\/uploads\/2024\/07\/v2c-electric-chargers-150x150.jpg",150,150,true],"medium":["https:\/\/v2charge.com\/wp-content\/uploads\/2024\/07\/v2c-electric-chargers-300x169.jpg",300,169,true],"medium_large":["https:\/\/v2charge.com\/wp-content\/uploads\/2024\/07\/v2c-electric-chargers-768x432.jpg",768,432,true],"large":["https:\/\/v2charge.com\/wp-content\/uploads\/2024\/07\/v2c-electric-chargers-1024x576.jpg",1024,576,true],"gs-tiny":["https:\/\/v2charge.com\/wp-content\/uploads\/2024\/07\/v2c-electric-chargers.jpg",50,28,false],"xl":["https:\/\/v2charge.com\/wp-content\/uploads\/2024\/07\/v2c-electric-chargers.jpg",1200,675,false],"xxl":["https:\/\/v2charge.com\/wp-content\/uploads\/2024\/07\/v2c-electric-chargers.jpg",1200,675,false],"xxxl":["https:\/\/v2charge.com\/wp-content\/uploads\/2024\/07\/v2c-electric-chargers.jpg",1200,675,false],"xxxxl":["https:\/\/v2charge.com\/wp-content\/uploads\/2024\/07\/v2c-electric-chargers.jpg",1200,675,false],"xxxxxl":["https:\/\/v2charge.com\/wp-content\/uploads\/2024\/07\/v2c-electric-chargers.jpg",1200,675,false],"1536x1536":["https:\/\/v2charge.com\/wp-content\/uploads\/2024\/07\/v2c-electric-chargers.jpg",1200,675,false],"2048x2048":["https:\/\/v2charge.com\/wp-content\/uploads\/2024\/07\/v2c-electric-chargers.jpg",1200,675,false]},"uagb_author_info":{"display_name":"V2C","author_link":"https:\/\/v2charge.com\/pt-pt\/author\/root_k4eu7ki8\/"},"uagb_comment_info":0,"uagb_excerpt":"Trydan Pole Pro Screen EV Portable V2C Cloud \u00c1rea de Suporte | Screen Precisa de ajuda? Necessita de apoio t\u00e9cnico? Resolva a sua incid\u00eancia de imediato atrav\u00e9s do nosso Chat com IA. Se o problema n\u00e3o ficar resolvido, pedimos que crie um pedido no Centro de Suporte T\u00e9cnico e entraremos em contacto consigo o mais&hellip;","_links":{"self":[{"href":"https:\/\/v2charge.com\/pt-pt\/wp-json\/wp\/v2\/pages\/75612","targetHints":{"allow":["GET"]}}],"collection":[{"href":"https:\/\/v2charge.com\/pt-pt\/wp-json\/wp\/v2\/pages"}],"about":[{"href":"https:\/\/v2charge.com\/pt-pt\/wp-json\/wp\/v2\/types\/page"}],"author":[{"embeddable":true,"href":"https:\/\/v2charge.com\/pt-pt\/wp-json\/wp\/v2\/users\/1"}],"replies":[{"embeddable":true,"href":"https:\/\/v2charge.com\/pt-pt\/wp-json\/wp\/v2\/comments?post=75612"}],"version-history":[{"count":1,"href":"https:\/\/v2charge.com\/pt-pt\/wp-json\/wp\/v2\/pages\/75612\/revisions"}],"predecessor-version":[{"id":295326,"href":"https:\/\/v2charge.com\/pt-pt\/wp-json\/wp\/v2\/pages\/75612\/revisions\/295326"}],"up":[{"embeddable":true,"href":"https:\/\/v2charge.com\/pt-pt\/wp-json\/wp\/v2\/pages\/77781"}],"wp:featuredmedia":[{"embeddable":true,"href":"https:\/\/v2charge.com\/pt-pt\/wp-json\/wp\/v2\/media\/170353"}],"wp:attachment":[{"href":"https:\/\/v2charge.com\/pt-pt\/wp-json\/wp\/v2\/media?parent=75612"}],"curies":[{"name":"wp","href":"https:\/\/api.w.org\/{rel}","templated":true}]}}