{"id":85597,"date":"2022-10-11T10:37:31","date_gmt":"2022-10-11T10:37:31","guid":{"rendered":"https:\/\/v2charge.com\/como-compartir-un-cargador-desde-la-app-v2c-cloud\/"},"modified":"2023-05-04T14:09:48","modified_gmt":"2023-05-04T14:09:48","slug":"como-partilhar-um-carregador-da-aplicacao-v2c-cloud","status":"publish","type":"page","link":"https:\/\/v2charge.com\/pt-pt\/como-partilhar-um-carregador-da-aplicacao-v2c-cloud\/","title":{"rendered":"Como partilhar um carregador da aplica\u00e7\u00e3o V2C Cloud App?"},"content":{"rendered":"<h1>Como partilhar um carregador da aplica\u00e7\u00e3o V2C Cloud App?<\/h1>\n\n\n<p>Para partilhar um carregador com um membro da fam\u00edlia ou terceiro, deve faz\u00ea-lo a partir do App, n\u00e3o da plataforma V2C Cloud.<\/p>\n\n\n\n<p>Inicie sess\u00e3o na App.<\/p>\n\n\n\n<figure><img decoding=\"async\" src=\"https:\/\/v2charge.com\/wp-content\/uploads\/2022\/10\/Compartir-cargador-PT-1-731x1024.jpg\" alt=\"\" width=\"366\" height=\"512\"\/><\/figure>\n\n\n\n\n\n\n<p class=\"is-layout-flow wp-block-column-is-layout-flow is-layout-flex wp-container-core-columns-is-layout-9d6595d7 wp-block-columns-is-layout-flex wp-block-group-is-layout-flow\">Seleccione o carregador que deseja partilhar.<\/p>\n\n\n\n\n\n\n<figure><img decoding=\"async\" src=\"https:\/\/v2charge.com\/wp-content\/uploads\/2022\/10\/Compartir-cargador-PT-2-731x1024.jpg\" alt=\"\" width=\"366\" height=\"512\"\/><\/figure>\n\n\n\n<p>Clique na seta \u00e0 direita do bot\u00e3o &#8216;VOC\u00ca COMPARTILHA ESTE CARREGADOR COM MAIS PESSOAS?&#8217;.<\/p>\n\n\n\n<figure><img decoding=\"async\" src=\"https:\/\/v2charge.com\/wp-content\/uploads\/2022\/10\/Compartir-cargador-PT-3-731x1024.jpg\" alt=\"\" width=\"366\" height=\"512\"\/><\/figure>\n\n\n\n<p>Seleccione o campo &#8216;Charger&#8217; para escolher o e-Charger que deseja partilhar.<\/p>\n\n\n\n\n\n\n\n<figure class=\"is-layout-flow wp-block-column-is-layout-flow is-layout-flex wp-container-core-columns-is-layout-9d6595d7 wp-block-columns-is-layout-flex\"><img decoding=\"async\" src=\"https:\/\/v2charge.com\/wp-content\/uploads\/2022\/10\/Compartir-cargador-PT-4-731x1024.jpg\" alt=\"\" width=\"366\" height=\"512\"\/><\/figure>\n\n\n\n\n\n\n\n<p>Em seguida, seleccionar &#8216;Aceitar&#8217; e depois clicar no bot\u00e3o &#8216;CONVIDAR&#8217;.<\/p>\n\n\n\n<figure><img decoding=\"async\" src=\"https:\/\/v2charge.com\/wp-content\/uploads\/2022\/10\/Compartir-cargador-PT-5-731x1024.jpg\" alt=\"\" width=\"366\" height=\"512\"\/><\/figure>\n\n\n\n<p>Seleccione o meio pelo qual pretende enviar o convite (WhatsApp, e-mail\u2026).<\/p>\n\n\n\n<p>O convidado receber\u00e1 uma mensagem com um link para clicar em. Ser\u00e3o ent\u00e3o redireccionados para uma janela para entrar na V2C Cloud, ou, alternativamente, para se inscreverem na aplica\u00e7\u00e3o atrav\u00e9s do registo.<\/p>\n\n\n\n<p>Quando terminar o processo, dever\u00e1 abrir o App, onde o e-Charger partilhado ir\u00e1 aparecer.<\/p>\n","protected":false},"excerpt":{"rendered":"<p>Como partilhar um carregador da aplica\u00e7\u00e3o V2C Cloud App? Para partilhar um carregador com um membro da fam\u00edlia ou terceiro, deve faz\u00ea-lo a partir do App, n\u00e3o da plataforma V2C Cloud. Inicie sess\u00e3o na App. Seleccione o carregador que deseja partilhar. Clique na seta \u00e0 direita do bot\u00e3o &#8216;VOC\u00ca COMPARTILHA ESTE CARREGADOR COM MAIS PESSOAS?&#8217;. &#8230; <a title=\"Como partilhar um carregador da aplica\u00e7\u00e3o V2C Cloud App?\" class=\"read-more\" href=\"https:\/\/v2charge.com\/pt-pt\/como-partilhar-um-carregador-da-aplicacao-v2c-cloud\/\" aria-label=\"Leia mais sobre Como partilhar um carregador da aplica\u00e7\u00e3o V2C Cloud App?\">Ler mais<\/a><\/p>\n","protected":false},"author":1,"featured_media":170353,"parent":0,"menu_order":0,"comment_status":"closed","ping_status":"closed","template":"","meta":{"_eb_attr":"","content-type":"","_uag_custom_page_level_css":"","footnotes":""},"class_list":["post-85597","page","type-page","status-publish","has-post-thumbnail"],"yoast_head":"<!-- This site is optimized with the Yoast SEO plugin v25.3.1 - https:\/\/yoast.com\/wordpress\/plugins\/seo\/ -->\n<title>Como partilhar um carregador da aplica\u00e7\u00e3o V2C Cloud | V2C<\/title>\n<meta name=\"description\" content=\"Se quiser partilhar o seu carregador com um membro da fam\u00edlia, amigo ou outra pessoa, pode faz\u00ea-lo atrav\u00e9s da aplica\u00e7\u00e3o V2C Cloud App.\" \/>\n<meta name=\"robots\" content=\"index, follow, max-snippet:-1, max-image-preview:large, max-video-preview:-1\" \/>\n<link rel=\"canonical\" href=\"https:\/\/v2charge.com\/pt-pt\/como-partilhar-um-carregador-da-aplicacao-v2c-cloud\/\" \/>\n<meta property=\"og:locale\" content=\"pt_PT\" \/>\n<meta property=\"og:type\" content=\"article\" \/>\n<meta property=\"og:title\" content=\"Como partilhar um carregador da aplica\u00e7\u00e3o V2C Cloud | V2C\" \/>\n<meta property=\"og:description\" content=\"Se quiser partilhar o seu carregador com um membro da fam\u00edlia, amigo ou outra pessoa, pode faz\u00ea-lo atrav\u00e9s da aplica\u00e7\u00e3o V2C Cloud App.\" \/>\n<meta property=\"og:url\" content=\"https:\/\/v2charge.com\/pt-pt\/como-partilhar-um-carregador-da-aplicacao-v2c-cloud\/\" \/>\n<meta property=\"og:site_name\" content=\"V2C\" \/>\n<meta property=\"article:publisher\" content=\"https:\/\/www.facebook.com\/V2C.Charge\" \/>\n<meta property=\"article:modified_time\" content=\"2023-05-04T14:09:48+00:00\" \/>\n<meta property=\"og:image\" content=\"https:\/\/v2charge.com\/wp-content\/uploads\/2022\/10\/Compartir-cargador-PT-1-731x1024.jpg\" \/>\n<meta name=\"twitter:card\" content=\"summary_large_image\" \/>\n<meta name=\"twitter:site\" content=\"@V2C_Charge\" \/>\n<meta name=\"twitter:label1\" content=\"Tempo estimado de leitura\" \/>\n\t<meta name=\"twitter:data1\" content=\"2 minutos\" \/>\n<script type=\"application\/ld+json\" class=\"yoast-schema-graph\">{\"@context\":\"https:\/\/schema.org\",\"@graph\":[{\"@type\":\"WebPage\",\"@id\":\"https:\/\/v2charge.com\/pt-pt\/como-partilhar-um-carregador-da-aplicacao-v2c-cloud\/\",\"url\":\"https:\/\/v2charge.com\/pt-pt\/como-partilhar-um-carregador-da-aplicacao-v2c-cloud\/\",\"name\":\"Como partilhar um carregador da aplica\u00e7\u00e3o V2C Cloud | V2C\",\"isPartOf\":{\"@id\":\"https:\/\/v2charge.com\/pt-pt\/#website\"},\"primaryImageOfPage\":{\"@id\":\"https:\/\/v2charge.com\/pt-pt\/como-partilhar-um-carregador-da-aplicacao-v2c-cloud\/#primaryimage\"},\"image\":{\"@id\":\"https:\/\/v2charge.com\/pt-pt\/como-partilhar-um-carregador-da-aplicacao-v2c-cloud\/#primaryimage\"},\"thumbnailUrl\":\"https:\/\/v2charge.com\/wp-content\/uploads\/2024\/07\/v2c-electric-chargers.jpg\",\"datePublished\":\"2022-10-11T10:37:31+00:00\",\"dateModified\":\"2023-05-04T14:09:48+00:00\",\"description\":\"Se quiser partilhar o seu carregador com um membro da fam\u00edlia, amigo ou outra pessoa, pode faz\u00ea-lo atrav\u00e9s da aplica\u00e7\u00e3o V2C Cloud App.\",\"breadcrumb\":{\"@id\":\"https:\/\/v2charge.com\/pt-pt\/como-partilhar-um-carregador-da-aplicacao-v2c-cloud\/#breadcrumb\"},\"inLanguage\":\"pt-PT\",\"potentialAction\":[{\"@type\":\"ReadAction\",\"target\":[\"https:\/\/v2charge.com\/pt-pt\/como-partilhar-um-carregador-da-aplicacao-v2c-cloud\/\"]}]},{\"@type\":\"ImageObject\",\"inLanguage\":\"pt-PT\",\"@id\":\"https:\/\/v2charge.com\/pt-pt\/como-partilhar-um-carregador-da-aplicacao-v2c-cloud\/#primaryimage\",\"url\":\"https:\/\/v2charge.com\/wp-content\/uploads\/2024\/07\/v2c-electric-chargers.jpg\",\"contentUrl\":\"https:\/\/v2charge.com\/wp-content\/uploads\/2024\/07\/v2c-electric-chargers.jpg\",\"width\":1200,\"height\":675,\"caption\":\"V2C Electric Chargers\"},{\"@type\":\"BreadcrumbList\",\"@id\":\"https:\/\/v2charge.com\/pt-pt\/como-partilhar-um-carregador-da-aplicacao-v2c-cloud\/#breadcrumb\",\"itemListElement\":[{\"@type\":\"ListItem\",\"position\":1,\"name\":\"V2C\",\"item\":\"https:\/\/v2charge.com\/pt-pt\/\"},{\"@type\":\"ListItem\",\"position\":2,\"name\":\"Como partilhar um carregador da aplica\u00e7\u00e3o V2C Cloud App?\"}]},{\"@type\":\"WebSite\",\"@id\":\"https:\/\/v2charge.com\/pt-pt\/#website\",\"url\":\"https:\/\/v2charge.com\/pt-pt\/\",\"name\":\"V2C\",\"description\":\"#CargandoElMa\u00f1ana\",\"publisher\":{\"@id\":\"https:\/\/v2charge.com\/pt-pt\/#organization\"},\"potentialAction\":[{\"@type\":\"SearchAction\",\"target\":{\"@type\":\"EntryPoint\",\"urlTemplate\":\"https:\/\/v2charge.com\/pt-pt\/?s={search_term_string}\"},\"query-input\":{\"@type\":\"PropertyValueSpecification\",\"valueRequired\":true,\"valueName\":\"search_term_string\"}}],\"inLanguage\":\"pt-PT\"},{\"@type\":\"Organization\",\"@id\":\"https:\/\/v2charge.com\/pt-pt\/#organization\",\"name\":\"V2C\",\"url\":\"https:\/\/v2charge.com\/pt-pt\/\",\"logo\":{\"@type\":\"ImageObject\",\"inLanguage\":\"pt-PT\",\"@id\":\"https:\/\/v2charge.com\/pt-pt\/#\/schema\/logo\/image\/\",\"url\":\"https:\/\/v2charge.com\/wp-content\/uploads\/2024\/11\/cropped-v2c-charge-logo-menu.png\",\"contentUrl\":\"https:\/\/v2charge.com\/wp-content\/uploads\/2024\/11\/cropped-v2c-charge-logo-menu.png\",\"width\":984,\"height\":431,\"caption\":\"V2C\"},\"image\":{\"@id\":\"https:\/\/v2charge.com\/pt-pt\/#\/schema\/logo\/image\/\"},\"sameAs\":[\"https:\/\/www.facebook.com\/V2C.Charge\",\"https:\/\/x.com\/V2C_Charge\",\"https:\/\/www.instagram.com\/v2c.charge\/\",\"https:\/\/www.youtube.com\/@V2C\",\"https:\/\/www.linkedin.com\/company\/v2c-chargers\/\"]}]}<\/script>\n<!-- \/ Yoast SEO plugin. -->","yoast_head_json":{"title":"Como partilhar um carregador da aplica\u00e7\u00e3o V2C Cloud | V2C","description":"Se quiser partilhar o seu carregador com um membro da fam\u00edlia, amigo ou outra pessoa, pode faz\u00ea-lo atrav\u00e9s da aplica\u00e7\u00e3o V2C Cloud App.","robots":{"index":"index","follow":"follow","max-snippet":"max-snippet:-1","max-image-preview":"max-image-preview:large","max-video-preview":"max-video-preview:-1"},"canonical":"https:\/\/v2charge.com\/pt-pt\/como-partilhar-um-carregador-da-aplicacao-v2c-cloud\/","og_locale":"pt_PT","og_type":"article","og_title":"Como partilhar um carregador da aplica\u00e7\u00e3o V2C Cloud | V2C","og_description":"Se quiser partilhar o seu carregador com um membro da fam\u00edlia, amigo ou outra pessoa, pode faz\u00ea-lo atrav\u00e9s da aplica\u00e7\u00e3o V2C Cloud App.","og_url":"https:\/\/v2charge.com\/pt-pt\/como-partilhar-um-carregador-da-aplicacao-v2c-cloud\/","og_site_name":"V2C","article_publisher":"https:\/\/www.facebook.com\/V2C.Charge","article_modified_time":"2023-05-04T14:09:48+00:00","og_image":[{"url":"https:\/\/v2charge.com\/wp-content\/uploads\/2022\/10\/Compartir-cargador-PT-1-731x1024.jpg","type":"","width":"","height":""}],"twitter_card":"summary_large_image","twitter_site":"@V2C_Charge","twitter_misc":{"Tempo estimado de leitura":"2 minutos"},"schema":{"@context":"https:\/\/schema.org","@graph":[{"@type":"WebPage","@id":"https:\/\/v2charge.com\/pt-pt\/como-partilhar-um-carregador-da-aplicacao-v2c-cloud\/","url":"https:\/\/v2charge.com\/pt-pt\/como-partilhar-um-carregador-da-aplicacao-v2c-cloud\/","name":"Como partilhar um carregador da aplica\u00e7\u00e3o V2C Cloud | V2C","isPartOf":{"@id":"https:\/\/v2charge.com\/pt-pt\/#website"},"primaryImageOfPage":{"@id":"https:\/\/v2charge.com\/pt-pt\/como-partilhar-um-carregador-da-aplicacao-v2c-cloud\/#primaryimage"},"image":{"@id":"https:\/\/v2charge.com\/pt-pt\/como-partilhar-um-carregador-da-aplicacao-v2c-cloud\/#primaryimage"},"thumbnailUrl":"https:\/\/v2charge.com\/wp-content\/uploads\/2024\/07\/v2c-electric-chargers.jpg","datePublished":"2022-10-11T10:37:31+00:00","dateModified":"2023-05-04T14:09:48+00:00","description":"Se quiser partilhar o seu carregador com um membro da fam\u00edlia, amigo ou outra pessoa, pode faz\u00ea-lo atrav\u00e9s da aplica\u00e7\u00e3o V2C Cloud App.","breadcrumb":{"@id":"https:\/\/v2charge.com\/pt-pt\/como-partilhar-um-carregador-da-aplicacao-v2c-cloud\/#breadcrumb"},"inLanguage":"pt-PT","potentialAction":[{"@type":"ReadAction","target":["https:\/\/v2charge.com\/pt-pt\/como-partilhar-um-carregador-da-aplicacao-v2c-cloud\/"]}]},{"@type":"ImageObject","inLanguage":"pt-PT","@id":"https:\/\/v2charge.com\/pt-pt\/como-partilhar-um-carregador-da-aplicacao-v2c-cloud\/#primaryimage","url":"https:\/\/v2charge.com\/wp-content\/uploads\/2024\/07\/v2c-electric-chargers.jpg","contentUrl":"https:\/\/v2charge.com\/wp-content\/uploads\/2024\/07\/v2c-electric-chargers.jpg","width":1200,"height":675,"caption":"V2C Electric Chargers"},{"@type":"BreadcrumbList","@id":"https:\/\/v2charge.com\/pt-pt\/como-partilhar-um-carregador-da-aplicacao-v2c-cloud\/#breadcrumb","itemListElement":[{"@type":"ListItem","position":1,"name":"V2C","item":"https:\/\/v2charge.com\/pt-pt\/"},{"@type":"ListItem","position":2,"name":"Como partilhar um carregador da aplica\u00e7\u00e3o V2C Cloud App?"}]},{"@type":"WebSite","@id":"https:\/\/v2charge.com\/pt-pt\/#website","url":"https:\/\/v2charge.com\/pt-pt\/","name":"V2C","description":"#CargandoElMa\u00f1ana","publisher":{"@id":"https:\/\/v2charge.com\/pt-pt\/#organization"},"potentialAction":[{"@type":"SearchAction","target":{"@type":"EntryPoint","urlTemplate":"https:\/\/v2charge.com\/pt-pt\/?s={search_term_string}"},"query-input":{"@type":"PropertyValueSpecification","valueRequired":true,"valueName":"search_term_string"}}],"inLanguage":"pt-PT"},{"@type":"Organization","@id":"https:\/\/v2charge.com\/pt-pt\/#organization","name":"V2C","url":"https:\/\/v2charge.com\/pt-pt\/","logo":{"@type":"ImageObject","inLanguage":"pt-PT","@id":"https:\/\/v2charge.com\/pt-pt\/#\/schema\/logo\/image\/","url":"https:\/\/v2charge.com\/wp-content\/uploads\/2024\/11\/cropped-v2c-charge-logo-menu.png","contentUrl":"https:\/\/v2charge.com\/wp-content\/uploads\/2024\/11\/cropped-v2c-charge-logo-menu.png","width":984,"height":431,"caption":"V2C"},"image":{"@id":"https:\/\/v2charge.com\/pt-pt\/#\/schema\/logo\/image\/"},"sameAs":["https:\/\/www.facebook.com\/V2C.Charge","https:\/\/x.com\/V2C_Charge","https:\/\/www.instagram.com\/v2c.charge\/","https:\/\/www.youtube.com\/@V2C","https:\/\/www.linkedin.com\/company\/v2c-chargers\/"]}]}},"uagb_featured_image_src":{"full":["https:\/\/v2charge.com\/wp-content\/uploads\/2024\/07\/v2c-electric-chargers.jpg",1200,675,false],"thumbnail":["https:\/\/v2charge.com\/wp-content\/uploads\/2024\/07\/v2c-electric-chargers-150x150.jpg",150,150,true],"medium":["https:\/\/v2charge.com\/wp-content\/uploads\/2024\/07\/v2c-electric-chargers-300x169.jpg",300,169,true],"medium_large":["https:\/\/v2charge.com\/wp-content\/uploads\/2024\/07\/v2c-electric-chargers-768x432.jpg",768,432,true],"large":["https:\/\/v2charge.com\/wp-content\/uploads\/2024\/07\/v2c-electric-chargers-1024x576.jpg",1024,576,true],"gs-tiny":["https:\/\/v2charge.com\/wp-content\/uploads\/2024\/07\/v2c-electric-chargers.jpg",50,28,false],"xl":["https:\/\/v2charge.com\/wp-content\/uploads\/2024\/07\/v2c-electric-chargers.jpg",1200,675,false],"xxl":["https:\/\/v2charge.com\/wp-content\/uploads\/2024\/07\/v2c-electric-chargers.jpg",1200,675,false],"xxxl":["https:\/\/v2charge.com\/wp-content\/uploads\/2024\/07\/v2c-electric-chargers.jpg",1200,675,false],"xxxxl":["https:\/\/v2charge.com\/wp-content\/uploads\/2024\/07\/v2c-electric-chargers.jpg",1200,675,false],"xxxxxl":["https:\/\/v2charge.com\/wp-content\/uploads\/2024\/07\/v2c-electric-chargers.jpg",1200,675,false],"1536x1536":["https:\/\/v2charge.com\/wp-content\/uploads\/2024\/07\/v2c-electric-chargers.jpg",1200,675,false],"2048x2048":["https:\/\/v2charge.com\/wp-content\/uploads\/2024\/07\/v2c-electric-chargers.jpg",1200,675,false]},"uagb_author_info":{"display_name":"V2C","author_link":"https:\/\/v2charge.com\/pt-pt\/author\/root_k4eu7ki8\/"},"uagb_comment_info":0,"uagb_excerpt":"Como partilhar um carregador da aplica\u00e7\u00e3o V2C Cloud App? Para partilhar um carregador com um membro da fam\u00edlia ou terceiro, deve faz\u00ea-lo a partir do App, n\u00e3o da plataforma V2C Cloud. Inicie sess\u00e3o na App. Seleccione o carregador que deseja partilhar. Clique na seta \u00e0 direita do bot\u00e3o &#8216;VOC\u00ca COMPARTILHA ESTE CARREGADOR COM MAIS PESSOAS?&#8217;.&hellip;","_links":{"self":[{"href":"https:\/\/v2charge.com\/pt-pt\/wp-json\/wp\/v2\/pages\/85597","targetHints":{"allow":["GET"]}}],"collection":[{"href":"https:\/\/v2charge.com\/pt-pt\/wp-json\/wp\/v2\/pages"}],"about":[{"href":"https:\/\/v2charge.com\/pt-pt\/wp-json\/wp\/v2\/types\/page"}],"author":[{"embeddable":true,"href":"https:\/\/v2charge.com\/pt-pt\/wp-json\/wp\/v2\/users\/1"}],"replies":[{"embeddable":true,"href":"https:\/\/v2charge.com\/pt-pt\/wp-json\/wp\/v2\/comments?post=85597"}],"version-history":[{"count":0,"href":"https:\/\/v2charge.com\/pt-pt\/wp-json\/wp\/v2\/pages\/85597\/revisions"}],"wp:featuredmedia":[{"embeddable":true,"href":"https:\/\/v2charge.com\/pt-pt\/wp-json\/wp\/v2\/media\/170353"}],"wp:attachment":[{"href":"https:\/\/v2charge.com\/pt-pt\/wp-json\/wp\/v2\/media?parent=85597"}],"curies":[{"name":"wp","href":"https:\/\/api.w.org\/{rel}","templated":true}]}}