{"id":92231,"date":"2023-01-24T17:06:03","date_gmt":"2023-01-24T17:06:03","guid":{"rendered":"https:\/\/v2charge.com\/conexion-de-kostal-piko-con-trydan\/"},"modified":"2025-07-18T16:02:21","modified_gmt":"2025-07-18T14:02:21","slug":"inversor-kostal-piko","status":"publish","type":"page","link":"https:\/\/v2charge.com\/pt-pt\/suporte\/controlo-potencia\/dinamico\/fotovoltaica\/inversor-kostal-piko\/","title":{"rendered":"Liga\u00e7\u00e3o Kostal PIKO a Trydan"},"content":{"rendered":"\n<div class=\"wp-block-uagb-container uagb-block-f5a1ed0e alignfull uagb-is-root-container\"><div class=\"uagb-container-inner-blocks-wrap\"><div class=\"yoast-breadcrumbs\"><span><span><a href=\"https:\/\/v2charge.com\/pt-pt\/\">V2C<\/a><\/span> \u00bb <span><a href=\"https:\/\/v2charge.com\/pt-pt\/suporte\/\">\u00c1rea de Suporte<\/a><\/span> \u00bb <span><a href=\"https:\/\/v2charge.com\/pt-pt\/suporte\/controlo-potencia\/\">Controlo de pot\u00eancia<\/a><\/span> \u00bb <span><a href=\"https:\/\/v2charge.com\/pt-pt\/suporte\/controlo-potencia\/dinamico\/\">Din\u00e2mico<\/a><\/span> \u00bb <span><a href=\"https:\/\/v2charge.com\/pt-pt\/suporte\/controlo-potencia\/dinamico\/fotovoltaica\/\">Fotovoltaica<\/a><\/span> \u00bb <span class=\"breadcrumb_last\" aria-current=\"page\">Liga\u00e7\u00e3o Kostal PIKO a Trydan<\/span><\/span><\/div>\n\n\n<h1 class=\"wp-block-heading\">Liga\u00e7\u00e3o Kostal PIKO a Trydan<\/h1>\n\n\n\n<div class=\"wp-block-uagb-container uagb-block-9be67121 alignfull uagb-is-root-container\"><div class=\"uagb-container-inner-blocks-wrap\">\n<div class=\"wp-block-uagb-container uagb-block-b71a8b6f\">\n<p>A conex\u00e3o do Kostal PIKO com o Trydan \u00e9 feita atrav\u00e9s de pedidos HTTP e, para tal, o nosso inversor tem de ser compat\u00edvel. Em princ\u00edpio, todos os inversores Kostal PIKO s\u00e3o compat\u00edveis. Caso n\u00e3o o sejam, recomendamos atualizar a vers\u00e3o de Firmware para a \u00faltima vers\u00e3o dispon\u00edvel.<\/p>\n<\/div>\n\n\n\n<div class=\"wp-block-uagb-container uagb-block-7f58fcab\">\n<div class=\"wp-block-uagb-image uagb-block-8632899f wp-block-uagb-image--layout-default wp-block-uagb-image--effect-static wp-block-uagb-image--align-none\"><figure class=\"wp-block-uagb-image__figure\"><img decoding=\"async\" srcset=\"https:\/\/v2charge.com\/wp-content\/uploads\/2023\/12\/kostal-logo.png ,https:\/\/v2charge.com\/wp-content\/uploads\/2023\/12\/kostal-logo.png 780w, https:\/\/v2charge.com\/wp-content\/uploads\/2023\/12\/kostal-logo.png 360w\" sizes=\"auto, (max-width: 480px) 150px\" src=\"https:\/\/v2charge.com\/wp-content\/uploads\/2023\/12\/kostal-logo.png\" alt=\"\" class=\"uag-image-128994\" width=\"250\" height=\"65\" title=\"\" loading=\"lazy\" role=\"img\"\/><\/figure><\/div>\n<\/div>\n<\/div><\/div>\n\n\n\n<div class=\"wp-block-uagb-container uagb-block-333fb119 alignfull uagb-is-root-container\"><div class=\"uagb-container-inner-blocks-wrap\">\n<div class=\"wp-block-uagb-container uagb-block-2ff110d0 default uagb-is-root-container\">\n<div class=\"wp-block-uagb-container uagb-block-cd442c87\">\n<div class=\"wp-block-uagb-image aligncenter uagb-block-4bb46c59 wp-block-uagb-image--layout-default wp-block-uagb-image--effect-static wp-block-uagb-image--align-center\"><figure class=\"wp-block-uagb-image__figure\"><img decoding=\"async\" srcset=\"https:\/\/v2charge.com\/wp-content\/uploads\/2023\/11\/icon-important.png ,https:\/\/v2charge.com\/wp-content\/uploads\/2023\/11\/icon-important.png 780w, https:\/\/v2charge.com\/wp-content\/uploads\/2023\/11\/icon-important.png 360w\" sizes=\"auto, (max-width: 480px) 150px\" src=\"https:\/\/v2charge.com\/wp-content\/uploads\/2023\/11\/icon-important.png\" alt=\"\" class=\"uag-image-125013\" width=\"50\" height=\"50\" title=\"\" loading=\"lazy\" role=\"img\"\/><\/figure><\/div>\n<\/div>\n\n\n\n<div class=\"wp-block-uagb-container uagb-block-38de7166\">\n<div class=\"wp-block-uagb-advanced-heading uagb-block-37ab01f0\"><p class=\"uagb-heading-text\">O uso de&nbsp;<strong>repetidores Wi-Fi<\/strong>&nbsp;ou&nbsp;<strong>redes mesh<\/strong>&nbsp;pode afetar o correto funcionamento do sistema. Recomendamos utilizar uma rede&nbsp;<strong>Wi-Fi est\u00e1vel<\/strong>&nbsp;e&nbsp;<strong>direta<\/strong>&nbsp;para garantir uma liga\u00e7\u00e3o ideal entre o carregador e o inversor.<\/p><\/div>\n<\/div>\n<\/div>\n\n\n\n<div style=\"height:5px\" aria-hidden=\"true\" class=\"wp-block-spacer\"><\/div>\n<\/div><\/div>\n\n\n\n<div class=\"wp-block-uagb-separator uagb-block-f70b14a7\"><div class=\"wp-block-uagb-separator__inner\" style=\"--my-background-image:\"><\/div><\/div>\n\n\n\n<h2 class=\"wp-block-heading\">Somos compat\u00edveis com o inversor Kostal PIKO?<\/h2>\n\n\n\n<p>Para verificar se somos compat\u00edveis, colocaremos num computador ligado \u00e0 mesma rede local o seguinte endere\u00e7o no navegador: <a href=\"http:\/\/192.168.x.x\/measurements.xml\">http:\/\/192.168.5.1:80\/measurements.xml<\/a>, substituindo o IP pelo do inversor.<\/p>\n\n\n\n<hr class=\"wp-block-separator has-alpha-channel-opacity\"\/>\n\n\n\n<h2 class=\"wp-block-heading\">Como saber o IP do Kostal PIKO?<\/h2>\n\n\n\n<p>O IP do Kostal PIKO pode ser descoberto de v\u00e1rias formas. A forma principal seria ligar-nos ao nosso router e consultar a lista de dispositivos conectados. Nessa lista dever\u00e1 aparecer o IP do Kostal, bem como o de Trydan. Tamb\u00e9m \u00e9 poss\u00edvel descobrir o IP atrav\u00e9s de outros programas, como o software para PC \u00abAngry IP\u00bb, a App para Android \u00abNetwork IP Scanner\u00bb ou a App para Apple \u00abIP Scanner\u00bb.<\/p>\n\n\n\n<div class=\"wp-block-uagb-buttons uagb-buttons__outer-wrap uagb-btn__default-btn uagb-btn-tablet__default-btn uagb-btn-mobile__default-btn uagb-block-cff7e0d9\"><div class=\"uagb-buttons__wrap uagb-buttons-layout-wrap \">\n<div class=\"wp-block-uagb-buttons-child uagb-buttons__outer-wrap uagb-block-b3b0e0d0 wp-block-button\"><div class=\"uagb-button__wrapper\"><a class=\"uagb-buttons-repeater wp-block-button__link\" aria-label=\"\" href=\"https:\/\/v2charge.com\/pt-pt\/como-vou-encontrar-o-ip-dos-dispositivos-conectados-a-minha-rede-local\/\" rel=\"follow noopener\" target=\"_self\" role=\"button\"><div class=\"uagb-button__link\">Como buscar o IP dos dispositivos conectados \u00e0 minha rede local?<\/div><\/a><\/div><\/div>\n<\/div><\/div>\n\n\n\n<p>A resposta ao pedido acima dever\u00e1 ser semelhante \u00e0 imagem seguinte:<\/p>\n\n\n\n<div class=\"wp-block-uagb-image aligncenter uagb-block-b1d2aad0 wp-block-uagb-image--layout-default wp-block-uagb-image--effect-static wp-block-uagb-image--align-center\"><figure class=\"wp-block-uagb-image__figure\"><img decoding=\"async\" srcset=\"https:\/\/v2charge.com\/wp-content\/uploads\/2023\/12\/ip-kostal-piko.jpeg ,https:\/\/v2charge.com\/wp-content\/uploads\/2023\/12\/ip-kostal-piko.jpeg 780w, https:\/\/v2charge.com\/wp-content\/uploads\/2023\/12\/ip-kostal-piko.jpeg 360w\" sizes=\"auto, (max-width: 480px) 150px\" src=\"https:\/\/v2charge.com\/wp-content\/uploads\/2023\/12\/ip-kostal-piko.jpeg\" alt=\"\" class=\"uag-image-129003\" width=\"959\" height=\"241\" title=\"\" loading=\"lazy\" role=\"img\"\/><\/figure><\/div>\n\n\n\n<hr class=\"wp-block-separator has-alpha-channel-opacity\"\/>\n\n\n\n<h2 class=\"wp-block-heading\">Como se conecta o Kostal ao ponto de recarga Trydan?<\/h2>\n\n\n\n<div class=\"wp-block-uagb-container uagb-block-39b84a3d alignfull uagb-is-root-container\"><div class=\"uagb-container-inner-blocks-wrap\">\n<div class=\"wp-block-uagb-container uagb-block-26fb7b33 alignfull uagb-is-root-container\"><div class=\"uagb-container-inner-blocks-wrap\">\n<div class=\"wp-block-uagb-container uagb-block-85cc70cf\">\n<div class=\"wp-block-uagb-info-box uagb-block-87944ae9 uagb-infobox__content-wrap  uagb-infobox-icon-left uagb-infobox-left uagb-infobox-stacked-tablet uagb-infobox-image-valign-top\"><div class=\"uagb-ifb-image-content\"><img decoding=\"async\" src=\"https:\/\/v2charge.com\/wp-content\/uploads\/2023\/11\/numero-uno.png\" alt=\"\" width=\"48\" height=\"48\" loading=\"lazy\"\/><\/div><div class=\"uagb-ifb-content\"><div class=\"uagb-ifb-title-wrap\"><\/div><p class=\"uagb-ifb-desc\">Aceda \u00e0 App <a href=\"https:\/\/v2charge.com\/pt-pt\/v2c-cloud\/\">V2C Cloud<\/a><\/p><\/div><\/div>\n\n\n\n<div class=\"wp-block-uagb-info-box uagb-block-311fed58 uagb-infobox__content-wrap  uagb-infobox-icon-left uagb-infobox-left uagb-infobox-stacked-tablet uagb-infobox-image-valign-top\"><div class=\"uagb-ifb-image-content\"><img decoding=\"async\" src=\"https:\/\/v2charge.com\/wp-content\/uploads\/2023\/11\/numero-dos.png\" alt=\"\" width=\"48\" height=\"48\" loading=\"lazy\"\/><\/div><div class=\"uagb-ifb-content\"><div class=\"uagb-ifb-title-wrap\"><\/div><p class=\"uagb-ifb-desc\">Selecione o ponto de recarga<\/p><\/div><\/div>\n\n\n\n<div class=\"wp-block-uagb-info-box uagb-block-6d10e026 uagb-infobox__content-wrap  uagb-infobox-icon-left uagb-infobox-left uagb-infobox-stacked-tablet uagb-infobox-image-valign-top\"><div class=\"uagb-ifb-image-content\"><img decoding=\"async\" src=\"https:\/\/v2charge.com\/wp-content\/uploads\/2023\/11\/numero-tres.png\" alt=\"\" width=\"48\" height=\"48\" loading=\"lazy\"\/><\/div><div class=\"uagb-ifb-content\"><div class=\"uagb-ifb-title-wrap\"><\/div><p class=\"uagb-ifb-desc\">Aceda \u00e0 \u00e1rea de configura\u00e7\u00e3o<\/p><\/div><\/div>\n\n\n\n<div class=\"wp-block-uagb-info-box uagb-block-f604bca7 uagb-infobox__content-wrap  uagb-infobox-icon-left uagb-infobox-left uagb-infobox-stacked-tablet uagb-infobox-image-valign-top\"><div class=\"uagb-ifb-image-content\"><img decoding=\"async\" src=\"https:\/\/v2charge.com\/wp-content\/uploads\/2023\/11\/numero-cuatro.png\" alt=\"\" width=\"48\" height=\"48\" loading=\"lazy\"\/><\/div><div class=\"uagb-ifb-content\"><div class=\"uagb-ifb-title-wrap\"><\/div><p class=\"uagb-ifb-desc\">Entre em <a href=\"https:\/\/v2charge.com\/pt-pt\/suporte\/controlo-potencia\/dinamico\/\">Controle Din\u00e2mico de Pot\u00eancia<\/a> e selecione Kostal no medidor<\/p><\/div><\/div>\n\n\n\n<div class=\"wp-block-uagb-info-box uagb-block-7ad446bd uagb-infobox__content-wrap  uagb-infobox-icon-left uagb-infobox-left uagb-infobox-stacked-tablet uagb-infobox-image-valign-top\"><div class=\"uagb-ifb-image-content\"><img decoding=\"async\" src=\"https:\/\/v2charge.com\/wp-content\/uploads\/2023\/12\/numero-5.png\" alt=\"\" width=\"48\" height=\"48\" loading=\"lazy\"\/><\/div><div class=\"uagb-ifb-content\"><div class=\"uagb-ifb-title-wrap\"><\/div><p class=\"uagb-ifb-desc\">Selecione o tipo de instala\u00e7\u00e3o<\/p><\/div><\/div>\n<\/div>\n\n\n\n<div class=\"wp-block-uagb-container uagb-block-45a48f3d\">\n<div class=\"wp-block-uagb-image aligncenter uagb-block-a6f5a186 wp-block-uagb-image--layout-default wp-block-uagb-image--effect-static wp-block-uagb-image--align-center\"><figure class=\"wp-block-uagb-image__figure\"><img decoding=\"async\" srcset=\"https:\/\/v2charge.com\/wp-content\/uploads\/2023\/01\/kostal-PT-731x1024.jpg ,https:\/\/v2charge.com\/wp-content\/uploads\/2023\/01\/kostal-PT.jpg 780w, https:\/\/v2charge.com\/wp-content\/uploads\/2023\/01\/kostal-PT.jpg 360w\" sizes=\"auto, (max-width: 480px) 150px\" src=\"https:\/\/v2charge.com\/wp-content\/uploads\/2023\/01\/kostal-PT-731x1024.jpg\" alt=\"\" class=\"uag-image-92233\" width=\"371\" height=\"520\" title=\"kostal-PT\" loading=\"lazy\" role=\"img\"\/><\/figure><\/div>\n<\/div>\n<\/div><\/div>\n<\/div><\/div>\n<\/div><\/div>\n\n\n\n<div class=\"wp-block-uagb-container uagb-block-cb63f42e alignfull uagb-is-root-container\"><div class=\"uagb-container-inner-blocks-wrap\">\n<div class=\"wp-block-uagb-advanced-heading uagb-block-4bab76eb\"><h2 class=\"uagb-heading-text\"><strong>Precisa de apoio t\u00e9cnico?<\/strong><\/h2><\/div>\n\n\n\n<div class=\"wp-block-uagb-advanced-heading uagb-block-7558ff8a\"><p class=\"uagb-heading-text\">Submeta um pedido no Centro de Assist\u00eancia T\u00e9cnica e entraremos em contacto consigo o mais rapidamente poss\u00edvel para lhe oferecer a melhor solu\u00e7\u00e3o.<\/p><\/div>\n\n\n\n<div class=\"wp-block-uagb-buttons uagb-buttons__outer-wrap uagb-btn__default-btn uagb-btn-tablet__default-btn uagb-btn-mobile__default-btn uagb-block-e05afbf2\"><div class=\"uagb-buttons__wrap uagb-buttons-layout-wrap \">\n<div class=\"wp-block-uagb-buttons-child uagb-buttons__outer-wrap uagb-block-052acfc7 wp-block-button\"><div class=\"uagb-button__wrapper\"><a class=\"uagb-buttons-repeater wp-block-button__link\" aria-label=\"\" href=\"https:\/\/v2charge.atlassian.net\/servicedesk\/customer\/portal\/3\" rel=\"follow noopener\" target=\"_self\" role=\"button\"><div class=\"uagb-button__link\">Contactar o suporte t\u00e9cnico<\/div><\/a><\/div><\/div>\n<\/div><\/div>\n<\/div><\/div>\n","protected":false},"excerpt":{"rendered":"<p>Liga\u00e7\u00e3o Kostal PIKO a Trydan A conex\u00e3o do Kostal PIKO com o Trydan \u00e9 feita atrav\u00e9s de pedidos HTTP e, para tal, o nosso inversor tem de ser compat\u00edvel. Em princ\u00edpio, todos os inversores Kostal PIKO s\u00e3o compat\u00edveis. Caso n\u00e3o o sejam, recomendamos atualizar a vers\u00e3o de Firmware para a \u00faltima vers\u00e3o dispon\u00edvel. O uso &#8230; <a title=\"Liga\u00e7\u00e3o Kostal PIKO a Trydan\" class=\"read-more\" href=\"https:\/\/v2charge.com\/pt-pt\/suporte\/controlo-potencia\/dinamico\/fotovoltaica\/inversor-kostal-piko\/\" aria-label=\"Leia mais sobre Liga\u00e7\u00e3o Kostal PIKO a Trydan\">Ler mais<\/a><\/p>\n","protected":false},"author":1,"featured_media":170353,"parent":128258,"menu_order":0,"comment_status":"closed","ping_status":"closed","template":"","meta":{"_eb_attr":"","content-type":"","_uag_custom_page_level_css":"","footnotes":""},"class_list":["post-92231","page","type-page","status-publish","has-post-thumbnail"],"yoast_head":"<!-- This site is optimized with the Yoast SEO plugin v25.3.1 - https:\/\/yoast.com\/wordpress\/plugins\/seo\/ -->\n<title>Conex\u00e3o do Kostal PIKO com Trydan - V2C<\/title>\n<meta name=\"description\" content=\"A conex\u00e3o do Kostal PIKO com Trydan \u00e9 feita atrav\u00e9s de pedidos HTTP e, para isso, o nosso inversor tem de ser compat\u00edvel.\" \/>\n<meta name=\"robots\" content=\"index, follow, max-snippet:-1, max-image-preview:large, max-video-preview:-1\" \/>\n<link rel=\"canonical\" href=\"https:\/\/v2charge.com\/pt-pt\/ligacao-kostal-piko-a-trydan\/\" \/>\n<meta property=\"og:locale\" content=\"pt_PT\" \/>\n<meta property=\"og:type\" content=\"article\" \/>\n<meta property=\"og:title\" content=\"Conex\u00e3o do Kostal PIKO com Trydan - V2C\" \/>\n<meta property=\"og:description\" content=\"A conex\u00e3o do Kostal PIKO com Trydan \u00e9 feita atrav\u00e9s de pedidos HTTP e, para isso, o nosso inversor tem de ser compat\u00edvel.\" \/>\n<meta property=\"og:url\" content=\"https:\/\/v2charge.com\/pt-pt\/ligacao-kostal-piko-a-trydan\/\" \/>\n<meta property=\"og:site_name\" content=\"V2C\" \/>\n<meta property=\"article:publisher\" content=\"https:\/\/www.facebook.com\/V2C.Charge\" \/>\n<meta property=\"article:modified_time\" content=\"2025-07-18T14:02:21+00:00\" \/>\n<meta property=\"og:image\" content=\"https:\/\/v2charge.com\/wp-content\/uploads\/2024\/07\/v2c-electric-chargers.jpg\" \/>\n\t<meta property=\"og:image:width\" content=\"1200\" \/>\n\t<meta property=\"og:image:height\" content=\"675\" \/>\n\t<meta property=\"og:image:type\" content=\"image\/jpeg\" \/>\n<meta name=\"twitter:card\" content=\"summary_large_image\" \/>\n<meta name=\"twitter:site\" content=\"@V2C_Charge\" \/>\n<meta name=\"twitter:label1\" content=\"Tempo estimado de leitura\" \/>\n\t<meta name=\"twitter:data1\" content=\"4 minutos\" \/>\n<script type=\"application\/ld+json\" class=\"yoast-schema-graph\">{\"@context\":\"https:\/\/schema.org\",\"@graph\":[{\"@type\":\"WebPage\",\"@id\":\"https:\/\/v2charge.com\/pt-pt\/suporte\/controlo-potencia\/dinamico\/fotovoltaica\/inversor-kostal-piko\/\",\"url\":\"https:\/\/v2charge.com\/pt-pt\/ligacao-kostal-piko-a-trydan\/\",\"name\":\"Conex\u00e3o do Kostal PIKO com Trydan - V2C\",\"isPartOf\":{\"@id\":\"https:\/\/v2charge.com\/pt-pt\/#website\"},\"primaryImageOfPage\":{\"@id\":\"https:\/\/v2charge.com\/pt-pt\/ligacao-kostal-piko-a-trydan\/#primaryimage\"},\"image\":{\"@id\":\"https:\/\/v2charge.com\/pt-pt\/ligacao-kostal-piko-a-trydan\/#primaryimage\"},\"thumbnailUrl\":\"https:\/\/v2charge.com\/wp-content\/uploads\/2024\/07\/v2c-electric-chargers.jpg\",\"datePublished\":\"2023-01-24T17:06:03+00:00\",\"dateModified\":\"2025-07-18T14:02:21+00:00\",\"description\":\"A conex\u00e3o do Kostal PIKO com Trydan \u00e9 feita atrav\u00e9s de pedidos HTTP e, para isso, o nosso inversor tem de ser compat\u00edvel.\",\"breadcrumb\":{\"@id\":\"https:\/\/v2charge.com\/pt-pt\/ligacao-kostal-piko-a-trydan\/#breadcrumb\"},\"inLanguage\":\"pt-PT\",\"potentialAction\":[{\"@type\":\"ReadAction\",\"target\":[\"https:\/\/v2charge.com\/pt-pt\/ligacao-kostal-piko-a-trydan\/\"]}]},{\"@type\":\"ImageObject\",\"inLanguage\":\"pt-PT\",\"@id\":\"https:\/\/v2charge.com\/pt-pt\/ligacao-kostal-piko-a-trydan\/#primaryimage\",\"url\":\"https:\/\/v2charge.com\/wp-content\/uploads\/2024\/07\/v2c-electric-chargers.jpg\",\"contentUrl\":\"https:\/\/v2charge.com\/wp-content\/uploads\/2024\/07\/v2c-electric-chargers.jpg\",\"width\":1200,\"height\":675,\"caption\":\"V2C Electric Chargers\"},{\"@type\":\"BreadcrumbList\",\"@id\":\"https:\/\/v2charge.com\/pt-pt\/ligacao-kostal-piko-a-trydan\/#breadcrumb\",\"itemListElement\":[{\"@type\":\"ListItem\",\"position\":1,\"name\":\"V2C\",\"item\":\"https:\/\/v2charge.com\/pt-pt\/\"},{\"@type\":\"ListItem\",\"position\":2,\"name\":\"\u00c1rea de Suporte\",\"item\":\"https:\/\/v2charge.com\/pt-pt\/suporte\/\"},{\"@type\":\"ListItem\",\"position\":3,\"name\":\"Controlo de pot\u00eancia\",\"item\":\"https:\/\/v2charge.com\/pt-pt\/suporte\/controlo-potencia\/\"},{\"@type\":\"ListItem\",\"position\":4,\"name\":\"Din\u00e2mico\",\"item\":\"https:\/\/v2charge.com\/pt-pt\/suporte\/controlo-potencia\/dinamico\/\"},{\"@type\":\"ListItem\",\"position\":5,\"name\":\"Fotovoltaica\",\"item\":\"https:\/\/v2charge.com\/pt-pt\/suporte\/controlo-potencia\/dinamico\/fotovoltaica\/\"},{\"@type\":\"ListItem\",\"position\":6,\"name\":\"Liga\u00e7\u00e3o Kostal PIKO a Trydan\"}]},{\"@type\":\"WebSite\",\"@id\":\"https:\/\/v2charge.com\/pt-pt\/#website\",\"url\":\"https:\/\/v2charge.com\/pt-pt\/\",\"name\":\"V2C\",\"description\":\"#CargandoElMa\u00f1ana\",\"publisher\":{\"@id\":\"https:\/\/v2charge.com\/pt-pt\/#organization\"},\"potentialAction\":[{\"@type\":\"SearchAction\",\"target\":{\"@type\":\"EntryPoint\",\"urlTemplate\":\"https:\/\/v2charge.com\/pt-pt\/?s={search_term_string}\"},\"query-input\":{\"@type\":\"PropertyValueSpecification\",\"valueRequired\":true,\"valueName\":\"search_term_string\"}}],\"inLanguage\":\"pt-PT\"},{\"@type\":\"Organization\",\"@id\":\"https:\/\/v2charge.com\/pt-pt\/#organization\",\"name\":\"V2C\",\"url\":\"https:\/\/v2charge.com\/pt-pt\/\",\"logo\":{\"@type\":\"ImageObject\",\"inLanguage\":\"pt-PT\",\"@id\":\"https:\/\/v2charge.com\/pt-pt\/#\/schema\/logo\/image\/\",\"url\":\"https:\/\/v2charge.com\/wp-content\/uploads\/2024\/11\/cropped-v2c-charge-logo-menu.png\",\"contentUrl\":\"https:\/\/v2charge.com\/wp-content\/uploads\/2024\/11\/cropped-v2c-charge-logo-menu.png\",\"width\":984,\"height\":431,\"caption\":\"V2C\"},\"image\":{\"@id\":\"https:\/\/v2charge.com\/pt-pt\/#\/schema\/logo\/image\/\"},\"sameAs\":[\"https:\/\/www.facebook.com\/V2C.Charge\",\"https:\/\/x.com\/V2C_Charge\",\"https:\/\/www.instagram.com\/v2c.charge\/\",\"https:\/\/www.youtube.com\/@V2C\",\"https:\/\/www.linkedin.com\/company\/v2c-chargers\/\"]}]}<\/script>\n<!-- \/ Yoast SEO plugin. -->","yoast_head_json":{"title":"Conex\u00e3o do Kostal PIKO com Trydan - V2C","description":"A conex\u00e3o do Kostal PIKO com Trydan \u00e9 feita atrav\u00e9s de pedidos HTTP e, para isso, o nosso inversor tem de ser compat\u00edvel.","robots":{"index":"index","follow":"follow","max-snippet":"max-snippet:-1","max-image-preview":"max-image-preview:large","max-video-preview":"max-video-preview:-1"},"canonical":"https:\/\/v2charge.com\/pt-pt\/ligacao-kostal-piko-a-trydan\/","og_locale":"pt_PT","og_type":"article","og_title":"Conex\u00e3o do Kostal PIKO com Trydan - V2C","og_description":"A conex\u00e3o do Kostal PIKO com Trydan \u00e9 feita atrav\u00e9s de pedidos HTTP e, para isso, o nosso inversor tem de ser compat\u00edvel.","og_url":"https:\/\/v2charge.com\/pt-pt\/ligacao-kostal-piko-a-trydan\/","og_site_name":"V2C","article_publisher":"https:\/\/www.facebook.com\/V2C.Charge","article_modified_time":"2025-07-18T14:02:21+00:00","og_image":[{"width":1200,"height":675,"url":"https:\/\/v2charge.com\/wp-content\/uploads\/2024\/07\/v2c-electric-chargers.jpg","type":"image\/jpeg"}],"twitter_card":"summary_large_image","twitter_site":"@V2C_Charge","twitter_misc":{"Tempo estimado de leitura":"4 minutos"},"schema":{"@context":"https:\/\/schema.org","@graph":[{"@type":"WebPage","@id":"https:\/\/v2charge.com\/pt-pt\/suporte\/controlo-potencia\/dinamico\/fotovoltaica\/inversor-kostal-piko\/","url":"https:\/\/v2charge.com\/pt-pt\/ligacao-kostal-piko-a-trydan\/","name":"Conex\u00e3o do Kostal PIKO com Trydan - V2C","isPartOf":{"@id":"https:\/\/v2charge.com\/pt-pt\/#website"},"primaryImageOfPage":{"@id":"https:\/\/v2charge.com\/pt-pt\/ligacao-kostal-piko-a-trydan\/#primaryimage"},"image":{"@id":"https:\/\/v2charge.com\/pt-pt\/ligacao-kostal-piko-a-trydan\/#primaryimage"},"thumbnailUrl":"https:\/\/v2charge.com\/wp-content\/uploads\/2024\/07\/v2c-electric-chargers.jpg","datePublished":"2023-01-24T17:06:03+00:00","dateModified":"2025-07-18T14:02:21+00:00","description":"A conex\u00e3o do Kostal PIKO com Trydan \u00e9 feita atrav\u00e9s de pedidos HTTP e, para isso, o nosso inversor tem de ser compat\u00edvel.","breadcrumb":{"@id":"https:\/\/v2charge.com\/pt-pt\/ligacao-kostal-piko-a-trydan\/#breadcrumb"},"inLanguage":"pt-PT","potentialAction":[{"@type":"ReadAction","target":["https:\/\/v2charge.com\/pt-pt\/ligacao-kostal-piko-a-trydan\/"]}]},{"@type":"ImageObject","inLanguage":"pt-PT","@id":"https:\/\/v2charge.com\/pt-pt\/ligacao-kostal-piko-a-trydan\/#primaryimage","url":"https:\/\/v2charge.com\/wp-content\/uploads\/2024\/07\/v2c-electric-chargers.jpg","contentUrl":"https:\/\/v2charge.com\/wp-content\/uploads\/2024\/07\/v2c-electric-chargers.jpg","width":1200,"height":675,"caption":"V2C Electric Chargers"},{"@type":"BreadcrumbList","@id":"https:\/\/v2charge.com\/pt-pt\/ligacao-kostal-piko-a-trydan\/#breadcrumb","itemListElement":[{"@type":"ListItem","position":1,"name":"V2C","item":"https:\/\/v2charge.com\/pt-pt\/"},{"@type":"ListItem","position":2,"name":"\u00c1rea de Suporte","item":"https:\/\/v2charge.com\/pt-pt\/suporte\/"},{"@type":"ListItem","position":3,"name":"Controlo de pot\u00eancia","item":"https:\/\/v2charge.com\/pt-pt\/suporte\/controlo-potencia\/"},{"@type":"ListItem","position":4,"name":"Din\u00e2mico","item":"https:\/\/v2charge.com\/pt-pt\/suporte\/controlo-potencia\/dinamico\/"},{"@type":"ListItem","position":5,"name":"Fotovoltaica","item":"https:\/\/v2charge.com\/pt-pt\/suporte\/controlo-potencia\/dinamico\/fotovoltaica\/"},{"@type":"ListItem","position":6,"name":"Liga\u00e7\u00e3o Kostal PIKO a Trydan"}]},{"@type":"WebSite","@id":"https:\/\/v2charge.com\/pt-pt\/#website","url":"https:\/\/v2charge.com\/pt-pt\/","name":"V2C","description":"#CargandoElMa\u00f1ana","publisher":{"@id":"https:\/\/v2charge.com\/pt-pt\/#organization"},"potentialAction":[{"@type":"SearchAction","target":{"@type":"EntryPoint","urlTemplate":"https:\/\/v2charge.com\/pt-pt\/?s={search_term_string}"},"query-input":{"@type":"PropertyValueSpecification","valueRequired":true,"valueName":"search_term_string"}}],"inLanguage":"pt-PT"},{"@type":"Organization","@id":"https:\/\/v2charge.com\/pt-pt\/#organization","name":"V2C","url":"https:\/\/v2charge.com\/pt-pt\/","logo":{"@type":"ImageObject","inLanguage":"pt-PT","@id":"https:\/\/v2charge.com\/pt-pt\/#\/schema\/logo\/image\/","url":"https:\/\/v2charge.com\/wp-content\/uploads\/2024\/11\/cropped-v2c-charge-logo-menu.png","contentUrl":"https:\/\/v2charge.com\/wp-content\/uploads\/2024\/11\/cropped-v2c-charge-logo-menu.png","width":984,"height":431,"caption":"V2C"},"image":{"@id":"https:\/\/v2charge.com\/pt-pt\/#\/schema\/logo\/image\/"},"sameAs":["https:\/\/www.facebook.com\/V2C.Charge","https:\/\/x.com\/V2C_Charge","https:\/\/www.instagram.com\/v2c.charge\/","https:\/\/www.youtube.com\/@V2C","https:\/\/www.linkedin.com\/company\/v2c-chargers\/"]}]}},"uagb_featured_image_src":{"full":["https:\/\/v2charge.com\/wp-content\/uploads\/2024\/07\/v2c-electric-chargers.jpg",1200,675,false],"thumbnail":["https:\/\/v2charge.com\/wp-content\/uploads\/2024\/07\/v2c-electric-chargers-150x150.jpg",150,150,true],"medium":["https:\/\/v2charge.com\/wp-content\/uploads\/2024\/07\/v2c-electric-chargers-300x169.jpg",300,169,true],"medium_large":["https:\/\/v2charge.com\/wp-content\/uploads\/2024\/07\/v2c-electric-chargers-768x432.jpg",768,432,true],"large":["https:\/\/v2charge.com\/wp-content\/uploads\/2024\/07\/v2c-electric-chargers-1024x576.jpg",1024,576,true],"gs-tiny":["https:\/\/v2charge.com\/wp-content\/uploads\/2024\/07\/v2c-electric-chargers.jpg",50,28,false],"xl":["https:\/\/v2charge.com\/wp-content\/uploads\/2024\/07\/v2c-electric-chargers.jpg",1200,675,false],"xxl":["https:\/\/v2charge.com\/wp-content\/uploads\/2024\/07\/v2c-electric-chargers.jpg",1200,675,false],"xxxl":["https:\/\/v2charge.com\/wp-content\/uploads\/2024\/07\/v2c-electric-chargers.jpg",1200,675,false],"xxxxl":["https:\/\/v2charge.com\/wp-content\/uploads\/2024\/07\/v2c-electric-chargers.jpg",1200,675,false],"xxxxxl":["https:\/\/v2charge.com\/wp-content\/uploads\/2024\/07\/v2c-electric-chargers.jpg",1200,675,false],"1536x1536":["https:\/\/v2charge.com\/wp-content\/uploads\/2024\/07\/v2c-electric-chargers.jpg",1200,675,false],"2048x2048":["https:\/\/v2charge.com\/wp-content\/uploads\/2024\/07\/v2c-electric-chargers.jpg",1200,675,false]},"uagb_author_info":{"display_name":"V2C","author_link":"https:\/\/v2charge.com\/pt-pt\/author\/root_k4eu7ki8\/"},"uagb_comment_info":0,"uagb_excerpt":"Liga\u00e7\u00e3o Kostal PIKO a Trydan A conex\u00e3o do Kostal PIKO com o Trydan \u00e9 feita atrav\u00e9s de pedidos HTTP e, para tal, o nosso inversor tem de ser compat\u00edvel. Em princ\u00edpio, todos os inversores Kostal PIKO s\u00e3o compat\u00edveis. Caso n\u00e3o o sejam, recomendamos atualizar a vers\u00e3o de Firmware para a \u00faltima vers\u00e3o dispon\u00edvel. O uso&hellip;","_links":{"self":[{"href":"https:\/\/v2charge.com\/pt-pt\/wp-json\/wp\/v2\/pages\/92231","targetHints":{"allow":["GET"]}}],"collection":[{"href":"https:\/\/v2charge.com\/pt-pt\/wp-json\/wp\/v2\/pages"}],"about":[{"href":"https:\/\/v2charge.com\/pt-pt\/wp-json\/wp\/v2\/types\/page"}],"author":[{"embeddable":true,"href":"https:\/\/v2charge.com\/pt-pt\/wp-json\/wp\/v2\/users\/1"}],"replies":[{"embeddable":true,"href":"https:\/\/v2charge.com\/pt-pt\/wp-json\/wp\/v2\/comments?post=92231"}],"version-history":[{"count":3,"href":"https:\/\/v2charge.com\/pt-pt\/wp-json\/wp\/v2\/pages\/92231\/revisions"}],"predecessor-version":[{"id":238777,"href":"https:\/\/v2charge.com\/pt-pt\/wp-json\/wp\/v2\/pages\/92231\/revisions\/238777"}],"up":[{"embeddable":true,"href":"https:\/\/v2charge.com\/pt-pt\/wp-json\/wp\/v2\/pages\/128258"}],"wp:featuredmedia":[{"embeddable":true,"href":"https:\/\/v2charge.com\/pt-pt\/wp-json\/wp\/v2\/media\/170353"}],"wp:attachment":[{"href":"https:\/\/v2charge.com\/pt-pt\/wp-json\/wp\/v2\/media?parent=92231"}],"curies":[{"name":"wp","href":"https:\/\/api.w.org\/{rel}","templated":true}]}}