{"id":92884,"date":"2023-02-01T11:41:24","date_gmt":"2023-02-01T11:41:24","guid":{"rendered":"https:\/\/v2charge.com\/como-buscar-la-ip-de-los-dispositivos-conectados-a-mi-red-local\/"},"modified":"2023-07-19T09:40:36","modified_gmt":"2023-07-19T09:40:36","slug":"como-vou-encontrar-o-ip-dos-dispositivos-conectados-a-minha-rede-local","status":"publish","type":"page","link":"https:\/\/v2charge.com\/pt-pt\/como-vou-encontrar-o-ip-dos-dispositivos-conectados-a-minha-rede-local\/","title":{"rendered":"Como vou encontrar o IP dos dispositivos conectados \u00e0 minha rede local?"},"content":{"rendered":"\n<ol class=\"wp-block-list\">\n<li><strong>Atrav\u00e9s do seu roteador<\/strong><\/li>\n<\/ol>\n\n\n\n<p>A maioria dos roteadores no mercado fornece listas de dispositivos conectados por WiFi e por cabo. Acesse o gateway, com o endere\u00e7o IP, nome de usu\u00e1rio e senha que sua empresa lhe forneceu. <\/p>\n\n\n\n<p>    2. <strong>Com um PC<\/strong><\/p>\n\n\n\n<p>Atrav\u00e9s do programa Angry IP (<a href=\"https:\/\/github.com\/angryip\/ipscan\/releases\/download\/3.9.0\/ipscan-3.9.0-setup.exe\">baixe aqui<\/a>), escaneie todos os IPs, e voc\u00ea poder\u00e1 encontr\u00e1-lo normalmente pelo ID do dispositivo ou pelo fabricante.<\/p>\n\n\n\n<p>  3.<strong> Com o APP &#8220;Network Ip Scanner&#8221; no Google Play<\/strong><\/p>\n\n\n\n<p>Baixe o aplicativo Network IP Scanner e conecte-se ao WiFi da sua casa.<\/p>\n\n\n<div class=\"wp-block-image\">\n<figure class=\"aligncenter size-large is-resized\"><img decoding=\"async\" src=\"https:\/\/v2charge.com\/wp-content\/uploads\/2023\/02\/app-wifi-576x1024.webp\" alt=\"\" class=\"wp-image-92737\" width=\"280\" height=\"498\" srcset=\"https:\/\/v2charge.com\/wp-content\/uploads\/2023\/02\/app-wifi-576x1024.webp 576w, https:\/\/v2charge.com\/wp-content\/uploads\/2023\/02\/app-wifi-169x300.webp 169w, https:\/\/v2charge.com\/wp-content\/uploads\/2023\/02\/app-wifi-768x1365.webp 768w, https:\/\/v2charge.com\/wp-content\/uploads\/2023\/02\/app-wifi.webp 810w\" sizes=\"(max-width: 280px) 100vw, 280px\" \/><\/figure>\n<\/div>\n\n\n<p><strong> <\/strong>4.<strong> Com o APP &#8220;IP Scanner&#8221; no Iphone, MAC e iPad<\/strong><\/p>\n\n\n\n<p>Baixe o APP na <a href=\"https:\/\/apps.apple.com\/co\/app\/ip-scanner\/id6443819966?platform=iphone\" target=\"_blank\" rel=\"noreferrer noopener nofollow\">Apple Store. <\/a><\/p>\n\n\n<div class=\"wp-block-image\">\n<figure class=\"aligncenter size-full\"><img decoding=\"async\" width=\"300\" height=\"649\" src=\"https:\/\/v2charge.com\/wp-content\/uploads\/2023\/02\/300x0w.webp\" alt=\"\" class=\"wp-image-92745\" srcset=\"https:\/\/v2charge.com\/wp-content\/uploads\/2023\/02\/300x0w.webp 300w, https:\/\/v2charge.com\/wp-content\/uploads\/2023\/02\/300x0w-139x300.webp 139w\" sizes=\"(max-width: 300px) 100vw, 300px\" \/><\/figure>\n<\/div>","protected":false},"excerpt":{"rendered":"<p>A maioria dos roteadores no mercado fornece listas de dispositivos conectados por WiFi e por cabo. Acesse o gateway, com o endere\u00e7o IP, nome de usu\u00e1rio e senha que sua empresa lhe forneceu. 2. Com um PC Atrav\u00e9s do programa Angry IP (baixe aqui), escaneie todos os IPs, e voc\u00ea poder\u00e1 encontr\u00e1-lo normalmente pelo ID &#8230; <a title=\"Como vou encontrar o IP dos dispositivos conectados \u00e0 minha rede local?\" class=\"read-more\" href=\"https:\/\/v2charge.com\/pt-pt\/como-vou-encontrar-o-ip-dos-dispositivos-conectados-a-minha-rede-local\/\" aria-label=\"Leia mais sobre Como vou encontrar o IP dos dispositivos conectados \u00e0 minha rede local?\">Ler mais<\/a><\/p>\n","protected":false},"author":1,"featured_media":0,"parent":0,"menu_order":0,"comment_status":"closed","ping_status":"closed","template":"","meta":{"_eb_attr":"","content-type":"","_uag_custom_page_level_css":"","footnotes":""},"class_list":["post-92884","page","type-page","status-publish"],"yoast_head":"<!-- This site is optimized with the Yoast SEO plugin v25.3.1 - https:\/\/yoast.com\/wordpress\/plugins\/seo\/ -->\n<title>Dispositivos ligados \u00e0 sua rede - Localizar o IP | V2C<\/title>\n<meta name=\"description\" content=\"Explicamos como procurar o IP dos dispositivos ligados \u00e0 sua rede local de diferentes formas. \u00c1rea de Suporte V2C.\" \/>\n<meta name=\"robots\" content=\"index, follow, max-snippet:-1, max-image-preview:large, max-video-preview:-1\" \/>\n<link rel=\"canonical\" href=\"https:\/\/v2charge.com\/pt-pt\/como-vou-encontrar-o-ip-dos-dispositivos-conectados-a-minha-rede-local\/\" \/>\n<meta property=\"og:locale\" content=\"pt_PT\" \/>\n<meta property=\"og:type\" content=\"article\" \/>\n<meta property=\"og:title\" content=\"Dispositivos ligados \u00e0 sua rede - Localizar o IP | V2C\" \/>\n<meta property=\"og:description\" content=\"Explicamos como procurar o IP dos dispositivos ligados \u00e0 sua rede local de diferentes formas. \u00c1rea de Suporte V2C.\" \/>\n<meta property=\"og:url\" content=\"https:\/\/v2charge.com\/pt-pt\/como-vou-encontrar-o-ip-dos-dispositivos-conectados-a-minha-rede-local\/\" \/>\n<meta property=\"og:site_name\" content=\"V2C\" \/>\n<meta property=\"article:publisher\" content=\"https:\/\/www.facebook.com\/V2C.Charge\" \/>\n<meta property=\"article:modified_time\" content=\"2023-07-19T09:40:36+00:00\" \/>\n<meta property=\"og:image\" content=\"https:\/\/v2charge.com\/wp-content\/uploads\/2023\/02\/app-wifi-576x1024.webp\" \/>\n<meta name=\"twitter:card\" content=\"summary_large_image\" \/>\n<meta name=\"twitter:site\" content=\"@V2C_Charge\" \/>\n<meta name=\"twitter:label1\" content=\"Tempo estimado de leitura\" \/>\n\t<meta name=\"twitter:data1\" content=\"1 minuto\" \/>\n<script type=\"application\/ld+json\" class=\"yoast-schema-graph\">{\"@context\":\"https:\/\/schema.org\",\"@graph\":[{\"@type\":\"WebPage\",\"@id\":\"https:\/\/v2charge.com\/pt-pt\/como-vou-encontrar-o-ip-dos-dispositivos-conectados-a-minha-rede-local\/\",\"url\":\"https:\/\/v2charge.com\/pt-pt\/como-vou-encontrar-o-ip-dos-dispositivos-conectados-a-minha-rede-local\/\",\"name\":\"Dispositivos ligados \u00e0 sua rede - Localizar o IP | V2C\",\"isPartOf\":{\"@id\":\"https:\/\/v2charge.com\/pt-pt\/#website\"},\"primaryImageOfPage\":{\"@id\":\"https:\/\/v2charge.com\/pt-pt\/como-vou-encontrar-o-ip-dos-dispositivos-conectados-a-minha-rede-local\/#primaryimage\"},\"image\":{\"@id\":\"https:\/\/v2charge.com\/pt-pt\/como-vou-encontrar-o-ip-dos-dispositivos-conectados-a-minha-rede-local\/#primaryimage\"},\"thumbnailUrl\":\"https:\/\/v2charge.com\/wp-content\/uploads\/2023\/02\/app-wifi-576x1024.webp\",\"datePublished\":\"2023-02-01T11:41:24+00:00\",\"dateModified\":\"2023-07-19T09:40:36+00:00\",\"description\":\"Explicamos como procurar o IP dos dispositivos ligados \u00e0 sua rede local de diferentes formas. \u00c1rea de Suporte V2C.\",\"breadcrumb\":{\"@id\":\"https:\/\/v2charge.com\/pt-pt\/como-vou-encontrar-o-ip-dos-dispositivos-conectados-a-minha-rede-local\/#breadcrumb\"},\"inLanguage\":\"pt-PT\",\"potentialAction\":[{\"@type\":\"ReadAction\",\"target\":[\"https:\/\/v2charge.com\/pt-pt\/como-vou-encontrar-o-ip-dos-dispositivos-conectados-a-minha-rede-local\/\"]}]},{\"@type\":\"ImageObject\",\"inLanguage\":\"pt-PT\",\"@id\":\"https:\/\/v2charge.com\/pt-pt\/como-vou-encontrar-o-ip-dos-dispositivos-conectados-a-minha-rede-local\/#primaryimage\",\"url\":\"https:\/\/v2charge.com\/wp-content\/uploads\/2023\/02\/app-wifi-576x1024.webp\",\"contentUrl\":\"https:\/\/v2charge.com\/wp-content\/uploads\/2023\/02\/app-wifi-576x1024.webp\"},{\"@type\":\"BreadcrumbList\",\"@id\":\"https:\/\/v2charge.com\/pt-pt\/como-vou-encontrar-o-ip-dos-dispositivos-conectados-a-minha-rede-local\/#breadcrumb\",\"itemListElement\":[{\"@type\":\"ListItem\",\"position\":1,\"name\":\"V2C\",\"item\":\"https:\/\/v2charge.com\/pt-pt\/\"},{\"@type\":\"ListItem\",\"position\":2,\"name\":\"Como vou encontrar o IP dos dispositivos conectados \u00e0 minha rede local?\"}]},{\"@type\":\"WebSite\",\"@id\":\"https:\/\/v2charge.com\/pt-pt\/#website\",\"url\":\"https:\/\/v2charge.com\/pt-pt\/\",\"name\":\"V2C\",\"description\":\"#CargandoElMa\u00f1ana\",\"publisher\":{\"@id\":\"https:\/\/v2charge.com\/pt-pt\/#organization\"},\"potentialAction\":[{\"@type\":\"SearchAction\",\"target\":{\"@type\":\"EntryPoint\",\"urlTemplate\":\"https:\/\/v2charge.com\/pt-pt\/?s={search_term_string}\"},\"query-input\":{\"@type\":\"PropertyValueSpecification\",\"valueRequired\":true,\"valueName\":\"search_term_string\"}}],\"inLanguage\":\"pt-PT\"},{\"@type\":\"Organization\",\"@id\":\"https:\/\/v2charge.com\/pt-pt\/#organization\",\"name\":\"V2C\",\"url\":\"https:\/\/v2charge.com\/pt-pt\/\",\"logo\":{\"@type\":\"ImageObject\",\"inLanguage\":\"pt-PT\",\"@id\":\"https:\/\/v2charge.com\/pt-pt\/#\/schema\/logo\/image\/\",\"url\":\"https:\/\/v2charge.com\/wp-content\/uploads\/2024\/11\/cropped-v2c-charge-logo-menu.png\",\"contentUrl\":\"https:\/\/v2charge.com\/wp-content\/uploads\/2024\/11\/cropped-v2c-charge-logo-menu.png\",\"width\":984,\"height\":431,\"caption\":\"V2C\"},\"image\":{\"@id\":\"https:\/\/v2charge.com\/pt-pt\/#\/schema\/logo\/image\/\"},\"sameAs\":[\"https:\/\/www.facebook.com\/V2C.Charge\",\"https:\/\/x.com\/V2C_Charge\",\"https:\/\/www.instagram.com\/v2c.charge\/\",\"https:\/\/www.youtube.com\/@V2C\",\"https:\/\/www.linkedin.com\/company\/v2c-chargers\/\"]}]}<\/script>\n<!-- \/ Yoast SEO plugin. -->","yoast_head_json":{"title":"Dispositivos ligados \u00e0 sua rede - Localizar o IP | V2C","description":"Explicamos como procurar o IP dos dispositivos ligados \u00e0 sua rede local de diferentes formas. \u00c1rea de Suporte V2C.","robots":{"index":"index","follow":"follow","max-snippet":"max-snippet:-1","max-image-preview":"max-image-preview:large","max-video-preview":"max-video-preview:-1"},"canonical":"https:\/\/v2charge.com\/pt-pt\/como-vou-encontrar-o-ip-dos-dispositivos-conectados-a-minha-rede-local\/","og_locale":"pt_PT","og_type":"article","og_title":"Dispositivos ligados \u00e0 sua rede - Localizar o IP | V2C","og_description":"Explicamos como procurar o IP dos dispositivos ligados \u00e0 sua rede local de diferentes formas. \u00c1rea de Suporte V2C.","og_url":"https:\/\/v2charge.com\/pt-pt\/como-vou-encontrar-o-ip-dos-dispositivos-conectados-a-minha-rede-local\/","og_site_name":"V2C","article_publisher":"https:\/\/www.facebook.com\/V2C.Charge","article_modified_time":"2023-07-19T09:40:36+00:00","og_image":[{"url":"https:\/\/v2charge.com\/wp-content\/uploads\/2023\/02\/app-wifi-576x1024.webp","type":"","width":"","height":""}],"twitter_card":"summary_large_image","twitter_site":"@V2C_Charge","twitter_misc":{"Tempo estimado de leitura":"1 minuto"},"schema":{"@context":"https:\/\/schema.org","@graph":[{"@type":"WebPage","@id":"https:\/\/v2charge.com\/pt-pt\/como-vou-encontrar-o-ip-dos-dispositivos-conectados-a-minha-rede-local\/","url":"https:\/\/v2charge.com\/pt-pt\/como-vou-encontrar-o-ip-dos-dispositivos-conectados-a-minha-rede-local\/","name":"Dispositivos ligados \u00e0 sua rede - Localizar o IP | V2C","isPartOf":{"@id":"https:\/\/v2charge.com\/pt-pt\/#website"},"primaryImageOfPage":{"@id":"https:\/\/v2charge.com\/pt-pt\/como-vou-encontrar-o-ip-dos-dispositivos-conectados-a-minha-rede-local\/#primaryimage"},"image":{"@id":"https:\/\/v2charge.com\/pt-pt\/como-vou-encontrar-o-ip-dos-dispositivos-conectados-a-minha-rede-local\/#primaryimage"},"thumbnailUrl":"https:\/\/v2charge.com\/wp-content\/uploads\/2023\/02\/app-wifi-576x1024.webp","datePublished":"2023-02-01T11:41:24+00:00","dateModified":"2023-07-19T09:40:36+00:00","description":"Explicamos como procurar o IP dos dispositivos ligados \u00e0 sua rede local de diferentes formas. \u00c1rea de Suporte V2C.","breadcrumb":{"@id":"https:\/\/v2charge.com\/pt-pt\/como-vou-encontrar-o-ip-dos-dispositivos-conectados-a-minha-rede-local\/#breadcrumb"},"inLanguage":"pt-PT","potentialAction":[{"@type":"ReadAction","target":["https:\/\/v2charge.com\/pt-pt\/como-vou-encontrar-o-ip-dos-dispositivos-conectados-a-minha-rede-local\/"]}]},{"@type":"ImageObject","inLanguage":"pt-PT","@id":"https:\/\/v2charge.com\/pt-pt\/como-vou-encontrar-o-ip-dos-dispositivos-conectados-a-minha-rede-local\/#primaryimage","url":"https:\/\/v2charge.com\/wp-content\/uploads\/2023\/02\/app-wifi-576x1024.webp","contentUrl":"https:\/\/v2charge.com\/wp-content\/uploads\/2023\/02\/app-wifi-576x1024.webp"},{"@type":"BreadcrumbList","@id":"https:\/\/v2charge.com\/pt-pt\/como-vou-encontrar-o-ip-dos-dispositivos-conectados-a-minha-rede-local\/#breadcrumb","itemListElement":[{"@type":"ListItem","position":1,"name":"V2C","item":"https:\/\/v2charge.com\/pt-pt\/"},{"@type":"ListItem","position":2,"name":"Como vou encontrar o IP dos dispositivos conectados \u00e0 minha rede local?"}]},{"@type":"WebSite","@id":"https:\/\/v2charge.com\/pt-pt\/#website","url":"https:\/\/v2charge.com\/pt-pt\/","name":"V2C","description":"#CargandoElMa\u00f1ana","publisher":{"@id":"https:\/\/v2charge.com\/pt-pt\/#organization"},"potentialAction":[{"@type":"SearchAction","target":{"@type":"EntryPoint","urlTemplate":"https:\/\/v2charge.com\/pt-pt\/?s={search_term_string}"},"query-input":{"@type":"PropertyValueSpecification","valueRequired":true,"valueName":"search_term_string"}}],"inLanguage":"pt-PT"},{"@type":"Organization","@id":"https:\/\/v2charge.com\/pt-pt\/#organization","name":"V2C","url":"https:\/\/v2charge.com\/pt-pt\/","logo":{"@type":"ImageObject","inLanguage":"pt-PT","@id":"https:\/\/v2charge.com\/pt-pt\/#\/schema\/logo\/image\/","url":"https:\/\/v2charge.com\/wp-content\/uploads\/2024\/11\/cropped-v2c-charge-logo-menu.png","contentUrl":"https:\/\/v2charge.com\/wp-content\/uploads\/2024\/11\/cropped-v2c-charge-logo-menu.png","width":984,"height":431,"caption":"V2C"},"image":{"@id":"https:\/\/v2charge.com\/pt-pt\/#\/schema\/logo\/image\/"},"sameAs":["https:\/\/www.facebook.com\/V2C.Charge","https:\/\/x.com\/V2C_Charge","https:\/\/www.instagram.com\/v2c.charge\/","https:\/\/www.youtube.com\/@V2C","https:\/\/www.linkedin.com\/company\/v2c-chargers\/"]}]}},"uagb_featured_image_src":{"full":false,"thumbnail":false,"medium":false,"medium_large":false,"large":false,"gs-tiny":false,"xl":false,"xxl":false,"xxxl":false,"xxxxl":false,"xxxxxl":false,"1536x1536":false,"2048x2048":false},"uagb_author_info":{"display_name":"V2C","author_link":"https:\/\/v2charge.com\/pt-pt\/author\/root_k4eu7ki8\/"},"uagb_comment_info":0,"uagb_excerpt":"A maioria dos roteadores no mercado fornece listas de dispositivos conectados por WiFi e por cabo. Acesse o gateway, com o endere\u00e7o IP, nome de usu\u00e1rio e senha que sua empresa lhe forneceu. 2. Com um PC Atrav\u00e9s do programa Angry IP (baixe aqui), escaneie todos os IPs, e voc\u00ea poder\u00e1 encontr\u00e1-lo normalmente pelo ID&hellip;","_links":{"self":[{"href":"https:\/\/v2charge.com\/pt-pt\/wp-json\/wp\/v2\/pages\/92884","targetHints":{"allow":["GET"]}}],"collection":[{"href":"https:\/\/v2charge.com\/pt-pt\/wp-json\/wp\/v2\/pages"}],"about":[{"href":"https:\/\/v2charge.com\/pt-pt\/wp-json\/wp\/v2\/types\/page"}],"author":[{"embeddable":true,"href":"https:\/\/v2charge.com\/pt-pt\/wp-json\/wp\/v2\/users\/1"}],"replies":[{"embeddable":true,"href":"https:\/\/v2charge.com\/pt-pt\/wp-json\/wp\/v2\/comments?post=92884"}],"version-history":[{"count":0,"href":"https:\/\/v2charge.com\/pt-pt\/wp-json\/wp\/v2\/pages\/92884\/revisions"}],"wp:attachment":[{"href":"https:\/\/v2charge.com\/pt-pt\/wp-json\/wp\/v2\/media?parent=92884"}],"curies":[{"name":"wp","href":"https:\/\/api.w.org\/{rel}","templated":true}]}}