{"id":312784,"date":"2018-05-31T15:46:08","date_gmt":"2018-05-31T15:46:08","guid":{"rendered":""},"modified":"2023-07-14T08:11:48","modified_gmt":"2023-07-14T08:11:48","slug":"pravno-obvestilo-in-politika-zasebnosti","status":"publish","type":"page","link":"https:\/\/v2charge.com\/sl\/pravno-obvestilo-in-politika-zasebnosti\/","title":{"rendered":"Pravno obvestilo in politika zasebnosti"},"content":{"rendered":"<p><strong>Politika zasebnosti, Uporaba pi\u0161kotkov in dodatne informacije<\/strong><\/p>\n<p>Politika zasebnosti V2Charge (V2C). Ta spletna stran je v lasti NEGOCIOS INTELIGENTES 7EXPERIENCE S.L. (v nadaljevanju \u201cV2C\u201d), s sede\u017eem na Avenida Cam\u00ed Nou 268 Xirivella (Valencia), s CIF \u0161tevilko B98496706. V skladu z Zakonom 15\/99 z dne 13. decembra o varstvu podatkov vas obve\u0161\u010damo, da so vsi va\u0161i podatki del datoteke v lasti NEGOCIOS INTELIGENTES 7 EXPERIENCE S.L. z namenom re\u0161evanja morebitnih poizvedb, upravljanja poslovnega razmerja in po\u0161iljanja novosti o izdelkih in storitvah podjetja po vseh sredstvih, vklju\u010dno z elektronskimi.<\/p>\n<p>Ne shranjujemo podatkov o kreditnih karticah in ne delimo osebnih podatkov uporabnikov s tretjimi osebami. Ne prodajamo, ne oddajamo ali prena\u0161amo osebnih podatkov, ki bi vas lahko identificirali, niti tega ne bomo storili v prihodnosti, tretjim osebam brez va\u0161ega soglasja. Vendar pa v nekaterih primerih lahko uporabimo dobavitelje, sodelavce ali agencije za obdelavo va\u0161ih osebnih podatkov v na\u0161em imenu, vedno v skladu z na\u0161imi navodili in z zahtevami po spo\u0161tovanju najstro\u017ejih varnostnih standardov.<\/p>\n<p>\u010ce v prihodnosti uvedemo nove poslovne dejavnosti, ki so odvisne od na\u0161ega podjetja (NEGOCIOS INTELIGENTES 7EXPERIENCE S.L.) ali drugih podjetij, v katerih imamo dele\u017e, in so povezane z izdelki in storitvami, ki jih nudi V2C, bomo uporabili va\u0161e osebne podatke, da vas obvestimo o njihovem zagonu in olaj\u0161amo uporabo ali najem le-teh. V tem primeru vas bomo vnaprej obvestili, da boste lahko, \u010de \u017eelite, preklicali svoje podatke v teh storitvah.<\/p>\n<p>Ko se registrirate ali nas kontaktirate preko na\u0161e spletne strani, bomo zbrali dve vrsti informacij: 1) Osebne informacije, kot so va\u0161e ime, naslov, telefonska \u0161tevilka in e-po\u0161tni naslov, ki nam jih prostovoljno posredujete. 2) IP naslov va\u0161ega ra\u010dunalnika in anonimne informacije, zbrane s pi\u0161kotki, ko brskate po na\u0161i spletni strani, da nam pomagajo razumeti, kako izbolj\u0161ati na\u0161o spletno stran in storitve. \u010ce \u017eelite izvedeti ve\u010d o tem, kako uporabljamo na\u0161e pi\u0161kotke, prosimo, obi\u0161\u010dite spletno stran \/es\/Legal\/Cookies&#8221;.<\/p>\n<p><strong>Va\u0161e pravice<\/strong><\/p>\n<p>Predpisi o varstvu podatkov zahtevajo, med drugim, da se va\u0161i osebni podatki obravnavajo po\u0161teno, ustrezno, natan\u010dno in na na\u010din, ki ni pretiran. Osebni podatki morajo biti a\u017eurni in shranjeni za \u010das, ki ni dalj\u0161i od potrebnega. Prav tako morajo biti shranjeni na varen na\u010din, da se prepre\u010di nepoobla\u0161\u010den dostop drugih oseb, in imate pravico vedeti, katere informacije imamo o vas, ter popraviti napa\u010dne podatke. Kadarkoli lahko uveljavite svoje pravice do dostopa, popravka, nasprotovanja ali preklica, tako da po\u0161ljete svojo zahtevo na info@v2charge.com ali po po\u0161ti na NEGOCIOS INTELIGENTES 7EXPERIENCE S.L., Avenida Cam\u00ed Nou 268 Xirivella 46950, prilo\u017eite kopijo svojega osebnega dokumenta (DNI) ali ekvivalentne dokumentacije.&#8221;<\/p>\n<p><strong>Pi\u0161kotki<\/strong><\/p>\n<p>Ob\u010dasno uporabljamo funkcionalnost va\u0161ega spletnega brskalnika, imenovano \u201cpi\u0161kotek\u201d na spletni strani V2C. \u201cPi\u0161kotek\u201d je zelo majhna besedilna datoteka, ki jo va\u0161 brskalnik postavi na trdi disk va\u0161ega ra\u010dunalnika, kar nam omogo\u010da, da kar najbolje izkoristimo va\u0161o obisk na\u0161e spletne strani in izbolj\u0161amo uporabni\u0161ko izku\u0161njo. \u201cPi\u0161kotek\u201d lahko obravnavamo kot identifikacijsko kartico, ki sporo\u010da spletni strani, ko ste se vrnili.<\/p>\n<p>V2C obravnava vse informacije z najve\u010djo skrbnostjo in varnostjo. V nobenem trenutku ne shranjujemo ali obravnavamo va\u0161ih ban\u010dnih podatkov ali podatkov o kreditnih karticah, temve\u010d te informacije neposredno upravljajo na\u0161i ponudniki pla\u010dilnih sredstev, ki izpolnjujejo vse naj\u0161ir\u0161e varnostne in pravne zahteve. Prosimo, ne pozabite, da vas bomo kontaktirali le, da bi potrdili podrobnosti va\u0161ega ra\u010duna, ko bo va\u0161a kartica zavrnjena ob pla\u010dilu. Ko vas kontaktiramo, nikoli ne bomo zahtevali va\u0161e geslo ali PIN \u0161tevilke kartice. Priporo\u010damo vam, da nikoli ne vna\u0161ate svojega \u0161tevilke ra\u010duna ali gesla v e-po\u0161to ali po kliku na povezavo iz e-po\u0161te.<\/p>\n<p><strong>Sprememba politike zasebnosti<\/strong><\/p>\n<p>Posodobitev in sprememba te politike zasebnosti se bo ravnala po pravilih, dolo\u010denih v pogojih uporabe za posodobitev in spremembo le-teh.<\/p>\n","protected":false},"excerpt":{"rendered":"<p>Politika zasebnosti, Uporaba pi\u0161kotkov in dodatne informacije Politika zasebnosti V2Charge (V2C). Ta spletna stran je v lasti NEGOCIOS INTELIGENTES 7EXPERIENCE S.L. (v nadaljevanju \u201cV2C\u201d), s sede\u017eem na Avenida Cam\u00ed Nou 268 Xirivella (Valencia), s CIF \u0161tevilko B98496706. V skladu z Zakonom 15\/99 z dne 13. decembra o varstvu podatkov vas obve\u0161\u010damo, da so vsi va\u0161i &#8230; <a title=\"Pravno obvestilo in politika zasebnosti\" class=\"read-more\" href=\"https:\/\/v2charge.com\/sl\/pravno-obvestilo-in-politika-zasebnosti\/\" aria-label=\"Read more about Pravno obvestilo in politika zasebnosti\">Read more<\/a><\/p>\n","protected":false},"author":1,"featured_media":170354,"parent":0,"menu_order":0,"comment_status":"closed","ping_status":"closed","template":"","meta":{"_eb_attr":"","content-type":"","_uag_custom_page_level_css":"","footnotes":""},"class_list":["post-312784","page","type-page","status-publish","has-post-thumbnail"],"yoast_head":"<!-- This site is optimized with the Yoast SEO plugin v25.3.1 - https:\/\/yoast.com\/wordpress\/plugins\/seo\/ -->\n<title>Pravno obvestilo in politika zasebnosti - V2C Polnilne Postaje<\/title>\n<meta name=\"robots\" content=\"noindex, follow\" \/>\n<meta property=\"og:locale\" content=\"sl_SI\" \/>\n<meta property=\"og:type\" content=\"article\" \/>\n<meta property=\"og:title\" content=\"Pravno obvestilo in politika zasebnosti - V2C Polnilne Postaje\" \/>\n<meta property=\"og:description\" content=\"Politika zasebnosti, Uporaba pi\u0161kotkov in dodatne informacije Politika zasebnosti V2Charge (V2C). Ta spletna stran je v lasti NEGOCIOS INTELIGENTES 7EXPERIENCE S.L. (v nadaljevanju \u201cV2C\u201d), s sede\u017eem na Avenida Cam\u00ed Nou 268 Xirivella (Valencia), s CIF \u0161tevilko B98496706. V skladu z Zakonom 15\/99 z dne 13. decembra o varstvu podatkov vas obve\u0161\u010damo, da so vsi va\u0161i ... Read more\" \/>\n<meta property=\"og:url\" content=\"https:\/\/v2charge.com\/sl\/pravno-obvestilo-in-politika-zasebnosti\/\" \/>\n<meta property=\"og:site_name\" content=\"V2C\" \/>\n<meta property=\"article:publisher\" content=\"https:\/\/www.facebook.com\/V2C.Charge\" \/>\n<meta property=\"article:modified_time\" content=\"2023-07-14T08:11:48+00:00\" \/>\n<meta property=\"og:image\" content=\"https:\/\/v2charge.com\/wp-content\/uploads\/2024\/07\/v2c-electric-chargers.jpg\" \/>\n\t<meta property=\"og:image:width\" content=\"1200\" \/>\n\t<meta property=\"og:image:height\" content=\"675\" \/>\n\t<meta property=\"og:image:type\" content=\"image\/jpeg\" \/>\n<meta name=\"twitter:card\" content=\"summary_large_image\" \/>\n<meta name=\"twitter:site\" content=\"@V2C_Charge\" \/>\n<meta name=\"twitter:label1\" content=\"Est. reading time\" \/>\n\t<meta name=\"twitter:data1\" content=\"4 minute\" \/>\n<script type=\"application\/ld+json\" class=\"yoast-schema-graph\">{\"@context\":\"https:\/\/schema.org\",\"@graph\":[{\"@type\":\"WebPage\",\"@id\":\"https:\/\/v2charge.com\/sl\/pravno-obvestilo-in-politika-zasebnosti\/\",\"url\":\"https:\/\/v2charge.com\/sl\/pravno-obvestilo-in-politika-zasebnosti\/\",\"name\":\"Pravno obvestilo in politika zasebnosti - V2C Polnilne Postaje\",\"isPartOf\":{\"@id\":\"https:\/\/v2charge.com\/sl\/#website\"},\"primaryImageOfPage\":{\"@id\":\"https:\/\/v2charge.com\/sl\/pravno-obvestilo-in-politika-zasebnosti\/#primaryimage\"},\"image\":{\"@id\":\"https:\/\/v2charge.com\/sl\/pravno-obvestilo-in-politika-zasebnosti\/#primaryimage\"},\"thumbnailUrl\":\"https:\/\/v2charge.com\/wp-content\/uploads\/2024\/07\/v2c-electric-chargers.jpg\",\"datePublished\":\"2018-05-31T15:46:08+00:00\",\"dateModified\":\"2023-07-14T08:11:48+00:00\",\"breadcrumb\":{\"@id\":\"https:\/\/v2charge.com\/sl\/pravno-obvestilo-in-politika-zasebnosti\/#breadcrumb\"},\"inLanguage\":\"sl-SI\",\"potentialAction\":[{\"@type\":\"ReadAction\",\"target\":[\"https:\/\/v2charge.com\/sl\/pravno-obvestilo-in-politika-zasebnosti\/\"]}]},{\"@type\":\"ImageObject\",\"inLanguage\":\"sl-SI\",\"@id\":\"https:\/\/v2charge.com\/sl\/pravno-obvestilo-in-politika-zasebnosti\/#primaryimage\",\"url\":\"https:\/\/v2charge.com\/wp-content\/uploads\/2024\/07\/v2c-electric-chargers.jpg\",\"contentUrl\":\"https:\/\/v2charge.com\/wp-content\/uploads\/2024\/07\/v2c-electric-chargers.jpg\",\"width\":1200,\"height\":675,\"caption\":\"V2C Electric Chargers\"},{\"@type\":\"BreadcrumbList\",\"@id\":\"https:\/\/v2charge.com\/sl\/pravno-obvestilo-in-politika-zasebnosti\/#breadcrumb\",\"itemListElement\":[{\"@type\":\"ListItem\",\"position\":1,\"name\":\"V2C\",\"item\":\"https:\/\/v2charge.com\/sl\/\"},{\"@type\":\"ListItem\",\"position\":2,\"name\":\"Pravno obvestilo in politika zasebnosti\"}]},{\"@type\":\"WebSite\",\"@id\":\"https:\/\/v2charge.com\/sl\/#website\",\"url\":\"https:\/\/v2charge.com\/sl\/\",\"name\":\"V2C\",\"description\":\"#CargandoElMa\u00f1ana\",\"publisher\":{\"@id\":\"https:\/\/v2charge.com\/sl\/#organization\"},\"potentialAction\":[{\"@type\":\"SearchAction\",\"target\":{\"@type\":\"EntryPoint\",\"urlTemplate\":\"https:\/\/v2charge.com\/sl\/?s={search_term_string}\"},\"query-input\":{\"@type\":\"PropertyValueSpecification\",\"valueRequired\":true,\"valueName\":\"search_term_string\"}}],\"inLanguage\":\"sl-SI\"},{\"@type\":\"Organization\",\"@id\":\"https:\/\/v2charge.com\/sl\/#organization\",\"name\":\"V2C\",\"url\":\"https:\/\/v2charge.com\/sl\/\",\"logo\":{\"@type\":\"ImageObject\",\"inLanguage\":\"sl-SI\",\"@id\":\"https:\/\/v2charge.com\/sl\/#\/schema\/logo\/image\/\",\"url\":\"https:\/\/v2charge.com\/wp-content\/uploads\/2024\/11\/cropped-v2c-charge-logo-menu.png\",\"contentUrl\":\"https:\/\/v2charge.com\/wp-content\/uploads\/2024\/11\/cropped-v2c-charge-logo-menu.png\",\"width\":984,\"height\":431,\"caption\":\"V2C\"},\"image\":{\"@id\":\"https:\/\/v2charge.com\/sl\/#\/schema\/logo\/image\/\"},\"sameAs\":[\"https:\/\/www.facebook.com\/V2C.Charge\",\"https:\/\/x.com\/V2C_Charge\",\"https:\/\/www.instagram.com\/v2c.charge\/\",\"https:\/\/www.youtube.com\/@V2C\",\"https:\/\/www.linkedin.com\/company\/v2c-chargers\/\"]}]}<\/script>\n<!-- \/ Yoast SEO plugin. -->","yoast_head_json":{"title":"Pravno obvestilo in politika zasebnosti - V2C Polnilne Postaje","robots":{"index":"noindex","follow":"follow"},"og_locale":"sl_SI","og_type":"article","og_title":"Pravno obvestilo in politika zasebnosti - V2C Polnilne Postaje","og_description":"Politika zasebnosti, Uporaba pi\u0161kotkov in dodatne informacije Politika zasebnosti V2Charge (V2C). Ta spletna stran je v lasti NEGOCIOS INTELIGENTES 7EXPERIENCE S.L. (v nadaljevanju \u201cV2C\u201d), s sede\u017eem na Avenida Cam\u00ed Nou 268 Xirivella (Valencia), s CIF \u0161tevilko B98496706. V skladu z Zakonom 15\/99 z dne 13. decembra o varstvu podatkov vas obve\u0161\u010damo, da so vsi va\u0161i ... Read more","og_url":"https:\/\/v2charge.com\/sl\/pravno-obvestilo-in-politika-zasebnosti\/","og_site_name":"V2C","article_publisher":"https:\/\/www.facebook.com\/V2C.Charge","article_modified_time":"2023-07-14T08:11:48+00:00","og_image":[{"width":1200,"height":675,"url":"https:\/\/v2charge.com\/wp-content\/uploads\/2024\/07\/v2c-electric-chargers.jpg","type":"image\/jpeg"}],"twitter_card":"summary_large_image","twitter_site":"@V2C_Charge","twitter_misc":{"Est. reading time":"4 minute"},"schema":{"@context":"https:\/\/schema.org","@graph":[{"@type":"WebPage","@id":"https:\/\/v2charge.com\/sl\/pravno-obvestilo-in-politika-zasebnosti\/","url":"https:\/\/v2charge.com\/sl\/pravno-obvestilo-in-politika-zasebnosti\/","name":"Pravno obvestilo in politika zasebnosti - V2C Polnilne Postaje","isPartOf":{"@id":"https:\/\/v2charge.com\/sl\/#website"},"primaryImageOfPage":{"@id":"https:\/\/v2charge.com\/sl\/pravno-obvestilo-in-politika-zasebnosti\/#primaryimage"},"image":{"@id":"https:\/\/v2charge.com\/sl\/pravno-obvestilo-in-politika-zasebnosti\/#primaryimage"},"thumbnailUrl":"https:\/\/v2charge.com\/wp-content\/uploads\/2024\/07\/v2c-electric-chargers.jpg","datePublished":"2018-05-31T15:46:08+00:00","dateModified":"2023-07-14T08:11:48+00:00","breadcrumb":{"@id":"https:\/\/v2charge.com\/sl\/pravno-obvestilo-in-politika-zasebnosti\/#breadcrumb"},"inLanguage":"sl-SI","potentialAction":[{"@type":"ReadAction","target":["https:\/\/v2charge.com\/sl\/pravno-obvestilo-in-politika-zasebnosti\/"]}]},{"@type":"ImageObject","inLanguage":"sl-SI","@id":"https:\/\/v2charge.com\/sl\/pravno-obvestilo-in-politika-zasebnosti\/#primaryimage","url":"https:\/\/v2charge.com\/wp-content\/uploads\/2024\/07\/v2c-electric-chargers.jpg","contentUrl":"https:\/\/v2charge.com\/wp-content\/uploads\/2024\/07\/v2c-electric-chargers.jpg","width":1200,"height":675,"caption":"V2C Electric Chargers"},{"@type":"BreadcrumbList","@id":"https:\/\/v2charge.com\/sl\/pravno-obvestilo-in-politika-zasebnosti\/#breadcrumb","itemListElement":[{"@type":"ListItem","position":1,"name":"V2C","item":"https:\/\/v2charge.com\/sl\/"},{"@type":"ListItem","position":2,"name":"Pravno obvestilo in politika zasebnosti"}]},{"@type":"WebSite","@id":"https:\/\/v2charge.com\/sl\/#website","url":"https:\/\/v2charge.com\/sl\/","name":"V2C","description":"#CargandoElMa\u00f1ana","publisher":{"@id":"https:\/\/v2charge.com\/sl\/#organization"},"potentialAction":[{"@type":"SearchAction","target":{"@type":"EntryPoint","urlTemplate":"https:\/\/v2charge.com\/sl\/?s={search_term_string}"},"query-input":{"@type":"PropertyValueSpecification","valueRequired":true,"valueName":"search_term_string"}}],"inLanguage":"sl-SI"},{"@type":"Organization","@id":"https:\/\/v2charge.com\/sl\/#organization","name":"V2C","url":"https:\/\/v2charge.com\/sl\/","logo":{"@type":"ImageObject","inLanguage":"sl-SI","@id":"https:\/\/v2charge.com\/sl\/#\/schema\/logo\/image\/","url":"https:\/\/v2charge.com\/wp-content\/uploads\/2024\/11\/cropped-v2c-charge-logo-menu.png","contentUrl":"https:\/\/v2charge.com\/wp-content\/uploads\/2024\/11\/cropped-v2c-charge-logo-menu.png","width":984,"height":431,"caption":"V2C"},"image":{"@id":"https:\/\/v2charge.com\/sl\/#\/schema\/logo\/image\/"},"sameAs":["https:\/\/www.facebook.com\/V2C.Charge","https:\/\/x.com\/V2C_Charge","https:\/\/www.instagram.com\/v2c.charge\/","https:\/\/www.youtube.com\/@V2C","https:\/\/www.linkedin.com\/company\/v2c-chargers\/"]}]}},"uagb_featured_image_src":{"full":["https:\/\/v2charge.com\/wp-content\/uploads\/2024\/07\/v2c-electric-chargers.jpg",1200,675,false],"thumbnail":["https:\/\/v2charge.com\/wp-content\/uploads\/2024\/07\/v2c-electric-chargers-150x150.jpg",150,150,true],"medium":["https:\/\/v2charge.com\/wp-content\/uploads\/2024\/07\/v2c-electric-chargers-300x169.jpg",300,169,true],"medium_large":["https:\/\/v2charge.com\/wp-content\/uploads\/2024\/07\/v2c-electric-chargers-768x432.jpg",768,432,true],"large":["https:\/\/v2charge.com\/wp-content\/uploads\/2024\/07\/v2c-electric-chargers-1024x576.jpg",1024,576,true],"gs-tiny":["https:\/\/v2charge.com\/wp-content\/uploads\/2024\/07\/v2c-electric-chargers.jpg",50,28,false],"xl":["https:\/\/v2charge.com\/wp-content\/uploads\/2024\/07\/v2c-electric-chargers.jpg",1200,675,false],"xxl":["https:\/\/v2charge.com\/wp-content\/uploads\/2024\/07\/v2c-electric-chargers.jpg",1200,675,false],"xxxl":["https:\/\/v2charge.com\/wp-content\/uploads\/2024\/07\/v2c-electric-chargers.jpg",1200,675,false],"xxxxl":["https:\/\/v2charge.com\/wp-content\/uploads\/2024\/07\/v2c-electric-chargers.jpg",1200,675,false],"xxxxxl":["https:\/\/v2charge.com\/wp-content\/uploads\/2024\/07\/v2c-electric-chargers.jpg",1200,675,false],"1536x1536":["https:\/\/v2charge.com\/wp-content\/uploads\/2024\/07\/v2c-electric-chargers.jpg",1200,675,false],"2048x2048":["https:\/\/v2charge.com\/wp-content\/uploads\/2024\/07\/v2c-electric-chargers.jpg",1200,675,false]},"uagb_author_info":{"display_name":"V2C","author_link":"https:\/\/v2charge.com\/sl\/author\/root_k4eu7ki8\/"},"uagb_comment_info":0,"uagb_excerpt":"Politika zasebnosti, Uporaba pi\u0161kotkov in dodatne informacije Politika zasebnosti V2Charge (V2C). Ta spletna stran je v lasti NEGOCIOS INTELIGENTES 7EXPERIENCE S.L. (v nadaljevanju \u201cV2C\u201d), s sede\u017eem na Avenida Cam\u00ed Nou 268 Xirivella (Valencia), s CIF \u0161tevilko B98496706. V skladu z Zakonom 15\/99 z dne 13. decembra o varstvu podatkov vas obve\u0161\u010damo, da so vsi va\u0161i&hellip;","_links":{"self":[{"href":"https:\/\/v2charge.com\/sl\/wp-json\/wp\/v2\/pages\/312784","targetHints":{"allow":["GET"]}}],"collection":[{"href":"https:\/\/v2charge.com\/sl\/wp-json\/wp\/v2\/pages"}],"about":[{"href":"https:\/\/v2charge.com\/sl\/wp-json\/wp\/v2\/types\/page"}],"author":[{"embeddable":true,"href":"https:\/\/v2charge.com\/sl\/wp-json\/wp\/v2\/users\/1"}],"replies":[{"embeddable":true,"href":"https:\/\/v2charge.com\/sl\/wp-json\/wp\/v2\/comments?post=312784"}],"version-history":[{"count":0,"href":"https:\/\/v2charge.com\/sl\/wp-json\/wp\/v2\/pages\/312784\/revisions"}],"wp:featuredmedia":[{"embeddable":true,"href":"https:\/\/v2charge.com\/sl\/wp-json\/wp\/v2\/media\/170354"}],"wp:attachment":[{"href":"https:\/\/v2charge.com\/sl\/wp-json\/wp\/v2\/media?parent=312784"}],"curies":[{"name":"wp","href":"https:\/\/api.w.org\/{rel}","templated":true}]}}