{"id":312785,"date":"2018-06-01T09:43:28","date_gmt":"2018-06-01T09:43:28","guid":{"rendered":""},"modified":"2023-05-24T10:41:00","modified_gmt":"2023-05-24T10:41:00","slug":"politika-pi-kotkov","status":"publish","type":"page","link":"https:\/\/v2charge.com\/sl\/politika-pi-kotkov\/","title":{"rendered":"Politika pi\u0161kotkov"},"content":{"rendered":"<p>Ta spletna stran je last podjetja NEGOCIOS INTELIGENTES 7 EXPERIENCE S.L.. Dostop do te strani pomeni, da se strinjate s politiko zasebnosti. V skladu s \u010dlenom 10 Zakona 34\/2002, z dne 11. julija, o storitvah informacijske dru\u017ebe in elektronskem poslovanju (LSSI) so navedeni identifikacijski podatki.<\/p>\n<h2>Kaj so pi\u0161kotki?<\/h2>\n<p>Pi\u0161kotek je datoteka, ki se prenese na va\u0161 ra\u010dunalnik ali napravo ob dostopu do na\u0161e spletne strani. Pi\u0161kotki nam omogo\u010dajo, med drugim, shranjevanje in pridobivanje informacij o navadah brskanja uporabnika ali njegove naprave in, odvisno od informacij, ki jih vsebujejo, ter na\u010dina uporabe naprave, se lahko uporabijo za prepoznavanje uporabnika.<\/p>\n<h2>Katere vrste pi\u0161kotkov uporablja na\u0161a spletna stran?<\/h2>\n<p>Lastni pi\u0161kotki: To so tisti, ki jih po\u0161ljemo na va\u0161 ra\u010dunalnik ali napravo z na\u0161e spletne strani.<br \/>Tretji pi\u0161kotki: To so tisti, ki se po\u0161ljejo na va\u0161 ra\u010dunalnik ali napravo z domene ali spletne strani, ki je ne upravljamo mi, temve\u010d druga entiteta, ki obdeluje podatke, pridobljene preko pi\u0161kotkov.<br \/>Analiti\u010dni pi\u0161kotki: To so tisti, ki jih obdelujemo mi ali tretje osebe, in nam omogo\u010dajo kvantificirati \u0161tevilo uporabnikov ter izvesti merjenje in statisti\u010dno analizo uporabe, ki jo uporabniki izvajajo na na\u0161i spletni strani. Za to analiziramo brskanje po na\u0161i spletni strani, da izbolj\u0161amo ponudbo izdelkov ali storitev, ki jih ponujamo.<\/p>\n<h2>Pi\u0161kotki, uporabljeni na www.v2charge.com, so:<\/h2>\n<p>Strogo potrebni pi\u0161kotki, kot so tisti, ki omogo\u010dajo pravilno brskanje in zagotavljajo, da se vsebina spletne strani nalo\u017ei u\u010dinkovito. PHPSESSID SEJA \u2013 Ta pi\u0161kotek se uporablja za vzpostavitev seje uporabnika, ki obi\u0161\u010de eno od na\u0161ih spletnih strani. To je na\u010din za identifikacijo in upravljanje stanja \u2013 spremenljivke seje \u2013 za dolo\u010denega uporabnika ter prenos teh informacij med stranmi na\u0161ih spletnih strani. WordPress_test_cookie SEJA \u2013 Ta pi\u0161kotek se uporablja, da upravitelj vsebine WordPress preveri, ali ima brskalnik omogo\u010dene pi\u0161kotke. Wp-settings-{time}-`{`UID`}` \u2013 UID, ki se nahaja na koncu imena pi\u0161kotka, vsebuje ID uporabnika, shranjen v bazi podatkov WordPress. Uporablja se za shranjevanje videza upravljalskega vmesnika in se lahko uporablja za shranjevanje videza glavne strani. WordPress_logged_in_`{`hash`}` \u2013 Po prijavi WordPress aktivira pi\u0161kotek wordpress_logged_in_`{`hash`}`, ki ozna\u010duje, kdaj ste se prijavili in kdo ste, in se uporablja za vmesnik WordPress. WordPress_`{`hash`}` \u2013 Ta pi\u0161kotek se aktivira med prijavo in shranjuje podrobnosti o avtentikaciji. Njegova uporaba je omejena na upravljalsko obmo\u010dje, \/wp-config\/<\/p>\n<p>Tretji pi\u0161kotki, kot so tisti, ki jih uporabljajo dru\u017ebena omre\u017eja ali zunanje vsebinske vti\u010dnike, kot je Google Maps. _NID, _PREF \u2013 Ti pi\u0161kotki Google Maps bele\u017eijo izvor uporabnika, pa tudi klju\u010dne besede. HSID, SSID, APISID, SAPISID, BEAT, OTZ, BEAT \u2013 Omogo\u010dajo deljenje vsebine na dru\u017ebenih omre\u017ejih. __ga, __utma, __utmb, __utmc, __utmv, __utmz, _twitter_sess, external_referer, guest_id \u2013 Ti pi\u0161kotki so tisti, ki jih namesti Twitter za remarketing, sledenje uporabnikom in analitiko uporabnikov.<\/p>\n<p>Analiti\u010dni pi\u0161kotki so pi\u0161kotki, ki jih uporablja Google Analytics za analizo, raziskave ali statistiko z namenom izbolj\u0161anja uporabni\u0161ke izku\u0161nje spletne strani. Z uporabo teh pi\u0161kotkov lahko obiskovalcem prika\u017eemo bolj relevantne informacije. __hstc, hubspotutk, __hssc, __hssrc, __hs_opt_out, __hs_do_not_track, __hs_testcookie, hsPagesViewedThisSession, hsfirstvisit: pi\u0161kotki Hubspot, orodje za spletno analitiko, spletni marketing za analizo uporabe in merjenje na\u0161e spletne strani za izbolj\u0161anje na\u0161ih storitev. _utma, _utmb, _utmz, _utmc, _utmt: Glavni namen je identificirati \u0161tevilo obiskov, obdobje poizvedb, iskalnik, uporabljen za dostop do spletne strani, uporabljene klju\u010dne besede, globalno lokacijo obiskovalca, vsebine, obiskane na spletni strani, ter druge parametre prometa na spletni strani, vedno anonimno. Google shranjuje te informacije, zbrane s pi\u0161kotki, tako, da noben uporabnik ni identificiran. _hjIncludedInSample in _hjUserId: pi\u0161kotki Hotjar, orodje za spletno analitiko, za analizo uporabe in merjenje na\u0161e spletne strani za izbolj\u0161anje na\u0161ih storitev.<\/p>\n<p>Analiti\u010dni pi\u0161kotki so pi\u0161kotki, ki jih uporablja Google Analytics za analizo, raziskave ali statistiko z namenom izbolj\u0161anja uporabni\u0161ke izku\u0161nje spletne strani. Z uporabo teh pi\u0161kotkov lahko obiskovalcem prika\u017eemo bolj relevantne informacije. __hstc, hubspotutk, __hssc, __hssrc, __hs_opt_out, __hs_do_not_track, __hs_testcookie, hsPagesViewedThisSession, hsfirstvisit: pi\u0161kotki Hubspot, orodje za spletno analitiko, spletni marketing za analizo uporabe in merjenje na\u0161e spletne strani za izbolj\u0161anje na\u0161ih storitev. _utma, _utmb, _utmz, _utmc, _utmt: Glavni namen je identificirati \u0161tevilo obiskov, obdobje poizvedb, iskalnik, uporabljen za dostop do spletne strani, uporabljene klju\u010dne besede, globalno lokacijo obiskovalca, vsebine, obiskane na spletni strani, ter druge parametre prometa na spletni strani, vedno anonimno. Google shranjuje te informacije, zbrane s pi\u0161kotki, tako, da noben uporabnik ni identificiran. _hjIncludedInSample in _hjUserId: pi\u0161kotki Hotjar, orodje za spletno analitiko, za analizo uporabe in merjenje na\u0161e spletne strani za izbolj\u0161anje na\u0161ih storitev.<\/p>\n<p>Na podlagi izbire, ki jo sprejmete glede uporabe pi\u0161kotkov na tej spletni strani, vam bo poslan dodaten pi\u0161kotek za za\u0161\u010dito va\u0161e izbire, da ne boste morali vsaki\u010d znova sprejemati uporabe pi\u0161kotkov ob dostopu do na\u0161e spletne strani. Namen tega seznama pi\u0161kotkov je pomagati vam prepoznati pi\u0161kotke, shranjene v va\u0161em brskalniku, ko obi\u0161\u010dete na\u0161o spletno stran ali ko vidite na\u0161e oglase na drugih straneh. Posku\u0161ali smo vklju\u010diti vse pi\u0161kotke, ki jih uporabljamo tako mi kot na\u0161i tehnolo\u0161ki partnerji, vendar upo\u0161tevajte, da lahko v\u010dasih zamudimo pri posodabljanju seznama. \u010ce opazite kakr\u0161no koli neskladje ali menite, da kak\u0161en pi\u0161kotek manjka, nam to prosim sporo\u010dite.<\/p>\n<h2>Kaj so pi\u0161kotki?<\/h2>\n<p>Pi\u0161kotek je datoteka, ki se prenese na va\u0161 ra\u010dunalnik ali napravo ob dostopu do na\u0161e spletne strani. Pi\u0161kotki nam omogo\u010dajo, med drugim, shranjevanje in pridobivanje informacij o navadah brskanja uporabnika ali njegove naprave in, odvisno od informacij, ki jih vsebujejo, ter na\u010dina uporabe naprave, se lahko uporabijo za prepoznavanje uporabnika.<\/p>\n<h2>Katere vrste pi\u0161kotkov uporablja na\u0161a spletna stran?<\/h2>\n<ul>\n<li>Lastni pi\u0161kotki: To so tisti, ki jih po\u0161ljemo na va\u0161 ra\u010dunalnik ali napravo z na\u0161e spletne strani.<\/li>\n<li>Tretji pi\u0161kotki: To so tisti, ki se po\u0161ljejo na va\u0161 ra\u010dunalnik ali napravo z domene ali spletne strani, ki je ne upravljamo mi, temve\u010d druga entiteta, ki obdeluje podatke, pridobljene preko pi\u0161kotkov.<\/li>\n<li>Analiti\u010dni pi\u0161kotki: To so tisti, ki jih obdelujemo mi ali tretje osebe, in nam omogo\u010dajo kvantificirati \u0161tevilo uporabnikov ter izvesti merjenje in statisti\u010dno analizo uporabe, ki jo uporabniki izvajajo na na\u0161i spletni strani. Za to analiziramo brskanje po na\u0161i spletni strani, da izbolj\u0161amo ponudbo izdelkov ali storitev, ki jih ponujamo.<\/li>\n<\/ul>\n<h2>Pi\u0161kotki, uporabljeni na www.v2charge.com, so:<\/h2>\n<p>Strogo potrebni pi\u0161kotki, kot so tisti, ki omogo\u010dajo pravilno brskanje in zagotavljajo, da se vsebina spletne strani nalo\u017ei u\u010dinkovito. PHPSESSID SEJA \u2013 Ta pi\u0161kotek se uporablja za vzpostavitev seje uporabnika, ki obi\u0161\u010de eno od na\u0161ih spletnih strani. To je na\u010din za identifikacijo in upravljanje stanja \u2013 spremenljivke seje \u2013 za dolo\u010denega uporabnika ter prenos teh informacij med stranmi na\u0161ih spletnih strani. WordPress_test_cookie SEJA \u2013 Ta pi\u0161kotek se uporablja, da upravitelj vsebine WordPress preveri, ali ima brskalnik omogo\u010dene pi\u0161kotke. Wp-settings-{time}-`{`UID`}` \u2013 UID, ki se nahaja na koncu imena pi\u0161kotka, vsebuje ID uporabnika, shranjen v bazi podatkov WordPress. Uporablja se za shranjevanje videza upravljalskega vmesnika in se lahko uporablja za shranjevanje videza glavne strani. WordPress_logged_in_`{`hash`}` \u2013 Po prijavi WordPress aktivira pi\u0161kotek wordpress_logged_in_`{`hash`}`, ki ozna\u010duje, kdaj ste se prijavili in kdo ste, in se uporablja za vmesnik WordPress. WordPress_`{`hash`}` \u2013 Ta pi\u0161kotek se aktivira med prijavo in shranjuje podrobnosti o avtentikaciji. Njegova uporaba je omejena na upravljalsko obmo\u010dje, \/wp-config\/<\/p>\n<p>Tretji pi\u0161kotki, kot so tisti, ki jih uporabljajo dru\u017ebena omre\u017eja ali zunanje vsebinske vti\u010dnike, kot je Google Maps. _NID, _PREF \u2013 Ti pi\u0161kotki Google Maps bele\u017eijo izvor uporabnika, pa tudi klju\u010dne besede. HSID, SSID, APISID, SAPISID, BEAT, OTZ, BEAT \u2013 Omogo\u010dajo deljenje vsebine na dru\u017ebenih omre\u017ejih. __ga, __utma, __utmb, __utmc, __utmv, __utmz, _twitter_sess, external_referer, guest_id \u2013 Ti pi\u0161kotki so tisti, ki jih namesti Twitter za remarketing, sledenje uporabnikom in analitiko uporabnikov.<\/p>\n<p>Analiti\u010dni pi\u0161kotki so pi\u0161kotki, ki jih uporablja Google Analytics za analizo, raziskave ali statistiko z namenom izbolj\u0161anja uporabni\u0161ke izku\u0161nje spletne strani. Z uporabo teh pi\u0161kotkov lahko obiskovalcem prika\u017eemo bolj relevantne informacije. __hstc, hubspotutk, __hssc, __hssrc, __hs_opt_out, __hs_do_not_track, __hs_testcookie, hsPagesViewedThisSession, hsfirstvisit: pi\u0161kotki Hubspot, orodje za spletno analitiko, spletni marketing za analizo uporabe in merjenje na\u0161e spletne strani za izbolj\u0161anje na\u0161ih storitev. _utma, _utmb, _utmz, _utmc, _utmt: Glavni namen je identificirati \u0161tevilo obiskov, obdobje poizvedb, iskalnik, uporabljen za dostop do spletne strani, uporabljene klju\u010dne besede, globalno lokacijo obiskovalca, vsebine, obiskane na spletni strani, ter druge parametre prometa na spletni strani, vedno anonimno. Google shranjuje te informacije, zbrane s pi\u0161kotki, tako, da noben uporabnik ni identificiran. _hjIncludedInSample in _hjUserId: pi\u0161kotki Hotjar, orodje za spletno analitiko, za analizo uporabe in merjenje na\u0161e spletne strani za izbolj\u0161anje na\u0161ih storitev.<\/p>\n<p>Analiti\u010dni pi\u0161kotki so pi\u0161kotki, ki jih uporablja Google Analytics za analizo, raziskave ali statistiko z namenom izbolj\u0161anja uporabni\u0161ke izku\u0161nje spletne strani. Z uporabo teh pi\u0161kotkov lahko obiskovalcem prika\u017eemo bolj relevantne informacije. __hstc, hubspotutk, __hssc, __hssrc, __hs_opt_out, __hs_do_not_track, __hs_testcookie, hsPagesViewedThisSession, hsfirstvisit: pi\u0161kotki Hubspot, orodje za spletno analitiko, spletni marketing za analizo uporabe in merjenje na\u0161e spletne strani za izbolj\u0161anje na\u0161ih storitev. _utma, _utmb, _utmz, _utmc, _utmt: Glavni namen je identificirati \u0161tevilo obiskov, obdobje poizvedb, iskalnik, uporabljen za dostop do spletne strani, uporabljene klju\u010dne besede, globalno lokacijo obiskovalca, vsebine, obiskane na spletni strani, ter druge parametre prometa na spletni strani, vedno anonimno. Google shranjuje te informacije, zbrane s pi\u0161kotki, tako, da noben uporabnik ni identificiran. _hjIncludedInSample in _hjUserId: pi\u0161kotki Hotjar, orodje za spletno analitiko, za analizo uporabe in merjenje na\u0161e spletne strani za izbolj\u0161anje na\u0161ih storitev.<\/p>\n<p>Na podlagi izbire, ki jo sprejmete glede uporabe pi\u0161kotkov na tej spletni strani, vam bo poslan dodaten pi\u0161kotek za za\u0161\u010dito va\u0161e izbire, da ne boste morali vsaki\u010d znova sprejemati uporabe pi\u0161kotkov ob dostopu do na\u0161e spletne strani. Namen tega seznama pi\u0161kotkov je pomagati vam prepoznati pi\u0161kotke, shranjene v va\u0161em brskalniku, ko obi\u0161\u010dete na\u0161o spletno stran ali ko vidite na\u0161e oglase na drugih straneh. Posku\u0161ali smo vklju\u010diti vse pi\u0161kotke, ki jih uporabljamo tako mi kot na\u0161i tehnolo\u0161ki partnerji, vendar upo\u0161tevajte, da lahko v\u010dasih zamudimo pri posodabljanju seznama. \u010ce opazite kakr\u0161no koli neskladje ali menite, da kak\u0161en pi\u0161kotek manjka, nam to prosim sporo\u010dite.<\/p>\n<div style=\"height:100px\" aria-hidden=\"true\" class=\"wp-block-spacer\"><\/div>\n","protected":false},"excerpt":{"rendered":"<p>Ta spletna stran je last podjetja NEGOCIOS INTELIGENTES 7 EXPERIENCE S.L.. Dostop do te strani pomeni, da se strinjate s politiko zasebnosti. V skladu s \u010dlenom 10 Zakona 34\/2002, z dne 11. julija, o storitvah informacijske dru\u017ebe in elektronskem poslovanju (LSSI) so navedeni identifikacijski podatki. Kaj so pi\u0161kotki? Pi\u0161kotek je datoteka, ki se prenese na &#8230; <a title=\"Politika pi\u0161kotkov\" class=\"read-more\" href=\"https:\/\/v2charge.com\/sl\/politika-pi-kotkov\/\" aria-label=\"Read more about Politika pi\u0161kotkov\">Read more<\/a><\/p>\n","protected":false},"author":1,"featured_media":170354,"parent":0,"menu_order":0,"comment_status":"closed","ping_status":"closed","template":"","meta":{"_eb_attr":"","content-type":"","_uag_custom_page_level_css":"","footnotes":""},"class_list":["post-312785","page","type-page","status-publish","has-post-thumbnail"],"yoast_head":"<!-- This site is optimized with the Yoast SEO plugin v25.3.1 - https:\/\/yoast.com\/wordpress\/plugins\/seo\/ -->\n<title>Cookies | V2C Polnilne to\u010dke za elektri\u010dna vozila<\/title>\n<meta name=\"robots\" content=\"noindex, follow\" \/>\n<meta property=\"og:locale\" content=\"sl_SI\" \/>\n<meta property=\"og:type\" content=\"article\" \/>\n<meta property=\"og:title\" content=\"Cookies | V2C Polnilne to\u010dke za elektri\u010dna vozila\" \/>\n<meta property=\"og:description\" content=\"Ta spletna stran je last podjetja NEGOCIOS INTELIGENTES 7 EXPERIENCE S.L.. Dostop do te strani pomeni, da se strinjate s politiko zasebnosti. V skladu s \u010dlenom 10 Zakona 34\/2002, z dne 11. julija, o storitvah informacijske dru\u017ebe in elektronskem poslovanju (LSSI) so navedeni identifikacijski podatki. Kaj so pi\u0161kotki? Pi\u0161kotek je datoteka, ki se prenese na ... Read more\" \/>\n<meta property=\"og:url\" content=\"https:\/\/v2charge.com\/sl\/politika-pi-kotkov\/\" \/>\n<meta property=\"og:site_name\" content=\"V2C\" \/>\n<meta property=\"article:publisher\" content=\"https:\/\/www.facebook.com\/V2C.Charge\" \/>\n<meta property=\"article:modified_time\" content=\"2023-05-24T10:41:00+00:00\" \/>\n<meta property=\"og:image\" content=\"https:\/\/v2charge.com\/wp-content\/uploads\/2024\/07\/v2c-electric-chargers.jpg\" \/>\n\t<meta property=\"og:image:width\" content=\"1200\" \/>\n\t<meta property=\"og:image:height\" content=\"675\" \/>\n\t<meta property=\"og:image:type\" content=\"image\/jpeg\" \/>\n<meta name=\"twitter:card\" content=\"summary_large_image\" \/>\n<meta name=\"twitter:site\" content=\"@V2C_Charge\" \/>\n<meta name=\"twitter:label1\" content=\"Est. reading time\" \/>\n\t<meta name=\"twitter:data1\" content=\"9 minut\" \/>\n<script type=\"application\/ld+json\" class=\"yoast-schema-graph\">{\"@context\":\"https:\/\/schema.org\",\"@graph\":[{\"@type\":\"WebPage\",\"@id\":\"https:\/\/v2charge.com\/sl\/politika-pi-kotkov\/\",\"url\":\"https:\/\/v2charge.com\/sl\/politika-pi-kotkov\/\",\"name\":\"Cookies | V2C Polnilne to\u010dke za elektri\u010dna vozila\",\"isPartOf\":{\"@id\":\"https:\/\/v2charge.com\/sl\/#website\"},\"primaryImageOfPage\":{\"@id\":\"https:\/\/v2charge.com\/sl\/politika-pi-kotkov\/#primaryimage\"},\"image\":{\"@id\":\"https:\/\/v2charge.com\/sl\/politika-pi-kotkov\/#primaryimage\"},\"thumbnailUrl\":\"https:\/\/v2charge.com\/wp-content\/uploads\/2024\/07\/v2c-electric-chargers.jpg\",\"datePublished\":\"2018-06-01T09:43:28+00:00\",\"dateModified\":\"2023-05-24T10:41:00+00:00\",\"breadcrumb\":{\"@id\":\"https:\/\/v2charge.com\/sl\/politika-pi-kotkov\/#breadcrumb\"},\"inLanguage\":\"sl-SI\",\"potentialAction\":[{\"@type\":\"ReadAction\",\"target\":[\"https:\/\/v2charge.com\/sl\/politika-pi-kotkov\/\"]}]},{\"@type\":\"ImageObject\",\"inLanguage\":\"sl-SI\",\"@id\":\"https:\/\/v2charge.com\/sl\/politika-pi-kotkov\/#primaryimage\",\"url\":\"https:\/\/v2charge.com\/wp-content\/uploads\/2024\/07\/v2c-electric-chargers.jpg\",\"contentUrl\":\"https:\/\/v2charge.com\/wp-content\/uploads\/2024\/07\/v2c-electric-chargers.jpg\",\"width\":1200,\"height\":675,\"caption\":\"V2C Electric Chargers\"},{\"@type\":\"BreadcrumbList\",\"@id\":\"https:\/\/v2charge.com\/sl\/politika-pi-kotkov\/#breadcrumb\",\"itemListElement\":[{\"@type\":\"ListItem\",\"position\":1,\"name\":\"V2C\",\"item\":\"https:\/\/v2charge.com\/sl\/\"},{\"@type\":\"ListItem\",\"position\":2,\"name\":\"Politika pi\u0161kotkov\"}]},{\"@type\":\"WebSite\",\"@id\":\"https:\/\/v2charge.com\/sl\/#website\",\"url\":\"https:\/\/v2charge.com\/sl\/\",\"name\":\"V2C\",\"description\":\"#CargandoElMa\u00f1ana\",\"publisher\":{\"@id\":\"https:\/\/v2charge.com\/sl\/#organization\"},\"potentialAction\":[{\"@type\":\"SearchAction\",\"target\":{\"@type\":\"EntryPoint\",\"urlTemplate\":\"https:\/\/v2charge.com\/sl\/?s={search_term_string}\"},\"query-input\":{\"@type\":\"PropertyValueSpecification\",\"valueRequired\":true,\"valueName\":\"search_term_string\"}}],\"inLanguage\":\"sl-SI\"},{\"@type\":\"Organization\",\"@id\":\"https:\/\/v2charge.com\/sl\/#organization\",\"name\":\"V2C\",\"url\":\"https:\/\/v2charge.com\/sl\/\",\"logo\":{\"@type\":\"ImageObject\",\"inLanguage\":\"sl-SI\",\"@id\":\"https:\/\/v2charge.com\/sl\/#\/schema\/logo\/image\/\",\"url\":\"https:\/\/v2charge.com\/wp-content\/uploads\/2024\/11\/cropped-v2c-charge-logo-menu.png\",\"contentUrl\":\"https:\/\/v2charge.com\/wp-content\/uploads\/2024\/11\/cropped-v2c-charge-logo-menu.png\",\"width\":984,\"height\":431,\"caption\":\"V2C\"},\"image\":{\"@id\":\"https:\/\/v2charge.com\/sl\/#\/schema\/logo\/image\/\"},\"sameAs\":[\"https:\/\/www.facebook.com\/V2C.Charge\",\"https:\/\/x.com\/V2C_Charge\",\"https:\/\/www.instagram.com\/v2c.charge\/\",\"https:\/\/www.youtube.com\/@V2C\",\"https:\/\/www.linkedin.com\/company\/v2c-chargers\/\"]}]}<\/script>\n<!-- \/ Yoast SEO plugin. -->","yoast_head_json":{"title":"Cookies | V2C Polnilne to\u010dke za elektri\u010dna vozila","robots":{"index":"noindex","follow":"follow"},"og_locale":"sl_SI","og_type":"article","og_title":"Cookies | V2C Polnilne to\u010dke za elektri\u010dna vozila","og_description":"Ta spletna stran je last podjetja NEGOCIOS INTELIGENTES 7 EXPERIENCE S.L.. Dostop do te strani pomeni, da se strinjate s politiko zasebnosti. V skladu s \u010dlenom 10 Zakona 34\/2002, z dne 11. julija, o storitvah informacijske dru\u017ebe in elektronskem poslovanju (LSSI) so navedeni identifikacijski podatki. Kaj so pi\u0161kotki? Pi\u0161kotek je datoteka, ki se prenese na ... Read more","og_url":"https:\/\/v2charge.com\/sl\/politika-pi-kotkov\/","og_site_name":"V2C","article_publisher":"https:\/\/www.facebook.com\/V2C.Charge","article_modified_time":"2023-05-24T10:41:00+00:00","og_image":[{"width":1200,"height":675,"url":"https:\/\/v2charge.com\/wp-content\/uploads\/2024\/07\/v2c-electric-chargers.jpg","type":"image\/jpeg"}],"twitter_card":"summary_large_image","twitter_site":"@V2C_Charge","twitter_misc":{"Est. reading time":"9 minut"},"schema":{"@context":"https:\/\/schema.org","@graph":[{"@type":"WebPage","@id":"https:\/\/v2charge.com\/sl\/politika-pi-kotkov\/","url":"https:\/\/v2charge.com\/sl\/politika-pi-kotkov\/","name":"Cookies | V2C Polnilne to\u010dke za elektri\u010dna vozila","isPartOf":{"@id":"https:\/\/v2charge.com\/sl\/#website"},"primaryImageOfPage":{"@id":"https:\/\/v2charge.com\/sl\/politika-pi-kotkov\/#primaryimage"},"image":{"@id":"https:\/\/v2charge.com\/sl\/politika-pi-kotkov\/#primaryimage"},"thumbnailUrl":"https:\/\/v2charge.com\/wp-content\/uploads\/2024\/07\/v2c-electric-chargers.jpg","datePublished":"2018-06-01T09:43:28+00:00","dateModified":"2023-05-24T10:41:00+00:00","breadcrumb":{"@id":"https:\/\/v2charge.com\/sl\/politika-pi-kotkov\/#breadcrumb"},"inLanguage":"sl-SI","potentialAction":[{"@type":"ReadAction","target":["https:\/\/v2charge.com\/sl\/politika-pi-kotkov\/"]}]},{"@type":"ImageObject","inLanguage":"sl-SI","@id":"https:\/\/v2charge.com\/sl\/politika-pi-kotkov\/#primaryimage","url":"https:\/\/v2charge.com\/wp-content\/uploads\/2024\/07\/v2c-electric-chargers.jpg","contentUrl":"https:\/\/v2charge.com\/wp-content\/uploads\/2024\/07\/v2c-electric-chargers.jpg","width":1200,"height":675,"caption":"V2C Electric Chargers"},{"@type":"BreadcrumbList","@id":"https:\/\/v2charge.com\/sl\/politika-pi-kotkov\/#breadcrumb","itemListElement":[{"@type":"ListItem","position":1,"name":"V2C","item":"https:\/\/v2charge.com\/sl\/"},{"@type":"ListItem","position":2,"name":"Politika pi\u0161kotkov"}]},{"@type":"WebSite","@id":"https:\/\/v2charge.com\/sl\/#website","url":"https:\/\/v2charge.com\/sl\/","name":"V2C","description":"#CargandoElMa\u00f1ana","publisher":{"@id":"https:\/\/v2charge.com\/sl\/#organization"},"potentialAction":[{"@type":"SearchAction","target":{"@type":"EntryPoint","urlTemplate":"https:\/\/v2charge.com\/sl\/?s={search_term_string}"},"query-input":{"@type":"PropertyValueSpecification","valueRequired":true,"valueName":"search_term_string"}}],"inLanguage":"sl-SI"},{"@type":"Organization","@id":"https:\/\/v2charge.com\/sl\/#organization","name":"V2C","url":"https:\/\/v2charge.com\/sl\/","logo":{"@type":"ImageObject","inLanguage":"sl-SI","@id":"https:\/\/v2charge.com\/sl\/#\/schema\/logo\/image\/","url":"https:\/\/v2charge.com\/wp-content\/uploads\/2024\/11\/cropped-v2c-charge-logo-menu.png","contentUrl":"https:\/\/v2charge.com\/wp-content\/uploads\/2024\/11\/cropped-v2c-charge-logo-menu.png","width":984,"height":431,"caption":"V2C"},"image":{"@id":"https:\/\/v2charge.com\/sl\/#\/schema\/logo\/image\/"},"sameAs":["https:\/\/www.facebook.com\/V2C.Charge","https:\/\/x.com\/V2C_Charge","https:\/\/www.instagram.com\/v2c.charge\/","https:\/\/www.youtube.com\/@V2C","https:\/\/www.linkedin.com\/company\/v2c-chargers\/"]}]}},"uagb_featured_image_src":{"full":["https:\/\/v2charge.com\/wp-content\/uploads\/2024\/07\/v2c-electric-chargers.jpg",1200,675,false],"thumbnail":["https:\/\/v2charge.com\/wp-content\/uploads\/2024\/07\/v2c-electric-chargers-150x150.jpg",150,150,true],"medium":["https:\/\/v2charge.com\/wp-content\/uploads\/2024\/07\/v2c-electric-chargers-300x169.jpg",300,169,true],"medium_large":["https:\/\/v2charge.com\/wp-content\/uploads\/2024\/07\/v2c-electric-chargers-768x432.jpg",768,432,true],"large":["https:\/\/v2charge.com\/wp-content\/uploads\/2024\/07\/v2c-electric-chargers-1024x576.jpg",1024,576,true],"gs-tiny":["https:\/\/v2charge.com\/wp-content\/uploads\/2024\/07\/v2c-electric-chargers.jpg",50,28,false],"xl":["https:\/\/v2charge.com\/wp-content\/uploads\/2024\/07\/v2c-electric-chargers.jpg",1200,675,false],"xxl":["https:\/\/v2charge.com\/wp-content\/uploads\/2024\/07\/v2c-electric-chargers.jpg",1200,675,false],"xxxl":["https:\/\/v2charge.com\/wp-content\/uploads\/2024\/07\/v2c-electric-chargers.jpg",1200,675,false],"xxxxl":["https:\/\/v2charge.com\/wp-content\/uploads\/2024\/07\/v2c-electric-chargers.jpg",1200,675,false],"xxxxxl":["https:\/\/v2charge.com\/wp-content\/uploads\/2024\/07\/v2c-electric-chargers.jpg",1200,675,false],"1536x1536":["https:\/\/v2charge.com\/wp-content\/uploads\/2024\/07\/v2c-electric-chargers.jpg",1200,675,false],"2048x2048":["https:\/\/v2charge.com\/wp-content\/uploads\/2024\/07\/v2c-electric-chargers.jpg",1200,675,false]},"uagb_author_info":{"display_name":"V2C","author_link":"https:\/\/v2charge.com\/sl\/author\/root_k4eu7ki8\/"},"uagb_comment_info":0,"uagb_excerpt":"Ta spletna stran je last podjetja NEGOCIOS INTELIGENTES 7 EXPERIENCE S.L.. Dostop do te strani pomeni, da se strinjate s politiko zasebnosti. V skladu s \u010dlenom 10 Zakona 34\/2002, z dne 11. julija, o storitvah informacijske dru\u017ebe in elektronskem poslovanju (LSSI) so navedeni identifikacijski podatki. Kaj so pi\u0161kotki? Pi\u0161kotek je datoteka, ki se prenese na&hellip;","_links":{"self":[{"href":"https:\/\/v2charge.com\/sl\/wp-json\/wp\/v2\/pages\/312785","targetHints":{"allow":["GET"]}}],"collection":[{"href":"https:\/\/v2charge.com\/sl\/wp-json\/wp\/v2\/pages"}],"about":[{"href":"https:\/\/v2charge.com\/sl\/wp-json\/wp\/v2\/types\/page"}],"author":[{"embeddable":true,"href":"https:\/\/v2charge.com\/sl\/wp-json\/wp\/v2\/users\/1"}],"replies":[{"embeddable":true,"href":"https:\/\/v2charge.com\/sl\/wp-json\/wp\/v2\/comments?post=312785"}],"version-history":[{"count":0,"href":"https:\/\/v2charge.com\/sl\/wp-json\/wp\/v2\/pages\/312785\/revisions"}],"wp:featuredmedia":[{"embeddable":true,"href":"https:\/\/v2charge.com\/sl\/wp-json\/wp\/v2\/media\/170354"}],"wp:attachment":[{"href":"https:\/\/v2charge.com\/sl\/wp-json\/wp\/v2\/media?parent=312785"}],"curies":[{"name":"wp","href":"https:\/\/api.w.org\/{rel}","templated":true}]}}