{"id":312786,"date":"2021-11-12T07:42:30","date_gmt":"2021-11-12T07:42:30","guid":{"rendered":""},"modified":"2025-04-25T11:44:36","modified_gmt":"2025-04-25T09:44:36","slug":"povezati","status":"publish","type":"page","link":"https:\/\/v2charge.com\/sl\/povezati\/","title":{"rendered":"Povezati"},"content":{"rendered":"\n<div class=\"wp-block-uagb-container uagb-block-f72284aa alignfull uagb-is-root-container\"><div class=\"uagb-container-inner-blocks-wrap\"><div class=\"wp-block-uagb-advanced-heading uagb-block-8d5593af\"><h1 class=\"uagb-heading-text\">Se pove\u017eemo?<\/h1><\/div>\n\n\n<div class=\"wp-block-uagb-separator uagb-block-acec2f15\"><div class=\"wp-block-uagb-separator__inner\" style=\"--my-background-image:\"><\/div><\/div>\n\n\n<div class=\"wp-block-uagb-advanced-heading uagb-block-e4b6848a\"><div class=\"uagb-heading-text\">Tukaj lahko najdete razli\u010dne na\u010dine, kako nam posredovati va\u0161e vpra\u0161anje.<\/div><\/div><\/div><\/div>\n\n\n\n<div class=\"wp-block-uagb-container uagb-block-31e059bd alignfull uagb-is-root-container\"><div class=\"uagb-container-inner-blocks-wrap\">\n<div style=\"height:100px\" aria-hidden=\"true\" class=\"wp-block-spacer\"><\/div>\n\n\n<div class=\"wp-block-uagb-advanced-heading uagb-block-b6d0e6fb\"><h2 class=\"uagb-heading-text\">Kontaktirajte nas<\/h2><\/div>\n\n\n<div class=\"wp-block-uagb-container uagb-block-cbb4d865\">\n<div class=\"wp-block-uagb-container uagb-block-d449775b\">\n<div class=\"wp-block-uagb-image aligncenter uagb-block-2a984957 wp-block-uagb-image--layout-default wp-block-uagb-image--effect-static wp-block-uagb-image--align-center\"><figure class=\"wp-block-uagb-image__figure\"><img decoding=\"async\" srcset=\"https:\/\/v2charge.com\/wp-content\/uploads\/2021\/11\/ubicacion.png \" sizes=\"auto, (max-width: 480px) 150px\" src=\"https:\/\/v2charge.com\/wp-content\/uploads\/2021\/11\/ubicacion.png\" alt=\"\" class=\"uag-image-60542\" width=\"55\" height=\"55\" title=\"\" loading=\"lazy\" role=\"img\"\/><\/figure><\/div>\n\n\n<div class=\"wp-block-uagb-advanced-heading uagb-block-6060505a\"><h2 class=\"uagb-heading-text\"><a href=\"https:\/\/www.google.es\/maps\/place\/V2C+Estaci%C3%B3n+de+carga\/@39.4609316,-0.4456436,17z\/data=!3m1!4b1!4m5!3m4!1s0xd604609d65e8aef:0x3c03b84659dd5d34!8m2!3d39.4609275!4d-0.4434549\" title=\"vis\u00edtanos\">OBISKUJTE NAS<\/a><\/h2><\/div>\n\n<div class=\"wp-block-uagb-advanced-heading uagb-block-42341213\"><div class=\"uagb-heading-text\"><a href=\"https:\/\/www.google.es\/maps\/place\/V2C+Estaci%C3%B3n+de+carga\/@39.4609316,-0.4456436,17z\/data=!3m1!4b1!4m5!3m4!1s0xd604609d65e8aef:0x3c03b84659dd5d34!8m2!3d39.4609275!4d-0.4434549\" title=\"vis\u00edtanos\">Avenida Cam\u00ed Nou, 268 46950 Xirivella<\/a><\/div><\/div><\/div>\n\n\n\n<div class=\"wp-block-uagb-container uagb-block-bbade1e6\">\n<div class=\"wp-block-uagb-image aligncenter uagb-block-46804e09 wp-block-uagb-image--layout-default wp-block-uagb-image--effect-static wp-block-uagb-image--align-center\"><figure class=\"wp-block-uagb-image__figure\"><img decoding=\"async\" srcset=\"https:\/\/v2charge.com\/wp-content\/uploads\/2021\/11\/Telefono.png \" sizes=\"auto, (max-width: 480px) 150px\" src=\"https:\/\/v2charge.com\/wp-content\/uploads\/2021\/11\/Telefono.png\" alt=\"\" class=\"uag-image-60535\" width=\"55\" height=\"55\" title=\"\" loading=\"lazy\" role=\"img\"\/><\/figure><\/div>\n\n\n<div class=\"wp-block-uagb-advanced-heading uagb-block-c572c5c9\"><h2 class=\"uagb-heading-text\"><a href=\"tel:+34960654554\" title=\"pokli\u010di nas\">POKLI\u010cI NAS<\/a><\/h2><\/div>\n\n<div class=\"wp-block-uagb-advanced-heading uagb-block-6f47fa27\"><div class=\"uagb-heading-text\"><a href=\"tel:+34960654554\" title=\"pokli\u010di nas\">+34 96 065 45 54<\/a><\/div><\/div><\/div>\n\n\n\n<div class=\"wp-block-uagb-container uagb-block-e300933a\">\n<div class=\"wp-block-uagb-image aligncenter uagb-block-460015e4 wp-block-uagb-image--layout-default wp-block-uagb-image--effect-static wp-block-uagb-image--align-center\"><figure class=\"wp-block-uagb-image__figure\"><img decoding=\"async\" srcset=\"https:\/\/v2charge.com\/wp-content\/uploads\/2021\/11\/e-mail.png \" sizes=\"auto, (max-width: 480px) 150px\" src=\"https:\/\/v2charge.com\/wp-content\/uploads\/2021\/11\/e-mail.png\" alt=\"\" class=\"uag-image-60528\" width=\"55\" height=\"55\" title=\"\" loading=\"lazy\" role=\"img\"\/><\/figure><\/div>\n\n\n<div class=\"wp-block-uagb-advanced-heading uagb-block-f7a0681f\"><h2 class=\"uagb-heading-text\"><a href=\"mailto:info@v2charge.com\" title=\"escr\u00edbenos\">PI\u0160ITE NAM<\/a><\/h2><\/div>\n\n<div class=\"wp-block-uagb-advanced-heading uagb-block-7769f193\"><div class=\"uagb-heading-text\"><a href=\"mailto:info@v2charge.com\" title=\"pi\u0161ite nam\">info@v2charge.com<\/a><\/div><\/div><\/div>\n<\/div>\n<\/div><\/div>\n\n\n\n<div id=\"contacto\" class=\"wp-block-uagb-container uagb-block-1e760f66 alignfull uagb-is-root-container\"><div class=\"uagb-container-inner-blocks-wrap\">\n<div class=\"wp-block-uagb-container uagb-block-dea2407d default uagb-is-root-container\"><div class=\"wp-block-uagb-advanced-heading uagb-block-262af8de\"><p class=\"uagb-heading-text\">Ali izpolnite naslednji obrazec in kontaktirali vas bomo \u010dim prej.<\/p><\/div><\/div>\n\n\n\n<div class=\"wp-block-uagb-container uagb-block-e9b1ff2a alignfull uagb-is-root-container\"><div class=\"uagb-container-inner-blocks-wrap\"><div class=\"wp-block-contact-form-7-contact-form-selector new-form\">\n<div class=\"wpcf7 no-js\" id=\"wpcf7-f3878-o1\" lang=\"es-ES\" dir=\"ltr\" data-wpcf7-id=\"3878\">\n<div class=\"screen-reader-response\"><p role=\"status\" aria-live=\"polite\" aria-atomic=\"true\"><\/p> <ul><\/ul><\/div>\n<form action=\"\/sl\/wp-json\/wp\/v2\/pages\/312786#wpcf7-f3878-o1\" method=\"post\" class=\"wpcf7-form init\" id=\"old-form\" aria-label=\"Formulario de contacto\" novalidate=\"novalidate\" data-status=\"init\">\n<div style=\"display: none;\">\n<input type=\"hidden\" name=\"_wpcf7\" value=\"3878\" \/>\n<input type=\"hidden\" name=\"_wpcf7_version\" value=\"6.0.6\" \/>\n<input type=\"hidden\" name=\"_wpcf7_locale\" value=\"es_ES\" \/>\n<input type=\"hidden\" name=\"_wpcf7_unit_tag\" value=\"wpcf7-f3878-o1\" \/>\n<input type=\"hidden\" name=\"_wpcf7_container_post\" value=\"0\" \/>\n<input type=\"hidden\" name=\"_wpcf7_posted_data_hash\" value=\"\" \/>\n<input type=\"hidden\" name=\"redirect_nonce\" value=\"7d088ee738\" \/>\n<input type=\"hidden\" name=\"wpcf7cfpdf_hidden_name\" value=\"document-pdf\" \/>\n<input type=\"hidden\" name=\"wpcf7cfpdf_hidden_reference\" value=\"3186bd86\" \/>\n<input type=\"hidden\" name=\"wpcf7cfpdf_hidden_date\" value=\"04132026\" \/>\n<input type=\"hidden\" name=\"_wpcf7_recaptcha_response\" value=\"\" \/>\n<\/div>\n<div id=\"responsive-form\" class=\"clearfix resp-form-2\">\n\t<div class=\"form-row form-row2\">\n\t\t<div class=\"column-half\">\n\t\t\t<p>Nombre* <span class=\"wpcf7-form-control-wrap\" data-name=\"your-name\"><input size=\"40\" maxlength=\"400\" class=\"wpcf7-form-control wpcf7-text wpcf7-validates-as-required\" aria-required=\"true\" aria-invalid=\"false\" placeholder=\"Nombre\" value=\"\" type=\"text\" name=\"your-name\" \/><\/span>\n\t\t\t<\/p>\n\t\t<\/div>\n\t\t<div class=\"column-half\">\n\t\t\t<p>Tel\u00e9fono* <span class=\"wpcf7-form-control-wrap\" data-name=\"phone\"><input size=\"40\" maxlength=\"400\" class=\"wpcf7-form-control wpcf7-tel wpcf7-validates-as-required wpcf7-text wpcf7-validates-as-tel\" aria-required=\"true\" aria-invalid=\"false\" placeholder=\"Tel\u00e9fono\" value=\"\" type=\"tel\" name=\"phone\" \/><\/span>\n\t\t\t<\/p>\n\t\t<\/div>\n\t\t<div class=\"column-half\">\n\t\t\t<p>Email* <span class=\"wpcf7-form-control-wrap\" data-name=\"your-email\"><input size=\"40\" maxlength=\"400\" class=\"wpcf7-form-control wpcf7-email wpcf7-validates-as-required wpcf7-text wpcf7-validates-as-email\" aria-required=\"true\" aria-invalid=\"false\" placeholder=\"Email\" value=\"\" type=\"email\" name=\"your-email\" \/><\/span>\n\t\t\t<\/p>\n\t\t<\/div>\n\t<\/div>\n\t<p><span id=\"wpcf7-69dc366b0453f-wrapper\" class=\"wpcf7-form-control-wrap tudireccion-408-wrap\" style=\"display:none !important; visibility:hidden !important;\"><label for=\"wpcf7-69dc366b0453f-field\" class=\"hp-message\">Por favor, deja este campo vac\u00edo.<\/label><input id=\"wpcf7-69dc366b0453f-field\"  class=\"wpcf7-form-control wpcf7-text\" type=\"text\" name=\"tudireccion-408\" value=\"\" size=\"40\" tabindex=\"-1\" autocomplete=\"new-password\" \/><\/span>\n\t<\/p>\n\t<div class=\"form-row form-row2\">\n\t\t<div class=\"column-full\">\n\t\t\t<p>Mensaje <span class=\"wpcf7-form-control-wrap\" data-name=\"your-message\"><textarea cols=\"40\" rows=\"10\" maxlength=\"2000\" class=\"wpcf7-form-control wpcf7-textarea\" aria-invalid=\"false\" placeholder=\"Tu mensaje aqu\u00ed\" name=\"your-message\"><\/textarea><\/span>\n\t\t\t<\/p>\n\t\t<\/div>\n\t<\/div>\n\t<div class=\"form-row form-row2\">\n\t\t<div class=\"column-full\">\n\t\t\t<p><input class=\"wpcf7-form-control wpcf7-submit has-spinner\" type=\"submit\" value=\"Enviar\" \/>\n\t\t\t<\/p>\n\t\t<\/div>\n\t<\/div>\n<\/div><!--end responsive-form--><div class=\"wpcf7-response-output\" aria-hidden=\"true\"><\/div>\n<\/form>\n<\/div>\n<\/div><\/div><\/div>\n<\/div><\/div>\n\n\n\n<div class=\"wp-block-uagb-container uagb-block-9e0f4332 alignfull uagb-is-root-container\"><div class=\"uagb-container-inner-blocks-wrap\">\n<div class=\"wp-block-uagb-container uagb-block-0bbb536f\">\n<div class=\"wp-block-uagb-container uagb-block-0f417426\">\n<div class=\"wp-block-uagb-image aligncenter uagb-block-b41dcb83 wp-block-uagb-image--layout-default wp-block-uagb-image--effect-zoomin wp-block-uagb-image--align-center\"><figure class=\"wp-block-uagb-image__figure\"><a class=\"\" href=\"https:\/\/www.facebook.com\/V2C.Charge\" target=\"\" rel=\"noopener\"><img decoding=\"async\" srcset=\"https:\/\/v2charge.com\/wp-content\/uploads\/2023\/06\/v2c-facebook.png \" sizes=\"auto, (max-width: 480px) 150px\" src=\"https:\/\/v2charge.com\/wp-content\/uploads\/2023\/06\/v2c-facebook.png\" alt=\"facebook v2c\" class=\"uag-image-108366\" width=\"45\" height=\"45\" title=\"\" loading=\"lazy\" role=\"img\"\/><\/a><\/figure><\/div>\n<\/div>\n\n\n\n<div class=\"wp-block-uagb-container uagb-block-8f319e4c\">\n<div class=\"wp-block-uagb-image aligncenter uagb-block-47505682 wp-block-uagb-image--layout-default wp-block-uagb-image--effect-zoomin wp-block-uagb-image--align-center\"><figure class=\"wp-block-uagb-image__figure\"><a class=\"\" href=\"https:\/\/twitter.com\/V2C_Charge\" target=\"\" rel=\"noopener\"><img decoding=\"async\" srcset=\"https:\/\/v2charge.com\/wp-content\/uploads\/2023\/06\/v2c-twitter.png \" sizes=\"auto, (max-width: 480px) 150px\" src=\"https:\/\/v2charge.com\/wp-content\/uploads\/2023\/06\/v2c-twitter.png\" alt=\"twitter v2c\" class=\"uag-image-108393\" width=\"45\" height=\"45\" title=\"\" loading=\"lazy\" role=\"img\"\/><\/a><\/figure><\/div>\n<\/div>\n\n\n\n<div class=\"wp-block-uagb-container uagb-block-908d7675\">\n<div class=\"wp-block-uagb-image aligncenter uagb-block-691ddf24 wp-block-uagb-image--layout-default wp-block-uagb-image--effect-zoomin wp-block-uagb-image--align-center\"><figure class=\"wp-block-uagb-image__figure\"><a class=\"\" href=\"https:\/\/www.linkedin.com\/company\/v2c-chargers\/\" target=\"\" rel=\"noopener\"><img decoding=\"async\" srcset=\"https:\/\/v2charge.com\/wp-content\/uploads\/2023\/06\/v2c-linkedin.png \" sizes=\"auto, (max-width: 480px) 150px\" src=\"https:\/\/v2charge.com\/wp-content\/uploads\/2023\/06\/v2c-linkedin.png\" alt=\"linkedin v2c\" class=\"uag-image-108384\" width=\"45\" height=\"45\" title=\"\" loading=\"lazy\" role=\"img\"\/><\/a><\/figure><\/div>\n<\/div>\n\n\n\n<div class=\"wp-block-uagb-container uagb-block-10874d4d\">\n<div class=\"wp-block-uagb-image aligncenter uagb-block-33116055 wp-block-uagb-image--layout-default wp-block-uagb-image--effect-zoomin wp-block-uagb-image--align-center\"><figure class=\"wp-block-uagb-image__figure\"><a class=\"\" href=\"https:\/\/www.instagram.com\/v2c.charge\/\" target=\"\" rel=\"noopener\"><img decoding=\"async\" srcset=\"https:\/\/v2charge.com\/wp-content\/uploads\/2023\/06\/v2c-instagram.png \" sizes=\"auto, (max-width: 480px) 150px\" src=\"https:\/\/v2charge.com\/wp-content\/uploads\/2023\/06\/v2c-instagram.png\" alt=\"instagram v2c\" class=\"uag-image-108375\" width=\"45\" height=\"45\" title=\"\" loading=\"lazy\" role=\"img\"\/><\/a><\/figure><\/div>\n<\/div>\n\n\n\n<div class=\"wp-block-uagb-container uagb-block-ee3bc3eb\">\n<div class=\"wp-block-uagb-image aligncenter uagb-block-6d438029 wp-block-uagb-image--layout-default wp-block-uagb-image--effect-zoomin wp-block-uagb-image--align-center\"><figure class=\"wp-block-uagb-image__figure\"><a class=\"\" href=\"https:\/\/www.youtube.com\/@V2C\" target=\"\" rel=\"noopener\"><img decoding=\"async\" srcset=\"https:\/\/v2charge.com\/wp-content\/uploads\/2023\/06\/v2c-youtube.png \" sizes=\"auto, (max-width: 480px) 150px\" src=\"https:\/\/v2charge.com\/wp-content\/uploads\/2023\/06\/v2c-youtube.png\" alt=\"youtube v2c\" class=\"uag-image-108402\" width=\"45\" height=\"45\" title=\"\" loading=\"lazy\" role=\"img\"\/><\/a><\/figure><\/div>\n<\/div>\n<\/div>\n<\/div><\/div>\n","protected":false},"excerpt":{"rendered":"<p>Se pove\u017eemo? Tukaj lahko najdete razli\u010dne na\u010dine, kako nam posredovati va\u0161e vpra\u0161anje. Kontaktirajte nas OBISKUJTE NAS Avenida Cam\u00ed Nou, 268 46950 Xirivella POKLI\u010cI NAS +34 96 065 45 54 PI\u0160ITE NAM info@v2charge.com Ali izpolnite naslednji obrazec in kontaktirali vas bomo \u010dim prej.<\/p>\n","protected":false},"author":1,"featured_media":170354,"parent":0,"menu_order":0,"comment_status":"closed","ping_status":"closed","template":"","meta":{"_eb_attr":"","content-type":"","_uag_custom_page_level_css":"","footnotes":""},"class_list":["post-312786","page","type-page","status-publish","has-post-thumbnail"],"yoast_head":"<!-- This site is optimized with the Yoast SEO plugin v25.3.1 - https:\/\/yoast.com\/wordpress\/plugins\/seo\/ -->\n<title>Pove\u017eite se z V2C \u00ae | Kontaktirajte nas<\/title>\n<meta name=\"description\" content=\"Se pove\u017eemo? Tukaj lahko najdete razli\u010dne na\u010dine, kako nam posredovati va\u0161e vpra\u0161anje: pokli\u010dite nas ali nam po\u0161ljite e-po\u0161to.\" \/>\n<meta name=\"robots\" content=\"index, follow, max-snippet:-1, max-image-preview:large, max-video-preview:-1\" \/>\n<link rel=\"canonical\" href=\"https:\/\/v2charge.com\/sl\/conectar\/\" \/>\n<meta property=\"og:locale\" content=\"sl_SI\" \/>\n<meta property=\"og:type\" content=\"article\" \/>\n<meta property=\"og:title\" content=\"Pove\u017eite se z V2C \u00ae | Kontaktirajte nas\" \/>\n<meta property=\"og:description\" content=\"Se pove\u017eemo? Tukaj lahko najdete razli\u010dne na\u010dine, kako nam posredovati va\u0161e vpra\u0161anje: pokli\u010dite nas ali nam po\u0161ljite e-po\u0161to.\" \/>\n<meta property=\"og:url\" content=\"https:\/\/v2charge.com\/sl\/conectar\/\" \/>\n<meta property=\"og:site_name\" content=\"V2C\" \/>\n<meta property=\"article:publisher\" content=\"https:\/\/www.facebook.com\/V2C.Charge\" \/>\n<meta property=\"article:modified_time\" content=\"2025-04-25T09:44:36+00:00\" \/>\n<meta property=\"og:image\" content=\"https:\/\/v2charge.com\/wp-content\/uploads\/2024\/07\/v2c-electric-chargers.jpg\" \/>\n\t<meta property=\"og:image:width\" content=\"1200\" \/>\n\t<meta property=\"og:image:height\" content=\"675\" \/>\n\t<meta property=\"og:image:type\" content=\"image\/jpeg\" \/>\n<meta name=\"twitter:card\" content=\"summary_large_image\" \/>\n<meta name=\"twitter:site\" content=\"@V2C_Charge\" \/>\n<meta name=\"twitter:label1\" content=\"Est. reading time\" \/>\n\t<meta name=\"twitter:data1\" content=\"3 minute\" \/>\n<script type=\"application\/ld+json\" class=\"yoast-schema-graph\">{\"@context\":\"https:\/\/schema.org\",\"@graph\":[{\"@type\":\"WebPage\",\"@id\":\"https:\/\/v2charge.com\/sl\/povezati\/\",\"url\":\"https:\/\/v2charge.com\/sl\/conectar\/\",\"name\":\"Pove\u017eite se z V2C \u00ae | Kontaktirajte nas\",\"isPartOf\":{\"@id\":\"https:\/\/v2charge.com\/sl\/#website\"},\"primaryImageOfPage\":{\"@id\":\"https:\/\/v2charge.com\/sl\/conectar\/#primaryimage\"},\"image\":{\"@id\":\"https:\/\/v2charge.com\/sl\/conectar\/#primaryimage\"},\"thumbnailUrl\":\"https:\/\/v2charge.com\/wp-content\/uploads\/2024\/07\/v2c-electric-chargers.jpg\",\"datePublished\":\"2021-11-12T07:42:30+00:00\",\"dateModified\":\"2025-04-25T09:44:36+00:00\",\"description\":\"Se pove\u017eemo? Tukaj lahko najdete razli\u010dne na\u010dine, kako nam posredovati va\u0161e vpra\u0161anje: pokli\u010dite nas ali nam po\u0161ljite e-po\u0161to.\",\"breadcrumb\":{\"@id\":\"https:\/\/v2charge.com\/sl\/conectar\/#breadcrumb\"},\"inLanguage\":\"sl-SI\",\"potentialAction\":[{\"@type\":\"ReadAction\",\"target\":[\"https:\/\/v2charge.com\/sl\/conectar\/\"]}]},{\"@type\":\"ImageObject\",\"inLanguage\":\"sl-SI\",\"@id\":\"https:\/\/v2charge.com\/sl\/conectar\/#primaryimage\",\"url\":\"https:\/\/v2charge.com\/wp-content\/uploads\/2024\/07\/v2c-electric-chargers.jpg\",\"contentUrl\":\"https:\/\/v2charge.com\/wp-content\/uploads\/2024\/07\/v2c-electric-chargers.jpg\",\"width\":1200,\"height\":675,\"caption\":\"V2C Electric Chargers\"},{\"@type\":\"BreadcrumbList\",\"@id\":\"https:\/\/v2charge.com\/sl\/conectar\/#breadcrumb\",\"itemListElement\":[{\"@type\":\"ListItem\",\"position\":1,\"name\":\"V2C\",\"item\":\"https:\/\/v2charge.com\/sl\/\"},{\"@type\":\"ListItem\",\"position\":2,\"name\":\"Povezati\"}]},{\"@type\":\"WebSite\",\"@id\":\"https:\/\/v2charge.com\/sl\/#website\",\"url\":\"https:\/\/v2charge.com\/sl\/\",\"name\":\"V2C\",\"description\":\"#CargandoElMa\u00f1ana\",\"publisher\":{\"@id\":\"https:\/\/v2charge.com\/sl\/#organization\"},\"potentialAction\":[{\"@type\":\"SearchAction\",\"target\":{\"@type\":\"EntryPoint\",\"urlTemplate\":\"https:\/\/v2charge.com\/sl\/?s={search_term_string}\"},\"query-input\":{\"@type\":\"PropertyValueSpecification\",\"valueRequired\":true,\"valueName\":\"search_term_string\"}}],\"inLanguage\":\"sl-SI\"},{\"@type\":\"Organization\",\"@id\":\"https:\/\/v2charge.com\/sl\/#organization\",\"name\":\"V2C\",\"url\":\"https:\/\/v2charge.com\/sl\/\",\"logo\":{\"@type\":\"ImageObject\",\"inLanguage\":\"sl-SI\",\"@id\":\"https:\/\/v2charge.com\/sl\/#\/schema\/logo\/image\/\",\"url\":\"https:\/\/v2charge.com\/wp-content\/uploads\/2024\/11\/cropped-v2c-charge-logo-menu.png\",\"contentUrl\":\"https:\/\/v2charge.com\/wp-content\/uploads\/2024\/11\/cropped-v2c-charge-logo-menu.png\",\"width\":984,\"height\":431,\"caption\":\"V2C\"},\"image\":{\"@id\":\"https:\/\/v2charge.com\/sl\/#\/schema\/logo\/image\/\"},\"sameAs\":[\"https:\/\/www.facebook.com\/V2C.Charge\",\"https:\/\/x.com\/V2C_Charge\",\"https:\/\/www.instagram.com\/v2c.charge\/\",\"https:\/\/www.youtube.com\/@V2C\",\"https:\/\/www.linkedin.com\/company\/v2c-chargers\/\"]}]}<\/script>\n<!-- \/ Yoast SEO plugin. -->","yoast_head_json":{"title":"Pove\u017eite se z V2C \u00ae | Kontaktirajte nas","description":"Se pove\u017eemo? Tukaj lahko najdete razli\u010dne na\u010dine, kako nam posredovati va\u0161e vpra\u0161anje: pokli\u010dite nas ali nam po\u0161ljite e-po\u0161to.","robots":{"index":"index","follow":"follow","max-snippet":"max-snippet:-1","max-image-preview":"max-image-preview:large","max-video-preview":"max-video-preview:-1"},"canonical":"https:\/\/v2charge.com\/sl\/conectar\/","og_locale":"sl_SI","og_type":"article","og_title":"Pove\u017eite se z V2C \u00ae | Kontaktirajte nas","og_description":"Se pove\u017eemo? Tukaj lahko najdete razli\u010dne na\u010dine, kako nam posredovati va\u0161e vpra\u0161anje: pokli\u010dite nas ali nam po\u0161ljite e-po\u0161to.","og_url":"https:\/\/v2charge.com\/sl\/conectar\/","og_site_name":"V2C","article_publisher":"https:\/\/www.facebook.com\/V2C.Charge","article_modified_time":"2025-04-25T09:44:36+00:00","og_image":[{"width":1200,"height":675,"url":"https:\/\/v2charge.com\/wp-content\/uploads\/2024\/07\/v2c-electric-chargers.jpg","type":"image\/jpeg"}],"twitter_card":"summary_large_image","twitter_site":"@V2C_Charge","twitter_misc":{"Est. reading time":"3 minute"},"schema":{"@context":"https:\/\/schema.org","@graph":[{"@type":"WebPage","@id":"https:\/\/v2charge.com\/sl\/povezati\/","url":"https:\/\/v2charge.com\/sl\/conectar\/","name":"Pove\u017eite se z V2C \u00ae | Kontaktirajte nas","isPartOf":{"@id":"https:\/\/v2charge.com\/sl\/#website"},"primaryImageOfPage":{"@id":"https:\/\/v2charge.com\/sl\/conectar\/#primaryimage"},"image":{"@id":"https:\/\/v2charge.com\/sl\/conectar\/#primaryimage"},"thumbnailUrl":"https:\/\/v2charge.com\/wp-content\/uploads\/2024\/07\/v2c-electric-chargers.jpg","datePublished":"2021-11-12T07:42:30+00:00","dateModified":"2025-04-25T09:44:36+00:00","description":"Se pove\u017eemo? Tukaj lahko najdete razli\u010dne na\u010dine, kako nam posredovati va\u0161e vpra\u0161anje: pokli\u010dite nas ali nam po\u0161ljite e-po\u0161to.","breadcrumb":{"@id":"https:\/\/v2charge.com\/sl\/conectar\/#breadcrumb"},"inLanguage":"sl-SI","potentialAction":[{"@type":"ReadAction","target":["https:\/\/v2charge.com\/sl\/conectar\/"]}]},{"@type":"ImageObject","inLanguage":"sl-SI","@id":"https:\/\/v2charge.com\/sl\/conectar\/#primaryimage","url":"https:\/\/v2charge.com\/wp-content\/uploads\/2024\/07\/v2c-electric-chargers.jpg","contentUrl":"https:\/\/v2charge.com\/wp-content\/uploads\/2024\/07\/v2c-electric-chargers.jpg","width":1200,"height":675,"caption":"V2C Electric Chargers"},{"@type":"BreadcrumbList","@id":"https:\/\/v2charge.com\/sl\/conectar\/#breadcrumb","itemListElement":[{"@type":"ListItem","position":1,"name":"V2C","item":"https:\/\/v2charge.com\/sl\/"},{"@type":"ListItem","position":2,"name":"Povezati"}]},{"@type":"WebSite","@id":"https:\/\/v2charge.com\/sl\/#website","url":"https:\/\/v2charge.com\/sl\/","name":"V2C","description":"#CargandoElMa\u00f1ana","publisher":{"@id":"https:\/\/v2charge.com\/sl\/#organization"},"potentialAction":[{"@type":"SearchAction","target":{"@type":"EntryPoint","urlTemplate":"https:\/\/v2charge.com\/sl\/?s={search_term_string}"},"query-input":{"@type":"PropertyValueSpecification","valueRequired":true,"valueName":"search_term_string"}}],"inLanguage":"sl-SI"},{"@type":"Organization","@id":"https:\/\/v2charge.com\/sl\/#organization","name":"V2C","url":"https:\/\/v2charge.com\/sl\/","logo":{"@type":"ImageObject","inLanguage":"sl-SI","@id":"https:\/\/v2charge.com\/sl\/#\/schema\/logo\/image\/","url":"https:\/\/v2charge.com\/wp-content\/uploads\/2024\/11\/cropped-v2c-charge-logo-menu.png","contentUrl":"https:\/\/v2charge.com\/wp-content\/uploads\/2024\/11\/cropped-v2c-charge-logo-menu.png","width":984,"height":431,"caption":"V2C"},"image":{"@id":"https:\/\/v2charge.com\/sl\/#\/schema\/logo\/image\/"},"sameAs":["https:\/\/www.facebook.com\/V2C.Charge","https:\/\/x.com\/V2C_Charge","https:\/\/www.instagram.com\/v2c.charge\/","https:\/\/www.youtube.com\/@V2C","https:\/\/www.linkedin.com\/company\/v2c-chargers\/"]}]}},"uagb_featured_image_src":{"full":["https:\/\/v2charge.com\/wp-content\/uploads\/2024\/07\/v2c-electric-chargers.jpg",1200,675,false],"thumbnail":["https:\/\/v2charge.com\/wp-content\/uploads\/2024\/07\/v2c-electric-chargers-150x150.jpg",150,150,true],"medium":["https:\/\/v2charge.com\/wp-content\/uploads\/2024\/07\/v2c-electric-chargers-300x169.jpg",300,169,true],"medium_large":["https:\/\/v2charge.com\/wp-content\/uploads\/2024\/07\/v2c-electric-chargers-768x432.jpg",768,432,true],"large":["https:\/\/v2charge.com\/wp-content\/uploads\/2024\/07\/v2c-electric-chargers-1024x576.jpg",1024,576,true],"gs-tiny":["https:\/\/v2charge.com\/wp-content\/uploads\/2024\/07\/v2c-electric-chargers.jpg",50,28,false],"xl":["https:\/\/v2charge.com\/wp-content\/uploads\/2024\/07\/v2c-electric-chargers.jpg",1200,675,false],"xxl":["https:\/\/v2charge.com\/wp-content\/uploads\/2024\/07\/v2c-electric-chargers.jpg",1200,675,false],"xxxl":["https:\/\/v2charge.com\/wp-content\/uploads\/2024\/07\/v2c-electric-chargers.jpg",1200,675,false],"xxxxl":["https:\/\/v2charge.com\/wp-content\/uploads\/2024\/07\/v2c-electric-chargers.jpg",1200,675,false],"xxxxxl":["https:\/\/v2charge.com\/wp-content\/uploads\/2024\/07\/v2c-electric-chargers.jpg",1200,675,false],"1536x1536":["https:\/\/v2charge.com\/wp-content\/uploads\/2024\/07\/v2c-electric-chargers.jpg",1200,675,false],"2048x2048":["https:\/\/v2charge.com\/wp-content\/uploads\/2024\/07\/v2c-electric-chargers.jpg",1200,675,false]},"uagb_author_info":{"display_name":"V2C","author_link":"https:\/\/v2charge.com\/sl\/author\/root_k4eu7ki8\/"},"uagb_comment_info":0,"uagb_excerpt":"Se pove\u017eemo? Tukaj lahko najdete razli\u010dne na\u010dine, kako nam posredovati va\u0161e vpra\u0161anje. Kontaktirajte nas OBISKUJTE NAS Avenida Cam\u00ed Nou, 268 46950 Xirivella POKLI\u010cI NAS +34 96 065 45 54 PI\u0160ITE NAM info@v2charge.com Ali izpolnite naslednji obrazec in kontaktirali vas bomo \u010dim prej.","_links":{"self":[{"href":"https:\/\/v2charge.com\/sl\/wp-json\/wp\/v2\/pages\/312786","targetHints":{"allow":["GET"]}}],"collection":[{"href":"https:\/\/v2charge.com\/sl\/wp-json\/wp\/v2\/pages"}],"about":[{"href":"https:\/\/v2charge.com\/sl\/wp-json\/wp\/v2\/types\/page"}],"author":[{"embeddable":true,"href":"https:\/\/v2charge.com\/sl\/wp-json\/wp\/v2\/users\/1"}],"replies":[{"embeddable":true,"href":"https:\/\/v2charge.com\/sl\/wp-json\/wp\/v2\/comments?post=312786"}],"version-history":[{"count":0,"href":"https:\/\/v2charge.com\/sl\/wp-json\/wp\/v2\/pages\/312786\/revisions"}],"wp:featuredmedia":[{"embeddable":true,"href":"https:\/\/v2charge.com\/sl\/wp-json\/wp\/v2\/media\/170354"}],"wp:attachment":[{"href":"https:\/\/v2charge.com\/sl\/wp-json\/wp\/v2\/media?parent=312786"}],"curies":[{"name":"wp","href":"https:\/\/api.w.org\/{rel}","templated":true}]}}