{"id":312789,"date":"2021-12-31T13:08:13","date_gmt":"2021-12-31T13:08:13","guid":{"rendered":""},"modified":"2023-10-02T13:21:33","modified_gmt":"2023-10-02T11:21:33","slug":"kako-povezati-moj-v2c-polnilni-punkt-na-wifi","status":"publish","type":"page","link":"https:\/\/v2charge.com\/sl\/kako-povezati-moj-v2c-polnilni-punkt-na-wifi\/","title":{"rendered":"Kako povezati moj V2C polnilni punkt na wifi?"},"content":{"rendered":"\n<div style=\"height:60px\" aria-hidden=\"true\" class=\"wp-block-spacer\"><\/div>\n<h1>Kako povezati moj V2C polnilni punkt na wifi?<\/h1><p>Glede na model, ki ga imate, se bo postopek izvajal na en na\u010din ali na drugega. Vendar pa je skupno vsem, da ga je treba izvesti preko mobilne aplikacije, in Bluetooth mora biti omogo\u010den.<\/p>\n\n\n<blockquote class=\"wp-block-quote is-layout-flow wp-block-quote-is-layout-flow\"><p>Uporaba Bluetootha zahteva omogo\u010danje lokacije na ve\u010dini naprav Android.<\/p><\/blockquote>\n\n\n<p>Povezava med polnilno to\u010dko in aplikacijo se vzpostavi preko Bluetootha, <\/p>\n\n\n<ol class=\"wp-block-list\"><li>Prva mo\u017enost je, da ga nastavite med povezovanjem naprave (Bluetooth mora biti vklopljen in morate biti oddaljeni nekaj metrov od naprave). \u010ce povezovanje ne deluje blizu naprave ali \u010de Bluetooth v tistem trenutku ni vklopljen, ga lahko presko\u010dite in ga nastavite kasneje).<\/li>\n\n<li>Druga mo\u017enost je preko menija.<\/li><\/ol>\n\n\n<p>\u010ce je polnilna postaja povezana z internetom, se bodo v aplikaciji prikazali valovni signali. \u010ce je povezava z bluetoothom mogo\u010da, se bo v aplikaciji prikazal simbol bluetooth.<\/p>\n\n<div class=\"wp-block-image\">\n<figure class=\"aligncenter size-large is-resized\"><img decoding=\"async\" src=\"https:\/\/v2charge.com\/wp-content\/uploads\/2022\/12\/v2c-internet-bluetooth-731x1024.jpg\" alt=\"V2C APP Conexiones\" class=\"wp-image-90736\" width=\"366\" height=\"512\" srcset=\"https:\/\/v2charge.com\/wp-content\/uploads\/2022\/12\/v2c-internet-bluetooth-731x1024.jpg 731w, https:\/\/v2charge.com\/wp-content\/uploads\/2022\/12\/v2c-internet-bluetooth-214x300.jpg 214w, https:\/\/v2charge.com\/wp-content\/uploads\/2022\/12\/v2c-internet-bluetooth-768x1075.jpg 768w, https:\/\/v2charge.com\/wp-content\/uploads\/2022\/12\/v2c-internet-bluetooth-1097x1536.jpg 1097w, https:\/\/v2charge.com\/wp-content\/uploads\/2022\/12\/v2c-internet-bluetooth.jpg 1385w\" sizes=\"(max-width: 366px) 100vw, 366px\" \/><\/figure>\n<\/div>\n\n<p>\u010ce imamo povezavo Bluetooth, lahko dostopamo do naprave na njenem glavnem zaslonu. Vstopili bomo v to\u010dko polnjenja v na\u010dinu Bluetooth. Dostopite do zavihka nastavitve.<\/p>\n\n<blockquote class=\"is-layout-flow wp-block-quote-is-layout-flow\"><p>Oprema, ki je ne moremo uporabljati prek bluetootha, bo neposredno dostopala do strani za nastavitev Wifi.<\/p><\/blockquote>\n\n\n<figure><img decoding=\"async\" src=\"https:\/\/v2charge.com\/wp-content\/uploads\/2022\/12\/v2c-app-ajustes-731x1024.jpg\" alt=\"Ajustes V2C App\" width=\"366\" height=\"512\"\/><\/figure>\n\n\n<p>Ko dostopamo do menija nastavitev na dnu, lahko izberemo nastavitev WIFI.<\/p>\n\n\n<figure><img decoding=\"async\" src=\"https:\/\/v2charge.com\/wp-content\/uploads\/2022\/12\/configuracio\u0301n-app-v2c-731x1024.jpg\" alt=\"Configuraci\u00f3n App\" width=\"366\" height=\"512\"\/><\/figure>\n\n\n\n<figure><img decoding=\"async\" src=\"https:\/\/v2charge.com\/wp-content\/uploads\/2022\/12\/v2c-app-wifi-conectar-731x1024.jpg\" alt=\"V2C App Wi-Fi\" width=\"366\" height=\"512\"\/><\/figure>\n\n\n<p>Na napravah Android, \u010de imate WiFi vklopljen, vam bo samodejno prikazal razpolo\u017eljive omre\u017eja, v nasprotnem primeru morate vpisati ime WiFi SSID, tako kot je navedeno na usmerjevalniku (upo\u0161tevajo\u010d velike in male \u010drke). Vnesite geslo.<\/p>\n\n<p>Glede na opremo se bo v tem trenutku ponovno zagnala. Po nekaj minutah po ponovnem zagonu bi se v aplikaciji moral prikazati polnilni priklju\u010dek s povezavo na internet. \u010ce to ne bi bilo tako, preverite, ali je geslo pravilno. Ve\u010d informacij o tem, kako preveriti, ali je moja oprema povezana, boste na\u0161li v priro\u010dniku polnilnega priklju\u010dka.<\/p>\n\n<blockquote class=\"is-layout-flow wp-block-quote-is-layout-flow\"><p>Vedno pove\u017eite napravo z omre\u017ejem wifi, ki ima ustrezno signalno mo\u010d, ali namestite wifi repetitor; v nasprotnem primeru boste imeli te\u017eave z odklopi ali nepravilnim delovanjem. <\/p><p>Wifi omre\u017eja z nekak\u0161no za\u0161\u010dito (firewall), blokado DHCP, zapiranjem vrat itd., ki so obi\u010dajno povezana s podjetji, je treba konfigurirati v sodelovanju z odgovorno osebo za tehniko. Za ve\u010d informacij se obrnite na na\u0161o podporo. <\/p><\/blockquote>\n\n\n<div style=\"height:60px\" aria-hidden=\"true\" class=\"wp-block-spacer\"><\/div>\n","protected":false},"excerpt":{"rendered":"<p>Kako povezati moj V2C polnilni punkt na wifi? Glede na model, ki ga imate, se bo postopek izvajal na en na\u010din ali na drugega. Vendar pa je skupno vsem, da ga je treba izvesti preko mobilne aplikacije, in Bluetooth mora biti omogo\u010den. Uporaba Bluetootha zahteva omogo\u010danje lokacije na ve\u010dini naprav Android. Povezava med polnilno to\u010dko &#8230; <a title=\"Kako povezati moj V2C polnilni punkt na wifi?\" class=\"read-more\" href=\"https:\/\/v2charge.com\/sl\/kako-povezati-moj-v2c-polnilni-punkt-na-wifi\/\" aria-label=\"Read more about Kako povezati moj V2C polnilni punkt na wifi?\">Read more<\/a><\/p>\n","protected":false},"author":1,"featured_media":170354,"parent":0,"menu_order":0,"comment_status":"closed","ping_status":"closed","template":"","meta":{"_eb_attr":"","content-type":"","_uag_custom_page_level_css":"","footnotes":""},"class_list":["post-312789","page","type-page","status-publish","has-post-thumbnail"],"yoast_head":"<!-- This site is optimized with the Yoast SEO plugin v25.3.1 - https:\/\/yoast.com\/wordpress\/plugins\/seo\/ -->\n<title>Kako povezati svoj elektri\u010dni polnilni punkt na Wifi? | V2C<\/title>\n<meta name=\"description\" content=\"Pojasnimo, kako se tvoj elektri\u010dni polnilni punkt V2C pove\u017ee na Wifi. U\u017eivaj v najnovej\u0161i tehnologiji z na\u0161imi e-Chargerji.\" \/>\n<meta name=\"robots\" content=\"index, follow, max-snippet:-1, max-image-preview:large, max-video-preview:-1\" \/>\n<link rel=\"canonical\" href=\"https:\/\/v2charge.com\/sl\/kako-povezati-moj-v2c-polnilni-punkt-na-wifi\/\" \/>\n<meta property=\"og:locale\" content=\"sl_SI\" \/>\n<meta property=\"og:type\" content=\"article\" \/>\n<meta property=\"og:title\" content=\"Kako povezati svoj elektri\u010dni polnilni punkt na Wifi? | V2C\" \/>\n<meta property=\"og:description\" content=\"Pojasnimo, kako se tvoj elektri\u010dni polnilni punkt V2C pove\u017ee na Wifi. U\u017eivaj v najnovej\u0161i tehnologiji z na\u0161imi e-Chargerji.\" \/>\n<meta property=\"og:url\" content=\"https:\/\/v2charge.com\/sl\/kako-povezati-moj-v2c-polnilni-punkt-na-wifi\/\" \/>\n<meta property=\"og:site_name\" content=\"V2C\" \/>\n<meta property=\"article:publisher\" content=\"https:\/\/www.facebook.com\/V2C.Charge\" \/>\n<meta property=\"article:modified_time\" content=\"2023-10-02T11:21:33+00:00\" \/>\n<meta property=\"og:image\" content=\"https:\/\/v2charge.com\/wp-content\/uploads\/2024\/07\/v2c-electric-chargers.jpg\" \/>\n\t<meta property=\"og:image:width\" content=\"1200\" \/>\n\t<meta property=\"og:image:height\" content=\"675\" \/>\n\t<meta property=\"og:image:type\" content=\"image\/jpeg\" \/>\n<meta name=\"twitter:card\" content=\"summary_large_image\" \/>\n<meta name=\"twitter:site\" content=\"@V2C_Charge\" \/>\n<meta name=\"twitter:label1\" content=\"Est. reading time\" \/>\n\t<meta name=\"twitter:data1\" content=\"3 minute\" \/>\n<script type=\"application\/ld+json\" class=\"yoast-schema-graph\">{\"@context\":\"https:\/\/schema.org\",\"@graph\":[{\"@type\":\"WebPage\",\"@id\":\"https:\/\/v2charge.com\/sl\/kako-povezati-moj-v2c-polnilni-punkt-na-wifi\/\",\"url\":\"https:\/\/v2charge.com\/sl\/kako-povezati-moj-v2c-polnilni-punkt-na-wifi\/\",\"name\":\"Kako povezati svoj elektri\u010dni polnilni punkt na Wifi? | V2C\",\"isPartOf\":{\"@id\":\"https:\/\/v2charge.com\/sl\/#website\"},\"primaryImageOfPage\":{\"@id\":\"https:\/\/v2charge.com\/sl\/kako-povezati-moj-v2c-polnilni-punkt-na-wifi\/#primaryimage\"},\"image\":{\"@id\":\"https:\/\/v2charge.com\/sl\/kako-povezati-moj-v2c-polnilni-punkt-na-wifi\/#primaryimage\"},\"thumbnailUrl\":\"https:\/\/v2charge.com\/wp-content\/uploads\/2024\/07\/v2c-electric-chargers.jpg\",\"datePublished\":\"2021-12-31T13:08:13+00:00\",\"dateModified\":\"2023-10-02T11:21:33+00:00\",\"description\":\"Pojasnimo, kako se tvoj elektri\u010dni polnilni punkt V2C pove\u017ee na Wifi. U\u017eivaj v najnovej\u0161i tehnologiji z na\u0161imi e-Chargerji.\",\"breadcrumb\":{\"@id\":\"https:\/\/v2charge.com\/sl\/kako-povezati-moj-v2c-polnilni-punkt-na-wifi\/#breadcrumb\"},\"inLanguage\":\"sl-SI\",\"potentialAction\":[{\"@type\":\"ReadAction\",\"target\":[\"https:\/\/v2charge.com\/sl\/kako-povezati-moj-v2c-polnilni-punkt-na-wifi\/\"]}]},{\"@type\":\"ImageObject\",\"inLanguage\":\"sl-SI\",\"@id\":\"https:\/\/v2charge.com\/sl\/kako-povezati-moj-v2c-polnilni-punkt-na-wifi\/#primaryimage\",\"url\":\"https:\/\/v2charge.com\/wp-content\/uploads\/2024\/07\/v2c-electric-chargers.jpg\",\"contentUrl\":\"https:\/\/v2charge.com\/wp-content\/uploads\/2024\/07\/v2c-electric-chargers.jpg\",\"width\":1200,\"height\":675,\"caption\":\"V2C Electric Chargers\"},{\"@type\":\"BreadcrumbList\",\"@id\":\"https:\/\/v2charge.com\/sl\/kako-povezati-moj-v2c-polnilni-punkt-na-wifi\/#breadcrumb\",\"itemListElement\":[{\"@type\":\"ListItem\",\"position\":1,\"name\":\"V2C\",\"item\":\"https:\/\/v2charge.com\/sl\/\"},{\"@type\":\"ListItem\",\"position\":2,\"name\":\"Kako povezati moj V2C polnilni punkt na wifi?\"}]},{\"@type\":\"WebSite\",\"@id\":\"https:\/\/v2charge.com\/sl\/#website\",\"url\":\"https:\/\/v2charge.com\/sl\/\",\"name\":\"V2C\",\"description\":\"#CargandoElMa\u00f1ana\",\"publisher\":{\"@id\":\"https:\/\/v2charge.com\/sl\/#organization\"},\"potentialAction\":[{\"@type\":\"SearchAction\",\"target\":{\"@type\":\"EntryPoint\",\"urlTemplate\":\"https:\/\/v2charge.com\/sl\/?s={search_term_string}\"},\"query-input\":{\"@type\":\"PropertyValueSpecification\",\"valueRequired\":true,\"valueName\":\"search_term_string\"}}],\"inLanguage\":\"sl-SI\"},{\"@type\":\"Organization\",\"@id\":\"https:\/\/v2charge.com\/sl\/#organization\",\"name\":\"V2C\",\"url\":\"https:\/\/v2charge.com\/sl\/\",\"logo\":{\"@type\":\"ImageObject\",\"inLanguage\":\"sl-SI\",\"@id\":\"https:\/\/v2charge.com\/sl\/#\/schema\/logo\/image\/\",\"url\":\"https:\/\/v2charge.com\/wp-content\/uploads\/2024\/11\/cropped-v2c-charge-logo-menu.png\",\"contentUrl\":\"https:\/\/v2charge.com\/wp-content\/uploads\/2024\/11\/cropped-v2c-charge-logo-menu.png\",\"width\":984,\"height\":431,\"caption\":\"V2C\"},\"image\":{\"@id\":\"https:\/\/v2charge.com\/sl\/#\/schema\/logo\/image\/\"},\"sameAs\":[\"https:\/\/www.facebook.com\/V2C.Charge\",\"https:\/\/x.com\/V2C_Charge\",\"https:\/\/www.instagram.com\/v2c.charge\/\",\"https:\/\/www.youtube.com\/@V2C\",\"https:\/\/www.linkedin.com\/company\/v2c-chargers\/\"]}]}<\/script>\n<!-- \/ Yoast SEO plugin. -->","yoast_head_json":{"title":"Kako povezati svoj elektri\u010dni polnilni punkt na Wifi? | V2C","description":"Pojasnimo, kako se tvoj elektri\u010dni polnilni punkt V2C pove\u017ee na Wifi. U\u017eivaj v najnovej\u0161i tehnologiji z na\u0161imi e-Chargerji.","robots":{"index":"index","follow":"follow","max-snippet":"max-snippet:-1","max-image-preview":"max-image-preview:large","max-video-preview":"max-video-preview:-1"},"canonical":"https:\/\/v2charge.com\/sl\/kako-povezati-moj-v2c-polnilni-punkt-na-wifi\/","og_locale":"sl_SI","og_type":"article","og_title":"Kako povezati svoj elektri\u010dni polnilni punkt na Wifi? | V2C","og_description":"Pojasnimo, kako se tvoj elektri\u010dni polnilni punkt V2C pove\u017ee na Wifi. U\u017eivaj v najnovej\u0161i tehnologiji z na\u0161imi e-Chargerji.","og_url":"https:\/\/v2charge.com\/sl\/kako-povezati-moj-v2c-polnilni-punkt-na-wifi\/","og_site_name":"V2C","article_publisher":"https:\/\/www.facebook.com\/V2C.Charge","article_modified_time":"2023-10-02T11:21:33+00:00","og_image":[{"width":1200,"height":675,"url":"https:\/\/v2charge.com\/wp-content\/uploads\/2024\/07\/v2c-electric-chargers.jpg","type":"image\/jpeg"}],"twitter_card":"summary_large_image","twitter_site":"@V2C_Charge","twitter_misc":{"Est. reading time":"3 minute"},"schema":{"@context":"https:\/\/schema.org","@graph":[{"@type":"WebPage","@id":"https:\/\/v2charge.com\/sl\/kako-povezati-moj-v2c-polnilni-punkt-na-wifi\/","url":"https:\/\/v2charge.com\/sl\/kako-povezati-moj-v2c-polnilni-punkt-na-wifi\/","name":"Kako povezati svoj elektri\u010dni polnilni punkt na Wifi? | V2C","isPartOf":{"@id":"https:\/\/v2charge.com\/sl\/#website"},"primaryImageOfPage":{"@id":"https:\/\/v2charge.com\/sl\/kako-povezati-moj-v2c-polnilni-punkt-na-wifi\/#primaryimage"},"image":{"@id":"https:\/\/v2charge.com\/sl\/kako-povezati-moj-v2c-polnilni-punkt-na-wifi\/#primaryimage"},"thumbnailUrl":"https:\/\/v2charge.com\/wp-content\/uploads\/2024\/07\/v2c-electric-chargers.jpg","datePublished":"2021-12-31T13:08:13+00:00","dateModified":"2023-10-02T11:21:33+00:00","description":"Pojasnimo, kako se tvoj elektri\u010dni polnilni punkt V2C pove\u017ee na Wifi. U\u017eivaj v najnovej\u0161i tehnologiji z na\u0161imi e-Chargerji.","breadcrumb":{"@id":"https:\/\/v2charge.com\/sl\/kako-povezati-moj-v2c-polnilni-punkt-na-wifi\/#breadcrumb"},"inLanguage":"sl-SI","potentialAction":[{"@type":"ReadAction","target":["https:\/\/v2charge.com\/sl\/kako-povezati-moj-v2c-polnilni-punkt-na-wifi\/"]}]},{"@type":"ImageObject","inLanguage":"sl-SI","@id":"https:\/\/v2charge.com\/sl\/kako-povezati-moj-v2c-polnilni-punkt-na-wifi\/#primaryimage","url":"https:\/\/v2charge.com\/wp-content\/uploads\/2024\/07\/v2c-electric-chargers.jpg","contentUrl":"https:\/\/v2charge.com\/wp-content\/uploads\/2024\/07\/v2c-electric-chargers.jpg","width":1200,"height":675,"caption":"V2C Electric Chargers"},{"@type":"BreadcrumbList","@id":"https:\/\/v2charge.com\/sl\/kako-povezati-moj-v2c-polnilni-punkt-na-wifi\/#breadcrumb","itemListElement":[{"@type":"ListItem","position":1,"name":"V2C","item":"https:\/\/v2charge.com\/sl\/"},{"@type":"ListItem","position":2,"name":"Kako povezati moj V2C polnilni punkt na wifi?"}]},{"@type":"WebSite","@id":"https:\/\/v2charge.com\/sl\/#website","url":"https:\/\/v2charge.com\/sl\/","name":"V2C","description":"#CargandoElMa\u00f1ana","publisher":{"@id":"https:\/\/v2charge.com\/sl\/#organization"},"potentialAction":[{"@type":"SearchAction","target":{"@type":"EntryPoint","urlTemplate":"https:\/\/v2charge.com\/sl\/?s={search_term_string}"},"query-input":{"@type":"PropertyValueSpecification","valueRequired":true,"valueName":"search_term_string"}}],"inLanguage":"sl-SI"},{"@type":"Organization","@id":"https:\/\/v2charge.com\/sl\/#organization","name":"V2C","url":"https:\/\/v2charge.com\/sl\/","logo":{"@type":"ImageObject","inLanguage":"sl-SI","@id":"https:\/\/v2charge.com\/sl\/#\/schema\/logo\/image\/","url":"https:\/\/v2charge.com\/wp-content\/uploads\/2024\/11\/cropped-v2c-charge-logo-menu.png","contentUrl":"https:\/\/v2charge.com\/wp-content\/uploads\/2024\/11\/cropped-v2c-charge-logo-menu.png","width":984,"height":431,"caption":"V2C"},"image":{"@id":"https:\/\/v2charge.com\/sl\/#\/schema\/logo\/image\/"},"sameAs":["https:\/\/www.facebook.com\/V2C.Charge","https:\/\/x.com\/V2C_Charge","https:\/\/www.instagram.com\/v2c.charge\/","https:\/\/www.youtube.com\/@V2C","https:\/\/www.linkedin.com\/company\/v2c-chargers\/"]}]}},"uagb_featured_image_src":{"full":["https:\/\/v2charge.com\/wp-content\/uploads\/2024\/07\/v2c-electric-chargers.jpg",1200,675,false],"thumbnail":["https:\/\/v2charge.com\/wp-content\/uploads\/2024\/07\/v2c-electric-chargers-150x150.jpg",150,150,true],"medium":["https:\/\/v2charge.com\/wp-content\/uploads\/2024\/07\/v2c-electric-chargers-300x169.jpg",300,169,true],"medium_large":["https:\/\/v2charge.com\/wp-content\/uploads\/2024\/07\/v2c-electric-chargers-768x432.jpg",768,432,true],"large":["https:\/\/v2charge.com\/wp-content\/uploads\/2024\/07\/v2c-electric-chargers-1024x576.jpg",1024,576,true],"gs-tiny":["https:\/\/v2charge.com\/wp-content\/uploads\/2024\/07\/v2c-electric-chargers.jpg",50,28,false],"xl":["https:\/\/v2charge.com\/wp-content\/uploads\/2024\/07\/v2c-electric-chargers.jpg",1200,675,false],"xxl":["https:\/\/v2charge.com\/wp-content\/uploads\/2024\/07\/v2c-electric-chargers.jpg",1200,675,false],"xxxl":["https:\/\/v2charge.com\/wp-content\/uploads\/2024\/07\/v2c-electric-chargers.jpg",1200,675,false],"xxxxl":["https:\/\/v2charge.com\/wp-content\/uploads\/2024\/07\/v2c-electric-chargers.jpg",1200,675,false],"xxxxxl":["https:\/\/v2charge.com\/wp-content\/uploads\/2024\/07\/v2c-electric-chargers.jpg",1200,675,false],"1536x1536":["https:\/\/v2charge.com\/wp-content\/uploads\/2024\/07\/v2c-electric-chargers.jpg",1200,675,false],"2048x2048":["https:\/\/v2charge.com\/wp-content\/uploads\/2024\/07\/v2c-electric-chargers.jpg",1200,675,false]},"uagb_author_info":{"display_name":"V2C","author_link":"https:\/\/v2charge.com\/sl\/author\/root_k4eu7ki8\/"},"uagb_comment_info":0,"uagb_excerpt":"Kako povezati moj V2C polnilni punkt na wifi? Glede na model, ki ga imate, se bo postopek izvajal na en na\u010din ali na drugega. Vendar pa je skupno vsem, da ga je treba izvesti preko mobilne aplikacije, in Bluetooth mora biti omogo\u010den. Uporaba Bluetootha zahteva omogo\u010danje lokacije na ve\u010dini naprav Android. Povezava med polnilno to\u010dko&hellip;","_links":{"self":[{"href":"https:\/\/v2charge.com\/sl\/wp-json\/wp\/v2\/pages\/312789","targetHints":{"allow":["GET"]}}],"collection":[{"href":"https:\/\/v2charge.com\/sl\/wp-json\/wp\/v2\/pages"}],"about":[{"href":"https:\/\/v2charge.com\/sl\/wp-json\/wp\/v2\/types\/page"}],"author":[{"embeddable":true,"href":"https:\/\/v2charge.com\/sl\/wp-json\/wp\/v2\/users\/1"}],"replies":[{"embeddable":true,"href":"https:\/\/v2charge.com\/sl\/wp-json\/wp\/v2\/comments?post=312789"}],"version-history":[{"count":0,"href":"https:\/\/v2charge.com\/sl\/wp-json\/wp\/v2\/pages\/312789\/revisions"}],"wp:featuredmedia":[{"embeddable":true,"href":"https:\/\/v2charge.com\/sl\/wp-json\/wp\/v2\/media\/170354"}],"wp:attachment":[{"href":"https:\/\/v2charge.com\/sl\/wp-json\/wp\/v2\/media?parent=312789"}],"curies":[{"name":"wp","href":"https:\/\/api.w.org\/{rel}","templated":true}]}}