{"id":312790,"date":"2021-12-31T13:51:24","date_gmt":"2021-12-31T13:51:24","guid":{"rendered":""},"modified":"2025-11-27T15:58:11","modified_gmt":"2025-11-27T13:58:11","slug":"kako-povezati-svojo-polnilno-postajo-prek-bluetootha","status":"publish","type":"page","link":"https:\/\/v2charge.com\/sl\/kako-povezati-svojo-polnilno-postajo-prek-bluetootha\/","title":{"rendered":"Kako povezati svojo polnilno postajo prek Bluetootha?"},"content":{"rendered":"\n<div class=\"wp-block-uagb-container uagb-block-794f623d alignfull uagb-is-root-container\"><div class=\"uagb-container-inner-blocks-wrap\"><div class=\"wp-block-uagb-advanced-heading uagb-block-af68f17d\"><h1 class=\"uagb-heading-text\">Bluetooth povezava<\/h1><\/div>\n\n\n<div class=\"wp-block-uagb-container uagb-block-5c7a0ce3 alignfull uagb-is-root-container\"><div class=\"uagb-container-inner-blocks-wrap\">\n<div class=\"wp-block-uagb-container uagb-block-1d77327f alignfull uagb-is-root-container\"><div class=\"uagb-container-inner-blocks-wrap\">\n<div class=\"wp-block-uagb-container uagb-block-7386db3b\"><p><strong>Pove\u017eite se z e-Chargerjem prek Bluetootha<\/strong>. Svoj polnilnik lahko upravljate tudi, ko va\u0161 mobilni telefon nima signala.<br><br>Prek te povezave lahko izvedete <strong>vso nastavitev polnilnika<\/strong>, prav tako pa si lahko ogledate statistiko na daljavo, polnjenje v realnem \u010dasu itd. Vendar pa bo <strong>vedno bolj omejena<\/strong> kot njegova uporaba prek internetne povezave.<br><br>Te funkcije prek Bluetootha so na voljo na napravah, namenjenih <strong>osebni uporabi v skupnih gara\u017eah<\/strong> in za <strong>pametne telefone z operacijskim sistemom Android ali iOS<\/strong>.<br><br>Za hitro in kakovostno komunikacijo je priporo\u010dljivo, da ste med celotnim postopkom <strong>na razdalji manj kot 10 metrov<\/strong> od polnilnika.<br><br>Za u\u010dinkovito skeniranje prek Bluetootha e-Chargerja je pomembno, da se prepri\u010date, da je <strong>funkcija lokacije omogo\u010dena<\/strong> na va\u0161em mobilnem telefonu. To je zato, ker uporabljamo tehnologijo BLE (Bluetooth Low Energy), da zmanj\u0161amo porabo baterije in zagotovimo u\u010dinkovito delovanje.<\/p><\/div>\n\n\n\n<div class=\"wp-block-uagb-container uagb-block-bac9cb41\">\t\t\t\t\t<div\n\t\t\t\t\t\tclass=\"wp-block-uagb-image-gallery uagb-block-c25a6b5d     \"\n\t\t\t\t\t\tstyle=\"\"\n\t\t\t\t\t>\n\t\t\t\t\t\t\t\t\t\t\t<div class=\"spectra-image-gallery spectra-image-gallery__layout--carousel\">\n\t\t\t\t\t\t\t\t<div class=\"uagb-slick-carousel uagb-block-c25a6b5d\">\n\t\t\t\t\t\t\t\t\t\t\t\t<div class='spectra-image-gallery__media-wrapper' data-spectra-gallery-image-id='262484'>\n\t\t\t\t\t\t\t<div class=\"spectra-image-gallery__media spectra-image-gallery__media--carousel\">\n\t\t\t\t<picture>\n\t\t\t\t\t<source media=\"(min-width: 1024px)\" srcset=\"https:\/\/v2charge.com\/wp-content\/uploads\/2025\/10\/bluetooth.png\">\n\t\t\t\t\t<source media=\"(min-width: 768px)\" srcset=\"https:\/\/v2charge.com\/wp-content\/uploads\/2025\/10\/bluetooth.png\">\n\t\t\t\t\t<img decoding=\"async\" class=\"spectra-image-gallery__media-thumbnail spectra-image-gallery__media-thumbnail--carousel\" src=\"https:\/\/v2charge.com\/wp-content\/uploads\/2025\/10\/bluetooth.png\" alt=\"\" loading=\"lazy\" \/>\n\t\t\t\t<\/picture>\n\t\t\t\t<div class=\"spectra-image-gallery__media-thumbnail-blurrer\"><\/div>\n\t\t\t\t\t\t\t<\/div>\n\t\t\t\t\t\t\t\t<div class=\"spectra-image-gallery__media-thumbnail-caption-wrapper spectra-image-gallery__media-thumbnail-caption-wrapper--bar-outside\">\n\t\t\t\t\t\t\t\t\t\t<div class=\"spectra-image-gallery__media-thumbnail-caption spectra-image-gallery__media-thumbnail-caption--bar-outside\">\n\t\t\t\t\t<strong>PASO 1 <br><\/strong>Es necesario tener habilitada la se\u00f1al Bluetooth del dispositivo m\u00f3vil\t\t\t\t<\/div>\n\t\t\t\t\t\t\t\t<\/div>\n\t\t\t\t\t\t\t<\/div>\n\t\t\t\t\t\t<div class='spectra-image-gallery__media-wrapper' data-spectra-gallery-image-id='264641'>\n\t\t\t\t\t\t\t<div class=\"spectra-image-gallery__media spectra-image-gallery__media--carousel\">\n\t\t\t\t<picture>\n\t\t\t\t\t<source media=\"(min-width: 1024px)\" srcset=\"https:\/\/v2charge.com\/wp-content\/uploads\/2025\/10\/icono-bluetooth-activado.png\">\n\t\t\t\t\t<source media=\"(min-width: 768px)\" srcset=\"https:\/\/v2charge.com\/wp-content\/uploads\/2025\/10\/icono-bluetooth-activado.png\">\n\t\t\t\t\t<img decoding=\"async\" class=\"spectra-image-gallery__media-thumbnail spectra-image-gallery__media-thumbnail--carousel\" src=\"https:\/\/v2charge.com\/wp-content\/uploads\/2025\/10\/icono-bluetooth-activado.png\" alt=\"\" loading=\"lazy\" \/>\n\t\t\t\t<\/picture>\n\t\t\t\t<div class=\"spectra-image-gallery__media-thumbnail-blurrer\"><\/div>\n\t\t\t\t\t\t\t<\/div>\n\t\t\t\t\t\t\t\t<div class=\"spectra-image-gallery__media-thumbnail-caption-wrapper spectra-image-gallery__media-thumbnail-caption-wrapper--bar-outside\">\n\t\t\t\t\t\t\t\t\t\t<div class=\"spectra-image-gallery__media-thumbnail-caption spectra-image-gallery__media-thumbnail-caption--bar-outside\">\n\t\t\t\t\t<strong>PASO 2 <br><\/strong>Entra en la app V2C Cloud y comprueba que el icono de Bluetooth est\u00e9 activado\t\t\t\t<\/div>\n\t\t\t\t\t\t\t\t<\/div>\n\t\t\t\t\t\t\t<\/div>\n\t\t\t\t\t\t<div class='spectra-image-gallery__media-wrapper' data-spectra-gallery-image-id='264652'>\n\t\t\t\t\t\t\t<div class=\"spectra-image-gallery__media spectra-image-gallery__media--carousel\">\n\t\t\t\t<picture>\n\t\t\t\t\t<source media=\"(min-width: 1024px)\" srcset=\"https:\/\/v2charge.com\/wp-content\/uploads\/2025\/10\/deslizar-icono-bluetooth.png\">\n\t\t\t\t\t<source media=\"(min-width: 768px)\" srcset=\"https:\/\/v2charge.com\/wp-content\/uploads\/2025\/10\/deslizar-icono-bluetooth.png\">\n\t\t\t\t\t<img decoding=\"async\" class=\"spectra-image-gallery__media-thumbnail spectra-image-gallery__media-thumbnail--carousel\" src=\"https:\/\/v2charge.com\/wp-content\/uploads\/2025\/10\/deslizar-icono-bluetooth.png\" alt=\"\" loading=\"lazy\" \/>\n\t\t\t\t<\/picture>\n\t\t\t\t<div class=\"spectra-image-gallery__media-thumbnail-blurrer\"><\/div>\n\t\t\t\t\t\t\t<\/div>\n\t\t\t\t\t\t\t\t<div class=\"spectra-image-gallery__media-thumbnail-caption-wrapper spectra-image-gallery__media-thumbnail-caption-wrapper--bar-outside\">\n\t\t\t\t\t\t\t\t\t\t<div class=\"spectra-image-gallery__media-thumbnail-caption spectra-image-gallery__media-thumbnail-caption--bar-outside\">\n\t\t\t\t\t<strong>PASO 3 <br><\/strong>En caso de estar desactivado, desliza hacia abajo para refrescar la p\u00e1gina\t\t\t\t<\/div>\n\t\t\t\t\t\t\t\t<\/div>\n\t\t\t\t\t\t\t<\/div>\n\t\t\t\t\t\t\t\t\t\t\t<\/div>\n\t\t\t\t\t\t\t<\/div>\n\t\t\t\t\t\t\t\t\t\t\t<\/div>\n\t\t\t\t\t\t\t\t\t<\/div>\n<\/div><\/div>\n\n\n\n<div class=\"wp-block-uagb-container uagb-block-351929e5\"><div class=\"wp-block-uagb-advanced-heading uagb-block-1fe04f68\"><p class=\"uagb-heading-text\"><strong>Preko Bluetooth lahko izvaja\u0161, med drugim, naslednje funkcije:<\/strong><\/p><\/div>\n\n\n<div class=\"wp-block-uagb-container uagb-block-bd34d8fc alignfull uagb-is-root-container\"><div class=\"uagb-container-inner-blocks-wrap\">\n<div class=\"wp-block-uagb-container uagb-block-35010b14\">\n<div class=\"wp-block-uagb-icon-list uagb-block-7fefa3c9\"><div class=\"uagb-icon-list__wrap\"><div class=\"wp-block-uagb-icon-list-child uagb-block-0e9bc83d\"><span class=\"uagb-icon-list__source-wrap\"><svg xmlns=\"https:\/\/www.w3.org\/2000\/svg\" viewBox=\"0 0 448 512\"><path d=\"M438.6 105.4C451.1 117.9 451.1 138.1 438.6 150.6L182.6 406.6C170.1 419.1 149.9 419.1 137.4 406.6L9.372 278.6C-3.124 266.1-3.124 245.9 9.372 233.4C21.87 220.9 42.13 220.9 54.63 233.4L159.1 338.7L393.4 105.4C405.9 92.88 426.1 92.88 438.6 105.4H438.6z\"><\/path><\/svg><\/span><span class=\"uagb-icon-list__label\">Vsa nastavitev e-Chargerja<\/span><\/div>\n\n<div class=\"wp-block-uagb-icon-list-child uagb-block-2b8fe459\"><span class=\"uagb-icon-list__source-wrap\"><svg xmlns=\"https:\/\/www.w3.org\/2000\/svg\" viewBox=\"0 0 448 512\"><path d=\"M438.6 105.4C451.1 117.9 451.1 138.1 438.6 150.6L182.6 406.6C170.1 419.1 149.9 419.1 137.4 406.6L9.372 278.6C-3.124 266.1-3.124 245.9 9.372 233.4C21.87 220.9 42.13 220.9 54.63 233.4L159.1 338.7L393.4 105.4C405.9 92.88 426.1 92.88 438.6 105.4H438.6z\"><\/path><\/svg><\/span><span class=\"uagb-icon-list__label\">Zakleni\/odkleni (omogo\u010di\/onemogo\u010di)<\/span><\/div>\n\n<div class=\"wp-block-uagb-icon-list-child uagb-block-b54500a8\"><span class=\"uagb-icon-list__source-wrap\"><svg xmlns=\"https:\/\/www.w3.org\/2000\/svg\" viewBox=\"0 0 448 512\"><path d=\"M438.6 105.4C451.1 117.9 451.1 138.1 438.6 150.6L182.6 406.6C170.1 419.1 149.9 419.1 137.4 406.6L9.372 278.6C-3.124 266.1-3.124 245.9 9.372 233.4C21.87 220.9 42.13 220.9 54.63 233.4L159.1 338.7L393.4 105.4C405.9 92.88 426.1 92.88 438.6 105.4H438.6z\"><\/path><\/svg><\/span><span class=\"uagb-icon-list__label\">Spremljajte polnjenje v realnem \u010dasu<\/span><\/div>\n\n<div class=\"wp-block-uagb-icon-list-child uagb-block-4b3a2242\"><span class=\"uagb-icon-list__source-wrap\"><svg xmlns=\"https:\/\/www.w3.org\/2000\/svg\" viewBox=\"0 0 448 512\"><path d=\"M438.6 105.4C451.1 117.9 451.1 138.1 438.6 150.6L182.6 406.6C170.1 419.1 149.9 419.1 137.4 406.6L9.372 278.6C-3.124 266.1-3.124 245.9 9.372 233.4C21.87 220.9 42.13 220.9 54.63 233.4L159.1 338.7L393.4 105.4C405.9 92.88 426.1 92.88 438.6 105.4H438.6z\"><\/path><\/svg><\/span><span class=\"uagb-icon-list__label\">Spremenite mo\u010d polnjenja v realnem \u010dasu<\/span><\/div><\/div><\/div>\n<\/div>\n\n\n\n<div class=\"wp-block-uagb-container uagb-block-8b1d6961\">\n<div class=\"wp-block-uagb-icon-list uagb-block-70a07d43\"><div class=\"uagb-icon-list__wrap\"><div class=\"wp-block-uagb-icon-list-child uagb-block-5a4efd29\"><span class=\"uagb-icon-list__source-wrap\"><svg xmlns=\"https:\/\/www.w3.org\/2000\/svg\" viewBox=\"0 0 448 512\"><path d=\"M438.6 105.4C451.1 117.9 451.1 138.1 438.6 150.6L182.6 406.6C170.1 419.1 149.9 419.1 137.4 406.6L9.372 278.6C-3.124 266.1-3.124 245.9 9.372 233.4C21.87 220.9 42.13 220.9 54.63 233.4L159.1 338.7L393.4 105.4C405.9 92.88 426.1 92.88 438.6 105.4H438.6z\"><\/path><\/svg><\/span><span class=\"uagb-icon-list__label\">Programirajte \u010dasovnike<\/span><\/div>\n\n<div class=\"wp-block-uagb-icon-list-child uagb-block-e60e7a58\"><span class=\"uagb-icon-list__source-wrap\"><svg xmlns=\"https:\/\/www.w3.org\/2000\/svg\" viewBox=\"0 0 448 512\"><path d=\"M438.6 105.4C451.1 117.9 451.1 138.1 438.6 150.6L182.6 406.6C170.1 419.1 149.9 419.1 137.4 406.6L9.372 278.6C-3.124 266.1-3.124 245.9 9.372 233.4C21.87 220.9 42.13 220.9 54.63 233.4L159.1 338.7L393.4 105.4C405.9 92.88 426.1 92.88 438.6 105.4H438.6z\"><\/path><\/svg><\/span><span class=\"uagb-icon-list__label\">Programiranje dinami\u010dnega nadzora mo\u010di (Namestitve s fotovoltaiko ali brez nje)<\/span><\/div>\n\n<div class=\"wp-block-uagb-icon-list-child uagb-block-11e30ba6\"><span class=\"uagb-icon-list__source-wrap\"><svg xmlns=\"https:\/\/www.w3.org\/2000\/svg\" viewBox=\"0 0 448 512\"><path d=\"M438.6 105.4C451.1 117.9 451.1 138.1 438.6 150.6L182.6 406.6C170.1 419.1 149.9 419.1 137.4 406.6L9.372 278.6C-3.124 266.1-3.124 245.9 9.372 233.4C21.87 220.9 42.13 220.9 54.63 233.4L159.1 338.7L393.4 105.4C405.9 92.88 426.1 92.88 438.6 105.4H438.6z\"><\/path><\/svg><\/span><span class=\"uagb-icon-list__label\">Nalo\u017eite statistiko v oblak (lahko jih pregledate brez povezave na e-Charger)<\/span><\/div><\/div><\/div>\n<\/div>\n<\/div><\/div>\n<\/div>\n\n\n<div class=\"wp-block-uagb-advanced-heading uagb-block-f5ab49d1\"><p class=\"uagb-heading-text\">* Prvi\u010d se mora\u0161 prijaviti v aplikacijo z internetno povezavo, nato bomo shranili tvoj uporabni\u0161ki ra\u010dun v predpomnilnik. Priporo\u010dljivo je, da odpre\u0161 aplikacijo, ko ima\u0161 internetno povezavo, da se&nbsp;posodobijo statistike polnjenja. <strong>Web platforma ne deluje za uporabnike s to povezavo.<\/strong><\/p><\/div><\/div><\/div>\n<\/div><\/div>\n\n\n\n<div class=\"wp-block-uagb-container gradient-try-section3 uagb-block-18580f50 alignfull uagb-is-root-container\"><div class=\"uagb-container-inner-blocks-wrap\">\n<div data-aos= \"fade\" data-aos-duration=\"400\" data-aos-delay=\"0\" data-aos-easing=\"ease\" data-aos-once=\"true\" class=\"wp-block-uagb-container uagb-block-c7b70b4d default uagb-is-root-container\">\n<div class=\"wp-block-uagb-container uagb-block-8c7be9d3\"><div class=\"wp-block-uagb-advanced-heading uagb-block-0b94933a\"><h2 class=\"uagb-heading-text\">Preverite celoten vodnik za aplikacijo V2C Cloud<\/h2><\/div>\n\n\n<div class=\"wp-block-uagb-buttons uagb-buttons__outer-wrap uagb-btn__default-btn uagb-btn-tablet__default-btn uagb-btn-mobile__default-btn uagb-block-e9bcb751\"><div class=\"uagb-buttons__wrap uagb-buttons-layout-wrap \"><div class=\"wp-block-uagb-buttons-child uagb-buttons__outer-wrap uagb-block-0b38b9b4 wp-block-button\"><div class=\"uagb-button__wrapper\"><a class=\"uagb-buttons-repeater wp-block-button__link\" aria-label=\"\" href=\"https:\/\/v2charge.com\/sl\/podro-je-podpore\/podpora-v2c-cloud\/nastavitev-v2c-cloud\/\" rel=\"follow noopener\" target=\"_self\" role=\"button\"><div class=\"uagb-button__link\">Oglejte si vodnik V2C Cloud<\/div><\/a><\/div><\/div><\/div><\/div>\n<\/div>\n<\/div>\n<\/div><\/div>\n","protected":false},"excerpt":{"rendered":"<p>Bluetooth povezava Pove\u017eite se z e-Chargerjem prek Bluetootha. Svoj polnilnik lahko upravljate tudi, ko va\u0161 mobilni telefon nima signala. Prek te povezave lahko izvedete vso nastavitev polnilnika, prav tako pa si lahko ogledate statistiko na daljavo, polnjenje v realnem \u010dasu itd. Vendar pa bo vedno bolj omejena kot njegova uporaba prek internetne povezave. Te funkcije &#8230; <a title=\"Kako povezati svojo polnilno postajo prek Bluetootha?\" class=\"read-more\" href=\"https:\/\/v2charge.com\/sl\/kako-povezati-svojo-polnilno-postajo-prek-bluetootha\/\" aria-label=\"Read more about Kako povezati svojo polnilno postajo prek Bluetootha?\">Read more<\/a><\/p>\n","protected":false},"author":1,"featured_media":170346,"parent":0,"menu_order":0,"comment_status":"closed","ping_status":"closed","template":"","meta":{"_eb_attr":"","content-type":"","_uag_custom_page_level_css":"","footnotes":""},"class_list":["post-312790","page","type-page","status-publish","has-post-thumbnail"],"yoast_head":"<!-- This site is optimized with the Yoast SEO plugin v25.3.1 - https:\/\/yoast.com\/wordpress\/plugins\/seo\/ -->\n<title>Kako povezati moj V2C polnilni punkt z Bluetoothom<\/title>\n<meta name=\"description\" content=\"\u010ce \u017eelite povezati svoj elektri\u010dni polnilec V2C prek Bluetootha, vam na preprost na\u010din razlo\u017eimo, kako to storiti prek V2C Cloud.\" \/>\n<meta name=\"robots\" content=\"index, follow, max-snippet:-1, max-image-preview:large, max-video-preview:-1\" \/>\n<link rel=\"canonical\" href=\"https:\/\/v2charge.com\/sl\/kako-povezati-svojo-polnilno-postajo-prek-bluetootha\/\" \/>\n<meta property=\"og:locale\" content=\"sl_SI\" \/>\n<meta property=\"og:type\" content=\"article\" \/>\n<meta property=\"og:title\" content=\"Kako povezati moj V2C polnilni punkt z Bluetoothom\" \/>\n<meta property=\"og:description\" content=\"\u010ce \u017eelite povezati svoj elektri\u010dni polnilec V2C prek Bluetootha, vam na preprost na\u010din razlo\u017eimo, kako to storiti prek V2C Cloud.\" \/>\n<meta property=\"og:url\" content=\"https:\/\/v2charge.com\/sl\/kako-povezati-svojo-polnilno-postajo-prek-bluetootha\/\" \/>\n<meta property=\"og:site_name\" content=\"V2C\" \/>\n<meta property=\"article:publisher\" content=\"https:\/\/www.facebook.com\/V2C.Charge\" \/>\n<meta property=\"article:modified_time\" content=\"2025-11-27T13:58:11+00:00\" \/>\n<meta property=\"og:image\" content=\"https:\/\/v2charge.com\/wp-content\/uploads\/2024\/07\/v2c-electric-chargers.jpg\" \/>\n\t<meta property=\"og:image:width\" content=\"1200\" \/>\n\t<meta property=\"og:image:height\" content=\"675\" \/>\n\t<meta property=\"og:image:type\" content=\"image\/jpeg\" \/>\n<meta name=\"twitter:card\" content=\"summary_large_image\" \/>\n<meta name=\"twitter:site\" content=\"@V2C_Charge\" \/>\n<meta name=\"twitter:label1\" content=\"Est. reading time\" \/>\n\t<meta name=\"twitter:data1\" content=\"2 minuti\" \/>\n<script type=\"application\/ld+json\" class=\"yoast-schema-graph\">{\"@context\":\"https:\/\/schema.org\",\"@graph\":[{\"@type\":\"WebPage\",\"@id\":\"https:\/\/v2charge.com\/sl\/kako-povezati-svojo-polnilno-postajo-prek-bluetootha\/\",\"url\":\"https:\/\/v2charge.com\/sl\/kako-povezati-svojo-polnilno-postajo-prek-bluetootha\/\",\"name\":\"Kako povezati moj V2C polnilni punkt z Bluetoothom\",\"isPartOf\":{\"@id\":\"https:\/\/v2charge.com\/sl\/#website\"},\"primaryImageOfPage\":{\"@id\":\"https:\/\/v2charge.com\/sl\/kako-povezati-svojo-polnilno-postajo-prek-bluetootha\/#primaryimage\"},\"image\":{\"@id\":\"https:\/\/v2charge.com\/sl\/kako-povezati-svojo-polnilno-postajo-prek-bluetootha\/#primaryimage\"},\"thumbnailUrl\":\"https:\/\/v2charge.com\/wp-content\/uploads\/2024\/07\/v2c-electric-chargers.jpg\",\"datePublished\":\"2021-12-31T13:51:24+00:00\",\"dateModified\":\"2025-11-27T13:58:11+00:00\",\"description\":\"\u010ce \u017eelite povezati svoj elektri\u010dni polnilec V2C prek Bluetootha, vam na preprost na\u010din razlo\u017eimo, kako to storiti prek V2C Cloud.\",\"breadcrumb\":{\"@id\":\"https:\/\/v2charge.com\/sl\/kako-povezati-svojo-polnilno-postajo-prek-bluetootha\/#breadcrumb\"},\"inLanguage\":\"sl-SI\",\"potentialAction\":[{\"@type\":\"ReadAction\",\"target\":[\"https:\/\/v2charge.com\/sl\/kako-povezati-svojo-polnilno-postajo-prek-bluetootha\/\"]}]},{\"@type\":\"ImageObject\",\"inLanguage\":\"sl-SI\",\"@id\":\"https:\/\/v2charge.com\/sl\/kako-povezati-svojo-polnilno-postajo-prek-bluetootha\/#primaryimage\",\"url\":\"https:\/\/v2charge.com\/wp-content\/uploads\/2024\/07\/v2c-electric-chargers.jpg\",\"contentUrl\":\"https:\/\/v2charge.com\/wp-content\/uploads\/2024\/07\/v2c-electric-chargers.jpg\",\"width\":1200,\"height\":675,\"caption\":\"V2C Electric Chargers\"},{\"@type\":\"BreadcrumbList\",\"@id\":\"https:\/\/v2charge.com\/sl\/kako-povezati-svojo-polnilno-postajo-prek-bluetootha\/#breadcrumb\",\"itemListElement\":[{\"@type\":\"ListItem\",\"position\":1,\"name\":\"V2C\",\"item\":\"https:\/\/v2charge.com\/sl\/\"},{\"@type\":\"ListItem\",\"position\":2,\"name\":\"Kako povezati svojo polnilno postajo prek Bluetootha?\"}]},{\"@type\":\"WebSite\",\"@id\":\"https:\/\/v2charge.com\/sl\/#website\",\"url\":\"https:\/\/v2charge.com\/sl\/\",\"name\":\"V2C\",\"description\":\"#CargandoElMa\u00f1ana\",\"publisher\":{\"@id\":\"https:\/\/v2charge.com\/sl\/#organization\"},\"potentialAction\":[{\"@type\":\"SearchAction\",\"target\":{\"@type\":\"EntryPoint\",\"urlTemplate\":\"https:\/\/v2charge.com\/sl\/?s={search_term_string}\"},\"query-input\":{\"@type\":\"PropertyValueSpecification\",\"valueRequired\":true,\"valueName\":\"search_term_string\"}}],\"inLanguage\":\"sl-SI\"},{\"@type\":\"Organization\",\"@id\":\"https:\/\/v2charge.com\/sl\/#organization\",\"name\":\"V2C\",\"url\":\"https:\/\/v2charge.com\/sl\/\",\"logo\":{\"@type\":\"ImageObject\",\"inLanguage\":\"sl-SI\",\"@id\":\"https:\/\/v2charge.com\/sl\/#\/schema\/logo\/image\/\",\"url\":\"https:\/\/v2charge.com\/wp-content\/uploads\/2024\/11\/cropped-v2c-charge-logo-menu.png\",\"contentUrl\":\"https:\/\/v2charge.com\/wp-content\/uploads\/2024\/11\/cropped-v2c-charge-logo-menu.png\",\"width\":984,\"height\":431,\"caption\":\"V2C\"},\"image\":{\"@id\":\"https:\/\/v2charge.com\/sl\/#\/schema\/logo\/image\/\"},\"sameAs\":[\"https:\/\/www.facebook.com\/V2C.Charge\",\"https:\/\/x.com\/V2C_Charge\",\"https:\/\/www.instagram.com\/v2c.charge\/\",\"https:\/\/www.youtube.com\/@V2C\",\"https:\/\/www.linkedin.com\/company\/v2c-chargers\/\"]}]}<\/script>\n<!-- \/ Yoast SEO plugin. -->","yoast_head_json":{"title":"Kako povezati moj V2C polnilni punkt z Bluetoothom","description":"\u010ce \u017eelite povezati svoj elektri\u010dni polnilec V2C prek Bluetootha, vam na preprost na\u010din razlo\u017eimo, kako to storiti prek V2C Cloud.","robots":{"index":"index","follow":"follow","max-snippet":"max-snippet:-1","max-image-preview":"max-image-preview:large","max-video-preview":"max-video-preview:-1"},"canonical":"https:\/\/v2charge.com\/sl\/kako-povezati-svojo-polnilno-postajo-prek-bluetootha\/","og_locale":"sl_SI","og_type":"article","og_title":"Kako povezati moj V2C polnilni punkt z Bluetoothom","og_description":"\u010ce \u017eelite povezati svoj elektri\u010dni polnilec V2C prek Bluetootha, vam na preprost na\u010din razlo\u017eimo, kako to storiti prek V2C Cloud.","og_url":"https:\/\/v2charge.com\/sl\/kako-povezati-svojo-polnilno-postajo-prek-bluetootha\/","og_site_name":"V2C","article_publisher":"https:\/\/www.facebook.com\/V2C.Charge","article_modified_time":"2025-11-27T13:58:11+00:00","og_image":[{"width":1200,"height":675,"url":"https:\/\/v2charge.com\/wp-content\/uploads\/2024\/07\/v2c-electric-chargers.jpg","type":"image\/jpeg"}],"twitter_card":"summary_large_image","twitter_site":"@V2C_Charge","twitter_misc":{"Est. reading time":"2 minuti"},"schema":{"@context":"https:\/\/schema.org","@graph":[{"@type":"WebPage","@id":"https:\/\/v2charge.com\/sl\/kako-povezati-svojo-polnilno-postajo-prek-bluetootha\/","url":"https:\/\/v2charge.com\/sl\/kako-povezati-svojo-polnilno-postajo-prek-bluetootha\/","name":"Kako povezati moj V2C polnilni punkt z Bluetoothom","isPartOf":{"@id":"https:\/\/v2charge.com\/sl\/#website"},"primaryImageOfPage":{"@id":"https:\/\/v2charge.com\/sl\/kako-povezati-svojo-polnilno-postajo-prek-bluetootha\/#primaryimage"},"image":{"@id":"https:\/\/v2charge.com\/sl\/kako-povezati-svojo-polnilno-postajo-prek-bluetootha\/#primaryimage"},"thumbnailUrl":"https:\/\/v2charge.com\/wp-content\/uploads\/2024\/07\/v2c-electric-chargers.jpg","datePublished":"2021-12-31T13:51:24+00:00","dateModified":"2025-11-27T13:58:11+00:00","description":"\u010ce \u017eelite povezati svoj elektri\u010dni polnilec V2C prek Bluetootha, vam na preprost na\u010din razlo\u017eimo, kako to storiti prek V2C Cloud.","breadcrumb":{"@id":"https:\/\/v2charge.com\/sl\/kako-povezati-svojo-polnilno-postajo-prek-bluetootha\/#breadcrumb"},"inLanguage":"sl-SI","potentialAction":[{"@type":"ReadAction","target":["https:\/\/v2charge.com\/sl\/kako-povezati-svojo-polnilno-postajo-prek-bluetootha\/"]}]},{"@type":"ImageObject","inLanguage":"sl-SI","@id":"https:\/\/v2charge.com\/sl\/kako-povezati-svojo-polnilno-postajo-prek-bluetootha\/#primaryimage","url":"https:\/\/v2charge.com\/wp-content\/uploads\/2024\/07\/v2c-electric-chargers.jpg","contentUrl":"https:\/\/v2charge.com\/wp-content\/uploads\/2024\/07\/v2c-electric-chargers.jpg","width":1200,"height":675,"caption":"V2C Electric Chargers"},{"@type":"BreadcrumbList","@id":"https:\/\/v2charge.com\/sl\/kako-povezati-svojo-polnilno-postajo-prek-bluetootha\/#breadcrumb","itemListElement":[{"@type":"ListItem","position":1,"name":"V2C","item":"https:\/\/v2charge.com\/sl\/"},{"@type":"ListItem","position":2,"name":"Kako povezati svojo polnilno postajo prek Bluetootha?"}]},{"@type":"WebSite","@id":"https:\/\/v2charge.com\/sl\/#website","url":"https:\/\/v2charge.com\/sl\/","name":"V2C","description":"#CargandoElMa\u00f1ana","publisher":{"@id":"https:\/\/v2charge.com\/sl\/#organization"},"potentialAction":[{"@type":"SearchAction","target":{"@type":"EntryPoint","urlTemplate":"https:\/\/v2charge.com\/sl\/?s={search_term_string}"},"query-input":{"@type":"PropertyValueSpecification","valueRequired":true,"valueName":"search_term_string"}}],"inLanguage":"sl-SI"},{"@type":"Organization","@id":"https:\/\/v2charge.com\/sl\/#organization","name":"V2C","url":"https:\/\/v2charge.com\/sl\/","logo":{"@type":"ImageObject","inLanguage":"sl-SI","@id":"https:\/\/v2charge.com\/sl\/#\/schema\/logo\/image\/","url":"https:\/\/v2charge.com\/wp-content\/uploads\/2024\/11\/cropped-v2c-charge-logo-menu.png","contentUrl":"https:\/\/v2charge.com\/wp-content\/uploads\/2024\/11\/cropped-v2c-charge-logo-menu.png","width":984,"height":431,"caption":"V2C"},"image":{"@id":"https:\/\/v2charge.com\/sl\/#\/schema\/logo\/image\/"},"sameAs":["https:\/\/www.facebook.com\/V2C.Charge","https:\/\/x.com\/V2C_Charge","https:\/\/www.instagram.com\/v2c.charge\/","https:\/\/www.youtube.com\/@V2C","https:\/\/www.linkedin.com\/company\/v2c-chargers\/"]}]}},"uagb_featured_image_src":{"full":["https:\/\/v2charge.com\/wp-content\/uploads\/2024\/07\/v2c-electric-chargers.jpg",1200,675,false],"thumbnail":["https:\/\/v2charge.com\/wp-content\/uploads\/2024\/07\/v2c-electric-chargers-150x150.jpg",150,150,true],"medium":["https:\/\/v2charge.com\/wp-content\/uploads\/2024\/07\/v2c-electric-chargers-300x169.jpg",300,169,true],"medium_large":["https:\/\/v2charge.com\/wp-content\/uploads\/2024\/07\/v2c-electric-chargers-768x432.jpg",768,432,true],"large":["https:\/\/v2charge.com\/wp-content\/uploads\/2024\/07\/v2c-electric-chargers-1024x576.jpg",1024,576,true],"gs-tiny":["https:\/\/v2charge.com\/wp-content\/uploads\/2024\/07\/v2c-electric-chargers.jpg",50,28,false],"xl":["https:\/\/v2charge.com\/wp-content\/uploads\/2024\/07\/v2c-electric-chargers.jpg",1200,675,false],"xxl":["https:\/\/v2charge.com\/wp-content\/uploads\/2024\/07\/v2c-electric-chargers.jpg",1200,675,false],"xxxl":["https:\/\/v2charge.com\/wp-content\/uploads\/2024\/07\/v2c-electric-chargers.jpg",1200,675,false],"xxxxl":["https:\/\/v2charge.com\/wp-content\/uploads\/2024\/07\/v2c-electric-chargers.jpg",1200,675,false],"xxxxxl":["https:\/\/v2charge.com\/wp-content\/uploads\/2024\/07\/v2c-electric-chargers.jpg",1200,675,false],"1536x1536":["https:\/\/v2charge.com\/wp-content\/uploads\/2024\/07\/v2c-electric-chargers.jpg",1200,675,false],"2048x2048":["https:\/\/v2charge.com\/wp-content\/uploads\/2024\/07\/v2c-electric-chargers.jpg",1200,675,false]},"uagb_author_info":{"display_name":"V2C","author_link":"https:\/\/v2charge.com\/sl\/author\/root_k4eu7ki8\/"},"uagb_comment_info":0,"uagb_excerpt":"Bluetooth povezava Pove\u017eite se z e-Chargerjem prek Bluetootha. Svoj polnilnik lahko upravljate tudi, ko va\u0161 mobilni telefon nima signala. Prek te povezave lahko izvedete vso nastavitev polnilnika, prav tako pa si lahko ogledate statistiko na daljavo, polnjenje v realnem \u010dasu itd. Vendar pa bo vedno bolj omejena kot njegova uporaba prek internetne povezave. Te funkcije&hellip;","_links":{"self":[{"href":"https:\/\/v2charge.com\/sl\/wp-json\/wp\/v2\/pages\/312790","targetHints":{"allow":["GET"]}}],"collection":[{"href":"https:\/\/v2charge.com\/sl\/wp-json\/wp\/v2\/pages"}],"about":[{"href":"https:\/\/v2charge.com\/sl\/wp-json\/wp\/v2\/types\/page"}],"author":[{"embeddable":true,"href":"https:\/\/v2charge.com\/sl\/wp-json\/wp\/v2\/users\/1"}],"replies":[{"embeddable":true,"href":"https:\/\/v2charge.com\/sl\/wp-json\/wp\/v2\/comments?post=312790"}],"version-history":[{"count":0,"href":"https:\/\/v2charge.com\/sl\/wp-json\/wp\/v2\/pages\/312790\/revisions"}],"wp:featuredmedia":[{"embeddable":true,"href":"https:\/\/v2charge.com\/sl\/wp-json\/wp\/v2\/media\/170346"}],"wp:attachment":[{"href":"https:\/\/v2charge.com\/sl\/wp-json\/wp\/v2\/media?parent=312790"}],"curies":[{"name":"wp","href":"https:\/\/api.w.org\/{rel}","templated":true}]}}