{"id":312797,"date":"2022-01-26T07:41:19","date_gmt":"2022-01-26T07:41:19","guid":{"rendered":""},"modified":"2023-07-19T07:12:59","modified_gmt":"2023-07-19T07:12:59","slug":"namestitev-dinami-nega-nadzora-mo-i-trydan","status":"publish","type":"page","link":"https:\/\/v2charge.com\/sl\/namestitev-dinami-nega-nadzora-mo-i-trydan\/","title":{"rendered":"Namestitev dinami\u010dnega nadzora mo\u010di &#8211; Trydan"},"content":{"rendered":"<p><strong>dynamika mo\u010di<\/strong> je naprava, ki omogo\u010da uravnote\u017eenje mo\u010di e-Chargerja z odve\u010dno mo\u010djo iz hi\u0161e ali integracijo fotovoltaike.<\/p>\n<p>Naprava, ki jo bomo od zdaj naprej imenovali <strong><em>&#8220;Su\u017enji&#8221; ali &#8220;Merilnik&#8221;<\/em><\/strong>, omogo\u010da merjenje teh porab, kar e-Chargerju omogo\u010da, da v realnem \u010dasu pozna zahtevano mo\u010d (ali energijo, ki jo proizvedejo obnovljivi viri) in jo preko svojega algoritma uporabi v svojo korist.<\/p>\n<p>Z e-Chargerjem <strong>Trydan<\/strong> je vklju\u010deno dinami\u010dno upravljanje polnjenja (trenutno se prodaja razli\u010dica V2C 2.0). Ta merilnik omogo\u010da uporabo do \u0161estih <strong>ampermetrov<\/strong> v primeru trifaznih instalacij, tri kle\u0161\u010de za merjenje skupne porabe in \u0161e tri za merjenje fotovoltaike.<\/p>\n<p>Zahvaljujo\u010d <strong>napredku in stalnemu razvoju e-Chargerja<\/strong> je zdaj mogo\u010de vzpostaviti brez\u017ei\u010dne povezave z nekaterimi najbolj iskanimi inverterskimi napravami na trgu, lahko si ogledate <a href=\"https:\/\/docs.google.com\/spreadsheets\/d\/1OciiGF5d90nbA2Aj95jAL4Xosbvhq52plvcoqeLzW-o\/edit\" target=\"_blank\" rel=\"noreferrer noopener\">posodobljen seznam<\/a> teh naprav. Poleg tega v <strong><a href=\"https:\/\/v2charge.com\/sl\/trydan-sl\/soporte\/\" target=\"_blank\" rel=\"noreferrer noopener\">oddelku za fotovoltaiko<\/a><\/strong> podpore imamo nekaj priro\u010dnikov, kjer je razlo\u017eeno postopno delovanje.<\/p>\n<h2>Kako poteka komunikacija med su\u017enjem in e-Chargerjem?<\/h2>\n<p><strong>Komunikacija poteka preko podatkovnega<\/strong> kabla z 8 \u017eicami, ki je paralelno stisnjen z RJ45 konektorjem na obeh straneh. Su\u017enji ne potrebujejo napajanja. Su\u017eenj ima LED, ki omogo\u010da, da se ugotovi, ali je bil pravilno povezan. Tako su\u017eenj kot e-Charger imata ustrezen RJ45 vhod. Naprava nima motenj, \u010de je kabel ob elektri\u010dnem kablu instalacije, vendar se priporo\u010da Kategorija 6.<\/p>\n<p><img decoding=\"async\" src=\"https:\/\/v2charge.com\/wp-content\/uploads\/2023\/01\/RJ45-Esquema-de-conexiones.png\" alt=\"Merilnik V2C 1.0 in 2.0 RJ45\" class=\"wp-image-92301\" width=\"395\" height=\"284\" srcset=\"https:\/\/v2charge.com\/wp-content\/uploads\/2023\/01\/RJ45-Esquema-de-conexiones.png 485w, https:\/\/v2charge.com\/wp-content\/uploads\/2023\/01\/RJ45-Esquema-de-conexiones-300x215.png 300w\" sizes=\"(max-width: 395px) 100vw, 395px\" \/><\/p>\n<p>RJ45 se uporablja za komunikacijski kabel UTP od e-Chargerja do su\u017enja V2C 2.0, ki je name\u0161\u010den v glavnem razdelilniku. Povezava UTP kabla mora ustrezati standardu 568A ali 568B za neposredno povezavo. OPOMBA: Polnilna postaja in inverter morata biti povezana na glavni razdelilnik hi\u0161e.<\/p>\n<div style=\"height:50px\" aria-hidden=\"true\" class=\"wp-block-spacer\"><\/div>\n<hr class=\"wp-block-separator has-alpha-channel-opacity\">\n<div style=\"height:50px\" aria-hidden=\"true\" class=\"wp-block-spacer\"><\/div>\n<h2>Su\u017enji V2C 2.0<\/h2>\n<p><img decoding=\"async\" src=\"https:\/\/v2charge.com\/wp-content\/uploads\/2023\/01\/medidor-v2c-2-0-v2charge.png\" alt=\"Merilnik V2C 2.0\" class=\"wp-image-92317\" width=\"598\" height=\"429\" srcset=\"https:\/\/v2charge.com\/wp-content\/uploads\/2023\/01\/medidor-v2c-2-0-v2charge.png 485w, https:\/\/v2charge.com\/wp-content\/uploads\/2023\/01\/medidor-v2c-2-0-v2charge-300x215.png 300w\" sizes=\"(max-width: 598px) 100vw, 598px\" \/><\/p>\n<p><strong>Su\u017enji V2C 2.0<\/strong> je najbolj razvita in uporabljena razli\u010dica do sedaj. Ima manj\u0161e dimenzije kot su\u017eenj 1.0, vendar<strong> izbolj\u0161uje zmogljivosti<\/strong>, saj ponuja branje \u0161estih kanalov in omogo\u010da nadzor smeri toka.<\/p>\n<h3>Kako izvesti namestitev merilnika V2C 2.0?<\/h3>\n<p>Kot je bilo omenjeno, je treba \u0161est priklju\u010dkov merilnika V2C 2.0 povezati v skladu z naslednjimi kriteriji.<\/p>\n<p><img decoding=\"async\" src=\"https:\/\/v2charge.com\/wp-content\/uploads\/2023\/01\/tabla-conexiones-medidor-v2c-2-0-03.png\" alt=\"Klasifikacija povezav Merilnika V2C 2.0\" class=\"wp-image-92285\" width=\"604\" height=\"433\" srcset=\"https:\/\/v2charge.com\/wp-content\/uploads\/2023\/01\/tabla-conexiones-medidor-v2c-2-0-03.png 485w, https:\/\/v2charge.com\/wp-content\/uploads\/2023\/01\/tabla-conexiones-medidor-v2c-2-0-03-300x215.png 300w\" sizes=\"(max-width: 604px) 100vw, 604px\" \/><\/p>\n<p>Na eni strani<strong>, P1, P2 in P3<\/strong> se uporabljajo za namestitev ampermetrov, ki ustrezajo vsaki fazi v za\u0161\u010ditnem razdelilniku. Vedno v smeri toka.<\/p>\n<blockquote class=\"wp-block-quote\"><p><strong><em> OPOMBA: Ampermetrov ni mogo\u010de nikoli manipulirati.<\/em><\/strong><\/p><\/blockquote>\n<p>Na drugi strani<strong> P4, P5 in P6<\/strong> se uporabljajo za namestitev ampermetrov, ki bodo merili fotovoltaiko v ustreznem vrstnem redu. Vedno v smeri toka.<\/p>\n<blockquote class=\"wp-block-quote\"><p><strong><em> OPOMBA: V primeru dvomov o tem, kako izvesti namestitev, si oglejte razli\u010dne <a href=\"https:\/\/drive.google.com\/file\/d\/1ZsZVF-apWJRWDooyMyzvWH_rKYETGttH\/view\" target=\"_blank\" rel=\"noreferrer noopener\">mo\u017enosti veljavnih shem<\/a> za identifikacijo pravilne postavitve razli\u010dnih elementov, ki sestavljajo instalacijo.<\/em><\/strong><\/p><\/blockquote>\n<div style=\"height:50px\" aria-hidden=\"true\" class=\"wp-block-spacer\"><\/div>\n<hr class=\"wp-block-separator has-alpha-channel-opacity\">\n<div style=\"height:50px\" aria-hidden=\"true\" class=\"wp-block-spacer\"><\/div>\n<h2>Su\u017enji V2C 1.0<\/h2>\n<p><img decoding=\"async\" src=\"https:\/\/v2charge.com\/wp-content\/uploads\/2023\/01\/medidor-v2c-1-0-v2charge.png\" alt=\"Merilnik V2C 1.0\" class=\"wp-image-92309\" width=\"553\" height=\"397\" srcset=\"https:\/\/v2charge.com\/wp-content\/uploads\/2023\/01\/medidor-v2c-1-0-v2charge.png 485w, https:\/\/v2charge.com\/wp-content\/uploads\/2023\/01\/medidor-v2c-1-0-v2charge-300x215.png 300w\" sizes=\"(max-width: 553px) 100vw, 553px\" \/><\/p>\n<p>Su\u017enji V2C 1.0 je najstarej\u0161a razli\u010dica merilnikov, ki so na voljo. Trenutno je najbolj uporabljena razli\u010dica V2C 2.0, vendar se lahko zgodi, da se kateri od monterjev sre\u010da z instalacijami, kjer je bila ta razli\u010dica uporabljena.<\/p>\n<h3>Kako izvesti namestitev merilnika V2C 1.0?<\/h3>\n<p>Ta su\u017enji je primeren le za enofazne instalacije ali enofazne polnilne naprave s fotovoltaiko, saj omogo\u010da povezavo najve\u010d 3 ampermetrov.<\/p>\n<p><img decoding=\"async\" src=\"https:\/\/v2charge.com\/wp-content\/uploads\/2023\/01\/conexiones-pines-conector-v2c-1.0-03.png\" alt=\"Povezave Instalacije V2C 1.0\" class=\"wp-image-92335\" width=\"673\" height=\"483\" srcset=\"https:\/\/v2charge.com\/wp-content\/uploads\/2023\/01\/conexiones-pines-conector-v2c-1.0-03.png 485w, https:\/\/v2charge.com\/wp-content\/uploads\/2023\/01\/conexiones-pines-conector-v2c-1.0-03-300x215.png 300w\" sizes=\"(max-width: 673px) 100vw, 673px\" \/><\/p>\n<p>Za enofazne instalacije mora toroidal (kle\u0161\u010da) meriti skupno porabo hi\u0161e, vklju\u010dno s polnilno postajo. \u010ce je instalacija enofazna, mora biti toroidal name\u0161\u010den na vhodu hi\u0161e ali, v nasprotnem primeru, v skupnih gara\u017eah na kablu, ki prihaja iz \u0161tevca.<\/p>\n<p><em>Ugotovite fazo, ki napaja celotno instalacijo. Obi\u010dajno bo to vhod, ki prihaja iz \u0161tevca. Ta bo sive, \u010drne ali rjave barve. \u010ce je trifazna, bo imela vse 3.<\/em> Vsaka kle\u0161\u010da mora objemati ustrezno fazo. Za trifazne instalacije storite enako, vendar z vsemi 3 fazami.<br \/>\n<img decoding=\"async\" width=\"622\" height=\"415\" src=\"https:\/\/v2charge.com\/wp-content\/uploads\/2022\/02\/conexionado-de-pinzas.jpg\" alt=\"\" class=\"wp-image-74300\" srcset=\"https:\/\/v2charge.com\/wp-content\/uploads\/2022\/02\/conexionado-de-pinzas.jpg 622w, https:\/\/v2charge.com\/wp-content\/uploads\/2022\/02\/conexionado-de-pinzas-300x200.jpg 300w\" sizes=\"(max-width: 622px) 100vw, 622px\" \/><\/p>\n<div style=\"height:50px\" aria-hidden=\"true\" class=\"wp-block-spacer\"><\/div>\n<hr class=\"wp-block-separator has-alpha-channel-opacity\">\n<div style=\"height:50px\" aria-hidden=\"true\" class=\"wp-block-spacer\"><\/div>\n<h2>Merilnik Shelly<\/h2>\n<p>To je <strong>alternativa<\/strong>, ko ni mogo\u010de prenesti <strong>Ethernet kabla<\/strong> od e-Chargerja do su\u017enja. Uporabiti ga je mogo\u010de tudi, ko je inverter povezan na sekundarni razdelilnik (ali je polnilna naprava neposredno povezana na \u0161tevec) in ni mogo\u010de meriti njegove proizvodnje.<\/p>\n<p>Potrebno je, da <strong>merilnik Shelly<\/strong> in polnilna naprava imata WiFi povezavo. Ta merilnik je sposoben meriti smer toka, zato je mogo\u010de uporabiti <strong>vse tri na\u010dine polnjenja FV<\/strong>, ki jih ponuja Trydan.<\/p>\n<p><img decoding=\"async\" src=\"https:\/\/v2charge.com\/wp-content\/uploads\/2023\/01\/shelly-trifasico-monofasico.png\" alt=\"Shelly Trifazni in Enofazni\" class=\"wp-image-92432\" width=\"612\" height=\"439\" srcset=\"https:\/\/v2charge.com\/wp-content\/uploads\/2023\/01\/shelly-trifasico-monofasico.png 485w, https:\/\/v2charge.com\/wp-content\/uploads\/2023\/01\/shelly-trifasico-monofasico-300x215.png 300w\" sizes=\"(max-width: 612px) 100vw, 612px\" \/><\/p>\n<h3>Kako izvesti namestitev merilnika Shelly?<\/h3>\n<p>Namestitev merilnika Shelly bo druga\u010dna za enofazne in trifazne instalacije, ker se naprava spremeni.<\/p>\n<h4>Shelly v enofaznih instalacijah<\/h4>\n<p><img decoding=\"async\" src=\"https:\/\/v2charge.com\/wp-content\/uploads\/2023\/01\/monofasico-esquema-shelly.png\" alt=\"Povezave Shelly Enofazni\" class=\"wp-image-92392\" width=\"733\" height=\"375\" srcset=\"https:\/\/v2charge.com\/wp-content\/uploads\/2023\/01\/monofasico-esquema-shelly.png 570w, https:\/\/v2charge.com\/wp-content\/uploads\/2023\/01\/monofasico-esquema-shelly-300x154.png 300w\" sizes=\"(max-width: 733px) 100vw, 733px\" \/><\/p>\n<p>V <strong>mo\u017enosti 1<\/strong> ne bo mogo\u010de poznati fotovolta\u010dne proizvodnje, vendar bo mogo\u010de meriti odve\u010dne koli\u010dine. V <strong>mo\u017enosti 2<\/strong> bo mogo\u010de poznati fotovolta\u010dno proizvodnjo in odve\u010dne koli\u010dine.<\/p>\n<p>V obeh primerih je Trydan zdru\u017eljiv z vsemi tremi na\u010dini polnjenja.<\/p>\n<h4>Shelly v trifaznih instalacijah<\/h4>\n<p><img decoding=\"async\" src=\"https:\/\/v2charge.com\/wp-content\/uploads\/2023\/01\/shelly-trifa\u0301sico-medidor.png\" alt=\"Povezave Shelly Trifazni\" class=\"wp-image-92407\" width=\"877\" height=\"361\"><\/p>\n<hr class=\"wp-block-separator has-alpha-channel-opacity\">\n<div style=\"height:50px\" aria-hidden=\"true\" class=\"wp-block-spacer\"><\/div>\n<h2>Merilnik DDSU666-H<\/h2>\n<p>Ta merilnik bomo uporabili, ko ne bo mogo\u010de izvesti namestitve z su\u017enji V2C 1.0 ali V2C 2.0 (ker je inverter povezan v drug razdelilnik kot polnilna naprava) in tudi ni mo\u017enosti za signal ali WiFi povezavo (kar bi lahko uporabili z merilnikom Shelly).<\/p>\n<p>V tem primeru, \u010de bo treba uporabiti merilnik DDSU666-H, je treba slediti povezavam, kot je prikazano v naslednji shemi.<\/p>\n<h4>DDSU666-H enofazni<\/h4>\n<p><img decoding=\"async\" src=\"https:\/\/v2charge.com\/wp-content\/uploads\/2023\/01\/DDSU66-medidor.png\" alt=\"\" class=\"wp-image-92450\" width=\"776\" height=\"413\" srcset=\"https:\/\/v2charge.com\/wp-content\/uploads\/2023\/01\/DDSU66-medidor.png 548w, https:\/\/v2charge.com\/wp-content\/uploads\/2023\/01\/DDSU66-medidor-300x160.png 300w\" sizes=\"(max-width: 776px) 100vw, 776px\" \/><\/p>\n<h4>DDSU666-H trifazni<\/h4>\n<p><img decoding=\"async\" src=\"https:\/\/v2charge.com\/wp-content\/uploads\/2023\/01\/DDSU66-medidor-trifa\u0301sico.png\" alt=\"\" class=\"wp-image-92460\" width=\"905\" height=\"427\" srcset=\"https:\/\/v2charge.com\/wp-content\/uploads\/2023\/01\/DDSU66-medidor-trifa\u0301sico.png 619w, https:\/\/v2charge.com\/wp-content\/uploads\/2023\/01\/DDSU66-medidor-trifa\u0301sico-300x142.png 300w\" sizes=\"(max-width: 905px) 100vw, 905px\" \/><\/p>\n<div style=\"height:50px\" aria-hidden=\"true\" class=\"wp-block-spacer\"><\/div>\n<hr class=\"wp-block-separator has-alpha-channel-opacity\">\n<h2>Merilnik Wibeee Box<\/h2>\n<p>Merilnik <strong>Wibeee Box<\/strong> se bo uporabljal, ko \u017eelimo izvesti namestitev, ki zagotavlja natan\u010dnej\u0161e meritve, saj meri tudi napetost. Uporablja <strong>WiFi tehnologijo<\/strong> in namestitev UTP kablov ne bo potrebna.<\/p>\n<p><img decoding=\"async\" src=\"https:\/\/v2charge.com\/wp-content\/uploads\/2023\/01\/esquema-wibeee-instalacion.png\" alt=\"Povezave Merilnika Wibeee Box\" class=\"wp-image-92490\" width=\"767\" height=\"362\" srcset=\"https:\/\/v2charge.com\/wp-content\/uploads\/2023\/01\/esquema-wibeee-instalacion.png 619w, https:\/\/v2charge.com\/wp-content\/uploads\/2023\/01\/esquema-wibeee-instalacion-300x142.png 300w\" sizes=\"(max-width: 767px) 100vw, 767px\" \/><\/p>\n","protected":false},"excerpt":{"rendered":"<p>dynamika mo\u010di je naprava, ki omogo\u010da uravnote\u017eenje mo\u010di e-Chargerja z odve\u010dno mo\u010djo iz hi\u0161e ali integracijo fotovoltaike. Naprava, ki jo bomo od zdaj naprej imenovali &#8220;Su\u017enji&#8221; ali &#8220;Merilnik&#8221;, omogo\u010da merjenje teh porab, kar e-Chargerju omogo\u010da, da v realnem \u010dasu pozna zahtevano mo\u010d (ali energijo, ki jo proizvedejo obnovljivi viri) in jo preko svojega algoritma uporabi &#8230; <a title=\"Namestitev dinami\u010dnega nadzora mo\u010di &#8211; Trydan\" class=\"read-more\" href=\"https:\/\/v2charge.com\/sl\/namestitev-dinami-nega-nadzora-mo-i-trydan\/\" aria-label=\"Read more about Namestitev dinami\u010dnega nadzora mo\u010di &#8211; Trydan\">Read more<\/a><\/p>\n","protected":false},"author":1,"featured_media":170354,"parent":0,"menu_order":0,"comment_status":"closed","ping_status":"closed","template":"","meta":{"_eb_attr":"","content-type":"","_uag_custom_page_level_css":"","footnotes":""},"class_list":["post-312797","page","type-page","status-publish","has-post-thumbnail"],"yoast_head":"<!-- This site is optimized with the Yoast SEO plugin v25.3.1 - https:\/\/yoast.com\/wordpress\/plugins\/seo\/ -->\n<title>Dinami\u010dno upravljanje mo\u010di \u25b7 e-Charger Trydan | V2C<\/title>\n<meta name=\"description\" content=\"Povezujemo, kako deluje dinami\u010dna kontrola mo\u010di na elektri\u010dnem polnilniku Trydan: najbolj\u0161i na trgu za va\u0161e elektri\u010dno vozilo.\" \/>\n<meta name=\"robots\" content=\"index, follow, max-snippet:-1, max-image-preview:large, max-video-preview:-1\" \/>\n<link rel=\"canonical\" href=\"https:\/\/v2charge.com\/sl\/namestitev-dinami-nega-nadzora-mo-i-trydan\/\" \/>\n<meta property=\"og:locale\" content=\"sl_SI\" \/>\n<meta property=\"og:type\" content=\"article\" \/>\n<meta property=\"og:title\" content=\"Dinami\u010dno upravljanje mo\u010di \u25b7 e-Charger Trydan | V2C\" \/>\n<meta property=\"og:description\" content=\"Povezujemo, kako deluje dinami\u010dna kontrola mo\u010di na elektri\u010dnem polnilniku Trydan: najbolj\u0161i na trgu za va\u0161e elektri\u010dno vozilo.\" \/>\n<meta property=\"og:url\" content=\"https:\/\/v2charge.com\/sl\/namestitev-dinami-nega-nadzora-mo-i-trydan\/\" \/>\n<meta property=\"og:site_name\" content=\"V2C\" \/>\n<meta property=\"article:publisher\" content=\"https:\/\/www.facebook.com\/V2C.Charge\" \/>\n<meta property=\"article:modified_time\" content=\"2023-07-19T07:12:59+00:00\" \/>\n<meta property=\"og:image\" content=\"https:\/\/v2charge.com\/wp-content\/uploads\/2024\/07\/v2c-electric-chargers.jpg\" \/>\n\t<meta property=\"og:image:width\" content=\"1200\" \/>\n\t<meta property=\"og:image:height\" content=\"675\" \/>\n\t<meta property=\"og:image:type\" content=\"image\/jpeg\" \/>\n<meta name=\"twitter:card\" content=\"summary_large_image\" \/>\n<meta name=\"twitter:site\" content=\"@V2C_Charge\" \/>\n<meta name=\"twitter:label1\" content=\"Est. reading time\" \/>\n\t<meta name=\"twitter:data1\" content=\"7 minut\" \/>\n<script type=\"application\/ld+json\" class=\"yoast-schema-graph\">{\"@context\":\"https:\/\/schema.org\",\"@graph\":[{\"@type\":\"WebPage\",\"@id\":\"https:\/\/v2charge.com\/sl\/namestitev-dinami-nega-nadzora-mo-i-trydan\/\",\"url\":\"https:\/\/v2charge.com\/sl\/namestitev-dinami-nega-nadzora-mo-i-trydan\/\",\"name\":\"Dinami\u010dno upravljanje mo\u010di \u25b7 e-Charger Trydan | V2C\",\"isPartOf\":{\"@id\":\"https:\/\/v2charge.com\/sl\/#website\"},\"primaryImageOfPage\":{\"@id\":\"https:\/\/v2charge.com\/sl\/namestitev-dinami-nega-nadzora-mo-i-trydan\/#primaryimage\"},\"image\":{\"@id\":\"https:\/\/v2charge.com\/sl\/namestitev-dinami-nega-nadzora-mo-i-trydan\/#primaryimage\"},\"thumbnailUrl\":\"https:\/\/v2charge.com\/wp-content\/uploads\/2024\/07\/v2c-electric-chargers.jpg\",\"datePublished\":\"2022-01-26T07:41:19+00:00\",\"dateModified\":\"2023-07-19T07:12:59+00:00\",\"description\":\"Povezujemo, kako deluje dinami\u010dna kontrola mo\u010di na elektri\u010dnem polnilniku Trydan: najbolj\u0161i na trgu za va\u0161e elektri\u010dno vozilo.\",\"breadcrumb\":{\"@id\":\"https:\/\/v2charge.com\/sl\/namestitev-dinami-nega-nadzora-mo-i-trydan\/#breadcrumb\"},\"inLanguage\":\"sl-SI\",\"potentialAction\":[{\"@type\":\"ReadAction\",\"target\":[\"https:\/\/v2charge.com\/sl\/namestitev-dinami-nega-nadzora-mo-i-trydan\/\"]}]},{\"@type\":\"ImageObject\",\"inLanguage\":\"sl-SI\",\"@id\":\"https:\/\/v2charge.com\/sl\/namestitev-dinami-nega-nadzora-mo-i-trydan\/#primaryimage\",\"url\":\"https:\/\/v2charge.com\/wp-content\/uploads\/2024\/07\/v2c-electric-chargers.jpg\",\"contentUrl\":\"https:\/\/v2charge.com\/wp-content\/uploads\/2024\/07\/v2c-electric-chargers.jpg\",\"width\":1200,\"height\":675,\"caption\":\"V2C Electric Chargers\"},{\"@type\":\"BreadcrumbList\",\"@id\":\"https:\/\/v2charge.com\/sl\/namestitev-dinami-nega-nadzora-mo-i-trydan\/#breadcrumb\",\"itemListElement\":[{\"@type\":\"ListItem\",\"position\":1,\"name\":\"V2C\",\"item\":\"https:\/\/v2charge.com\/sl\/\"},{\"@type\":\"ListItem\",\"position\":2,\"name\":\"Namestitev dinami\u010dnega nadzora mo\u010di &#8211; Trydan\"}]},{\"@type\":\"WebSite\",\"@id\":\"https:\/\/v2charge.com\/sl\/#website\",\"url\":\"https:\/\/v2charge.com\/sl\/\",\"name\":\"V2C\",\"description\":\"#CargandoElMa\u00f1ana\",\"publisher\":{\"@id\":\"https:\/\/v2charge.com\/sl\/#organization\"},\"potentialAction\":[{\"@type\":\"SearchAction\",\"target\":{\"@type\":\"EntryPoint\",\"urlTemplate\":\"https:\/\/v2charge.com\/sl\/?s={search_term_string}\"},\"query-input\":{\"@type\":\"PropertyValueSpecification\",\"valueRequired\":true,\"valueName\":\"search_term_string\"}}],\"inLanguage\":\"sl-SI\"},{\"@type\":\"Organization\",\"@id\":\"https:\/\/v2charge.com\/sl\/#organization\",\"name\":\"V2C\",\"url\":\"https:\/\/v2charge.com\/sl\/\",\"logo\":{\"@type\":\"ImageObject\",\"inLanguage\":\"sl-SI\",\"@id\":\"https:\/\/v2charge.com\/sl\/#\/schema\/logo\/image\/\",\"url\":\"https:\/\/v2charge.com\/wp-content\/uploads\/2024\/11\/cropped-v2c-charge-logo-menu.png\",\"contentUrl\":\"https:\/\/v2charge.com\/wp-content\/uploads\/2024\/11\/cropped-v2c-charge-logo-menu.png\",\"width\":984,\"height\":431,\"caption\":\"V2C\"},\"image\":{\"@id\":\"https:\/\/v2charge.com\/sl\/#\/schema\/logo\/image\/\"},\"sameAs\":[\"https:\/\/www.facebook.com\/V2C.Charge\",\"https:\/\/x.com\/V2C_Charge\",\"https:\/\/www.instagram.com\/v2c.charge\/\",\"https:\/\/www.youtube.com\/@V2C\",\"https:\/\/www.linkedin.com\/company\/v2c-chargers\/\"]}]}<\/script>\n<!-- \/ Yoast SEO plugin. -->","yoast_head_json":{"title":"Dinami\u010dno upravljanje mo\u010di \u25b7 e-Charger Trydan | V2C","description":"Povezujemo, kako deluje dinami\u010dna kontrola mo\u010di na elektri\u010dnem polnilniku Trydan: najbolj\u0161i na trgu za va\u0161e elektri\u010dno vozilo.","robots":{"index":"index","follow":"follow","max-snippet":"max-snippet:-1","max-image-preview":"max-image-preview:large","max-video-preview":"max-video-preview:-1"},"canonical":"https:\/\/v2charge.com\/sl\/namestitev-dinami-nega-nadzora-mo-i-trydan\/","og_locale":"sl_SI","og_type":"article","og_title":"Dinami\u010dno upravljanje mo\u010di \u25b7 e-Charger Trydan | V2C","og_description":"Povezujemo, kako deluje dinami\u010dna kontrola mo\u010di na elektri\u010dnem polnilniku Trydan: najbolj\u0161i na trgu za va\u0161e elektri\u010dno vozilo.","og_url":"https:\/\/v2charge.com\/sl\/namestitev-dinami-nega-nadzora-mo-i-trydan\/","og_site_name":"V2C","article_publisher":"https:\/\/www.facebook.com\/V2C.Charge","article_modified_time":"2023-07-19T07:12:59+00:00","og_image":[{"width":1200,"height":675,"url":"https:\/\/v2charge.com\/wp-content\/uploads\/2024\/07\/v2c-electric-chargers.jpg","type":"image\/jpeg"}],"twitter_card":"summary_large_image","twitter_site":"@V2C_Charge","twitter_misc":{"Est. reading time":"7 minut"},"schema":{"@context":"https:\/\/schema.org","@graph":[{"@type":"WebPage","@id":"https:\/\/v2charge.com\/sl\/namestitev-dinami-nega-nadzora-mo-i-trydan\/","url":"https:\/\/v2charge.com\/sl\/namestitev-dinami-nega-nadzora-mo-i-trydan\/","name":"Dinami\u010dno upravljanje mo\u010di \u25b7 e-Charger Trydan | V2C","isPartOf":{"@id":"https:\/\/v2charge.com\/sl\/#website"},"primaryImageOfPage":{"@id":"https:\/\/v2charge.com\/sl\/namestitev-dinami-nega-nadzora-mo-i-trydan\/#primaryimage"},"image":{"@id":"https:\/\/v2charge.com\/sl\/namestitev-dinami-nega-nadzora-mo-i-trydan\/#primaryimage"},"thumbnailUrl":"https:\/\/v2charge.com\/wp-content\/uploads\/2024\/07\/v2c-electric-chargers.jpg","datePublished":"2022-01-26T07:41:19+00:00","dateModified":"2023-07-19T07:12:59+00:00","description":"Povezujemo, kako deluje dinami\u010dna kontrola mo\u010di na elektri\u010dnem polnilniku Trydan: najbolj\u0161i na trgu za va\u0161e elektri\u010dno vozilo.","breadcrumb":{"@id":"https:\/\/v2charge.com\/sl\/namestitev-dinami-nega-nadzora-mo-i-trydan\/#breadcrumb"},"inLanguage":"sl-SI","potentialAction":[{"@type":"ReadAction","target":["https:\/\/v2charge.com\/sl\/namestitev-dinami-nega-nadzora-mo-i-trydan\/"]}]},{"@type":"ImageObject","inLanguage":"sl-SI","@id":"https:\/\/v2charge.com\/sl\/namestitev-dinami-nega-nadzora-mo-i-trydan\/#primaryimage","url":"https:\/\/v2charge.com\/wp-content\/uploads\/2024\/07\/v2c-electric-chargers.jpg","contentUrl":"https:\/\/v2charge.com\/wp-content\/uploads\/2024\/07\/v2c-electric-chargers.jpg","width":1200,"height":675,"caption":"V2C Electric Chargers"},{"@type":"BreadcrumbList","@id":"https:\/\/v2charge.com\/sl\/namestitev-dinami-nega-nadzora-mo-i-trydan\/#breadcrumb","itemListElement":[{"@type":"ListItem","position":1,"name":"V2C","item":"https:\/\/v2charge.com\/sl\/"},{"@type":"ListItem","position":2,"name":"Namestitev dinami\u010dnega nadzora mo\u010di &#8211; Trydan"}]},{"@type":"WebSite","@id":"https:\/\/v2charge.com\/sl\/#website","url":"https:\/\/v2charge.com\/sl\/","name":"V2C","description":"#CargandoElMa\u00f1ana","publisher":{"@id":"https:\/\/v2charge.com\/sl\/#organization"},"potentialAction":[{"@type":"SearchAction","target":{"@type":"EntryPoint","urlTemplate":"https:\/\/v2charge.com\/sl\/?s={search_term_string}"},"query-input":{"@type":"PropertyValueSpecification","valueRequired":true,"valueName":"search_term_string"}}],"inLanguage":"sl-SI"},{"@type":"Organization","@id":"https:\/\/v2charge.com\/sl\/#organization","name":"V2C","url":"https:\/\/v2charge.com\/sl\/","logo":{"@type":"ImageObject","inLanguage":"sl-SI","@id":"https:\/\/v2charge.com\/sl\/#\/schema\/logo\/image\/","url":"https:\/\/v2charge.com\/wp-content\/uploads\/2024\/11\/cropped-v2c-charge-logo-menu.png","contentUrl":"https:\/\/v2charge.com\/wp-content\/uploads\/2024\/11\/cropped-v2c-charge-logo-menu.png","width":984,"height":431,"caption":"V2C"},"image":{"@id":"https:\/\/v2charge.com\/sl\/#\/schema\/logo\/image\/"},"sameAs":["https:\/\/www.facebook.com\/V2C.Charge","https:\/\/x.com\/V2C_Charge","https:\/\/www.instagram.com\/v2c.charge\/","https:\/\/www.youtube.com\/@V2C","https:\/\/www.linkedin.com\/company\/v2c-chargers\/"]}]}},"uagb_featured_image_src":{"full":["https:\/\/v2charge.com\/wp-content\/uploads\/2024\/07\/v2c-electric-chargers.jpg",1200,675,false],"thumbnail":["https:\/\/v2charge.com\/wp-content\/uploads\/2024\/07\/v2c-electric-chargers-150x150.jpg",150,150,true],"medium":["https:\/\/v2charge.com\/wp-content\/uploads\/2024\/07\/v2c-electric-chargers-300x169.jpg",300,169,true],"medium_large":["https:\/\/v2charge.com\/wp-content\/uploads\/2024\/07\/v2c-electric-chargers-768x432.jpg",768,432,true],"large":["https:\/\/v2charge.com\/wp-content\/uploads\/2024\/07\/v2c-electric-chargers-1024x576.jpg",1024,576,true],"gs-tiny":["https:\/\/v2charge.com\/wp-content\/uploads\/2024\/07\/v2c-electric-chargers.jpg",50,28,false],"xl":["https:\/\/v2charge.com\/wp-content\/uploads\/2024\/07\/v2c-electric-chargers.jpg",1200,675,false],"xxl":["https:\/\/v2charge.com\/wp-content\/uploads\/2024\/07\/v2c-electric-chargers.jpg",1200,675,false],"xxxl":["https:\/\/v2charge.com\/wp-content\/uploads\/2024\/07\/v2c-electric-chargers.jpg",1200,675,false],"xxxxl":["https:\/\/v2charge.com\/wp-content\/uploads\/2024\/07\/v2c-electric-chargers.jpg",1200,675,false],"xxxxxl":["https:\/\/v2charge.com\/wp-content\/uploads\/2024\/07\/v2c-electric-chargers.jpg",1200,675,false],"1536x1536":["https:\/\/v2charge.com\/wp-content\/uploads\/2024\/07\/v2c-electric-chargers.jpg",1200,675,false],"2048x2048":["https:\/\/v2charge.com\/wp-content\/uploads\/2024\/07\/v2c-electric-chargers.jpg",1200,675,false]},"uagb_author_info":{"display_name":"V2C","author_link":"https:\/\/v2charge.com\/sl\/author\/root_k4eu7ki8\/"},"uagb_comment_info":0,"uagb_excerpt":"dynamika mo\u010di je naprava, ki omogo\u010da uravnote\u017eenje mo\u010di e-Chargerja z odve\u010dno mo\u010djo iz hi\u0161e ali integracijo fotovoltaike. Naprava, ki jo bomo od zdaj naprej imenovali &#8220;Su\u017enji&#8221; ali &#8220;Merilnik&#8221;, omogo\u010da merjenje teh porab, kar e-Chargerju omogo\u010da, da v realnem \u010dasu pozna zahtevano mo\u010d (ali energijo, ki jo proizvedejo obnovljivi viri) in jo preko svojega algoritma uporabi&hellip;","_links":{"self":[{"href":"https:\/\/v2charge.com\/sl\/wp-json\/wp\/v2\/pages\/312797","targetHints":{"allow":["GET"]}}],"collection":[{"href":"https:\/\/v2charge.com\/sl\/wp-json\/wp\/v2\/pages"}],"about":[{"href":"https:\/\/v2charge.com\/sl\/wp-json\/wp\/v2\/types\/page"}],"author":[{"embeddable":true,"href":"https:\/\/v2charge.com\/sl\/wp-json\/wp\/v2\/users\/1"}],"replies":[{"embeddable":true,"href":"https:\/\/v2charge.com\/sl\/wp-json\/wp\/v2\/comments?post=312797"}],"version-history":[{"count":0,"href":"https:\/\/v2charge.com\/sl\/wp-json\/wp\/v2\/pages\/312797\/revisions"}],"wp:featuredmedia":[{"embeddable":true,"href":"https:\/\/v2charge.com\/sl\/wp-json\/wp\/v2\/media\/170354"}],"wp:attachment":[{"href":"https:\/\/v2charge.com\/sl\/wp-json\/wp\/v2\/media?parent=312797"}],"curies":[{"name":"wp","href":"https:\/\/api.w.org\/{rel}","templated":true}]}}