{"id":312802,"date":"2022-02-22T18:25:29","date_gmt":"2022-02-22T18:25:29","guid":{"rendered":""},"modified":"2023-06-12T11:08:31","modified_gmt":"2023-06-12T11:08:31","slug":"polnilna-postaja-trydan-z-neskon-no-impedanco-za-shemo-2","status":"publish","type":"page","link":"https:\/\/v2charge.com\/sl\/polnilna-postaja-trydan-z-neskon-no-impedanco-za-shemo-2\/","title":{"rendered":"Polnilna postaja Trydan z neskon\u010dno impedanco za shemo 2 ITC BT 52"},"content":{"rendered":"\n<div style=\"height:60px\" aria-hidden=\"true\" class=\"wp-block-spacer\"><\/div>\n\n\n<h1 class=\"wp-block-heading\">Punto za polnjenje Trydan z neskon\u010dno impedanco za shemo 2 ITC BT 52<\/h1>\n\n<p>\u0160panska uredba ITC BT 52 v shemi 2 namestitve polnilnih postaj za elektri\u010dne avtomobile dolo\u010da potrebo po tem, da se<strong> \u0161tevec lahko ponastavi iz samega stanovanja<\/strong> (ponastavitveni gumb). Gre za vpra\u0161anje udobja, bolj kot varnosti, vendar je tako opisano v uredbi.<\/p>\n\n<blockquote class=\"is-layout-flow wp-block-quote-is-layout-flow\"><p>Za shemo 2 [&#8230;]. Funkcijo nadzora mo\u010di, ki jo je naro\u010dil kupec, bo izvajal glavni \u0161tevec, brez potrebe po namestitvi neodvisnega ICP. V primeru delovanja funkcije nadzora mo\u010di bo njeno ponastavitev mogo\u010de izvesti neposredno iz stanovanja.<\/p><\/blockquote>\n\n<p>To pomeni, da mora\u0161 biti sposoben ponovno nastaviti \u0161tevec iz lastnega doma. e-Charger <a href=\"https:\/\/v2charge.com\/sl\/trydan-sl\/\">Trydan<\/a>, v razli\u010dici z vklju\u010denimi za\u0161\u010ditami, samodejno omogo\u010da <strong>neskon\u010dno impedanco<\/strong> (imenovano tudi ni\u010delna impedanca), kar omogo\u010da, da \u0161tevec ne zazna polnilne to\u010dke. To pomeni, da bomo samodejno, z dvigovanjem in spu\u0161\u010danjem glavnega avtomatika na\u0161ih domov (ali starega ICP), ponovno nastavili namestitev. <\/p>\n\n<p>Infinite impedance je <strong>tehnologija, ki jo je razvila V2C<\/strong>, ki omogo\u010da, da \u0161tevec ne zazna samega polnilnega mesta.<\/p>\n\n<p>Polnilec Trydan uporablja najnovej\u0161o tehnologijo, kar omogo\u010da monterjem\/strankam <strong>prihranek stro\u0161kov pri namestitvi<\/strong>. S tem polnilcem se izognete potrebi po namestitvi dragih ponovnih za\u0161\u010dit, relejev itd.<\/p>\n\n\n<div style=\"height:60px\" aria-hidden=\"true\" class=\"wp-block-spacer\"><\/div>\n","protected":false},"excerpt":{"rendered":"<p>Punto za polnjenje Trydan z neskon\u010dno impedanco za shemo 2 ITC BT 52 \u0160panska uredba ITC BT 52 v shemi 2 namestitve polnilnih postaj za elektri\u010dne avtomobile dolo\u010da potrebo po tem, da se \u0161tevec lahko ponastavi iz samega stanovanja (ponastavitveni gumb). Gre za vpra\u0161anje udobja, bolj kot varnosti, vendar je tako opisano v uredbi. Za &#8230; <a title=\"Polnilna postaja Trydan z neskon\u010dno impedanco za shemo 2 ITC BT 52\" class=\"read-more\" href=\"https:\/\/v2charge.com\/sl\/polnilna-postaja-trydan-z-neskon-no-impedanco-za-shemo-2\/\" aria-label=\"Read more about Polnilna postaja Trydan z neskon\u010dno impedanco za shemo 2 ITC BT 52\">Read more<\/a><\/p>\n","protected":false},"author":1,"featured_media":170354,"parent":0,"menu_order":0,"comment_status":"closed","ping_status":"closed","template":"","meta":{"_eb_attr":"","content-type":"","_uag_custom_page_level_css":"","footnotes":""},"class_list":["post-312802","page","type-page","status-publish","has-post-thumbnail"],"yoast_head":"<!-- This site is optimized with the Yoast SEO plugin v25.3.1 - https:\/\/yoast.com\/wordpress\/plugins\/seo\/ -->\n<title>Impedanca neskon\u010dnost na polnilnih mestih<\/title>\n<meta name=\"description\" content=\"Polnilna postaja za elektri\u010dna vozila z neskon\u010dno impedanco | Ponovno nastavi polnilec iz stanovanja | V2C\" \/>\n<meta name=\"robots\" content=\"index, follow, max-snippet:-1, max-image-preview:large, max-video-preview:-1\" \/>\n<link rel=\"canonical\" href=\"https:\/\/v2charge.com\/sl\/polnilna-postaja-trydan-z-neskon-no-impedanco-za-shemo-2\/\" \/>\n<meta property=\"og:locale\" content=\"sl_SI\" \/>\n<meta property=\"og:type\" content=\"article\" \/>\n<meta property=\"og:title\" content=\"Impedanca neskon\u010dnost na polnilnih mestih\" \/>\n<meta property=\"og:description\" content=\"Polnilna postaja za elektri\u010dna vozila z neskon\u010dno impedanco | Ponovno nastavi polnilec iz stanovanja | V2C\" \/>\n<meta property=\"og:url\" content=\"https:\/\/v2charge.com\/sl\/polnilna-postaja-trydan-z-neskon-no-impedanco-za-shemo-2\/\" \/>\n<meta property=\"og:site_name\" content=\"V2C\" \/>\n<meta property=\"article:publisher\" content=\"https:\/\/www.facebook.com\/V2C.Charge\" \/>\n<meta property=\"article:modified_time\" content=\"2023-06-12T11:08:31+00:00\" \/>\n<meta property=\"og:image\" content=\"https:\/\/v2charge.com\/wp-content\/uploads\/2024\/07\/v2c-electric-chargers.jpg\" \/>\n\t<meta property=\"og:image:width\" content=\"1200\" \/>\n\t<meta property=\"og:image:height\" content=\"675\" \/>\n\t<meta property=\"og:image:type\" content=\"image\/jpeg\" \/>\n<meta name=\"twitter:card\" content=\"summary_large_image\" \/>\n<meta name=\"twitter:site\" content=\"@V2C_Charge\" \/>\n<meta name=\"twitter:label1\" content=\"Est. reading time\" \/>\n\t<meta name=\"twitter:data1\" content=\"2 minuti\" \/>\n<script type=\"application\/ld+json\" class=\"yoast-schema-graph\">{\"@context\":\"https:\/\/schema.org\",\"@graph\":[{\"@type\":\"WebPage\",\"@id\":\"https:\/\/v2charge.com\/sl\/polnilna-postaja-trydan-z-neskon-no-impedanco-za-shemo-2\/\",\"url\":\"https:\/\/v2charge.com\/sl\/polnilna-postaja-trydan-z-neskon-no-impedanco-za-shemo-2\/\",\"name\":\"Impedanca neskon\u010dnost na polnilnih mestih\",\"isPartOf\":{\"@id\":\"https:\/\/v2charge.com\/sl\/#website\"},\"primaryImageOfPage\":{\"@id\":\"https:\/\/v2charge.com\/sl\/polnilna-postaja-trydan-z-neskon-no-impedanco-za-shemo-2\/#primaryimage\"},\"image\":{\"@id\":\"https:\/\/v2charge.com\/sl\/polnilna-postaja-trydan-z-neskon-no-impedanco-za-shemo-2\/#primaryimage\"},\"thumbnailUrl\":\"https:\/\/v2charge.com\/wp-content\/uploads\/2024\/07\/v2c-electric-chargers.jpg\",\"datePublished\":\"2022-02-22T18:25:29+00:00\",\"dateModified\":\"2023-06-12T11:08:31+00:00\",\"description\":\"Polnilna postaja za elektri\u010dna vozila z neskon\u010dno impedanco | Ponovno nastavi polnilec iz stanovanja | V2C\",\"breadcrumb\":{\"@id\":\"https:\/\/v2charge.com\/sl\/polnilna-postaja-trydan-z-neskon-no-impedanco-za-shemo-2\/#breadcrumb\"},\"inLanguage\":\"sl-SI\",\"potentialAction\":[{\"@type\":\"ReadAction\",\"target\":[\"https:\/\/v2charge.com\/sl\/polnilna-postaja-trydan-z-neskon-no-impedanco-za-shemo-2\/\"]}]},{\"@type\":\"ImageObject\",\"inLanguage\":\"sl-SI\",\"@id\":\"https:\/\/v2charge.com\/sl\/polnilna-postaja-trydan-z-neskon-no-impedanco-za-shemo-2\/#primaryimage\",\"url\":\"https:\/\/v2charge.com\/wp-content\/uploads\/2024\/07\/v2c-electric-chargers.jpg\",\"contentUrl\":\"https:\/\/v2charge.com\/wp-content\/uploads\/2024\/07\/v2c-electric-chargers.jpg\",\"width\":1200,\"height\":675,\"caption\":\"V2C Electric Chargers\"},{\"@type\":\"BreadcrumbList\",\"@id\":\"https:\/\/v2charge.com\/sl\/polnilna-postaja-trydan-z-neskon-no-impedanco-za-shemo-2\/#breadcrumb\",\"itemListElement\":[{\"@type\":\"ListItem\",\"position\":1,\"name\":\"V2C\",\"item\":\"https:\/\/v2charge.com\/sl\/\"},{\"@type\":\"ListItem\",\"position\":2,\"name\":\"Polnilna postaja Trydan z neskon\u010dno impedanco za shemo 2 ITC BT 52\"}]},{\"@type\":\"WebSite\",\"@id\":\"https:\/\/v2charge.com\/sl\/#website\",\"url\":\"https:\/\/v2charge.com\/sl\/\",\"name\":\"V2C\",\"description\":\"#CargandoElMa\u00f1ana\",\"publisher\":{\"@id\":\"https:\/\/v2charge.com\/sl\/#organization\"},\"potentialAction\":[{\"@type\":\"SearchAction\",\"target\":{\"@type\":\"EntryPoint\",\"urlTemplate\":\"https:\/\/v2charge.com\/sl\/?s={search_term_string}\"},\"query-input\":{\"@type\":\"PropertyValueSpecification\",\"valueRequired\":true,\"valueName\":\"search_term_string\"}}],\"inLanguage\":\"sl-SI\"},{\"@type\":\"Organization\",\"@id\":\"https:\/\/v2charge.com\/sl\/#organization\",\"name\":\"V2C\",\"url\":\"https:\/\/v2charge.com\/sl\/\",\"logo\":{\"@type\":\"ImageObject\",\"inLanguage\":\"sl-SI\",\"@id\":\"https:\/\/v2charge.com\/sl\/#\/schema\/logo\/image\/\",\"url\":\"https:\/\/v2charge.com\/wp-content\/uploads\/2024\/11\/cropped-v2c-charge-logo-menu.png\",\"contentUrl\":\"https:\/\/v2charge.com\/wp-content\/uploads\/2024\/11\/cropped-v2c-charge-logo-menu.png\",\"width\":984,\"height\":431,\"caption\":\"V2C\"},\"image\":{\"@id\":\"https:\/\/v2charge.com\/sl\/#\/schema\/logo\/image\/\"},\"sameAs\":[\"https:\/\/www.facebook.com\/V2C.Charge\",\"https:\/\/x.com\/V2C_Charge\",\"https:\/\/www.instagram.com\/v2c.charge\/\",\"https:\/\/www.youtube.com\/@V2C\",\"https:\/\/www.linkedin.com\/company\/v2c-chargers\/\"]}]}<\/script>\n<!-- \/ Yoast SEO plugin. -->","yoast_head_json":{"title":"Impedanca neskon\u010dnost na polnilnih mestih","description":"Polnilna postaja za elektri\u010dna vozila z neskon\u010dno impedanco | Ponovno nastavi polnilec iz stanovanja | V2C","robots":{"index":"index","follow":"follow","max-snippet":"max-snippet:-1","max-image-preview":"max-image-preview:large","max-video-preview":"max-video-preview:-1"},"canonical":"https:\/\/v2charge.com\/sl\/polnilna-postaja-trydan-z-neskon-no-impedanco-za-shemo-2\/","og_locale":"sl_SI","og_type":"article","og_title":"Impedanca neskon\u010dnost na polnilnih mestih","og_description":"Polnilna postaja za elektri\u010dna vozila z neskon\u010dno impedanco | Ponovno nastavi polnilec iz stanovanja | V2C","og_url":"https:\/\/v2charge.com\/sl\/polnilna-postaja-trydan-z-neskon-no-impedanco-za-shemo-2\/","og_site_name":"V2C","article_publisher":"https:\/\/www.facebook.com\/V2C.Charge","article_modified_time":"2023-06-12T11:08:31+00:00","og_image":[{"width":1200,"height":675,"url":"https:\/\/v2charge.com\/wp-content\/uploads\/2024\/07\/v2c-electric-chargers.jpg","type":"image\/jpeg"}],"twitter_card":"summary_large_image","twitter_site":"@V2C_Charge","twitter_misc":{"Est. reading time":"2 minuti"},"schema":{"@context":"https:\/\/schema.org","@graph":[{"@type":"WebPage","@id":"https:\/\/v2charge.com\/sl\/polnilna-postaja-trydan-z-neskon-no-impedanco-za-shemo-2\/","url":"https:\/\/v2charge.com\/sl\/polnilna-postaja-trydan-z-neskon-no-impedanco-za-shemo-2\/","name":"Impedanca neskon\u010dnost na polnilnih mestih","isPartOf":{"@id":"https:\/\/v2charge.com\/sl\/#website"},"primaryImageOfPage":{"@id":"https:\/\/v2charge.com\/sl\/polnilna-postaja-trydan-z-neskon-no-impedanco-za-shemo-2\/#primaryimage"},"image":{"@id":"https:\/\/v2charge.com\/sl\/polnilna-postaja-trydan-z-neskon-no-impedanco-za-shemo-2\/#primaryimage"},"thumbnailUrl":"https:\/\/v2charge.com\/wp-content\/uploads\/2024\/07\/v2c-electric-chargers.jpg","datePublished":"2022-02-22T18:25:29+00:00","dateModified":"2023-06-12T11:08:31+00:00","description":"Polnilna postaja za elektri\u010dna vozila z neskon\u010dno impedanco | Ponovno nastavi polnilec iz stanovanja | V2C","breadcrumb":{"@id":"https:\/\/v2charge.com\/sl\/polnilna-postaja-trydan-z-neskon-no-impedanco-za-shemo-2\/#breadcrumb"},"inLanguage":"sl-SI","potentialAction":[{"@type":"ReadAction","target":["https:\/\/v2charge.com\/sl\/polnilna-postaja-trydan-z-neskon-no-impedanco-za-shemo-2\/"]}]},{"@type":"ImageObject","inLanguage":"sl-SI","@id":"https:\/\/v2charge.com\/sl\/polnilna-postaja-trydan-z-neskon-no-impedanco-za-shemo-2\/#primaryimage","url":"https:\/\/v2charge.com\/wp-content\/uploads\/2024\/07\/v2c-electric-chargers.jpg","contentUrl":"https:\/\/v2charge.com\/wp-content\/uploads\/2024\/07\/v2c-electric-chargers.jpg","width":1200,"height":675,"caption":"V2C Electric Chargers"},{"@type":"BreadcrumbList","@id":"https:\/\/v2charge.com\/sl\/polnilna-postaja-trydan-z-neskon-no-impedanco-za-shemo-2\/#breadcrumb","itemListElement":[{"@type":"ListItem","position":1,"name":"V2C","item":"https:\/\/v2charge.com\/sl\/"},{"@type":"ListItem","position":2,"name":"Polnilna postaja Trydan z neskon\u010dno impedanco za shemo 2 ITC BT 52"}]},{"@type":"WebSite","@id":"https:\/\/v2charge.com\/sl\/#website","url":"https:\/\/v2charge.com\/sl\/","name":"V2C","description":"#CargandoElMa\u00f1ana","publisher":{"@id":"https:\/\/v2charge.com\/sl\/#organization"},"potentialAction":[{"@type":"SearchAction","target":{"@type":"EntryPoint","urlTemplate":"https:\/\/v2charge.com\/sl\/?s={search_term_string}"},"query-input":{"@type":"PropertyValueSpecification","valueRequired":true,"valueName":"search_term_string"}}],"inLanguage":"sl-SI"},{"@type":"Organization","@id":"https:\/\/v2charge.com\/sl\/#organization","name":"V2C","url":"https:\/\/v2charge.com\/sl\/","logo":{"@type":"ImageObject","inLanguage":"sl-SI","@id":"https:\/\/v2charge.com\/sl\/#\/schema\/logo\/image\/","url":"https:\/\/v2charge.com\/wp-content\/uploads\/2024\/11\/cropped-v2c-charge-logo-menu.png","contentUrl":"https:\/\/v2charge.com\/wp-content\/uploads\/2024\/11\/cropped-v2c-charge-logo-menu.png","width":984,"height":431,"caption":"V2C"},"image":{"@id":"https:\/\/v2charge.com\/sl\/#\/schema\/logo\/image\/"},"sameAs":["https:\/\/www.facebook.com\/V2C.Charge","https:\/\/x.com\/V2C_Charge","https:\/\/www.instagram.com\/v2c.charge\/","https:\/\/www.youtube.com\/@V2C","https:\/\/www.linkedin.com\/company\/v2c-chargers\/"]}]}},"uagb_featured_image_src":{"full":["https:\/\/v2charge.com\/wp-content\/uploads\/2024\/07\/v2c-electric-chargers.jpg",1200,675,false],"thumbnail":["https:\/\/v2charge.com\/wp-content\/uploads\/2024\/07\/v2c-electric-chargers-150x150.jpg",150,150,true],"medium":["https:\/\/v2charge.com\/wp-content\/uploads\/2024\/07\/v2c-electric-chargers-300x169.jpg",300,169,true],"medium_large":["https:\/\/v2charge.com\/wp-content\/uploads\/2024\/07\/v2c-electric-chargers-768x432.jpg",768,432,true],"large":["https:\/\/v2charge.com\/wp-content\/uploads\/2024\/07\/v2c-electric-chargers-1024x576.jpg",1024,576,true],"gs-tiny":["https:\/\/v2charge.com\/wp-content\/uploads\/2024\/07\/v2c-electric-chargers.jpg",50,28,false],"xl":["https:\/\/v2charge.com\/wp-content\/uploads\/2024\/07\/v2c-electric-chargers.jpg",1200,675,false],"xxl":["https:\/\/v2charge.com\/wp-content\/uploads\/2024\/07\/v2c-electric-chargers.jpg",1200,675,false],"xxxl":["https:\/\/v2charge.com\/wp-content\/uploads\/2024\/07\/v2c-electric-chargers.jpg",1200,675,false],"xxxxl":["https:\/\/v2charge.com\/wp-content\/uploads\/2024\/07\/v2c-electric-chargers.jpg",1200,675,false],"xxxxxl":["https:\/\/v2charge.com\/wp-content\/uploads\/2024\/07\/v2c-electric-chargers.jpg",1200,675,false],"1536x1536":["https:\/\/v2charge.com\/wp-content\/uploads\/2024\/07\/v2c-electric-chargers.jpg",1200,675,false],"2048x2048":["https:\/\/v2charge.com\/wp-content\/uploads\/2024\/07\/v2c-electric-chargers.jpg",1200,675,false]},"uagb_author_info":{"display_name":"V2C","author_link":"https:\/\/v2charge.com\/sl\/author\/root_k4eu7ki8\/"},"uagb_comment_info":0,"uagb_excerpt":"Punto za polnjenje Trydan z neskon\u010dno impedanco za shemo 2 ITC BT 52 \u0160panska uredba ITC BT 52 v shemi 2 namestitve polnilnih postaj za elektri\u010dne avtomobile dolo\u010da potrebo po tem, da se \u0161tevec lahko ponastavi iz samega stanovanja (ponastavitveni gumb). Gre za vpra\u0161anje udobja, bolj kot varnosti, vendar je tako opisano v uredbi. Za&hellip;","_links":{"self":[{"href":"https:\/\/v2charge.com\/sl\/wp-json\/wp\/v2\/pages\/312802","targetHints":{"allow":["GET"]}}],"collection":[{"href":"https:\/\/v2charge.com\/sl\/wp-json\/wp\/v2\/pages"}],"about":[{"href":"https:\/\/v2charge.com\/sl\/wp-json\/wp\/v2\/types\/page"}],"author":[{"embeddable":true,"href":"https:\/\/v2charge.com\/sl\/wp-json\/wp\/v2\/users\/1"}],"replies":[{"embeddable":true,"href":"https:\/\/v2charge.com\/sl\/wp-json\/wp\/v2\/comments?post=312802"}],"version-history":[{"count":0,"href":"https:\/\/v2charge.com\/sl\/wp-json\/wp\/v2\/pages\/312802\/revisions"}],"wp:featuredmedia":[{"embeddable":true,"href":"https:\/\/v2charge.com\/sl\/wp-json\/wp\/v2\/media\/170354"}],"wp:attachment":[{"href":"https:\/\/v2charge.com\/sl\/wp-json\/wp\/v2\/media?parent=312802"}],"curies":[{"name":"wp","href":"https:\/\/api.w.org\/{rel}","templated":true}]}}