{"id":312813,"date":"2022-09-11T18:46:25","date_gmt":"2022-09-11T16:46:25","guid":{"rendered":""},"modified":"2025-07-18T13:48:56","modified_gmt":"2025-07-18T11:48:56","slug":"povezovanje-trydan-z-merilnikom-energije-wibeee","status":"publish","type":"page","link":"https:\/\/v2charge.com\/sl\/podro-je-podpore\/nadzor-mo-i\/dinami-no-upravljanje-mo-i\/povezovanje-trydan-z-merilnikom-energije-wibeee\/","title":{"rendered":"Povezovanje Trydan z merilnikom energije Wibeee"},"content":{"rendered":"\n<div class=\"wp-block-uagb-container uagb-block-ab7cfef6 alignfull uagb-is-root-container\"><div class=\"uagb-container-inner-blocks-wrap\"><div class=\"yoast-breadcrumbs\"><span><span><a href=\"https:\/\/v2charge.com\/sl\/\">V2C<\/a><\/span> \u00bb <span class=\"breadcrumb_last\" aria-current=\"page\">Medidor Wibeee<\/span><\/span><\/div>\n\n<div class=\"wp-block-uagb-advanced-heading uagb-block-b32c4bfc\"><h1 class=\"uagb-heading-text\">Povezava Trydan z merilnikom Wibeee<\/h1><\/div><\/div><\/div>\n\n\n\n<div class=\"wp-block-uagb-container uagb-block-d1d57cfd alignfull uagb-is-root-container\"><div class=\"uagb-container-inner-blocks-wrap\">\n<div class=\"wp-block-uagb-container uagb-block-1d926316 alignfull uagb-is-root-container\"><div class=\"uagb-container-inner-blocks-wrap\">\n<div class=\"wp-block-uagb-container uagb-block-3769988c\">\n<div class=\"wp-block-uagb-image aligncenter uagb-block-dd804c57 wp-block-uagb-image--layout-default wp-block-uagb-image--effect-static wp-block-uagb-image--align-center\"><figure class=\"wp-block-uagb-image__figure\"><img decoding=\"async\" srcset=\"https:\/\/v2charge.com\/wp-content\/uploads\/2023\/12\/wibee-logo.png ,https:\/\/v2charge.com\/wp-content\/uploads\/2023\/12\/wibee-logo.png 780w, https:\/\/v2charge.com\/wp-content\/uploads\/2023\/12\/wibee-logo.png 360w\" sizes=\"auto, (max-width: 480px) 150px\" src=\"https:\/\/v2charge.com\/wp-content\/uploads\/2023\/12\/wibee-logo.png\" alt=\"\" class=\"uag-image-130122\" width=\"400\" height=\"124\" title=\"\" loading=\"lazy\" role=\"img\"\/><\/figure><\/div>\n<\/div>\n\n\n\n<div class=\"wp-block-uagb-container uagb-block-a2bfc09c\"><div class=\"wp-block-uagb-advanced-heading uagb-block-892dcedd\"><p class=\"uagb-heading-text\"><strong>Trydan <\/strong>je zdru\u017eljiv z energijskim merilnikom Wibeee, podjetja <strong>Smilics Technologies<\/strong>, tako v fotovoltai\u010dni razli\u010dici kot v enofazni razli\u010dici.<br><br>Zdru\u017eljive naprave so,&nbsp;<strong>Wibeee Box<\/strong>, zelo vsestranski merilnik, ki se uporablja predvsem za fotovoltaiko ali <strong>Wibeee Home<\/strong>. Za povezavo s fotovoltaiko je potrebno priklju\u010diti sponko 1 na skupno porabo in sponko 2 na fotovoltai\u010dni inverter.<\/p><\/div><\/div>\n<\/div><\/div>\n\n\n\n<div class=\"wp-block-uagb-container uagb-block-333fb119 alignfull uagb-is-root-container\"><div class=\"uagb-container-inner-blocks-wrap\">\n<div class=\"wp-block-uagb-container uagb-block-2ff110d0 default uagb-is-root-container\">\n<div class=\"wp-block-uagb-container uagb-block-cd442c87\">\n<div class=\"wp-block-uagb-image aligncenter uagb-block-4bb46c59 wp-block-uagb-image--layout-default wp-block-uagb-image--effect-static wp-block-uagb-image--align-center\"><figure class=\"wp-block-uagb-image__figure\"><img decoding=\"async\" srcset=\"https:\/\/v2charge.com\/wp-content\/uploads\/2023\/11\/icon-important.png ,https:\/\/v2charge.com\/wp-content\/uploads\/2023\/11\/icon-important.png 780w, https:\/\/v2charge.com\/wp-content\/uploads\/2023\/11\/icon-important.png 360w\" sizes=\"auto, (max-width: 480px) 150px\" src=\"https:\/\/v2charge.com\/wp-content\/uploads\/2023\/11\/icon-important.png\" alt=\"\" class=\"uag-image-125013\" width=\"50\" height=\"50\" title=\"\" loading=\"lazy\" role=\"img\"\/><\/figure><\/div>\n<\/div>\n\n\n\n<div class=\"wp-block-uagb-container uagb-block-38de7166\"><div class=\"wp-block-uagb-advanced-heading uagb-block-37ab01f0\"><p class=\"uagb-heading-text\">Uporaba&nbsp;<strong>Wi-Fi repetitorje<\/strong>&nbsp;ali&nbsp;<strong>mesh omre\u017eja<\/strong>&nbsp;lahko vpliva na pravilno delovanje sistema. Priporo\u010damo uporabo&nbsp;<strong>stabilne Wi-Fi omre\u017eje<\/strong>&nbsp;in<strong> neposredno<\/strong>&nbsp;za zagotovitev optimalne povezave med polnilnikom in merilnikom.<\/p><\/div><\/div>\n<\/div>\n\n\n\n<div style=\"height:5px\" aria-hidden=\"true\" class=\"wp-block-spacer\"><\/div>\n<\/div><\/div>\n\n\n\n<div class=\"wp-block-uagb-separator uagb-block-824a65ea\"><div class=\"wp-block-uagb-separator__inner\" style=\"--my-background-image:\"><\/div><\/div>\n\n\n<div class=\"wp-block-uagb-advanced-heading uagb-block-bead9183\"><h2 class=\"uagb-heading-text\">Koraki za povezavo WiFi na merilnik Wibeee<\/h2><\/div>\n\n\n<div class=\"wp-block-uagb-container uagb-block-18eeea3d alignfull uagb-is-root-container\"><div class=\"uagb-container-inner-blocks-wrap\"><div class=\"wp-block-uagb-info-box uagb-block-bb6a2ad9 uagb-infobox__content-wrap  uagb-infobox-icon-left uagb-infobox-left uagb-infobox-stacked-tablet uagb-infobox-image-valign-top\"><div class=\"uagb-ifb-image-content\"><img decoding=\"async\" src=\"https:\/\/v2charge.com\/wp-content\/uploads\/2023\/11\/numero-uno.png\" alt=\"\" width=\"38\" height=\"38\" loading=\"lazy\"\/><\/div><div class=\"uagb-ifb-content\"><div class=\"uagb-ifb-title-wrap\"><\/div><p class=\"uagb-ifb-desc\">V aplikaciji <strong>Wibeee Next<\/strong>, bodisi na ra\u010dunalniku bodisi na mobilnem telefonu, poi\u0161\u010dite <strong>IP Wibeee<\/strong>.<\/p><\/div><\/div>\n\n\n<div class=\"wp-block-uagb-image aligncenter uagb-block-0ede07ef wp-block-uagb-image--layout-default wp-block-uagb-image--effect-static wp-block-uagb-image--align-center\"><figure class=\"wp-block-uagb-image__figure\"><img decoding=\"async\" srcset=\"https:\/\/v2charge.com\/wp-content\/uploads\/2024\/01\/conexion-wifi-wibee-trydan.jpg ,https:\/\/v2charge.com\/wp-content\/uploads\/2024\/01\/conexion-wifi-wibee-trydan.jpg 780w, https:\/\/v2charge.com\/wp-content\/uploads\/2024\/01\/conexion-wifi-wibee-trydan.jpg 360w\" sizes=\"auto, (max-width: 480px) 150px\" src=\"https:\/\/v2charge.com\/wp-content\/uploads\/2024\/01\/conexion-wifi-wibee-trydan.jpg\" alt=\"\" class=\"uag-image-131292\" width=\"750\" height=\"257\" title=\"\" loading=\"lazy\" role=\"img\"\/><\/figure><\/div>\n<\/div><\/div>\n\n\n\n<div class=\"wp-block-uagb-separator uagb-block-1f4e5f80\"><div class=\"wp-block-uagb-separator__inner\" style=\"--my-background-image:\"><\/div><\/div>\n\n\n\n<div class=\"wp-block-uagb-container uagb-block-bf18b7b8 alignfull uagb-is-root-container\"><div class=\"uagb-container-inner-blocks-wrap\">\n<div class=\"wp-block-uagb-container uagb-block-63fc9fe5\"><div class=\"wp-block-uagb-advanced-heading uagb-block-17704ad3\"><h2 class=\"uagb-heading-text\">Nastavitev merilnika Wibeee v aplikaciji V2C Cloud<\/h2><\/div>\n\n<p>Vstopite v aplikacijo V2C Cloud, izberite polnilno mesto in nato dostopite do razdelka za nastavitev.<br><br>Dostopite do razdelka dinami\u010dnega nadzora mo\u010di, izberite &#8216;merilnik&#8217; na zavihku vrste naprave in izberite Wibeee v razdelku &#8216;vrsta merilnika&#8217;.<br><br>Poleg tega morate izbrati ustrezno vrsto namestitve.<br><br><strong>Shranjevanje nastavitev je obvezno za pravilno delovanje dinami\u010dnega nadzora mo\u010di.<\/strong><br><strong>Nato ga prilagodite, da se va\u0161a izku\u0161nja polnjenja popolnoma prilagodi vam.<\/strong><\/p><\/div>\n\n\n\n<div class=\"wp-block-uagb-container uagb-block-071ab2ad\">\n<div class=\"wp-block-uagb-image uagb-block-861583ee wp-block-uagb-image--layout-default wp-block-uagb-image--effect-static wp-block-uagb-image--align-none\"><figure class=\"wp-block-uagb-image__figure\"><img decoding=\"async\" srcset=\"https:\/\/v2charge.com\/wp-content\/uploads\/2024\/01\/seleccionar-medidor-wibeee.jpg ,https:\/\/v2charge.com\/wp-content\/uploads\/2024\/01\/seleccionar-medidor-wibeee.jpg 780w, https:\/\/v2charge.com\/wp-content\/uploads\/2024\/01\/seleccionar-medidor-wibeee.jpg 360w\" sizes=\"auto, (max-width: 480px) 150px\" src=\"https:\/\/v2charge.com\/wp-content\/uploads\/2024\/01\/seleccionar-medidor-wibeee.jpg\" alt=\"\" class=\"uag-image-131164\" width=\"468\" height=\"800\" title=\"\" loading=\"lazy\" role=\"img\"\/><\/figure><\/div>\n<\/div>\n<\/div><\/div>\n\n\n\n<div style=\"height:40px\" aria-hidden=\"true\" class=\"wp-block-spacer\"><\/div>\n<\/div><\/div>\n\n\n\n<div class=\"wp-block-uagb-container uagb-block-c6f38013 alignfull uagb-is-root-container\"><div class=\"uagb-container-inner-blocks-wrap\"><div class=\"wp-block-uagb-advanced-heading uagb-block-6963d70c\"><h2 class=\"uagb-heading-text\"><strong>Potrebujete tehni\u010dno podporo?<\/strong><\/h2><\/div>\n\n<div class=\"wp-block-uagb-advanced-heading uagb-block-408243eb\"><p class=\"uagb-heading-text\">Ustvarite zahtevo v Tehni\u010dnem podporni centru in kontaktirali vas bomo \u010dim prej, da vam ponudimo najbolj\u0161o re\u0161itev.<\/p><\/div>\n\n\n<div class=\"wp-block-uagb-buttons uagb-buttons__outer-wrap uagb-btn__default-btn uagb-btn-tablet__default-btn uagb-btn-mobile__default-btn uagb-block-ba1e67d1\"><div class=\"uagb-buttons__wrap uagb-buttons-layout-wrap \"><div class=\"wp-block-uagb-buttons-child uagb-buttons__outer-wrap uagb-block-23cfb623 wp-block-button\"><div class=\"uagb-button__wrapper\"><a class=\"uagb-buttons-repeater wp-block-button__link\" aria-label=\"\" href=\"https:\/\/v2charge.atlassian.net\/servicedesk\/customer\/portal\/3\" rel=\"follow noopener\" target=\"_self\" role=\"button\"><div class=\"uagb-button__link\">Kontaktirajte tehni\u010dno podporo<\/div><\/a><\/div><\/div><\/div><\/div>\n<\/div><\/div>\n","protected":false},"excerpt":{"rendered":"<p>Povezava Trydan z merilnikom Wibeee Trydan je zdru\u017eljiv z energijskim merilnikom Wibeee, podjetja Smilics Technologies, tako v fotovoltai\u010dni razli\u010dici kot v enofazni razli\u010dici. Zdru\u017eljive naprave so,&nbsp;Wibeee Box, zelo vsestranski merilnik, ki se uporablja predvsem za fotovoltaiko ali Wibeee Home. Za povezavo s fotovoltaiko je potrebno priklju\u010diti sponko 1 na skupno porabo in sponko 2 na &#8230; <a title=\"Povezovanje Trydan z merilnikom energije Wibeee\" class=\"read-more\" href=\"https:\/\/v2charge.com\/sl\/podro-je-podpore\/nadzor-mo-i\/dinami-no-upravljanje-mo-i\/povezovanje-trydan-z-merilnikom-energije-wibeee\/\" aria-label=\"Read more about Povezovanje Trydan z merilnikom energije Wibeee\">Read more<\/a><\/p>\n","protected":false},"author":1,"featured_media":170354,"parent":312843,"menu_order":0,"comment_status":"closed","ping_status":"closed","template":"","meta":{"_eb_attr":"","content-type":"","_uag_custom_page_level_css":"","footnotes":""},"class_list":["post-312813","page","type-page","status-publish","has-post-thumbnail"],"yoast_head":"<!-- This site is optimized with the Yoast SEO plugin v25.3.1 - https:\/\/yoast.com\/wordpress\/plugins\/seo\/ -->\n<title>Povezava polnilnika Trydan - Merilnik energije Wibeee | V2C<\/title>\n<meta name=\"description\" content=\"Nau\u010dite se povezati svoj polnilec Trydan z merilnikom energije Wibeee. Za\u010dnite optimizirati svoj postopek elektri\u010dnega polnjenja \u0161e danes!\" \/>\n<meta name=\"robots\" content=\"index, follow, max-snippet:-1, max-image-preview:large, max-video-preview:-1\" \/>\n<link rel=\"canonical\" href=\"https:\/\/v2charge.com\/sl\/soporte\/trydan\/integracion-fotovoltaica\/medidor-wibeee\/\" \/>\n<meta property=\"og:locale\" content=\"sl_SI\" \/>\n<meta property=\"og:type\" content=\"article\" \/>\n<meta property=\"og:title\" content=\"Povezava polnilnika Trydan - Merilnik energije Wibeee | V2C\" \/>\n<meta property=\"og:description\" content=\"Nau\u010dite se povezati svoj polnilec Trydan z merilnikom energije Wibeee. Za\u010dnite optimizirati svoj postopek elektri\u010dnega polnjenja \u0161e danes!\" \/>\n<meta property=\"og:url\" content=\"https:\/\/v2charge.com\/sl\/soporte\/trydan\/integracion-fotovoltaica\/medidor-wibeee\/\" \/>\n<meta property=\"og:site_name\" content=\"V2C\" \/>\n<meta property=\"article:publisher\" content=\"https:\/\/www.facebook.com\/V2C.Charge\" \/>\n<meta property=\"article:modified_time\" content=\"2025-07-18T11:48:56+00:00\" \/>\n<meta property=\"og:image\" content=\"https:\/\/v2charge.com\/wp-content\/uploads\/2024\/07\/v2c-electric-chargers.jpg\" \/>\n\t<meta property=\"og:image:width\" content=\"1200\" \/>\n\t<meta property=\"og:image:height\" content=\"675\" \/>\n\t<meta property=\"og:image:type\" content=\"image\/jpeg\" \/>\n<meta name=\"twitter:card\" content=\"summary_large_image\" \/>\n<meta name=\"twitter:site\" content=\"@V2C_Charge\" \/>\n<meta name=\"twitter:label1\" content=\"Est. reading time\" \/>\n\t<meta name=\"twitter:data1\" content=\"3 minute\" \/>\n<script type=\"application\/ld+json\" class=\"yoast-schema-graph\">{\"@context\":\"https:\/\/schema.org\",\"@graph\":[{\"@type\":\"WebPage\",\"@id\":\"https:\/\/v2charge.com\/sl\/podro-je-podpore\/nadzor-mo-i\/dinami-no-upravljanje-mo-i\/povezovanje-trydan-z-merilnikom-energije-wibeee\/\",\"url\":\"https:\/\/v2charge.com\/sl\/soporte\/trydan\/integracion-fotovoltaica\/medidor-wibeee\/\",\"name\":\"Povezava polnilnika Trydan - Merilnik energije Wibeee | V2C\",\"isPartOf\":{\"@id\":\"https:\/\/v2charge.com\/sl\/#website\"},\"primaryImageOfPage\":{\"@id\":\"https:\/\/v2charge.com\/sl\/soporte\/trydan\/integracion-fotovoltaica\/medidor-wibeee\/#primaryimage\"},\"image\":{\"@id\":\"https:\/\/v2charge.com\/sl\/soporte\/trydan\/integracion-fotovoltaica\/medidor-wibeee\/#primaryimage\"},\"thumbnailUrl\":\"https:\/\/v2charge.com\/wp-content\/uploads\/2024\/07\/v2c-electric-chargers.jpg\",\"datePublished\":\"2022-09-11T16:46:25+00:00\",\"dateModified\":\"2025-07-18T11:48:56+00:00\",\"description\":\"Nau\u010dite se povezati svoj polnilec Trydan z merilnikom energije Wibeee. Za\u010dnite optimizirati svoj postopek elektri\u010dnega polnjenja \u0161e danes!\",\"breadcrumb\":{\"@id\":\"https:\/\/v2charge.com\/sl\/soporte\/trydan\/integracion-fotovoltaica\/medidor-wibeee\/#breadcrumb\"},\"inLanguage\":\"sl-SI\",\"potentialAction\":[{\"@type\":\"ReadAction\",\"target\":[\"https:\/\/v2charge.com\/sl\/soporte\/trydan\/integracion-fotovoltaica\/medidor-wibeee\/\"]}]},{\"@type\":\"ImageObject\",\"inLanguage\":\"sl-SI\",\"@id\":\"https:\/\/v2charge.com\/sl\/soporte\/trydan\/integracion-fotovoltaica\/medidor-wibeee\/#primaryimage\",\"url\":\"https:\/\/v2charge.com\/wp-content\/uploads\/2024\/07\/v2c-electric-chargers.jpg\",\"contentUrl\":\"https:\/\/v2charge.com\/wp-content\/uploads\/2024\/07\/v2c-electric-chargers.jpg\",\"width\":1200,\"height\":675,\"caption\":\"V2C Electric Chargers\"},{\"@type\":\"BreadcrumbList\",\"@id\":\"https:\/\/v2charge.com\/sl\/soporte\/trydan\/integracion-fotovoltaica\/medidor-wibeee\/#breadcrumb\",\"itemListElement\":[{\"@type\":\"ListItem\",\"position\":1,\"name\":\"V2C\",\"item\":\"https:\/\/v2charge.com\/sl\/\"},{\"@type\":\"ListItem\",\"position\":2,\"name\":\"Medidor Wibeee\"}]},{\"@type\":\"WebSite\",\"@id\":\"https:\/\/v2charge.com\/sl\/#website\",\"url\":\"https:\/\/v2charge.com\/sl\/\",\"name\":\"V2C\",\"description\":\"#CargandoElMa\u00f1ana\",\"publisher\":{\"@id\":\"https:\/\/v2charge.com\/sl\/#organization\"},\"potentialAction\":[{\"@type\":\"SearchAction\",\"target\":{\"@type\":\"EntryPoint\",\"urlTemplate\":\"https:\/\/v2charge.com\/sl\/?s={search_term_string}\"},\"query-input\":{\"@type\":\"PropertyValueSpecification\",\"valueRequired\":true,\"valueName\":\"search_term_string\"}}],\"inLanguage\":\"sl-SI\"},{\"@type\":\"Organization\",\"@id\":\"https:\/\/v2charge.com\/sl\/#organization\",\"name\":\"V2C\",\"url\":\"https:\/\/v2charge.com\/sl\/\",\"logo\":{\"@type\":\"ImageObject\",\"inLanguage\":\"sl-SI\",\"@id\":\"https:\/\/v2charge.com\/sl\/#\/schema\/logo\/image\/\",\"url\":\"https:\/\/v2charge.com\/wp-content\/uploads\/2024\/11\/cropped-v2c-charge-logo-menu.png\",\"contentUrl\":\"https:\/\/v2charge.com\/wp-content\/uploads\/2024\/11\/cropped-v2c-charge-logo-menu.png\",\"width\":984,\"height\":431,\"caption\":\"V2C\"},\"image\":{\"@id\":\"https:\/\/v2charge.com\/sl\/#\/schema\/logo\/image\/\"},\"sameAs\":[\"https:\/\/www.facebook.com\/V2C.Charge\",\"https:\/\/x.com\/V2C_Charge\",\"https:\/\/www.instagram.com\/v2c.charge\/\",\"https:\/\/www.youtube.com\/@V2C\",\"https:\/\/www.linkedin.com\/company\/v2c-chargers\/\"]}]}<\/script>\n<!-- \/ Yoast SEO plugin. -->","yoast_head_json":{"title":"Povezava polnilnika Trydan - Merilnik energije Wibeee | V2C","description":"Nau\u010dite se povezati svoj polnilec Trydan z merilnikom energije Wibeee. Za\u010dnite optimizirati svoj postopek elektri\u010dnega polnjenja \u0161e danes!","robots":{"index":"index","follow":"follow","max-snippet":"max-snippet:-1","max-image-preview":"max-image-preview:large","max-video-preview":"max-video-preview:-1"},"canonical":"https:\/\/v2charge.com\/sl\/soporte\/trydan\/integracion-fotovoltaica\/medidor-wibeee\/","og_locale":"sl_SI","og_type":"article","og_title":"Povezava polnilnika Trydan - Merilnik energije Wibeee | V2C","og_description":"Nau\u010dite se povezati svoj polnilec Trydan z merilnikom energije Wibeee. Za\u010dnite optimizirati svoj postopek elektri\u010dnega polnjenja \u0161e danes!","og_url":"https:\/\/v2charge.com\/sl\/soporte\/trydan\/integracion-fotovoltaica\/medidor-wibeee\/","og_site_name":"V2C","article_publisher":"https:\/\/www.facebook.com\/V2C.Charge","article_modified_time":"2025-07-18T11:48:56+00:00","og_image":[{"width":1200,"height":675,"url":"https:\/\/v2charge.com\/wp-content\/uploads\/2024\/07\/v2c-electric-chargers.jpg","type":"image\/jpeg"}],"twitter_card":"summary_large_image","twitter_site":"@V2C_Charge","twitter_misc":{"Est. reading time":"3 minute"},"schema":{"@context":"https:\/\/schema.org","@graph":[{"@type":"WebPage","@id":"https:\/\/v2charge.com\/sl\/podro-je-podpore\/nadzor-mo-i\/dinami-no-upravljanje-mo-i\/povezovanje-trydan-z-merilnikom-energije-wibeee\/","url":"https:\/\/v2charge.com\/sl\/soporte\/trydan\/integracion-fotovoltaica\/medidor-wibeee\/","name":"Povezava polnilnika Trydan - Merilnik energije Wibeee | V2C","isPartOf":{"@id":"https:\/\/v2charge.com\/sl\/#website"},"primaryImageOfPage":{"@id":"https:\/\/v2charge.com\/sl\/soporte\/trydan\/integracion-fotovoltaica\/medidor-wibeee\/#primaryimage"},"image":{"@id":"https:\/\/v2charge.com\/sl\/soporte\/trydan\/integracion-fotovoltaica\/medidor-wibeee\/#primaryimage"},"thumbnailUrl":"https:\/\/v2charge.com\/wp-content\/uploads\/2024\/07\/v2c-electric-chargers.jpg","datePublished":"2022-09-11T16:46:25+00:00","dateModified":"2025-07-18T11:48:56+00:00","description":"Nau\u010dite se povezati svoj polnilec Trydan z merilnikom energije Wibeee. Za\u010dnite optimizirati svoj postopek elektri\u010dnega polnjenja \u0161e danes!","breadcrumb":{"@id":"https:\/\/v2charge.com\/sl\/soporte\/trydan\/integracion-fotovoltaica\/medidor-wibeee\/#breadcrumb"},"inLanguage":"sl-SI","potentialAction":[{"@type":"ReadAction","target":["https:\/\/v2charge.com\/sl\/soporte\/trydan\/integracion-fotovoltaica\/medidor-wibeee\/"]}]},{"@type":"ImageObject","inLanguage":"sl-SI","@id":"https:\/\/v2charge.com\/sl\/soporte\/trydan\/integracion-fotovoltaica\/medidor-wibeee\/#primaryimage","url":"https:\/\/v2charge.com\/wp-content\/uploads\/2024\/07\/v2c-electric-chargers.jpg","contentUrl":"https:\/\/v2charge.com\/wp-content\/uploads\/2024\/07\/v2c-electric-chargers.jpg","width":1200,"height":675,"caption":"V2C Electric Chargers"},{"@type":"BreadcrumbList","@id":"https:\/\/v2charge.com\/sl\/soporte\/trydan\/integracion-fotovoltaica\/medidor-wibeee\/#breadcrumb","itemListElement":[{"@type":"ListItem","position":1,"name":"V2C","item":"https:\/\/v2charge.com\/sl\/"},{"@type":"ListItem","position":2,"name":"Medidor Wibeee"}]},{"@type":"WebSite","@id":"https:\/\/v2charge.com\/sl\/#website","url":"https:\/\/v2charge.com\/sl\/","name":"V2C","description":"#CargandoElMa\u00f1ana","publisher":{"@id":"https:\/\/v2charge.com\/sl\/#organization"},"potentialAction":[{"@type":"SearchAction","target":{"@type":"EntryPoint","urlTemplate":"https:\/\/v2charge.com\/sl\/?s={search_term_string}"},"query-input":{"@type":"PropertyValueSpecification","valueRequired":true,"valueName":"search_term_string"}}],"inLanguage":"sl-SI"},{"@type":"Organization","@id":"https:\/\/v2charge.com\/sl\/#organization","name":"V2C","url":"https:\/\/v2charge.com\/sl\/","logo":{"@type":"ImageObject","inLanguage":"sl-SI","@id":"https:\/\/v2charge.com\/sl\/#\/schema\/logo\/image\/","url":"https:\/\/v2charge.com\/wp-content\/uploads\/2024\/11\/cropped-v2c-charge-logo-menu.png","contentUrl":"https:\/\/v2charge.com\/wp-content\/uploads\/2024\/11\/cropped-v2c-charge-logo-menu.png","width":984,"height":431,"caption":"V2C"},"image":{"@id":"https:\/\/v2charge.com\/sl\/#\/schema\/logo\/image\/"},"sameAs":["https:\/\/www.facebook.com\/V2C.Charge","https:\/\/x.com\/V2C_Charge","https:\/\/www.instagram.com\/v2c.charge\/","https:\/\/www.youtube.com\/@V2C","https:\/\/www.linkedin.com\/company\/v2c-chargers\/"]}]}},"uagb_featured_image_src":{"full":["https:\/\/v2charge.com\/wp-content\/uploads\/2024\/07\/v2c-electric-chargers.jpg",1200,675,false],"thumbnail":["https:\/\/v2charge.com\/wp-content\/uploads\/2024\/07\/v2c-electric-chargers-150x150.jpg",150,150,true],"medium":["https:\/\/v2charge.com\/wp-content\/uploads\/2024\/07\/v2c-electric-chargers-300x169.jpg",300,169,true],"medium_large":["https:\/\/v2charge.com\/wp-content\/uploads\/2024\/07\/v2c-electric-chargers-768x432.jpg",768,432,true],"large":["https:\/\/v2charge.com\/wp-content\/uploads\/2024\/07\/v2c-electric-chargers-1024x576.jpg",1024,576,true],"gs-tiny":["https:\/\/v2charge.com\/wp-content\/uploads\/2024\/07\/v2c-electric-chargers.jpg",50,28,false],"xl":["https:\/\/v2charge.com\/wp-content\/uploads\/2024\/07\/v2c-electric-chargers.jpg",1200,675,false],"xxl":["https:\/\/v2charge.com\/wp-content\/uploads\/2024\/07\/v2c-electric-chargers.jpg",1200,675,false],"xxxl":["https:\/\/v2charge.com\/wp-content\/uploads\/2024\/07\/v2c-electric-chargers.jpg",1200,675,false],"xxxxl":["https:\/\/v2charge.com\/wp-content\/uploads\/2024\/07\/v2c-electric-chargers.jpg",1200,675,false],"xxxxxl":["https:\/\/v2charge.com\/wp-content\/uploads\/2024\/07\/v2c-electric-chargers.jpg",1200,675,false],"1536x1536":["https:\/\/v2charge.com\/wp-content\/uploads\/2024\/07\/v2c-electric-chargers.jpg",1200,675,false],"2048x2048":["https:\/\/v2charge.com\/wp-content\/uploads\/2024\/07\/v2c-electric-chargers.jpg",1200,675,false]},"uagb_author_info":{"display_name":"V2C","author_link":"https:\/\/v2charge.com\/sl\/author\/root_k4eu7ki8\/"},"uagb_comment_info":0,"uagb_excerpt":"Povezava Trydan z merilnikom Wibeee Trydan je zdru\u017eljiv z energijskim merilnikom Wibeee, podjetja Smilics Technologies, tako v fotovoltai\u010dni razli\u010dici kot v enofazni razli\u010dici. Zdru\u017eljive naprave so,&nbsp;Wibeee Box, zelo vsestranski merilnik, ki se uporablja predvsem za fotovoltaiko ali Wibeee Home. Za povezavo s fotovoltaiko je potrebno priklju\u010diti sponko 1 na skupno porabo in sponko 2 na&hellip;","_links":{"self":[{"href":"https:\/\/v2charge.com\/sl\/wp-json\/wp\/v2\/pages\/312813","targetHints":{"allow":["GET"]}}],"collection":[{"href":"https:\/\/v2charge.com\/sl\/wp-json\/wp\/v2\/pages"}],"about":[{"href":"https:\/\/v2charge.com\/sl\/wp-json\/wp\/v2\/types\/page"}],"author":[{"embeddable":true,"href":"https:\/\/v2charge.com\/sl\/wp-json\/wp\/v2\/users\/1"}],"replies":[{"embeddable":true,"href":"https:\/\/v2charge.com\/sl\/wp-json\/wp\/v2\/comments?post=312813"}],"version-history":[{"count":0,"href":"https:\/\/v2charge.com\/sl\/wp-json\/wp\/v2\/pages\/312813\/revisions"}],"up":[{"embeddable":true,"href":"https:\/\/v2charge.com\/sl\/wp-json\/wp\/v2\/pages\/312843"}],"wp:featuredmedia":[{"embeddable":true,"href":"https:\/\/v2charge.com\/sl\/wp-json\/wp\/v2\/media\/170354"}],"wp:attachment":[{"href":"https:\/\/v2charge.com\/sl\/wp-json\/wp\/v2\/media?parent=312813"}],"curies":[{"name":"wp","href":"https:\/\/api.w.org\/{rel}","templated":true}]}}