{"id":312818,"date":"2022-10-11T16:50:05","date_gmt":"2022-10-11T16:50:05","guid":{"rendered":""},"modified":"2026-01-09T17:25:05","modified_gmt":"2026-01-09T15:25:05","slug":"povezava-trydan-z-victron","status":"publish","type":"page","link":"https:\/\/v2charge.com\/sl\/podro-je-podpore\/nadzor-mo-i\/dinami-no-upravljanje-mo-i\/integracija-fotovoltaike\/povezava-trydan-z-victron\/","title":{"rendered":"Povezava Trydan z Victron"},"content":{"rendered":"\n<div class=\"wp-block-uagb-container uagb-block-917b89c6 alignfull uagb-is-root-container\"><div class=\"uagb-container-inner-blocks-wrap\"><div class=\"yoast-breadcrumbs\"><span><span><a href=\"https:\/\/v2charge.com\/sl\/\">V2C<\/a><\/span> \u00bb <span><a href=\"https:\/\/v2charge.com\/sl\/podro-je-podpore\/\">Podro\u010dje podpore<\/a><\/span> \u00bb <span><a href=\"https:\/\/v2charge.com\/sl\/nadzor-mo-i\/\">Control de potencia<\/a><\/span> \u00bb <span><a href=\"https:\/\/v2charge.com\/sl\/dinami-no-upravljanje-mo-i\/\">Din\u00e1mico<\/a><\/span> \u00bb <span><a href=\"https:\/\/v2charge.com\/sl\/dinami-no-upravljanje-mo-i\/integracija-fotovoltaike\/\">Fotovoltaica<\/a><\/span> \u00bb <span class=\"breadcrumb_last\" aria-current=\"page\">Povezava Trydan z Victron<\/span><\/span><\/div>\n\n<h1 class=\"wp-block-heading\">Povezava Trydan z Victron<\/h1>\n\n\n<div class=\"wp-block-uagb-container uagb-block-6ff3315e alignfull uagb-is-root-container\"><div class=\"uagb-container-inner-blocks-wrap\">\n<div class=\"wp-block-uagb-container uagb-block-d07bdd19\"><p>Preko povezave tvoje polnilne postaje Trydan z inverterjem Victron lahko neposredno pove\u017ee\u0161 svojo polnilno postajo, da uporabi\u0161 pametne funkcije dinami\u010dnega nadzora.<\/p><\/div>\n\n\n\n<div class=\"wp-block-uagb-container uagb-block-56f0a249\">\n<div class=\"wp-block-uagb-image uagb-block-a6b3aa91 wp-block-uagb-image--layout-default wp-block-uagb-image--effect-static wp-block-uagb-image--align-none\"><figure class=\"wp-block-uagb-image__figure\"><img decoding=\"async\" srcset=\"https:\/\/v2charge.com\/wp-content\/uploads\/2023\/12\/inversor-victron-logo.jpg ,https:\/\/v2charge.com\/wp-content\/uploads\/2023\/12\/inversor-victron-logo.jpg 780w, https:\/\/v2charge.com\/wp-content\/uploads\/2023\/12\/inversor-victron-logo.jpg 360w\" sizes=\"auto, (max-width: 480px) 150px\" src=\"https:\/\/v2charge.com\/wp-content\/uploads\/2023\/12\/inversor-victron-logo.jpg\" alt=\"\" class=\"uag-image-129142\" width=\"250\" height=\"47\" title=\"\" loading=\"lazy\" role=\"img\"\/><\/figure><\/div>\n<\/div>\n<\/div><\/div>\n\n\n\n<div class=\"wp-block-uagb-container uagb-block-333fb119 alignfull uagb-is-root-container\"><div class=\"uagb-container-inner-blocks-wrap\">\n<div class=\"wp-block-uagb-container uagb-block-2ff110d0 default uagb-is-root-container\">\n<div class=\"wp-block-uagb-container uagb-block-cd442c87\">\n<div class=\"wp-block-uagb-image aligncenter uagb-block-4bb46c59 wp-block-uagb-image--layout-default wp-block-uagb-image--effect-static wp-block-uagb-image--align-center\"><figure class=\"wp-block-uagb-image__figure\"><img decoding=\"async\" srcset=\"https:\/\/v2charge.com\/wp-content\/uploads\/2023\/11\/icon-important.png ,https:\/\/v2charge.com\/wp-content\/uploads\/2023\/11\/icon-important.png 780w, https:\/\/v2charge.com\/wp-content\/uploads\/2023\/11\/icon-important.png 360w\" sizes=\"auto, (max-width: 480px) 150px\" src=\"https:\/\/v2charge.com\/wp-content\/uploads\/2023\/11\/icon-important.png\" alt=\"\" class=\"uag-image-125013\" width=\"50\" height=\"50\" title=\"\" loading=\"lazy\" role=\"img\"\/><\/figure><\/div>\n<\/div>\n\n\n\n<div class=\"wp-block-uagb-container uagb-block-38de7166\"><div class=\"wp-block-uagb-advanced-heading uagb-block-37ab01f0\"><p class=\"uagb-heading-text\">Uporaba&nbsp;<strong>Wi-Fi repetitorje<\/strong>&nbsp;ali&nbsp;<strong>mesh omre\u017eja<\/strong>&nbsp;lahko vpliva na pravilno delovanje sistema. Priporo\u010damo uporabo&nbsp;<strong>stabilne Wi-Fi omre\u017eje<\/strong>&nbsp;in<strong> neposredno<\/strong>&nbsp;za zagotovitev optimalne povezave med polnilnikom in inverterjem.<\/p><\/div><\/div>\n<\/div>\n\n\n\n<div style=\"height:5px\" aria-hidden=\"true\" class=\"wp-block-spacer\"><\/div>\n<\/div><\/div>\n\n\n\n<div class=\"wp-block-uagb-separator uagb-block-37d1f752\"><div class=\"wp-block-uagb-separator__inner\" style=\"--my-background-image:\"><\/div><\/div>\n\n\n<h2 class=\"wp-block-heading\">Kako povezati inverter z opremo<\/h2>\n\n<p>Povezava na napravo je zelo preprosta. Za delovanje mora\u0161 imeti name\u0161\u010den inverter Victron Cerbo GX. V nastavitvah Cerbo GX mora\u0161 aktivirati RS Modbus 485 TCP. To lahko stori\u0161 preko zaslona ali preko IP naslova z ra\u010dunalnikom Cerbo GX. IP naslov Victrona je mogo\u010de najti na ve\u010d mestih (na samem zaslonu, v aplikaciji bluetooth\u2026).<\/p>\n\n<p>Izberite razdelek konfiguracija in pustite RS485 Modbus na <em>Enabled<\/em>.<\/p>\n\n\n<div class=\"wp-block-uagb-buttons uagb-buttons__outer-wrap uagb-btn__medium-btn uagb-btn-tablet__default-btn uagb-btn-mobile__default-btn uagb-block-45c5baf0\"><div class=\"uagb-buttons__wrap uagb-buttons-layout-wrap \"><div class=\"wp-block-uagb-buttons-child uagb-buttons__outer-wrap uagb-block-9f1c2648 wp-block-button\"><div class=\"uagb-button__wrapper\"><a class=\"uagb-buttons-repeater wp-block-button__link\" aria-label=\"\" href=\"https:\/\/youtube.com\/shorts\/UY4wZ1ynKHo?si=oxo1lFP1_6NZGQdy\" rel=\"follow noopener\" target=\"_self\" role=\"button\"><div class=\"uagb-button__link\">Oglejte si video<\/div><\/a><\/div><\/div><\/div><\/div>\n\n\n\n<div class=\"wp-block-uagb-image aligncenter uagb-block-5d46d4c2 wp-block-uagb-image--layout-default wp-block-uagb-image--effect-static wp-block-uagb-image--align-center\"><figure class=\"wp-block-uagb-image__figure\"><img decoding=\"async\" srcset=\"https:\/\/v2charge.com\/wp-content\/uploads\/2022\/10\/modbus-tcp-victron.png ,https:\/\/v2charge.com\/wp-content\/uploads\/2022\/10\/modbus-tcp-victron.png 780w, https:\/\/v2charge.com\/wp-content\/uploads\/2022\/10\/modbus-tcp-victron.png 360w\" sizes=\"auto, (max-width: 480px) 150px\" src=\"https:\/\/v2charge.com\/wp-content\/uploads\/2022\/10\/modbus-tcp-victron.png\" alt=\"\" class=\"uag-image-85532\" width=\"1642\" height=\"704\" title=\"\" loading=\"lazy\" role=\"img\"\/><\/figure><\/div>\n<\/div><\/div>\n\n\n\n<div class=\"wp-block-uagb-container uagb-block-1fb723ac alignfull uagb-is-root-container\"><div class=\"uagb-container-inner-blocks-wrap\">\n<div class=\"wp-block-uagb-container uagb-block-f9070278\"><p>V aplikaciji sledite navodilom za&nbsp;aktivacijo <a href=\"https:\/\/v2charge.com\/sl\/soporte\/trydan\/control-dinamico-potencia\/\">Dinami\u010dne Kontrole Mo\u010di<\/a>&nbsp;in v inverterju <strong>izberite Victron<\/strong>.<\/p><\/div>\n\n\n\n<div class=\"wp-block-uagb-container uagb-block-bf7d8139\">\n<div class=\"wp-block-uagb-image aligncenter uagb-block-bfeb1bc2 wp-block-uagb-image--layout-default wp-block-uagb-image--effect-static wp-block-uagb-image--align-center\"><figure class=\"wp-block-uagb-image__figure\"><img decoding=\"async\" srcset=\"https:\/\/v2charge.com\/wp-content\/uploads\/2024\/01\/victron-inversor.jpg ,https:\/\/v2charge.com\/wp-content\/uploads\/2024\/01\/victron-inversor.jpg 780w, https:\/\/v2charge.com\/wp-content\/uploads\/2024\/01\/victron-inversor.jpg 360w\" sizes=\"auto, (max-width: 480px) 150px\" src=\"https:\/\/v2charge.com\/wp-content\/uploads\/2024\/01\/victron-inversor.jpg\" alt=\"\" class=\"uag-image-133304\" width=\"468\" height=\"800\" title=\"\" loading=\"lazy\" role=\"img\"\/><\/figure><\/div>\n<\/div>\n<\/div><\/div>\n\n\n\n<div class=\"wp-block-uagb-container uagb-block-c6f38013 alignfull uagb-is-root-container\"><div class=\"uagb-container-inner-blocks-wrap\"><div class=\"wp-block-uagb-advanced-heading uagb-block-6963d70c\"><h2 class=\"uagb-heading-text\"><strong>Potrebujete tehni\u010dno podporo?<\/strong><\/h2><\/div>\n\n<div class=\"wp-block-uagb-advanced-heading uagb-block-408243eb\"><p class=\"uagb-heading-text\">Takoj re\u0161ite svojo te\u017eavo preko na\u0161ega klepeta z umetno inteligenco. \u010ce te\u017eave ne bo mogo\u010de re\u0161iti, ustvarite zahtevo v Tehni\u010dnem podpori in stopili bomo v stik z vami \u010dim prej, da vam ponudimo najbolj\u0161o re\u0161itev.<\/p><\/div>\n\n<div class=\"wp-block-uagb-info-box uagb-block-12e3cf1c uagb-infobox__content-wrap  uagb-infobox-icon-left uagb-infobox-left uagb-infobox-image-valign-top wp-block-uagb-info-box--has-margin ai-chatbot-button\"><div class=\"uagb-infobox-margin-wrapper\"><div class=\"uagb-ifb-image-content\"><img decoding=\"async\" src=\"https:\/\/v2charge.com\/wp-content\/uploads\/2026\/01\/support-ai-chatbot.png\" alt=\"\" width=\"20\" height=\"19\" loading=\"lazy\"\/><\/div><div class=\"uagb-ifb-content\"><div class=\"uagb-ifb-title-wrap\"><\/div><div class=\"uagb-ifb-button-wrapper wp-block-button\"><a href=\"https:\/\/v2charge.com\/sl\/v2c-support-web\/\" class=\"uagb-infobox-cta-link wp-block-button__link\" target=\"_blank\" rel=\"noopener noreferrer\" onclick=\"return true;\"><span class=\"uagb-inline-editing\">Vpra\u0161ajte na\u0161o IA klepetalnico<\/span><\/a><\/div><\/div><\/div><\/div>\n\n\n<div class=\"wp-block-uagb-buttons uagb-buttons__outer-wrap uagb-btn__default-btn uagb-btn-tablet__default-btn uagb-btn-mobile__default-btn uagb-block-ba1e67d1\"><div class=\"uagb-buttons__wrap uagb-buttons-layout-wrap \"><div class=\"wp-block-uagb-buttons-child uagb-buttons__outer-wrap uagb-block-23cfb623 wp-block-button\"><div class=\"uagb-button__wrapper\"><a class=\"uagb-buttons-repeater wp-block-button__link\" aria-label=\"\" href=\"https:\/\/v2charge.atlassian.net\/servicedesk\/customer\/portal\/3\" rel=\"follow noopener\" target=\"_blank\" role=\"button\"><div class=\"uagb-button__link\">Kontaktirajte tehni\u010dno podporo<\/div><\/a><\/div><\/div><\/div><\/div>\n<\/div><\/div>\n","protected":false},"excerpt":{"rendered":"<p>Povezava Trydan z Victron Preko povezave tvoje polnilne postaje Trydan z inverterjem Victron lahko neposredno pove\u017ee\u0161 svojo polnilno postajo, da uporabi\u0161 pametne funkcije dinami\u010dnega nadzora. Uporaba&nbsp;Wi-Fi repetitorje&nbsp;ali&nbsp;mesh omre\u017eja&nbsp;lahko vpliva na pravilno delovanje sistema. Priporo\u010damo uporabo&nbsp;stabilne Wi-Fi omre\u017eje&nbsp;in neposredno&nbsp;za zagotovitev optimalne povezave med polnilnikom in inverterjem. Kako povezati inverter z opremo Povezava na napravo je zelo &#8230; <a title=\"Povezava Trydan z Victron\" class=\"read-more\" href=\"https:\/\/v2charge.com\/sl\/podro-je-podpore\/nadzor-mo-i\/dinami-no-upravljanje-mo-i\/integracija-fotovoltaike\/povezava-trydan-z-victron\/\" aria-label=\"Read more about Povezava Trydan z Victron\">Read more<\/a><\/p>\n","protected":false},"author":1,"featured_media":170354,"parent":312853,"menu_order":0,"comment_status":"closed","ping_status":"closed","template":"","meta":{"_eb_attr":"","content-type":"","_uag_custom_page_level_css":"","footnotes":""},"class_list":["post-312818","page","type-page","status-publish","has-post-thumbnail"],"yoast_head":"<!-- This site is optimized with the Yoast SEO plugin v25.3.1 - https:\/\/yoast.com\/wordpress\/plugins\/seo\/ -->\n<title>Pove\u017eite Trydan z inverterjem Victron [Korak za korakom] | V2C Podpora<\/title>\n<meta name=\"description\" content=\"Pove\u017ei inverter Victron s Trydanom in uporabi pametne funkcije dinami\u010dnega nadzora. Pojasnimo, kako to storiti. \u2714\" \/>\n<meta name=\"robots\" content=\"index, follow, max-snippet:-1, max-image-preview:large, max-video-preview:-1\" \/>\n<link rel=\"canonical\" href=\"https:\/\/v2charge.com\/sl\/podro-je-podpore\/nadzor-mo-i\/dinami-no-upravljanje-mo-i\/integracija-fotovoltaike\/povezava-trydan-z-victron\/\" \/>\n<meta property=\"og:locale\" content=\"sl_SI\" \/>\n<meta property=\"og:type\" content=\"article\" \/>\n<meta property=\"og:title\" content=\"Pove\u017eite Trydan z inverterjem Victron [Korak za korakom] | V2C Podpora\" \/>\n<meta property=\"og:description\" content=\"Pove\u017ei inverter Victron s Trydanom in uporabi pametne funkcije dinami\u010dnega nadzora. Pojasnimo, kako to storiti. \u2714\" \/>\n<meta property=\"og:url\" content=\"https:\/\/v2charge.com\/sl\/podro-je-podpore\/nadzor-mo-i\/dinami-no-upravljanje-mo-i\/integracija-fotovoltaike\/povezava-trydan-z-victron\/\" \/>\n<meta property=\"og:site_name\" content=\"V2C\" \/>\n<meta property=\"article:publisher\" content=\"https:\/\/www.facebook.com\/V2C.Charge\" \/>\n<meta property=\"article:modified_time\" content=\"2026-01-09T15:25:05+00:00\" \/>\n<meta property=\"og:image\" content=\"https:\/\/v2charge.com\/wp-content\/uploads\/2024\/07\/v2c-electric-chargers.jpg\" \/>\n\t<meta property=\"og:image:width\" content=\"1200\" \/>\n\t<meta property=\"og:image:height\" content=\"675\" \/>\n\t<meta property=\"og:image:type\" content=\"image\/jpeg\" \/>\n<meta name=\"twitter:card\" content=\"summary_large_image\" \/>\n<meta name=\"twitter:site\" content=\"@V2C_Charge\" \/>\n<meta name=\"twitter:label1\" content=\"Est. reading time\" \/>\n\t<meta name=\"twitter:data1\" content=\"3 minute\" \/>\n<script type=\"application\/ld+json\" class=\"yoast-schema-graph\">{\"@context\":\"https:\/\/schema.org\",\"@graph\":[{\"@type\":\"WebPage\",\"@id\":\"https:\/\/v2charge.com\/sl\/podro-je-podpore\/nadzor-mo-i\/dinami-no-upravljanje-mo-i\/integracija-fotovoltaike\/povezava-trydan-z-victron\/\",\"url\":\"https:\/\/v2charge.com\/sl\/podro-je-podpore\/nadzor-mo-i\/dinami-no-upravljanje-mo-i\/integracija-fotovoltaike\/povezava-trydan-z-victron\/\",\"name\":\"Pove\u017eite Trydan z inverterjem Victron [Korak za korakom] | V2C Podpora\",\"isPartOf\":{\"@id\":\"https:\/\/v2charge.com\/sl\/#website\"},\"primaryImageOfPage\":{\"@id\":\"https:\/\/v2charge.com\/sl\/podro-je-podpore\/nadzor-mo-i\/dinami-no-upravljanje-mo-i\/integracija-fotovoltaike\/povezava-trydan-z-victron\/#primaryimage\"},\"image\":{\"@id\":\"https:\/\/v2charge.com\/sl\/podro-je-podpore\/nadzor-mo-i\/dinami-no-upravljanje-mo-i\/integracija-fotovoltaike\/povezava-trydan-z-victron\/#primaryimage\"},\"thumbnailUrl\":\"https:\/\/v2charge.com\/wp-content\/uploads\/2024\/07\/v2c-electric-chargers.jpg\",\"datePublished\":\"2022-10-11T16:50:05+00:00\",\"dateModified\":\"2026-01-09T15:25:05+00:00\",\"description\":\"Pove\u017ei inverter Victron s Trydanom in uporabi pametne funkcije dinami\u010dnega nadzora. Pojasnimo, kako to storiti. \u2714\",\"breadcrumb\":{\"@id\":\"https:\/\/v2charge.com\/sl\/podro-je-podpore\/nadzor-mo-i\/dinami-no-upravljanje-mo-i\/integracija-fotovoltaike\/povezava-trydan-z-victron\/#breadcrumb\"},\"inLanguage\":\"sl-SI\",\"potentialAction\":[{\"@type\":\"ReadAction\",\"target\":[\"https:\/\/v2charge.com\/sl\/podro-je-podpore\/nadzor-mo-i\/dinami-no-upravljanje-mo-i\/integracija-fotovoltaike\/povezava-trydan-z-victron\/\"]}]},{\"@type\":\"ImageObject\",\"inLanguage\":\"sl-SI\",\"@id\":\"https:\/\/v2charge.com\/sl\/podro-je-podpore\/nadzor-mo-i\/dinami-no-upravljanje-mo-i\/integracija-fotovoltaike\/povezava-trydan-z-victron\/#primaryimage\",\"url\":\"https:\/\/v2charge.com\/wp-content\/uploads\/2024\/07\/v2c-electric-chargers.jpg\",\"contentUrl\":\"https:\/\/v2charge.com\/wp-content\/uploads\/2024\/07\/v2c-electric-chargers.jpg\",\"width\":1200,\"height\":675,\"caption\":\"V2C Electric Chargers\"},{\"@type\":\"BreadcrumbList\",\"@id\":\"https:\/\/v2charge.com\/sl\/podro-je-podpore\/nadzor-mo-i\/dinami-no-upravljanje-mo-i\/integracija-fotovoltaike\/povezava-trydan-z-victron\/#breadcrumb\",\"itemListElement\":[{\"@type\":\"ListItem\",\"position\":1,\"name\":\"V2C\",\"item\":\"https:\/\/v2charge.com\/sl\/\"},{\"@type\":\"ListItem\",\"position\":2,\"name\":\"Podro\u010dje podpore\",\"item\":\"https:\/\/v2charge.com\/sl\/podro-je-podpore\/\"},{\"@type\":\"ListItem\",\"position\":3,\"name\":\"Control de potencia\",\"item\":\"https:\/\/v2charge.com\/sl\/nadzor-mo-i\/\"},{\"@type\":\"ListItem\",\"position\":4,\"name\":\"Din\u00e1mico\",\"item\":\"https:\/\/v2charge.com\/sl\/dinami-no-upravljanje-mo-i\/\"},{\"@type\":\"ListItem\",\"position\":5,\"name\":\"Fotovoltaica\",\"item\":\"https:\/\/v2charge.com\/sl\/dinami-no-upravljanje-mo-i\/integracija-fotovoltaike\/\"},{\"@type\":\"ListItem\",\"position\":6,\"name\":\"Povezava Trydan z Victron\"}]},{\"@type\":\"WebSite\",\"@id\":\"https:\/\/v2charge.com\/sl\/#website\",\"url\":\"https:\/\/v2charge.com\/sl\/\",\"name\":\"V2C\",\"description\":\"#CargandoElMa\u00f1ana\",\"publisher\":{\"@id\":\"https:\/\/v2charge.com\/sl\/#organization\"},\"potentialAction\":[{\"@type\":\"SearchAction\",\"target\":{\"@type\":\"EntryPoint\",\"urlTemplate\":\"https:\/\/v2charge.com\/sl\/?s={search_term_string}\"},\"query-input\":{\"@type\":\"PropertyValueSpecification\",\"valueRequired\":true,\"valueName\":\"search_term_string\"}}],\"inLanguage\":\"sl-SI\"},{\"@type\":\"Organization\",\"@id\":\"https:\/\/v2charge.com\/sl\/#organization\",\"name\":\"V2C\",\"url\":\"https:\/\/v2charge.com\/sl\/\",\"logo\":{\"@type\":\"ImageObject\",\"inLanguage\":\"sl-SI\",\"@id\":\"https:\/\/v2charge.com\/sl\/#\/schema\/logo\/image\/\",\"url\":\"https:\/\/v2charge.com\/wp-content\/uploads\/2024\/11\/cropped-v2c-charge-logo-menu.png\",\"contentUrl\":\"https:\/\/v2charge.com\/wp-content\/uploads\/2024\/11\/cropped-v2c-charge-logo-menu.png\",\"width\":984,\"height\":431,\"caption\":\"V2C\"},\"image\":{\"@id\":\"https:\/\/v2charge.com\/sl\/#\/schema\/logo\/image\/\"},\"sameAs\":[\"https:\/\/www.facebook.com\/V2C.Charge\",\"https:\/\/x.com\/V2C_Charge\",\"https:\/\/www.instagram.com\/v2c.charge\/\",\"https:\/\/www.youtube.com\/@V2C\",\"https:\/\/www.linkedin.com\/company\/v2c-chargers\/\"]}]}<\/script>\n<!-- \/ Yoast SEO plugin. -->","yoast_head_json":{"title":"Pove\u017eite Trydan z inverterjem Victron [Korak za korakom] | V2C Podpora","description":"Pove\u017ei inverter Victron s Trydanom in uporabi pametne funkcije dinami\u010dnega nadzora. Pojasnimo, kako to storiti. \u2714","robots":{"index":"index","follow":"follow","max-snippet":"max-snippet:-1","max-image-preview":"max-image-preview:large","max-video-preview":"max-video-preview:-1"},"canonical":"https:\/\/v2charge.com\/sl\/podro-je-podpore\/nadzor-mo-i\/dinami-no-upravljanje-mo-i\/integracija-fotovoltaike\/povezava-trydan-z-victron\/","og_locale":"sl_SI","og_type":"article","og_title":"Pove\u017eite Trydan z inverterjem Victron [Korak za korakom] | V2C Podpora","og_description":"Pove\u017ei inverter Victron s Trydanom in uporabi pametne funkcije dinami\u010dnega nadzora. Pojasnimo, kako to storiti. \u2714","og_url":"https:\/\/v2charge.com\/sl\/podro-je-podpore\/nadzor-mo-i\/dinami-no-upravljanje-mo-i\/integracija-fotovoltaike\/povezava-trydan-z-victron\/","og_site_name":"V2C","article_publisher":"https:\/\/www.facebook.com\/V2C.Charge","article_modified_time":"2026-01-09T15:25:05+00:00","og_image":[{"width":1200,"height":675,"url":"https:\/\/v2charge.com\/wp-content\/uploads\/2024\/07\/v2c-electric-chargers.jpg","type":"image\/jpeg"}],"twitter_card":"summary_large_image","twitter_site":"@V2C_Charge","twitter_misc":{"Est. reading time":"3 minute"},"schema":{"@context":"https:\/\/schema.org","@graph":[{"@type":"WebPage","@id":"https:\/\/v2charge.com\/sl\/podro-je-podpore\/nadzor-mo-i\/dinami-no-upravljanje-mo-i\/integracija-fotovoltaike\/povezava-trydan-z-victron\/","url":"https:\/\/v2charge.com\/sl\/podro-je-podpore\/nadzor-mo-i\/dinami-no-upravljanje-mo-i\/integracija-fotovoltaike\/povezava-trydan-z-victron\/","name":"Pove\u017eite Trydan z inverterjem Victron [Korak za korakom] | V2C Podpora","isPartOf":{"@id":"https:\/\/v2charge.com\/sl\/#website"},"primaryImageOfPage":{"@id":"https:\/\/v2charge.com\/sl\/podro-je-podpore\/nadzor-mo-i\/dinami-no-upravljanje-mo-i\/integracija-fotovoltaike\/povezava-trydan-z-victron\/#primaryimage"},"image":{"@id":"https:\/\/v2charge.com\/sl\/podro-je-podpore\/nadzor-mo-i\/dinami-no-upravljanje-mo-i\/integracija-fotovoltaike\/povezava-trydan-z-victron\/#primaryimage"},"thumbnailUrl":"https:\/\/v2charge.com\/wp-content\/uploads\/2024\/07\/v2c-electric-chargers.jpg","datePublished":"2022-10-11T16:50:05+00:00","dateModified":"2026-01-09T15:25:05+00:00","description":"Pove\u017ei inverter Victron s Trydanom in uporabi pametne funkcije dinami\u010dnega nadzora. Pojasnimo, kako to storiti. \u2714","breadcrumb":{"@id":"https:\/\/v2charge.com\/sl\/podro-je-podpore\/nadzor-mo-i\/dinami-no-upravljanje-mo-i\/integracija-fotovoltaike\/povezava-trydan-z-victron\/#breadcrumb"},"inLanguage":"sl-SI","potentialAction":[{"@type":"ReadAction","target":["https:\/\/v2charge.com\/sl\/podro-je-podpore\/nadzor-mo-i\/dinami-no-upravljanje-mo-i\/integracija-fotovoltaike\/povezava-trydan-z-victron\/"]}]},{"@type":"ImageObject","inLanguage":"sl-SI","@id":"https:\/\/v2charge.com\/sl\/podro-je-podpore\/nadzor-mo-i\/dinami-no-upravljanje-mo-i\/integracija-fotovoltaike\/povezava-trydan-z-victron\/#primaryimage","url":"https:\/\/v2charge.com\/wp-content\/uploads\/2024\/07\/v2c-electric-chargers.jpg","contentUrl":"https:\/\/v2charge.com\/wp-content\/uploads\/2024\/07\/v2c-electric-chargers.jpg","width":1200,"height":675,"caption":"V2C Electric Chargers"},{"@type":"BreadcrumbList","@id":"https:\/\/v2charge.com\/sl\/podro-je-podpore\/nadzor-mo-i\/dinami-no-upravljanje-mo-i\/integracija-fotovoltaike\/povezava-trydan-z-victron\/#breadcrumb","itemListElement":[{"@type":"ListItem","position":1,"name":"V2C","item":"https:\/\/v2charge.com\/sl\/"},{"@type":"ListItem","position":2,"name":"Podro\u010dje podpore","item":"https:\/\/v2charge.com\/sl\/podro-je-podpore\/"},{"@type":"ListItem","position":3,"name":"Control de potencia","item":"https:\/\/v2charge.com\/sl\/nadzor-mo-i\/"},{"@type":"ListItem","position":4,"name":"Din\u00e1mico","item":"https:\/\/v2charge.com\/sl\/dinami-no-upravljanje-mo-i\/"},{"@type":"ListItem","position":5,"name":"Fotovoltaica","item":"https:\/\/v2charge.com\/sl\/dinami-no-upravljanje-mo-i\/integracija-fotovoltaike\/"},{"@type":"ListItem","position":6,"name":"Povezava Trydan z Victron"}]},{"@type":"WebSite","@id":"https:\/\/v2charge.com\/sl\/#website","url":"https:\/\/v2charge.com\/sl\/","name":"V2C","description":"#CargandoElMa\u00f1ana","publisher":{"@id":"https:\/\/v2charge.com\/sl\/#organization"},"potentialAction":[{"@type":"SearchAction","target":{"@type":"EntryPoint","urlTemplate":"https:\/\/v2charge.com\/sl\/?s={search_term_string}"},"query-input":{"@type":"PropertyValueSpecification","valueRequired":true,"valueName":"search_term_string"}}],"inLanguage":"sl-SI"},{"@type":"Organization","@id":"https:\/\/v2charge.com\/sl\/#organization","name":"V2C","url":"https:\/\/v2charge.com\/sl\/","logo":{"@type":"ImageObject","inLanguage":"sl-SI","@id":"https:\/\/v2charge.com\/sl\/#\/schema\/logo\/image\/","url":"https:\/\/v2charge.com\/wp-content\/uploads\/2024\/11\/cropped-v2c-charge-logo-menu.png","contentUrl":"https:\/\/v2charge.com\/wp-content\/uploads\/2024\/11\/cropped-v2c-charge-logo-menu.png","width":984,"height":431,"caption":"V2C"},"image":{"@id":"https:\/\/v2charge.com\/sl\/#\/schema\/logo\/image\/"},"sameAs":["https:\/\/www.facebook.com\/V2C.Charge","https:\/\/x.com\/V2C_Charge","https:\/\/www.instagram.com\/v2c.charge\/","https:\/\/www.youtube.com\/@V2C","https:\/\/www.linkedin.com\/company\/v2c-chargers\/"]}]}},"uagb_featured_image_src":{"full":["https:\/\/v2charge.com\/wp-content\/uploads\/2024\/07\/v2c-electric-chargers.jpg",1200,675,false],"thumbnail":["https:\/\/v2charge.com\/wp-content\/uploads\/2024\/07\/v2c-electric-chargers-150x150.jpg",150,150,true],"medium":["https:\/\/v2charge.com\/wp-content\/uploads\/2024\/07\/v2c-electric-chargers-300x169.jpg",300,169,true],"medium_large":["https:\/\/v2charge.com\/wp-content\/uploads\/2024\/07\/v2c-electric-chargers-768x432.jpg",768,432,true],"large":["https:\/\/v2charge.com\/wp-content\/uploads\/2024\/07\/v2c-electric-chargers-1024x576.jpg",1024,576,true],"gs-tiny":["https:\/\/v2charge.com\/wp-content\/uploads\/2024\/07\/v2c-electric-chargers.jpg",50,28,false],"xl":["https:\/\/v2charge.com\/wp-content\/uploads\/2024\/07\/v2c-electric-chargers.jpg",1200,675,false],"xxl":["https:\/\/v2charge.com\/wp-content\/uploads\/2024\/07\/v2c-electric-chargers.jpg",1200,675,false],"xxxl":["https:\/\/v2charge.com\/wp-content\/uploads\/2024\/07\/v2c-electric-chargers.jpg",1200,675,false],"xxxxl":["https:\/\/v2charge.com\/wp-content\/uploads\/2024\/07\/v2c-electric-chargers.jpg",1200,675,false],"xxxxxl":["https:\/\/v2charge.com\/wp-content\/uploads\/2024\/07\/v2c-electric-chargers.jpg",1200,675,false],"1536x1536":["https:\/\/v2charge.com\/wp-content\/uploads\/2024\/07\/v2c-electric-chargers.jpg",1200,675,false],"2048x2048":["https:\/\/v2charge.com\/wp-content\/uploads\/2024\/07\/v2c-electric-chargers.jpg",1200,675,false]},"uagb_author_info":{"display_name":"V2C","author_link":"https:\/\/v2charge.com\/sl\/author\/root_k4eu7ki8\/"},"uagb_comment_info":0,"uagb_excerpt":"Povezava Trydan z Victron Preko povezave tvoje polnilne postaje Trydan z inverterjem Victron lahko neposredno pove\u017ee\u0161 svojo polnilno postajo, da uporabi\u0161 pametne funkcije dinami\u010dnega nadzora. Uporaba&nbsp;Wi-Fi repetitorje&nbsp;ali&nbsp;mesh omre\u017eja&nbsp;lahko vpliva na pravilno delovanje sistema. Priporo\u010damo uporabo&nbsp;stabilne Wi-Fi omre\u017eje&nbsp;in neposredno&nbsp;za zagotovitev optimalne povezave med polnilnikom in inverterjem. Kako povezati inverter z opremo Povezava na napravo je zelo&hellip;","_links":{"self":[{"href":"https:\/\/v2charge.com\/sl\/wp-json\/wp\/v2\/pages\/312818","targetHints":{"allow":["GET"]}}],"collection":[{"href":"https:\/\/v2charge.com\/sl\/wp-json\/wp\/v2\/pages"}],"about":[{"href":"https:\/\/v2charge.com\/sl\/wp-json\/wp\/v2\/types\/page"}],"author":[{"embeddable":true,"href":"https:\/\/v2charge.com\/sl\/wp-json\/wp\/v2\/users\/1"}],"replies":[{"embeddable":true,"href":"https:\/\/v2charge.com\/sl\/wp-json\/wp\/v2\/comments?post=312818"}],"version-history":[{"count":0,"href":"https:\/\/v2charge.com\/sl\/wp-json\/wp\/v2\/pages\/312818\/revisions"}],"up":[{"embeddable":true,"href":"https:\/\/v2charge.com\/sl\/wp-json\/wp\/v2\/pages\/312853"}],"wp:featuredmedia":[{"embeddable":true,"href":"https:\/\/v2charge.com\/sl\/wp-json\/wp\/v2\/media\/170354"}],"wp:attachment":[{"href":"https:\/\/v2charge.com\/sl\/wp-json\/wp\/v2\/media?parent=312818"}],"curies":[{"name":"wp","href":"https:\/\/api.w.org\/{rel}","templated":true}]}}