{"id":312830,"date":"2023-02-03T14:19:30","date_gmt":"2023-02-03T14:19:30","guid":{"rendered":""},"modified":"2023-06-12T13:51:56","modified_gmt":"2023-06-12T13:51:56","slug":"povezava-modbus-rtu-polnilne-postaje-trydan-za-merilnik-kot","status":"publish","type":"page","link":"https:\/\/v2charge.com\/sl\/povezava-modbus-rtu-polnilne-postaje-trydan-za-merilnik-kot\/","title":{"rendered":"Povezava MODBUS RTU polnilne postaje Trydan za merilnik kot su\u017eenj"},"content":{"rendered":"\n<div style=\"height:60px\" aria-hidden=\"true\" class=\"wp-block-spacer\"><\/div>\n<h1>Povezava MODBUS RTU polnilne postaje Trydan za merilnik su\u017enja<\/h1><p>Polnilna postaja Trydan se povezuje preko protokola Modbus RTU z dvema namenom.<\/p>\n\n<ol class=\"wp-block-list\"><li>Upravljanje polnilne postaje na daljavo. Napredni uporabniki si lahko ogledajo: <a href=\"https:\/\/docs.google.com\/spreadsheets\/d\/e\/2PACX-1vQGA_7Z4YaSMZeHRTnAP6z_82dVPmM33NxJhvsDBEFn8LyWjX-RX_fkR7KCErqAE4aGFvPrUufooHoM\/pubhtml?gid=0&amp;single=true\" target=\"_blank\" rel=\"noreferrer noopener\">MODBUS dokumentacija<\/a><\/li><li>Pridobivanje podatkov iz komercialnih pametnih merilnikov za integracijo kot su\u017eenj, s fotovoltai\u010dno zdru\u017eljivostjo.<\/li><\/ol>\n\n<h2 class=\"wp-block-heading\">Zdru\u017eljive merilnike<\/h2>\n\n<p>Stalno se dodajajo merilniki, trenutni seznam je:<\/p>\n\n<ul class=\"wp-block-list\"><li>Chint DDSU666-H (obi\u010dajno se uporablja v inverterjih Huawei, SAJ..)<\/li><li>Eastron (SDM120\/220\/320)<\/li><li>Phoneix Contact<\/li><li>Carlo Gavazzi<\/li><\/ul>\n\n<h2 class=\"wp-block-heading\">Elektri\u010dna povezava<\/h2>\n\n<p>Povezave MODBUS RTU se izvajajo preko dveh kablov. \u0160tevec mora imeti vrata A in B. Ta kabel je treba pripeljati do na\u0161e polnilne postaje. \u0160tevec mora biti nastavljen na naslov 1 in z Baud Rate 9600 (obi\u010dajno je to privzeta nastavitev in ve\u010dina fotovoltai\u010dnih \u0161tevcov uporablja to privzeto nastavitev). Povezava gre neposredno v RJ45 konektor polnilne postaje. A in B sta kabli, ki izhajata spodaj ozna\u010dena. Ostalih ni treba povezovati. 4 B in 5 A. Kabel je lahko katerega koli tipa, \u010deprav je ethernet kabel cenej\u0161i in je zaslonjen. <\/p>\n\n\n<figure><img decoding=\"async\" src=\"https:\/\/v2charge.com\/wp-content\/uploads\/2023\/01\/conexion-trydan-solis-734x1024.jpg\" alt=\"\" width=\"274\" height=\"382\"\/><\/figure>\n\n\n\n<figure><img decoding=\"async\" src=\"https:\/\/v2charge.com\/wp-content\/uploads\/2023\/01\/image-3.png\" alt=\"\" width=\"476\" height=\"331\"\/><\/figure>\n\n\n<h2 class=\"wp-block-heading\">Izberite v APP ustrezen merilnik<\/h2>\n\n\n<figure><img decoding=\"async\" src=\"https:\/\/v2charge.com\/wp-content\/uploads\/2023\/02\/WhatsApp-Image-2023-02-03-at-15.12.00_iphone13blue_portrait-548x1024.png\" alt=\"\" width=\"449\" height=\"839\"\/><\/figure>\n\n\n<p><em>Pozor v fotovoltai\u010dnem na\u010dinu, vsi na\u010dini delovanja bodo delovali, vendar stranka ne bo mogla videti fotovoltai\u010dne proizvodnje na polnilni to\u010dki.<\/em><\/p>\n\n\n<div style=\"height:60px\" aria-hidden=\"true\" class=\"wp-block-spacer\"><\/div>\n","protected":false},"excerpt":{"rendered":"<p>Povezava MODBUS RTU polnilne postaje Trydan za merilnik su\u017enja Polnilna postaja Trydan se povezuje preko protokola Modbus RTU z dvema namenom. Upravljanje polnilne postaje na daljavo. Napredni uporabniki si lahko ogledajo: MODBUS dokumentacija Pridobivanje podatkov iz komercialnih pametnih merilnikov za integracijo kot su\u017eenj, s fotovoltai\u010dno zdru\u017eljivostjo. Zdru\u017eljive merilnike Stalno se dodajajo merilniki, trenutni seznam je: &#8230; <a title=\"Povezava MODBUS RTU polnilne postaje Trydan za merilnik kot su\u017eenj\" class=\"read-more\" href=\"https:\/\/v2charge.com\/sl\/povezava-modbus-rtu-polnilne-postaje-trydan-za-merilnik-kot\/\" aria-label=\"Read more about Povezava MODBUS RTU polnilne postaje Trydan za merilnik kot su\u017eenj\">Read more<\/a><\/p>\n","protected":false},"author":1,"featured_media":170354,"parent":0,"menu_order":0,"comment_status":"closed","ping_status":"closed","template":"","meta":{"_eb_attr":"","content-type":"","_uag_custom_page_level_css":"","footnotes":""},"class_list":["post-312830","page","type-page","status-publish","has-post-thumbnail"],"yoast_head":"<!-- This site is optimized with the Yoast SEO plugin v25.3.1 - https:\/\/yoast.com\/wordpress\/plugins\/seo\/ -->\n<title>Povezava MODBUS RTU polnilne postaje Trydan za merilnik kot su\u017eenj - V2C<\/title>\n<meta name=\"robots\" content=\"index, follow, max-snippet:-1, max-image-preview:large, max-video-preview:-1\" \/>\n<link rel=\"canonical\" href=\"https:\/\/v2charge.com\/sl\/povezava-modbus-rtu-polnilne-postaje-trydan-za-merilnik-kot\/\" \/>\n<meta property=\"og:locale\" content=\"sl_SI\" \/>\n<meta property=\"og:type\" content=\"article\" \/>\n<meta property=\"og:title\" content=\"Povezava MODBUS RTU polnilne postaje Trydan za merilnik kot su\u017eenj - V2C\" \/>\n<meta property=\"og:description\" content=\"Povezava MODBUS RTU polnilne postaje Trydan za merilnik su\u017enja Polnilna postaja Trydan se povezuje preko protokola Modbus RTU z dvema namenom. Upravljanje polnilne postaje na daljavo. Napredni uporabniki si lahko ogledajo: MODBUS dokumentacija Pridobivanje podatkov iz komercialnih pametnih merilnikov za integracijo kot su\u017eenj, s fotovoltai\u010dno zdru\u017eljivostjo. Zdru\u017eljive merilnike Stalno se dodajajo merilniki, trenutni seznam je: ... Read more\" \/>\n<meta property=\"og:url\" content=\"https:\/\/v2charge.com\/sl\/povezava-modbus-rtu-polnilne-postaje-trydan-za-merilnik-kot\/\" \/>\n<meta property=\"og:site_name\" content=\"V2C\" \/>\n<meta property=\"article:publisher\" content=\"https:\/\/www.facebook.com\/V2C.Charge\" \/>\n<meta property=\"article:modified_time\" content=\"2023-06-12T13:51:56+00:00\" \/>\n<meta property=\"og:image\" content=\"https:\/\/v2charge.com\/wp-content\/uploads\/2024\/07\/v2c-electric-chargers.jpg\" \/>\n\t<meta property=\"og:image:width\" content=\"1200\" \/>\n\t<meta property=\"og:image:height\" content=\"675\" \/>\n\t<meta property=\"og:image:type\" content=\"image\/jpeg\" \/>\n<meta name=\"twitter:card\" content=\"summary_large_image\" \/>\n<meta name=\"twitter:site\" content=\"@V2C_Charge\" \/>\n<meta name=\"twitter:label1\" content=\"Est. reading time\" \/>\n\t<meta name=\"twitter:data1\" content=\"2 minuti\" \/>\n<script type=\"application\/ld+json\" class=\"yoast-schema-graph\">{\"@context\":\"https:\/\/schema.org\",\"@graph\":[{\"@type\":\"WebPage\",\"@id\":\"https:\/\/v2charge.com\/sl\/povezava-modbus-rtu-polnilne-postaje-trydan-za-merilnik-kot\/\",\"url\":\"https:\/\/v2charge.com\/sl\/povezava-modbus-rtu-polnilne-postaje-trydan-za-merilnik-kot\/\",\"name\":\"Povezava MODBUS RTU polnilne postaje Trydan za merilnik kot su\u017eenj - V2C\",\"isPartOf\":{\"@id\":\"https:\/\/v2charge.com\/sl\/#website\"},\"primaryImageOfPage\":{\"@id\":\"https:\/\/v2charge.com\/sl\/povezava-modbus-rtu-polnilne-postaje-trydan-za-merilnik-kot\/#primaryimage\"},\"image\":{\"@id\":\"https:\/\/v2charge.com\/sl\/povezava-modbus-rtu-polnilne-postaje-trydan-za-merilnik-kot\/#primaryimage\"},\"thumbnailUrl\":\"https:\/\/v2charge.com\/wp-content\/uploads\/2024\/07\/v2c-electric-chargers.jpg\",\"datePublished\":\"2023-02-03T14:19:30+00:00\",\"dateModified\":\"2023-06-12T13:51:56+00:00\",\"breadcrumb\":{\"@id\":\"https:\/\/v2charge.com\/sl\/povezava-modbus-rtu-polnilne-postaje-trydan-za-merilnik-kot\/#breadcrumb\"},\"inLanguage\":\"sl-SI\",\"potentialAction\":[{\"@type\":\"ReadAction\",\"target\":[\"https:\/\/v2charge.com\/sl\/povezava-modbus-rtu-polnilne-postaje-trydan-za-merilnik-kot\/\"]}]},{\"@type\":\"ImageObject\",\"inLanguage\":\"sl-SI\",\"@id\":\"https:\/\/v2charge.com\/sl\/povezava-modbus-rtu-polnilne-postaje-trydan-za-merilnik-kot\/#primaryimage\",\"url\":\"https:\/\/v2charge.com\/wp-content\/uploads\/2024\/07\/v2c-electric-chargers.jpg\",\"contentUrl\":\"https:\/\/v2charge.com\/wp-content\/uploads\/2024\/07\/v2c-electric-chargers.jpg\",\"width\":1200,\"height\":675,\"caption\":\"V2C Electric Chargers\"},{\"@type\":\"BreadcrumbList\",\"@id\":\"https:\/\/v2charge.com\/sl\/povezava-modbus-rtu-polnilne-postaje-trydan-za-merilnik-kot\/#breadcrumb\",\"itemListElement\":[{\"@type\":\"ListItem\",\"position\":1,\"name\":\"V2C\",\"item\":\"https:\/\/v2charge.com\/sl\/\"},{\"@type\":\"ListItem\",\"position\":2,\"name\":\"Povezava MODBUS RTU polnilne postaje Trydan za merilnik kot su\u017eenj\"}]},{\"@type\":\"WebSite\",\"@id\":\"https:\/\/v2charge.com\/sl\/#website\",\"url\":\"https:\/\/v2charge.com\/sl\/\",\"name\":\"V2C\",\"description\":\"#CargandoElMa\u00f1ana\",\"publisher\":{\"@id\":\"https:\/\/v2charge.com\/sl\/#organization\"},\"potentialAction\":[{\"@type\":\"SearchAction\",\"target\":{\"@type\":\"EntryPoint\",\"urlTemplate\":\"https:\/\/v2charge.com\/sl\/?s={search_term_string}\"},\"query-input\":{\"@type\":\"PropertyValueSpecification\",\"valueRequired\":true,\"valueName\":\"search_term_string\"}}],\"inLanguage\":\"sl-SI\"},{\"@type\":\"Organization\",\"@id\":\"https:\/\/v2charge.com\/sl\/#organization\",\"name\":\"V2C\",\"url\":\"https:\/\/v2charge.com\/sl\/\",\"logo\":{\"@type\":\"ImageObject\",\"inLanguage\":\"sl-SI\",\"@id\":\"https:\/\/v2charge.com\/sl\/#\/schema\/logo\/image\/\",\"url\":\"https:\/\/v2charge.com\/wp-content\/uploads\/2024\/11\/cropped-v2c-charge-logo-menu.png\",\"contentUrl\":\"https:\/\/v2charge.com\/wp-content\/uploads\/2024\/11\/cropped-v2c-charge-logo-menu.png\",\"width\":984,\"height\":431,\"caption\":\"V2C\"},\"image\":{\"@id\":\"https:\/\/v2charge.com\/sl\/#\/schema\/logo\/image\/\"},\"sameAs\":[\"https:\/\/www.facebook.com\/V2C.Charge\",\"https:\/\/x.com\/V2C_Charge\",\"https:\/\/www.instagram.com\/v2c.charge\/\",\"https:\/\/www.youtube.com\/@V2C\",\"https:\/\/www.linkedin.com\/company\/v2c-chargers\/\"]}]}<\/script>\n<!-- \/ Yoast SEO plugin. -->","yoast_head_json":{"title":"Povezava MODBUS RTU polnilne postaje Trydan za merilnik kot su\u017eenj - V2C","robots":{"index":"index","follow":"follow","max-snippet":"max-snippet:-1","max-image-preview":"max-image-preview:large","max-video-preview":"max-video-preview:-1"},"canonical":"https:\/\/v2charge.com\/sl\/povezava-modbus-rtu-polnilne-postaje-trydan-za-merilnik-kot\/","og_locale":"sl_SI","og_type":"article","og_title":"Povezava MODBUS RTU polnilne postaje Trydan za merilnik kot su\u017eenj - V2C","og_description":"Povezava MODBUS RTU polnilne postaje Trydan za merilnik su\u017enja Polnilna postaja Trydan se povezuje preko protokola Modbus RTU z dvema namenom. Upravljanje polnilne postaje na daljavo. Napredni uporabniki si lahko ogledajo: MODBUS dokumentacija Pridobivanje podatkov iz komercialnih pametnih merilnikov za integracijo kot su\u017eenj, s fotovoltai\u010dno zdru\u017eljivostjo. Zdru\u017eljive merilnike Stalno se dodajajo merilniki, trenutni seznam je: ... Read more","og_url":"https:\/\/v2charge.com\/sl\/povezava-modbus-rtu-polnilne-postaje-trydan-za-merilnik-kot\/","og_site_name":"V2C","article_publisher":"https:\/\/www.facebook.com\/V2C.Charge","article_modified_time":"2023-06-12T13:51:56+00:00","og_image":[{"width":1200,"height":675,"url":"https:\/\/v2charge.com\/wp-content\/uploads\/2024\/07\/v2c-electric-chargers.jpg","type":"image\/jpeg"}],"twitter_card":"summary_large_image","twitter_site":"@V2C_Charge","twitter_misc":{"Est. reading time":"2 minuti"},"schema":{"@context":"https:\/\/schema.org","@graph":[{"@type":"WebPage","@id":"https:\/\/v2charge.com\/sl\/povezava-modbus-rtu-polnilne-postaje-trydan-za-merilnik-kot\/","url":"https:\/\/v2charge.com\/sl\/povezava-modbus-rtu-polnilne-postaje-trydan-za-merilnik-kot\/","name":"Povezava MODBUS RTU polnilne postaje Trydan za merilnik kot su\u017eenj - V2C","isPartOf":{"@id":"https:\/\/v2charge.com\/sl\/#website"},"primaryImageOfPage":{"@id":"https:\/\/v2charge.com\/sl\/povezava-modbus-rtu-polnilne-postaje-trydan-za-merilnik-kot\/#primaryimage"},"image":{"@id":"https:\/\/v2charge.com\/sl\/povezava-modbus-rtu-polnilne-postaje-trydan-za-merilnik-kot\/#primaryimage"},"thumbnailUrl":"https:\/\/v2charge.com\/wp-content\/uploads\/2024\/07\/v2c-electric-chargers.jpg","datePublished":"2023-02-03T14:19:30+00:00","dateModified":"2023-06-12T13:51:56+00:00","breadcrumb":{"@id":"https:\/\/v2charge.com\/sl\/povezava-modbus-rtu-polnilne-postaje-trydan-za-merilnik-kot\/#breadcrumb"},"inLanguage":"sl-SI","potentialAction":[{"@type":"ReadAction","target":["https:\/\/v2charge.com\/sl\/povezava-modbus-rtu-polnilne-postaje-trydan-za-merilnik-kot\/"]}]},{"@type":"ImageObject","inLanguage":"sl-SI","@id":"https:\/\/v2charge.com\/sl\/povezava-modbus-rtu-polnilne-postaje-trydan-za-merilnik-kot\/#primaryimage","url":"https:\/\/v2charge.com\/wp-content\/uploads\/2024\/07\/v2c-electric-chargers.jpg","contentUrl":"https:\/\/v2charge.com\/wp-content\/uploads\/2024\/07\/v2c-electric-chargers.jpg","width":1200,"height":675,"caption":"V2C Electric Chargers"},{"@type":"BreadcrumbList","@id":"https:\/\/v2charge.com\/sl\/povezava-modbus-rtu-polnilne-postaje-trydan-za-merilnik-kot\/#breadcrumb","itemListElement":[{"@type":"ListItem","position":1,"name":"V2C","item":"https:\/\/v2charge.com\/sl\/"},{"@type":"ListItem","position":2,"name":"Povezava MODBUS RTU polnilne postaje Trydan za merilnik kot su\u017eenj"}]},{"@type":"WebSite","@id":"https:\/\/v2charge.com\/sl\/#website","url":"https:\/\/v2charge.com\/sl\/","name":"V2C","description":"#CargandoElMa\u00f1ana","publisher":{"@id":"https:\/\/v2charge.com\/sl\/#organization"},"potentialAction":[{"@type":"SearchAction","target":{"@type":"EntryPoint","urlTemplate":"https:\/\/v2charge.com\/sl\/?s={search_term_string}"},"query-input":{"@type":"PropertyValueSpecification","valueRequired":true,"valueName":"search_term_string"}}],"inLanguage":"sl-SI"},{"@type":"Organization","@id":"https:\/\/v2charge.com\/sl\/#organization","name":"V2C","url":"https:\/\/v2charge.com\/sl\/","logo":{"@type":"ImageObject","inLanguage":"sl-SI","@id":"https:\/\/v2charge.com\/sl\/#\/schema\/logo\/image\/","url":"https:\/\/v2charge.com\/wp-content\/uploads\/2024\/11\/cropped-v2c-charge-logo-menu.png","contentUrl":"https:\/\/v2charge.com\/wp-content\/uploads\/2024\/11\/cropped-v2c-charge-logo-menu.png","width":984,"height":431,"caption":"V2C"},"image":{"@id":"https:\/\/v2charge.com\/sl\/#\/schema\/logo\/image\/"},"sameAs":["https:\/\/www.facebook.com\/V2C.Charge","https:\/\/x.com\/V2C_Charge","https:\/\/www.instagram.com\/v2c.charge\/","https:\/\/www.youtube.com\/@V2C","https:\/\/www.linkedin.com\/company\/v2c-chargers\/"]}]}},"uagb_featured_image_src":{"full":["https:\/\/v2charge.com\/wp-content\/uploads\/2024\/07\/v2c-electric-chargers.jpg",1200,675,false],"thumbnail":["https:\/\/v2charge.com\/wp-content\/uploads\/2024\/07\/v2c-electric-chargers-150x150.jpg",150,150,true],"medium":["https:\/\/v2charge.com\/wp-content\/uploads\/2024\/07\/v2c-electric-chargers-300x169.jpg",300,169,true],"medium_large":["https:\/\/v2charge.com\/wp-content\/uploads\/2024\/07\/v2c-electric-chargers-768x432.jpg",768,432,true],"large":["https:\/\/v2charge.com\/wp-content\/uploads\/2024\/07\/v2c-electric-chargers-1024x576.jpg",1024,576,true],"gs-tiny":["https:\/\/v2charge.com\/wp-content\/uploads\/2024\/07\/v2c-electric-chargers.jpg",50,28,false],"xl":["https:\/\/v2charge.com\/wp-content\/uploads\/2024\/07\/v2c-electric-chargers.jpg",1200,675,false],"xxl":["https:\/\/v2charge.com\/wp-content\/uploads\/2024\/07\/v2c-electric-chargers.jpg",1200,675,false],"xxxl":["https:\/\/v2charge.com\/wp-content\/uploads\/2024\/07\/v2c-electric-chargers.jpg",1200,675,false],"xxxxl":["https:\/\/v2charge.com\/wp-content\/uploads\/2024\/07\/v2c-electric-chargers.jpg",1200,675,false],"xxxxxl":["https:\/\/v2charge.com\/wp-content\/uploads\/2024\/07\/v2c-electric-chargers.jpg",1200,675,false],"1536x1536":["https:\/\/v2charge.com\/wp-content\/uploads\/2024\/07\/v2c-electric-chargers.jpg",1200,675,false],"2048x2048":["https:\/\/v2charge.com\/wp-content\/uploads\/2024\/07\/v2c-electric-chargers.jpg",1200,675,false]},"uagb_author_info":{"display_name":"V2C","author_link":"https:\/\/v2charge.com\/sl\/author\/root_k4eu7ki8\/"},"uagb_comment_info":0,"uagb_excerpt":"Povezava MODBUS RTU polnilne postaje Trydan za merilnik su\u017enja Polnilna postaja Trydan se povezuje preko protokola Modbus RTU z dvema namenom. Upravljanje polnilne postaje na daljavo. Napredni uporabniki si lahko ogledajo: MODBUS dokumentacija Pridobivanje podatkov iz komercialnih pametnih merilnikov za integracijo kot su\u017eenj, s fotovoltai\u010dno zdru\u017eljivostjo. Zdru\u017eljive merilnike Stalno se dodajajo merilniki, trenutni seznam je:&hellip;","_links":{"self":[{"href":"https:\/\/v2charge.com\/sl\/wp-json\/wp\/v2\/pages\/312830","targetHints":{"allow":["GET"]}}],"collection":[{"href":"https:\/\/v2charge.com\/sl\/wp-json\/wp\/v2\/pages"}],"about":[{"href":"https:\/\/v2charge.com\/sl\/wp-json\/wp\/v2\/types\/page"}],"author":[{"embeddable":true,"href":"https:\/\/v2charge.com\/sl\/wp-json\/wp\/v2\/users\/1"}],"replies":[{"embeddable":true,"href":"https:\/\/v2charge.com\/sl\/wp-json\/wp\/v2\/comments?post=312830"}],"version-history":[{"count":0,"href":"https:\/\/v2charge.com\/sl\/wp-json\/wp\/v2\/pages\/312830\/revisions"}],"wp:featuredmedia":[{"embeddable":true,"href":"https:\/\/v2charge.com\/sl\/wp-json\/wp\/v2\/media\/170354"}],"wp:attachment":[{"href":"https:\/\/v2charge.com\/sl\/wp-json\/wp\/v2\/media?parent=312830"}],"curies":[{"name":"wp","href":"https:\/\/api.w.org\/{rel}","templated":true}]}}