{"id":312839,"date":"2023-07-12T13:58:30","date_gmt":"2023-07-12T13:58:30","guid":{"rendered":""},"modified":"2023-07-14T11:18:58","modified_gmt":"2023-07-14T11:18:58","slug":"pove-i-google-home-s-svojim-polnilnikom","status":"publish","type":"page","link":"https:\/\/v2charge.com\/sl\/pove-i-google-home-s-svojim-polnilnikom\/","title":{"rendered":"Pove\u017ei Google Home s svojim polnilnikom"},"content":{"rendered":"\n<div style=\"height:60px\" aria-hidden=\"true\" class=\"wp-block-spacer\"><\/div>\n\n\n<h1 class=\"wp-block-heading\">Pove\u017ei Google Home s svojim polnilnikom<\/h1>\n\n<p>Polnilec Trydan&nbsp;je sposoben povezati se z pametnimi napravami, kot je Google Home.<\/p>\n\n<h2 class=\"wp-block-heading\">Predhodni koraki<\/h2>\n\n<p>Preden pove\u017ee\u0161 svoj polnilec s svojim napravo Google Home, mora\u0161 imeti name\u0161\u010deno aplikacijo Google Home na svojem mobilnem telefonu. Dostopi do App Store (iOS) ali Google Play (Android) in poi\u0161\u010di &#8216;Google Home&#8217;, da prenese\u0161 aplikacijo.<\/p>\n\n\n<div class=\"wp-block-uagb-container uagb-block-4e29f302 alignfull uagb-is-root-container\"><div class=\"uagb-container-inner-blocks-wrap\">\n<div class=\"wp-block-uagb-container uagb-block-906101be\"><div class=\"wp-block-uagb-image aligncenter uagb-block-63d2556d wp-block-uagb-image--layout-default wp-block-uagb-image--effect-static wp-block-uagb-image--align-center\"><figure class=\"wp-block-uagb-image__figure\"><img decoding=\"async\" srcset=\"https:\/\/v2charge.com\/wp-content\/uploads\/2023\/07\/descarga-google-home.jpg \" sizes=\"auto, (max-width: 480px) 150px\" src=\"https:\/\/v2charge.com\/wp-content\/uploads\/2023\/07\/descarga-google-home.jpg\" alt=\"\" class=\"uag-image-110536\" width=\"400\" height=\"560\" title=\"\" loading=\"lazy\"\/><figcaption class=\"uagb-image-caption\">Poi\u0161\u010di aplikacijo in pritisni &#8216;pridobi&#8217;.<\/figcaption><\/figure><\/div><\/div>\n<\/div><\/div>\n\n\n\n<div style=\"height:50px\" aria-hidden=\"true\" class=\"wp-block-spacer\"><\/div>\n\n\n<h2 class=\"wp-block-heading\">Pove\u017ei svoj ra\u010dun V2C Cloud z Google Home<\/h2>\n\n\n<div class=\"wp-block-uagb-container uagb-block-94cd315b alignfull uagb-is-root-container\"><div class=\"uagb-container-inner-blocks-wrap\">\n<div class=\"wp-block-uagb-container uagb-block-2746b2b1\"><div class=\"wp-block-uagb-image uagb-block-9d22b119 wp-block-uagb-image--layout-default wp-block-uagb-image--effect-static wp-block-uagb-image--align-none\"><figure class=\"wp-block-uagb-image__figure\"><img decoding=\"async\" srcset=\"https:\/\/v2charge.com\/wp-content\/uploads\/2023\/07\/anadir-dispositivo-google-home.jpg \" sizes=\"auto, (max-width: 480px) 150px\" src=\"https:\/\/v2charge.com\/wp-content\/uploads\/2023\/07\/anadir-dispositivo-google-home.jpg\" alt=\"\" class=\"uag-image-110568\" width=\"400\" height=\"560\" title=\"\" loading=\"lazy\"\/><figcaption class=\"uagb-image-caption\">1. Pojdite na zavihek &#8216;Naprav&#8217; <br>spodaj in pritisnite &#8216;Dodaj&#8217;.<\/figcaption><\/figure><\/div><\/div>\n\n\n\n<div class=\"wp-block-uagb-container uagb-block-d5f68e50\"><div class=\"wp-block-uagb-image uagb-block-c0ed680a wp-block-uagb-image--layout-default wp-block-uagb-image--effect-static wp-block-uagb-image--align-none\"><figure class=\"wp-block-uagb-image__figure\"><img decoding=\"async\" srcset=\"https:\/\/v2charge.com\/wp-content\/uploads\/2023\/07\/configurar-dispositivo-google-home.jpg \" sizes=\"auto, (max-width: 480px) 150px\" src=\"https:\/\/v2charge.com\/wp-content\/uploads\/2023\/07\/configurar-dispositivo-google-home.jpg\" alt=\"\" class=\"uag-image-110577\" width=\"400\" height=\"560\" title=\"\" loading=\"lazy\"\/><figcaption class=\"uagb-image-caption\">2. Izberite mo\u017enost<br> &#8216;Deluje z Google&#8217;.<\/figcaption><\/figure><\/div><\/div>\n\n\n\n<div class=\"wp-block-uagb-container uagb-block-6c252685\"><div class=\"wp-block-uagb-image uagb-block-ebec98cb wp-block-uagb-image--layout-default wp-block-uagb-image--effect-static wp-block-uagb-image--align-none\"><figure class=\"wp-block-uagb-image__figure\"><img decoding=\"async\" srcset=\"https:\/\/v2charge.com\/wp-content\/uploads\/2023\/07\/v2c.jpg \" sizes=\"auto, (max-width: 480px) 150px\" src=\"https:\/\/v2charge.com\/wp-content\/uploads\/2023\/07\/v2c.jpg\" alt=\"\" class=\"uag-image-113442\" width=\"400\" height=\"560\" title=\"\" loading=\"lazy\"\/><figcaption class=\"uagb-image-caption\">3. V iskalnik vpi\u0161ite &#8216;V2C&#8217;.<\/figcaption><\/figure><\/div><\/div>\n<\/div><\/div>\n\n\n\n<div class=\"wp-block-uagb-container uagb-block-3e52c1b3 alignfull uagb-is-root-container\"><div class=\"uagb-container-inner-blocks-wrap\">\n<div class=\"wp-block-uagb-container uagb-block-32573786\"><div class=\"wp-block-uagb-image uagb-block-a0188092 wp-block-uagb-image--layout-default wp-block-uagb-image--effect-static wp-block-uagb-image--align-none\"><figure class=\"wp-block-uagb-image__figure\"><img decoding=\"async\" srcset=\"https:\/\/v2charge.com\/wp-content\/uploads\/2023\/07\/vincular-v2c-google-home.jpg \" sizes=\"auto, (max-width: 480px) 150px\" src=\"https:\/\/v2charge.com\/wp-content\/uploads\/2023\/07\/vincular-v2c-google-home.jpg\" alt=\"\" class=\"uag-image-110595\" width=\"400\" height=\"560\" title=\"\" loading=\"lazy\"\/><figcaption class=\"uagb-image-caption\">4. Prijavite se z enakim ra\u010dunom <br>za V2C Cloud.<\/figcaption><\/figure><\/div><\/div>\n\n\n\n<div class=\"wp-block-uagb-container uagb-block-8100ad2c\"><div class=\"wp-block-uagb-image uagb-block-a346fd8a wp-block-uagb-image--layout-default wp-block-uagb-image--effect-static wp-block-uagb-image--align-none\"><figure class=\"wp-block-uagb-image__figure\"><img decoding=\"async\" srcset=\"https:\/\/v2charge.com\/wp-content\/uploads\/2023\/07\/dispositivos-google-home.jpg \" sizes=\"auto, (max-width: 480px) 150px\" src=\"https:\/\/v2charge.com\/wp-content\/uploads\/2023\/07\/dispositivos-google-home.jpg\" alt=\"\" class=\"uag-image-110604\" width=\"400\" height=\"560\" title=\"\" loading=\"lazy\"\/><figcaption class=\"uagb-image-caption\">5. Pojdite nazaj na zavihek &#8216;Naprav&#8217; in <br>preverite, ali je bila pravilno povezana.<\/figcaption><\/figure><\/div><\/div>\n<\/div><\/div>\n\n\n\n<p>Ahora que ya has realizado la vinculaci\u00f3n, conoce los <a href=\"https:\/\/v2charge.com\/sl\/funkcionalni-ukazi-za-google-home\/\">comandos funcionales de Google Home para controlar tu cargador.<\/a><\/p>\n\n\n\n<div style=\"height:100px\" aria-hidden=\"true\" class=\"wp-block-spacer\"><\/div>\n","protected":false},"excerpt":{"rendered":"<p>Pove\u017ei Google Home s svojim polnilnikom Polnilec Trydan&nbsp;je sposoben povezati se z pametnimi napravami, kot je Google Home. Predhodni koraki Preden pove\u017ee\u0161 svoj polnilec s svojim napravo Google Home, mora\u0161 imeti name\u0161\u010deno aplikacijo Google Home na svojem mobilnem telefonu. Dostopi do App Store (iOS) ali Google Play (Android) in poi\u0161\u010di &#8216;Google Home&#8217;, da prenese\u0161 aplikacijo. &#8230; <a title=\"Pove\u017ei Google Home s svojim polnilnikom\" class=\"read-more\" href=\"https:\/\/v2charge.com\/sl\/pove-i-google-home-s-svojim-polnilnikom\/\" aria-label=\"Read more about Pove\u017ei Google Home s svojim polnilnikom\">Read more<\/a><\/p>\n","protected":false},"author":400,"featured_media":170346,"parent":0,"menu_order":0,"comment_status":"closed","ping_status":"closed","template":"","meta":{"_eb_attr":"","content-type":"","_uag_custom_page_level_css":"","footnotes":""},"class_list":["post-312839","page","type-page","status-publish","has-post-thumbnail"],"yoast_head":"<!-- This site is optimized with the Yoast SEO plugin v25.3.1 - https:\/\/yoast.com\/wordpress\/plugins\/seo\/ -->\n<title>Pove\u017ei svoj polnilec z Google Home - Povezljivost | V2C<\/title>\n<meta name=\"description\" content=\"To\u010dka za polnjenje Trydan se lahko pove\u017ee z pametnimi napravami, kot je Google Home. Pove\u017ei svoj polnilnik in upravljaj svoj e-Charger.\" \/>\n<meta name=\"robots\" content=\"index, follow, max-snippet:-1, max-image-preview:large, max-video-preview:-1\" \/>\n<link rel=\"canonical\" href=\"https:\/\/v2charge.com\/sl\/modos-de-funcionamiento-fotovoltaico\/\" \/>\n<meta property=\"og:locale\" content=\"sl_SI\" \/>\n<meta property=\"og:type\" content=\"article\" \/>\n<meta property=\"og:title\" content=\"Pove\u017ei svoj polnilec z Google Home - Povezljivost | V2C\" \/>\n<meta property=\"og:description\" content=\"To\u010dka za polnjenje Trydan se lahko pove\u017ee z pametnimi napravami, kot je Google Home. Pove\u017ei svoj polnilnik in upravljaj svoj e-Charger.\" \/>\n<meta property=\"og:url\" content=\"https:\/\/v2charge.com\/sl\/modos-de-funcionamiento-fotovoltaico\/\" \/>\n<meta property=\"og:site_name\" content=\"V2C\" \/>\n<meta property=\"article:publisher\" content=\"https:\/\/www.facebook.com\/V2C.Charge\" \/>\n<meta property=\"article:modified_time\" content=\"2023-07-14T11:18:58+00:00\" \/>\n<meta property=\"og:image\" content=\"https:\/\/v2charge.com\/wp-content\/uploads\/2024\/07\/v2c-electric-chargers.jpg\" \/>\n\t<meta property=\"og:image:width\" content=\"1200\" \/>\n\t<meta property=\"og:image:height\" content=\"675\" \/>\n\t<meta property=\"og:image:type\" content=\"image\/jpeg\" \/>\n<meta name=\"twitter:card\" content=\"summary_large_image\" \/>\n<meta name=\"twitter:site\" content=\"@V2C_Charge\" \/>\n<meta name=\"twitter:label1\" content=\"Est. reading time\" \/>\n\t<meta name=\"twitter:data1\" content=\"2 minuti\" \/>\n<script type=\"application\/ld+json\" class=\"yoast-schema-graph\">{\"@context\":\"https:\/\/schema.org\",\"@graph\":[{\"@type\":\"WebPage\",\"@id\":\"https:\/\/v2charge.com\/sl\/pove-i-google-home-s-svojim-polnilnikom\/\",\"url\":\"https:\/\/v2charge.com\/sl\/modos-de-funcionamiento-fotovoltaico\/\",\"name\":\"Pove\u017ei svoj polnilec z Google Home - Povezljivost | V2C\",\"isPartOf\":{\"@id\":\"https:\/\/v2charge.com\/sl\/#website\"},\"primaryImageOfPage\":{\"@id\":\"https:\/\/v2charge.com\/sl\/modos-de-funcionamiento-fotovoltaico\/#primaryimage\"},\"image\":{\"@id\":\"https:\/\/v2charge.com\/sl\/modos-de-funcionamiento-fotovoltaico\/#primaryimage\"},\"thumbnailUrl\":\"https:\/\/v2charge.com\/wp-content\/uploads\/2024\/07\/v2c-electric-chargers.jpg\",\"datePublished\":\"2023-07-12T13:58:30+00:00\",\"dateModified\":\"2023-07-14T11:18:58+00:00\",\"description\":\"To\u010dka za polnjenje Trydan se lahko pove\u017ee z pametnimi napravami, kot je Google Home. Pove\u017ei svoj polnilnik in upravljaj svoj e-Charger.\",\"breadcrumb\":{\"@id\":\"https:\/\/v2charge.com\/sl\/modos-de-funcionamiento-fotovoltaico\/#breadcrumb\"},\"inLanguage\":\"sl-SI\",\"potentialAction\":[{\"@type\":\"ReadAction\",\"target\":[\"https:\/\/v2charge.com\/sl\/modos-de-funcionamiento-fotovoltaico\/\"]}]},{\"@type\":\"ImageObject\",\"inLanguage\":\"sl-SI\",\"@id\":\"https:\/\/v2charge.com\/sl\/modos-de-funcionamiento-fotovoltaico\/#primaryimage\",\"url\":\"https:\/\/v2charge.com\/wp-content\/uploads\/2024\/07\/v2c-electric-chargers.jpg\",\"contentUrl\":\"https:\/\/v2charge.com\/wp-content\/uploads\/2024\/07\/v2c-electric-chargers.jpg\",\"width\":1200,\"height\":675,\"caption\":\"V2C Electric Chargers\"},{\"@type\":\"BreadcrumbList\",\"@id\":\"https:\/\/v2charge.com\/sl\/modos-de-funcionamiento-fotovoltaico\/#breadcrumb\",\"itemListElement\":[{\"@type\":\"ListItem\",\"position\":1,\"name\":\"V2C\",\"item\":\"https:\/\/v2charge.com\/sl\/\"},{\"@type\":\"ListItem\",\"position\":2,\"name\":\"Pove\u017ei Google Home s svojim polnilnikom\"}]},{\"@type\":\"WebSite\",\"@id\":\"https:\/\/v2charge.com\/sl\/#website\",\"url\":\"https:\/\/v2charge.com\/sl\/\",\"name\":\"V2C\",\"description\":\"#CargandoElMa\u00f1ana\",\"publisher\":{\"@id\":\"https:\/\/v2charge.com\/sl\/#organization\"},\"potentialAction\":[{\"@type\":\"SearchAction\",\"target\":{\"@type\":\"EntryPoint\",\"urlTemplate\":\"https:\/\/v2charge.com\/sl\/?s={search_term_string}\"},\"query-input\":{\"@type\":\"PropertyValueSpecification\",\"valueRequired\":true,\"valueName\":\"search_term_string\"}}],\"inLanguage\":\"sl-SI\"},{\"@type\":\"Organization\",\"@id\":\"https:\/\/v2charge.com\/sl\/#organization\",\"name\":\"V2C\",\"url\":\"https:\/\/v2charge.com\/sl\/\",\"logo\":{\"@type\":\"ImageObject\",\"inLanguage\":\"sl-SI\",\"@id\":\"https:\/\/v2charge.com\/sl\/#\/schema\/logo\/image\/\",\"url\":\"https:\/\/v2charge.com\/wp-content\/uploads\/2024\/11\/cropped-v2c-charge-logo-menu.png\",\"contentUrl\":\"https:\/\/v2charge.com\/wp-content\/uploads\/2024\/11\/cropped-v2c-charge-logo-menu.png\",\"width\":984,\"height\":431,\"caption\":\"V2C\"},\"image\":{\"@id\":\"https:\/\/v2charge.com\/sl\/#\/schema\/logo\/image\/\"},\"sameAs\":[\"https:\/\/www.facebook.com\/V2C.Charge\",\"https:\/\/x.com\/V2C_Charge\",\"https:\/\/www.instagram.com\/v2c.charge\/\",\"https:\/\/www.youtube.com\/@V2C\",\"https:\/\/www.linkedin.com\/company\/v2c-chargers\/\"]}]}<\/script>\n<!-- \/ Yoast SEO plugin. -->","yoast_head_json":{"title":"Pove\u017ei svoj polnilec z Google Home - Povezljivost | V2C","description":"To\u010dka za polnjenje Trydan se lahko pove\u017ee z pametnimi napravami, kot je Google Home. Pove\u017ei svoj polnilnik in upravljaj svoj e-Charger.","robots":{"index":"index","follow":"follow","max-snippet":"max-snippet:-1","max-image-preview":"max-image-preview:large","max-video-preview":"max-video-preview:-1"},"canonical":"https:\/\/v2charge.com\/sl\/modos-de-funcionamiento-fotovoltaico\/","og_locale":"sl_SI","og_type":"article","og_title":"Pove\u017ei svoj polnilec z Google Home - Povezljivost | V2C","og_description":"To\u010dka za polnjenje Trydan se lahko pove\u017ee z pametnimi napravami, kot je Google Home. Pove\u017ei svoj polnilnik in upravljaj svoj e-Charger.","og_url":"https:\/\/v2charge.com\/sl\/modos-de-funcionamiento-fotovoltaico\/","og_site_name":"V2C","article_publisher":"https:\/\/www.facebook.com\/V2C.Charge","article_modified_time":"2023-07-14T11:18:58+00:00","og_image":[{"width":1200,"height":675,"url":"https:\/\/v2charge.com\/wp-content\/uploads\/2024\/07\/v2c-electric-chargers.jpg","type":"image\/jpeg"}],"twitter_card":"summary_large_image","twitter_site":"@V2C_Charge","twitter_misc":{"Est. reading time":"2 minuti"},"schema":{"@context":"https:\/\/schema.org","@graph":[{"@type":"WebPage","@id":"https:\/\/v2charge.com\/sl\/pove-i-google-home-s-svojim-polnilnikom\/","url":"https:\/\/v2charge.com\/sl\/modos-de-funcionamiento-fotovoltaico\/","name":"Pove\u017ei svoj polnilec z Google Home - Povezljivost | V2C","isPartOf":{"@id":"https:\/\/v2charge.com\/sl\/#website"},"primaryImageOfPage":{"@id":"https:\/\/v2charge.com\/sl\/modos-de-funcionamiento-fotovoltaico\/#primaryimage"},"image":{"@id":"https:\/\/v2charge.com\/sl\/modos-de-funcionamiento-fotovoltaico\/#primaryimage"},"thumbnailUrl":"https:\/\/v2charge.com\/wp-content\/uploads\/2024\/07\/v2c-electric-chargers.jpg","datePublished":"2023-07-12T13:58:30+00:00","dateModified":"2023-07-14T11:18:58+00:00","description":"To\u010dka za polnjenje Trydan se lahko pove\u017ee z pametnimi napravami, kot je Google Home. Pove\u017ei svoj polnilnik in upravljaj svoj e-Charger.","breadcrumb":{"@id":"https:\/\/v2charge.com\/sl\/modos-de-funcionamiento-fotovoltaico\/#breadcrumb"},"inLanguage":"sl-SI","potentialAction":[{"@type":"ReadAction","target":["https:\/\/v2charge.com\/sl\/modos-de-funcionamiento-fotovoltaico\/"]}]},{"@type":"ImageObject","inLanguage":"sl-SI","@id":"https:\/\/v2charge.com\/sl\/modos-de-funcionamiento-fotovoltaico\/#primaryimage","url":"https:\/\/v2charge.com\/wp-content\/uploads\/2024\/07\/v2c-electric-chargers.jpg","contentUrl":"https:\/\/v2charge.com\/wp-content\/uploads\/2024\/07\/v2c-electric-chargers.jpg","width":1200,"height":675,"caption":"V2C Electric Chargers"},{"@type":"BreadcrumbList","@id":"https:\/\/v2charge.com\/sl\/modos-de-funcionamiento-fotovoltaico\/#breadcrumb","itemListElement":[{"@type":"ListItem","position":1,"name":"V2C","item":"https:\/\/v2charge.com\/sl\/"},{"@type":"ListItem","position":2,"name":"Pove\u017ei Google Home s svojim polnilnikom"}]},{"@type":"WebSite","@id":"https:\/\/v2charge.com\/sl\/#website","url":"https:\/\/v2charge.com\/sl\/","name":"V2C","description":"#CargandoElMa\u00f1ana","publisher":{"@id":"https:\/\/v2charge.com\/sl\/#organization"},"potentialAction":[{"@type":"SearchAction","target":{"@type":"EntryPoint","urlTemplate":"https:\/\/v2charge.com\/sl\/?s={search_term_string}"},"query-input":{"@type":"PropertyValueSpecification","valueRequired":true,"valueName":"search_term_string"}}],"inLanguage":"sl-SI"},{"@type":"Organization","@id":"https:\/\/v2charge.com\/sl\/#organization","name":"V2C","url":"https:\/\/v2charge.com\/sl\/","logo":{"@type":"ImageObject","inLanguage":"sl-SI","@id":"https:\/\/v2charge.com\/sl\/#\/schema\/logo\/image\/","url":"https:\/\/v2charge.com\/wp-content\/uploads\/2024\/11\/cropped-v2c-charge-logo-menu.png","contentUrl":"https:\/\/v2charge.com\/wp-content\/uploads\/2024\/11\/cropped-v2c-charge-logo-menu.png","width":984,"height":431,"caption":"V2C"},"image":{"@id":"https:\/\/v2charge.com\/sl\/#\/schema\/logo\/image\/"},"sameAs":["https:\/\/www.facebook.com\/V2C.Charge","https:\/\/x.com\/V2C_Charge","https:\/\/www.instagram.com\/v2c.charge\/","https:\/\/www.youtube.com\/@V2C","https:\/\/www.linkedin.com\/company\/v2c-chargers\/"]}]}},"uagb_featured_image_src":{"full":["https:\/\/v2charge.com\/wp-content\/uploads\/2024\/07\/v2c-electric-chargers.jpg",1200,675,false],"thumbnail":["https:\/\/v2charge.com\/wp-content\/uploads\/2024\/07\/v2c-electric-chargers-150x150.jpg",150,150,true],"medium":["https:\/\/v2charge.com\/wp-content\/uploads\/2024\/07\/v2c-electric-chargers-300x169.jpg",300,169,true],"medium_large":["https:\/\/v2charge.com\/wp-content\/uploads\/2024\/07\/v2c-electric-chargers-768x432.jpg",768,432,true],"large":["https:\/\/v2charge.com\/wp-content\/uploads\/2024\/07\/v2c-electric-chargers-1024x576.jpg",1024,576,true],"gs-tiny":["https:\/\/v2charge.com\/wp-content\/uploads\/2024\/07\/v2c-electric-chargers.jpg",50,28,false],"xl":["https:\/\/v2charge.com\/wp-content\/uploads\/2024\/07\/v2c-electric-chargers.jpg",1200,675,false],"xxl":["https:\/\/v2charge.com\/wp-content\/uploads\/2024\/07\/v2c-electric-chargers.jpg",1200,675,false],"xxxl":["https:\/\/v2charge.com\/wp-content\/uploads\/2024\/07\/v2c-electric-chargers.jpg",1200,675,false],"xxxxl":["https:\/\/v2charge.com\/wp-content\/uploads\/2024\/07\/v2c-electric-chargers.jpg",1200,675,false],"xxxxxl":["https:\/\/v2charge.com\/wp-content\/uploads\/2024\/07\/v2c-electric-chargers.jpg",1200,675,false],"1536x1536":["https:\/\/v2charge.com\/wp-content\/uploads\/2024\/07\/v2c-electric-chargers.jpg",1200,675,false],"2048x2048":["https:\/\/v2charge.com\/wp-content\/uploads\/2024\/07\/v2c-electric-chargers.jpg",1200,675,false]},"uagb_author_info":{"display_name":"V2C","author_link":"https:\/\/v2charge.com\/sl\/author\/marketing\/"},"uagb_comment_info":0,"uagb_excerpt":"Pove\u017ei Google Home s svojim polnilnikom Polnilec Trydan&nbsp;je sposoben povezati se z pametnimi napravami, kot je Google Home. Predhodni koraki Preden pove\u017ee\u0161 svoj polnilec s svojim napravo Google Home, mora\u0161 imeti name\u0161\u010deno aplikacijo Google Home na svojem mobilnem telefonu. Dostopi do App Store (iOS) ali Google Play (Android) in poi\u0161\u010di &#8216;Google Home&#8217;, da prenese\u0161 aplikacijo.&hellip;","_links":{"self":[{"href":"https:\/\/v2charge.com\/sl\/wp-json\/wp\/v2\/pages\/312839","targetHints":{"allow":["GET"]}}],"collection":[{"href":"https:\/\/v2charge.com\/sl\/wp-json\/wp\/v2\/pages"}],"about":[{"href":"https:\/\/v2charge.com\/sl\/wp-json\/wp\/v2\/types\/page"}],"author":[{"embeddable":true,"href":"https:\/\/v2charge.com\/sl\/wp-json\/wp\/v2\/users\/400"}],"replies":[{"embeddable":true,"href":"https:\/\/v2charge.com\/sl\/wp-json\/wp\/v2\/comments?post=312839"}],"version-history":[{"count":0,"href":"https:\/\/v2charge.com\/sl\/wp-json\/wp\/v2\/pages\/312839\/revisions"}],"wp:featuredmedia":[{"embeddable":true,"href":"https:\/\/v2charge.com\/sl\/wp-json\/wp\/v2\/media\/170346"}],"wp:attachment":[{"href":"https:\/\/v2charge.com\/sl\/wp-json\/wp\/v2\/media?parent=312839"}],"curies":[{"name":"wp","href":"https:\/\/api.w.org\/{rel}","templated":true}]}}