{"id":312846,"date":"2023-11-10T10:52:51","date_gmt":"2023-11-10T08:52:51","guid":{"rendered":""},"modified":"2025-06-23T15:18:29","modified_gmt":"2025-06-23T13:18:29","slug":"etni-ni-kanal","status":"publish","type":"page","link":"https:\/\/v2charge.com\/sl\/etni-ni-kanal\/","title":{"rendered":"Etni\u010dni kanal"},"content":{"rendered":"\n<div class=\"wp-block-uagb-container uagb-block-84b54fa4 alignfull uagb-is-root-container\"><div class=\"uagb-container-inner-blocks-wrap\"><div class=\"wp-block-uagb-advanced-heading uagb-block-c7cceefb\"><h1 class=\"uagb-heading-text\">Eti\u010dni Kanal<\/h1><\/div>\n\n<p>V na\u0161i nenehni iskanju <strong>transparentnosti<\/strong> in <strong>integritete<\/strong> vzpostavljamo ta komunikacijski kanal, da celotni skupnosti V2C ponudimo varno in zaupno platformo za izra\u017eanje svojih skrbi, prijavljanje neprimernih vedenj ali postavljanje kakr\u0161nih koli incidentov, ki jih \u0161tejejo za pomembne.<\/p>\n\n<h2 class=\"wp-block-heading\">Zavezanost V2C<\/h2>\n\n<p>V podjetju V2C se zavezujemo k ohranjanju <strong>eti\u010dnega in spo\u0161tljivega okolja<\/strong>. Ta kanal odra\u017ea na\u0161o stalno zavezanost k preglednosti in odgovornosti.<\/p>\n\n<p>Ta kanal je zasnovan tako, da omogo\u010da vsakomur, naj bodo to zaposleni, stranke, dobavitelji ali katera koli druga zainteresirana stran, da anonimno delijo svoje skrbi. Vse prijave, prejete preko tega kanala, bodo obravnavane z najvi\u0161jo stopnjo zaupnosti.<\/p><\/div><\/div>\n\n\n\n<div class=\"wp-block-uagb-container uagb-block-978175b1 alignfull uagb-is-root-container\"><div class=\"uagb-container-inner-blocks-wrap\">\n<div class=\"wp-block-uagb-container uagb-block-6aa72daf\">      \n\t\t\t<div class=\"uagb-icon-wrapper uagb-block-0eb5f957      \"\n\t\t\tstyle=\"\" >\n\t\t\t\t\t\t\t\t\t<span class=\"uagb-svg-wrapper\" \n\t\t\t\t\t aria-label=\"wpforms\"\t\t\t\t\ttabindex=\"0\">\t\t\n\t\t\t\t\t\t\t\t\t\t<svg xmlns=\"https:\/\/www.w3.org\/2000\/svg\" viewBox= \"0 0 448 512\" role=\"graphics-symbol\" aria-hidden=\"false\" aria-label=\"\"><path d=\"M448 75.2v361.7c0 24.3-19 43.2-43.2 43.2H43.2C19.3 480 0 461.4 0 436.8V75.2C0 51.1 18.8 32 43.2 32h361.7c24 0 43.1 18.8 43.1 43.2zm-37.3 361.6V75.2c0-3-2.6-5.8-5.8-5.8h-9.3L285.3 144 224 94.1 162.8 144 52.5 69.3h-9.3c-3.2 0-5.8 2.8-5.8 5.8v361.7c0 3 2.6 5.8 5.8 5.8h361.7c3.2 .1 5.8-2.7 5.8-5.8zM150.2 186v37H76.7v-37h73.5zm0 74.4v37.3H76.7v-37.3h73.5zm11.1-147.3l54-43.7H96.8l64.5 43.7zm210 72.9v37h-196v-37h196zm0 74.4v37.3h-196v-37.3h196zm-84.6-147.3l64.5-43.7H232.8l53.9 43.7zM371.3 335v37.3h-99.4V335h99.4z\"><\/path><\/svg>\n\t\t\t\t\t\t\t\t\t<\/span>\n\t\t\t\t\t\t\t<\/div>\n\t\t\t\n\n<div class=\"wp-block-uagb-advanced-heading uagb-block-2aecb7f2\"><h3 class=\"uagb-heading-text\">Obrazec za prijavo<\/h3><\/div>\n\n<p>Posredujte vse ustrezne podrobnosti o incidentu ali skrbi, ki jo \u017eelite sporo\u010diti. Prepri\u010dajte se, da vklju\u010dite potrebne informacije za olaj\u0161anje ustrezne preiskave.<\/p><\/div>\n\n\n\n<div class=\"wp-block-uagb-container uagb-block-642b231d\">      \n\t\t\t<div class=\"uagb-icon-wrapper uagb-block-1ae5912d      \"\n\t\t\tstyle=\"\" >\n\t\t\t\t\t\t\t\t\t<span class=\"uagb-svg-wrapper\" \n\t\t\t\t\t aria-label=\"user-lock\"\t\t\t\t\ttabindex=\"0\">\t\t\n\t\t\t\t\t\t\t\t\t\t<svg xmlns=\"https:\/\/www.w3.org\/2000\/svg\" viewBox= \"0 0 640 512\" role=\"graphics-symbol\" aria-hidden=\"false\" aria-label=\"\"><path d=\"M592 288H576V212.7c0-41.84-30.03-80.04-71.66-84.27C456.5 123.6 416 161.1 416 208V288h-16C373.6 288 352 309.6 352 336v128c0 26.4 21.6 48 48 48h192c26.4 0 48-21.6 48-48v-128C640 309.6 618.4 288 592 288zM496 432c-17.62 0-32-14.38-32-32s14.38-32 32-32s32 14.38 32 32S513.6 432 496 432zM528 288h-64V208c0-17.62 14.38-32 32-32s32 14.38 32 32V288zM224 256c70.7 0 128-57.31 128-128S294.7 0 224 0C153.3 0 96 57.31 96 128S153.3 256 224 256zM320 336c0-8.672 1.738-16.87 4.303-24.7C308.6 306.6 291.9 304 274.7 304H173.3C77.61 304 0 381.7 0 477.4C0 496.5 15.52 512 34.66 512h301.7C326.3 498.6 320 482.1 320 464V336z\"><\/path><\/svg>\n\t\t\t\t\t\t\t\t\t<\/span>\n\t\t\t\t\t\t\t<\/div>\n\t\t\t\n\n<div class=\"wp-block-uagb-advanced-heading uagb-block-feaa54e4\"><h3 class=\"uagb-heading-text\">Zagotovljena anonimnost<\/h3><\/div>\n\n<p>Ni potrebno razkrivati svoje identitete. Ta kanal je zasnovan za za\u0161\u010dito va\u0161e anonimnosti. \u010ce se odlo\u010dite, da boste posredovali svoj e-po\u0161tni naslov, bodite prepri\u010dani, da bo obravnavan z najve\u010djo diskretnostjo.<\/p><\/div>\n\n\n\n<div class=\"wp-block-uagb-container uagb-block-bd9432fb\">      \n\t\t\t<div class=\"uagb-icon-wrapper uagb-block-d09a8f5d      \"\n\t\t\tstyle=\"\" >\n\t\t\t\t\t\t\t\t\t<span class=\"uagb-svg-wrapper\" \n\t\t\t\t\t aria-label=\"check\"\t\t\t\t\ttabindex=\"0\">\t\t\n\t\t\t\t\t\t\t\t\t\t<svg xmlns=\"https:\/\/www.w3.org\/2000\/svg\" viewBox= \"0 0 448 512\" role=\"graphics-symbol\" aria-hidden=\"false\" aria-label=\"\"><path d=\"M438.6 105.4C451.1 117.9 451.1 138.1 438.6 150.6L182.6 406.6C170.1 419.1 149.9 419.1 137.4 406.6L9.372 278.6C-3.124 266.1-3.124 245.9 9.372 233.4C21.87 220.9 42.13 220.9 54.63 233.4L159.1 338.7L393.4 105.4C405.9 92.88 426.1 92.88 438.6 105.4H438.6z\"><\/path><\/svg>\n\t\t\t\t\t\t\t\t\t<\/span>\n\t\t\t\t\t\t\t<\/div>\n\t\t\t\n\n<div class=\"wp-block-uagb-advanced-heading uagb-block-4a02cfc0\"><h3 class=\"uagb-heading-text\">Pregled <br>in ukrepanje<\/h3><\/div>\n\n<p>Vsako prito\u017ebo bomo pregledali nepristransko in sprejeli ustrezne ukrepe za obravnavo situacije. Izvedli bomo temeljite preiskave, da bomo sprejeli potrebne ukrepe.<\/p><\/div>\n<\/div><\/div>\n\n\n\n<div class=\"wp-block-uagb-container uagb-block-41acd7ec alignfull uagb-is-root-container\"><div class=\"uagb-container-inner-blocks-wrap\"><div class=\"wp-block-contact-form-7-contact-form-selector\">\n<div class=\"wpcf7 no-js\" id=\"wpcf7-f123589-o1\" lang=\"es-ES\" dir=\"ltr\" data-wpcf7-id=\"123589\">\n<div class=\"screen-reader-response\"><p role=\"status\" aria-live=\"polite\" aria-atomic=\"true\"><\/p> <ul><\/ul><\/div>\n<form action=\"\/sl\/wp-json\/wp\/v2\/pages\/312846#wpcf7-f123589-o1\" method=\"post\" class=\"wpcf7-form init\" aria-label=\"Formulario de contacto\" enctype=\"multipart\/form-data\" novalidate=\"novalidate\" data-status=\"init\">\n<div style=\"display: none;\">\n<input type=\"hidden\" name=\"_wpcf7\" value=\"123589\" \/>\n<input type=\"hidden\" name=\"_wpcf7_version\" value=\"6.0.6\" \/>\n<input type=\"hidden\" name=\"_wpcf7_locale\" value=\"es_ES\" \/>\n<input type=\"hidden\" name=\"_wpcf7_unit_tag\" value=\"wpcf7-f123589-o1\" \/>\n<input type=\"hidden\" name=\"_wpcf7_container_post\" value=\"0\" \/>\n<input type=\"hidden\" name=\"_wpcf7_posted_data_hash\" value=\"\" \/>\n<input type=\"hidden\" name=\"redirect_nonce\" value=\"7d088ee738\" \/>\n<input type=\"hidden\" name=\"wpcf7cfpdf_hidden_name\" value=\"document-pdf\" \/>\n<input type=\"hidden\" name=\"wpcf7cfpdf_hidden_reference\" value=\"457a5fc8\" \/>\n<input type=\"hidden\" name=\"wpcf7cfpdf_hidden_date\" value=\"04132026\" \/>\n<input type=\"hidden\" name=\"_wpcf7_recaptcha_response\" value=\"\" \/>\n<\/div>\n<div id=\"responsive-form\" class=\"clearfix\">\n\t<div class=\"form-row\">\n\t\t<div class=\"column-half\">\n\t\t\t<p>\u00bfQu\u00e9 relaci\u00f3n te une a V2C?* <span class=\"wpcf7-form-control-wrap\" data-name=\"relacionv2c\"><select class=\"wpcf7-form-control wpcf7-select wpcf7-validates-as-required\" aria-required=\"true\" aria-invalid=\"false\" name=\"relacionv2c\"><option value=\"Cliente\">Cliente<\/option><option value=\"Proveedor\">Proveedor<\/option><option value=\"Empleado\">Empleado<\/option><option value=\"Exempleado\">Exempleado<\/option><option value=\"Otro\">Otro<\/option><\/select><\/span>\n\t\t\t<\/p>\n\t\t<\/div>\n\t\t<div class=\"column-half\">\n\t\t\t<p>Email (opcional) <span class=\"wpcf7-form-control-wrap\" data-name=\"your-email\"><input size=\"40\" maxlength=\"400\" class=\"wpcf7-form-control wpcf7-email wpcf7-text wpcf7-validates-as-email\" aria-invalid=\"false\" placeholder=\"Email gen\u00e9rico, no nominativo.\" value=\"\" type=\"email\" name=\"your-email\" \/><\/span>\n\t\t\t<\/p>\n\t\t<\/div>\n\t\t<div class=\"column-half\">\n\t\t\t<p>Insertar archivos (opcional) <span class=\"wpcf7-form-control-wrap\" data-name=\"archivo\"><input size=\"40\" class=\"wpcf7-form-control wpcf7-file\" accept=\"audio\/*,video\/*,image\/*\" aria-invalid=\"false\" type=\"file\" name=\"archivo\" \/><\/span>\n\t\t\t<\/p>\n\t\t<\/div>\n\t<\/div>\n\t<p><span id=\"wpcf7-69dcc551acf0f-wrapper\" class=\"wpcf7-form-control-wrap tudireccion-621-wrap\" style=\"display:none !important; visibility:hidden !important;\"><label for=\"wpcf7-69dcc551acf0f-field\" class=\"hp-message\">Por favor, deja este campo vac\u00edo.<\/label><input id=\"wpcf7-69dcc551acf0f-field\"  class=\"wpcf7-form-control wpcf7-text\" type=\"text\" name=\"tudireccion-621\" value=\"\" size=\"40\" tabindex=\"-1\" autocomplete=\"new-password\" \/><\/span>\n\t<\/p>\n\t<div class=\"form-row\">\n\t\t<div class=\"column-full\">\n\t\t\t<p>Facilita una descripci\u00f3n detallada de los hechos que quieres denunciar.*<span class=\"wpcf7-form-control-wrap\" data-name=\"your-message\"><textarea cols=\"40\" rows=\"10\" maxlength=\"2000\" class=\"wpcf7-form-control wpcf7-textarea wpcf7-validates-as-required\" aria-required=\"true\" aria-invalid=\"false\" name=\"your-message\"><\/textarea><\/span>\n\t\t\t<\/p>\n\t\t<\/div>\n\t<\/div>\n\t<div class=\"form-row\">\n\t\t<div class=\"column-full\">\n\t\t\t<p><input class=\"wpcf7-form-control wpcf7-submit has-spinner\" type=\"submit\" value=\"Enviar\" \/>\n\t\t\t<\/p>\n\t\t<\/div>\n\t<\/div>\n<\/div><!--end responsive-form--><div class=\"wpcf7-response-output\" aria-hidden=\"true\"><\/div>\n<\/form>\n<\/div>\n<\/div><\/div><\/div>\n\n\n\n<div class=\"wp-block-uagb-container uagb-block-54d2f86a alignfull uagb-is-root-container\"><div class=\"uagb-container-inner-blocks-wrap\"><div class=\"wp-block-contact-form-7-contact-form-selector\">\n<div class=\"wpcf7 no-js\" id=\"wpcf7-f224908-o2\" lang=\"es-ES\" dir=\"ltr\" data-wpcf7-id=\"224908\">\n<div class=\"screen-reader-response\"><p role=\"status\" aria-live=\"polite\" aria-atomic=\"true\"><\/p> <ul><\/ul><\/div>\n<form action=\"\/sl\/wp-json\/wp\/v2\/pages\/312846#wpcf7-f224908-o2\" method=\"post\" class=\"wpcf7-form init\" aria-label=\"Formulario de contacto\" novalidate=\"novalidate\" data-status=\"init\">\n<div style=\"display: none;\">\n<input type=\"hidden\" name=\"_wpcf7\" value=\"224908\" \/>\n<input type=\"hidden\" name=\"_wpcf7_version\" value=\"6.0.6\" \/>\n<input type=\"hidden\" name=\"_wpcf7_locale\" value=\"es_ES\" \/>\n<input type=\"hidden\" name=\"_wpcf7_unit_tag\" value=\"wpcf7-f224908-o2\" \/>\n<input type=\"hidden\" name=\"_wpcf7_container_post\" value=\"0\" \/>\n<input type=\"hidden\" name=\"_wpcf7_posted_data_hash\" value=\"\" \/>\n<input type=\"hidden\" name=\"redirect_nonce\" value=\"7d088ee738\" \/>\n<input type=\"hidden\" name=\"wpcf7cfpdf_hidden_name\" value=\"ticket_digital_valencia_emobility_forum\" \/>\n<input type=\"hidden\" name=\"wpcf7cfpdf_hidden_reference\" value=\"24c5ff1e\" \/>\n<input type=\"hidden\" name=\"wpcf7cfpdf_hidden_date\" value=\"abril13,2026\" \/>\n<input type=\"hidden\" name=\"_wpcf7_recaptcha_response\" value=\"\" \/>\n<\/div>\n<div id=\"responsive-form\" class=\"clearfix resp-form-2\">\n\t<div class=\"form-row2\">\n\t\t<div class=\"column-half\">\n\t\t\t<p>Nombre y apellidos* <span class=\"wpcf7-form-control-wrap\" data-name=\"your-name\"><input size=\"40\" maxlength=\"400\" class=\"wpcf7-form-control wpcf7-text wpcf7-validates-as-required\" aria-required=\"true\" aria-invalid=\"false\" placeholder=\"Nombre y apellidos\" value=\"\" type=\"text\" name=\"your-name\" \/><\/span>\n\t\t\t<\/p>\n\t\t<\/div>\n\t\t<div class=\"column-half\">\n\t\t\t<p>E-mail* <span class=\"wpcf7-form-control-wrap\" data-name=\"your-email\"><input size=\"40\" maxlength=\"400\" class=\"wpcf7-form-control wpcf7-email wpcf7-validates-as-required wpcf7-text wpcf7-validates-as-email\" aria-required=\"true\" aria-invalid=\"false\" placeholder=\"E-mail\" value=\"\" type=\"email\" name=\"your-email\" \/><\/span>\n\t\t\t<\/p>\n\t\t<\/div>\n\t\t<div class=\"column-half\">\n\t\t\t<p>Empresa (opcional) <span class=\"wpcf7-form-control-wrap\" data-name=\"empresa\"><input size=\"40\" maxlength=\"400\" class=\"wpcf7-form-control wpcf7-text\" aria-invalid=\"false\" placeholder=\"Empresa\" value=\"\" type=\"text\" name=\"empresa\" \/><\/span>\n\t\t\t<\/p>\n\t\t<\/div>\n\t<\/div>\n\t<p><span id=\"wpcf7-69dcc551b6883-wrapper\" class=\"wpcf7-form-control-wrap tudireccion-248-wrap\" style=\"display:none !important; visibility:hidden !important;\"><label for=\"wpcf7-69dcc551b6883-field\" class=\"hp-message\">Por favor, deja este campo vac\u00edo.<\/label><input id=\"wpcf7-69dcc551b6883-field\"  class=\"wpcf7-form-control wpcf7-text\" type=\"text\" name=\"tudireccion-248\" value=\"\" size=\"40\" tabindex=\"-1\" autocomplete=\"new-password\" \/><\/span>\n\t<\/p>\n\t<div class=\"form-row2\">\n\t\t<div class=\"column-full\">\n\t\t\t<p><input class=\"wpcf7-form-control wpcf7-submit has-spinner\" type=\"submit\" value=\"Enviar\" \/>\n\t\t\t<\/p>\n\t\t<\/div>\n\t<\/div>\n<\/div><!--end responsive-form--><div class=\"wpcf7-response-output\" aria-hidden=\"true\"><\/div>\n<\/form>\n<\/div>\n<\/div><\/div><\/div>\n","protected":false},"excerpt":{"rendered":"<p>Eti\u010dni Kanal V na\u0161i nenehni iskanju transparentnosti in integritete vzpostavljamo ta komunikacijski kanal, da celotni skupnosti V2C ponudimo varno in zaupno platformo za izra\u017eanje svojih skrbi, prijavljanje neprimernih vedenj ali postavljanje kakr\u0161nih koli incidentov, ki jih \u0161tejejo za pomembne. Zavezanost V2C V podjetju V2C se zavezujemo k ohranjanju eti\u010dnega in spo\u0161tljivega okolja. Ta kanal odra\u017ea &#8230; <a title=\"Etni\u010dni kanal\" class=\"read-more\" href=\"https:\/\/v2charge.com\/sl\/etni-ni-kanal\/\" aria-label=\"Read more about Etni\u010dni kanal\">Read more<\/a><\/p>\n","protected":false},"author":400,"featured_media":170354,"parent":0,"menu_order":0,"comment_status":"closed","ping_status":"closed","template":"","meta":{"_eb_attr":"","content-type":"","_uag_custom_page_level_css":"","footnotes":""},"class_list":["post-312846","page","type-page","status-publish","has-post-thumbnail"],"yoast_head":"<!-- This site is optimized with the Yoast SEO plugin v25.3.1 - https:\/\/yoast.com\/wordpress\/plugins\/seo\/ -->\n<title>Etni\u010dni kanal V2C | Sporo\u010dite svojo te\u017eavo<\/title>\n<meta name=\"description\" content=\"Etika in komunikacijski kanal V2C | Sporo\u010dite te\u017eave ali nepravilnosti | Zaupnost in anonimnost\" \/>\n<meta name=\"robots\" content=\"noindex, follow\" \/>\n<meta property=\"og:locale\" content=\"sl_SI\" \/>\n<meta property=\"og:type\" content=\"article\" \/>\n<meta property=\"og:title\" content=\"Etni\u010dni kanal V2C | Sporo\u010dite svojo te\u017eavo\" \/>\n<meta property=\"og:description\" content=\"Etika in komunikacijski kanal V2C | Sporo\u010dite te\u017eave ali nepravilnosti | Zaupnost in anonimnost\" \/>\n<meta property=\"og:url\" content=\"https:\/\/v2charge.com\/sl\/etni-ni-kanal\/\" \/>\n<meta property=\"og:site_name\" content=\"V2C\" \/>\n<meta property=\"article:publisher\" content=\"https:\/\/www.facebook.com\/V2C.Charge\" \/>\n<meta property=\"article:modified_time\" content=\"2025-06-23T13:18:29+00:00\" \/>\n<meta property=\"og:image\" content=\"https:\/\/v2charge.com\/wp-content\/uploads\/2024\/07\/v2c-electric-chargers.jpg\" \/>\n\t<meta property=\"og:image:width\" content=\"1200\" \/>\n\t<meta property=\"og:image:height\" content=\"675\" \/>\n\t<meta property=\"og:image:type\" content=\"image\/jpeg\" \/>\n<meta name=\"twitter:card\" content=\"summary_large_image\" \/>\n<meta name=\"twitter:site\" content=\"@V2C_Charge\" \/>\n<meta name=\"twitter:label1\" content=\"Est. reading time\" \/>\n\t<meta name=\"twitter:data1\" content=\"2 minuti\" \/>\n<script type=\"application\/ld+json\" class=\"yoast-schema-graph\">{\"@context\":\"https:\/\/schema.org\",\"@graph\":[{\"@type\":\"WebPage\",\"@id\":\"https:\/\/v2charge.com\/sl\/etni-ni-kanal\/\",\"url\":\"https:\/\/v2charge.com\/sl\/etni-ni-kanal\/\",\"name\":\"Etni\u010dni kanal V2C | Sporo\u010dite svojo te\u017eavo\",\"isPartOf\":{\"@id\":\"https:\/\/v2charge.com\/sl\/#website\"},\"primaryImageOfPage\":{\"@id\":\"https:\/\/v2charge.com\/sl\/etni-ni-kanal\/#primaryimage\"},\"image\":{\"@id\":\"https:\/\/v2charge.com\/sl\/etni-ni-kanal\/#primaryimage\"},\"thumbnailUrl\":\"https:\/\/v2charge.com\/wp-content\/uploads\/2024\/07\/v2c-electric-chargers.jpg\",\"datePublished\":\"2023-11-10T08:52:51+00:00\",\"dateModified\":\"2025-06-23T13:18:29+00:00\",\"description\":\"Etika in komunikacijski kanal V2C | Sporo\u010dite te\u017eave ali nepravilnosti | Zaupnost in anonimnost\",\"breadcrumb\":{\"@id\":\"https:\/\/v2charge.com\/sl\/etni-ni-kanal\/#breadcrumb\"},\"inLanguage\":\"sl-SI\",\"potentialAction\":[{\"@type\":\"ReadAction\",\"target\":[\"https:\/\/v2charge.com\/sl\/etni-ni-kanal\/\"]}]},{\"@type\":\"ImageObject\",\"inLanguage\":\"sl-SI\",\"@id\":\"https:\/\/v2charge.com\/sl\/etni-ni-kanal\/#primaryimage\",\"url\":\"https:\/\/v2charge.com\/wp-content\/uploads\/2024\/07\/v2c-electric-chargers.jpg\",\"contentUrl\":\"https:\/\/v2charge.com\/wp-content\/uploads\/2024\/07\/v2c-electric-chargers.jpg\",\"width\":1200,\"height\":675,\"caption\":\"V2C Electric Chargers\"},{\"@type\":\"BreadcrumbList\",\"@id\":\"https:\/\/v2charge.com\/sl\/etni-ni-kanal\/#breadcrumb\",\"itemListElement\":[{\"@type\":\"ListItem\",\"position\":1,\"name\":\"V2C\",\"item\":\"https:\/\/v2charge.com\/sl\/\"},{\"@type\":\"ListItem\",\"position\":2,\"name\":\"Etni\u010dni kanal\"}]},{\"@type\":\"WebSite\",\"@id\":\"https:\/\/v2charge.com\/sl\/#website\",\"url\":\"https:\/\/v2charge.com\/sl\/\",\"name\":\"V2C\",\"description\":\"#CargandoElMa\u00f1ana\",\"publisher\":{\"@id\":\"https:\/\/v2charge.com\/sl\/#organization\"},\"potentialAction\":[{\"@type\":\"SearchAction\",\"target\":{\"@type\":\"EntryPoint\",\"urlTemplate\":\"https:\/\/v2charge.com\/sl\/?s={search_term_string}\"},\"query-input\":{\"@type\":\"PropertyValueSpecification\",\"valueRequired\":true,\"valueName\":\"search_term_string\"}}],\"inLanguage\":\"sl-SI\"},{\"@type\":\"Organization\",\"@id\":\"https:\/\/v2charge.com\/sl\/#organization\",\"name\":\"V2C\",\"url\":\"https:\/\/v2charge.com\/sl\/\",\"logo\":{\"@type\":\"ImageObject\",\"inLanguage\":\"sl-SI\",\"@id\":\"https:\/\/v2charge.com\/sl\/#\/schema\/logo\/image\/\",\"url\":\"https:\/\/v2charge.com\/wp-content\/uploads\/2024\/11\/cropped-v2c-charge-logo-menu.png\",\"contentUrl\":\"https:\/\/v2charge.com\/wp-content\/uploads\/2024\/11\/cropped-v2c-charge-logo-menu.png\",\"width\":984,\"height\":431,\"caption\":\"V2C\"},\"image\":{\"@id\":\"https:\/\/v2charge.com\/sl\/#\/schema\/logo\/image\/\"},\"sameAs\":[\"https:\/\/www.facebook.com\/V2C.Charge\",\"https:\/\/x.com\/V2C_Charge\",\"https:\/\/www.instagram.com\/v2c.charge\/\",\"https:\/\/www.youtube.com\/@V2C\",\"https:\/\/www.linkedin.com\/company\/v2c-chargers\/\"]}]}<\/script>\n<!-- \/ Yoast SEO plugin. -->","yoast_head_json":{"title":"Etni\u010dni kanal V2C | Sporo\u010dite svojo te\u017eavo","description":"Etika in komunikacijski kanal V2C | Sporo\u010dite te\u017eave ali nepravilnosti | Zaupnost in anonimnost","robots":{"index":"noindex","follow":"follow"},"og_locale":"sl_SI","og_type":"article","og_title":"Etni\u010dni kanal V2C | Sporo\u010dite svojo te\u017eavo","og_description":"Etika in komunikacijski kanal V2C | Sporo\u010dite te\u017eave ali nepravilnosti | Zaupnost in anonimnost","og_url":"https:\/\/v2charge.com\/sl\/etni-ni-kanal\/","og_site_name":"V2C","article_publisher":"https:\/\/www.facebook.com\/V2C.Charge","article_modified_time":"2025-06-23T13:18:29+00:00","og_image":[{"width":1200,"height":675,"url":"https:\/\/v2charge.com\/wp-content\/uploads\/2024\/07\/v2c-electric-chargers.jpg","type":"image\/jpeg"}],"twitter_card":"summary_large_image","twitter_site":"@V2C_Charge","twitter_misc":{"Est. reading time":"2 minuti"},"schema":{"@context":"https:\/\/schema.org","@graph":[{"@type":"WebPage","@id":"https:\/\/v2charge.com\/sl\/etni-ni-kanal\/","url":"https:\/\/v2charge.com\/sl\/etni-ni-kanal\/","name":"Etni\u010dni kanal V2C | Sporo\u010dite svojo te\u017eavo","isPartOf":{"@id":"https:\/\/v2charge.com\/sl\/#website"},"primaryImageOfPage":{"@id":"https:\/\/v2charge.com\/sl\/etni-ni-kanal\/#primaryimage"},"image":{"@id":"https:\/\/v2charge.com\/sl\/etni-ni-kanal\/#primaryimage"},"thumbnailUrl":"https:\/\/v2charge.com\/wp-content\/uploads\/2024\/07\/v2c-electric-chargers.jpg","datePublished":"2023-11-10T08:52:51+00:00","dateModified":"2025-06-23T13:18:29+00:00","description":"Etika in komunikacijski kanal V2C | Sporo\u010dite te\u017eave ali nepravilnosti | Zaupnost in anonimnost","breadcrumb":{"@id":"https:\/\/v2charge.com\/sl\/etni-ni-kanal\/#breadcrumb"},"inLanguage":"sl-SI","potentialAction":[{"@type":"ReadAction","target":["https:\/\/v2charge.com\/sl\/etni-ni-kanal\/"]}]},{"@type":"ImageObject","inLanguage":"sl-SI","@id":"https:\/\/v2charge.com\/sl\/etni-ni-kanal\/#primaryimage","url":"https:\/\/v2charge.com\/wp-content\/uploads\/2024\/07\/v2c-electric-chargers.jpg","contentUrl":"https:\/\/v2charge.com\/wp-content\/uploads\/2024\/07\/v2c-electric-chargers.jpg","width":1200,"height":675,"caption":"V2C Electric Chargers"},{"@type":"BreadcrumbList","@id":"https:\/\/v2charge.com\/sl\/etni-ni-kanal\/#breadcrumb","itemListElement":[{"@type":"ListItem","position":1,"name":"V2C","item":"https:\/\/v2charge.com\/sl\/"},{"@type":"ListItem","position":2,"name":"Etni\u010dni kanal"}]},{"@type":"WebSite","@id":"https:\/\/v2charge.com\/sl\/#website","url":"https:\/\/v2charge.com\/sl\/","name":"V2C","description":"#CargandoElMa\u00f1ana","publisher":{"@id":"https:\/\/v2charge.com\/sl\/#organization"},"potentialAction":[{"@type":"SearchAction","target":{"@type":"EntryPoint","urlTemplate":"https:\/\/v2charge.com\/sl\/?s={search_term_string}"},"query-input":{"@type":"PropertyValueSpecification","valueRequired":true,"valueName":"search_term_string"}}],"inLanguage":"sl-SI"},{"@type":"Organization","@id":"https:\/\/v2charge.com\/sl\/#organization","name":"V2C","url":"https:\/\/v2charge.com\/sl\/","logo":{"@type":"ImageObject","inLanguage":"sl-SI","@id":"https:\/\/v2charge.com\/sl\/#\/schema\/logo\/image\/","url":"https:\/\/v2charge.com\/wp-content\/uploads\/2024\/11\/cropped-v2c-charge-logo-menu.png","contentUrl":"https:\/\/v2charge.com\/wp-content\/uploads\/2024\/11\/cropped-v2c-charge-logo-menu.png","width":984,"height":431,"caption":"V2C"},"image":{"@id":"https:\/\/v2charge.com\/sl\/#\/schema\/logo\/image\/"},"sameAs":["https:\/\/www.facebook.com\/V2C.Charge","https:\/\/x.com\/V2C_Charge","https:\/\/www.instagram.com\/v2c.charge\/","https:\/\/www.youtube.com\/@V2C","https:\/\/www.linkedin.com\/company\/v2c-chargers\/"]}]}},"uagb_featured_image_src":{"full":["https:\/\/v2charge.com\/wp-content\/uploads\/2024\/07\/v2c-electric-chargers.jpg",1200,675,false],"thumbnail":["https:\/\/v2charge.com\/wp-content\/uploads\/2024\/07\/v2c-electric-chargers-150x150.jpg",150,150,true],"medium":["https:\/\/v2charge.com\/wp-content\/uploads\/2024\/07\/v2c-electric-chargers-300x169.jpg",300,169,true],"medium_large":["https:\/\/v2charge.com\/wp-content\/uploads\/2024\/07\/v2c-electric-chargers-768x432.jpg",768,432,true],"large":["https:\/\/v2charge.com\/wp-content\/uploads\/2024\/07\/v2c-electric-chargers-1024x576.jpg",1024,576,true],"gs-tiny":["https:\/\/v2charge.com\/wp-content\/uploads\/2024\/07\/v2c-electric-chargers.jpg",50,28,false],"xl":["https:\/\/v2charge.com\/wp-content\/uploads\/2024\/07\/v2c-electric-chargers.jpg",1200,675,false],"xxl":["https:\/\/v2charge.com\/wp-content\/uploads\/2024\/07\/v2c-electric-chargers.jpg",1200,675,false],"xxxl":["https:\/\/v2charge.com\/wp-content\/uploads\/2024\/07\/v2c-electric-chargers.jpg",1200,675,false],"xxxxl":["https:\/\/v2charge.com\/wp-content\/uploads\/2024\/07\/v2c-electric-chargers.jpg",1200,675,false],"xxxxxl":["https:\/\/v2charge.com\/wp-content\/uploads\/2024\/07\/v2c-electric-chargers.jpg",1200,675,false],"1536x1536":["https:\/\/v2charge.com\/wp-content\/uploads\/2024\/07\/v2c-electric-chargers.jpg",1200,675,false],"2048x2048":["https:\/\/v2charge.com\/wp-content\/uploads\/2024\/07\/v2c-electric-chargers.jpg",1200,675,false]},"uagb_author_info":{"display_name":"V2C","author_link":"https:\/\/v2charge.com\/sl\/author\/marketing\/"},"uagb_comment_info":0,"uagb_excerpt":"Eti\u010dni Kanal V na\u0161i nenehni iskanju transparentnosti in integritete vzpostavljamo ta komunikacijski kanal, da celotni skupnosti V2C ponudimo varno in zaupno platformo za izra\u017eanje svojih skrbi, prijavljanje neprimernih vedenj ali postavljanje kakr\u0161nih koli incidentov, ki jih \u0161tejejo za pomembne. Zavezanost V2C V podjetju V2C se zavezujemo k ohranjanju eti\u010dnega in spo\u0161tljivega okolja. Ta kanal odra\u017ea&hellip;","_links":{"self":[{"href":"https:\/\/v2charge.com\/sl\/wp-json\/wp\/v2\/pages\/312846","targetHints":{"allow":["GET"]}}],"collection":[{"href":"https:\/\/v2charge.com\/sl\/wp-json\/wp\/v2\/pages"}],"about":[{"href":"https:\/\/v2charge.com\/sl\/wp-json\/wp\/v2\/types\/page"}],"author":[{"embeddable":true,"href":"https:\/\/v2charge.com\/sl\/wp-json\/wp\/v2\/users\/400"}],"replies":[{"embeddable":true,"href":"https:\/\/v2charge.com\/sl\/wp-json\/wp\/v2\/comments?post=312846"}],"version-history":[{"count":0,"href":"https:\/\/v2charge.com\/sl\/wp-json\/wp\/v2\/pages\/312846\/revisions"}],"wp:featuredmedia":[{"embeddable":true,"href":"https:\/\/v2charge.com\/sl\/wp-json\/wp\/v2\/media\/170354"}],"wp:attachment":[{"href":"https:\/\/v2charge.com\/sl\/wp-json\/wp\/v2\/media?parent=312846"}],"curies":[{"name":"wp","href":"https:\/\/api.w.org\/{rel}","templated":true}]}}