{"id":312879,"date":"2024-05-21T09:18:35","date_gmt":"2024-05-21T07:18:35","guid":{"rendered":""},"modified":"2026-01-09T15:07:25","modified_gmt":"2026-01-09T13:07:25","slug":"re-itev-za-itnih-naprav-toscano","status":"publish","type":"page","link":"https:\/\/v2charge.com\/sl\/podro-je-podpore\/podpora-trydan\/elektri-ne-za-ite\/re-itev-za-itnih-naprav-toscano\/","title":{"rendered":"Re\u0161itev za\u0161\u010ditnih naprav Toscano"},"content":{"rendered":"\n<div class=\"wp-block-uagb-container uagb-block-4e29f302 alignfull uagb-is-root-container\"><div class=\"uagb-container-inner-blocks-wrap\">\n<div style=\"height:30px\" aria-hidden=\"true\" class=\"wp-block-spacer\"><\/div>\n\n\n<div class=\"yoast-breadcrumbs\"><span><span><a href=\"https:\/\/v2charge.com\/sl\/\">V2C<\/a><\/span> \u00bb <span><a href=\"https:\/\/v2charge.com\/sl\/podro-je-podpore\/\">Podro\u010dje podpore<\/a><\/span> \u00bb <span><a href=\"https:\/\/v2charge.com\/sl\/podpora-trydan\/\">Soporte para Trydan<\/a><\/span> \u00bb <span><a href=\"https:\/\/v2charge.com\/sl\/podro-je-podpore\/podpora-trydan\/elektri-ne-za-ite\/\">Protecciones el\u00e9ctricas<\/a><\/span> \u00bb <span class=\"breadcrumb_last\" aria-current=\"page\">Rearme de protecciones Toscano<\/span><\/span><\/div>\n\n\n<div style=\"height:10px\" aria-hidden=\"true\" class=\"wp-block-spacer\"><\/div>\n\n\n<div class=\"wp-block-uagb-advanced-heading uagb-block-eb8d37cd\"><h1 class=\"uagb-heading-text\">Kako ponovno sestaviti za\u0161\u010ditni blok Toscano?<\/h1><\/div><\/div><\/div>\n\n\n\n<div style=\"height:30px\" aria-hidden=\"true\" class=\"wp-block-spacer\"><\/div>\n\n\n\n<div class=\"wp-block-uagb-container uagb-block-c3de7388 alignfull uagb-is-root-container\"><div class=\"uagb-container-inner-blocks-wrap\"><p>Ko COMBI-MINI-TDA do\u017eivi izklop zaradi toplotne napake ali razlike v zemlji, <strong>je ro\u010dica za nadzor ohlapna<\/strong>. Da bi ponovno zagnali napravo, je potrebno <strong>pritiskati vse ro\u010dice navzdol, dokler ne sli\u0161ite &#8216;klik&#8217;<\/strong> in nato jih ponovno dvigniti.<\/p>\n\n\n<div class=\"wp-block-uagb-container uagb-block-2b63b67b alignfull uagb-is-root-container\"><div class=\"uagb-container-inner-blocks-wrap\">\n<div class=\"wp-block-uagb-container uagb-block-f31a0580\"><div class=\"wp-block-uagb-image aligncenter uagb-block-e6203d43 wp-block-uagb-image--layout-default wp-block-uagb-image--effect-static wp-block-uagb-image--align-center\"><figure class=\"wp-block-uagb-image__figure\"><img decoding=\"async\" srcset=\"https:\/\/v2charge.com\/wp-content\/uploads\/2024\/05\/presionar.jpg ,https:\/\/v2charge.com\/wp-content\/uploads\/2024\/05\/presionar.jpg 780w, https:\/\/v2charge.com\/wp-content\/uploads\/2024\/05\/presionar.jpg 360w\" sizes=\"auto, (max-width: 480px) 150px\" src=\"https:\/\/v2charge.com\/wp-content\/uploads\/2024\/05\/presionar.jpg\" alt=\"\" class=\"uag-image-155273\" width=\"368\" height=\"355\" title=\"pritisnite\" loading=\"lazy\" role=\"img\"\/><figcaption class=\"uagb-image-caption\"><strong>1.<\/strong> Pritisnite ro\u010daje<\/figcaption><\/figure><\/div><\/div>\n\n\n\n<div class=\"wp-block-uagb-container uagb-block-76301d6e\"><div class=\"wp-block-uagb-image aligncenter uagb-block-0fb7d9a4 wp-block-uagb-image--layout-default wp-block-uagb-image--effect-static wp-block-uagb-image--align-center\"><figure class=\"wp-block-uagb-image__figure\"><img decoding=\"async\" srcset=\"https:\/\/v2charge.com\/wp-content\/uploads\/2024\/06\/subir-protecciones.jpg ,https:\/\/v2charge.com\/wp-content\/uploads\/2024\/06\/subir-protecciones.jpg 780w, https:\/\/v2charge.com\/wp-content\/uploads\/2024\/06\/subir-protecciones.jpg 360w\" sizes=\"auto, (max-width: 480px) 150px\" src=\"https:\/\/v2charge.com\/wp-content\/uploads\/2024\/06\/subir-protecciones.jpg\" alt=\"\" class=\"uag-image-160920\" width=\"357\" height=\"354\" title=\"subir-protecciones\" loading=\"lazy\" role=\"img\"\/><figcaption class=\"uagb-image-caption\"><strong>2.<\/strong> Nalo\u017eite vse ro\u010dice<\/figcaption><\/figure><\/div><\/div>\n<\/div><\/div>\n<\/div><\/div>\n\n\n<figure class=\"wp-block-embed is-type-video is-provider-youtube wp-block-embed-youtube wp-embed-aspect-16-9 wp-has-aspect-ratio\"><div class=\"wp-block-embed__wrapper\">\n<iframe title=\"Rearmar las protecciones de Trydan y Trydan Pro\" width=\"1200\" height=\"675\" src=\"https:\/\/www.youtube.com\/embed\/valXG2gRRt0?feature=oembed\" frameborder=\"0\" allow=\"accelerometer; autoplay; clipboard-write; encrypted-media; gyroscope; picture-in-picture; web-share\" referrerpolicy=\"strict-origin-when-cross-origin\" allowfullscreen><\/iframe>\n<\/div><\/figure>\n\n\n<div style=\"height:30px\" aria-hidden=\"true\" class=\"wp-block-spacer\"><\/div>\n\n\n\n<div class=\"wp-block-uagb-container uagb-block-40525cf9 alignfull uagb-is-root-container\"><div class=\"uagb-container-inner-blocks-wrap\"><\/div><\/div>\n\n\n\n<div style=\"height:50px\" aria-hidden=\"true\" class=\"wp-block-spacer\"><\/div>\n\n\n\n<div style=\"height:50px\" aria-hidden=\"true\" class=\"wp-block-spacer\"><\/div>\n\n\n\n<div class=\"wp-block-uagb-container uagb-block-c6f38013 alignfull uagb-is-root-container\"><div class=\"uagb-container-inner-blocks-wrap\"><div class=\"wp-block-uagb-advanced-heading uagb-block-6963d70c\"><h2 class=\"uagb-heading-text\"><strong>Potrebujete tehni\u010dno podporo?<\/strong><\/h2><\/div>\n\n<div class=\"wp-block-uagb-advanced-heading uagb-block-408243eb\"><p class=\"uagb-heading-text\">Takoj re\u0161ite svojo te\u017eavo preko na\u0161ega klepeta z umetno inteligenco. \u010ce te\u017eave ne moremo re\u0161iti, ustvarite zahtevo v Tehni\u010dnem podpori in stopili bomo v stik z vami \u010dim prej, da vam ponudimo najbolj\u0161o re\u0161itev.<\/p><\/div>\n\n<div class=\"wp-block-uagb-info-box uagb-block-12e3cf1c uagb-infobox__content-wrap  uagb-infobox-icon-left uagb-infobox-left uagb-infobox-image-valign-top wp-block-uagb-info-box--has-margin ai-chatbot-button\"><div class=\"uagb-infobox-margin-wrapper\"><div class=\"uagb-ifb-image-content\"><img decoding=\"async\" src=\"https:\/\/v2charge.com\/wp-content\/uploads\/2026\/01\/support-ai-chatbot.png\" alt=\"\" width=\"20\" height=\"19\" loading=\"lazy\"\/><\/div><div class=\"uagb-ifb-content\"><div class=\"uagb-ifb-title-wrap\"><\/div><div class=\"uagb-ifb-button-wrapper wp-block-button\"><a href=\"https:\/\/v2charge.com\/v2c-support-web\/\" class=\"uagb-infobox-cta-link wp-block-button__link\" target=\"_blank\" rel=\"noopener noreferrer\" onclick=\"return true;\"><span class=\"uagb-inline-editing\">Vpra\u0161ajte na\u0161o IA klepetalnico<\/span><\/a><\/div><\/div><\/div><\/div>\n\n\n<div class=\"wp-block-uagb-buttons uagb-buttons__outer-wrap uagb-btn__default-btn uagb-btn-tablet__default-btn uagb-btn-mobile__default-btn uagb-block-ba1e67d1\"><div class=\"uagb-buttons__wrap uagb-buttons-layout-wrap \"><div class=\"wp-block-uagb-buttons-child uagb-buttons__outer-wrap uagb-block-23cfb623 wp-block-button\"><div class=\"uagb-button__wrapper\"><a class=\"uagb-buttons-repeater wp-block-button__link\" aria-label=\"\" href=\"https:\/\/v2charge.atlassian.net\/servicedesk\/customer\/portal\/3\" rel=\"follow noopener\" target=\"_blank\" role=\"button\"><div class=\"uagb-button__link\">Kontaktirajte tehni\u010dno podporo<\/div><\/a><\/div><\/div><\/div><\/div>\n<\/div><\/div>\n","protected":false},"excerpt":{"rendered":"<p>Kako ponovno sestaviti za\u0161\u010ditni blok Toscano? Ko COMBI-MINI-TDA do\u017eivi izklop zaradi toplotne napake ali razlike v zemlji, je ro\u010dica za nadzor ohlapna. Da bi ponovno zagnali napravo, je potrebno pritiskati vse ro\u010dice navzdol, dokler ne sli\u0161ite &#8216;klik&#8217; in nato jih ponovno dvigniti. Potrebujete tehni\u010dno podporo? Takoj re\u0161ite svojo te\u017eavo preko na\u0161ega klepeta z umetno inteligenco. &#8230; <a title=\"Re\u0161itev za\u0161\u010ditnih naprav Toscano\" class=\"read-more\" href=\"https:\/\/v2charge.com\/sl\/podro-je-podpore\/podpora-trydan\/elektri-ne-za-ite\/re-itev-za-itnih-naprav-toscano\/\" aria-label=\"Read more about Re\u0161itev za\u0161\u010ditnih naprav Toscano\">Read more<\/a><\/p>\n","protected":false},"author":400,"featured_media":170346,"parent":312878,"menu_order":0,"comment_status":"closed","ping_status":"closed","template":"","meta":{"_eb_attr":"","content-type":"","_uag_custom_page_level_css":"","footnotes":""},"class_list":["post-312879","page","type-page","status-publish","has-post-thumbnail"],"yoast_head":"<!-- This site is optimized with the Yoast SEO plugin v25.3.1 - https:\/\/yoast.com\/wordpress\/plugins\/seo\/ -->\n<title>Avtomatsko ponastavljanje za\u0161\u010dit V2C Trydan<\/title>\n<meta name=\"description\" content=\"Kako izvesti samodejno ponastavitev za\u0161\u010dit Toscano na polnilniku V2C Trydan | Korak za korakom - Podpora V2C\" \/>\n<meta name=\"robots\" content=\"index, follow, max-snippet:-1, max-image-preview:large, max-video-preview:-1\" \/>\n<link rel=\"canonical\" href=\"https:\/\/v2charge.com\/sl\/podro-je-podpore\/podpora-trydan\/elektri-ne-za-ite\/re-itev-za-itnih-naprav-toscano\/\" \/>\n<meta property=\"og:locale\" content=\"sl_SI\" \/>\n<meta property=\"og:type\" content=\"article\" \/>\n<meta property=\"og:title\" content=\"Avtomatsko ponastavljanje za\u0161\u010dit V2C Trydan\" \/>\n<meta property=\"og:description\" content=\"Kako izvesti samodejno ponastavitev za\u0161\u010dit Toscano na polnilniku V2C Trydan | Korak za korakom - Podpora V2C\" \/>\n<meta property=\"og:url\" content=\"https:\/\/v2charge.com\/sl\/podro-je-podpore\/podpora-trydan\/elektri-ne-za-ite\/re-itev-za-itnih-naprav-toscano\/\" \/>\n<meta property=\"og:site_name\" content=\"V2C\" \/>\n<meta property=\"article:publisher\" content=\"https:\/\/www.facebook.com\/V2C.Charge\" \/>\n<meta property=\"article:modified_time\" content=\"2026-01-09T13:07:25+00:00\" \/>\n<meta property=\"og:image\" content=\"https:\/\/v2charge.com\/wp-content\/uploads\/2024\/07\/v2c-electric-chargers.jpg\" \/>\n\t<meta property=\"og:image:width\" content=\"1200\" \/>\n\t<meta property=\"og:image:height\" content=\"675\" \/>\n\t<meta property=\"og:image:type\" content=\"image\/jpeg\" \/>\n<meta name=\"twitter:card\" content=\"summary_large_image\" \/>\n<meta name=\"twitter:site\" content=\"@V2C_Charge\" \/>\n<meta name=\"twitter:label1\" content=\"Est. reading time\" \/>\n\t<meta name=\"twitter:data1\" content=\"2 minuti\" \/>\n<script type=\"application\/ld+json\" class=\"yoast-schema-graph\">{\"@context\":\"https:\/\/schema.org\",\"@graph\":[{\"@type\":\"WebPage\",\"@id\":\"https:\/\/v2charge.com\/sl\/podro-je-podpore\/podpora-trydan\/elektri-ne-za-ite\/re-itev-za-itnih-naprav-toscano\/\",\"url\":\"https:\/\/v2charge.com\/sl\/podro-je-podpore\/podpora-trydan\/elektri-ne-za-ite\/re-itev-za-itnih-naprav-toscano\/\",\"name\":\"Avtomatsko ponastavljanje za\u0161\u010dit V2C Trydan\",\"isPartOf\":{\"@id\":\"https:\/\/v2charge.com\/sl\/#website\"},\"primaryImageOfPage\":{\"@id\":\"https:\/\/v2charge.com\/sl\/podro-je-podpore\/podpora-trydan\/elektri-ne-za-ite\/re-itev-za-itnih-naprav-toscano\/#primaryimage\"},\"image\":{\"@id\":\"https:\/\/v2charge.com\/sl\/podro-je-podpore\/podpora-trydan\/elektri-ne-za-ite\/re-itev-za-itnih-naprav-toscano\/#primaryimage\"},\"thumbnailUrl\":\"https:\/\/v2charge.com\/wp-content\/uploads\/2024\/07\/v2c-electric-chargers.jpg\",\"datePublished\":\"2024-05-21T07:18:35+00:00\",\"dateModified\":\"2026-01-09T13:07:25+00:00\",\"description\":\"Kako izvesti samodejno ponastavitev za\u0161\u010dit Toscano na polnilniku V2C Trydan | Korak za korakom - Podpora V2C\",\"breadcrumb\":{\"@id\":\"https:\/\/v2charge.com\/sl\/podro-je-podpore\/podpora-trydan\/elektri-ne-za-ite\/re-itev-za-itnih-naprav-toscano\/#breadcrumb\"},\"inLanguage\":\"sl-SI\",\"potentialAction\":[{\"@type\":\"ReadAction\",\"target\":[\"https:\/\/v2charge.com\/sl\/podro-je-podpore\/podpora-trydan\/elektri-ne-za-ite\/re-itev-za-itnih-naprav-toscano\/\"]}]},{\"@type\":\"ImageObject\",\"inLanguage\":\"sl-SI\",\"@id\":\"https:\/\/v2charge.com\/sl\/podro-je-podpore\/podpora-trydan\/elektri-ne-za-ite\/re-itev-za-itnih-naprav-toscano\/#primaryimage\",\"url\":\"https:\/\/v2charge.com\/wp-content\/uploads\/2024\/07\/v2c-electric-chargers.jpg\",\"contentUrl\":\"https:\/\/v2charge.com\/wp-content\/uploads\/2024\/07\/v2c-electric-chargers.jpg\",\"width\":1200,\"height\":675,\"caption\":\"V2C Electric Chargers\"},{\"@type\":\"BreadcrumbList\",\"@id\":\"https:\/\/v2charge.com\/sl\/podro-je-podpore\/podpora-trydan\/elektri-ne-za-ite\/re-itev-za-itnih-naprav-toscano\/#breadcrumb\",\"itemListElement\":[{\"@type\":\"ListItem\",\"position\":1,\"name\":\"V2C\",\"item\":\"https:\/\/v2charge.com\/sl\/\"},{\"@type\":\"ListItem\",\"position\":2,\"name\":\"Podro\u010dje podpore\",\"item\":\"https:\/\/v2charge.com\/sl\/podro-je-podpore\/\"},{\"@type\":\"ListItem\",\"position\":3,\"name\":\"Soporte para Trydan\",\"item\":\"https:\/\/v2charge.com\/sl\/podpora-trydan\/\"},{\"@type\":\"ListItem\",\"position\":4,\"name\":\"Protecciones el\u00e9ctricas\",\"item\":\"https:\/\/v2charge.com\/sl\/podro-je-podpore\/podpora-trydan\/elektri-ne-za-ite\/\"},{\"@type\":\"ListItem\",\"position\":5,\"name\":\"Rearme de protecciones Toscano\"}]},{\"@type\":\"WebSite\",\"@id\":\"https:\/\/v2charge.com\/sl\/#website\",\"url\":\"https:\/\/v2charge.com\/sl\/\",\"name\":\"V2C\",\"description\":\"#CargandoElMa\u00f1ana\",\"publisher\":{\"@id\":\"https:\/\/v2charge.com\/sl\/#organization\"},\"potentialAction\":[{\"@type\":\"SearchAction\",\"target\":{\"@type\":\"EntryPoint\",\"urlTemplate\":\"https:\/\/v2charge.com\/sl\/?s={search_term_string}\"},\"query-input\":{\"@type\":\"PropertyValueSpecification\",\"valueRequired\":true,\"valueName\":\"search_term_string\"}}],\"inLanguage\":\"sl-SI\"},{\"@type\":\"Organization\",\"@id\":\"https:\/\/v2charge.com\/sl\/#organization\",\"name\":\"V2C\",\"url\":\"https:\/\/v2charge.com\/sl\/\",\"logo\":{\"@type\":\"ImageObject\",\"inLanguage\":\"sl-SI\",\"@id\":\"https:\/\/v2charge.com\/sl\/#\/schema\/logo\/image\/\",\"url\":\"https:\/\/v2charge.com\/wp-content\/uploads\/2024\/11\/cropped-v2c-charge-logo-menu.png\",\"contentUrl\":\"https:\/\/v2charge.com\/wp-content\/uploads\/2024\/11\/cropped-v2c-charge-logo-menu.png\",\"width\":984,\"height\":431,\"caption\":\"V2C\"},\"image\":{\"@id\":\"https:\/\/v2charge.com\/sl\/#\/schema\/logo\/image\/\"},\"sameAs\":[\"https:\/\/www.facebook.com\/V2C.Charge\",\"https:\/\/x.com\/V2C_Charge\",\"https:\/\/www.instagram.com\/v2c.charge\/\",\"https:\/\/www.youtube.com\/@V2C\",\"https:\/\/www.linkedin.com\/company\/v2c-chargers\/\"]}]}<\/script>\n<!-- \/ Yoast SEO plugin. -->","yoast_head_json":{"title":"Avtomatsko ponastavljanje za\u0161\u010dit V2C Trydan","description":"Kako izvesti samodejno ponastavitev za\u0161\u010dit Toscano na polnilniku V2C Trydan | Korak za korakom - Podpora V2C","robots":{"index":"index","follow":"follow","max-snippet":"max-snippet:-1","max-image-preview":"max-image-preview:large","max-video-preview":"max-video-preview:-1"},"canonical":"https:\/\/v2charge.com\/sl\/podro-je-podpore\/podpora-trydan\/elektri-ne-za-ite\/re-itev-za-itnih-naprav-toscano\/","og_locale":"sl_SI","og_type":"article","og_title":"Avtomatsko ponastavljanje za\u0161\u010dit V2C Trydan","og_description":"Kako izvesti samodejno ponastavitev za\u0161\u010dit Toscano na polnilniku V2C Trydan | Korak za korakom - Podpora V2C","og_url":"https:\/\/v2charge.com\/sl\/podro-je-podpore\/podpora-trydan\/elektri-ne-za-ite\/re-itev-za-itnih-naprav-toscano\/","og_site_name":"V2C","article_publisher":"https:\/\/www.facebook.com\/V2C.Charge","article_modified_time":"2026-01-09T13:07:25+00:00","og_image":[{"width":1200,"height":675,"url":"https:\/\/v2charge.com\/wp-content\/uploads\/2024\/07\/v2c-electric-chargers.jpg","type":"image\/jpeg"}],"twitter_card":"summary_large_image","twitter_site":"@V2C_Charge","twitter_misc":{"Est. reading time":"2 minuti"},"schema":{"@context":"https:\/\/schema.org","@graph":[{"@type":"WebPage","@id":"https:\/\/v2charge.com\/sl\/podro-je-podpore\/podpora-trydan\/elektri-ne-za-ite\/re-itev-za-itnih-naprav-toscano\/","url":"https:\/\/v2charge.com\/sl\/podro-je-podpore\/podpora-trydan\/elektri-ne-za-ite\/re-itev-za-itnih-naprav-toscano\/","name":"Avtomatsko ponastavljanje za\u0161\u010dit V2C Trydan","isPartOf":{"@id":"https:\/\/v2charge.com\/sl\/#website"},"primaryImageOfPage":{"@id":"https:\/\/v2charge.com\/sl\/podro-je-podpore\/podpora-trydan\/elektri-ne-za-ite\/re-itev-za-itnih-naprav-toscano\/#primaryimage"},"image":{"@id":"https:\/\/v2charge.com\/sl\/podro-je-podpore\/podpora-trydan\/elektri-ne-za-ite\/re-itev-za-itnih-naprav-toscano\/#primaryimage"},"thumbnailUrl":"https:\/\/v2charge.com\/wp-content\/uploads\/2024\/07\/v2c-electric-chargers.jpg","datePublished":"2024-05-21T07:18:35+00:00","dateModified":"2026-01-09T13:07:25+00:00","description":"Kako izvesti samodejno ponastavitev za\u0161\u010dit Toscano na polnilniku V2C Trydan | Korak za korakom - Podpora V2C","breadcrumb":{"@id":"https:\/\/v2charge.com\/sl\/podro-je-podpore\/podpora-trydan\/elektri-ne-za-ite\/re-itev-za-itnih-naprav-toscano\/#breadcrumb"},"inLanguage":"sl-SI","potentialAction":[{"@type":"ReadAction","target":["https:\/\/v2charge.com\/sl\/podro-je-podpore\/podpora-trydan\/elektri-ne-za-ite\/re-itev-za-itnih-naprav-toscano\/"]}]},{"@type":"ImageObject","inLanguage":"sl-SI","@id":"https:\/\/v2charge.com\/sl\/podro-je-podpore\/podpora-trydan\/elektri-ne-za-ite\/re-itev-za-itnih-naprav-toscano\/#primaryimage","url":"https:\/\/v2charge.com\/wp-content\/uploads\/2024\/07\/v2c-electric-chargers.jpg","contentUrl":"https:\/\/v2charge.com\/wp-content\/uploads\/2024\/07\/v2c-electric-chargers.jpg","width":1200,"height":675,"caption":"V2C Electric Chargers"},{"@type":"BreadcrumbList","@id":"https:\/\/v2charge.com\/sl\/podro-je-podpore\/podpora-trydan\/elektri-ne-za-ite\/re-itev-za-itnih-naprav-toscano\/#breadcrumb","itemListElement":[{"@type":"ListItem","position":1,"name":"V2C","item":"https:\/\/v2charge.com\/sl\/"},{"@type":"ListItem","position":2,"name":"Podro\u010dje podpore","item":"https:\/\/v2charge.com\/sl\/podro-je-podpore\/"},{"@type":"ListItem","position":3,"name":"Soporte para Trydan","item":"https:\/\/v2charge.com\/sl\/podpora-trydan\/"},{"@type":"ListItem","position":4,"name":"Protecciones el\u00e9ctricas","item":"https:\/\/v2charge.com\/sl\/podro-je-podpore\/podpora-trydan\/elektri-ne-za-ite\/"},{"@type":"ListItem","position":5,"name":"Rearme de protecciones Toscano"}]},{"@type":"WebSite","@id":"https:\/\/v2charge.com\/sl\/#website","url":"https:\/\/v2charge.com\/sl\/","name":"V2C","description":"#CargandoElMa\u00f1ana","publisher":{"@id":"https:\/\/v2charge.com\/sl\/#organization"},"potentialAction":[{"@type":"SearchAction","target":{"@type":"EntryPoint","urlTemplate":"https:\/\/v2charge.com\/sl\/?s={search_term_string}"},"query-input":{"@type":"PropertyValueSpecification","valueRequired":true,"valueName":"search_term_string"}}],"inLanguage":"sl-SI"},{"@type":"Organization","@id":"https:\/\/v2charge.com\/sl\/#organization","name":"V2C","url":"https:\/\/v2charge.com\/sl\/","logo":{"@type":"ImageObject","inLanguage":"sl-SI","@id":"https:\/\/v2charge.com\/sl\/#\/schema\/logo\/image\/","url":"https:\/\/v2charge.com\/wp-content\/uploads\/2024\/11\/cropped-v2c-charge-logo-menu.png","contentUrl":"https:\/\/v2charge.com\/wp-content\/uploads\/2024\/11\/cropped-v2c-charge-logo-menu.png","width":984,"height":431,"caption":"V2C"},"image":{"@id":"https:\/\/v2charge.com\/sl\/#\/schema\/logo\/image\/"},"sameAs":["https:\/\/www.facebook.com\/V2C.Charge","https:\/\/x.com\/V2C_Charge","https:\/\/www.instagram.com\/v2c.charge\/","https:\/\/www.youtube.com\/@V2C","https:\/\/www.linkedin.com\/company\/v2c-chargers\/"]}]}},"uagb_featured_image_src":{"full":["https:\/\/v2charge.com\/wp-content\/uploads\/2024\/07\/v2c-electric-chargers.jpg",1200,675,false],"thumbnail":["https:\/\/v2charge.com\/wp-content\/uploads\/2024\/07\/v2c-electric-chargers-150x150.jpg",150,150,true],"medium":["https:\/\/v2charge.com\/wp-content\/uploads\/2024\/07\/v2c-electric-chargers-300x169.jpg",300,169,true],"medium_large":["https:\/\/v2charge.com\/wp-content\/uploads\/2024\/07\/v2c-electric-chargers-768x432.jpg",768,432,true],"large":["https:\/\/v2charge.com\/wp-content\/uploads\/2024\/07\/v2c-electric-chargers-1024x576.jpg",1024,576,true],"gs-tiny":["https:\/\/v2charge.com\/wp-content\/uploads\/2024\/07\/v2c-electric-chargers.jpg",50,28,false],"xl":["https:\/\/v2charge.com\/wp-content\/uploads\/2024\/07\/v2c-electric-chargers.jpg",1200,675,false],"xxl":["https:\/\/v2charge.com\/wp-content\/uploads\/2024\/07\/v2c-electric-chargers.jpg",1200,675,false],"xxxl":["https:\/\/v2charge.com\/wp-content\/uploads\/2024\/07\/v2c-electric-chargers.jpg",1200,675,false],"xxxxl":["https:\/\/v2charge.com\/wp-content\/uploads\/2024\/07\/v2c-electric-chargers.jpg",1200,675,false],"xxxxxl":["https:\/\/v2charge.com\/wp-content\/uploads\/2024\/07\/v2c-electric-chargers.jpg",1200,675,false],"1536x1536":["https:\/\/v2charge.com\/wp-content\/uploads\/2024\/07\/v2c-electric-chargers.jpg",1200,675,false],"2048x2048":["https:\/\/v2charge.com\/wp-content\/uploads\/2024\/07\/v2c-electric-chargers.jpg",1200,675,false]},"uagb_author_info":{"display_name":"V2C","author_link":"https:\/\/v2charge.com\/sl\/author\/marketing\/"},"uagb_comment_info":0,"uagb_excerpt":"Kako ponovno sestaviti za\u0161\u010ditni blok Toscano? Ko COMBI-MINI-TDA do\u017eivi izklop zaradi toplotne napake ali razlike v zemlji, je ro\u010dica za nadzor ohlapna. Da bi ponovno zagnali napravo, je potrebno pritiskati vse ro\u010dice navzdol, dokler ne sli\u0161ite &#8216;klik&#8217; in nato jih ponovno dvigniti. Potrebujete tehni\u010dno podporo? Takoj re\u0161ite svojo te\u017eavo preko na\u0161ega klepeta z umetno inteligenco.&hellip;","_links":{"self":[{"href":"https:\/\/v2charge.com\/sl\/wp-json\/wp\/v2\/pages\/312879","targetHints":{"allow":["GET"]}}],"collection":[{"href":"https:\/\/v2charge.com\/sl\/wp-json\/wp\/v2\/pages"}],"about":[{"href":"https:\/\/v2charge.com\/sl\/wp-json\/wp\/v2\/types\/page"}],"author":[{"embeddable":true,"href":"https:\/\/v2charge.com\/sl\/wp-json\/wp\/v2\/users\/400"}],"replies":[{"embeddable":true,"href":"https:\/\/v2charge.com\/sl\/wp-json\/wp\/v2\/comments?post=312879"}],"version-history":[{"count":0,"href":"https:\/\/v2charge.com\/sl\/wp-json\/wp\/v2\/pages\/312879\/revisions"}],"up":[{"embeddable":true,"href":"https:\/\/v2charge.com\/sl\/wp-json\/wp\/v2\/pages\/312878"}],"wp:featuredmedia":[{"embeddable":true,"href":"https:\/\/v2charge.com\/sl\/wp-json\/wp\/v2\/media\/170346"}],"wp:attachment":[{"href":"https:\/\/v2charge.com\/sl\/wp-json\/wp\/v2\/media?parent=312879"}],"curies":[{"name":"wp","href":"https:\/\/api.w.org\/{rel}","templated":true}]}}