{"id":312890,"date":"2024-09-02T13:15:42","date_gmt":"2024-09-02T11:15:42","guid":{"rendered":""},"modified":"2026-01-09T17:26:50","modified_gmt":"2026-01-09T15:26:50","slug":"delovanje-tpv","status":"publish","type":"page","link":"https:\/\/v2charge.com\/sl\/podro-je-podpore\/delovanje-tpv\/","title":{"rendered":"Delovanje TPV"},"content":{"rendered":"\n<div class=\"wp-block-uagb-container uagb-block-e3a6ec3a alignfull uagb-is-root-container\"><div class=\"uagb-container-inner-blocks-wrap\"><div class=\"yoast-breadcrumbs\"><span><span><a href=\"https:\/\/v2charge.com\/sl\/\">V2C<\/a><\/span> \u00bb <span><a href=\"https:\/\/v2charge.com\/sl\/podro-je-podpore\/\">Podro\u010dje podpore<\/a><\/span> \u00bb <span class=\"breadcrumb_last\" aria-current=\"page\">Delovanje TPV<\/span><\/span><\/div>\n\n<div class=\"wp-block-uagb-advanced-heading uagb-block-52db0405\"><h1 class=\"uagb-heading-text\">Kaj je in kako deluje TPV?<\/h1><\/div>\n\n<p>TPV je na\u0161 <strong>nov pla\u010dilni terminal<\/strong>, vgrajen v <strong>Pole Pro<\/strong>, da \u0161e dodatno olaj\u0161a pla\u010dilo s <strong>kreditno ali debetno kartico<\/strong>. Brez registracij, brez aplikacij in brez zapletov. Nov na\u010din pla\u010dila V2C Payments je zasnovan za poenostavitev in olaj\u0161anje polnjenja elektri\u010dnih vozil, kar ga naredi bolj dostopnega tako na javnih kot tudi na zasebnih mestih.<\/p>\n\n<p>Zdaj, z e-Charger Pole Pro, lahko <strong>monetizirate svoj polnilnik na najpreprostej\u0161i na\u010din<\/strong>. Ta integrirani pla\u010dilni sistem omogo\u010da drugim uporabnikom e-mobilnosti, da izkoristijo va\u0161 e-Charger brez potrebe po aplikacijah ali predhodnih registracijah, preprosto pla\u010dajo in polnijo.<\/p><\/div><\/div>\n\n\n\n<div class=\"wp-block-uagb-container uagb-block-fc8cc1d7 alignfull uagb-is-root-container\"><div class=\"uagb-container-inner-blocks-wrap\"><iframe class=\"tpv-video\" width=\"560\" height=\"600\" src=\"https:\/\/www.youtube.com\/embed\/4rurgA2YQ50?si=4lzd8p2AJ3Xjeae3\" title=\"YouTube video player\" frameborder=\"0\" allow=\"accelerometer; autoplay; clipboard-write; encrypted-media; gyroscope; picture-in-picture; web-share\" referrerpolicy=\"strict-origin-when-cross-origin\" allowfullscreen><\/iframe>\n\n<style>\n.tpv-video{\nborder-radius: 20px;\n}\n@media only screen and (max-width: 976px){\n.tpv-video{\nheight: 350px!important;\n}\n}\n<\/style><\/div><\/div>\n\n\n\n<div class=\"wp-block-uagb-container uagb-block-dfb1d7c5 alignfull uagb-is-root-container\"><div class=\"uagb-container-inner-blocks-wrap\">\n<div class=\"wp-block-uagb-separator uagb-block-ff6ecbbb\"><div class=\"wp-block-uagb-separator__inner\" style=\"--my-background-image:\"><\/div><\/div>\n\n\n<div class=\"wp-block-uagb-advanced-heading uagb-block-415d765e\"><h2 class=\"uagb-heading-text\">Delovanje za uporabnike<\/h2><\/div>\n\n<div class=\"wp-block-uagb-advanced-heading uagb-block-9e95494c\"><h3 class=\"uagb-heading-text\">Korak za korakom za polnjenje va\u0161ega vozila s TPV<\/h3><\/div>\n\n<p>TPV omogo\u010da, da lahko vsak uporabnik <strong>polni na enostavnej\u0161i in hitrej\u0161i na\u010din<\/strong>.<\/p>\n\n<div class=\"wp-block-uagb-info-box uagb-block-2fb88c6e uagb-infobox__content-wrap  uagb-infobox-icon-left uagb-infobox-left uagb-infobox-stacked-tablet uagb-infobox-image-valign-top acordeon-tpv\"><div class=\"uagb-ifb-image-content\"><img decoding=\"async\" src=\"https:\/\/v2charge.com\/wp-content\/uploads\/2023\/11\/numero-uno.png\" alt=\"\" width=\"30\" height=\"30\" loading=\"lazy\"\/><\/div><div class=\"uagb-ifb-content\"><div class=\"uagb-ifb-title-wrap\"><\/div><p class=\"uagb-ifb-desc\">Za za\u010detek, <strong>priklju\u010dite cev va\u0161ega elektri\u010dnega vozila na eno od razpolo\u017eljivih vti\u010dnic na Pole Pro<\/strong>. To je prvi bistveni korak za za\u010detek polnjenja va\u0161ega avtomobila.<br><strong>Preverite, da je va\u0161e vozilo pravilno priklju\u010deno<\/strong> in da indikator na dnu zaslona, ki je najbli\u017eje izbrani vti\u010dnici, sveti zeleno. Poleg tega bi namesto &#8216;prosto&#8217; moralo pisati &#8216;priklju\u010deno&#8217;, kar potrjuje, da je vse pripravljeno za nadaljevanje.<\/p><\/div><\/div>\n\n<div class=\"wp-block-uagb-info-box uagb-block-e79fbc24 uagb-infobox__content-wrap  uagb-infobox-icon-left uagb-infobox-left uagb-infobox-stacked-tablet uagb-infobox-image-valign-top acordeon-tpv\"><div class=\"uagb-ifb-image-content\"><img decoding=\"async\" src=\"https:\/\/v2charge.com\/wp-content\/uploads\/2023\/11\/numero-dos.png\" alt=\"\" width=\"30\" height=\"30\" loading=\"lazy\"\/><\/div><div class=\"uagb-ifb-content\"><div class=\"uagb-ifb-title-wrap\"><\/div><p class=\"uagb-ifb-desc\"><strong>Na zaslonu polnilnika bodo prikazane cene v evrih na kW in na uro<\/strong>, prav tako pa ti bo pokazalo, da <strong>pribli\u017ea\u0161 svojo kartico terminalu za pla\u010dilo<\/strong>. To ti bo omogo\u010dilo, da pred nadaljevanjem pozna\u0161 natan\u010dne stro\u0161ke polnjenja*.<\/p><\/div><\/div>\n\n\n<div class=\"wp-block-uagb-container uagb-block-83e4d2ae default uagb-is-root-container\">\n<div class=\"wp-block-uagb-container uagb-block-ef18bae5\">\n<div class=\"wp-block-uagb-image aligncenter uagb-block-e2135782 wp-block-uagb-image--layout-default wp-block-uagb-image--effect-static wp-block-uagb-image--align-center\"><figure class=\"wp-block-uagb-image__figure\"><img decoding=\"async\" srcset=\"https:\/\/v2charge.com\/wp-content\/uploads\/2023\/11\/icon-important.png ,https:\/\/v2charge.com\/wp-content\/uploads\/2023\/11\/icon-important.png 780w, https:\/\/v2charge.com\/wp-content\/uploads\/2023\/11\/icon-important.png 360w\" sizes=\"auto, (max-width: 480px) 150px\" src=\"https:\/\/v2charge.com\/wp-content\/uploads\/2023\/11\/icon-important.png\" alt=\"\" class=\"uag-image-125013\" width=\"50\" height=\"50\" title=\"\" loading=\"lazy\" role=\"img\"\/><\/figure><\/div>\n<\/div>\n\n\n\n<div class=\"wp-block-uagb-container uagb-block-5e01c4d4\"><div class=\"wp-block-uagb-advanced-heading uagb-block-c31a64a4\"><p class=\"uagb-heading-text\">Ob pla\u010dilu <strong>bo na va\u0161i kartici zadr\u017ean za\u010dasni znesek<\/strong>. Vendar pa bo zara\u010dunan le natan\u010den znesek, ki ustreza energiji, ki ste jo uporabili za polnjenje va\u0161ega vozila.<\/p><\/div><\/div>\n<\/div>\n\n\n<div class=\"wp-block-uagb-info-box uagb-block-47c5cf93 uagb-infobox__content-wrap  uagb-infobox-icon-left uagb-infobox-left uagb-infobox-stacked-tablet uagb-infobox-image-valign-top wp-block-uagb-info-box--has-margin acordeon-tpv\"><div class=\"uagb-infobox-margin-wrapper\"><div class=\"uagb-ifb-image-content\"><img decoding=\"async\" src=\"https:\/\/v2charge.com\/wp-content\/uploads\/2023\/11\/numero-tres.png\" alt=\"\" width=\"30\" height=\"30\" loading=\"lazy\"\/><\/div><div class=\"uagb-ifb-content\"><div class=\"uagb-ifb-title-wrap\"><\/div><p class=\"uagb-ifb-desc\"><strong>\u010ce je pla\u010dilo pravilno, se bo polnjenje za\u010delo<\/strong> in na zaslonu bo prikazano, koliko \u010dasa se polni, porabljena energija in mo\u010d. <strong>Indikator na dnu zaslona se mora prikazati v modri barvi z sporo\u010dilom &#8216;polnjenje&#8217;.<\/strong><br>\u010ce pla\u010dilo ni pravilno obdelano, bo sistem samodejno ponastavil postopek.<\/p><\/div><\/div><\/div>\n\n\n<hr class=\"wp-block-separator has-alpha-channel-opacity\"\/>\n\n\n\n<div class=\"wp-block-uagb-container uagb-block-dcbcdbda default uagb-is-root-container\">\n<div class=\"wp-block-uagb-container uagb-block-f35922e9\">\t\t\t\t\t<div\n\t\t\t\t\t\tclass=\"wp-block-uagb-image-gallery uagb-block-7c3fd192     \"\n\t\t\t\t\t\tstyle=\"\"\n\t\t\t\t\t>\n\t\t\t\t\t\t\t\t\t\t\t<div class=\"spectra-image-gallery spectra-image-gallery__layout--carousel\">\n\t\t\t\t\t\t\t\t<div class=\"uagb-slick-carousel uagb-block-7c3fd192\">\n\t\t\t\t\t\t\t\t\t\t\t\t<div class='spectra-image-gallery__media-wrapper' data-spectra-gallery-image-id='175098'>\n\t\t\t\t\t\t\t<div class=\"spectra-image-gallery__media spectra-image-gallery__media--carousel\">\n\t\t\t\t<picture>\n\t\t\t\t\t<source media=\"(min-width: 1024px)\" srcset=\"https:\/\/v2charge.com\/wp-content\/uploads\/2024\/08\/qr-informacion-cargando.jpg\">\n\t\t\t\t\t<source media=\"(min-width: 768px)\" srcset=\"https:\/\/v2charge.com\/wp-content\/uploads\/2024\/08\/qr-informacion-cargando.jpg\">\n\t\t\t\t\t<img decoding=\"async\" class=\"spectra-image-gallery__media-thumbnail spectra-image-gallery__media-thumbnail--carousel\" src=\"https:\/\/v2charge.com\/wp-content\/uploads\/2024\/08\/qr-informacion-cargando.jpg\" alt=\"\" loading=\"lazy\" \/>\n\t\t\t\t<\/picture>\n\t\t\t\t<div class=\"spectra-image-gallery__media-thumbnail-blurrer\"><\/div>\n\t\t\t\t\t\t\t\t\t\t\t<div class=\"spectra-image-gallery__media-thumbnail-caption-wrapper spectra-image-gallery__media-thumbnail-caption-wrapper--overlay\"><\/div>\n\t\t\t\t\t\t\t\t<\/div>\n\t\t\t\t\t\t<\/div>\n\t\t\t\t\t\t<div class='spectra-image-gallery__media-wrapper' data-spectra-gallery-image-id='175108'>\n\t\t\t\t\t\t\t<div class=\"spectra-image-gallery__media spectra-image-gallery__media--carousel\">\n\t\t\t\t<picture>\n\t\t\t\t\t<source media=\"(min-width: 1024px)\" srcset=\"https:\/\/v2charge.com\/wp-content\/uploads\/2024\/08\/qr-informacion-carga-finalizada.jpg\">\n\t\t\t\t\t<source media=\"(min-width: 768px)\" srcset=\"https:\/\/v2charge.com\/wp-content\/uploads\/2024\/08\/qr-informacion-carga-finalizada.jpg\">\n\t\t\t\t\t<img decoding=\"async\" class=\"spectra-image-gallery__media-thumbnail spectra-image-gallery__media-thumbnail--carousel\" src=\"https:\/\/v2charge.com\/wp-content\/uploads\/2024\/08\/qr-informacion-carga-finalizada.jpg\" alt=\"\" loading=\"lazy\" \/>\n\t\t\t\t<\/picture>\n\t\t\t\t<div class=\"spectra-image-gallery__media-thumbnail-blurrer\"><\/div>\n\t\t\t\t\t\t\t\t\t\t\t<div class=\"spectra-image-gallery__media-thumbnail-caption-wrapper spectra-image-gallery__media-thumbnail-caption-wrapper--overlay\"><\/div>\n\t\t\t\t\t\t\t\t<\/div>\n\t\t\t\t\t\t<\/div>\n\t\t\t\t\t\t\t\t\t\t\t<\/div>\n\t\t\t\t\t\t\t<\/div>\n\t\t\t\t\t\t\t\t\t\t\t<\/div>\n\t\t\t\t\t\t\t\t\t<\/div>\n\n\n\n<div class=\"wp-block-uagb-container uagb-block-99878bcf\"><div class=\"wp-block-uagb-advanced-heading uagb-block-4e7dff0c\"><h3 class=\"uagb-heading-text\">Nadzor polnjenja za uporabnike<\/h3><\/div>\n\n<p><strong>Kot uporabnik lahko enostavno in udobno spremljate delovanje kadarkoli, preprosto tako, da skenirate QR kodo, ki se prika\u017ee na zaslonu med polnjenjem.<\/strong><\/p>\n\n<p>Medtem ko se va\u0161e vozilo polni, boste lahko videli mo\u010d, akumulirane kWh, prete\u010den \u010das in pribli\u017eno ceno v evrih.<\/p>\n\n<p>Ob koncu polnjenja bodo prikazane vse skupne vrednosti, imeli pa boste mo\u017enost, da z enim klikom na gumb &#8216;Prenesi ra\u010dun&#8217; prenesete ra\u010dun.<\/p><\/div>\n<\/div>\n\n\n\n<div class=\"wp-block-uagb-separator uagb-block-95e7e532\"><div class=\"wp-block-uagb-separator__inner\" style=\"--my-background-image:\"><\/div><\/div>\n\n\n<div class=\"wp-block-uagb-advanced-heading uagb-block-c374bc71\"><h2 class=\"uagb-heading-text\">Delovanje za promotorja<\/h2><\/div>\n\n<p>TPV je eden od pla\u010dilnih sistemov, vgrajenih v na\u0161o platformo V2C Payments. <strong>Za nastavitev in prilagoditev svojega e-Chargerja preprosto dostopite do razdelka <a href=\"https:\/\/v2charge.com\/sl\/soporte\/v2c-cloud\/configuracion-v2c-payments\/#promotor-payments\">promotor V2C Payments<\/a>.<\/strong><\/p><\/div><\/div>\n\n\n\n<div style=\"height:30px\" aria-hidden=\"true\" class=\"wp-block-spacer\"><\/div>\n\n\n\n<div class=\"wp-block-uagb-container uagb-block-c6f38013 alignfull uagb-is-root-container\"><div class=\"uagb-container-inner-blocks-wrap\"><div class=\"wp-block-uagb-advanced-heading uagb-block-6963d70c\"><h2 class=\"uagb-heading-text\"><strong>Potrebujete tehni\u010dno podporo?<\/strong><\/h2><\/div>\n\n<div class=\"wp-block-uagb-advanced-heading uagb-block-408243eb\"><p class=\"uagb-heading-text\">Takoj re\u0161ite svojo te\u017eavo preko na\u0161ega klepeta z umetno inteligenco. \u010ce te\u017eave ne moremo re\u0161iti, ustvarite zahtevo v Tehni\u010dnem podpori in kontaktirali vas bomo \u010dim prej, da vam ponudimo najbolj\u0161o re\u0161itev.<\/p><\/div>\n\n<div class=\"wp-block-uagb-info-box uagb-block-12e3cf1c uagb-infobox__content-wrap  uagb-infobox-icon-left uagb-infobox-left uagb-infobox-image-valign-top wp-block-uagb-info-box--has-margin ai-chatbot-button\"><div class=\"uagb-infobox-margin-wrapper\"><div class=\"uagb-ifb-image-content\"><img decoding=\"async\" src=\"https:\/\/v2charge.com\/wp-content\/uploads\/2026\/01\/support-ai-chatbot.png\" alt=\"\" width=\"20\" height=\"19\" loading=\"lazy\"\/><\/div><div class=\"uagb-ifb-content\"><div class=\"uagb-ifb-title-wrap\"><\/div><div class=\"uagb-ifb-button-wrapper wp-block-button\"><a href=\"https:\/\/v2charge.com\/sl\/v2c-support-web\/\" class=\"uagb-infobox-cta-link wp-block-button__link\" target=\"_blank\" rel=\"noopener noreferrer\" onclick=\"return true;\"><span class=\"uagb-inline-editing\">Vpra\u0161ajte na\u0161o IA klepetalnico<\/span><\/a><\/div><\/div><\/div><\/div>\n\n\n<div class=\"wp-block-uagb-buttons uagb-buttons__outer-wrap uagb-btn__default-btn uagb-btn-tablet__default-btn uagb-btn-mobile__default-btn uagb-block-ba1e67d1\"><div class=\"uagb-buttons__wrap uagb-buttons-layout-wrap \"><div class=\"wp-block-uagb-buttons-child uagb-buttons__outer-wrap uagb-block-23cfb623 wp-block-button\"><div class=\"uagb-button__wrapper\"><a class=\"uagb-buttons-repeater wp-block-button__link\" aria-label=\"\" href=\"https:\/\/v2charge.atlassian.net\/servicedesk\/customer\/portal\/3\" rel=\"follow noopener\" target=\"_blank\" role=\"button\"><div class=\"uagb-button__link\">Kontaktirajte tehni\u010dno podporo<\/div><\/a><\/div><\/div><\/div><\/div>\n<\/div><\/div>\n","protected":false},"excerpt":{"rendered":"<p>Kaj je in kako deluje TPV? TPV je na\u0161 nov pla\u010dilni terminal, vgrajen v Pole Pro, da \u0161e dodatno olaj\u0161a pla\u010dilo s kreditno ali debetno kartico. Brez registracij, brez aplikacij in brez zapletov. Nov na\u010din pla\u010dila V2C Payments je zasnovan za poenostavitev in olaj\u0161anje polnjenja elektri\u010dnih vozil, kar ga naredi bolj dostopnega tako na javnih &#8230; <a title=\"Delovanje TPV\" class=\"read-more\" href=\"https:\/\/v2charge.com\/sl\/podro-je-podpore\/delovanje-tpv\/\" aria-label=\"Read more about Delovanje TPV\">Read more<\/a><\/p>\n","protected":false},"author":400,"featured_media":170354,"parent":312963,"menu_order":0,"comment_status":"closed","ping_status":"closed","template":"","meta":{"_eb_attr":"","content-type":"","_uag_custom_page_level_css":"","footnotes":""},"class_list":["post-312890","page","type-page","status-publish","has-post-thumbnail"],"yoast_head":"<!-- This site is optimized with the Yoast SEO plugin v25.3.1 - https:\/\/yoast.com\/wordpress\/plugins\/seo\/ -->\n<title>Kako deluje TPV V2C? Korak za korakom<\/title>\n<meta name=\"description\" content=\"Odkrijte, kaj je in kako deluje vgrajen TPV v na\u0161ih polnilcih za elektri\u010dna vozila. Korak za korakom [Podpora V2C]\" \/>\n<meta name=\"robots\" content=\"index, follow, max-snippet:-1, max-image-preview:large, max-video-preview:-1\" \/>\n<link rel=\"canonical\" href=\"https:\/\/v2charge.com\/sl\/podro-je-podpore\/delovanje-tpv\/\" \/>\n<meta property=\"og:locale\" content=\"sl_SI\" \/>\n<meta property=\"og:type\" content=\"article\" \/>\n<meta property=\"og:title\" content=\"Kako deluje TPV V2C? Korak za korakom\" \/>\n<meta property=\"og:description\" content=\"Odkrijte, kaj je in kako deluje vgrajen TPV v na\u0161ih polnilcih za elektri\u010dna vozila. Korak za korakom [Podpora V2C]\" \/>\n<meta property=\"og:url\" content=\"https:\/\/v2charge.com\/sl\/podro-je-podpore\/delovanje-tpv\/\" \/>\n<meta property=\"og:site_name\" content=\"V2C\" \/>\n<meta property=\"article:publisher\" content=\"https:\/\/www.facebook.com\/V2C.Charge\" \/>\n<meta property=\"article:modified_time\" content=\"2026-01-09T15:26:50+00:00\" \/>\n<meta property=\"og:image\" content=\"https:\/\/v2charge.com\/wp-content\/uploads\/2024\/07\/v2c-electric-chargers.jpg\" \/>\n\t<meta property=\"og:image:width\" content=\"1200\" \/>\n\t<meta property=\"og:image:height\" content=\"675\" \/>\n\t<meta property=\"og:image:type\" content=\"image\/jpeg\" \/>\n<meta name=\"twitter:card\" content=\"summary_large_image\" \/>\n<meta name=\"twitter:site\" content=\"@V2C_Charge\" \/>\n<meta name=\"twitter:label1\" content=\"Est. reading time\" \/>\n\t<meta name=\"twitter:data1\" content=\"4 minute\" \/>\n<script type=\"application\/ld+json\" class=\"yoast-schema-graph\">{\"@context\":\"https:\/\/schema.org\",\"@graph\":[{\"@type\":\"WebPage\",\"@id\":\"https:\/\/v2charge.com\/sl\/podro-je-podpore\/delovanje-tpv\/\",\"url\":\"https:\/\/v2charge.com\/sl\/podro-je-podpore\/delovanje-tpv\/\",\"name\":\"Kako deluje TPV V2C? Korak za korakom\",\"isPartOf\":{\"@id\":\"https:\/\/v2charge.com\/sl\/#website\"},\"primaryImageOfPage\":{\"@id\":\"https:\/\/v2charge.com\/sl\/podro-je-podpore\/delovanje-tpv\/#primaryimage\"},\"image\":{\"@id\":\"https:\/\/v2charge.com\/sl\/podro-je-podpore\/delovanje-tpv\/#primaryimage\"},\"thumbnailUrl\":\"https:\/\/v2charge.com\/wp-content\/uploads\/2024\/07\/v2c-electric-chargers.jpg\",\"datePublished\":\"2024-09-02T11:15:42+00:00\",\"dateModified\":\"2026-01-09T15:26:50+00:00\",\"description\":\"Odkrijte, kaj je in kako deluje vgrajen TPV v na\u0161ih polnilcih za elektri\u010dna vozila. Korak za korakom [Podpora V2C]\",\"breadcrumb\":{\"@id\":\"https:\/\/v2charge.com\/sl\/podro-je-podpore\/delovanje-tpv\/#breadcrumb\"},\"inLanguage\":\"sl-SI\",\"potentialAction\":[{\"@type\":\"ReadAction\",\"target\":[\"https:\/\/v2charge.com\/sl\/podro-je-podpore\/delovanje-tpv\/\"]}]},{\"@type\":\"ImageObject\",\"inLanguage\":\"sl-SI\",\"@id\":\"https:\/\/v2charge.com\/sl\/podro-je-podpore\/delovanje-tpv\/#primaryimage\",\"url\":\"https:\/\/v2charge.com\/wp-content\/uploads\/2024\/07\/v2c-electric-chargers.jpg\",\"contentUrl\":\"https:\/\/v2charge.com\/wp-content\/uploads\/2024\/07\/v2c-electric-chargers.jpg\",\"width\":1200,\"height\":675,\"caption\":\"V2C Electric Chargers\"},{\"@type\":\"BreadcrumbList\",\"@id\":\"https:\/\/v2charge.com\/sl\/podro-je-podpore\/delovanje-tpv\/#breadcrumb\",\"itemListElement\":[{\"@type\":\"ListItem\",\"position\":1,\"name\":\"V2C\",\"item\":\"https:\/\/v2charge.com\/sl\/\"},{\"@type\":\"ListItem\",\"position\":2,\"name\":\"Podro\u010dje podpore\",\"item\":\"https:\/\/v2charge.com\/sl\/podro-je-podpore\/\"},{\"@type\":\"ListItem\",\"position\":3,\"name\":\"Delovanje TPV\"}]},{\"@type\":\"WebSite\",\"@id\":\"https:\/\/v2charge.com\/sl\/#website\",\"url\":\"https:\/\/v2charge.com\/sl\/\",\"name\":\"V2C\",\"description\":\"#CargandoElMa\u00f1ana\",\"publisher\":{\"@id\":\"https:\/\/v2charge.com\/sl\/#organization\"},\"potentialAction\":[{\"@type\":\"SearchAction\",\"target\":{\"@type\":\"EntryPoint\",\"urlTemplate\":\"https:\/\/v2charge.com\/sl\/?s={search_term_string}\"},\"query-input\":{\"@type\":\"PropertyValueSpecification\",\"valueRequired\":true,\"valueName\":\"search_term_string\"}}],\"inLanguage\":\"sl-SI\"},{\"@type\":\"Organization\",\"@id\":\"https:\/\/v2charge.com\/sl\/#organization\",\"name\":\"V2C\",\"url\":\"https:\/\/v2charge.com\/sl\/\",\"logo\":{\"@type\":\"ImageObject\",\"inLanguage\":\"sl-SI\",\"@id\":\"https:\/\/v2charge.com\/sl\/#\/schema\/logo\/image\/\",\"url\":\"https:\/\/v2charge.com\/wp-content\/uploads\/2024\/11\/cropped-v2c-charge-logo-menu.png\",\"contentUrl\":\"https:\/\/v2charge.com\/wp-content\/uploads\/2024\/11\/cropped-v2c-charge-logo-menu.png\",\"width\":984,\"height\":431,\"caption\":\"V2C\"},\"image\":{\"@id\":\"https:\/\/v2charge.com\/sl\/#\/schema\/logo\/image\/\"},\"sameAs\":[\"https:\/\/www.facebook.com\/V2C.Charge\",\"https:\/\/x.com\/V2C_Charge\",\"https:\/\/www.instagram.com\/v2c.charge\/\",\"https:\/\/www.youtube.com\/@V2C\",\"https:\/\/www.linkedin.com\/company\/v2c-chargers\/\"]}]}<\/script>\n<!-- \/ Yoast SEO plugin. -->","yoast_head_json":{"title":"Kako deluje TPV V2C? Korak za korakom","description":"Odkrijte, kaj je in kako deluje vgrajen TPV v na\u0161ih polnilcih za elektri\u010dna vozila. Korak za korakom [Podpora V2C]","robots":{"index":"index","follow":"follow","max-snippet":"max-snippet:-1","max-image-preview":"max-image-preview:large","max-video-preview":"max-video-preview:-1"},"canonical":"https:\/\/v2charge.com\/sl\/podro-je-podpore\/delovanje-tpv\/","og_locale":"sl_SI","og_type":"article","og_title":"Kako deluje TPV V2C? Korak za korakom","og_description":"Odkrijte, kaj je in kako deluje vgrajen TPV v na\u0161ih polnilcih za elektri\u010dna vozila. Korak za korakom [Podpora V2C]","og_url":"https:\/\/v2charge.com\/sl\/podro-je-podpore\/delovanje-tpv\/","og_site_name":"V2C","article_publisher":"https:\/\/www.facebook.com\/V2C.Charge","article_modified_time":"2026-01-09T15:26:50+00:00","og_image":[{"width":1200,"height":675,"url":"https:\/\/v2charge.com\/wp-content\/uploads\/2024\/07\/v2c-electric-chargers.jpg","type":"image\/jpeg"}],"twitter_card":"summary_large_image","twitter_site":"@V2C_Charge","twitter_misc":{"Est. reading time":"4 minute"},"schema":{"@context":"https:\/\/schema.org","@graph":[{"@type":"WebPage","@id":"https:\/\/v2charge.com\/sl\/podro-je-podpore\/delovanje-tpv\/","url":"https:\/\/v2charge.com\/sl\/podro-je-podpore\/delovanje-tpv\/","name":"Kako deluje TPV V2C? Korak za korakom","isPartOf":{"@id":"https:\/\/v2charge.com\/sl\/#website"},"primaryImageOfPage":{"@id":"https:\/\/v2charge.com\/sl\/podro-je-podpore\/delovanje-tpv\/#primaryimage"},"image":{"@id":"https:\/\/v2charge.com\/sl\/podro-je-podpore\/delovanje-tpv\/#primaryimage"},"thumbnailUrl":"https:\/\/v2charge.com\/wp-content\/uploads\/2024\/07\/v2c-electric-chargers.jpg","datePublished":"2024-09-02T11:15:42+00:00","dateModified":"2026-01-09T15:26:50+00:00","description":"Odkrijte, kaj je in kako deluje vgrajen TPV v na\u0161ih polnilcih za elektri\u010dna vozila. Korak za korakom [Podpora V2C]","breadcrumb":{"@id":"https:\/\/v2charge.com\/sl\/podro-je-podpore\/delovanje-tpv\/#breadcrumb"},"inLanguage":"sl-SI","potentialAction":[{"@type":"ReadAction","target":["https:\/\/v2charge.com\/sl\/podro-je-podpore\/delovanje-tpv\/"]}]},{"@type":"ImageObject","inLanguage":"sl-SI","@id":"https:\/\/v2charge.com\/sl\/podro-je-podpore\/delovanje-tpv\/#primaryimage","url":"https:\/\/v2charge.com\/wp-content\/uploads\/2024\/07\/v2c-electric-chargers.jpg","contentUrl":"https:\/\/v2charge.com\/wp-content\/uploads\/2024\/07\/v2c-electric-chargers.jpg","width":1200,"height":675,"caption":"V2C Electric Chargers"},{"@type":"BreadcrumbList","@id":"https:\/\/v2charge.com\/sl\/podro-je-podpore\/delovanje-tpv\/#breadcrumb","itemListElement":[{"@type":"ListItem","position":1,"name":"V2C","item":"https:\/\/v2charge.com\/sl\/"},{"@type":"ListItem","position":2,"name":"Podro\u010dje podpore","item":"https:\/\/v2charge.com\/sl\/podro-je-podpore\/"},{"@type":"ListItem","position":3,"name":"Delovanje TPV"}]},{"@type":"WebSite","@id":"https:\/\/v2charge.com\/sl\/#website","url":"https:\/\/v2charge.com\/sl\/","name":"V2C","description":"#CargandoElMa\u00f1ana","publisher":{"@id":"https:\/\/v2charge.com\/sl\/#organization"},"potentialAction":[{"@type":"SearchAction","target":{"@type":"EntryPoint","urlTemplate":"https:\/\/v2charge.com\/sl\/?s={search_term_string}"},"query-input":{"@type":"PropertyValueSpecification","valueRequired":true,"valueName":"search_term_string"}}],"inLanguage":"sl-SI"},{"@type":"Organization","@id":"https:\/\/v2charge.com\/sl\/#organization","name":"V2C","url":"https:\/\/v2charge.com\/sl\/","logo":{"@type":"ImageObject","inLanguage":"sl-SI","@id":"https:\/\/v2charge.com\/sl\/#\/schema\/logo\/image\/","url":"https:\/\/v2charge.com\/wp-content\/uploads\/2024\/11\/cropped-v2c-charge-logo-menu.png","contentUrl":"https:\/\/v2charge.com\/wp-content\/uploads\/2024\/11\/cropped-v2c-charge-logo-menu.png","width":984,"height":431,"caption":"V2C"},"image":{"@id":"https:\/\/v2charge.com\/sl\/#\/schema\/logo\/image\/"},"sameAs":["https:\/\/www.facebook.com\/V2C.Charge","https:\/\/x.com\/V2C_Charge","https:\/\/www.instagram.com\/v2c.charge\/","https:\/\/www.youtube.com\/@V2C","https:\/\/www.linkedin.com\/company\/v2c-chargers\/"]}]}},"uagb_featured_image_src":{"full":["https:\/\/v2charge.com\/wp-content\/uploads\/2024\/07\/v2c-electric-chargers.jpg",1200,675,false],"thumbnail":["https:\/\/v2charge.com\/wp-content\/uploads\/2024\/07\/v2c-electric-chargers-150x150.jpg",150,150,true],"medium":["https:\/\/v2charge.com\/wp-content\/uploads\/2024\/07\/v2c-electric-chargers-300x169.jpg",300,169,true],"medium_large":["https:\/\/v2charge.com\/wp-content\/uploads\/2024\/07\/v2c-electric-chargers-768x432.jpg",768,432,true],"large":["https:\/\/v2charge.com\/wp-content\/uploads\/2024\/07\/v2c-electric-chargers-1024x576.jpg",1024,576,true],"gs-tiny":["https:\/\/v2charge.com\/wp-content\/uploads\/2024\/07\/v2c-electric-chargers.jpg",50,28,false],"xl":["https:\/\/v2charge.com\/wp-content\/uploads\/2024\/07\/v2c-electric-chargers.jpg",1200,675,false],"xxl":["https:\/\/v2charge.com\/wp-content\/uploads\/2024\/07\/v2c-electric-chargers.jpg",1200,675,false],"xxxl":["https:\/\/v2charge.com\/wp-content\/uploads\/2024\/07\/v2c-electric-chargers.jpg",1200,675,false],"xxxxl":["https:\/\/v2charge.com\/wp-content\/uploads\/2024\/07\/v2c-electric-chargers.jpg",1200,675,false],"xxxxxl":["https:\/\/v2charge.com\/wp-content\/uploads\/2024\/07\/v2c-electric-chargers.jpg",1200,675,false],"1536x1536":["https:\/\/v2charge.com\/wp-content\/uploads\/2024\/07\/v2c-electric-chargers.jpg",1200,675,false],"2048x2048":["https:\/\/v2charge.com\/wp-content\/uploads\/2024\/07\/v2c-electric-chargers.jpg",1200,675,false]},"uagb_author_info":{"display_name":"V2C","author_link":"https:\/\/v2charge.com\/sl\/author\/marketing\/"},"uagb_comment_info":0,"uagb_excerpt":"Kaj je in kako deluje TPV? TPV je na\u0161 nov pla\u010dilni terminal, vgrajen v Pole Pro, da \u0161e dodatno olaj\u0161a pla\u010dilo s kreditno ali debetno kartico. Brez registracij, brez aplikacij in brez zapletov. Nov na\u010din pla\u010dila V2C Payments je zasnovan za poenostavitev in olaj\u0161anje polnjenja elektri\u010dnih vozil, kar ga naredi bolj dostopnega tako na javnih&hellip;","_links":{"self":[{"href":"https:\/\/v2charge.com\/sl\/wp-json\/wp\/v2\/pages\/312890","targetHints":{"allow":["GET"]}}],"collection":[{"href":"https:\/\/v2charge.com\/sl\/wp-json\/wp\/v2\/pages"}],"about":[{"href":"https:\/\/v2charge.com\/sl\/wp-json\/wp\/v2\/types\/page"}],"author":[{"embeddable":true,"href":"https:\/\/v2charge.com\/sl\/wp-json\/wp\/v2\/users\/400"}],"replies":[{"embeddable":true,"href":"https:\/\/v2charge.com\/sl\/wp-json\/wp\/v2\/comments?post=312890"}],"version-history":[{"count":0,"href":"https:\/\/v2charge.com\/sl\/wp-json\/wp\/v2\/pages\/312890\/revisions"}],"up":[{"embeddable":true,"href":"https:\/\/v2charge.com\/sl\/wp-json\/wp\/v2\/pages\/312963"}],"wp:featuredmedia":[{"embeddable":true,"href":"https:\/\/v2charge.com\/sl\/wp-json\/wp\/v2\/media\/170354"}],"wp:attachment":[{"href":"https:\/\/v2charge.com\/sl\/wp-json\/wp\/v2\/media?parent=312890"}],"curies":[{"name":"wp","href":"https:\/\/api.w.org\/{rel}","templated":true}]}}