{"id":312898,"date":"2025-04-10T10:15:45","date_gmt":"2025-04-10T08:15:45","guid":{"rendered":""},"modified":"2026-01-09T16:55:43","modified_gmt":"2026-01-09T14:55:43","slug":"navodila-za-led-barve","status":"publish","type":"page","link":"https:\/\/v2charge.com\/sl\/podro-je-podpore\/soporte-denka-sl-1776023536\/navodila-za-led-barve\/","title":{"rendered":"Navodila za LED barve"},"content":{"rendered":"\n<div class=\"wp-block-uagb-container uagb-block-17e1a3db alignfull uagb-is-root-container\"><div class=\"uagb-container-inner-blocks-wrap\"><div class=\"yoast-breadcrumbs\"><span><span><a href=\"https:\/\/v2charge.com\/sl\/\">V2C<\/a><\/span> \u00bb <span><a href=\"https:\/\/v2charge.com\/sl\/podro-je-podpore\/\">Podro\u010dje podpore<\/a><\/span> \u00bb <span><a href=\"https:\/\/v2charge.com\/sl\/soporte-denka-sl-1776023536\/\">Soporte para Denka<\/a><\/span> \u00bb <span class=\"breadcrumb_last\" aria-current=\"page\">Indicaciones de los colores LED<\/span><\/span><\/div>\n\n<h1 class=\"wp-block-heading\">Navodila za LED barve<\/h1><\/div><\/div>\n\n\n\n<div class=\"wp-block-uagb-container uagb-block-c483af30 alignfull uagb-is-root-container\"><div class=\"uagb-container-inner-blocks-wrap\">\n<div class=\"wp-block-uagb-container uagb-block-9d0ad235\">\n<div class=\"wp-block-uagb-image uagb-block-4833ea13 wp-block-uagb-image--layout-default wp-block-uagb-image--effect-static wp-block-uagb-image--align-none\"><figure class=\"wp-block-uagb-image__figure\"><img decoding=\"async\" srcset=\"https:\/\/v2charge.com\/wp-content\/uploads\/2024\/12\/led-blanco-denka.jpg ,https:\/\/v2charge.com\/wp-content\/uploads\/2024\/12\/led-blanco-denka.jpg 780w, https:\/\/v2charge.com\/wp-content\/uploads\/2024\/12\/led-blanco-denka.jpg 360w\" sizes=\"auto, (max-width: 480px) 150px\" src=\"https:\/\/v2charge.com\/wp-content\/uploads\/2024\/12\/led-blanco-denka.jpg\" alt=\"\" class=\"uag-image-198724\" width=\"303\" height=\"300\" title=\"led-blanco-denka\" loading=\"lazy\" role=\"img\"\/><\/figure><\/div>\n<\/div>\n\n\n\n<div class=\"wp-block-uagb-container uagb-block-01c41ba6\"><p><strong>Bela:<\/strong>&nbsp;RFID\/V2C Pla\u010dila\/OCPP sprejeto ali polnilec na voljo brez kakr\u0161negakoli zaklepanja.<\/p><\/div>\n<\/div><\/div>\n\n\n\n<div class=\"wp-block-uagb-container uagb-block-bfb0e86e alignfull uagb-is-root-container\"><div class=\"uagb-container-inner-blocks-wrap\">\n<div class=\"wp-block-uagb-container uagb-block-abca8cd0\">\n<div class=\"wp-block-uagb-image uagb-block-9bfa1a97 wp-block-uagb-image--layout-default wp-block-uagb-image--effect-static wp-block-uagb-image--align-none\"><figure class=\"wp-block-uagb-image__figure\"><img decoding=\"async\" srcset=\"https:\/\/v2charge.com\/wp-content\/uploads\/2024\/12\/led-azul-denka.jpg ,https:\/\/v2charge.com\/wp-content\/uploads\/2024\/12\/led-azul-denka.jpg 780w, https:\/\/v2charge.com\/wp-content\/uploads\/2024\/12\/led-azul-denka.jpg 360w\" sizes=\"auto, (max-width: 480px) 150px\" src=\"https:\/\/v2charge.com\/wp-content\/uploads\/2024\/12\/led-azul-denka.jpg\" alt=\"\" class=\"uag-image-198713\" width=\"303\" height=\"300\" title=\"led-azul-denka\" loading=\"lazy\" role=\"img\"\/><\/figure><\/div>\n<\/div>\n\n\n\n<div class=\"wp-block-uagb-container uagb-block-37a9717e\"><p><strong>Temno modra:<\/strong>&nbsp;vozilo se polni. Svetlobna vrstica prikazuje odstotek napolnjenosti.<\/p><\/div>\n<\/div><\/div>\n\n\n\n<div class=\"wp-block-uagb-container uagb-block-781ad5e9 alignfull uagb-is-root-container\"><div class=\"uagb-container-inner-blocks-wrap\">\n<div class=\"wp-block-uagb-container uagb-block-4aed571f\">\n<div class=\"wp-block-uagb-image uagb-block-4c1296d9 wp-block-uagb-image--layout-default wp-block-uagb-image--effect-static wp-block-uagb-image--align-none\"><figure class=\"wp-block-uagb-image__figure\"><img decoding=\"async\" srcset=\"https:\/\/v2charge.com\/wp-content\/uploads\/2024\/12\/led-cyan-denka.jpg ,https:\/\/v2charge.com\/wp-content\/uploads\/2024\/12\/led-cyan-denka.jpg 780w, https:\/\/v2charge.com\/wp-content\/uploads\/2024\/12\/led-cyan-denka.jpg 360w\" sizes=\"auto, (max-width: 480px) 150px\" src=\"https:\/\/v2charge.com\/wp-content\/uploads\/2024\/12\/led-cyan-denka.jpg\" alt=\"\" class=\"uag-image-198735\" width=\"303\" height=\"300\" title=\"led-cyan-denka\" loading=\"lazy\" role=\"img\"\/><\/figure><\/div>\n<\/div>\n\n\n\n<div class=\"wp-block-uagb-container uagb-block-e4f870ad\"><p><strong>Svetlo modra z gibanjem od leve proti desni:&nbsp;<\/strong>za\u010detek e-Chargerja.<\/p>\n\n<p><strong>Svetlo modra: <\/strong>\u010daka na RFID\/V2C Pla\u010dila\/OCPP.<\/p><\/div>\n<\/div><\/div>\n\n\n\n<div class=\"wp-block-uagb-container uagb-block-075bcc5a alignfull uagb-is-root-container\"><div class=\"uagb-container-inner-blocks-wrap\">\n<div class=\"wp-block-uagb-container uagb-block-7fb073e2\">\n<div class=\"wp-block-uagb-image uagb-block-905fe628 wp-block-uagb-image--layout-default wp-block-uagb-image--effect-static wp-block-uagb-image--align-none\"><figure class=\"wp-block-uagb-image__figure\"><img decoding=\"async\" srcset=\"https:\/\/v2charge.com\/wp-content\/uploads\/2024\/12\/led-verde-denka.jpg ,https:\/\/v2charge.com\/wp-content\/uploads\/2024\/12\/led-verde-denka.jpg 780w, https:\/\/v2charge.com\/wp-content\/uploads\/2024\/12\/led-verde-denka.jpg 360w\" sizes=\"auto, (max-width: 480px) 150px\" src=\"https:\/\/v2charge.com\/wp-content\/uploads\/2024\/12\/led-verde-denka.jpg\" alt=\"\" class=\"uag-image-198757\" width=\"303\" height=\"300\" title=\"led-verde-denka\" loading=\"lazy\" role=\"img\"\/><\/figure><\/div>\n<\/div>\n\n\n\n<div class=\"wp-block-uagb-container uagb-block-50027222\"><p><strong>Zeleno:<\/strong>&nbsp;vozilo je povezano.<\/p><\/div>\n<\/div><\/div>\n\n\n\n<div class=\"wp-block-uagb-container uagb-block-8b504286 alignfull uagb-is-root-container\"><div class=\"uagb-container-inner-blocks-wrap\">\n<div class=\"wp-block-uagb-container uagb-block-022e5896\">\n<div class=\"wp-block-uagb-image uagb-block-5d05a7d8 wp-block-uagb-image--layout-default wp-block-uagb-image--effect-static wp-block-uagb-image--align-none\"><figure class=\"wp-block-uagb-image__figure\"><img decoding=\"async\" srcset=\"https:\/\/v2charge.com\/wp-content\/uploads\/2024\/12\/led-rojo-denka.jpg ,https:\/\/v2charge.com\/wp-content\/uploads\/2024\/12\/led-rojo-denka.jpg 780w, https:\/\/v2charge.com\/wp-content\/uploads\/2024\/12\/led-rojo-denka.jpg 360w\" sizes=\"auto, (max-width: 480px) 150px\" src=\"https:\/\/v2charge.com\/wp-content\/uploads\/2024\/12\/led-rojo-denka.jpg\" alt=\"\" class=\"uag-image-198746\" width=\"303\" height=\"300\" title=\"led-rojo-denka\" loading=\"lazy\" role=\"img\"\/><\/figure><\/div>\n<\/div>\n\n\n\n<div class=\"wp-block-uagb-container uagb-block-05c65a2d\"><p><strong>Rde\u010da utripajo\u010da:<\/strong>&nbsp;gumb za nujno ustavitev pritisnjen ali notranja napaka ali napaka v komunikaciji.<br><em>\u010ce \u017eelite odstraniti gumb, \u010de je pritisnjen, morate pritisniti in obrniti v desno.<\/em><\/p><\/div>\n<\/div><\/div>\n\n\n\n<div class=\"wp-block-uagb-container uagb-block-c6f38013 alignfull uagb-is-root-container\"><div class=\"uagb-container-inner-blocks-wrap\"><div class=\"wp-block-uagb-advanced-heading uagb-block-6963d70c\"><h2 class=\"uagb-heading-text\"><strong>Potrebujete tehni\u010dno podporo?<\/strong><\/h2><\/div>\n\n<div class=\"wp-block-uagb-advanced-heading uagb-block-408243eb\"><p class=\"uagb-heading-text\">Takoj re\u0161ite svojo te\u017eavo preko na\u0161ega klepeta z umetno inteligenco. \u010ce te\u017eave ne moremo re\u0161iti, ustvarite zahtevo v Tehni\u010dnem podporni centru in stopili bomo v stik z vami \u010dim prej, da vam ponudimo najbolj\u0161o re\u0161itev.<\/p><\/div>\n\n<div class=\"wp-block-uagb-info-box uagb-block-12e3cf1c uagb-infobox__content-wrap  uagb-infobox-icon-left uagb-infobox-left uagb-infobox-image-valign-top wp-block-uagb-info-box--has-margin ai-chatbot-button\"><div class=\"uagb-infobox-margin-wrapper\"><div class=\"uagb-ifb-image-content\"><img decoding=\"async\" src=\"https:\/\/v2charge.com\/wp-content\/uploads\/2026\/01\/support-ai-chatbot.png\" alt=\"\" width=\"20\" height=\"19\" loading=\"lazy\"\/><\/div><div class=\"uagb-ifb-content\"><div class=\"uagb-ifb-title-wrap\"><\/div><div class=\"uagb-ifb-button-wrapper wp-block-button\"><a href=\"https:\/\/v2charge.com\/sl\/v2c-support-web\/\" class=\"uagb-infobox-cta-link wp-block-button__link\" target=\"_blank\" rel=\"noopener noreferrer\" onclick=\"return true;\"><span class=\"uagb-inline-editing\">Vpra\u0161ajte na\u0161o IA klepetalnico<\/span><\/a><\/div><\/div><\/div><\/div>\n\n\n<div class=\"wp-block-uagb-buttons uagb-buttons__outer-wrap uagb-btn__default-btn uagb-btn-tablet__default-btn uagb-btn-mobile__default-btn uagb-block-ba1e67d1\"><div class=\"uagb-buttons__wrap uagb-buttons-layout-wrap \"><div class=\"wp-block-uagb-buttons-child uagb-buttons__outer-wrap uagb-block-23cfb623 wp-block-button\"><div class=\"uagb-button__wrapper\"><a class=\"uagb-buttons-repeater wp-block-button__link\" aria-label=\"\" href=\"https:\/\/v2charge.atlassian.net\/servicedesk\/customer\/portal\/3\" rel=\"follow noopener\" target=\"_blank\" role=\"button\"><div class=\"uagb-button__link\">Kontaktirajte tehni\u010dno podporo<\/div><\/a><\/div><\/div><\/div><\/div>\n<\/div><\/div>\n","protected":false},"excerpt":{"rendered":"<p>Navodila za LED barve Bela:&nbsp;RFID\/V2C Pla\u010dila\/OCPP sprejeto ali polnilec na voljo brez kakr\u0161negakoli zaklepanja. Temno modra:&nbsp;vozilo se polni. Svetlobna vrstica prikazuje odstotek napolnjenosti. Svetlo modra z gibanjem od leve proti desni:&nbsp;za\u010detek e-Chargerja. Svetlo modra: \u010daka na RFID\/V2C Pla\u010dila\/OCPP. Zeleno:&nbsp;vozilo je povezano. Rde\u010da utripajo\u010da:&nbsp;gumb za nujno ustavitev pritisnjen ali notranja napaka ali napaka v komunikaciji.\u010ce \u017eelite &#8230; <a title=\"Navodila za LED barve\" class=\"read-more\" href=\"https:\/\/v2charge.com\/sl\/podro-je-podpore\/soporte-denka-sl-1776023536\/navodila-za-led-barve\/\" aria-label=\"Read more about Navodila za LED barve\">Read more<\/a><\/p>\n","protected":false},"author":400,"featured_media":170354,"parent":312903,"menu_order":0,"comment_status":"closed","ping_status":"closed","template":"","meta":{"_eb_attr":"","content-type":"","_uag_custom_page_level_css":"","footnotes":""},"class_list":["post-312898","page","type-page","status-publish","has-post-thumbnail"],"yoast_head":"<!-- This site is optimized with the Yoast SEO plugin v25.3.1 - https:\/\/yoast.com\/wordpress\/plugins\/seo\/ -->\n<title>Navodila za LED barve - Denka<\/title>\n<meta name=\"description\" content=\"LED, ki se nahaja na sprednji strani Denka, se pri\u017ege glede na stanje polnjenja. Spoznajte razli\u010dne pomene.\" \/>\n<meta name=\"robots\" content=\"index, follow, max-snippet:-1, max-image-preview:large, max-video-preview:-1\" \/>\n<link rel=\"canonical\" href=\"https:\/\/v2charge.com\/sl\/podro-je-podpore\/soporte-denka-sl-1776023536\/navodila-za-led-barve\/\" \/>\n<meta property=\"og:locale\" content=\"sl_SI\" \/>\n<meta property=\"og:type\" content=\"article\" \/>\n<meta property=\"og:title\" content=\"Navodila za LED barve - Denka\" \/>\n<meta property=\"og:description\" content=\"LED, ki se nahaja na sprednji strani Denka, se pri\u017ege glede na stanje polnjenja. Spoznajte razli\u010dne pomene.\" \/>\n<meta property=\"og:url\" content=\"https:\/\/v2charge.com\/sl\/podro-je-podpore\/soporte-denka-sl-1776023536\/navodila-za-led-barve\/\" \/>\n<meta property=\"og:site_name\" content=\"V2C\" \/>\n<meta property=\"article:publisher\" content=\"https:\/\/www.facebook.com\/V2C.Charge\" \/>\n<meta property=\"article:modified_time\" content=\"2026-01-09T14:55:43+00:00\" \/>\n<meta property=\"og:image\" content=\"https:\/\/v2charge.com\/wp-content\/uploads\/2024\/07\/v2c-electric-chargers.jpg\" \/>\n\t<meta property=\"og:image:width\" content=\"1200\" \/>\n\t<meta property=\"og:image:height\" content=\"675\" \/>\n\t<meta property=\"og:image:type\" content=\"image\/jpeg\" \/>\n<meta name=\"twitter:card\" content=\"summary_large_image\" \/>\n<meta name=\"twitter:site\" content=\"@V2C_Charge\" \/>\n<meta name=\"twitter:label1\" content=\"Est. reading time\" \/>\n\t<meta name=\"twitter:data1\" content=\"3 minute\" \/>\n<script type=\"application\/ld+json\" class=\"yoast-schema-graph\">{\"@context\":\"https:\/\/schema.org\",\"@graph\":[{\"@type\":\"WebPage\",\"@id\":\"https:\/\/v2charge.com\/sl\/podro-je-podpore\/soporte-denka-sl-1776023536\/navodila-za-led-barve\/\",\"url\":\"https:\/\/v2charge.com\/sl\/podro-je-podpore\/soporte-denka-sl-1776023536\/navodila-za-led-barve\/\",\"name\":\"Navodila za LED barve - Denka\",\"isPartOf\":{\"@id\":\"https:\/\/v2charge.com\/sl\/#website\"},\"primaryImageOfPage\":{\"@id\":\"https:\/\/v2charge.com\/sl\/podro-je-podpore\/soporte-denka-sl-1776023536\/navodila-za-led-barve\/#primaryimage\"},\"image\":{\"@id\":\"https:\/\/v2charge.com\/sl\/podro-je-podpore\/soporte-denka-sl-1776023536\/navodila-za-led-barve\/#primaryimage\"},\"thumbnailUrl\":\"https:\/\/v2charge.com\/wp-content\/uploads\/2024\/07\/v2c-electric-chargers.jpg\",\"datePublished\":\"2025-04-10T08:15:45+00:00\",\"dateModified\":\"2026-01-09T14:55:43+00:00\",\"description\":\"LED, ki se nahaja na sprednji strani Denka, se pri\u017ege glede na stanje polnjenja. Spoznajte razli\u010dne pomene.\",\"breadcrumb\":{\"@id\":\"https:\/\/v2charge.com\/sl\/podro-je-podpore\/soporte-denka-sl-1776023536\/navodila-za-led-barve\/#breadcrumb\"},\"inLanguage\":\"sl-SI\",\"potentialAction\":[{\"@type\":\"ReadAction\",\"target\":[\"https:\/\/v2charge.com\/sl\/podro-je-podpore\/soporte-denka-sl-1776023536\/navodila-za-led-barve\/\"]}]},{\"@type\":\"ImageObject\",\"inLanguage\":\"sl-SI\",\"@id\":\"https:\/\/v2charge.com\/sl\/podro-je-podpore\/soporte-denka-sl-1776023536\/navodila-za-led-barve\/#primaryimage\",\"url\":\"https:\/\/v2charge.com\/wp-content\/uploads\/2024\/07\/v2c-electric-chargers.jpg\",\"contentUrl\":\"https:\/\/v2charge.com\/wp-content\/uploads\/2024\/07\/v2c-electric-chargers.jpg\",\"width\":1200,\"height\":675,\"caption\":\"V2C Electric Chargers\"},{\"@type\":\"BreadcrumbList\",\"@id\":\"https:\/\/v2charge.com\/sl\/podro-je-podpore\/soporte-denka-sl-1776023536\/navodila-za-led-barve\/#breadcrumb\",\"itemListElement\":[{\"@type\":\"ListItem\",\"position\":1,\"name\":\"V2C\",\"item\":\"https:\/\/v2charge.com\/sl\/\"},{\"@type\":\"ListItem\",\"position\":2,\"name\":\"Podro\u010dje podpore\",\"item\":\"https:\/\/v2charge.com\/sl\/podro-je-podpore\/\"},{\"@type\":\"ListItem\",\"position\":3,\"name\":\"Soporte para Denka\",\"item\":\"https:\/\/v2charge.com\/sl\/soporte-denka-sl-1776023536\/\"},{\"@type\":\"ListItem\",\"position\":4,\"name\":\"Indicaciones de los colores LED\"}]},{\"@type\":\"WebSite\",\"@id\":\"https:\/\/v2charge.com\/sl\/#website\",\"url\":\"https:\/\/v2charge.com\/sl\/\",\"name\":\"V2C\",\"description\":\"#CargandoElMa\u00f1ana\",\"publisher\":{\"@id\":\"https:\/\/v2charge.com\/sl\/#organization\"},\"potentialAction\":[{\"@type\":\"SearchAction\",\"target\":{\"@type\":\"EntryPoint\",\"urlTemplate\":\"https:\/\/v2charge.com\/sl\/?s={search_term_string}\"},\"query-input\":{\"@type\":\"PropertyValueSpecification\",\"valueRequired\":true,\"valueName\":\"search_term_string\"}}],\"inLanguage\":\"sl-SI\"},{\"@type\":\"Organization\",\"@id\":\"https:\/\/v2charge.com\/sl\/#organization\",\"name\":\"V2C\",\"url\":\"https:\/\/v2charge.com\/sl\/\",\"logo\":{\"@type\":\"ImageObject\",\"inLanguage\":\"sl-SI\",\"@id\":\"https:\/\/v2charge.com\/sl\/#\/schema\/logo\/image\/\",\"url\":\"https:\/\/v2charge.com\/wp-content\/uploads\/2024\/11\/cropped-v2c-charge-logo-menu.png\",\"contentUrl\":\"https:\/\/v2charge.com\/wp-content\/uploads\/2024\/11\/cropped-v2c-charge-logo-menu.png\",\"width\":984,\"height\":431,\"caption\":\"V2C\"},\"image\":{\"@id\":\"https:\/\/v2charge.com\/sl\/#\/schema\/logo\/image\/\"},\"sameAs\":[\"https:\/\/www.facebook.com\/V2C.Charge\",\"https:\/\/x.com\/V2C_Charge\",\"https:\/\/www.instagram.com\/v2c.charge\/\",\"https:\/\/www.youtube.com\/@V2C\",\"https:\/\/www.linkedin.com\/company\/v2c-chargers\/\"]}]}<\/script>\n<!-- \/ Yoast SEO plugin. -->","yoast_head_json":{"title":"Navodila za LED barve - Denka","description":"LED, ki se nahaja na sprednji strani Denka, se pri\u017ege glede na stanje polnjenja. Spoznajte razli\u010dne pomene.","robots":{"index":"index","follow":"follow","max-snippet":"max-snippet:-1","max-image-preview":"max-image-preview:large","max-video-preview":"max-video-preview:-1"},"canonical":"https:\/\/v2charge.com\/sl\/podro-je-podpore\/soporte-denka-sl-1776023536\/navodila-za-led-barve\/","og_locale":"sl_SI","og_type":"article","og_title":"Navodila za LED barve - Denka","og_description":"LED, ki se nahaja na sprednji strani Denka, se pri\u017ege glede na stanje polnjenja. Spoznajte razli\u010dne pomene.","og_url":"https:\/\/v2charge.com\/sl\/podro-je-podpore\/soporte-denka-sl-1776023536\/navodila-za-led-barve\/","og_site_name":"V2C","article_publisher":"https:\/\/www.facebook.com\/V2C.Charge","article_modified_time":"2026-01-09T14:55:43+00:00","og_image":[{"width":1200,"height":675,"url":"https:\/\/v2charge.com\/wp-content\/uploads\/2024\/07\/v2c-electric-chargers.jpg","type":"image\/jpeg"}],"twitter_card":"summary_large_image","twitter_site":"@V2C_Charge","twitter_misc":{"Est. reading time":"3 minute"},"schema":{"@context":"https:\/\/schema.org","@graph":[{"@type":"WebPage","@id":"https:\/\/v2charge.com\/sl\/podro-je-podpore\/soporte-denka-sl-1776023536\/navodila-za-led-barve\/","url":"https:\/\/v2charge.com\/sl\/podro-je-podpore\/soporte-denka-sl-1776023536\/navodila-za-led-barve\/","name":"Navodila za LED barve - Denka","isPartOf":{"@id":"https:\/\/v2charge.com\/sl\/#website"},"primaryImageOfPage":{"@id":"https:\/\/v2charge.com\/sl\/podro-je-podpore\/soporte-denka-sl-1776023536\/navodila-za-led-barve\/#primaryimage"},"image":{"@id":"https:\/\/v2charge.com\/sl\/podro-je-podpore\/soporte-denka-sl-1776023536\/navodila-za-led-barve\/#primaryimage"},"thumbnailUrl":"https:\/\/v2charge.com\/wp-content\/uploads\/2024\/07\/v2c-electric-chargers.jpg","datePublished":"2025-04-10T08:15:45+00:00","dateModified":"2026-01-09T14:55:43+00:00","description":"LED, ki se nahaja na sprednji strani Denka, se pri\u017ege glede na stanje polnjenja. Spoznajte razli\u010dne pomene.","breadcrumb":{"@id":"https:\/\/v2charge.com\/sl\/podro-je-podpore\/soporte-denka-sl-1776023536\/navodila-za-led-barve\/#breadcrumb"},"inLanguage":"sl-SI","potentialAction":[{"@type":"ReadAction","target":["https:\/\/v2charge.com\/sl\/podro-je-podpore\/soporte-denka-sl-1776023536\/navodila-za-led-barve\/"]}]},{"@type":"ImageObject","inLanguage":"sl-SI","@id":"https:\/\/v2charge.com\/sl\/podro-je-podpore\/soporte-denka-sl-1776023536\/navodila-za-led-barve\/#primaryimage","url":"https:\/\/v2charge.com\/wp-content\/uploads\/2024\/07\/v2c-electric-chargers.jpg","contentUrl":"https:\/\/v2charge.com\/wp-content\/uploads\/2024\/07\/v2c-electric-chargers.jpg","width":1200,"height":675,"caption":"V2C Electric Chargers"},{"@type":"BreadcrumbList","@id":"https:\/\/v2charge.com\/sl\/podro-je-podpore\/soporte-denka-sl-1776023536\/navodila-za-led-barve\/#breadcrumb","itemListElement":[{"@type":"ListItem","position":1,"name":"V2C","item":"https:\/\/v2charge.com\/sl\/"},{"@type":"ListItem","position":2,"name":"Podro\u010dje podpore","item":"https:\/\/v2charge.com\/sl\/podro-je-podpore\/"},{"@type":"ListItem","position":3,"name":"Soporte para Denka","item":"https:\/\/v2charge.com\/sl\/soporte-denka-sl-1776023536\/"},{"@type":"ListItem","position":4,"name":"Indicaciones de los colores LED"}]},{"@type":"WebSite","@id":"https:\/\/v2charge.com\/sl\/#website","url":"https:\/\/v2charge.com\/sl\/","name":"V2C","description":"#CargandoElMa\u00f1ana","publisher":{"@id":"https:\/\/v2charge.com\/sl\/#organization"},"potentialAction":[{"@type":"SearchAction","target":{"@type":"EntryPoint","urlTemplate":"https:\/\/v2charge.com\/sl\/?s={search_term_string}"},"query-input":{"@type":"PropertyValueSpecification","valueRequired":true,"valueName":"search_term_string"}}],"inLanguage":"sl-SI"},{"@type":"Organization","@id":"https:\/\/v2charge.com\/sl\/#organization","name":"V2C","url":"https:\/\/v2charge.com\/sl\/","logo":{"@type":"ImageObject","inLanguage":"sl-SI","@id":"https:\/\/v2charge.com\/sl\/#\/schema\/logo\/image\/","url":"https:\/\/v2charge.com\/wp-content\/uploads\/2024\/11\/cropped-v2c-charge-logo-menu.png","contentUrl":"https:\/\/v2charge.com\/wp-content\/uploads\/2024\/11\/cropped-v2c-charge-logo-menu.png","width":984,"height":431,"caption":"V2C"},"image":{"@id":"https:\/\/v2charge.com\/sl\/#\/schema\/logo\/image\/"},"sameAs":["https:\/\/www.facebook.com\/V2C.Charge","https:\/\/x.com\/V2C_Charge","https:\/\/www.instagram.com\/v2c.charge\/","https:\/\/www.youtube.com\/@V2C","https:\/\/www.linkedin.com\/company\/v2c-chargers\/"]}]}},"uagb_featured_image_src":{"full":["https:\/\/v2charge.com\/wp-content\/uploads\/2024\/07\/v2c-electric-chargers.jpg",1200,675,false],"thumbnail":["https:\/\/v2charge.com\/wp-content\/uploads\/2024\/07\/v2c-electric-chargers-150x150.jpg",150,150,true],"medium":["https:\/\/v2charge.com\/wp-content\/uploads\/2024\/07\/v2c-electric-chargers-300x169.jpg",300,169,true],"medium_large":["https:\/\/v2charge.com\/wp-content\/uploads\/2024\/07\/v2c-electric-chargers-768x432.jpg",768,432,true],"large":["https:\/\/v2charge.com\/wp-content\/uploads\/2024\/07\/v2c-electric-chargers-1024x576.jpg",1024,576,true],"gs-tiny":["https:\/\/v2charge.com\/wp-content\/uploads\/2024\/07\/v2c-electric-chargers.jpg",50,28,false],"xl":["https:\/\/v2charge.com\/wp-content\/uploads\/2024\/07\/v2c-electric-chargers.jpg",1200,675,false],"xxl":["https:\/\/v2charge.com\/wp-content\/uploads\/2024\/07\/v2c-electric-chargers.jpg",1200,675,false],"xxxl":["https:\/\/v2charge.com\/wp-content\/uploads\/2024\/07\/v2c-electric-chargers.jpg",1200,675,false],"xxxxl":["https:\/\/v2charge.com\/wp-content\/uploads\/2024\/07\/v2c-electric-chargers.jpg",1200,675,false],"xxxxxl":["https:\/\/v2charge.com\/wp-content\/uploads\/2024\/07\/v2c-electric-chargers.jpg",1200,675,false],"1536x1536":["https:\/\/v2charge.com\/wp-content\/uploads\/2024\/07\/v2c-electric-chargers.jpg",1200,675,false],"2048x2048":["https:\/\/v2charge.com\/wp-content\/uploads\/2024\/07\/v2c-electric-chargers.jpg",1200,675,false]},"uagb_author_info":{"display_name":"V2C","author_link":"https:\/\/v2charge.com\/sl\/author\/marketing\/"},"uagb_comment_info":0,"uagb_excerpt":"Navodila za LED barve Bela:&nbsp;RFID\/V2C Pla\u010dila\/OCPP sprejeto ali polnilec na voljo brez kakr\u0161negakoli zaklepanja. Temno modra:&nbsp;vozilo se polni. Svetlobna vrstica prikazuje odstotek napolnjenosti. Svetlo modra z gibanjem od leve proti desni:&nbsp;za\u010detek e-Chargerja. Svetlo modra: \u010daka na RFID\/V2C Pla\u010dila\/OCPP. Zeleno:&nbsp;vozilo je povezano. Rde\u010da utripajo\u010da:&nbsp;gumb za nujno ustavitev pritisnjen ali notranja napaka ali napaka v komunikaciji.\u010ce \u017eelite&hellip;","_links":{"self":[{"href":"https:\/\/v2charge.com\/sl\/wp-json\/wp\/v2\/pages\/312898","targetHints":{"allow":["GET"]}}],"collection":[{"href":"https:\/\/v2charge.com\/sl\/wp-json\/wp\/v2\/pages"}],"about":[{"href":"https:\/\/v2charge.com\/sl\/wp-json\/wp\/v2\/types\/page"}],"author":[{"embeddable":true,"href":"https:\/\/v2charge.com\/sl\/wp-json\/wp\/v2\/users\/400"}],"replies":[{"embeddable":true,"href":"https:\/\/v2charge.com\/sl\/wp-json\/wp\/v2\/comments?post=312898"}],"version-history":[{"count":0,"href":"https:\/\/v2charge.com\/sl\/wp-json\/wp\/v2\/pages\/312898\/revisions"}],"up":[{"embeddable":true,"href":"https:\/\/v2charge.com\/sl\/wp-json\/wp\/v2\/pages\/312903"}],"wp:featuredmedia":[{"embeddable":true,"href":"https:\/\/v2charge.com\/sl\/wp-json\/wp\/v2\/media\/170354"}],"wp:attachment":[{"href":"https:\/\/v2charge.com\/sl\/wp-json\/wp\/v2\/media?parent=312898"}],"curies":[{"name":"wp","href":"https:\/\/api.w.org\/{rel}","templated":true}]}}