{"id":312899,"date":"2025-01-16T13:08:35","date_gmt":"2025-01-16T11:08:35","guid":{"rendered":""},"modified":"2026-01-09T13:16:37","modified_gmt":"2026-01-09T11:16:37","slug":"integracija-inverterja-sungrow-s-trydan","status":"publish","type":"page","link":"https:\/\/v2charge.com\/sl\/podro-je-podpore\/nadzor-mo-i\/dinami-no-upravljanje-mo-i\/integracija-fotovoltaike\/integracija-inverterja-sungrow-s-trydan\/","title":{"rendered":"Integracija inverterja Sungrow s Trydan"},"content":{"rendered":"\n<div class=\"wp-block-uagb-container uagb-block-917b89c6 alignfull uagb-is-root-container\"><div class=\"uagb-container-inner-blocks-wrap\"><div class=\"yoast-breadcrumbs\"><span><span><a href=\"https:\/\/v2charge.com\/sl\/\">V2C<\/a><\/span> \u00bb <span><a href=\"https:\/\/v2charge.com\/sl\/podro-je-podpore\/\">Podro\u010dje podpore<\/a><\/span> \u00bb <span><a href=\"https:\/\/v2charge.com\/sl\/nadzor-mo-i\/\">Control de potencia<\/a><\/span> \u00bb <span><a href=\"https:\/\/v2charge.com\/sl\/dinami-no-upravljanje-mo-i\/\">Din\u00e1mico<\/a><\/span> \u00bb <span><a href=\"https:\/\/v2charge.com\/sl\/dinami-no-upravljanje-mo-i\/integracija-fotovoltaike\/\">Fotovoltaica<\/a><\/span> \u00bb <span class=\"breadcrumb_last\" aria-current=\"page\">Inversor Sungrow<\/span><\/span><\/div>\n\n<h1 class=\"wp-block-heading\">Integracija invertra Sungrow s Trydanom<\/h1>\n\n\n<div class=\"wp-block-uagb-container uagb-block-6ff3315e alignfull uagb-is-root-container\"><div class=\"uagb-container-inner-blocks-wrap\">\n<div class=\"wp-block-uagb-container uagb-block-d07bdd19\"><p>Pove\u017eite svojo polnilno postajo Trydan z inverterjem Sungrow, da kar najbolje izkoristite energijo.<\/p><\/div>\n\n\n\n<div class=\"wp-block-uagb-container uagb-block-56f0a249\">\n<div class=\"wp-block-uagb-image uagb-block-a6b3aa91 wp-block-uagb-image--layout-default wp-block-uagb-image--effect-static wp-block-uagb-image--align-none\"><figure class=\"wp-block-uagb-image__figure\"><img decoding=\"async\" srcset=\"https:\/\/v2charge.com\/wp-content\/uploads\/2024\/12\/sungrow_logo.png ,https:\/\/v2charge.com\/wp-content\/uploads\/2024\/12\/sungrow_logo.png 780w, https:\/\/v2charge.com\/wp-content\/uploads\/2024\/12\/sungrow_logo.png 360w\" sizes=\"auto, (max-width: 480px) 150px\" src=\"https:\/\/v2charge.com\/wp-content\/uploads\/2024\/12\/sungrow_logo.png\" alt=\"\" class=\"uag-image-198777\" width=\"400\" height=\"68\" title=\"sungrow_logo\" loading=\"lazy\" role=\"img\"\/><\/figure><\/div>\n<\/div>\n<\/div><\/div>\n\n\n\n<div class=\"wp-block-uagb-container uagb-block-333fb119 alignfull uagb-is-root-container\"><div class=\"uagb-container-inner-blocks-wrap\">\n<div class=\"wp-block-uagb-container uagb-block-2ff110d0 default uagb-is-root-container\">\n<div class=\"wp-block-uagb-container uagb-block-cd442c87\">\n<div class=\"wp-block-uagb-image aligncenter uagb-block-4bb46c59 wp-block-uagb-image--layout-default wp-block-uagb-image--effect-static wp-block-uagb-image--align-center\"><figure class=\"wp-block-uagb-image__figure\"><img decoding=\"async\" srcset=\"https:\/\/v2charge.com\/wp-content\/uploads\/2023\/11\/icon-important.png ,https:\/\/v2charge.com\/wp-content\/uploads\/2023\/11\/icon-important.png 780w, https:\/\/v2charge.com\/wp-content\/uploads\/2023\/11\/icon-important.png 360w\" sizes=\"auto, (max-width: 480px) 150px\" src=\"https:\/\/v2charge.com\/wp-content\/uploads\/2023\/11\/icon-important.png\" alt=\"\" class=\"uag-image-125013\" width=\"50\" height=\"50\" title=\"\" loading=\"lazy\" role=\"img\"\/><\/figure><\/div>\n<\/div>\n\n\n\n<div class=\"wp-block-uagb-container uagb-block-38de7166\"><div class=\"wp-block-uagb-advanced-heading uagb-block-37ab01f0\"><p class=\"uagb-heading-text\">Uporaba&nbsp;<strong>Wi-Fi repetitorjev<\/strong>&nbsp;ali&nbsp;<strong>mesh omre\u017eij<\/strong>&nbsp;lahko vpliva na pravilno delovanje sistema. Priporo\u010damo uporabo&nbsp;<strong>stabilnega Wi-Fi omre\u017eja<\/strong>&nbsp;in<strong> neposredne povezave<\/strong>&nbsp;za zagotovitev optimalne povezave med polnilnikom in inverterjem.<\/p><\/div><\/div>\n<\/div>\n\n\n\n<div style=\"height:5px\" aria-hidden=\"true\" class=\"wp-block-spacer\"><\/div>\n<\/div><\/div>\n\n\n\n<div class=\"wp-block-uagb-separator uagb-block-37d1f752\"><div class=\"wp-block-uagb-separator__inner\" style=\"--my-background-image:\"><\/div><\/div>\n\n\n<h2 class=\"wp-block-heading\">Integracija invertra Sungrow<\/h2>\n\n<p>Da bo integracija e-Charger Trydan z inverterji Sungrow delovala, je potrebno, da so ti povezani v isto omre\u017eje kot Trydan.&nbsp;Odvisno od modela inverterja se lahko pove\u017eejo z internetom na razli\u010dne na\u010dine.<\/p>\n\n<p>Po eni strani, \u010de ima inverter LAN vrata, se priporo\u010da, da inverter pove\u017eete z usmerjevalnikom preko RJ45 kabla.<\/p>\n\n\n<div class=\"wp-block-uagb-image aligncenter uagb-block-5d46d4c2 wp-block-uagb-image--layout-default wp-block-uagb-image--effect-static wp-block-uagb-image--align-center\"><figure class=\"wp-block-uagb-image__figure\"><img decoding=\"async\" srcset=\"https:\/\/v2charge.com\/wp-content\/uploads\/2024\/12\/configuration_sungrow.jpg ,https:\/\/v2charge.com\/wp-content\/uploads\/2024\/12\/configuration_sungrow.jpg 780w, https:\/\/v2charge.com\/wp-content\/uploads\/2024\/12\/configuration_sungrow.jpg 360w\" sizes=\"auto, (max-width: 480px) 150px\" src=\"https:\/\/v2charge.com\/wp-content\/uploads\/2024\/12\/configuration_sungrow.jpg\" alt=\"\" class=\"uag-image-198789\" width=\"704\" height=\"215\" title=\"configuration_sungrow\" loading=\"lazy\" role=\"img\"\/><\/figure><\/div>\n\n\n<p>Po drugi strani, \u010de inverter nima te povezave, je potreben modul WiNet-S, da lahko pove\u017eete inverter prek WiFi ali Ethernet.<\/p>\n\n\n<div class=\"wp-block-uagb-image aligncenter uagb-block-ad2c5bfa wp-block-uagb-image--layout-default wp-block-uagb-image--effect-static wp-block-uagb-image--align-center\"><figure class=\"wp-block-uagb-image__figure\"><img decoding=\"async\" srcset=\"https:\/\/v2charge.com\/wp-content\/uploads\/2024\/12\/winet-s.png ,https:\/\/v2charge.com\/wp-content\/uploads\/2024\/12\/winet-s.png 780w, https:\/\/v2charge.com\/wp-content\/uploads\/2024\/12\/winet-s.png 360w\" sizes=\"auto, (max-width: 480px) 150px\" src=\"https:\/\/v2charge.com\/wp-content\/uploads\/2024\/12\/winet-s.png\" alt=\"\" class=\"uag-image-198800\" width=\"800\" height=\"740\" title=\"winet-s\" loading=\"lazy\" role=\"img\"\/><\/figure><\/div>\n\n\n<p>Modul WiNet-S podpira tako Ethernet kot WLAN komunikacijo, vendar ni priporo\u010dljivo uporabljati obeh metod hkrati. Modul je treba vstaviti v vrata COM1 (2 na sliki) tako za WLAN kot za Ethernet komunikacijo, pri \u010demer je razlika ta, da je treba za Ethernet povezati kabel RJ45 na modul.<\/p>\n\n\n<div class=\"wp-block-uagb-image aligncenter uagb-block-4dd5edd8 wp-block-uagb-image--layout-default wp-block-uagb-image--effect-static wp-block-uagb-image--align-center\"><figure class=\"wp-block-uagb-image__figure\"><img decoding=\"async\" srcset=\"https:\/\/v2charge.com\/wp-content\/uploads\/2024\/12\/sungrow-comands.jpg ,https:\/\/v2charge.com\/wp-content\/uploads\/2024\/12\/sungrow-comands.jpg 780w, https:\/\/v2charge.com\/wp-content\/uploads\/2024\/12\/sungrow-comands.jpg 360w\" sizes=\"auto, (max-width: 480px) 150px\" src=\"https:\/\/v2charge.com\/wp-content\/uploads\/2024\/12\/sungrow-comands.jpg\" alt=\"\" class=\"uag-image-198813\" width=\"416\" height=\"322\" title=\"sungrow-comands\" loading=\"lazy\" role=\"img\"\/><\/figure><\/div>\n\n\n<p>Pri privzeti nastavitvi, ko sta inverter in Trydan v isti mre\u017ei, je integracija zaklju\u010dena. Vendar pa je treba zagotoviti, da so parametri komunikacije v inverterju naslednji:<\/p>\n\n\n<ul class=\"wp-block-list\"><li>Naslov (direcci\u00f3n): 1<\/li>\n\n<li>DHCP: VKLJU\u010cENO<\/li>\n\n<li>Port (priklju\u010dek): 502<\/li><\/ul>\n<\/div><\/div>\n\n\n\n<div class=\"wp-block-uagb-container uagb-block-1fb723ac alignfull uagb-is-root-container\"><div class=\"uagb-container-inner-blocks-wrap\">\n<div class=\"wp-block-uagb-container uagb-block-f9070278\"><p>V aplikaciji sledite navodilom za&nbsp;aktivacijo <a href=\"https:\/\/v2charge.com\/sl\/podro-je-podpore\/podpora-trydan\/control-dinamico-potencia\/\">Dinami\u010dnega Nadzora Mo\u010di<\/a>&nbsp;in v merilniku<strong> izberite Sungrow<\/strong>.<\/p><\/div>\n\n\n\n<div class=\"wp-block-uagb-container uagb-block-bf7d8139\">\n<div class=\"wp-block-uagb-image aligncenter uagb-block-bfeb1bc2 wp-block-uagb-image--layout-default wp-block-uagb-image--effect-static wp-block-uagb-image--align-center\"><figure class=\"wp-block-uagb-image__figure\"><img decoding=\"async\" srcset=\"https:\/\/v2charge.com\/wp-content\/uploads\/2025\/12\/sungrow-conectar.png ,https:\/\/v2charge.com\/wp-content\/uploads\/2025\/12\/sungrow-conectar.png 780w, https:\/\/v2charge.com\/wp-content\/uploads\/2025\/12\/sungrow-conectar.png 360w\" sizes=\"auto, (max-width: 480px) 150px\" src=\"https:\/\/v2charge.com\/wp-content\/uploads\/2025\/12\/sungrow-conectar.png\" alt=\"\" class=\"uag-image-293063\" width=\"468\" height=\"800\" title=\"sungrow-conectar\" loading=\"lazy\" role=\"img\"\/><\/figure><\/div>\n<\/div>\n<\/div><\/div>\n\n\n\n<div class=\"wp-block-uagb-container uagb-block-c6f38013 alignfull uagb-is-root-container\"><div class=\"uagb-container-inner-blocks-wrap\"><div class=\"wp-block-uagb-advanced-heading uagb-block-6963d70c\"><h2 class=\"uagb-heading-text\"><strong>Potrebujete tehni\u010dno podporo?<\/strong><\/h2><\/div>\n\n<div class=\"wp-block-uagb-advanced-heading uagb-block-408243eb\"><p class=\"uagb-heading-text\">Takoj re\u0161ite svojo te\u017eavo preko na\u0161ega klepeta z umetno inteligenco. \u010ce te\u017eave ne bo mogo\u010de re\u0161iti, ustvarite zahtevek v Tehni\u010dnem podpori in stopili bomo v stik z vami \u010dim prej, da vam ponudimo najbolj\u0161o re\u0161itev.<\/p><\/div>\n\n<div class=\"wp-block-uagb-info-box uagb-block-12e3cf1c uagb-infobox__content-wrap  uagb-infobox-icon-left uagb-infobox-left uagb-infobox-image-valign-top wp-block-uagb-info-box--has-margin ai-chatbot-button\"><div class=\"uagb-infobox-margin-wrapper\"><div class=\"uagb-ifb-image-content\"><img decoding=\"async\" src=\"https:\/\/v2charge.com\/wp-content\/uploads\/2026\/01\/support-ai-chatbot.png\" alt=\"\" width=\"20\" height=\"19\" loading=\"lazy\"\/><\/div><div class=\"uagb-ifb-content\"><div class=\"uagb-ifb-title-wrap\"><\/div><div class=\"uagb-ifb-button-wrapper wp-block-button\"><a href=\"https:\/\/v2charge.com\/sl\/v2c-support-web\/\" class=\"uagb-infobox-cta-link wp-block-button__link\" target=\"_blank\" rel=\"noopener noreferrer\" onclick=\"return true;\"><span class=\"uagb-inline-editing\">Vpra\u0161ajte na\u0161o IA klepetalnico<\/span><\/a><\/div><\/div><\/div><\/div>\n\n\n<div class=\"wp-block-uagb-buttons uagb-buttons__outer-wrap uagb-btn__default-btn uagb-btn-tablet__default-btn uagb-btn-mobile__default-btn uagb-block-ba1e67d1\"><div class=\"uagb-buttons__wrap uagb-buttons-layout-wrap \"><div class=\"wp-block-uagb-buttons-child uagb-buttons__outer-wrap uagb-block-23cfb623 wp-block-button\"><div class=\"uagb-button__wrapper\"><a class=\"uagb-buttons-repeater wp-block-button__link\" aria-label=\"\" href=\"https:\/\/v2charge.atlassian.net\/servicedesk\/customer\/portal\/3\" rel=\"follow noopener\" target=\"_blank\" role=\"button\"><div class=\"uagb-button__link\">Kontaktirajte tehni\u010dno podporo<\/div><\/a><\/div><\/div><\/div><\/div>\n<\/div><\/div>\n","protected":false},"excerpt":{"rendered":"<p>Integracija invertra Sungrow s Trydanom Pove\u017eite svojo polnilno postajo Trydan z inverterjem Sungrow, da kar najbolje izkoristite energijo. Uporaba&nbsp;Wi-Fi repetitorjev&nbsp;ali&nbsp;mesh omre\u017eij&nbsp;lahko vpliva na pravilno delovanje sistema. Priporo\u010damo uporabo&nbsp;stabilnega Wi-Fi omre\u017eja&nbsp;in neposredne povezave&nbsp;za zagotovitev optimalne povezave med polnilnikom in inverterjem. Integracija invertra Sungrow Da bo integracija e-Charger Trydan z inverterji Sungrow delovala, je potrebno, da so &#8230; <a title=\"Integracija inverterja Sungrow s Trydan\" class=\"read-more\" href=\"https:\/\/v2charge.com\/sl\/podro-je-podpore\/nadzor-mo-i\/dinami-no-upravljanje-mo-i\/integracija-fotovoltaike\/integracija-inverterja-sungrow-s-trydan\/\" aria-label=\"Read more about Integracija inverterja Sungrow s Trydan\">Read more<\/a><\/p>\n","protected":false},"author":400,"featured_media":0,"parent":312853,"menu_order":0,"comment_status":"closed","ping_status":"closed","template":"","meta":{"_eb_attr":"","content-type":"","_uag_custom_page_level_css":"","footnotes":""},"class_list":["post-312899","page","type-page","status-publish"],"yoast_head":"<!-- This site is optimized with the Yoast SEO plugin v25.3.1 - https:\/\/yoast.com\/wordpress\/plugins\/seo\/ -->\n<title>Integracija inverterja Sungrow s Trydan - V2C<\/title>\n<meta name=\"description\" content=\"Inverter Sungrow se lahko integrira z e-Charger Trydan preko Ethernet ali WiFi. Dolo\u010dili smo korake, ki jih je treba slediti.\" \/>\n<meta name=\"robots\" content=\"index, follow, max-snippet:-1, max-image-preview:large, max-video-preview:-1\" \/>\n<link rel=\"canonical\" href=\"https:\/\/v2charge.com\/sl\/podro-je-podpore\/nadzor-mo-i\/dinami-no-upravljanje-mo-i\/integracija-fotovoltaike\/integracija-inverterja-sungrow-s-trydan\/\" \/>\n<meta property=\"og:locale\" content=\"sl_SI\" \/>\n<meta property=\"og:type\" content=\"article\" \/>\n<meta property=\"og:title\" content=\"Integracija inverterja Sungrow s Trydan - V2C\" \/>\n<meta property=\"og:description\" content=\"Inverter Sungrow se lahko integrira z e-Charger Trydan preko Ethernet ali WiFi. Dolo\u010dili smo korake, ki jih je treba slediti.\" \/>\n<meta property=\"og:url\" content=\"https:\/\/v2charge.com\/sl\/podro-je-podpore\/nadzor-mo-i\/dinami-no-upravljanje-mo-i\/integracija-fotovoltaike\/integracija-inverterja-sungrow-s-trydan\/\" \/>\n<meta property=\"og:site_name\" content=\"V2C\" \/>\n<meta property=\"article:publisher\" content=\"https:\/\/www.facebook.com\/V2C.Charge\" \/>\n<meta property=\"article:modified_time\" content=\"2026-01-09T11:16:37+00:00\" \/>\n<meta property=\"og:image\" content=\"https:\/\/v2charge.com\/wp-content\/uploads\/2024\/12\/sungrow_logo.png\" \/>\n<meta name=\"twitter:card\" content=\"summary_large_image\" \/>\n<meta name=\"twitter:site\" content=\"@V2C_Charge\" \/>\n<meta name=\"twitter:label1\" content=\"Est. reading time\" \/>\n\t<meta name=\"twitter:data1\" content=\"3 minute\" \/>\n<script type=\"application\/ld+json\" class=\"yoast-schema-graph\">{\"@context\":\"https:\/\/schema.org\",\"@graph\":[{\"@type\":\"WebPage\",\"@id\":\"https:\/\/v2charge.com\/sl\/podro-je-podpore\/nadzor-mo-i\/dinami-no-upravljanje-mo-i\/integracija-fotovoltaike\/integracija-inverterja-sungrow-s-trydan\/\",\"url\":\"https:\/\/v2charge.com\/sl\/podro-je-podpore\/nadzor-mo-i\/dinami-no-upravljanje-mo-i\/integracija-fotovoltaike\/integracija-inverterja-sungrow-s-trydan\/\",\"name\":\"Integracija inverterja Sungrow s Trydan - V2C\",\"isPartOf\":{\"@id\":\"https:\/\/v2charge.com\/sl\/#website\"},\"primaryImageOfPage\":{\"@id\":\"https:\/\/v2charge.com\/sl\/podro-je-podpore\/nadzor-mo-i\/dinami-no-upravljanje-mo-i\/integracija-fotovoltaike\/integracija-inverterja-sungrow-s-trydan\/#primaryimage\"},\"image\":{\"@id\":\"https:\/\/v2charge.com\/sl\/podro-je-podpore\/nadzor-mo-i\/dinami-no-upravljanje-mo-i\/integracija-fotovoltaike\/integracija-inverterja-sungrow-s-trydan\/#primaryimage\"},\"thumbnailUrl\":\"https:\/\/v2charge.com\/wp-content\/uploads\/2024\/12\/sungrow_logo.png\",\"datePublished\":\"2025-01-16T11:08:35+00:00\",\"dateModified\":\"2026-01-09T11:16:37+00:00\",\"description\":\"Inverter Sungrow se lahko integrira z e-Charger Trydan preko Ethernet ali WiFi. Dolo\u010dili smo korake, ki jih je treba slediti.\",\"breadcrumb\":{\"@id\":\"https:\/\/v2charge.com\/sl\/podro-je-podpore\/nadzor-mo-i\/dinami-no-upravljanje-mo-i\/integracija-fotovoltaike\/integracija-inverterja-sungrow-s-trydan\/#breadcrumb\"},\"inLanguage\":\"sl-SI\",\"potentialAction\":[{\"@type\":\"ReadAction\",\"target\":[\"https:\/\/v2charge.com\/sl\/podro-je-podpore\/nadzor-mo-i\/dinami-no-upravljanje-mo-i\/integracija-fotovoltaike\/integracija-inverterja-sungrow-s-trydan\/\"]}]},{\"@type\":\"ImageObject\",\"inLanguage\":\"sl-SI\",\"@id\":\"https:\/\/v2charge.com\/sl\/podro-je-podpore\/nadzor-mo-i\/dinami-no-upravljanje-mo-i\/integracija-fotovoltaike\/integracija-inverterja-sungrow-s-trydan\/#primaryimage\",\"url\":\"https:\/\/v2charge.com\/wp-content\/uploads\/2024\/12\/sungrow_logo.png\",\"contentUrl\":\"https:\/\/v2charge.com\/wp-content\/uploads\/2024\/12\/sungrow_logo.png\"},{\"@type\":\"BreadcrumbList\",\"@id\":\"https:\/\/v2charge.com\/sl\/podro-je-podpore\/nadzor-mo-i\/dinami-no-upravljanje-mo-i\/integracija-fotovoltaike\/integracija-inverterja-sungrow-s-trydan\/#breadcrumb\",\"itemListElement\":[{\"@type\":\"ListItem\",\"position\":1,\"name\":\"V2C\",\"item\":\"https:\/\/v2charge.com\/sl\/\"},{\"@type\":\"ListItem\",\"position\":2,\"name\":\"Podro\u010dje podpore\",\"item\":\"https:\/\/v2charge.com\/sl\/podro-je-podpore\/\"},{\"@type\":\"ListItem\",\"position\":3,\"name\":\"Control de potencia\",\"item\":\"https:\/\/v2charge.com\/sl\/nadzor-mo-i\/\"},{\"@type\":\"ListItem\",\"position\":4,\"name\":\"Din\u00e1mico\",\"item\":\"https:\/\/v2charge.com\/sl\/dinami-no-upravljanje-mo-i\/\"},{\"@type\":\"ListItem\",\"position\":5,\"name\":\"Fotovoltaica\",\"item\":\"https:\/\/v2charge.com\/sl\/dinami-no-upravljanje-mo-i\/integracija-fotovoltaike\/\"},{\"@type\":\"ListItem\",\"position\":6,\"name\":\"Inversor Sungrow\"}]},{\"@type\":\"WebSite\",\"@id\":\"https:\/\/v2charge.com\/sl\/#website\",\"url\":\"https:\/\/v2charge.com\/sl\/\",\"name\":\"V2C\",\"description\":\"#CargandoElMa\u00f1ana\",\"publisher\":{\"@id\":\"https:\/\/v2charge.com\/sl\/#organization\"},\"potentialAction\":[{\"@type\":\"SearchAction\",\"target\":{\"@type\":\"EntryPoint\",\"urlTemplate\":\"https:\/\/v2charge.com\/sl\/?s={search_term_string}\"},\"query-input\":{\"@type\":\"PropertyValueSpecification\",\"valueRequired\":true,\"valueName\":\"search_term_string\"}}],\"inLanguage\":\"sl-SI\"},{\"@type\":\"Organization\",\"@id\":\"https:\/\/v2charge.com\/sl\/#organization\",\"name\":\"V2C\",\"url\":\"https:\/\/v2charge.com\/sl\/\",\"logo\":{\"@type\":\"ImageObject\",\"inLanguage\":\"sl-SI\",\"@id\":\"https:\/\/v2charge.com\/sl\/#\/schema\/logo\/image\/\",\"url\":\"https:\/\/v2charge.com\/wp-content\/uploads\/2024\/11\/cropped-v2c-charge-logo-menu.png\",\"contentUrl\":\"https:\/\/v2charge.com\/wp-content\/uploads\/2024\/11\/cropped-v2c-charge-logo-menu.png\",\"width\":984,\"height\":431,\"caption\":\"V2C\"},\"image\":{\"@id\":\"https:\/\/v2charge.com\/sl\/#\/schema\/logo\/image\/\"},\"sameAs\":[\"https:\/\/www.facebook.com\/V2C.Charge\",\"https:\/\/x.com\/V2C_Charge\",\"https:\/\/www.instagram.com\/v2c.charge\/\",\"https:\/\/www.youtube.com\/@V2C\",\"https:\/\/www.linkedin.com\/company\/v2c-chargers\/\"]}]}<\/script>\n<!-- \/ Yoast SEO plugin. -->","yoast_head_json":{"title":"Integracija inverterja Sungrow s Trydan - V2C","description":"Inverter Sungrow se lahko integrira z e-Charger Trydan preko Ethernet ali WiFi. Dolo\u010dili smo korake, ki jih je treba slediti.","robots":{"index":"index","follow":"follow","max-snippet":"max-snippet:-1","max-image-preview":"max-image-preview:large","max-video-preview":"max-video-preview:-1"},"canonical":"https:\/\/v2charge.com\/sl\/podro-je-podpore\/nadzor-mo-i\/dinami-no-upravljanje-mo-i\/integracija-fotovoltaike\/integracija-inverterja-sungrow-s-trydan\/","og_locale":"sl_SI","og_type":"article","og_title":"Integracija inverterja Sungrow s Trydan - V2C","og_description":"Inverter Sungrow se lahko integrira z e-Charger Trydan preko Ethernet ali WiFi. Dolo\u010dili smo korake, ki jih je treba slediti.","og_url":"https:\/\/v2charge.com\/sl\/podro-je-podpore\/nadzor-mo-i\/dinami-no-upravljanje-mo-i\/integracija-fotovoltaike\/integracija-inverterja-sungrow-s-trydan\/","og_site_name":"V2C","article_publisher":"https:\/\/www.facebook.com\/V2C.Charge","article_modified_time":"2026-01-09T11:16:37+00:00","og_image":[{"url":"https:\/\/v2charge.com\/wp-content\/uploads\/2024\/12\/sungrow_logo.png","type":"","width":"","height":""}],"twitter_card":"summary_large_image","twitter_site":"@V2C_Charge","twitter_misc":{"Est. reading time":"3 minute"},"schema":{"@context":"https:\/\/schema.org","@graph":[{"@type":"WebPage","@id":"https:\/\/v2charge.com\/sl\/podro-je-podpore\/nadzor-mo-i\/dinami-no-upravljanje-mo-i\/integracija-fotovoltaike\/integracija-inverterja-sungrow-s-trydan\/","url":"https:\/\/v2charge.com\/sl\/podro-je-podpore\/nadzor-mo-i\/dinami-no-upravljanje-mo-i\/integracija-fotovoltaike\/integracija-inverterja-sungrow-s-trydan\/","name":"Integracija inverterja Sungrow s Trydan - V2C","isPartOf":{"@id":"https:\/\/v2charge.com\/sl\/#website"},"primaryImageOfPage":{"@id":"https:\/\/v2charge.com\/sl\/podro-je-podpore\/nadzor-mo-i\/dinami-no-upravljanje-mo-i\/integracija-fotovoltaike\/integracija-inverterja-sungrow-s-trydan\/#primaryimage"},"image":{"@id":"https:\/\/v2charge.com\/sl\/podro-je-podpore\/nadzor-mo-i\/dinami-no-upravljanje-mo-i\/integracija-fotovoltaike\/integracija-inverterja-sungrow-s-trydan\/#primaryimage"},"thumbnailUrl":"https:\/\/v2charge.com\/wp-content\/uploads\/2024\/12\/sungrow_logo.png","datePublished":"2025-01-16T11:08:35+00:00","dateModified":"2026-01-09T11:16:37+00:00","description":"Inverter Sungrow se lahko integrira z e-Charger Trydan preko Ethernet ali WiFi. Dolo\u010dili smo korake, ki jih je treba slediti.","breadcrumb":{"@id":"https:\/\/v2charge.com\/sl\/podro-je-podpore\/nadzor-mo-i\/dinami-no-upravljanje-mo-i\/integracija-fotovoltaike\/integracija-inverterja-sungrow-s-trydan\/#breadcrumb"},"inLanguage":"sl-SI","potentialAction":[{"@type":"ReadAction","target":["https:\/\/v2charge.com\/sl\/podro-je-podpore\/nadzor-mo-i\/dinami-no-upravljanje-mo-i\/integracija-fotovoltaike\/integracija-inverterja-sungrow-s-trydan\/"]}]},{"@type":"ImageObject","inLanguage":"sl-SI","@id":"https:\/\/v2charge.com\/sl\/podro-je-podpore\/nadzor-mo-i\/dinami-no-upravljanje-mo-i\/integracija-fotovoltaike\/integracija-inverterja-sungrow-s-trydan\/#primaryimage","url":"https:\/\/v2charge.com\/wp-content\/uploads\/2024\/12\/sungrow_logo.png","contentUrl":"https:\/\/v2charge.com\/wp-content\/uploads\/2024\/12\/sungrow_logo.png"},{"@type":"BreadcrumbList","@id":"https:\/\/v2charge.com\/sl\/podro-je-podpore\/nadzor-mo-i\/dinami-no-upravljanje-mo-i\/integracija-fotovoltaike\/integracija-inverterja-sungrow-s-trydan\/#breadcrumb","itemListElement":[{"@type":"ListItem","position":1,"name":"V2C","item":"https:\/\/v2charge.com\/sl\/"},{"@type":"ListItem","position":2,"name":"Podro\u010dje podpore","item":"https:\/\/v2charge.com\/sl\/podro-je-podpore\/"},{"@type":"ListItem","position":3,"name":"Control de potencia","item":"https:\/\/v2charge.com\/sl\/nadzor-mo-i\/"},{"@type":"ListItem","position":4,"name":"Din\u00e1mico","item":"https:\/\/v2charge.com\/sl\/dinami-no-upravljanje-mo-i\/"},{"@type":"ListItem","position":5,"name":"Fotovoltaica","item":"https:\/\/v2charge.com\/sl\/dinami-no-upravljanje-mo-i\/integracija-fotovoltaike\/"},{"@type":"ListItem","position":6,"name":"Inversor Sungrow"}]},{"@type":"WebSite","@id":"https:\/\/v2charge.com\/sl\/#website","url":"https:\/\/v2charge.com\/sl\/","name":"V2C","description":"#CargandoElMa\u00f1ana","publisher":{"@id":"https:\/\/v2charge.com\/sl\/#organization"},"potentialAction":[{"@type":"SearchAction","target":{"@type":"EntryPoint","urlTemplate":"https:\/\/v2charge.com\/sl\/?s={search_term_string}"},"query-input":{"@type":"PropertyValueSpecification","valueRequired":true,"valueName":"search_term_string"}}],"inLanguage":"sl-SI"},{"@type":"Organization","@id":"https:\/\/v2charge.com\/sl\/#organization","name":"V2C","url":"https:\/\/v2charge.com\/sl\/","logo":{"@type":"ImageObject","inLanguage":"sl-SI","@id":"https:\/\/v2charge.com\/sl\/#\/schema\/logo\/image\/","url":"https:\/\/v2charge.com\/wp-content\/uploads\/2024\/11\/cropped-v2c-charge-logo-menu.png","contentUrl":"https:\/\/v2charge.com\/wp-content\/uploads\/2024\/11\/cropped-v2c-charge-logo-menu.png","width":984,"height":431,"caption":"V2C"},"image":{"@id":"https:\/\/v2charge.com\/sl\/#\/schema\/logo\/image\/"},"sameAs":["https:\/\/www.facebook.com\/V2C.Charge","https:\/\/x.com\/V2C_Charge","https:\/\/www.instagram.com\/v2c.charge\/","https:\/\/www.youtube.com\/@V2C","https:\/\/www.linkedin.com\/company\/v2c-chargers\/"]}]}},"uagb_featured_image_src":{"full":false,"thumbnail":false,"medium":false,"medium_large":false,"large":false,"gs-tiny":false,"xl":false,"xxl":false,"xxxl":false,"xxxxl":false,"xxxxxl":false,"1536x1536":false,"2048x2048":false},"uagb_author_info":{"display_name":"V2C","author_link":"https:\/\/v2charge.com\/sl\/author\/marketing\/"},"uagb_comment_info":0,"uagb_excerpt":"Integracija invertra Sungrow s Trydanom Pove\u017eite svojo polnilno postajo Trydan z inverterjem Sungrow, da kar najbolje izkoristite energijo. Uporaba&nbsp;Wi-Fi repetitorjev&nbsp;ali&nbsp;mesh omre\u017eij&nbsp;lahko vpliva na pravilno delovanje sistema. Priporo\u010damo uporabo&nbsp;stabilnega Wi-Fi omre\u017eja&nbsp;in neposredne povezave&nbsp;za zagotovitev optimalne povezave med polnilnikom in inverterjem. Integracija invertra Sungrow Da bo integracija e-Charger Trydan z inverterji Sungrow delovala, je potrebno, da so&hellip;","_links":{"self":[{"href":"https:\/\/v2charge.com\/sl\/wp-json\/wp\/v2\/pages\/312899","targetHints":{"allow":["GET"]}}],"collection":[{"href":"https:\/\/v2charge.com\/sl\/wp-json\/wp\/v2\/pages"}],"about":[{"href":"https:\/\/v2charge.com\/sl\/wp-json\/wp\/v2\/types\/page"}],"author":[{"embeddable":true,"href":"https:\/\/v2charge.com\/sl\/wp-json\/wp\/v2\/users\/400"}],"replies":[{"embeddable":true,"href":"https:\/\/v2charge.com\/sl\/wp-json\/wp\/v2\/comments?post=312899"}],"version-history":[{"count":0,"href":"https:\/\/v2charge.com\/sl\/wp-json\/wp\/v2\/pages\/312899\/revisions"}],"up":[{"embeddable":true,"href":"https:\/\/v2charge.com\/sl\/wp-json\/wp\/v2\/pages\/312853"}],"wp:attachment":[{"href":"https:\/\/v2charge.com\/sl\/wp-json\/wp\/v2\/media?parent=312899"}],"curies":[{"name":"wp","href":"https:\/\/api.w.org\/{rel}","templated":true}]}}