{"id":312934,"date":"2021-10-11T07:44:05","date_gmt":"2021-10-11T07:44:05","guid":{"rendered":""},"modified":"2025-05-15T12:22:10","modified_gmt":"2025-05-15T10:22:10","slug":"e-chargers-sl-1776025660","status":"publish","type":"page","link":"https:\/\/v2charge.com\/sl\/e-chargers-sl-1776025660\/","title":{"rendered":"e-Chargers"},"content":{"rendered":"\n<div class=\"wp-block-uagb-container uagb-block-3eeeb7b7 alignfull uagb-is-root-container\"><div class=\"uagb-container-inner-blocks-wrap\"><div class=\"wp-block-uagb-advanced-heading uagb-block-b008c341\"><h1 class=\"uagb-heading-text\">Odkrijte na\u0161e <strong>e-polnilce<\/strong><\/h1><\/div>\n\n<div class=\"wp-block-uagb-advanced-heading uagb-block-ead22942\"><h2 class=\"uagb-heading-text\">Najdite polnilnik za elektri\u010dna vozila, ki najbolje ustreza va\u0161im potrebam<\/h2><\/div><\/div><\/div>\n\n\n\n<div class=\"wp-block-uagb-container uagb-block-f63109f1 alignfull uagb-is-root-container\">\n<div class=\"wp-block-uagb-container uagb-block-b8f23ec5\">\n<div class=\"wp-block-uagb-container uagb-block-eaed02da\"><\/div>\n<\/div>\n\n\n\n<div class=\"wp-block-uagb-container uagb-block-af493a86\"><div class=\"wp-block-uagb-advanced-heading uagb-block-b7af62e7\"><h2 class=\"uagb-heading-text\">TRYDAN<\/h2><\/div>\n\n<div class=\"wp-block-uagb-advanced-heading uagb-block-369bffad\"><h3 class=\"uagb-heading-text\">Inteligenca in kon\u010dna kontrola na dosegu roke<\/h3><\/div>\n\n<p class=\"has-base-3-color has-text-color\">S Trydanom boste odkrili nov na\u010din polnjenja: najbolj izviren in najpametnej\u0161i, kar jih poznamo doslej.<\/p>\n\n<p class=\"has-base-3-color has-text-color\">Revolucionarna zasnova, sestavljena iz avangardnega sloga, ki prina\u0161a eleganco in funkcionalnost.<\/p>\n\n\n<div class=\"wp-block-uagb-buttons uagb-buttons__outer-wrap uagb-btn__default-btn uagb-btn-tablet__default-btn uagb-btn-mobile__default-btn uagb-block-dc48ca84\"><div class=\"uagb-buttons__wrap uagb-buttons-layout-wrap \"><div class=\"wp-block-uagb-buttons-child uagb-buttons__outer-wrap uagb-block-d99e6b32 wp-block-button\"><div class=\"uagb-button__wrapper\"><a class=\"uagb-buttons-repeater wp-block-button__link\" aria-label=\"\" href=\"https:\/\/v2charge.com\/sl\/trydan\/\" rel=\"follow noopener\" target=\"_self\" role=\"button\"><div class=\"uagb-button__link\">VIDI TRYDAN<\/div><\/a><\/div><\/div><\/div><\/div>\n<\/div>\n<\/div>\n\n\n\n<div class=\"wp-block-uagb-container uagb-block-8d83ad62 alignfull uagb-is-root-container\">\n<div class=\"wp-block-uagb-container uagb-block-df871797\"><div class=\"wp-block-uagb-advanced-heading uagb-block-62e0970a\"><h2 class=\"uagb-heading-text\">TRYDAN PRO<\/h2><\/div>\n\n<div class=\"wp-block-uagb-advanced-heading uagb-block-b03b3d2c\"><h3 class=\"uagb-heading-text\">Popolna evolucija z absolutno povezljivostjo<\/h3><\/div>\n\n<p>Ostanite vedno povezani s Trydan Pro. 4G tehnologija in Ethernet za takoj\u0161nji in neprekinjen dostop do interneta.<\/p>\n\n<p>Identificirajte ve\u010d uporabnikov in zagotovite dostopno ter varno polnjenje preko svoje RFID\/NFC tehnologije.<\/p>\n\n\n<div class=\"wp-block-uagb-buttons uagb-buttons__outer-wrap uagb-btn__default-btn uagb-btn-tablet__default-btn uagb-btn-mobile__default-btn uagb-block-7008c05c\"><div class=\"uagb-buttons__wrap uagb-buttons-layout-wrap \"><div class=\"wp-block-uagb-buttons-child uagb-buttons__outer-wrap uagb-block-1b818de0 wp-block-button is-style-outline\"><div class=\"uagb-button__wrapper\"><a class=\"uagb-buttons-repeater wp-block-button__link\" aria-label=\"\" href=\"https:\/\/v2charge.com\/sl\/trydan-pro\/\" rel=\"follow noopener\" target=\"_self\" role=\"button\"><div class=\"uagb-button__link\">VIDI TRYDAN PRO<\/div><\/a><\/div><\/div><\/div><\/div>\n<\/div>\n\n\n\n<div class=\"wp-block-uagb-container uagb-block-efb230ef\">\n<div class=\"wp-block-uagb-container uagb-block-15439cb3\"><\/div>\n<\/div>\n<\/div>\n\n\n\n<div class=\"wp-block-uagb-container uagb-block-547d64c6 alignfull uagb-is-root-container\">\n<div class=\"wp-block-uagb-container uagb-block-606cc092\">\n<div class=\"wp-block-uagb-container uagb-block-f01f2188\"><\/div>\n<\/div>\n\n\n\n<div class=\"wp-block-uagb-container uagb-block-a97f2181\"><div class=\"wp-block-uagb-advanced-heading uagb-block-a1df6c01\"><h2 class=\"uagb-heading-text\">POLE PRO<\/h2><\/div>\n\n<div class=\"wp-block-uagb-advanced-heading uagb-block-ce47bbaf\"><h3 class=\"uagb-heading-text\">Najpametnej\u0161a in najbolj dobi\u010dkonosna re\u0161itev za deljenje polnjenja<\/h3><\/div>\n\n<p class=\"has-base-3-color has-text-color\">Pole Pro vklju\u010duje najnovej\u0161o tehnologijo, da ponudi naju\u010dinkovitej\u0161e polnjenje za ve\u010d uporabnikov v javnih in zasebnih prostorih.<\/p>\n\n<p class=\"has-base-3-color has-text-color\">Eleganten, robusten dizajn z najbolj\u0161o povezljivostjo za najbolj zahtevne okolje v dveh razli\u010dicah, talni ali stenski.<\/p>\n\n\n<div class=\"wp-block-uagb-buttons uagb-buttons__outer-wrap uagb-btn__default-btn uagb-btn-tablet__default-btn uagb-btn-mobile__default-btn uagb-block-dc3d4f70\"><div class=\"uagb-buttons__wrap uagb-buttons-layout-wrap \"><div class=\"wp-block-uagb-buttons-child uagb-buttons__outer-wrap uagb-block-93b88203 wp-block-button\"><div class=\"uagb-button__wrapper\"><a class=\"uagb-buttons-repeater wp-block-button__link\" aria-label=\"\" href=\"https:\/\/v2charge.com\/sl\/pole\/\" rel=\"follow noopener\" target=\"_self\" role=\"button\"><div class=\"uagb-button__link\">VIDI POLE PRO<\/div><\/a><\/div><\/div><\/div><\/div>\n<\/div>\n<\/div>\n\n\n\n<div class=\"wp-block-uagb-container uagb-block-bb89d55d alignfull uagb-is-root-container\">\n<div class=\"wp-block-uagb-container uagb-block-03544c89\"><div class=\"wp-block-uagb-advanced-heading uagb-block-ae32fdcf\"><h2 class=\"uagb-heading-text\">DENKA<\/h2><\/div>\n\n<div class=\"wp-block-uagb-advanced-heading uagb-block-ba6ea7bd\"><h3 class=\"uagb-heading-text\">Najbolj ultra-kompaktni hitri polnilec v svojem razredu<\/h3><\/div>\n\n<p class=\"has-contrast-color has-text-color\">Denka je zasnovana za dosego maksimalne zmogljivosti v minimalnem prostoru. Omogo\u010da vam, da napolnite do 140 km v samo 30 minutah, kar zdru\u017euje mo\u010d in u\u010dinkovitost pri vsakem uporabi.<\/p>\n\n<p class=\"has-contrast-color has-text-color\">Na voljo v razli\u010dicah 20 kW in 40 kW.<\/p>\n\n\n<div class=\"wp-block-uagb-buttons uagb-buttons__outer-wrap uagb-btn__default-btn uagb-btn-tablet__default-btn uagb-btn-mobile__default-btn uagb-block-b87795b8\"><div class=\"uagb-buttons__wrap uagb-buttons-layout-wrap \"><div class=\"wp-block-uagb-buttons-child uagb-buttons__outer-wrap uagb-block-f94af162 wp-block-button is-style-outline\"><div class=\"uagb-button__wrapper\"><a class=\"uagb-buttons-repeater wp-block-button__link\" aria-label=\"\" href=\"https:\/\/v2charge.com\/sl\/denka\/\" rel=\"follow noopener\" target=\"_self\" role=\"button\"><div class=\"uagb-button__link\">VIDI DENKA<\/div><\/a><\/div><\/div><\/div><\/div>\n<\/div>\n\n\n\n<div class=\"wp-block-uagb-container uagb-block-fa0686a4\">\n<div class=\"wp-block-uagb-container uagb-block-7299d301\"><\/div>\n<\/div>\n<\/div>\n\n\n\n<div class=\"wp-block-uagb-container uagb-block-26ae079b alignfull uagb-is-root-container\">\n<div class=\"wp-block-uagb-container uagb-block-b554521b\">\n<div class=\"wp-block-uagb-container uagb-block-9a000845\"><\/div>\n<\/div>\n\n\n\n<div class=\"wp-block-uagb-container uagb-block-a90475c3\"><div class=\"wp-block-uagb-advanced-heading uagb-block-c2bdcf5e\"><h2 class=\"uagb-heading-text\">SCREEN<\/h2><\/div>\n\n<div class=\"wp-block-uagb-advanced-heading uagb-block-517ae055\"><h3 class=\"uagb-heading-text\">Prvi in edinstveni e-polnilec, ki integrira ogla\u0161evanje<\/h3><\/div>\n\n<p class=\"has-base-3-color has-text-color\">Screen razvija novo tehnologijo, ki je \u0161e nikoli nismo videli. Ta izjemna polnilna postaja lahko polni katero koli elektri\u010dno vozilo in hkrati prikazuje personalizirane oglase.<\/p>\n\n<p class=\"has-base-3-color has-text-color\">O\u010darala vas bo prisotnost velikega 43-pal\u010dnega LED zaslona.<\/p>\n\n\n<div class=\"wp-block-uagb-buttons uagb-buttons__outer-wrap uagb-btn__default-btn uagb-btn-tablet__default-btn uagb-btn-mobile__default-btn uagb-block-76d98a3d\"><div class=\"uagb-buttons__wrap uagb-buttons-layout-wrap \"><div class=\"wp-block-uagb-buttons-child uagb-buttons__outer-wrap uagb-block-10d6f73f wp-block-button is-style-outline\"><div class=\"uagb-button__wrapper\"><a class=\"uagb-buttons-repeater wp-block-button__link\" aria-label=\"\" href=\"https:\/\/v2charge.com\/sl\/screen\/\" rel=\"follow noopener\" target=\"_self\" role=\"button\"><div class=\"uagb-button__link\">OGLEJTE ZASLON<\/div><\/a><\/div><\/div><\/div><\/div>\n<\/div>\n<\/div>\n\n\n\n<div class=\"wp-block-uagb-container uagb-block-0095458a alignfull uagb-is-root-container\">\n<div class=\"wp-block-uagb-container uagb-block-5361863f\"><div class=\"wp-block-uagb-advanced-heading uagb-block-fae95d4b\"><h2 class=\"uagb-heading-text\">EV PRENOSNI<\/h2><\/div>\n\n<div class=\"wp-block-uagb-advanced-heading uagb-block-2258c590\"><h3 class=\"uagb-heading-text\">Lahkost in oblikovanje, kamorkoli greste<\/h3><\/div>\n\n<p class=\"has-contrast-color has-text-color\">Potujete lahko brez spremembe va\u0161e poti. EV Portable je lahek, kompakten e-polnilec in ga je enostavno prena\u0161ati.<\/p>\n\n<p class=\"has-contrast-color has-text-color\">Njegove majhne dimenzije in najve\u010dja mo\u010d bosta va\u0161 najbolj\u0161i partner med katerim koli potovanjem.<\/p>\n\n\n<div class=\"wp-block-uagb-buttons uagb-buttons__outer-wrap uagb-btn__default-btn uagb-btn-tablet__default-btn uagb-btn-mobile__default-btn uagb-block-a428d7ff\"><div class=\"uagb-buttons__wrap uagb-buttons-layout-wrap \"><div class=\"wp-block-uagb-buttons-child uagb-buttons__outer-wrap uagb-block-ec608a32 wp-block-button is-style-outline\"><div class=\"uagb-button__wrapper\"><a class=\"uagb-buttons-repeater wp-block-button__link\" aria-label=\"\" href=\"https:\/\/v2charge.com\/sl\/ev-portable\/\" rel=\"follow noopener\" target=\"_self\" role=\"button\"><div class=\"uagb-button__link\">OGLEJTE EV PORTABLE<\/div><\/a><\/div><\/div><\/div><\/div>\n<\/div>\n\n\n\n<div class=\"wp-block-uagb-container uagb-block-7d76ad5b\">\n<div class=\"wp-block-uagb-container uagb-block-4cb2e33a\"><\/div>\n<\/div>\n<\/div>\n\n\n\n<div class=\"wp-block-uagb-container uagb-block-5b548101 alignfull uagb-is-root-container\"><div class=\"uagb-container-inner-blocks-wrap\"><div class=\"wp-block-uagb-advanced-heading uagb-block-cda468fa\"><h2 class=\"uagb-heading-text\">Posvetujte se s katalogom na\u0161ih V2C polnilnikov<\/h2><\/div>\n\n\n<div class=\"wp-block-uagb-buttons uagb-buttons__outer-wrap uagb-btn__default-btn uagb-btn-tablet__default-btn uagb-btn-mobile__default-btn uagb-block-1846dace\"><div class=\"uagb-buttons__wrap uagb-buttons-layout-wrap \"><div class=\"wp-block-uagb-buttons-child uagb-buttons__outer-wrap uagb-block-34f2bffb wp-block-button is-style-outline\"><div class=\"uagb-button__wrapper\"><a class=\"uagb-buttons-repeater wp-block-button__link\" aria-label=\"\" href=\"https:\/\/v2charge.com\/sl\/catalogues\/\" rel=\"follow noopener\" target=\"_self\" role=\"button\"><div class=\"uagb-button__link\">Posvetujte se s katalogi<\/div><\/a><\/div><\/div><\/div><\/div>\n<\/div><\/div>\n","protected":false},"excerpt":{"rendered":"<p>Odkrijte na\u0161e e-polnilce Najdite polnilnik za elektri\u010dna vozila, ki najbolje ustreza va\u0161im potrebam TRYDAN Inteligenca in kon\u010dna kontrola na dosegu roke S Trydanom boste odkrili nov na\u010din polnjenja: najbolj izviren in najpametnej\u0161i, kar jih poznamo doslej. Revolucionarna zasnova, sestavljena iz avangardnega sloga, ki prina\u0161a eleganco in funkcionalnost. TRYDAN PRO Popolna evolucija z absolutno povezljivostjo Ostanite &#8230; <a title=\"e-Chargers\" class=\"read-more\" href=\"https:\/\/v2charge.com\/sl\/e-chargers-sl-1776025660\/\" aria-label=\"Read more about e-Chargers\">Read more<\/a><\/p>\n","protected":false},"author":1,"featured_media":170346,"parent":0,"menu_order":0,"comment_status":"closed","ping_status":"closed","template":"","meta":{"_eb_attr":"","content-type":"","_uag_custom_page_level_css":"","footnotes":""},"class_list":["post-312934","page","type-page","status-publish","has-post-thumbnail"],"yoast_head":"<!-- This site is optimized with the Yoast SEO plugin v25.3.1 - https:\/\/yoast.com\/wordpress\/plugins\/seo\/ -->\n<title>V2C Polnilci \u25b7 Odkrijte najbolj\u0161e polnilce za elektri\u010dne avtomobile<\/title>\n<meta name=\"description\" content=\"Odkrijte na\u0161 katalog e-Chargerjev, V2C polnilcev, ki vas bodo popeljali v prihodnost, trajnost in inovacije preko elektri\u010dnega polnjenja.\" \/>\n<meta name=\"robots\" content=\"index, follow, max-snippet:-1, max-image-preview:large, max-video-preview:-1\" \/>\n<link rel=\"canonical\" href=\"https:\/\/v2charge.com\/sl\/e-chargers-sl-1776025660\/\" \/>\n<meta property=\"og:locale\" content=\"sl_SI\" \/>\n<meta property=\"og:type\" content=\"article\" \/>\n<meta property=\"og:title\" content=\"V2C Polnilci \u25b7 Odkrijte najbolj\u0161e polnilce za elektri\u010dne avtomobile\" \/>\n<meta property=\"og:description\" content=\"Odkrijte na\u0161 katalog e-Chargerjev, V2C polnilcev, ki vas bodo popeljali v prihodnost, trajnost in inovacije preko elektri\u010dnega polnjenja.\" \/>\n<meta property=\"og:url\" content=\"https:\/\/v2charge.com\/sl\/e-chargers-sl-1776025660\/\" \/>\n<meta property=\"og:site_name\" content=\"V2C\" \/>\n<meta property=\"article:publisher\" content=\"https:\/\/www.facebook.com\/V2C.Charge\" \/>\n<meta property=\"article:modified_time\" content=\"2025-05-15T10:22:10+00:00\" \/>\n<meta property=\"og:image\" content=\"https:\/\/v2charge.com\/wp-content\/uploads\/2024\/07\/v2c-electric-chargers.jpg\" \/>\n\t<meta property=\"og:image:width\" content=\"1200\" \/>\n\t<meta property=\"og:image:height\" content=\"675\" \/>\n\t<meta property=\"og:image:type\" content=\"image\/jpeg\" \/>\n<meta name=\"twitter:card\" content=\"summary_large_image\" \/>\n<meta name=\"twitter:site\" content=\"@V2C_Charge\" \/>\n<meta name=\"twitter:label1\" content=\"Est. reading time\" \/>\n\t<meta name=\"twitter:data1\" content=\"2 minuti\" \/>\n<script type=\"application\/ld+json\" class=\"yoast-schema-graph\">{\"@context\":\"https:\/\/schema.org\",\"@graph\":[{\"@type\":\"WebPage\",\"@id\":\"https:\/\/v2charge.com\/sl\/e-chargers-sl-1776025660\/\",\"url\":\"https:\/\/v2charge.com\/sl\/e-chargers-sl-1776025660\/\",\"name\":\"V2C Polnilci \u25b7 Odkrijte najbolj\u0161e polnilce za elektri\u010dne avtomobile\",\"isPartOf\":{\"@id\":\"https:\/\/v2charge.com\/sl\/#website\"},\"primaryImageOfPage\":{\"@id\":\"https:\/\/v2charge.com\/sl\/e-chargers-sl-1776025660\/#primaryimage\"},\"image\":{\"@id\":\"https:\/\/v2charge.com\/sl\/e-chargers-sl-1776025660\/#primaryimage\"},\"thumbnailUrl\":\"https:\/\/v2charge.com\/wp-content\/uploads\/2024\/07\/v2c-electric-chargers.jpg\",\"datePublished\":\"2021-10-11T07:44:05+00:00\",\"dateModified\":\"2025-05-15T10:22:10+00:00\",\"description\":\"Odkrijte na\u0161 katalog e-Chargerjev, V2C polnilcev, ki vas bodo popeljali v prihodnost, trajnost in inovacije preko elektri\u010dnega polnjenja.\",\"breadcrumb\":{\"@id\":\"https:\/\/v2charge.com\/sl\/e-chargers-sl-1776025660\/#breadcrumb\"},\"inLanguage\":\"sl-SI\",\"potentialAction\":[{\"@type\":\"ReadAction\",\"target\":[\"https:\/\/v2charge.com\/sl\/e-chargers-sl-1776025660\/\"]}]},{\"@type\":\"ImageObject\",\"inLanguage\":\"sl-SI\",\"@id\":\"https:\/\/v2charge.com\/sl\/e-chargers-sl-1776025660\/#primaryimage\",\"url\":\"https:\/\/v2charge.com\/wp-content\/uploads\/2024\/07\/v2c-electric-chargers.jpg\",\"contentUrl\":\"https:\/\/v2charge.com\/wp-content\/uploads\/2024\/07\/v2c-electric-chargers.jpg\",\"width\":1200,\"height\":675,\"caption\":\"V2C Electric Chargers\"},{\"@type\":\"BreadcrumbList\",\"@id\":\"https:\/\/v2charge.com\/sl\/e-chargers-sl-1776025660\/#breadcrumb\",\"itemListElement\":[{\"@type\":\"ListItem\",\"position\":1,\"name\":\"V2C\",\"item\":\"https:\/\/v2charge.com\/sl\/\"},{\"@type\":\"ListItem\",\"position\":2,\"name\":\"e-Chargers\"}]},{\"@type\":\"WebSite\",\"@id\":\"https:\/\/v2charge.com\/sl\/#website\",\"url\":\"https:\/\/v2charge.com\/sl\/\",\"name\":\"V2C\",\"description\":\"#CargandoElMa\u00f1ana\",\"publisher\":{\"@id\":\"https:\/\/v2charge.com\/sl\/#organization\"},\"potentialAction\":[{\"@type\":\"SearchAction\",\"target\":{\"@type\":\"EntryPoint\",\"urlTemplate\":\"https:\/\/v2charge.com\/sl\/?s={search_term_string}\"},\"query-input\":{\"@type\":\"PropertyValueSpecification\",\"valueRequired\":true,\"valueName\":\"search_term_string\"}}],\"inLanguage\":\"sl-SI\"},{\"@type\":\"Organization\",\"@id\":\"https:\/\/v2charge.com\/sl\/#organization\",\"name\":\"V2C\",\"url\":\"https:\/\/v2charge.com\/sl\/\",\"logo\":{\"@type\":\"ImageObject\",\"inLanguage\":\"sl-SI\",\"@id\":\"https:\/\/v2charge.com\/sl\/#\/schema\/logo\/image\/\",\"url\":\"https:\/\/v2charge.com\/wp-content\/uploads\/2024\/11\/cropped-v2c-charge-logo-menu.png\",\"contentUrl\":\"https:\/\/v2charge.com\/wp-content\/uploads\/2024\/11\/cropped-v2c-charge-logo-menu.png\",\"width\":984,\"height\":431,\"caption\":\"V2C\"},\"image\":{\"@id\":\"https:\/\/v2charge.com\/sl\/#\/schema\/logo\/image\/\"},\"sameAs\":[\"https:\/\/www.facebook.com\/V2C.Charge\",\"https:\/\/x.com\/V2C_Charge\",\"https:\/\/www.instagram.com\/v2c.charge\/\",\"https:\/\/www.youtube.com\/@V2C\",\"https:\/\/www.linkedin.com\/company\/v2c-chargers\/\"]}]}<\/script>\n<!-- \/ Yoast SEO plugin. -->","yoast_head_json":{"title":"V2C Polnilci \u25b7 Odkrijte najbolj\u0161e polnilce za elektri\u010dne avtomobile","description":"Odkrijte na\u0161 katalog e-Chargerjev, V2C polnilcev, ki vas bodo popeljali v prihodnost, trajnost in inovacije preko elektri\u010dnega polnjenja.","robots":{"index":"index","follow":"follow","max-snippet":"max-snippet:-1","max-image-preview":"max-image-preview:large","max-video-preview":"max-video-preview:-1"},"canonical":"https:\/\/v2charge.com\/sl\/e-chargers-sl-1776025660\/","og_locale":"sl_SI","og_type":"article","og_title":"V2C Polnilci \u25b7 Odkrijte najbolj\u0161e polnilce za elektri\u010dne avtomobile","og_description":"Odkrijte na\u0161 katalog e-Chargerjev, V2C polnilcev, ki vas bodo popeljali v prihodnost, trajnost in inovacije preko elektri\u010dnega polnjenja.","og_url":"https:\/\/v2charge.com\/sl\/e-chargers-sl-1776025660\/","og_site_name":"V2C","article_publisher":"https:\/\/www.facebook.com\/V2C.Charge","article_modified_time":"2025-05-15T10:22:10+00:00","og_image":[{"width":1200,"height":675,"url":"https:\/\/v2charge.com\/wp-content\/uploads\/2024\/07\/v2c-electric-chargers.jpg","type":"image\/jpeg"}],"twitter_card":"summary_large_image","twitter_site":"@V2C_Charge","twitter_misc":{"Est. reading time":"2 minuti"},"schema":{"@context":"https:\/\/schema.org","@graph":[{"@type":"WebPage","@id":"https:\/\/v2charge.com\/sl\/e-chargers-sl-1776025660\/","url":"https:\/\/v2charge.com\/sl\/e-chargers-sl-1776025660\/","name":"V2C Polnilci \u25b7 Odkrijte najbolj\u0161e polnilce za elektri\u010dne avtomobile","isPartOf":{"@id":"https:\/\/v2charge.com\/sl\/#website"},"primaryImageOfPage":{"@id":"https:\/\/v2charge.com\/sl\/e-chargers-sl-1776025660\/#primaryimage"},"image":{"@id":"https:\/\/v2charge.com\/sl\/e-chargers-sl-1776025660\/#primaryimage"},"thumbnailUrl":"https:\/\/v2charge.com\/wp-content\/uploads\/2024\/07\/v2c-electric-chargers.jpg","datePublished":"2021-10-11T07:44:05+00:00","dateModified":"2025-05-15T10:22:10+00:00","description":"Odkrijte na\u0161 katalog e-Chargerjev, V2C polnilcev, ki vas bodo popeljali v prihodnost, trajnost in inovacije preko elektri\u010dnega polnjenja.","breadcrumb":{"@id":"https:\/\/v2charge.com\/sl\/e-chargers-sl-1776025660\/#breadcrumb"},"inLanguage":"sl-SI","potentialAction":[{"@type":"ReadAction","target":["https:\/\/v2charge.com\/sl\/e-chargers-sl-1776025660\/"]}]},{"@type":"ImageObject","inLanguage":"sl-SI","@id":"https:\/\/v2charge.com\/sl\/e-chargers-sl-1776025660\/#primaryimage","url":"https:\/\/v2charge.com\/wp-content\/uploads\/2024\/07\/v2c-electric-chargers.jpg","contentUrl":"https:\/\/v2charge.com\/wp-content\/uploads\/2024\/07\/v2c-electric-chargers.jpg","width":1200,"height":675,"caption":"V2C Electric Chargers"},{"@type":"BreadcrumbList","@id":"https:\/\/v2charge.com\/sl\/e-chargers-sl-1776025660\/#breadcrumb","itemListElement":[{"@type":"ListItem","position":1,"name":"V2C","item":"https:\/\/v2charge.com\/sl\/"},{"@type":"ListItem","position":2,"name":"e-Chargers"}]},{"@type":"WebSite","@id":"https:\/\/v2charge.com\/sl\/#website","url":"https:\/\/v2charge.com\/sl\/","name":"V2C","description":"#CargandoElMa\u00f1ana","publisher":{"@id":"https:\/\/v2charge.com\/sl\/#organization"},"potentialAction":[{"@type":"SearchAction","target":{"@type":"EntryPoint","urlTemplate":"https:\/\/v2charge.com\/sl\/?s={search_term_string}"},"query-input":{"@type":"PropertyValueSpecification","valueRequired":true,"valueName":"search_term_string"}}],"inLanguage":"sl-SI"},{"@type":"Organization","@id":"https:\/\/v2charge.com\/sl\/#organization","name":"V2C","url":"https:\/\/v2charge.com\/sl\/","logo":{"@type":"ImageObject","inLanguage":"sl-SI","@id":"https:\/\/v2charge.com\/sl\/#\/schema\/logo\/image\/","url":"https:\/\/v2charge.com\/wp-content\/uploads\/2024\/11\/cropped-v2c-charge-logo-menu.png","contentUrl":"https:\/\/v2charge.com\/wp-content\/uploads\/2024\/11\/cropped-v2c-charge-logo-menu.png","width":984,"height":431,"caption":"V2C"},"image":{"@id":"https:\/\/v2charge.com\/sl\/#\/schema\/logo\/image\/"},"sameAs":["https:\/\/www.facebook.com\/V2C.Charge","https:\/\/x.com\/V2C_Charge","https:\/\/www.instagram.com\/v2c.charge\/","https:\/\/www.youtube.com\/@V2C","https:\/\/www.linkedin.com\/company\/v2c-chargers\/"]}]}},"uagb_featured_image_src":{"full":["https:\/\/v2charge.com\/wp-content\/uploads\/2024\/07\/v2c-electric-chargers.jpg",1200,675,false],"thumbnail":["https:\/\/v2charge.com\/wp-content\/uploads\/2024\/07\/v2c-electric-chargers-150x150.jpg",150,150,true],"medium":["https:\/\/v2charge.com\/wp-content\/uploads\/2024\/07\/v2c-electric-chargers-300x169.jpg",300,169,true],"medium_large":["https:\/\/v2charge.com\/wp-content\/uploads\/2024\/07\/v2c-electric-chargers-768x432.jpg",768,432,true],"large":["https:\/\/v2charge.com\/wp-content\/uploads\/2024\/07\/v2c-electric-chargers-1024x576.jpg",1024,576,true],"gs-tiny":["https:\/\/v2charge.com\/wp-content\/uploads\/2024\/07\/v2c-electric-chargers.jpg",50,28,false],"xl":["https:\/\/v2charge.com\/wp-content\/uploads\/2024\/07\/v2c-electric-chargers.jpg",1200,675,false],"xxl":["https:\/\/v2charge.com\/wp-content\/uploads\/2024\/07\/v2c-electric-chargers.jpg",1200,675,false],"xxxl":["https:\/\/v2charge.com\/wp-content\/uploads\/2024\/07\/v2c-electric-chargers.jpg",1200,675,false],"xxxxl":["https:\/\/v2charge.com\/wp-content\/uploads\/2024\/07\/v2c-electric-chargers.jpg",1200,675,false],"xxxxxl":["https:\/\/v2charge.com\/wp-content\/uploads\/2024\/07\/v2c-electric-chargers.jpg",1200,675,false],"1536x1536":["https:\/\/v2charge.com\/wp-content\/uploads\/2024\/07\/v2c-electric-chargers.jpg",1200,675,false],"2048x2048":["https:\/\/v2charge.com\/wp-content\/uploads\/2024\/07\/v2c-electric-chargers.jpg",1200,675,false]},"uagb_author_info":{"display_name":"V2C","author_link":"https:\/\/v2charge.com\/sl\/author\/root_k4eu7ki8\/"},"uagb_comment_info":0,"uagb_excerpt":"Odkrijte na\u0161e e-polnilce Najdite polnilnik za elektri\u010dna vozila, ki najbolje ustreza va\u0161im potrebam TRYDAN Inteligenca in kon\u010dna kontrola na dosegu roke S Trydanom boste odkrili nov na\u010din polnjenja: najbolj izviren in najpametnej\u0161i, kar jih poznamo doslej. Revolucionarna zasnova, sestavljena iz avangardnega sloga, ki prina\u0161a eleganco in funkcionalnost. TRYDAN PRO Popolna evolucija z absolutno povezljivostjo Ostanite&hellip;","_links":{"self":[{"href":"https:\/\/v2charge.com\/sl\/wp-json\/wp\/v2\/pages\/312934","targetHints":{"allow":["GET"]}}],"collection":[{"href":"https:\/\/v2charge.com\/sl\/wp-json\/wp\/v2\/pages"}],"about":[{"href":"https:\/\/v2charge.com\/sl\/wp-json\/wp\/v2\/types\/page"}],"author":[{"embeddable":true,"href":"https:\/\/v2charge.com\/sl\/wp-json\/wp\/v2\/users\/1"}],"replies":[{"embeddable":true,"href":"https:\/\/v2charge.com\/sl\/wp-json\/wp\/v2\/comments?post=312934"}],"version-history":[{"count":0,"href":"https:\/\/v2charge.com\/sl\/wp-json\/wp\/v2\/pages\/312934\/revisions"}],"wp:featuredmedia":[{"embeddable":true,"href":"https:\/\/v2charge.com\/sl\/wp-json\/wp\/v2\/media\/170346"}],"wp:attachment":[{"href":"https:\/\/v2charge.com\/sl\/wp-json\/wp\/v2\/media?parent=312934"}],"curies":[{"name":"wp","href":"https:\/\/api.w.org\/{rel}","templated":true}]}}