{"id":312938,"date":"2020-03-11T10:16:52","date_gmt":"2020-03-11T10:16:52","guid":{"rendered":""},"modified":"2022-02-07T09:06:44","modified_gmt":"2022-02-07T09:06:44","slug":"v2c-kakovost","status":"publish","type":"page","link":"https:\/\/v2charge.com\/sl\/v2c-kakovost\/","title":{"rendered":"V2C-KAKOVOST"},"content":{"rendered":"<p>[vc_row][vc_column][vc_column_text]<\/p>\n<h1 style=\"text-align: center;\">Zakaj izbrati V2C?<\/h1>\n<p>[\/vc_column_text][\/vc_column][\/vc_row][vc_row][vc_column][vc_empty_space][vc_column_text]<\/p>\n<p style=\"text-align: center;\">V skladu z na\u0161o zavezanostjo k kakovosti na\u0161ih izdelkov in na\u0161ega dela razvijamo polnilne postaje za elektri\u010dna vozila, ki izpolnjujejo najvi\u0161je standarde kakovosti, ne da bi spregledali potrebe uporabnika.<\/p>\n<p style=\"text-align: center;\">V2C velja za enega vodilnih proizvajalcev polnilnih postaj v \u0160paniji zaradi izdelave trajnih, odpornih, oblikovno prilagodljivih in personaliziranih izdelkov.<\/p>\n<p style=\"text-align: center;\">Vsak dan delamo v duhu nenehnih inovacij in ustvarjanja izdelkov, ki nudijo ustrezne re\u0161itve vsem uporabnikom elektri\u010dnih vozil.<\/p>\n<p>[\/vc_column_text][\/vc_column][\/vc_row][vc_row css=&#8221;.vc_custom_1644224729669{padding-top: 30px !important;padding-bottom: 30px !important;}&#8221;][vc_column][vc_btn title=&#8221;KONTAKTIRAJTE NA\u0160O PODPORO PO PRODAJI, \u010cE IMATE VPRA\u0160ANJA O DELOVANJU&#8221; color=&#8221;danger&#8221; align=&#8221;center&#8221; i_icon_fontawesome=&#8221;&#8221; add_icon=&#8221;true&#8221; link=&#8221;url:https%3A%2F%2Fv2charge.com%2Fde%2Fverbinden%2F|title:Contacto||&#8221;][\/vc_column][\/vc_row]<\/p>\n","protected":false},"excerpt":{"rendered":"<p>[vc_row][vc_column][vc_column_text] Zakaj izbrati V2C? [\/vc_column_text][\/vc_column][\/vc_row][vc_row][vc_column][vc_empty_space][vc_column_text] V skladu z na\u0161o zavezanostjo k kakovosti na\u0161ih izdelkov in na\u0161ega dela razvijamo polnilne postaje za elektri\u010dna vozila, ki izpolnjujejo najvi\u0161je standarde kakovosti, ne da bi spregledali potrebe uporabnika. V2C velja za enega vodilnih proizvajalcev polnilnih postaj v \u0160paniji zaradi izdelave trajnih, odpornih, oblikovno prilagodljivih in personaliziranih izdelkov. Vsak dan &#8230; <a title=\"V2C-KAKOVOST\" class=\"read-more\" href=\"https:\/\/v2charge.com\/sl\/v2c-kakovost\/\" aria-label=\"Read more about V2C-KAKOVOST\">Read more<\/a><\/p>\n","protected":false},"author":1,"featured_media":0,"parent":0,"menu_order":0,"comment_status":"closed","ping_status":"closed","template":"","meta":{"_eb_attr":"","content-type":"","_uag_custom_page_level_css":"","footnotes":""},"class_list":["post-312938","page","type-page","status-publish"],"yoast_head":"<!-- This site is optimized with the Yoast SEO plugin v25.3.1 - https:\/\/yoast.com\/wordpress\/plugins\/seo\/ -->\n<title>V2C-KAKOVOST - V2C<\/title>\n<meta name=\"robots\" content=\"noindex, follow\" \/>\n<meta property=\"og:locale\" content=\"sl_SI\" \/>\n<meta property=\"og:type\" content=\"article\" \/>\n<meta property=\"og:title\" content=\"V2C-KAKOVOST - V2C\" \/>\n<meta property=\"og:description\" content=\"[vc_row][vc_column][vc_column_text] Zakaj izbrati V2C? [\/vc_column_text][\/vc_column][\/vc_row][vc_row][vc_column][vc_empty_space][vc_column_text] V skladu z na\u0161o zavezanostjo k kakovosti na\u0161ih izdelkov in na\u0161ega dela razvijamo polnilne postaje za elektri\u010dna vozila, ki izpolnjujejo najvi\u0161je standarde kakovosti, ne da bi spregledali potrebe uporabnika. V2C velja za enega vodilnih proizvajalcev polnilnih postaj v \u0160paniji zaradi izdelave trajnih, odpornih, oblikovno prilagodljivih in personaliziranih izdelkov. Vsak dan ... Read more\" \/>\n<meta property=\"og:url\" content=\"https:\/\/v2charge.com\/sl\/v2c-kakovost\/\" \/>\n<meta property=\"og:site_name\" content=\"V2C\" \/>\n<meta property=\"article:publisher\" content=\"https:\/\/www.facebook.com\/V2C.Charge\" \/>\n<meta property=\"article:modified_time\" content=\"2022-02-07T09:06:44+00:00\" \/>\n<meta property=\"og:image\" content=\"https:\/\/v2charge.com\/wp-content\/uploads\/2024\/07\/v2c-electric-chargers.jpg\" \/>\n\t<meta property=\"og:image:width\" content=\"1200\" \/>\n\t<meta property=\"og:image:height\" content=\"675\" \/>\n\t<meta property=\"og:image:type\" content=\"image\/jpeg\" \/>\n<meta name=\"twitter:card\" content=\"summary_large_image\" \/>\n<meta name=\"twitter:site\" content=\"@V2C_Charge\" \/>\n<meta name=\"twitter:label1\" content=\"Est. reading time\" \/>\n\t<meta name=\"twitter:data1\" content=\"1 minuta\" \/>\n<script type=\"application\/ld+json\" class=\"yoast-schema-graph\">{\"@context\":\"https:\/\/schema.org\",\"@graph\":[{\"@type\":\"WebPage\",\"@id\":\"https:\/\/v2charge.com\/sl\/v2c-kakovost\/\",\"url\":\"https:\/\/v2charge.com\/sl\/v2c-kakovost\/\",\"name\":\"V2C-KAKOVOST - V2C\",\"isPartOf\":{\"@id\":\"https:\/\/v2charge.com\/sl\/#website\"},\"datePublished\":\"2020-03-11T10:16:52+00:00\",\"dateModified\":\"2022-02-07T09:06:44+00:00\",\"breadcrumb\":{\"@id\":\"https:\/\/v2charge.com\/sl\/v2c-kakovost\/#breadcrumb\"},\"inLanguage\":\"sl-SI\",\"potentialAction\":[{\"@type\":\"ReadAction\",\"target\":[\"https:\/\/v2charge.com\/sl\/v2c-kakovost\/\"]}]},{\"@type\":\"BreadcrumbList\",\"@id\":\"https:\/\/v2charge.com\/sl\/v2c-kakovost\/#breadcrumb\",\"itemListElement\":[{\"@type\":\"ListItem\",\"position\":1,\"name\":\"V2C\",\"item\":\"https:\/\/v2charge.com\/sl\/\"},{\"@type\":\"ListItem\",\"position\":2,\"name\":\"V2C-KAKOVOST\"}]},{\"@type\":\"WebSite\",\"@id\":\"https:\/\/v2charge.com\/sl\/#website\",\"url\":\"https:\/\/v2charge.com\/sl\/\",\"name\":\"V2C\",\"description\":\"#CargandoElMa\u00f1ana\",\"publisher\":{\"@id\":\"https:\/\/v2charge.com\/sl\/#organization\"},\"potentialAction\":[{\"@type\":\"SearchAction\",\"target\":{\"@type\":\"EntryPoint\",\"urlTemplate\":\"https:\/\/v2charge.com\/sl\/?s={search_term_string}\"},\"query-input\":{\"@type\":\"PropertyValueSpecification\",\"valueRequired\":true,\"valueName\":\"search_term_string\"}}],\"inLanguage\":\"sl-SI\"},{\"@type\":\"Organization\",\"@id\":\"https:\/\/v2charge.com\/sl\/#organization\",\"name\":\"V2C\",\"url\":\"https:\/\/v2charge.com\/sl\/\",\"logo\":{\"@type\":\"ImageObject\",\"inLanguage\":\"sl-SI\",\"@id\":\"https:\/\/v2charge.com\/sl\/#\/schema\/logo\/image\/\",\"url\":\"https:\/\/v2charge.com\/wp-content\/uploads\/2024\/11\/cropped-v2c-charge-logo-menu.png\",\"contentUrl\":\"https:\/\/v2charge.com\/wp-content\/uploads\/2024\/11\/cropped-v2c-charge-logo-menu.png\",\"width\":984,\"height\":431,\"caption\":\"V2C\"},\"image\":{\"@id\":\"https:\/\/v2charge.com\/sl\/#\/schema\/logo\/image\/\"},\"sameAs\":[\"https:\/\/www.facebook.com\/V2C.Charge\",\"https:\/\/x.com\/V2C_Charge\",\"https:\/\/www.instagram.com\/v2c.charge\/\",\"https:\/\/www.youtube.com\/@V2C\",\"https:\/\/www.linkedin.com\/company\/v2c-chargers\/\"]}]}<\/script>\n<!-- \/ Yoast SEO plugin. -->","yoast_head_json":{"title":"V2C-KAKOVOST - V2C","robots":{"index":"noindex","follow":"follow"},"og_locale":"sl_SI","og_type":"article","og_title":"V2C-KAKOVOST - V2C","og_description":"[vc_row][vc_column][vc_column_text] Zakaj izbrati V2C? [\/vc_column_text][\/vc_column][\/vc_row][vc_row][vc_column][vc_empty_space][vc_column_text] V skladu z na\u0161o zavezanostjo k kakovosti na\u0161ih izdelkov in na\u0161ega dela razvijamo polnilne postaje za elektri\u010dna vozila, ki izpolnjujejo najvi\u0161je standarde kakovosti, ne da bi spregledali potrebe uporabnika. V2C velja za enega vodilnih proizvajalcev polnilnih postaj v \u0160paniji zaradi izdelave trajnih, odpornih, oblikovno prilagodljivih in personaliziranih izdelkov. Vsak dan ... Read more","og_url":"https:\/\/v2charge.com\/sl\/v2c-kakovost\/","og_site_name":"V2C","article_publisher":"https:\/\/www.facebook.com\/V2C.Charge","article_modified_time":"2022-02-07T09:06:44+00:00","og_image":[{"width":1200,"height":675,"url":"https:\/\/v2charge.com\/wp-content\/uploads\/2024\/07\/v2c-electric-chargers.jpg","type":"image\/jpeg"}],"twitter_card":"summary_large_image","twitter_site":"@V2C_Charge","twitter_misc":{"Est. reading time":"1 minuta"},"schema":{"@context":"https:\/\/schema.org","@graph":[{"@type":"WebPage","@id":"https:\/\/v2charge.com\/sl\/v2c-kakovost\/","url":"https:\/\/v2charge.com\/sl\/v2c-kakovost\/","name":"V2C-KAKOVOST - V2C","isPartOf":{"@id":"https:\/\/v2charge.com\/sl\/#website"},"datePublished":"2020-03-11T10:16:52+00:00","dateModified":"2022-02-07T09:06:44+00:00","breadcrumb":{"@id":"https:\/\/v2charge.com\/sl\/v2c-kakovost\/#breadcrumb"},"inLanguage":"sl-SI","potentialAction":[{"@type":"ReadAction","target":["https:\/\/v2charge.com\/sl\/v2c-kakovost\/"]}]},{"@type":"BreadcrumbList","@id":"https:\/\/v2charge.com\/sl\/v2c-kakovost\/#breadcrumb","itemListElement":[{"@type":"ListItem","position":1,"name":"V2C","item":"https:\/\/v2charge.com\/sl\/"},{"@type":"ListItem","position":2,"name":"V2C-KAKOVOST"}]},{"@type":"WebSite","@id":"https:\/\/v2charge.com\/sl\/#website","url":"https:\/\/v2charge.com\/sl\/","name":"V2C","description":"#CargandoElMa\u00f1ana","publisher":{"@id":"https:\/\/v2charge.com\/sl\/#organization"},"potentialAction":[{"@type":"SearchAction","target":{"@type":"EntryPoint","urlTemplate":"https:\/\/v2charge.com\/sl\/?s={search_term_string}"},"query-input":{"@type":"PropertyValueSpecification","valueRequired":true,"valueName":"search_term_string"}}],"inLanguage":"sl-SI"},{"@type":"Organization","@id":"https:\/\/v2charge.com\/sl\/#organization","name":"V2C","url":"https:\/\/v2charge.com\/sl\/","logo":{"@type":"ImageObject","inLanguage":"sl-SI","@id":"https:\/\/v2charge.com\/sl\/#\/schema\/logo\/image\/","url":"https:\/\/v2charge.com\/wp-content\/uploads\/2024\/11\/cropped-v2c-charge-logo-menu.png","contentUrl":"https:\/\/v2charge.com\/wp-content\/uploads\/2024\/11\/cropped-v2c-charge-logo-menu.png","width":984,"height":431,"caption":"V2C"},"image":{"@id":"https:\/\/v2charge.com\/sl\/#\/schema\/logo\/image\/"},"sameAs":["https:\/\/www.facebook.com\/V2C.Charge","https:\/\/x.com\/V2C_Charge","https:\/\/www.instagram.com\/v2c.charge\/","https:\/\/www.youtube.com\/@V2C","https:\/\/www.linkedin.com\/company\/v2c-chargers\/"]}]}},"uagb_featured_image_src":{"full":false,"thumbnail":false,"medium":false,"medium_large":false,"large":false,"gs-tiny":false,"xl":false,"xxl":false,"xxxl":false,"xxxxl":false,"xxxxxl":false,"1536x1536":false,"2048x2048":false},"uagb_author_info":{"display_name":"V2C","author_link":"https:\/\/v2charge.com\/sl\/author\/root_k4eu7ki8\/"},"uagb_comment_info":0,"uagb_excerpt":"[vc_row][vc_column][vc_column_text] Zakaj izbrati V2C? [\/vc_column_text][\/vc_column][\/vc_row][vc_row][vc_column][vc_empty_space][vc_column_text] V skladu z na\u0161o zavezanostjo k kakovosti na\u0161ih izdelkov in na\u0161ega dela razvijamo polnilne postaje za elektri\u010dna vozila, ki izpolnjujejo najvi\u0161je standarde kakovosti, ne da bi spregledali potrebe uporabnika. V2C velja za enega vodilnih proizvajalcev polnilnih postaj v \u0160paniji zaradi izdelave trajnih, odpornih, oblikovno prilagodljivih in personaliziranih izdelkov. Vsak dan&hellip;","_links":{"self":[{"href":"https:\/\/v2charge.com\/sl\/wp-json\/wp\/v2\/pages\/312938","targetHints":{"allow":["GET"]}}],"collection":[{"href":"https:\/\/v2charge.com\/sl\/wp-json\/wp\/v2\/pages"}],"about":[{"href":"https:\/\/v2charge.com\/sl\/wp-json\/wp\/v2\/types\/page"}],"author":[{"embeddable":true,"href":"https:\/\/v2charge.com\/sl\/wp-json\/wp\/v2\/users\/1"}],"replies":[{"embeddable":true,"href":"https:\/\/v2charge.com\/sl\/wp-json\/wp\/v2\/comments?post=312938"}],"version-history":[{"count":0,"href":"https:\/\/v2charge.com\/sl\/wp-json\/wp\/v2\/pages\/312938\/revisions"}],"wp:attachment":[{"href":"https:\/\/v2charge.com\/sl\/wp-json\/wp\/v2\/media?parent=312938"}],"curies":[{"name":"wp","href":"https:\/\/api.w.org\/{rel}","templated":true}]}}