{"id":312939,"date":"2021-01-29T16:22:29","date_gmt":"2021-01-29T16:22:29","guid":{"rendered":""},"modified":"2022-02-03T11:19:26","modified_gmt":"2022-02-03T11:19:26","slug":"rma-sl","status":"publish","type":"page","link":"https:\/\/v2charge.com\/sl\/rma-sl\/","title":{"rendered":"RMA"},"content":{"rendered":"<p><a href=\"https:\/\/www.v2charge.com\/wp-content\/uploads\/2021\/01\/rma.pdf\">Prenesite RMA \u0160pan\u0161\u010dina<\/a><\/p>\n","protected":false},"excerpt":{"rendered":"<p>Prenesite RMA \u0160pan\u0161\u010dina<\/p>\n","protected":false},"author":1,"featured_media":0,"parent":0,"menu_order":0,"comment_status":"closed","ping_status":"closed","template":"","meta":{"_eb_attr":"","content-type":"","_uag_custom_page_level_css":"","footnotes":""},"class_list":["post-312939","page","type-page","status-publish"],"yoast_head":"<!-- This site is optimized with the Yoast SEO plugin v25.3.1 - https:\/\/yoast.com\/wordpress\/plugins\/seo\/ -->\n<title>RMA - V2C<\/title>\n<meta name=\"robots\" content=\"noindex, follow\" \/>\n<meta property=\"og:locale\" content=\"sl_SI\" \/>\n<meta property=\"og:type\" content=\"article\" \/>\n<meta property=\"og:title\" content=\"RMA - V2C\" \/>\n<meta property=\"og:description\" content=\"Prenesite RMA \u0160pan\u0161\u010dina\" \/>\n<meta property=\"og:url\" content=\"https:\/\/v2charge.com\/sl\/rma-sl\/\" \/>\n<meta property=\"og:site_name\" content=\"V2C\" \/>\n<meta property=\"article:publisher\" content=\"https:\/\/www.facebook.com\/V2C.Charge\" \/>\n<meta property=\"article:modified_time\" content=\"2022-02-03T11:19:26+00:00\" \/>\n<meta property=\"og:image\" content=\"https:\/\/v2charge.com\/wp-content\/uploads\/2024\/07\/v2c-electric-chargers.jpg\" \/>\n\t<meta property=\"og:image:width\" content=\"1200\" \/>\n\t<meta property=\"og:image:height\" content=\"675\" \/>\n\t<meta property=\"og:image:type\" content=\"image\/jpeg\" \/>\n<meta name=\"twitter:card\" content=\"summary_large_image\" \/>\n<meta name=\"twitter:site\" content=\"@V2C_Charge\" \/>\n<meta name=\"twitter:label1\" content=\"Est. reading time\" \/>\n\t<meta name=\"twitter:data1\" content=\"1 minuta\" \/>\n<script type=\"application\/ld+json\" class=\"yoast-schema-graph\">{\"@context\":\"https:\/\/schema.org\",\"@graph\":[{\"@type\":\"WebPage\",\"@id\":\"https:\/\/v2charge.com\/sl\/rma-sl\/\",\"url\":\"https:\/\/v2charge.com\/sl\/rma-sl\/\",\"name\":\"RMA - V2C\",\"isPartOf\":{\"@id\":\"https:\/\/v2charge.com\/sl\/#website\"},\"datePublished\":\"2021-01-29T16:22:29+00:00\",\"dateModified\":\"2022-02-03T11:19:26+00:00\",\"breadcrumb\":{\"@id\":\"https:\/\/v2charge.com\/sl\/rma-sl\/#breadcrumb\"},\"inLanguage\":\"sl-SI\",\"potentialAction\":[{\"@type\":\"ReadAction\",\"target\":[\"https:\/\/v2charge.com\/sl\/rma-sl\/\"]}]},{\"@type\":\"BreadcrumbList\",\"@id\":\"https:\/\/v2charge.com\/sl\/rma-sl\/#breadcrumb\",\"itemListElement\":[{\"@type\":\"ListItem\",\"position\":1,\"name\":\"V2C\",\"item\":\"https:\/\/v2charge.com\/sl\/\"},{\"@type\":\"ListItem\",\"position\":2,\"name\":\"RMA\"}]},{\"@type\":\"WebSite\",\"@id\":\"https:\/\/v2charge.com\/sl\/#website\",\"url\":\"https:\/\/v2charge.com\/sl\/\",\"name\":\"V2C\",\"description\":\"#CargandoElMa\u00f1ana\",\"publisher\":{\"@id\":\"https:\/\/v2charge.com\/sl\/#organization\"},\"potentialAction\":[{\"@type\":\"SearchAction\",\"target\":{\"@type\":\"EntryPoint\",\"urlTemplate\":\"https:\/\/v2charge.com\/sl\/?s={search_term_string}\"},\"query-input\":{\"@type\":\"PropertyValueSpecification\",\"valueRequired\":true,\"valueName\":\"search_term_string\"}}],\"inLanguage\":\"sl-SI\"},{\"@type\":\"Organization\",\"@id\":\"https:\/\/v2charge.com\/sl\/#organization\",\"name\":\"V2C\",\"url\":\"https:\/\/v2charge.com\/sl\/\",\"logo\":{\"@type\":\"ImageObject\",\"inLanguage\":\"sl-SI\",\"@id\":\"https:\/\/v2charge.com\/sl\/#\/schema\/logo\/image\/\",\"url\":\"https:\/\/v2charge.com\/wp-content\/uploads\/2024\/11\/cropped-v2c-charge-logo-menu.png\",\"contentUrl\":\"https:\/\/v2charge.com\/wp-content\/uploads\/2024\/11\/cropped-v2c-charge-logo-menu.png\",\"width\":984,\"height\":431,\"caption\":\"V2C\"},\"image\":{\"@id\":\"https:\/\/v2charge.com\/sl\/#\/schema\/logo\/image\/\"},\"sameAs\":[\"https:\/\/www.facebook.com\/V2C.Charge\",\"https:\/\/x.com\/V2C_Charge\",\"https:\/\/www.instagram.com\/v2c.charge\/\",\"https:\/\/www.youtube.com\/@V2C\",\"https:\/\/www.linkedin.com\/company\/v2c-chargers\/\"]}]}<\/script>\n<!-- \/ Yoast SEO plugin. -->","yoast_head_json":{"title":"RMA - V2C","robots":{"index":"noindex","follow":"follow"},"og_locale":"sl_SI","og_type":"article","og_title":"RMA - V2C","og_description":"Prenesite RMA \u0160pan\u0161\u010dina","og_url":"https:\/\/v2charge.com\/sl\/rma-sl\/","og_site_name":"V2C","article_publisher":"https:\/\/www.facebook.com\/V2C.Charge","article_modified_time":"2022-02-03T11:19:26+00:00","og_image":[{"width":1200,"height":675,"url":"https:\/\/v2charge.com\/wp-content\/uploads\/2024\/07\/v2c-electric-chargers.jpg","type":"image\/jpeg"}],"twitter_card":"summary_large_image","twitter_site":"@V2C_Charge","twitter_misc":{"Est. reading time":"1 minuta"},"schema":{"@context":"https:\/\/schema.org","@graph":[{"@type":"WebPage","@id":"https:\/\/v2charge.com\/sl\/rma-sl\/","url":"https:\/\/v2charge.com\/sl\/rma-sl\/","name":"RMA - V2C","isPartOf":{"@id":"https:\/\/v2charge.com\/sl\/#website"},"datePublished":"2021-01-29T16:22:29+00:00","dateModified":"2022-02-03T11:19:26+00:00","breadcrumb":{"@id":"https:\/\/v2charge.com\/sl\/rma-sl\/#breadcrumb"},"inLanguage":"sl-SI","potentialAction":[{"@type":"ReadAction","target":["https:\/\/v2charge.com\/sl\/rma-sl\/"]}]},{"@type":"BreadcrumbList","@id":"https:\/\/v2charge.com\/sl\/rma-sl\/#breadcrumb","itemListElement":[{"@type":"ListItem","position":1,"name":"V2C","item":"https:\/\/v2charge.com\/sl\/"},{"@type":"ListItem","position":2,"name":"RMA"}]},{"@type":"WebSite","@id":"https:\/\/v2charge.com\/sl\/#website","url":"https:\/\/v2charge.com\/sl\/","name":"V2C","description":"#CargandoElMa\u00f1ana","publisher":{"@id":"https:\/\/v2charge.com\/sl\/#organization"},"potentialAction":[{"@type":"SearchAction","target":{"@type":"EntryPoint","urlTemplate":"https:\/\/v2charge.com\/sl\/?s={search_term_string}"},"query-input":{"@type":"PropertyValueSpecification","valueRequired":true,"valueName":"search_term_string"}}],"inLanguage":"sl-SI"},{"@type":"Organization","@id":"https:\/\/v2charge.com\/sl\/#organization","name":"V2C","url":"https:\/\/v2charge.com\/sl\/","logo":{"@type":"ImageObject","inLanguage":"sl-SI","@id":"https:\/\/v2charge.com\/sl\/#\/schema\/logo\/image\/","url":"https:\/\/v2charge.com\/wp-content\/uploads\/2024\/11\/cropped-v2c-charge-logo-menu.png","contentUrl":"https:\/\/v2charge.com\/wp-content\/uploads\/2024\/11\/cropped-v2c-charge-logo-menu.png","width":984,"height":431,"caption":"V2C"},"image":{"@id":"https:\/\/v2charge.com\/sl\/#\/schema\/logo\/image\/"},"sameAs":["https:\/\/www.facebook.com\/V2C.Charge","https:\/\/x.com\/V2C_Charge","https:\/\/www.instagram.com\/v2c.charge\/","https:\/\/www.youtube.com\/@V2C","https:\/\/www.linkedin.com\/company\/v2c-chargers\/"]}]}},"uagb_featured_image_src":{"full":false,"thumbnail":false,"medium":false,"medium_large":false,"large":false,"gs-tiny":false,"xl":false,"xxl":false,"xxxl":false,"xxxxl":false,"xxxxxl":false,"1536x1536":false,"2048x2048":false},"uagb_author_info":{"display_name":"V2C","author_link":"https:\/\/v2charge.com\/sl\/author\/root_k4eu7ki8\/"},"uagb_comment_info":0,"uagb_excerpt":"Prenesite RMA \u0160pan\u0161\u010dina","_links":{"self":[{"href":"https:\/\/v2charge.com\/sl\/wp-json\/wp\/v2\/pages\/312939","targetHints":{"allow":["GET"]}}],"collection":[{"href":"https:\/\/v2charge.com\/sl\/wp-json\/wp\/v2\/pages"}],"about":[{"href":"https:\/\/v2charge.com\/sl\/wp-json\/wp\/v2\/types\/page"}],"author":[{"embeddable":true,"href":"https:\/\/v2charge.com\/sl\/wp-json\/wp\/v2\/users\/1"}],"replies":[{"embeddable":true,"href":"https:\/\/v2charge.com\/sl\/wp-json\/wp\/v2\/comments?post=312939"}],"version-history":[{"count":0,"href":"https:\/\/v2charge.com\/sl\/wp-json\/wp\/v2\/pages\/312939\/revisions"}],"wp:attachment":[{"href":"https:\/\/v2charge.com\/sl\/wp-json\/wp\/v2\/media?parent=312939"}],"curies":[{"name":"wp","href":"https:\/\/api.w.org\/{rel}","templated":true}]}}