{"id":312955,"date":"2016-04-12T14:09:20","date_gmt":"2016-04-12T14:09:20","guid":{"rendered":""},"modified":"2021-11-15T12:30:18","modified_gmt":"2021-11-15T12:30:18","slug":"na-i-izdelki-2","status":"publish","type":"page","link":"https:\/\/v2charge.com\/sl\/na-i-izdelki-2\/","title":{"rendered":"Na\u0161i izdelki"},"content":{"rendered":"<p>[vc_row vertical_align=&#8221;middle&#8221; padding_size=&#8221;no-padding&#8221; column_reverse=&#8221;xs,sm,md&#8221; css=&#8221;.vc_custom_1526558030336{background-color: #ffffff !important;}&#8221;][vc_column offset=&#8221;vc_col-lg-6 vc_col-md-12&#8243; css=&#8221;.vc_custom_1517993620393{background-color: #ffffff !important;}&#8221;][vc_single_image image=&#8221;18571&#8243; img_size=&#8221;full&#8221; alignment=&#8221;center&#8221; css=&#8221;.vc_custom_1595933773008{margin-bottom: 0px !important;}&#8221;][\/vc_column][vc_column css=&#8221;.vc_custom_1526546912072{padding-top: 30px !important;padding-right: 30px !important;padding-bottom: 30px !important;padding-left: 30px !important;background-color: #f4f6f7 !important;}&#8221; offset=&#8221;vc_col-lg-6 vc_col-md-12&#8243;][vc_custom_heading text=&#8221;EV PORTABLE | Vzemite polnjenje s seboj!&#8221; font_container=&#8221;tag:p|font_size:18px|text_align:justify|color:%23000000|line_height:30px&#8221; google_fonts=&#8221;font_family:Lato%3A100%2C100italic%2C300%2C300italic%2Cregular%2Citalic%2C700%2C700italic%2C900%2C900italic|font_style:700%20bold%20regular%3A700%3Anormal&#8221; css=&#8221;.vc_custom_1527238443937{margin-bottom: 0px !important;padding-right: 2px !important;padding-left: 2px !important;}&#8221;][vc_custom_heading text=&#8221;EV Portable je lahka, majhna in kompaktna polnilna postaja, popolna za u\u017eivanje v neodvisni vo\u017enji brez javnih polnilnih omre\u017eij. Omogo\u010da polnjenje va\u0161ega avtomobila na katerem koli mestu z mo\u010djo do 22 kW in 32 Amperov. Zdaj je mogo\u010de polniti va\u0161 avto na katerikoli elektri\u010dni vti\u010dnici zahvaljujo\u010d njegovim adapterjem!&#8221; font_container=&#8221;tag:p|font_size:17px|text_align:left|color:%23000000|line_height:25px&#8221; google_fonts=&#8221;font_family:Lato%3A100%2C100italic%2C300%2C300italic%2Cregular%2Citalic%2C700%2C700italic%2C900%2C900italic|font_style:300%20light%20regular%3A300%3Anormal&#8221; css=&#8221;.vc_custom_1527238290116{margin-bottom: 0px !important;padding-right: 2px !important;padding-left: 2px !important;}&#8221;][vc_separator][vc_btn title=&#8221;Odkrijte vse njegove razli\u010dice in razpolo\u017eljive dodatke!&#8221; shape=&#8221;square&#8221; color=&#8221;black&#8221; size=&#8221;xs&#8221; align=&#8221;left&#8221; link=&#8221;url:http%3A%2F%2Fwww.evportable.com%2Ffr%2F||target:%20_blank|&#8221;][\/vc_column][\/vc_row][vc_row vertical_align=&#8221;middle&#8221; padding_size=&#8221;no-padding&#8221;][vc_column css=&#8221;.vc_custom_1526563867190{padding-top: 30px !important;padding-right: 30px !important;padding-bottom: 30px !important;padding-left: 30px !important;background-color: #f4f6f7 !important;}&#8221; offset=&#8221;vc_col-lg-6 vc_col-md-12&#8243;][vc_custom_heading text=&#8221;UP WALLBOX | Izberite intenzivnost in hitrost polnjenja!&#8221; font_container=&#8221;tag:p|font_size:18px|text_align:justify|color:%23000000|line_height:30px&#8221; google_fonts=&#8221;font_family:Lato%3A100%2C100italic%2C300%2C300italic%2Cregular%2Citalic%2C700%2C700italic%2C900%2C900italic|font_style:700%20bold%20regular%3A700%3Anormal&#8221; css=&#8221;.vc_custom_1527238432231{margin-bottom: 0px !important;padding-right: 2px !important;padding-left: 2px !important;}&#8221;][vc_custom_heading text=&#8221;UP Wallbox vam omogo\u010da ro\u010dno izbiro intenzivnosti polnjenja od 6 do 32 Amperov. Spreminjanje intenzivnosti prav tako spremeni hitrost polnjenja vozila. Ta inovacija vam omogo\u010da ekonomi\u010dno polnjenje tako v stro\u0161kih kot v energiji. Izberite ekologijo in prihranite denar na va\u0161ih ra\u010dunih!&#8221; font_container=&#8221;tag:p|font_size:17px|text_align:left|color:%23000000|line_height:25px&#8221; google_fonts=&#8221;font_family:Lato%3A100%2C100italic%2C300%2C300italic%2Cregular%2Citalic%2C700%2C700italic%2C900%2C900italic|font_style:300%20light%20regular%3A300%3Anormal&#8221; css=&#8221;.vc_custom_1527238389443{margin-bottom: 0px !important;padding-right: 2px !important;padding-left: 2px !important;}&#8221;][vc_separator][vc_btn title=&#8221;Odkrijte vse njegove razli\u010dice in razpolo\u017eljive dodatke!&#8221; shape=&#8221;square&#8221; color=&#8221;black&#8221; size=&#8221;xs&#8221; align=&#8221;left&#8221; link=&#8221;url:https%3A%2F%2Fwww.v2charge.com%2Ffr%2Fnos-produits%2Fup-wallbox%2F||target:%20_blank|&#8221;][\/vc_column][vc_column offset=&#8221;vc_col-lg-6 vc_col-md-12&#8243; css=&#8221;.vc_custom_1517993620393{background-color: #ffffff !important;}&#8221;][vc_single_image image=&#8221;18572&#8243; img_size=&#8221;full&#8221; alignment=&#8221;center&#8221; css=&#8221;.vc_custom_1595933887899{margin-bottom: 0px !important;}&#8221;][\/vc_column][\/vc_row][vc_row vertical_align=&#8221;middle&#8221; padding_size=&#8221;no-padding&#8221; column_reverse=&#8221;xs&#8221;][vc_column offset=&#8221;vc_col-lg-6 vc_col-md-12&#8243; css=&#8221;.vc_custom_1517993620393{background-color: #ffffff !important;}&#8221;][vc_single_image image=&#8221;18574&#8243; img_size=&#8221;full&#8221; alignment=&#8221;center&#8221; css=&#8221;.vc_custom_1595934079940{margin-bottom: 0px !important;}&#8221;][\/vc_column][vc_column css=&#8221;.vc_custom_1526546912072{padding-top: 30px !important;padding-right: 30px !important;padding-bottom: 30px !important;padding-left: 30px !important;background-color: #f4f6f7 !important;}&#8221; offset=&#8221;vc_col-lg-6 vc_col-md-12&#8243;][vc_custom_heading text=&#8221;NEW WALLBOX | Polnite v svojem hotelu ali najljub\u0161i trgovini&#8221; font_container=&#8221;tag:p|font_size:18px|text_align:justify|color:%23000000|line_height:30px&#8221; google_fonts=&#8221;font_family:Lato%3A100%2C100italic%2C300%2C300italic%2Cregular%2Citalic%2C700%2C700italic%2C900%2C900italic|font_style:700%20bold%20regular%3A700%3Anormal&#8221; css=&#8221;.vc_custom_1527238417121{margin-bottom: 0px !important;padding-right: 2px !important;padding-left: 2px !important;}&#8221;][vc_custom_heading text=&#8221;NEW WALLBOX je pametna in se prilagaja potrebam podjetij. Njena oblika je zasnovana za enostavno namestitev in u\u010dinkovito delovanje tako v podjetju kot na zasebnih parkiri\u0161\u010dih hotelov ali trgovin. Njena zasnova je elegantna in prilagodljiva. Izdelek ima polirano aluminijasto povr\u0161ino, kar je popolno za tiste, ki i\u0161\u010dejo eleganco in u\u010dinkovitost. Imajte edinstven polnilec!&#8221; font_container=&#8221;tag:p|font_size:17px|text_align:left|color:%23000000|line_height:25px&#8221; google_fonts=&#8221;font_family:Lato%3A100%2C100italic%2C300%2C300italic%2Cregular%2Citalic%2C700%2C700italic%2C900%2C900italic|font_style:300%20light%20regular%3A300%3Anormal&#8221; css=&#8221;.vc_custom_1527238462657{margin-bottom: 0px !important;padding-right: 2px !important;padding-left: 2px !important;}&#8221;][vc_separator][vc_btn title=&#8221;Odkrijte vse njegove razli\u010dice in razpolo\u017eljive dodatke!&#8221; shape=&#8221;square&#8221; color=&#8221;black&#8221; size=&#8221;xs&#8221; align=&#8221;left&#8221; link=&#8221;url:https%3A%2F%2Fwww.v2charge.com%2Ffr%2Fnos-produits%2Fnew-wallboxok%2F||target:%20_blank|&#8221;][\/vc_column][\/vc_row][vc_row vertical_align=&#8221;middle&#8221; padding_size=&#8221;no-padding&#8221;][vc_column css=&#8221;.vc_custom_1526546912072{padding-top: 30px !important;padding-right: 30px !important;padding-bottom: 30px !important;padding-left: 30px !important;background-color: #f4f6f7 !important;}&#8221; offset=&#8221;vc_col-lg-6 vc_col-md-12&#8243;][vc_custom_heading text=&#8221;POLE | Polnite na delovnem mestu ali na javnih mestih&#8221; font_container=&#8221;tag:p|font_size:18px|text_align:justify|color:%23000000|line_height:30px&#8221; google_fonts=&#8221;font_family:Lato%3A100%2C100italic%2C300%2C300italic%2Cregular%2Citalic%2C700%2C700italic%2C900%2C900italic|font_style:700%20bold%20regular%3A700%3Anormal&#8221; css=&#8221;.vc_custom_1527238488192{margin-bottom: 0px !important;padding-right: 2px !important;padding-left: 2px !important;}&#8221;][vc_custom_heading text=&#8221;Pole je polnilna postaja s polnjenjem pol-rapidnim do 22 kilovatov. To je idealna re\u0161itev za polnjenje elektri\u010dnega vozila na javnih povr\u0161inah, kot je parkiri\u0161\u010de va\u0161ega podjetja ali organizacije. Oprema visoke kakovosti, njen ohi\u0161je iz nerjave\u010dega jekla naredi ta izdelek idealno re\u0161itev za zunanje okolje zaradi svoje trdnosti in anti-vandalizma.&#8221; font_container=&#8221;tag:p|font_size:17px|text_align:left|color:%23000000|line_height:25px&#8221; google_fonts=&#8221;font_family:Lato%3A100%2C100italic%2C300%2C300italic%2Cregular%2Citalic%2C700%2C700italic%2C900%2C900italic|font_style:300%20light%20regular%3A300%3Anormal&#8221; css=&#8221;.vc_custom_1527238509855{margin-bottom: 0px !important;padding-right: 2px !important;padding-left: 2px !important;}&#8221;][vc_separator][vc_btn title=&#8221;Odkrijte vse njegove razli\u010dice in razpolo\u017eljive dodatke!&#8221; shape=&#8221;square&#8221; color=&#8221;black&#8221; size=&#8221;xs&#8221; align=&#8221;left&#8221; link=&#8221;url:https%3A%2F%2Fwww.v2charge.com%2Ffr%2Fnos-produits%2Fpole%2F||target:%20_blank|&#8221;][\/vc_column][vc_column offset=&#8221;vc_col-lg-6 vc_col-md-12&#8243; css=&#8221;.vc_custom_1517993620393{background-color: #ffffff !important;}&#8221;][vc_single_image image=&#8221;18580&#8243; img_size=&#8221;full&#8221; alignment=&#8221;center&#8221; css=&#8221;.vc_custom_1595934300815{margin-bottom: 0px !important;}&#8221;][\/vc_column][\/vc_row][vc_row vertical_align=&#8221;middle&#8221; padding_size=&#8221;no-padding&#8221; column_reverse=&#8221;xs&#8221;][vc_column offset=&#8221;vc_col-lg-6 vc_col-md-12&#8243; css=&#8221;.vc_custom_1517993620393{background-color: #ffffff !important;}&#8221;][vc_single_image image=&#8221;18576&#8243; img_size=&#8221;full&#8221; alignment=&#8221;center&#8221; css=&#8221;.vc_custom_1595934133182{margin-bottom: 0px !important;}&#8221;][\/vc_column][vc_column css=&#8221;.vc_custom_1526546912072{padding-top: 30px !important;padding-right: 30px !important;padding-bottom: 30px !important;padding-left: 30px !important;background-color: #f4f6f7 !important;}&#8221; offset=&#8221;vc_col-lg-6 vc_col-md-12&#8243;][vc_custom_heading text=&#8221;CLOUD V2C| Pametno polnjenje&#8221; font_container=&#8221;tag:p|font_size:18px|text_align:justify|color:%2336a047|line_height:30px&#8221; google_fonts=&#8221;font_family:Lato%3A100%2C100italic%2C300%2C300italic%2Cregular%2Citalic%2C700%2C700italic%2C900%2C900italic|font_style:700%20bold%20regular%3A700%3Anormal&#8221; css=&#8221;.vc_custom_1532030388361{margin-bottom: 0px !important;padding-right: 2px !important;padding-left: 2px !important;}&#8221;][vc_custom_heading text=&#8221;Ekipa V2C je ustvarila spletno platformo, ki vam omogo\u010da upravljanje, nadzor, spreminjanje in preverjanje polnjenja va\u0161ega elektri\u010dnega vozila.&#8221; font_container=&#8221;tag:p|font_size:17px|text_align:left|color:%2337a000|line_height:25px&#8221; google_fonts=&#8221;font_family:Lato%3A100%2C100italic%2C300%2C300italic%2Cregular%2Citalic%2C700%2C700italic%2C900%2C900italic|font_style:300%20light%20regular%3A300%3Anormal&#8221; css=&#8221;.vc_custom_1532030413669{margin-bottom: 0px !important;padding-right: 2px !important;padding-left: 2px !important;}&#8221;][vc_separator][vc_btn title=&#8221;Dostop do preizkusa demota&#8221; shape=&#8221;square&#8221; color=&#8221;black&#8221; size=&#8221;xs&#8221; align=&#8221;left&#8221; link=&#8221;url:https%3A%2F%2Fwww.v2charge.com%2Ffr%2Fcloud-wallboxok-recharge-intelligente%2F||target:%20_blank|&#8221;][\/vc_column][\/vc_row]<\/p>\n","protected":false},"excerpt":{"rendered":"<p>[vc_row vertical_align=&#8221;middle&#8221; padding_size=&#8221;no-padding&#8221; column_reverse=&#8221;xs,sm,md&#8221; css=&#8221;.vc_custom_1526558030336{background-color: #ffffff !important;}&#8221;][vc_column offset=&#8221;vc_col-lg-6 vc_col-md-12&#8243; css=&#8221;.vc_custom_1517993620393{background-color: #ffffff !important;}&#8221;][vc_single_image image=&#8221;18571&#8243; img_size=&#8221;full&#8221; alignment=&#8221;center&#8221; css=&#8221;.vc_custom_1595933773008{margin-bottom: 0px !important;}&#8221;][\/vc_column][vc_column css=&#8221;.vc_custom_1526546912072{padding-top: 30px !important;padding-right: 30px !important;padding-bottom: 30px !important;padding-left: 30px !important;background-color: #f4f6f7 !important;}&#8221; offset=&#8221;vc_col-lg-6 vc_col-md-12&#8243;][vc_custom_heading text=&#8221;EV PORTABLE | Vzemite polnjenje s seboj!&#8221; font_container=&#8221;tag:p|font_size:18px|text_align:justify|color:%23000000|line_height:30px&#8221; google_fonts=&#8221;font_family:Lato%3A100%2C100italic%2C300%2C300italic%2Cregular%2Citalic%2C700%2C700italic%2C900%2C900italic|font_style:700%20bold%20regular%3A700%3Anormal&#8221; css=&#8221;.vc_custom_1527238443937{margin-bottom: 0px !important;padding-right: 2px !important;padding-left: 2px !important;}&#8221;][vc_custom_heading text=&#8221;EV Portable je lahka, majhna in kompaktna polnilna &#8230; <a title=\"Na\u0161i izdelki\" class=\"read-more\" href=\"https:\/\/v2charge.com\/sl\/na-i-izdelki-2\/\" aria-label=\"Read more about Na\u0161i izdelki\">Read more<\/a><\/p>\n","protected":false},"author":1,"featured_media":0,"parent":0,"menu_order":0,"comment_status":"closed","ping_status":"closed","template":"","meta":{"_eb_attr":"","content-type":"","_uag_custom_page_level_css":"","footnotes":""},"class_list":["post-312955","page","type-page","status-publish"],"yoast_head":"<!-- This site is optimized with the Yoast SEO plugin v25.3.1 - https:\/\/yoast.com\/wordpress\/plugins\/seo\/ -->\n<title>Na\u0161i izdelki - V2C. Oprema za polnjenje elektri\u010dnih vozil<\/title>\n<meta name=\"description\" content=\"Najdite popolno polnilno postajo za elektri\u010dno vozilo, od prenosnega polnilnika, ki ga lahko vzamete s seboj, do tistega, ki ga lahko namestite doma.\" \/>\n<meta name=\"robots\" content=\"index, follow, max-snippet:-1, max-image-preview:large, max-video-preview:-1\" \/>\n<link rel=\"canonical\" href=\"https:\/\/v2charge.com\/sl\/na-i-izdelki-2\/\" \/>\n<meta property=\"og:locale\" content=\"sl_SI\" \/>\n<meta property=\"og:type\" content=\"article\" \/>\n<meta property=\"og:title\" content=\"Na\u0161i izdelki - V2C. Oprema za polnjenje elektri\u010dnih vozil\" \/>\n<meta property=\"og:description\" content=\"Najdite popolno polnilno postajo za elektri\u010dno vozilo, od prenosnega polnilnika, ki ga lahko vzamete s seboj, do tistega, ki ga lahko namestite doma.\" \/>\n<meta property=\"og:url\" content=\"https:\/\/v2charge.com\/sl\/na-i-izdelki-2\/\" \/>\n<meta property=\"og:site_name\" content=\"V2C\" \/>\n<meta property=\"article:publisher\" content=\"https:\/\/www.facebook.com\/V2C.Charge\" \/>\n<meta property=\"article:modified_time\" content=\"2021-11-15T12:30:18+00:00\" \/>\n<meta property=\"og:image\" content=\"https:\/\/v2charge.com\/wp-content\/uploads\/2024\/07\/v2c-electric-chargers.jpg\" \/>\n\t<meta property=\"og:image:width\" content=\"1200\" \/>\n\t<meta property=\"og:image:height\" content=\"675\" \/>\n\t<meta property=\"og:image:type\" content=\"image\/jpeg\" \/>\n<meta name=\"twitter:card\" content=\"summary_large_image\" \/>\n<meta name=\"twitter:site\" content=\"@V2C_Charge\" \/>\n<meta name=\"twitter:label1\" content=\"Est. reading time\" \/>\n\t<meta name=\"twitter:data1\" content=\"7 minut\" \/>\n<script type=\"application\/ld+json\" class=\"yoast-schema-graph\">{\"@context\":\"https:\/\/schema.org\",\"@graph\":[{\"@type\":\"WebPage\",\"@id\":\"https:\/\/v2charge.com\/sl\/na-i-izdelki-2\/\",\"url\":\"https:\/\/v2charge.com\/sl\/na-i-izdelki-2\/\",\"name\":\"Na\u0161i izdelki - V2C. Oprema za polnjenje elektri\u010dnih vozil\",\"isPartOf\":{\"@id\":\"https:\/\/v2charge.com\/sl\/#website\"},\"datePublished\":\"2016-04-12T14:09:20+00:00\",\"dateModified\":\"2021-11-15T12:30:18+00:00\",\"description\":\"Najdite popolno polnilno postajo za elektri\u010dno vozilo, od prenosnega polnilnika, ki ga lahko vzamete s seboj, do tistega, ki ga lahko namestite doma.\",\"breadcrumb\":{\"@id\":\"https:\/\/v2charge.com\/sl\/na-i-izdelki-2\/#breadcrumb\"},\"inLanguage\":\"sl-SI\",\"potentialAction\":[{\"@type\":\"ReadAction\",\"target\":[\"https:\/\/v2charge.com\/sl\/na-i-izdelki-2\/\"]}]},{\"@type\":\"BreadcrumbList\",\"@id\":\"https:\/\/v2charge.com\/sl\/na-i-izdelki-2\/#breadcrumb\",\"itemListElement\":[{\"@type\":\"ListItem\",\"position\":1,\"name\":\"V2C\",\"item\":\"https:\/\/v2charge.com\/sl\/\"},{\"@type\":\"ListItem\",\"position\":2,\"name\":\"Na\u0161i izdelki\"}]},{\"@type\":\"WebSite\",\"@id\":\"https:\/\/v2charge.com\/sl\/#website\",\"url\":\"https:\/\/v2charge.com\/sl\/\",\"name\":\"V2C\",\"description\":\"#CargandoElMa\u00f1ana\",\"publisher\":{\"@id\":\"https:\/\/v2charge.com\/sl\/#organization\"},\"potentialAction\":[{\"@type\":\"SearchAction\",\"target\":{\"@type\":\"EntryPoint\",\"urlTemplate\":\"https:\/\/v2charge.com\/sl\/?s={search_term_string}\"},\"query-input\":{\"@type\":\"PropertyValueSpecification\",\"valueRequired\":true,\"valueName\":\"search_term_string\"}}],\"inLanguage\":\"sl-SI\"},{\"@type\":\"Organization\",\"@id\":\"https:\/\/v2charge.com\/sl\/#organization\",\"name\":\"V2C\",\"url\":\"https:\/\/v2charge.com\/sl\/\",\"logo\":{\"@type\":\"ImageObject\",\"inLanguage\":\"sl-SI\",\"@id\":\"https:\/\/v2charge.com\/sl\/#\/schema\/logo\/image\/\",\"url\":\"https:\/\/v2charge.com\/wp-content\/uploads\/2024\/11\/cropped-v2c-charge-logo-menu.png\",\"contentUrl\":\"https:\/\/v2charge.com\/wp-content\/uploads\/2024\/11\/cropped-v2c-charge-logo-menu.png\",\"width\":984,\"height\":431,\"caption\":\"V2C\"},\"image\":{\"@id\":\"https:\/\/v2charge.com\/sl\/#\/schema\/logo\/image\/\"},\"sameAs\":[\"https:\/\/www.facebook.com\/V2C.Charge\",\"https:\/\/x.com\/V2C_Charge\",\"https:\/\/www.instagram.com\/v2c.charge\/\",\"https:\/\/www.youtube.com\/@V2C\",\"https:\/\/www.linkedin.com\/company\/v2c-chargers\/\"]}]}<\/script>\n<!-- \/ Yoast SEO plugin. -->","yoast_head_json":{"title":"Na\u0161i izdelki - V2C. Oprema za polnjenje elektri\u010dnih vozil","description":"Najdite popolno polnilno postajo za elektri\u010dno vozilo, od prenosnega polnilnika, ki ga lahko vzamete s seboj, do tistega, ki ga lahko namestite doma.","robots":{"index":"index","follow":"follow","max-snippet":"max-snippet:-1","max-image-preview":"max-image-preview:large","max-video-preview":"max-video-preview:-1"},"canonical":"https:\/\/v2charge.com\/sl\/na-i-izdelki-2\/","og_locale":"sl_SI","og_type":"article","og_title":"Na\u0161i izdelki - V2C. Oprema za polnjenje elektri\u010dnih vozil","og_description":"Najdite popolno polnilno postajo za elektri\u010dno vozilo, od prenosnega polnilnika, ki ga lahko vzamete s seboj, do tistega, ki ga lahko namestite doma.","og_url":"https:\/\/v2charge.com\/sl\/na-i-izdelki-2\/","og_site_name":"V2C","article_publisher":"https:\/\/www.facebook.com\/V2C.Charge","article_modified_time":"2021-11-15T12:30:18+00:00","og_image":[{"width":1200,"height":675,"url":"https:\/\/v2charge.com\/wp-content\/uploads\/2024\/07\/v2c-electric-chargers.jpg","type":"image\/jpeg"}],"twitter_card":"summary_large_image","twitter_site":"@V2C_Charge","twitter_misc":{"Est. reading time":"7 minut"},"schema":{"@context":"https:\/\/schema.org","@graph":[{"@type":"WebPage","@id":"https:\/\/v2charge.com\/sl\/na-i-izdelki-2\/","url":"https:\/\/v2charge.com\/sl\/na-i-izdelki-2\/","name":"Na\u0161i izdelki - V2C. Oprema za polnjenje elektri\u010dnih vozil","isPartOf":{"@id":"https:\/\/v2charge.com\/sl\/#website"},"datePublished":"2016-04-12T14:09:20+00:00","dateModified":"2021-11-15T12:30:18+00:00","description":"Najdite popolno polnilno postajo za elektri\u010dno vozilo, od prenosnega polnilnika, ki ga lahko vzamete s seboj, do tistega, ki ga lahko namestite doma.","breadcrumb":{"@id":"https:\/\/v2charge.com\/sl\/na-i-izdelki-2\/#breadcrumb"},"inLanguage":"sl-SI","potentialAction":[{"@type":"ReadAction","target":["https:\/\/v2charge.com\/sl\/na-i-izdelki-2\/"]}]},{"@type":"BreadcrumbList","@id":"https:\/\/v2charge.com\/sl\/na-i-izdelki-2\/#breadcrumb","itemListElement":[{"@type":"ListItem","position":1,"name":"V2C","item":"https:\/\/v2charge.com\/sl\/"},{"@type":"ListItem","position":2,"name":"Na\u0161i izdelki"}]},{"@type":"WebSite","@id":"https:\/\/v2charge.com\/sl\/#website","url":"https:\/\/v2charge.com\/sl\/","name":"V2C","description":"#CargandoElMa\u00f1ana","publisher":{"@id":"https:\/\/v2charge.com\/sl\/#organization"},"potentialAction":[{"@type":"SearchAction","target":{"@type":"EntryPoint","urlTemplate":"https:\/\/v2charge.com\/sl\/?s={search_term_string}"},"query-input":{"@type":"PropertyValueSpecification","valueRequired":true,"valueName":"search_term_string"}}],"inLanguage":"sl-SI"},{"@type":"Organization","@id":"https:\/\/v2charge.com\/sl\/#organization","name":"V2C","url":"https:\/\/v2charge.com\/sl\/","logo":{"@type":"ImageObject","inLanguage":"sl-SI","@id":"https:\/\/v2charge.com\/sl\/#\/schema\/logo\/image\/","url":"https:\/\/v2charge.com\/wp-content\/uploads\/2024\/11\/cropped-v2c-charge-logo-menu.png","contentUrl":"https:\/\/v2charge.com\/wp-content\/uploads\/2024\/11\/cropped-v2c-charge-logo-menu.png","width":984,"height":431,"caption":"V2C"},"image":{"@id":"https:\/\/v2charge.com\/sl\/#\/schema\/logo\/image\/"},"sameAs":["https:\/\/www.facebook.com\/V2C.Charge","https:\/\/x.com\/V2C_Charge","https:\/\/www.instagram.com\/v2c.charge\/","https:\/\/www.youtube.com\/@V2C","https:\/\/www.linkedin.com\/company\/v2c-chargers\/"]}]}},"uagb_featured_image_src":{"full":false,"thumbnail":false,"medium":false,"medium_large":false,"large":false,"gs-tiny":false,"xl":false,"xxl":false,"xxxl":false,"xxxxl":false,"xxxxxl":false,"1536x1536":false,"2048x2048":false},"uagb_author_info":{"display_name":"V2C","author_link":"https:\/\/v2charge.com\/sl\/author\/root_k4eu7ki8\/"},"uagb_comment_info":0,"uagb_excerpt":"[vc_row vertical_align=&#8221;middle&#8221; padding_size=&#8221;no-padding&#8221; column_reverse=&#8221;xs,sm,md&#8221; css=&#8221;.vc_custom_1526558030336{background-color: #ffffff !important;}&#8221;][vc_column offset=&#8221;vc_col-lg-6 vc_col-md-12&#8243; css=&#8221;.vc_custom_1517993620393{background-color: #ffffff !important;}&#8221;][vc_single_image image=&#8221;18571&#8243; img_size=&#8221;full&#8221; alignment=&#8221;center&#8221; css=&#8221;.vc_custom_1595933773008{margin-bottom: 0px !important;}&#8221;][\/vc_column][vc_column css=&#8221;.vc_custom_1526546912072{padding-top: 30px !important;padding-right: 30px !important;padding-bottom: 30px !important;padding-left: 30px !important;background-color: #f4f6f7 !important;}&#8221; offset=&#8221;vc_col-lg-6 vc_col-md-12&#8243;][vc_custom_heading text=&#8221;EV PORTABLE | Vzemite polnjenje s seboj!&#8221; font_container=&#8221;tag:p|font_size:18px|text_align:justify|color:%23000000|line_height:30px&#8221; google_fonts=&#8221;font_family:Lato%3A100%2C100italic%2C300%2C300italic%2Cregular%2Citalic%2C700%2C700italic%2C900%2C900italic|font_style:700%20bold%20regular%3A700%3Anormal&#8221; css=&#8221;.vc_custom_1527238443937{margin-bottom: 0px !important;padding-right: 2px !important;padding-left: 2px !important;}&#8221;][vc_custom_heading text=&#8221;EV Portable je lahka, majhna in kompaktna polnilna&hellip;","_links":{"self":[{"href":"https:\/\/v2charge.com\/sl\/wp-json\/wp\/v2\/pages\/312955","targetHints":{"allow":["GET"]}}],"collection":[{"href":"https:\/\/v2charge.com\/sl\/wp-json\/wp\/v2\/pages"}],"about":[{"href":"https:\/\/v2charge.com\/sl\/wp-json\/wp\/v2\/types\/page"}],"author":[{"embeddable":true,"href":"https:\/\/v2charge.com\/sl\/wp-json\/wp\/v2\/users\/1"}],"replies":[{"embeddable":true,"href":"https:\/\/v2charge.com\/sl\/wp-json\/wp\/v2\/comments?post=312955"}],"version-history":[{"count":0,"href":"https:\/\/v2charge.com\/sl\/wp-json\/wp\/v2\/pages\/312955\/revisions"}],"wp:attachment":[{"href":"https:\/\/v2charge.com\/sl\/wp-json\/wp\/v2\/media?parent=312955"}],"curies":[{"name":"wp","href":"https:\/\/api.w.org\/{rel}","templated":true}]}}