{"id":312958,"date":"2017-05-19T13:40:36","date_gmt":"2017-05-19T13:40:36","guid":{"rendered":""},"modified":"2023-05-04T06:16:42","modified_gmt":"2023-05-04T06:16:42","slug":"novo","status":"publish","type":"page","link":"https:\/\/v2charge.com\/sl\/na-i-izdelki\/novo\/","title":{"rendered":"Novo"},"content":{"rendered":"<h1>NOVO<\/h1>\n<h2>Stenska polnilna postaja za elektri\u010dna vozila<\/h2>\n<p>Polnilna postaja NOVO je polnilnik za elektri\u010dna vozila s polovi\u010dno hitrostjo polnjenja v na\u010dinu 3 do 22kW.<\/p>\n<p><img decoding=\"async\" width=\"1700\" height=\"800\" src=\"https:\/\/v2charge.com\/wp-content\/uploads\/2021\/12\/new-punto-recarga.jpeg\" alt=\"\" loading=\"lazy\" srcset=\"https:\/\/v2charge.com\/wp-content\/uploads\/2021\/12\/new-punto-recarga.jpeg 1700w, https:\/\/v2charge.com\/wp-content\/uploads\/2021\/12\/new-punto-recarga-300x141.jpeg 300w, https:\/\/v2charge.com\/wp-content\/uploads\/2021\/12\/new-punto-recarga-1024x482.jpeg 1024w, https:\/\/v2charge.com\/wp-content\/uploads\/2021\/12\/new-punto-recarga-768x361.jpeg 768w, https:\/\/v2charge.com\/wp-content\/uploads\/2021\/12\/new-punto-recarga-1536x723.jpeg 1536w\" sizes=\"auto, (max-width: 1700px) 100vw, 1700px\"><br \/>\n<a href=\"\/sl\/\">OPIS<\/a><\/p>\n<p>NOVO je idealna re\u0161itev za polnjenje elektri\u010dnih vozil v hotelih, nakupovalnih sredi\u0161\u010dih, supermarketih, trgovinah z nizkimi cenami in &nbsp;parkiri\u0161\u010dih za flote. NOVO je polnilnik iz poliranega aluminijevega zlitine, zelo robustnega in kakovostnega materiala, ki je idealen za zunanjo uporabo.<br \/>\nGlede na model izdelka je mogo\u010de enofazno ali trifazno polnjenje, oboje v na\u010dinu 3 \u2013 IEC &nbsp;razvr\u0161\u010deno. Ima AC polnilnik tip 1 (SAE J1772) ali tip 2 (IEC 62196; Mennekes), vklju\u010dno s 5m dolgim kablom. Model vti\u010dnice je tip 2.<\/p>\n<p><a href=\"\/sl\/\">LASTNOSTI<\/a><\/p>\n<ul>\n<li>Glede na model izdelka polovi\u010dna hitrost polnjenja do 22kW<\/li>\n<li>Kakovostni in odporni materiali, ki polnilno postajo naredijo \u0161e posebej privla\u010dno in uporabno za zunanjo uporabo.<\/li>\n<li>Osvetlitev LED, ki prikazuje stanje polnjenja.<\/li>\n<li>Tip polnilnega kabla kot vti\u010dnica ali kabel \u2013 izberite najprimernej\u0161o konfiguracijo za vas.<\/li>\n<li>Mo\u017enost namestitve va\u0161e polnilne postaje na stojalu iz nerjave\u010dega jekla.<\/li>\n<\/ul>\n<p><a href=\"\/sl\/\">DODATNA OPREMA<\/a><\/p>\n<ul>\n<li>Upravni sistem V2C Cloud, s katerim lahko nadzorujete svojo polnilno postajo preko interneta. (opcijsko)<\/li>\n<li>Zaklep, ki aktivira polnilno postajo in prepre\u010duje ravnanje tretjih oseb.<\/li>\n<li>Dodatni polnilni kabel Schuko. (opcijsko)<\/li>\n<li>Personalizirana sprednja plo\u0161\u010da, ki se prilagaja va\u0161i blagovni podobi.<br \/>\n(za nakup ve\u010d kot ene polnilne postaje je potrebno)<\/li>\n<\/ul>\n<h3>TIP POLNILNEGA KABLA 1 SAE J1772<\/h3>\n<p>\u00b7 Vhodna napetost: 230 V enofazno<br \/>\n\u00b7 Polnilna intenzivnost 6A-32 A<br \/>\n\u00b7 Polnilna mo\u010d 7,4 kW  <\/p>\n<h3>TIP POLNILNEGA KABLA 2 IEC 62196<\/h3>\n<p>\u00b7 Vhodna napetost: 230 V enofazno \/ 400 V trifazno<br \/>\n\u00b7 Polnilna intenzivnost 6A-32 A<br \/>\n\u00b7 Polnilna mo\u010d 22 kW  <\/p>\n<h3>VTI\u010cNICA<\/h3>\n<p>\u00b7 Vhodna napetost: 230 V enofazno<br \/>\n\u00b7 Polnilna intenzivnost 6A-32 A<br \/>\n\u00b7 Polnilna mo\u010d 22 kW  <\/p>\n","protected":false},"excerpt":{"rendered":"<p>NOVO Stenska polnilna postaja za elektri\u010dna vozila Polnilna postaja NOVO je polnilnik za elektri\u010dna vozila s polovi\u010dno hitrostjo polnjenja v na\u010dinu 3 do 22kW. OPIS NOVO je idealna re\u0161itev za polnjenje elektri\u010dnih vozil v hotelih, nakupovalnih sredi\u0161\u010dih, supermarketih, trgovinah z nizkimi cenami in &nbsp;parkiri\u0161\u010dih za flote. NOVO je polnilnik iz poliranega aluminijevega zlitine, zelo robustnega &#8230; <a title=\"Novo\" class=\"read-more\" href=\"https:\/\/v2charge.com\/sl\/na-i-izdelki\/novo\/\" aria-label=\"Read more about Novo\">Read more<\/a><\/p>\n","protected":false},"author":1,"featured_media":0,"parent":312952,"menu_order":0,"comment_status":"closed","ping_status":"closed","template":"","meta":{"_eb_attr":"","content-type":"","_uag_custom_page_level_css":"","footnotes":""},"class_list":["post-312958","page","type-page","status-publish"],"yoast_head":"<!-- This site is optimized with the Yoast SEO plugin v25.3.1 - https:\/\/yoast.com\/wordpress\/plugins\/seo\/ -->\n<title>Elektro vozila polnilne naprave \u2013 V2C<\/title>\n<meta name=\"description\" content=\"Najdite popolno polnilno postajo za elektri\u010dni avto, od prenosnega polnilnika do tistega, ki ga lahko namestite doma.\" \/>\n<meta name=\"robots\" content=\"index, follow, max-snippet:-1, max-image-preview:large, max-video-preview:-1\" \/>\n<link rel=\"canonical\" href=\"https:\/\/v2charge.com\/sl\/na-i-izdelki\/novo\/\" \/>\n<meta property=\"og:locale\" content=\"sl_SI\" \/>\n<meta property=\"og:type\" content=\"article\" \/>\n<meta property=\"og:title\" content=\"Elektro vozila polnilne naprave \u2013 V2C\" \/>\n<meta property=\"og:description\" content=\"Najdite popolno polnilno postajo za elektri\u010dni avto, od prenosnega polnilnika do tistega, ki ga lahko namestite doma.\" \/>\n<meta property=\"og:url\" content=\"https:\/\/v2charge.com\/sl\/na-i-izdelki\/novo\/\" \/>\n<meta property=\"og:site_name\" content=\"V2C\" \/>\n<meta property=\"article:publisher\" content=\"https:\/\/www.facebook.com\/V2C.Charge\" \/>\n<meta property=\"article:modified_time\" content=\"2023-05-04T06:16:42+00:00\" \/>\n<meta property=\"og:image\" content=\"https:\/\/v2charge.com\/wp-content\/uploads\/2021\/12\/new-punto-recarga.jpeg\" \/>\n<meta name=\"twitter:card\" content=\"summary_large_image\" \/>\n<meta name=\"twitter:site\" content=\"@V2C_Charge\" \/>\n<meta name=\"twitter:label1\" content=\"Est. reading time\" \/>\n\t<meta name=\"twitter:data1\" content=\"2 minuti\" \/>\n<script type=\"application\/ld+json\" class=\"yoast-schema-graph\">{\"@context\":\"https:\/\/schema.org\",\"@graph\":[{\"@type\":\"WebPage\",\"@id\":\"https:\/\/v2charge.com\/sl\/na-i-izdelki\/novo\/\",\"url\":\"https:\/\/v2charge.com\/sl\/na-i-izdelki\/novo\/\",\"name\":\"Elektro vozila polnilne naprave \u2013 V2C\",\"isPartOf\":{\"@id\":\"https:\/\/v2charge.com\/sl\/#website\"},\"primaryImageOfPage\":{\"@id\":\"https:\/\/v2charge.com\/sl\/na-i-izdelki\/novo\/#primaryimage\"},\"image\":{\"@id\":\"https:\/\/v2charge.com\/sl\/na-i-izdelki\/novo\/#primaryimage\"},\"thumbnailUrl\":\"https:\/\/v2charge.com\/wp-content\/uploads\/2021\/12\/new-punto-recarga.jpeg\",\"datePublished\":\"2017-05-19T13:40:36+00:00\",\"dateModified\":\"2023-05-04T06:16:42+00:00\",\"description\":\"Najdite popolno polnilno postajo za elektri\u010dni avto, od prenosnega polnilnika do tistega, ki ga lahko namestite doma.\",\"breadcrumb\":{\"@id\":\"https:\/\/v2charge.com\/sl\/na-i-izdelki\/novo\/#breadcrumb\"},\"inLanguage\":\"sl-SI\",\"potentialAction\":[{\"@type\":\"ReadAction\",\"target\":[\"https:\/\/v2charge.com\/sl\/na-i-izdelki\/novo\/\"]}]},{\"@type\":\"ImageObject\",\"inLanguage\":\"sl-SI\",\"@id\":\"https:\/\/v2charge.com\/sl\/na-i-izdelki\/novo\/#primaryimage\",\"url\":\"https:\/\/v2charge.com\/wp-content\/uploads\/2021\/12\/new-punto-recarga.jpeg\",\"contentUrl\":\"https:\/\/v2charge.com\/wp-content\/uploads\/2021\/12\/new-punto-recarga.jpeg\"},{\"@type\":\"BreadcrumbList\",\"@id\":\"https:\/\/v2charge.com\/sl\/na-i-izdelki\/novo\/#breadcrumb\",\"itemListElement\":[{\"@type\":\"ListItem\",\"position\":1,\"name\":\"V2C\",\"item\":\"https:\/\/v2charge.com\/sl\/\"},{\"@type\":\"ListItem\",\"position\":2,\"name\":\"Na\u0161i izdelki\",\"item\":\"https:\/\/v2charge.com\/sl\/na-i-izdelki\/\"},{\"@type\":\"ListItem\",\"position\":3,\"name\":\"Novo\"}]},{\"@type\":\"WebSite\",\"@id\":\"https:\/\/v2charge.com\/sl\/#website\",\"url\":\"https:\/\/v2charge.com\/sl\/\",\"name\":\"V2C\",\"description\":\"#CargandoElMa\u00f1ana\",\"publisher\":{\"@id\":\"https:\/\/v2charge.com\/sl\/#organization\"},\"potentialAction\":[{\"@type\":\"SearchAction\",\"target\":{\"@type\":\"EntryPoint\",\"urlTemplate\":\"https:\/\/v2charge.com\/sl\/?s={search_term_string}\"},\"query-input\":{\"@type\":\"PropertyValueSpecification\",\"valueRequired\":true,\"valueName\":\"search_term_string\"}}],\"inLanguage\":\"sl-SI\"},{\"@type\":\"Organization\",\"@id\":\"https:\/\/v2charge.com\/sl\/#organization\",\"name\":\"V2C\",\"url\":\"https:\/\/v2charge.com\/sl\/\",\"logo\":{\"@type\":\"ImageObject\",\"inLanguage\":\"sl-SI\",\"@id\":\"https:\/\/v2charge.com\/sl\/#\/schema\/logo\/image\/\",\"url\":\"https:\/\/v2charge.com\/wp-content\/uploads\/2024\/11\/cropped-v2c-charge-logo-menu.png\",\"contentUrl\":\"https:\/\/v2charge.com\/wp-content\/uploads\/2024\/11\/cropped-v2c-charge-logo-menu.png\",\"width\":984,\"height\":431,\"caption\":\"V2C\"},\"image\":{\"@id\":\"https:\/\/v2charge.com\/sl\/#\/schema\/logo\/image\/\"},\"sameAs\":[\"https:\/\/www.facebook.com\/V2C.Charge\",\"https:\/\/x.com\/V2C_Charge\",\"https:\/\/www.instagram.com\/v2c.charge\/\",\"https:\/\/www.youtube.com\/@V2C\",\"https:\/\/www.linkedin.com\/company\/v2c-chargers\/\"]}]}<\/script>\n<!-- \/ Yoast SEO plugin. -->","yoast_head_json":{"title":"Elektro vozila polnilne naprave \u2013 V2C","description":"Najdite popolno polnilno postajo za elektri\u010dni avto, od prenosnega polnilnika do tistega, ki ga lahko namestite doma.","robots":{"index":"index","follow":"follow","max-snippet":"max-snippet:-1","max-image-preview":"max-image-preview:large","max-video-preview":"max-video-preview:-1"},"canonical":"https:\/\/v2charge.com\/sl\/na-i-izdelki\/novo\/","og_locale":"sl_SI","og_type":"article","og_title":"Elektro vozila polnilne naprave \u2013 V2C","og_description":"Najdite popolno polnilno postajo za elektri\u010dni avto, od prenosnega polnilnika do tistega, ki ga lahko namestite doma.","og_url":"https:\/\/v2charge.com\/sl\/na-i-izdelki\/novo\/","og_site_name":"V2C","article_publisher":"https:\/\/www.facebook.com\/V2C.Charge","article_modified_time":"2023-05-04T06:16:42+00:00","og_image":[{"url":"https:\/\/v2charge.com\/wp-content\/uploads\/2021\/12\/new-punto-recarga.jpeg","type":"","width":"","height":""}],"twitter_card":"summary_large_image","twitter_site":"@V2C_Charge","twitter_misc":{"Est. reading time":"2 minuti"},"schema":{"@context":"https:\/\/schema.org","@graph":[{"@type":"WebPage","@id":"https:\/\/v2charge.com\/sl\/na-i-izdelki\/novo\/","url":"https:\/\/v2charge.com\/sl\/na-i-izdelki\/novo\/","name":"Elektro vozila polnilne naprave \u2013 V2C","isPartOf":{"@id":"https:\/\/v2charge.com\/sl\/#website"},"primaryImageOfPage":{"@id":"https:\/\/v2charge.com\/sl\/na-i-izdelki\/novo\/#primaryimage"},"image":{"@id":"https:\/\/v2charge.com\/sl\/na-i-izdelki\/novo\/#primaryimage"},"thumbnailUrl":"https:\/\/v2charge.com\/wp-content\/uploads\/2021\/12\/new-punto-recarga.jpeg","datePublished":"2017-05-19T13:40:36+00:00","dateModified":"2023-05-04T06:16:42+00:00","description":"Najdite popolno polnilno postajo za elektri\u010dni avto, od prenosnega polnilnika do tistega, ki ga lahko namestite doma.","breadcrumb":{"@id":"https:\/\/v2charge.com\/sl\/na-i-izdelki\/novo\/#breadcrumb"},"inLanguage":"sl-SI","potentialAction":[{"@type":"ReadAction","target":["https:\/\/v2charge.com\/sl\/na-i-izdelki\/novo\/"]}]},{"@type":"ImageObject","inLanguage":"sl-SI","@id":"https:\/\/v2charge.com\/sl\/na-i-izdelki\/novo\/#primaryimage","url":"https:\/\/v2charge.com\/wp-content\/uploads\/2021\/12\/new-punto-recarga.jpeg","contentUrl":"https:\/\/v2charge.com\/wp-content\/uploads\/2021\/12\/new-punto-recarga.jpeg"},{"@type":"BreadcrumbList","@id":"https:\/\/v2charge.com\/sl\/na-i-izdelki\/novo\/#breadcrumb","itemListElement":[{"@type":"ListItem","position":1,"name":"V2C","item":"https:\/\/v2charge.com\/sl\/"},{"@type":"ListItem","position":2,"name":"Na\u0161i izdelki","item":"https:\/\/v2charge.com\/sl\/na-i-izdelki\/"},{"@type":"ListItem","position":3,"name":"Novo"}]},{"@type":"WebSite","@id":"https:\/\/v2charge.com\/sl\/#website","url":"https:\/\/v2charge.com\/sl\/","name":"V2C","description":"#CargandoElMa\u00f1ana","publisher":{"@id":"https:\/\/v2charge.com\/sl\/#organization"},"potentialAction":[{"@type":"SearchAction","target":{"@type":"EntryPoint","urlTemplate":"https:\/\/v2charge.com\/sl\/?s={search_term_string}"},"query-input":{"@type":"PropertyValueSpecification","valueRequired":true,"valueName":"search_term_string"}}],"inLanguage":"sl-SI"},{"@type":"Organization","@id":"https:\/\/v2charge.com\/sl\/#organization","name":"V2C","url":"https:\/\/v2charge.com\/sl\/","logo":{"@type":"ImageObject","inLanguage":"sl-SI","@id":"https:\/\/v2charge.com\/sl\/#\/schema\/logo\/image\/","url":"https:\/\/v2charge.com\/wp-content\/uploads\/2024\/11\/cropped-v2c-charge-logo-menu.png","contentUrl":"https:\/\/v2charge.com\/wp-content\/uploads\/2024\/11\/cropped-v2c-charge-logo-menu.png","width":984,"height":431,"caption":"V2C"},"image":{"@id":"https:\/\/v2charge.com\/sl\/#\/schema\/logo\/image\/"},"sameAs":["https:\/\/www.facebook.com\/V2C.Charge","https:\/\/x.com\/V2C_Charge","https:\/\/www.instagram.com\/v2c.charge\/","https:\/\/www.youtube.com\/@V2C","https:\/\/www.linkedin.com\/company\/v2c-chargers\/"]}]}},"uagb_featured_image_src":{"full":false,"thumbnail":false,"medium":false,"medium_large":false,"large":false,"gs-tiny":false,"xl":false,"xxl":false,"xxxl":false,"xxxxl":false,"xxxxxl":false,"1536x1536":false,"2048x2048":false},"uagb_author_info":{"display_name":"V2C","author_link":"https:\/\/v2charge.com\/sl\/author\/root_k4eu7ki8\/"},"uagb_comment_info":0,"uagb_excerpt":"NOVO Stenska polnilna postaja za elektri\u010dna vozila Polnilna postaja NOVO je polnilnik za elektri\u010dna vozila s polovi\u010dno hitrostjo polnjenja v na\u010dinu 3 do 22kW. OPIS NOVO je idealna re\u0161itev za polnjenje elektri\u010dnih vozil v hotelih, nakupovalnih sredi\u0161\u010dih, supermarketih, trgovinah z nizkimi cenami in &nbsp;parkiri\u0161\u010dih za flote. NOVO je polnilnik iz poliranega aluminijevega zlitine, zelo robustnega&hellip;","_links":{"self":[{"href":"https:\/\/v2charge.com\/sl\/wp-json\/wp\/v2\/pages\/312958","targetHints":{"allow":["GET"]}}],"collection":[{"href":"https:\/\/v2charge.com\/sl\/wp-json\/wp\/v2\/pages"}],"about":[{"href":"https:\/\/v2charge.com\/sl\/wp-json\/wp\/v2\/types\/page"}],"author":[{"embeddable":true,"href":"https:\/\/v2charge.com\/sl\/wp-json\/wp\/v2\/users\/1"}],"replies":[{"embeddable":true,"href":"https:\/\/v2charge.com\/sl\/wp-json\/wp\/v2\/comments?post=312958"}],"version-history":[{"count":0,"href":"https:\/\/v2charge.com\/sl\/wp-json\/wp\/v2\/pages\/312958\/revisions"}],"up":[{"embeddable":true,"href":"https:\/\/v2charge.com\/sl\/wp-json\/wp\/v2\/pages\/312952"}],"wp:attachment":[{"href":"https:\/\/v2charge.com\/sl\/wp-json\/wp\/v2\/media?parent=312958"}],"curies":[{"name":"wp","href":"https:\/\/api.w.org\/{rel}","templated":true}]}}