{"id":312962,"date":"2021-11-30T15:45:39","date_gmt":"2021-11-30T15:45:39","guid":{"rendered":""},"modified":"2025-06-02T09:51:47","modified_gmt":"2025-06-02T07:51:47","slug":"katalog","status":"publish","type":"page","link":"https:\/\/v2charge.com\/sl\/katalog\/","title":{"rendered":"Katalog"},"content":{"rendered":"\n<div class=\"wp-block-uagb-container uagb-block-7143af1b alignfull uagb-is-root-container\"><div class=\"uagb-container-inner-blocks-wrap\">\n<div class=\"wp-block-uagb-container uagb-block-e5f8b6a7\"><div class=\"wp-block-uagb-advanced-heading uagb-block-346ef721\"><h1 class=\"uagb-heading-text\">Katalogi e-polnilnikov<\/h1><\/div><\/div>\n\n\n<div class=\"wp-block-uagb-advanced-heading uagb-block-bc1a895b\"><p class=\"uagb-heading-text\">Tukaj imate digitalne kataloge vsakega na\u0161ega elektri\u010dnega polnilnika za va\u0161e vozilo. Odkrijte funkcionalne zna\u010dilnosti, ki jih delajo edinstvene na trgu.<\/p><\/div><\/div><\/div>\n\n\n\n<div class=\"wp-block-uagb-container uagb-block-a2adb9f1 alignfull uagb-is-root-container\"><div class=\"uagb-container-inner-blocks-wrap\">\n<div class=\"wp-block-uagb-container uagb-block-261c31da\">\n<div class=\"wp-block-uagb-container uagb-block-9f70f1e6\">\n<div class=\"wp-block-uagb-image aligncenter uagb-block-915bfff6 wp-block-uagb-image--layout-default wp-block-uagb-image--effect-zoomin wp-block-uagb-image--align-center\"><figure class=\"wp-block-uagb-image__figure\"><a class=\"\" href=\"https:\/\/v2charge.com\/wp-content\/uploads\/2023\/05\/CATALOGUE_TRYDAN.pdf\" target=\"\" rel=\"noopener\"><img decoding=\"async\" srcset=\"https:\/\/v2charge.com\/wp-content\/uploads\/2021\/12\/TRYDAN-CATALOGUE.png \" sizes=\"auto, (max-width: 480px) 150px\" src=\"https:\/\/v2charge.com\/wp-content\/uploads\/2021\/12\/TRYDAN-CATALOGUE.png\" alt=\"catalogue trydan\" class=\"uag-image-66925\" width=\"300\" height=\"251\" title=\"\" loading=\"lazy\" role=\"img\"\/><\/a><\/figure><\/div>\n\n\n<div class=\"wp-block-uagb-advanced-heading uagb-block-27950cc8\"><h2 class=\"uagb-heading-text\"><a href=\"https:\/\/v2charge.com\/wp-content\/uploads\/2023\/05\/CATALOGUE_TRYDAN.pdf\" title=\"trydan v2c katalog\">TRYDAN<\/a><\/h2><\/div>\n\n\n<div class=\"wp-block-uagb-buttons uagb-buttons__outer-wrap uagb-btn__default-btn uagb-btn-tablet__default-btn uagb-btn-mobile__default-btn uagb-block-16b6d91e\"><div class=\"uagb-buttons__wrap uagb-buttons-layout-wrap \"><div class=\"wp-block-uagb-buttons-child uagb-buttons__outer-wrap uagb-block-038c3299 wp-block-button\"><div class=\"uagb-button__wrapper\"><a class=\"uagb-buttons-repeater wp-block-button__link\" aria-label=\"\" href=\"https:\/\/v2charge.com\/wp-content\/uploads\/2023\/05\/CATALOGUE_TRYDAN.pdf\" rel=\"follow noopener\" target=\"_self\" role=\"button\"><div class=\"uagb-button__link\">Posvetujte se s katalogom<\/div><\/a><\/div><\/div><\/div><\/div>\n<\/div>\n\n\n\n<div class=\"wp-block-uagb-container uagb-block-927102e3\">\n<div class=\"wp-block-uagb-image aligncenter uagb-block-9f2a02ad wp-block-uagb-image--layout-default wp-block-uagb-image--effect-zoomin wp-block-uagb-image--align-center\"><figure class=\"wp-block-uagb-image__figure\"><a class=\"\" href=\"https:\/\/v2charge.com\/wp-content\/uploads\/2024\/03\/catalogue-trydan-pro.pdf\" target=\"\" rel=\"noopener\"><img decoding=\"async\" srcset=\"https:\/\/v2charge.com\/wp-content\/uploads\/2021\/12\/TRYDAN-CATALOGUE.png \" sizes=\"auto, (max-width: 480px) 150px\" src=\"https:\/\/v2charge.com\/wp-content\/uploads\/2021\/12\/TRYDAN-CATALOGUE.png\" alt=\"catalogue trydan\" class=\"uag-image-66925\" width=\"300\" height=\"251\" title=\"\" loading=\"lazy\" role=\"img\"\/><\/a><\/figure><\/div>\n\n\n<div class=\"wp-block-uagb-advanced-heading uagb-block-b617fe40\"><h2 class=\"uagb-heading-text\"><a href=\"https:\/\/v2charge.com\/wp-content\/uploads\/2024\/03\/catalogue-trydan-pro.pdf\">TRYDAN PRO<\/a><\/h2><\/div>\n\n\n<div class=\"wp-block-uagb-buttons uagb-buttons__outer-wrap uagb-btn__default-btn uagb-btn-tablet__default-btn uagb-btn-mobile__default-btn uagb-block-7166c65b\"><div class=\"uagb-buttons__wrap uagb-buttons-layout-wrap \"><div class=\"wp-block-uagb-buttons-child uagb-buttons__outer-wrap uagb-block-d58c7fe4 wp-block-button\"><div class=\"uagb-button__wrapper\"><a class=\"uagb-buttons-repeater wp-block-button__link\" aria-label=\"\" href=\"https:\/\/v2charge.com\/wp-content\/uploads\/2024\/03\/catalogue-trydan-pro.pdf\" rel=\"follow noopener\" target=\"_self\" role=\"button\"><div class=\"uagb-button__link\">Posvetujte se s katalogom<\/div><\/a><\/div><\/div><\/div><\/div>\n<\/div>\n\n\n\n<div class=\"wp-block-uagb-container uagb-block-2943c5bd\">\n<div class=\"wp-block-uagb-image aligncenter uagb-block-2dc2e009 wp-block-uagb-image--layout-default wp-block-uagb-image--effect-zoomin wp-block-uagb-image--align-center\"><figure class=\"wp-block-uagb-image__figure\"><a class=\"\" href=\"https:\/\/v2charge.com\/wp-content\/uploads\/2023\/06\/pole-pro-catalogue.pdf\" target=\"\" rel=\"noopener\"><img decoding=\"async\" srcset=\"https:\/\/v2charge.com\/wp-content\/uploads\/2023\/06\/charger-pole-pro.png \" sizes=\"auto, (max-width: 480px) 150px\" src=\"https:\/\/v2charge.com\/wp-content\/uploads\/2023\/06\/charger-pole-pro.png\" alt=\"e-Charger Pole Pro\" class=\"uag-image-106444\" width=\"300\" height=\"251\" title=\"\" loading=\"lazy\" role=\"img\"\/><\/a><\/figure><\/div>\n\n\n<div class=\"wp-block-uagb-advanced-heading uagb-block-7f87a853\"><h2 class=\"uagb-heading-text\"><a href=\"https:\/\/v2charge.com\/wp-content\/uploads\/2023\/06\/pole-pro-catalogue.pdf\" title=\"pole pro v2c katalog\">POLE PRO<\/a><\/h2><\/div>\n\n\n<div class=\"wp-block-uagb-buttons uagb-buttons__outer-wrap uagb-btn__default-btn uagb-btn-tablet__default-btn uagb-btn-mobile__default-btn uagb-block-13d5333a\"><div class=\"uagb-buttons__wrap uagb-buttons-layout-wrap \"><div class=\"wp-block-uagb-buttons-child uagb-buttons__outer-wrap uagb-block-c239bdf5 wp-block-button\"><div class=\"uagb-button__wrapper\"><a class=\"uagb-buttons-repeater wp-block-button__link\" aria-label=\"\" href=\"https:\/\/v2charge.com\/wp-content\/uploads\/2023\/06\/pole-pro-catalogue.pdf\" rel=\"follow noopener\" target=\"_self\" role=\"button\"><div class=\"uagb-button__link\">Posvetujte se s katalogom<\/div><\/a><\/div><\/div><\/div><\/div>\n<\/div>\n<\/div>\n\n\n\n<div class=\"wp-block-uagb-container uagb-block-b2095a90\">\n<div class=\"wp-block-uagb-container uagb-block-e1c1c867\">\n<div class=\"wp-block-uagb-image aligncenter uagb-block-db1a3eb1 wp-block-uagb-image--layout-default wp-block-uagb-image--effect-zoomin wp-block-uagb-image--align-center\"><figure class=\"wp-block-uagb-image__figure\"><a class=\"\" href=\"https:\/\/v2charge.com\/wp-content\/uploads\/2025\/06\/catalogue-denka-english.pdf\" target=\"\" rel=\"noopener\"><img decoding=\"async\" srcset=\"https:\/\/v2charge.com\/wp-content\/uploads\/2025\/05\/catalogo-denka.png ,https:\/\/v2charge.com\/wp-content\/uploads\/2025\/05\/catalogo-denka.png 780w, https:\/\/v2charge.com\/wp-content\/uploads\/2025\/05\/catalogo-denka.png 360w\" sizes=\"auto, (max-width: 480px) 150px\" src=\"https:\/\/v2charge.com\/wp-content\/uploads\/2025\/05\/catalogo-denka.png\" alt=\"\" class=\"uag-image-226331\" width=\"285\" height=\"251\" title=\"catalogo-denka\" loading=\"lazy\" role=\"img\"\/><\/a><\/figure><\/div>\n\n\n<div class=\"wp-block-uagb-advanced-heading uagb-block-63f671be\"><h2 class=\"uagb-heading-text\"><a href=\"https:\/\/v2charge.com\/wp-content\/uploads\/2025\/06\/catalogue-denka-english.pdf\">DENKA<\/a><\/h2><\/div>\n\n\n<div class=\"wp-block-uagb-buttons uagb-buttons__outer-wrap uagb-btn__default-btn uagb-btn-tablet__default-btn uagb-btn-mobile__default-btn uagb-block-ba38b8af\"><div class=\"uagb-buttons__wrap uagb-buttons-layout-wrap \"><div class=\"wp-block-uagb-buttons-child uagb-buttons__outer-wrap uagb-block-bb1caaa9 wp-block-button\"><div class=\"uagb-button__wrapper\"><a class=\"uagb-buttons-repeater wp-block-button__link\" aria-label=\"\" href=\"https:\/\/v2charge.com\/wp-content\/uploads\/2025\/06\/catalogue-denka-english.pdf\" rel=\"follow noopener\" target=\"_self\" role=\"button\"><div class=\"uagb-button__link\">Posvetujte se s katalogom<\/div><\/a><\/div><\/div><\/div><\/div>\n<\/div>\n\n\n\n<div class=\"wp-block-uagb-container uagb-block-83e363c0\">\n<div class=\"wp-block-uagb-image aligncenter uagb-block-76bfb49e wp-block-uagb-image--layout-default wp-block-uagb-image--effect-zoomin wp-block-uagb-image--align-center\"><figure class=\"wp-block-uagb-image__figure\"><a class=\"\" href=\"https:\/\/v2charge.com\/wp-content\/uploads\/2022\/09\/CATALOGUE_SCREEN.pdf\" target=\"\" rel=\"noopener\"><img decoding=\"async\" srcset=\"https:\/\/v2charge.com\/wp-content\/uploads\/2023\/04\/catalogo-screen.png \" sizes=\"auto, (max-width: 480px) 150px\" src=\"https:\/\/v2charge.com\/wp-content\/uploads\/2023\/04\/catalogo-screen.png\" alt=\"cat\u00e1logo screen v2c\" class=\"uag-image-98781\" width=\"285\" height=\"251\" title=\"\" loading=\"lazy\" role=\"img\"\/><\/a><\/figure><\/div>\n\n\n<div class=\"wp-block-uagb-advanced-heading uagb-block-99f4ab5c\"><h2 class=\"uagb-heading-text\"><a href=\"https:\/\/v2charge.com\/wp-content\/uploads\/2022\/09\/CATALOGUE_SCREEN.pdf\" title=\"screen v2c katalog\">SCREEN<\/a><\/h2><\/div>\n\n\n<div class=\"wp-block-uagb-buttons uagb-buttons__outer-wrap uagb-btn__default-btn uagb-btn-tablet__default-btn uagb-btn-mobile__default-btn uagb-block-8f862fb8\"><div class=\"uagb-buttons__wrap uagb-buttons-layout-wrap \"><div class=\"wp-block-uagb-buttons-child uagb-buttons__outer-wrap uagb-block-5a4f208f wp-block-button\"><div class=\"uagb-button__wrapper\"><a class=\"uagb-buttons-repeater wp-block-button__link\" aria-label=\"\" href=\"https:\/\/v2charge.com\/wp-content\/uploads\/2022\/09\/CATALOGUE_SCREEN.pdf\" rel=\"follow noopener\" target=\"_self\" role=\"button\"><div class=\"uagb-button__link\">Posvetujte se s katalogom<\/div><\/a><\/div><\/div><\/div><\/div>\n<\/div>\n\n\n\n<div class=\"wp-block-uagb-container uagb-block-6b54a359\">\n<div class=\"wp-block-uagb-image aligncenter uagb-block-91446528 wp-block-uagb-image--layout-default wp-block-uagb-image--effect-zoomin wp-block-uagb-image--align-center\"><figure class=\"wp-block-uagb-image__figure\"><a class=\"\" href=\"https:\/\/v2charge.com\/wp-content\/uploads\/2022\/09\/CATALOGUE_EVPORTABLE.pdf\" target=\"\" rel=\"noopener\"><img decoding=\"async\" srcset=\"https:\/\/v2charge.com\/wp-content\/uploads\/2021\/12\/EV2-portable-catalogo.png \" sizes=\"auto, (max-width: 480px) 150px\" src=\"https:\/\/v2charge.com\/wp-content\/uploads\/2021\/12\/EV2-portable-catalogo.png\" alt=\"cat\u00e1logo ev portable\" class=\"uag-image-66904\" width=\"290\" height=\"251\" title=\"\" loading=\"lazy\" role=\"img\"\/><\/a><\/figure><\/div>\n\n\n<div class=\"wp-block-uagb-advanced-heading uagb-block-fd3aa6bf\"><h2 class=\"uagb-heading-text\"><a href=\"https:\/\/v2charge.com\/wp-content\/uploads\/2022\/09\/CATALOGUE_EVPORTABLE.pdf\" title=\"ev portable katalog\">EV PORTABLE<\/a><\/h2><\/div>\n\n\n<div class=\"wp-block-uagb-buttons uagb-buttons__outer-wrap uagb-btn__default-btn uagb-btn-tablet__default-btn uagb-btn-mobile__default-btn uagb-block-30b7f006\"><div class=\"uagb-buttons__wrap uagb-buttons-layout-wrap \"><div class=\"wp-block-uagb-buttons-child uagb-buttons__outer-wrap uagb-block-dd623f2b wp-block-button\"><div class=\"uagb-button__wrapper\"><a class=\"uagb-buttons-repeater wp-block-button__link\" aria-label=\"\" href=\"https:\/\/v2charge.com\/wp-content\/uploads\/2022\/09\/CATALOGUE_EVPORTABLE.pdf\" rel=\"follow noopener\" target=\"_self\" role=\"button\"><div class=\"uagb-button__link\">Posvetujte se s katalogom<\/div><\/a><\/div><\/div><\/div><\/div>\n<\/div>\n<\/div>\n\n\n<div class=\"wp-block-uagb-advanced-heading uagb-block-606a9a33\"><h2 class=\"uagb-heading-text\">Posvetujte se s prodajno bro\u0161uro<\/h2><\/div>\n\n<div class=\"wp-block-uagb-advanced-heading uagb-block-a3149c25\"><p class=\"uagb-heading-text\">\u010ce \u017eelite, lahko v istem dokumentu preverite informacije o vseh na\u0161ih E-polnilnicah.<\/p><\/div>\n\n\n<div class=\"wp-block-uagb-buttons uagb-buttons__outer-wrap uagb-btn__default-btn uagb-btn-tablet__default-btn uagb-btn-mobile__default-btn uagb-block-09181131\"><div class=\"uagb-buttons__wrap uagb-buttons-layout-wrap \"><div class=\"wp-block-uagb-buttons-child uagb-buttons__outer-wrap uagb-block-37d74e82 wp-block-button\"><div class=\"uagb-button__wrapper\"><a class=\"uagb-buttons-repeater wp-block-button__link\" aria-label=\"\" href=\"https:\/\/v2charge.com\/wp-content\/uploads\/2023\/04\/sales-folder-e-chargers.pdf\" rel=\"follow noopener\" target=\"_self\" role=\"button\"><div class=\"uagb-button__link\">Posvetujte se s prodajno bro\u0161uro<\/div><\/a><\/div><\/div><\/div><\/div>\n<\/div><\/div>\n","protected":false},"excerpt":{"rendered":"<p>Katalogi e-polnilnikov Tukaj imate digitalne kataloge vsakega na\u0161ega elektri\u010dnega polnilnika za va\u0161e vozilo. Odkrijte funkcionalne zna\u010dilnosti, ki jih delajo edinstvene na trgu. TRYDAN TRYDAN PRO POLE PRO DENKA SCREEN EV PORTABLE Posvetujte se s prodajno bro\u0161uro \u010ce \u017eelite, lahko v istem dokumentu preverite informacije o vseh na\u0161ih E-polnilnicah.<\/p>\n","protected":false},"author":1,"featured_media":170346,"parent":0,"menu_order":0,"comment_status":"closed","ping_status":"closed","template":"","meta":{"_eb_attr":"","content-type":"","_uag_custom_page_level_css":"","footnotes":""},"class_list":["post-312962","page","type-page","status-publish","has-post-thumbnail"],"yoast_head":"<!-- This site is optimized with the Yoast SEO plugin v25.3.1 - https:\/\/yoast.com\/wordpress\/plugins\/seo\/ -->\n<title>Digitalni katalogi: Podrobno spoznajte vsak E-Charger - V2C \u00ae<\/title>\n<meta name=\"description\" content=\"Tukaj imate v na\u0161ih digitalnih katalogih lastnosti, ki vsako na\u0161o elektri\u010dno polnilnico naredijo edinstveno, spoznajte jih!\" \/>\n<meta name=\"robots\" content=\"index, follow, max-snippet:-1, max-image-preview:large, max-video-preview:-1\" \/>\n<link rel=\"canonical\" href=\"https:\/\/v2charge.com\/sl\/catalogues\/\" \/>\n<meta property=\"og:locale\" content=\"sl_SI\" \/>\n<meta property=\"og:type\" content=\"article\" \/>\n<meta property=\"og:title\" content=\"Digitalni katalogi: Podrobno spoznajte vsak E-Charger - V2C \u00ae\" \/>\n<meta property=\"og:description\" content=\"Tukaj imate v na\u0161ih digitalnih katalogih lastnosti, ki vsako na\u0161o elektri\u010dno polnilnico naredijo edinstveno, spoznajte jih!\" \/>\n<meta property=\"og:url\" content=\"https:\/\/v2charge.com\/sl\/catalogues\/\" \/>\n<meta property=\"og:site_name\" content=\"V2C\" \/>\n<meta property=\"article:publisher\" content=\"https:\/\/www.facebook.com\/V2C.Charge\" \/>\n<meta property=\"article:modified_time\" content=\"2025-06-02T07:51:47+00:00\" \/>\n<meta property=\"og:image\" content=\"https:\/\/v2charge.com\/wp-content\/uploads\/2024\/07\/v2c-electric-chargers.jpg\" \/>\n\t<meta property=\"og:image:width\" content=\"1200\" \/>\n\t<meta property=\"og:image:height\" content=\"675\" \/>\n\t<meta property=\"og:image:type\" content=\"image\/jpeg\" \/>\n<meta name=\"twitter:card\" content=\"summary_large_image\" \/>\n<meta name=\"twitter:site\" content=\"@V2C_Charge\" \/>\n<meta name=\"twitter:label1\" content=\"Est. reading time\" \/>\n\t<meta name=\"twitter:data1\" content=\"2 minuti\" \/>\n<script type=\"application\/ld+json\" class=\"yoast-schema-graph\">{\"@context\":\"https:\/\/schema.org\",\"@graph\":[{\"@type\":\"WebPage\",\"@id\":\"https:\/\/v2charge.com\/sl\/katalog\/\",\"url\":\"https:\/\/v2charge.com\/sl\/catalogues\/\",\"name\":\"Digitalni katalogi: Podrobno spoznajte vsak E-Charger - V2C \u00ae\",\"isPartOf\":{\"@id\":\"https:\/\/v2charge.com\/sl\/#website\"},\"primaryImageOfPage\":{\"@id\":\"https:\/\/v2charge.com\/sl\/catalogues\/#primaryimage\"},\"image\":{\"@id\":\"https:\/\/v2charge.com\/sl\/catalogues\/#primaryimage\"},\"thumbnailUrl\":\"https:\/\/v2charge.com\/wp-content\/uploads\/2024\/07\/v2c-electric-chargers.jpg\",\"datePublished\":\"2021-11-30T15:45:39+00:00\",\"dateModified\":\"2025-06-02T07:51:47+00:00\",\"description\":\"Tukaj imate v na\u0161ih digitalnih katalogih lastnosti, ki vsako na\u0161o elektri\u010dno polnilnico naredijo edinstveno, spoznajte jih!\",\"breadcrumb\":{\"@id\":\"https:\/\/v2charge.com\/sl\/catalogues\/#breadcrumb\"},\"inLanguage\":\"sl-SI\",\"potentialAction\":[{\"@type\":\"ReadAction\",\"target\":[\"https:\/\/v2charge.com\/sl\/catalogues\/\"]}]},{\"@type\":\"ImageObject\",\"inLanguage\":\"sl-SI\",\"@id\":\"https:\/\/v2charge.com\/sl\/catalogues\/#primaryimage\",\"url\":\"https:\/\/v2charge.com\/wp-content\/uploads\/2024\/07\/v2c-electric-chargers.jpg\",\"contentUrl\":\"https:\/\/v2charge.com\/wp-content\/uploads\/2024\/07\/v2c-electric-chargers.jpg\",\"width\":1200,\"height\":675,\"caption\":\"V2C Electric Chargers\"},{\"@type\":\"BreadcrumbList\",\"@id\":\"https:\/\/v2charge.com\/sl\/catalogues\/#breadcrumb\",\"itemListElement\":[{\"@type\":\"ListItem\",\"position\":1,\"name\":\"V2C\",\"item\":\"https:\/\/v2charge.com\/sl\/\"},{\"@type\":\"ListItem\",\"position\":2,\"name\":\"Katalog\"}]},{\"@type\":\"WebSite\",\"@id\":\"https:\/\/v2charge.com\/sl\/#website\",\"url\":\"https:\/\/v2charge.com\/sl\/\",\"name\":\"V2C\",\"description\":\"#CargandoElMa\u00f1ana\",\"publisher\":{\"@id\":\"https:\/\/v2charge.com\/sl\/#organization\"},\"potentialAction\":[{\"@type\":\"SearchAction\",\"target\":{\"@type\":\"EntryPoint\",\"urlTemplate\":\"https:\/\/v2charge.com\/sl\/?s={search_term_string}\"},\"query-input\":{\"@type\":\"PropertyValueSpecification\",\"valueRequired\":true,\"valueName\":\"search_term_string\"}}],\"inLanguage\":\"sl-SI\"},{\"@type\":\"Organization\",\"@id\":\"https:\/\/v2charge.com\/sl\/#organization\",\"name\":\"V2C\",\"url\":\"https:\/\/v2charge.com\/sl\/\",\"logo\":{\"@type\":\"ImageObject\",\"inLanguage\":\"sl-SI\",\"@id\":\"https:\/\/v2charge.com\/sl\/#\/schema\/logo\/image\/\",\"url\":\"https:\/\/v2charge.com\/wp-content\/uploads\/2024\/11\/cropped-v2c-charge-logo-menu.png\",\"contentUrl\":\"https:\/\/v2charge.com\/wp-content\/uploads\/2024\/11\/cropped-v2c-charge-logo-menu.png\",\"width\":984,\"height\":431,\"caption\":\"V2C\"},\"image\":{\"@id\":\"https:\/\/v2charge.com\/sl\/#\/schema\/logo\/image\/\"},\"sameAs\":[\"https:\/\/www.facebook.com\/V2C.Charge\",\"https:\/\/x.com\/V2C_Charge\",\"https:\/\/www.instagram.com\/v2c.charge\/\",\"https:\/\/www.youtube.com\/@V2C\",\"https:\/\/www.linkedin.com\/company\/v2c-chargers\/\"]}]}<\/script>\n<!-- \/ Yoast SEO plugin. -->","yoast_head_json":{"title":"Digitalni katalogi: Podrobno spoznajte vsak E-Charger - V2C \u00ae","description":"Tukaj imate v na\u0161ih digitalnih katalogih lastnosti, ki vsako na\u0161o elektri\u010dno polnilnico naredijo edinstveno, spoznajte jih!","robots":{"index":"index","follow":"follow","max-snippet":"max-snippet:-1","max-image-preview":"max-image-preview:large","max-video-preview":"max-video-preview:-1"},"canonical":"https:\/\/v2charge.com\/sl\/catalogues\/","og_locale":"sl_SI","og_type":"article","og_title":"Digitalni katalogi: Podrobno spoznajte vsak E-Charger - V2C \u00ae","og_description":"Tukaj imate v na\u0161ih digitalnih katalogih lastnosti, ki vsako na\u0161o elektri\u010dno polnilnico naredijo edinstveno, spoznajte jih!","og_url":"https:\/\/v2charge.com\/sl\/catalogues\/","og_site_name":"V2C","article_publisher":"https:\/\/www.facebook.com\/V2C.Charge","article_modified_time":"2025-06-02T07:51:47+00:00","og_image":[{"width":1200,"height":675,"url":"https:\/\/v2charge.com\/wp-content\/uploads\/2024\/07\/v2c-electric-chargers.jpg","type":"image\/jpeg"}],"twitter_card":"summary_large_image","twitter_site":"@V2C_Charge","twitter_misc":{"Est. reading time":"2 minuti"},"schema":{"@context":"https:\/\/schema.org","@graph":[{"@type":"WebPage","@id":"https:\/\/v2charge.com\/sl\/katalog\/","url":"https:\/\/v2charge.com\/sl\/catalogues\/","name":"Digitalni katalogi: Podrobno spoznajte vsak E-Charger - V2C \u00ae","isPartOf":{"@id":"https:\/\/v2charge.com\/sl\/#website"},"primaryImageOfPage":{"@id":"https:\/\/v2charge.com\/sl\/catalogues\/#primaryimage"},"image":{"@id":"https:\/\/v2charge.com\/sl\/catalogues\/#primaryimage"},"thumbnailUrl":"https:\/\/v2charge.com\/wp-content\/uploads\/2024\/07\/v2c-electric-chargers.jpg","datePublished":"2021-11-30T15:45:39+00:00","dateModified":"2025-06-02T07:51:47+00:00","description":"Tukaj imate v na\u0161ih digitalnih katalogih lastnosti, ki vsako na\u0161o elektri\u010dno polnilnico naredijo edinstveno, spoznajte jih!","breadcrumb":{"@id":"https:\/\/v2charge.com\/sl\/catalogues\/#breadcrumb"},"inLanguage":"sl-SI","potentialAction":[{"@type":"ReadAction","target":["https:\/\/v2charge.com\/sl\/catalogues\/"]}]},{"@type":"ImageObject","inLanguage":"sl-SI","@id":"https:\/\/v2charge.com\/sl\/catalogues\/#primaryimage","url":"https:\/\/v2charge.com\/wp-content\/uploads\/2024\/07\/v2c-electric-chargers.jpg","contentUrl":"https:\/\/v2charge.com\/wp-content\/uploads\/2024\/07\/v2c-electric-chargers.jpg","width":1200,"height":675,"caption":"V2C Electric Chargers"},{"@type":"BreadcrumbList","@id":"https:\/\/v2charge.com\/sl\/catalogues\/#breadcrumb","itemListElement":[{"@type":"ListItem","position":1,"name":"V2C","item":"https:\/\/v2charge.com\/sl\/"},{"@type":"ListItem","position":2,"name":"Katalog"}]},{"@type":"WebSite","@id":"https:\/\/v2charge.com\/sl\/#website","url":"https:\/\/v2charge.com\/sl\/","name":"V2C","description":"#CargandoElMa\u00f1ana","publisher":{"@id":"https:\/\/v2charge.com\/sl\/#organization"},"potentialAction":[{"@type":"SearchAction","target":{"@type":"EntryPoint","urlTemplate":"https:\/\/v2charge.com\/sl\/?s={search_term_string}"},"query-input":{"@type":"PropertyValueSpecification","valueRequired":true,"valueName":"search_term_string"}}],"inLanguage":"sl-SI"},{"@type":"Organization","@id":"https:\/\/v2charge.com\/sl\/#organization","name":"V2C","url":"https:\/\/v2charge.com\/sl\/","logo":{"@type":"ImageObject","inLanguage":"sl-SI","@id":"https:\/\/v2charge.com\/sl\/#\/schema\/logo\/image\/","url":"https:\/\/v2charge.com\/wp-content\/uploads\/2024\/11\/cropped-v2c-charge-logo-menu.png","contentUrl":"https:\/\/v2charge.com\/wp-content\/uploads\/2024\/11\/cropped-v2c-charge-logo-menu.png","width":984,"height":431,"caption":"V2C"},"image":{"@id":"https:\/\/v2charge.com\/sl\/#\/schema\/logo\/image\/"},"sameAs":["https:\/\/www.facebook.com\/V2C.Charge","https:\/\/x.com\/V2C_Charge","https:\/\/www.instagram.com\/v2c.charge\/","https:\/\/www.youtube.com\/@V2C","https:\/\/www.linkedin.com\/company\/v2c-chargers\/"]}]}},"uagb_featured_image_src":{"full":["https:\/\/v2charge.com\/wp-content\/uploads\/2024\/07\/v2c-electric-chargers.jpg",1200,675,false],"thumbnail":["https:\/\/v2charge.com\/wp-content\/uploads\/2024\/07\/v2c-electric-chargers-150x150.jpg",150,150,true],"medium":["https:\/\/v2charge.com\/wp-content\/uploads\/2024\/07\/v2c-electric-chargers-300x169.jpg",300,169,true],"medium_large":["https:\/\/v2charge.com\/wp-content\/uploads\/2024\/07\/v2c-electric-chargers-768x432.jpg",768,432,true],"large":["https:\/\/v2charge.com\/wp-content\/uploads\/2024\/07\/v2c-electric-chargers-1024x576.jpg",1024,576,true],"gs-tiny":["https:\/\/v2charge.com\/wp-content\/uploads\/2024\/07\/v2c-electric-chargers.jpg",50,28,false],"xl":["https:\/\/v2charge.com\/wp-content\/uploads\/2024\/07\/v2c-electric-chargers.jpg",1200,675,false],"xxl":["https:\/\/v2charge.com\/wp-content\/uploads\/2024\/07\/v2c-electric-chargers.jpg",1200,675,false],"xxxl":["https:\/\/v2charge.com\/wp-content\/uploads\/2024\/07\/v2c-electric-chargers.jpg",1200,675,false],"xxxxl":["https:\/\/v2charge.com\/wp-content\/uploads\/2024\/07\/v2c-electric-chargers.jpg",1200,675,false],"xxxxxl":["https:\/\/v2charge.com\/wp-content\/uploads\/2024\/07\/v2c-electric-chargers.jpg",1200,675,false],"1536x1536":["https:\/\/v2charge.com\/wp-content\/uploads\/2024\/07\/v2c-electric-chargers.jpg",1200,675,false],"2048x2048":["https:\/\/v2charge.com\/wp-content\/uploads\/2024\/07\/v2c-electric-chargers.jpg",1200,675,false]},"uagb_author_info":{"display_name":"V2C","author_link":"https:\/\/v2charge.com\/sl\/author\/root_k4eu7ki8\/"},"uagb_comment_info":0,"uagb_excerpt":"Katalogi e-polnilnikov Tukaj imate digitalne kataloge vsakega na\u0161ega elektri\u010dnega polnilnika za va\u0161e vozilo. Odkrijte funkcionalne zna\u010dilnosti, ki jih delajo edinstvene na trgu. TRYDAN TRYDAN PRO POLE PRO DENKA SCREEN EV PORTABLE Posvetujte se s prodajno bro\u0161uro \u010ce \u017eelite, lahko v istem dokumentu preverite informacije o vseh na\u0161ih E-polnilnicah.","_links":{"self":[{"href":"https:\/\/v2charge.com\/sl\/wp-json\/wp\/v2\/pages\/312962","targetHints":{"allow":["GET"]}}],"collection":[{"href":"https:\/\/v2charge.com\/sl\/wp-json\/wp\/v2\/pages"}],"about":[{"href":"https:\/\/v2charge.com\/sl\/wp-json\/wp\/v2\/types\/page"}],"author":[{"embeddable":true,"href":"https:\/\/v2charge.com\/sl\/wp-json\/wp\/v2\/users\/1"}],"replies":[{"embeddable":true,"href":"https:\/\/v2charge.com\/sl\/wp-json\/wp\/v2\/comments?post=312962"}],"version-history":[{"count":0,"href":"https:\/\/v2charge.com\/sl\/wp-json\/wp\/v2\/pages\/312962\/revisions"}],"wp:featuredmedia":[{"embeddable":true,"href":"https:\/\/v2charge.com\/sl\/wp-json\/wp\/v2\/media\/170346"}],"wp:attachment":[{"href":"https:\/\/v2charge.com\/sl\/wp-json\/wp\/v2\/media?parent=312962"}],"curies":[{"name":"wp","href":"https:\/\/api.w.org\/{rel}","templated":true}]}}