{"id":312967,"date":"2022-11-21T09:15:26","date_gmt":"2022-11-21T09:15:26","guid":{"rendered":""},"modified":"2023-07-14T11:00:39","modified_gmt":"2023-07-14T11:00:39","slug":"integracija-e-chargerja-z-home-assistant-preko-ocpp","status":"publish","type":"page","link":"https:\/\/v2charge.com\/sl\/integracija-e-chargerja-z-home-assistant-preko-ocpp\/","title":{"rendered":"Integracija e-Chargerja z Home Assistant preko OCPP"},"content":{"rendered":"\n<div style=\"height:60px\" aria-hidden=\"true\" class=\"wp-block-spacer\"><\/div>\n<h1>Integracija e-polnilnika z doma\u010dim pomo\u010dnikom preko OCPP<\/h1><p>Home Assistant je ena najbolj zanimivih platform za integracijo avtomatizacije doma na trgu. V2C dela na raz\u0161iritvi, ki bo omogo\u010dila povezavo preko MODBUS TCP, trenutno pa se lahko za integracijo uporablja raz\u0161iritev OCPP.<\/p>\n\n<p>Dokumentacijo si lahko ogledate na tej spletni strani: <a href=\"https:\/\/home-assistant-ocpp.readthedocs.io\/en\/latest\/\" target=\"_blank\" rel=\"noreferrer noopener nofollow\">https:\/\/home-assistant-ocpp.readthedocs.io\/en\/latest\/<\/a><\/p>\n\n<h2 class=\"wp-block-heading\">Koraki za integracijo preko OCPP:<\/h2>\n\n<h3 class=\"wp-block-heading\">1. Namestite HACS, pod raz\u0161iritvami.<\/h3>\n\n\n<p><\/p>\n\n\n\n<figure><img decoding=\"async\" src=\"https:\/\/v2charge.com\/wp-content\/uploads\/2022\/11\/hacs-1024x504.png\" alt=\"\"\/><\/figure>\n\n\n<h3 class=\"wp-block-heading\">2. Namestite OCPP Home Assistant in ga nato poi\u0161\u010dite znotraj HACS.<\/h3>\n\n\n<figure><img decoding=\"async\" src=\"https:\/\/v2charge.com\/wp-content\/uploads\/2022\/11\/hacs-1-1024x504.png\" alt=\"\"\/><\/figure>\n\n\n<h3 class=\"wp-block-heading\">3. Ponovno za\u017eenite stre\u017enik<\/h3>\n\n<h3 class=\"wp-block-heading\">4. Iskanje v OCPP raz\u0161iritvah<\/h3>\n\n\n<figure><img decoding=\"async\" src=\"https:\/\/v2charge.com\/wp-content\/uploads\/2022\/11\/ocpp-extension-1024x507.png\" alt=\"\"\/><\/figure>\n\n\n<h3 class=\"wp-block-heading\">5. Izvedite namestitev s temi parametri: ime polnilne to\u010dke bo ime naprave, vrata pa bodo vrata naprave.<\/h3>\n\n\n<figure><img decoding=\"async\" src=\"https:\/\/v2charge.com\/wp-content\/uploads\/2022\/11\/ocpp-extension-1-1024x507.png\" alt=\"\"\/><\/figure>\n\n\n<h3 class=\"wp-block-heading\">6. Prijavite se v V2C.cloud s svojim ra\u010dunom. Pojdite v razdelek OCPP in dodajte konfiguracijo, kot je prikazano na sliki, z IP naslovom na\u0161ega Home Assistant, pristani\u0161\u010dem in imenom, ki smo ga nastavili. Nato se bo polnilna to\u010dka ponovno zagnala.<\/h3>\n\n\n<p><\/p>\n\n\n\n<figure><img decoding=\"async\" src=\"https:\/\/v2charge.com\/wp-content\/uploads\/2022\/11\/home-assistant-EN-1024x524.jpg\" alt=\"\"\/><\/figure>\n\n\n<h3 class=\"wp-block-heading\">7. Na koncu po\u010dakajte, da prejmete podatke iz Home Assistant.<\/h3>\n\n<p><strong>Pozor<\/strong>: Sprememba intenzivnosti ne deluje preko doma\u010dega asistenta, delamo na tem in ta funkcionalnost bo vklju\u010dena v prihodnje razli\u010dice.<\/p>\n\n\n<div style=\"height:60px\" aria-hidden=\"true\" class=\"wp-block-spacer\"><\/div>\n","protected":false},"excerpt":{"rendered":"<p>Integracija e-polnilnika z doma\u010dim pomo\u010dnikom preko OCPP Home Assistant je ena najbolj zanimivih platform za integracijo avtomatizacije doma na trgu. V2C dela na raz\u0161iritvi, ki bo omogo\u010dila povezavo preko MODBUS TCP, trenutno pa se lahko za integracijo uporablja raz\u0161iritev OCPP. Dokumentacijo si lahko ogledate na tej spletni strani: https:\/\/home-assistant-ocpp.readthedocs.io\/en\/latest\/ Koraki za integracijo preko OCPP: 1. &#8230; <a title=\"Integracija e-Chargerja z Home Assistant preko OCPP\" class=\"read-more\" href=\"https:\/\/v2charge.com\/sl\/integracija-e-chargerja-z-home-assistant-preko-ocpp\/\" aria-label=\"Read more about Integracija e-Chargerja z Home Assistant preko OCPP\">Read more<\/a><\/p>\n","protected":false},"author":1,"featured_media":0,"parent":0,"menu_order":0,"comment_status":"closed","ping_status":"closed","template":"","meta":{"_eb_attr":"","content-type":"","_uag_custom_page_level_css":"","footnotes":""},"class_list":["post-312967","page","type-page","status-publish"],"yoast_head":"<!-- This site is optimized with the Yoast SEO plugin v25.3.1 - https:\/\/yoast.com\/wordpress\/plugins\/seo\/ -->\n<title>Integracija polnilne postaje z Home Assistant preko OCPP<\/title>\n<meta name=\"description\" content=\"Odkrijte vse korake in nastavitve za integracijo va\u0161e polnilne postaje Trydan z Home Assistant preko OCPP. Prenesite Home Assistant\" \/>\n<meta name=\"robots\" content=\"index, follow, max-snippet:-1, max-image-preview:large, max-video-preview:-1\" \/>\n<link rel=\"canonical\" href=\"https:\/\/v2charge.com\/sl\/integracija-e-chargerja-z-home-assistant-preko-ocpp\/\" \/>\n<meta property=\"og:locale\" content=\"sl_SI\" \/>\n<meta property=\"og:type\" content=\"article\" \/>\n<meta property=\"og:title\" content=\"Integracija polnilne postaje z Home Assistant preko OCPP\" \/>\n<meta property=\"og:description\" content=\"Odkrijte vse korake in nastavitve za integracijo va\u0161e polnilne postaje Trydan z Home Assistant preko OCPP. Prenesite Home Assistant\" \/>\n<meta property=\"og:url\" content=\"https:\/\/v2charge.com\/sl\/integracija-e-chargerja-z-home-assistant-preko-ocpp\/\" \/>\n<meta property=\"og:site_name\" content=\"V2C\" \/>\n<meta property=\"article:publisher\" content=\"https:\/\/www.facebook.com\/V2C.Charge\" \/>\n<meta property=\"article:modified_time\" content=\"2023-07-14T11:00:39+00:00\" \/>\n<meta property=\"og:image\" content=\"https:\/\/v2charge.com\/wp-content\/uploads\/2022\/11\/hacs-1024x504.png\" \/>\n<meta name=\"twitter:card\" content=\"summary_large_image\" \/>\n<meta name=\"twitter:site\" content=\"@V2C_Charge\" \/>\n<meta name=\"twitter:label1\" content=\"Est. reading time\" \/>\n\t<meta name=\"twitter:data1\" content=\"2 minuti\" \/>\n<script type=\"application\/ld+json\" class=\"yoast-schema-graph\">{\"@context\":\"https:\/\/schema.org\",\"@graph\":[{\"@type\":\"WebPage\",\"@id\":\"https:\/\/v2charge.com\/sl\/integracija-e-chargerja-z-home-assistant-preko-ocpp\/\",\"url\":\"https:\/\/v2charge.com\/sl\/integracija-e-chargerja-z-home-assistant-preko-ocpp\/\",\"name\":\"Integracija polnilne postaje z Home Assistant preko OCPP\",\"isPartOf\":{\"@id\":\"https:\/\/v2charge.com\/sl\/#website\"},\"primaryImageOfPage\":{\"@id\":\"https:\/\/v2charge.com\/sl\/integracija-e-chargerja-z-home-assistant-preko-ocpp\/#primaryimage\"},\"image\":{\"@id\":\"https:\/\/v2charge.com\/sl\/integracija-e-chargerja-z-home-assistant-preko-ocpp\/#primaryimage\"},\"thumbnailUrl\":\"https:\/\/v2charge.com\/wp-content\/uploads\/2022\/11\/hacs-1024x504.png\",\"datePublished\":\"2022-11-21T09:15:26+00:00\",\"dateModified\":\"2023-07-14T11:00:39+00:00\",\"description\":\"Odkrijte vse korake in nastavitve za integracijo va\u0161e polnilne postaje Trydan z Home Assistant preko OCPP. Prenesite Home Assistant\",\"breadcrumb\":{\"@id\":\"https:\/\/v2charge.com\/sl\/integracija-e-chargerja-z-home-assistant-preko-ocpp\/#breadcrumb\"},\"inLanguage\":\"sl-SI\",\"potentialAction\":[{\"@type\":\"ReadAction\",\"target\":[\"https:\/\/v2charge.com\/sl\/integracija-e-chargerja-z-home-assistant-preko-ocpp\/\"]}]},{\"@type\":\"ImageObject\",\"inLanguage\":\"sl-SI\",\"@id\":\"https:\/\/v2charge.com\/sl\/integracija-e-chargerja-z-home-assistant-preko-ocpp\/#primaryimage\",\"url\":\"https:\/\/v2charge.com\/wp-content\/uploads\/2022\/11\/hacs-1024x504.png\",\"contentUrl\":\"https:\/\/v2charge.com\/wp-content\/uploads\/2022\/11\/hacs-1024x504.png\"},{\"@type\":\"BreadcrumbList\",\"@id\":\"https:\/\/v2charge.com\/sl\/integracija-e-chargerja-z-home-assistant-preko-ocpp\/#breadcrumb\",\"itemListElement\":[{\"@type\":\"ListItem\",\"position\":1,\"name\":\"V2C\",\"item\":\"https:\/\/v2charge.com\/sl\/\"},{\"@type\":\"ListItem\",\"position\":2,\"name\":\"Integracija e-Chargerja z Home Assistant preko OCPP\"}]},{\"@type\":\"WebSite\",\"@id\":\"https:\/\/v2charge.com\/sl\/#website\",\"url\":\"https:\/\/v2charge.com\/sl\/\",\"name\":\"V2C\",\"description\":\"#CargandoElMa\u00f1ana\",\"publisher\":{\"@id\":\"https:\/\/v2charge.com\/sl\/#organization\"},\"potentialAction\":[{\"@type\":\"SearchAction\",\"target\":{\"@type\":\"EntryPoint\",\"urlTemplate\":\"https:\/\/v2charge.com\/sl\/?s={search_term_string}\"},\"query-input\":{\"@type\":\"PropertyValueSpecification\",\"valueRequired\":true,\"valueName\":\"search_term_string\"}}],\"inLanguage\":\"sl-SI\"},{\"@type\":\"Organization\",\"@id\":\"https:\/\/v2charge.com\/sl\/#organization\",\"name\":\"V2C\",\"url\":\"https:\/\/v2charge.com\/sl\/\",\"logo\":{\"@type\":\"ImageObject\",\"inLanguage\":\"sl-SI\",\"@id\":\"https:\/\/v2charge.com\/sl\/#\/schema\/logo\/image\/\",\"url\":\"https:\/\/v2charge.com\/wp-content\/uploads\/2024\/11\/cropped-v2c-charge-logo-menu.png\",\"contentUrl\":\"https:\/\/v2charge.com\/wp-content\/uploads\/2024\/11\/cropped-v2c-charge-logo-menu.png\",\"width\":984,\"height\":431,\"caption\":\"V2C\"},\"image\":{\"@id\":\"https:\/\/v2charge.com\/sl\/#\/schema\/logo\/image\/\"},\"sameAs\":[\"https:\/\/www.facebook.com\/V2C.Charge\",\"https:\/\/x.com\/V2C_Charge\",\"https:\/\/www.instagram.com\/v2c.charge\/\",\"https:\/\/www.youtube.com\/@V2C\",\"https:\/\/www.linkedin.com\/company\/v2c-chargers\/\"]}]}<\/script>\n<!-- \/ Yoast SEO plugin. -->","yoast_head_json":{"title":"Integracija polnilne postaje z Home Assistant preko OCPP","description":"Odkrijte vse korake in nastavitve za integracijo va\u0161e polnilne postaje Trydan z Home Assistant preko OCPP. Prenesite Home Assistant","robots":{"index":"index","follow":"follow","max-snippet":"max-snippet:-1","max-image-preview":"max-image-preview:large","max-video-preview":"max-video-preview:-1"},"canonical":"https:\/\/v2charge.com\/sl\/integracija-e-chargerja-z-home-assistant-preko-ocpp\/","og_locale":"sl_SI","og_type":"article","og_title":"Integracija polnilne postaje z Home Assistant preko OCPP","og_description":"Odkrijte vse korake in nastavitve za integracijo va\u0161e polnilne postaje Trydan z Home Assistant preko OCPP. Prenesite Home Assistant","og_url":"https:\/\/v2charge.com\/sl\/integracija-e-chargerja-z-home-assistant-preko-ocpp\/","og_site_name":"V2C","article_publisher":"https:\/\/www.facebook.com\/V2C.Charge","article_modified_time":"2023-07-14T11:00:39+00:00","og_image":[{"url":"https:\/\/v2charge.com\/wp-content\/uploads\/2022\/11\/hacs-1024x504.png","type":"","width":"","height":""}],"twitter_card":"summary_large_image","twitter_site":"@V2C_Charge","twitter_misc":{"Est. reading time":"2 minuti"},"schema":{"@context":"https:\/\/schema.org","@graph":[{"@type":"WebPage","@id":"https:\/\/v2charge.com\/sl\/integracija-e-chargerja-z-home-assistant-preko-ocpp\/","url":"https:\/\/v2charge.com\/sl\/integracija-e-chargerja-z-home-assistant-preko-ocpp\/","name":"Integracija polnilne postaje z Home Assistant preko OCPP","isPartOf":{"@id":"https:\/\/v2charge.com\/sl\/#website"},"primaryImageOfPage":{"@id":"https:\/\/v2charge.com\/sl\/integracija-e-chargerja-z-home-assistant-preko-ocpp\/#primaryimage"},"image":{"@id":"https:\/\/v2charge.com\/sl\/integracija-e-chargerja-z-home-assistant-preko-ocpp\/#primaryimage"},"thumbnailUrl":"https:\/\/v2charge.com\/wp-content\/uploads\/2022\/11\/hacs-1024x504.png","datePublished":"2022-11-21T09:15:26+00:00","dateModified":"2023-07-14T11:00:39+00:00","description":"Odkrijte vse korake in nastavitve za integracijo va\u0161e polnilne postaje Trydan z Home Assistant preko OCPP. Prenesite Home Assistant","breadcrumb":{"@id":"https:\/\/v2charge.com\/sl\/integracija-e-chargerja-z-home-assistant-preko-ocpp\/#breadcrumb"},"inLanguage":"sl-SI","potentialAction":[{"@type":"ReadAction","target":["https:\/\/v2charge.com\/sl\/integracija-e-chargerja-z-home-assistant-preko-ocpp\/"]}]},{"@type":"ImageObject","inLanguage":"sl-SI","@id":"https:\/\/v2charge.com\/sl\/integracija-e-chargerja-z-home-assistant-preko-ocpp\/#primaryimage","url":"https:\/\/v2charge.com\/wp-content\/uploads\/2022\/11\/hacs-1024x504.png","contentUrl":"https:\/\/v2charge.com\/wp-content\/uploads\/2022\/11\/hacs-1024x504.png"},{"@type":"BreadcrumbList","@id":"https:\/\/v2charge.com\/sl\/integracija-e-chargerja-z-home-assistant-preko-ocpp\/#breadcrumb","itemListElement":[{"@type":"ListItem","position":1,"name":"V2C","item":"https:\/\/v2charge.com\/sl\/"},{"@type":"ListItem","position":2,"name":"Integracija e-Chargerja z Home Assistant preko OCPP"}]},{"@type":"WebSite","@id":"https:\/\/v2charge.com\/sl\/#website","url":"https:\/\/v2charge.com\/sl\/","name":"V2C","description":"#CargandoElMa\u00f1ana","publisher":{"@id":"https:\/\/v2charge.com\/sl\/#organization"},"potentialAction":[{"@type":"SearchAction","target":{"@type":"EntryPoint","urlTemplate":"https:\/\/v2charge.com\/sl\/?s={search_term_string}"},"query-input":{"@type":"PropertyValueSpecification","valueRequired":true,"valueName":"search_term_string"}}],"inLanguage":"sl-SI"},{"@type":"Organization","@id":"https:\/\/v2charge.com\/sl\/#organization","name":"V2C","url":"https:\/\/v2charge.com\/sl\/","logo":{"@type":"ImageObject","inLanguage":"sl-SI","@id":"https:\/\/v2charge.com\/sl\/#\/schema\/logo\/image\/","url":"https:\/\/v2charge.com\/wp-content\/uploads\/2024\/11\/cropped-v2c-charge-logo-menu.png","contentUrl":"https:\/\/v2charge.com\/wp-content\/uploads\/2024\/11\/cropped-v2c-charge-logo-menu.png","width":984,"height":431,"caption":"V2C"},"image":{"@id":"https:\/\/v2charge.com\/sl\/#\/schema\/logo\/image\/"},"sameAs":["https:\/\/www.facebook.com\/V2C.Charge","https:\/\/x.com\/V2C_Charge","https:\/\/www.instagram.com\/v2c.charge\/","https:\/\/www.youtube.com\/@V2C","https:\/\/www.linkedin.com\/company\/v2c-chargers\/"]}]}},"uagb_featured_image_src":{"full":false,"thumbnail":false,"medium":false,"medium_large":false,"large":false,"gs-tiny":false,"xl":false,"xxl":false,"xxxl":false,"xxxxl":false,"xxxxxl":false,"1536x1536":false,"2048x2048":false},"uagb_author_info":{"display_name":"V2C","author_link":"https:\/\/v2charge.com\/sl\/author\/root_k4eu7ki8\/"},"uagb_comment_info":0,"uagb_excerpt":"Integracija e-polnilnika z doma\u010dim pomo\u010dnikom preko OCPP Home Assistant je ena najbolj zanimivih platform za integracijo avtomatizacije doma na trgu. V2C dela na raz\u0161iritvi, ki bo omogo\u010dila povezavo preko MODBUS TCP, trenutno pa se lahko za integracijo uporablja raz\u0161iritev OCPP. Dokumentacijo si lahko ogledate na tej spletni strani: https:\/\/home-assistant-ocpp.readthedocs.io\/en\/latest\/ Koraki za integracijo preko OCPP: 1.&hellip;","_links":{"self":[{"href":"https:\/\/v2charge.com\/sl\/wp-json\/wp\/v2\/pages\/312967","targetHints":{"allow":["GET"]}}],"collection":[{"href":"https:\/\/v2charge.com\/sl\/wp-json\/wp\/v2\/pages"}],"about":[{"href":"https:\/\/v2charge.com\/sl\/wp-json\/wp\/v2\/types\/page"}],"author":[{"embeddable":true,"href":"https:\/\/v2charge.com\/sl\/wp-json\/wp\/v2\/users\/1"}],"replies":[{"embeddable":true,"href":"https:\/\/v2charge.com\/sl\/wp-json\/wp\/v2\/comments?post=312967"}],"version-history":[{"count":0,"href":"https:\/\/v2charge.com\/sl\/wp-json\/wp\/v2\/pages\/312967\/revisions"}],"wp:attachment":[{"href":"https:\/\/v2charge.com\/sl\/wp-json\/wp\/v2\/media?parent=312967"}],"curies":[{"name":"wp","href":"https:\/\/api.w.org\/{rel}","templated":true}]}}