{"id":312969,"date":"2023-02-01T11:47:32","date_gmt":"2023-02-01T09:47:32","guid":{"rendered":""},"modified":"2025-07-18T14:16:06","modified_gmt":"2025-07-18T12:16:06","slug":"kostal-ksem-povezava-s-trydan","status":"publish","type":"page","link":"https:\/\/v2charge.com\/sl\/podro-je-podpore\/nadzor-mo-i\/dinami-no-upravljanje-mo-i\/kostal-ksem-povezava-s-trydan\/","title":{"rendered":"Kostal KSEM povezava s Trydan"},"content":{"rendered":"\n<div class=\"wp-block-uagb-container uagb-block-3abc244a alignfull uagb-is-root-container\"><div class=\"uagb-container-inner-blocks-wrap\"><div class=\"yoast-breadcrumbs\"><span><span><a href=\"https:\/\/v2charge.com\/sl\/\">V2C<\/a><\/span> \u00bb <span><a href=\"https:\/\/v2charge.com\/sl\/podro-je-podpore\/\">Podro\u010dje podpore<\/a><\/span> \u00bb <span><a href=\"https:\/\/v2charge.com\/sl\/nadzor-mo-i\/\">Control de potencia<\/a><\/span> \u00bb <span><a href=\"https:\/\/v2charge.com\/sl\/dinami-no-upravljanje-mo-i\/\">Din\u00e1mico<\/a><\/span> \u00bb <span class=\"breadcrumb_last\" aria-current=\"page\">Kostal KSEM povezava s Trydan<\/span><\/span><\/div>\n\n<h1 class=\"wp-block-heading\">Povezava Kostal KSEM s Trydanom<\/h1>\n\n\n<div class=\"wp-block-uagb-container uagb-block-94b2f0a4 alignfull uagb-is-root-container\"><div class=\"uagb-container-inner-blocks-wrap\">\n<div class=\"wp-block-uagb-container uagb-block-c65863b3\"><p><strong>Kostal inverters lahko pove\u017eete s Trydanom neposredno preko KSEM energijskega \u0161tevca <\/strong>(Kostal Smart Energy Meter) prek Modbus TCP komunikacije.<\/p><\/div>\n\n\n\n<div class=\"wp-block-uagb-container uagb-block-260fae18\">\n<div class=\"wp-block-uagb-image uagb-block-9078e420 wp-block-uagb-image--layout-default wp-block-uagb-image--effect-static wp-block-uagb-image--align-none\"><figure class=\"wp-block-uagb-image__figure\"><img decoding=\"async\" srcset=\"https:\/\/v2charge.com\/wp-content\/uploads\/2023\/12\/kostal-logo.png ,https:\/\/v2charge.com\/wp-content\/uploads\/2023\/12\/kostal-logo.png 780w, https:\/\/v2charge.com\/wp-content\/uploads\/2023\/12\/kostal-logo.png 360w\" sizes=\"auto, (max-width: 480px) 150px\" src=\"https:\/\/v2charge.com\/wp-content\/uploads\/2023\/12\/kostal-logo.png\" alt=\"\" class=\"uag-image-128994\" width=\"250\" height=\"65\" title=\"\" loading=\"lazy\" role=\"img\"\/><\/figure><\/div>\n<\/div>\n<\/div><\/div>\n<\/div><\/div>\n\n\n\n<div class=\"wp-block-uagb-container uagb-block-333fb119 alignfull uagb-is-root-container\"><div class=\"uagb-container-inner-blocks-wrap\">\n<div class=\"wp-block-uagb-container uagb-block-2ff110d0 default uagb-is-root-container\">\n<div class=\"wp-block-uagb-container uagb-block-cd442c87\">\n<div class=\"wp-block-uagb-image aligncenter uagb-block-4bb46c59 wp-block-uagb-image--layout-default wp-block-uagb-image--effect-static wp-block-uagb-image--align-center\"><figure class=\"wp-block-uagb-image__figure\"><img decoding=\"async\" srcset=\"https:\/\/v2charge.com\/wp-content\/uploads\/2023\/11\/icon-important.png ,https:\/\/v2charge.com\/wp-content\/uploads\/2023\/11\/icon-important.png 780w, https:\/\/v2charge.com\/wp-content\/uploads\/2023\/11\/icon-important.png 360w\" sizes=\"auto, (max-width: 480px) 150px\" src=\"https:\/\/v2charge.com\/wp-content\/uploads\/2023\/11\/icon-important.png\" alt=\"\" class=\"uag-image-125013\" width=\"50\" height=\"50\" title=\"\" loading=\"lazy\" role=\"img\"\/><\/figure><\/div>\n<\/div>\n\n\n\n<div class=\"wp-block-uagb-container uagb-block-38de7166\"><div class=\"wp-block-uagb-advanced-heading uagb-block-37ab01f0\"><p class=\"uagb-heading-text\">Uporaba <strong>Wi-Fi repetitorjev<\/strong> ali <strong>mesh omre\u017eij<\/strong> lahko vpliva na pravilno delovanje sistema. Priporo\u010damo uporabo <strong>stabilnega<\/strong> in <strong>direktnega Wi-Fi<\/strong> omre\u017eja za zagotovitev optimalne povezave med polnilnikom in inverterjem.<\/p><\/div><\/div>\n<\/div>\n\n\n\n<div style=\"height:5px\" aria-hidden=\"true\" class=\"wp-block-spacer\"><\/div>\n<\/div><\/div>\n\n\n\n<div class=\"wp-block-uagb-container uagb-block-02b83e17 alignfull uagb-is-root-container\"><div class=\"uagb-container-inner-blocks-wrap\">\n<div class=\"wp-block-uagb-separator uagb-block-674a6466\"><div class=\"wp-block-uagb-separator__inner\" style=\"--my-background-image:\"><\/div><\/div>\n\n\n<h2 class=\"wp-block-heading\">Kako vzpostaviti povezavo<\/h2>\n\n<p>Za vzpostavitev povezave bomo najprej omogo\u010dili komunikacijo Modbus TCP. Da to storimo, moramo dostopati do IP naslova KSEM \u0161tevca, ki ga lahko najdemo v usmerjevalniku ali preko aplikacij, ki omogo\u010dajo iskanje lokalnih IP naslovov. Nato bomo aktivirali TCP su\u017enja v razdelku Modbus konfiguracija.<\/p>\n\n\n<div class=\"wp-block-uagb-buttons uagb-buttons__outer-wrap uagb-btn__default-btn uagb-btn-tablet__default-btn uagb-btn-mobile__default-btn uagb-block-cff7e0d9\"><div class=\"uagb-buttons__wrap uagb-buttons-layout-wrap \"><div class=\"wp-block-uagb-buttons-child uagb-buttons__outer-wrap uagb-block-b3b0e0d0 wp-block-button\"><div class=\"uagb-button__wrapper\"><a class=\"uagb-buttons-repeater wp-block-button__link\" aria-label=\"\" href=\"https:\/\/v2charge.com\/sl\/how-to-find-the-ip-of-the-devices-connected-to-my-local-network\/\" rel=\"follow noopener\" target=\"_self\" role=\"button\"><div class=\"uagb-button__link\">Kako najti IP naprav, povezanih z mojo lokalno omre\u017eno?<\/div><\/a><\/div><\/div><\/div><\/div>\n\n\n\n<div class=\"wp-block-uagb-image aligncenter uagb-block-a8077fef wp-block-uagb-image--layout-default wp-block-uagb-image--effect-static wp-block-uagb-image--align-center\"><figure class=\"wp-block-uagb-image__figure\"><img decoding=\"async\" srcset=\"https:\/\/v2charge.com\/wp-content\/uploads\/2023\/12\/configuracion-modbus.jpg ,https:\/\/v2charge.com\/wp-content\/uploads\/2023\/12\/configuracion-modbus.jpg 780w, https:\/\/v2charge.com\/wp-content\/uploads\/2023\/12\/configuracion-modbus.jpg 360w\" sizes=\"auto, (max-width: 480px) 150px\" src=\"https:\/\/v2charge.com\/wp-content\/uploads\/2023\/12\/configuracion-modbus.jpg\" alt=\"\" class=\"uag-image-129027\" width=\"1024\" height=\"692\" title=\"\" loading=\"lazy\" role=\"img\"\/><\/figure><\/div>\n\n\n\n<hr class=\"wp-block-separator has-alpha-channel-opacity\"\/>\n\n\n<h2 class=\"wp-block-heading\">Nastavitev Kostal inverterja s KSEM merilnikom v aplikaciji V2C Cloud<\/h2><\/div><\/div>\n\n\n\n<div class=\"wp-block-uagb-container uagb-block-22ddbea3 alignfull uagb-is-root-container\"><div class=\"uagb-container-inner-blocks-wrap\">\n<div class=\"wp-block-uagb-container uagb-block-5a4283f6\"><p>Odprite aplikacijo V2C Cloud, izberite polnilno mesto in nato pojdite v razdelek Konfiguracija. Vnesite Dinami\u010dno upravljanje mo\u010di in izberite Kostal KSEM v razdelku merilnik.<br><\/p>\n\n<p>IP bo enak tistemu, ki ste ga uporabili za povezavo z merilnikom KSEM prek spleta. Ne pozabite, da mora biti v isti lokalni WiFi omre\u017eju.<\/p>\n\n<p><em>Opomba<strong>:<\/strong> Ta vrsta povezave ne bo prikazovala fotovoltai\u010dne proizvodnje v aplikaciji V2C, vendar bodo vsi na\u010dini polnjenja delovali enako.<\/em><\/p><\/div>\n\n\n\n<div class=\"wp-block-uagb-container uagb-block-10d2a092\">\n<div class=\"wp-block-uagb-image aligncenter uagb-block-9be1b062 wp-block-uagb-image--layout-default wp-block-uagb-image--effect-static wp-block-uagb-image--align-center\"><figure class=\"wp-block-uagb-image__figure\"><img decoding=\"async\" srcset=\"https:\/\/v2charge.com\/wp-content\/uploads\/2024\/01\/kostal-ksem-inversor.jpg ,https:\/\/v2charge.com\/wp-content\/uploads\/2024\/01\/kostal-ksem-inversor.jpg 780w, https:\/\/v2charge.com\/wp-content\/uploads\/2024\/01\/kostal-ksem-inversor.jpg 360w\" sizes=\"auto, (max-width: 480px) 150px\" src=\"https:\/\/v2charge.com\/wp-content\/uploads\/2024\/01\/kostal-ksem-inversor.jpg\" alt=\"\" class=\"uag-image-133272\" width=\"400\" height=\"684\" title=\"\" loading=\"lazy\" role=\"img\"\/><\/figure><\/div>\n<\/div>\n<\/div><\/div>\n\n\n\n<div class=\"wp-block-uagb-container uagb-block-a9f804c6 alignfull uagb-is-root-container\"><div class=\"uagb-container-inner-blocks-wrap\"><div class=\"wp-block-uagb-advanced-heading uagb-block-58b04056\"><h2 class=\"uagb-heading-text\"><strong>Potrebujete tehni\u010dno podporo?<\/strong><\/h2><\/div>\n\n<div class=\"wp-block-uagb-advanced-heading uagb-block-84f10837\"><p class=\"uagb-heading-text\">Ustvarite zahtevo v Tehni\u010dnem podporni centru in kontaktirali vas bomo \u010dim prej, da vam ponudimo najbolj\u0161o re\u0161itev.<\/p><\/div>\n\n\n<div class=\"wp-block-uagb-buttons uagb-buttons__outer-wrap uagb-btn__default-btn uagb-btn-tablet__default-btn uagb-btn-mobile__default-btn uagb-block-c10fdcdd\"><div class=\"uagb-buttons__wrap uagb-buttons-layout-wrap \"><div class=\"wp-block-uagb-buttons-child uagb-buttons__outer-wrap uagb-block-1a8f0b68 wp-block-button\"><div class=\"uagb-button__wrapper\"><a class=\"uagb-buttons-repeater wp-block-button__link\" aria-label=\"\" href=\"https:\/\/v2charge.atlassian.net\/servicedesk\/customer\/portal\/3\" rel=\"follow noopener\" target=\"_self\" role=\"button\"><div class=\"uagb-button__link\">Kontaktirajte tehni\u010dno podporo<\/div><\/a><\/div><\/div><\/div><\/div>\n<\/div><\/div>\n","protected":false},"excerpt":{"rendered":"<p>Povezava Kostal KSEM s Trydanom Kostal inverters lahko pove\u017eete s Trydanom neposredno preko KSEM energijskega \u0161tevca (Kostal Smart Energy Meter) prek Modbus TCP komunikacije. Uporaba Wi-Fi repetitorjev ali mesh omre\u017eij lahko vpliva na pravilno delovanje sistema. Priporo\u010damo uporabo stabilnega in direktnega Wi-Fi omre\u017eja za zagotovitev optimalne povezave med polnilnikom in inverterjem. Kako vzpostaviti povezavo Za &#8230; <a title=\"Kostal KSEM povezava s Trydan\" class=\"read-more\" href=\"https:\/\/v2charge.com\/sl\/podro-je-podpore\/nadzor-mo-i\/dinami-no-upravljanje-mo-i\/kostal-ksem-povezava-s-trydan\/\" aria-label=\"Read more about Kostal KSEM povezava s Trydan\">Read more<\/a><\/p>\n","protected":false},"author":1,"featured_media":0,"parent":312843,"menu_order":0,"comment_status":"closed","ping_status":"closed","template":"","meta":{"_eb_attr":"","content-type":"","_uag_custom_page_level_css":"","footnotes":""},"class_list":["post-312969","page","type-page","status-publish"],"yoast_head":"<!-- This site is optimized with the Yoast SEO plugin v25.3.1 - https:\/\/yoast.com\/wordpress\/plugins\/seo\/ -->\n<title>Kostal KSEM povezava s Trydanom | V2C<\/title>\n<meta name=\"description\" content=\"Inverterji Kostal se lahko neposredno pove\u017eejo s Trydanom preko energijskega merilnika KSEM (Kostal Smart Energy Meter) z uporabo komunikacije Modbus TCP.\" \/>\n<meta name=\"robots\" content=\"index, follow, max-snippet:-1, max-image-preview:large, max-video-preview:-1\" \/>\n<link rel=\"canonical\" href=\"https:\/\/v2charge.com\/sl\/kostal-ksem-connection-with-trydan\/\" \/>\n<meta property=\"og:locale\" content=\"sl_SI\" \/>\n<meta property=\"og:type\" content=\"article\" \/>\n<meta property=\"og:title\" content=\"Kostal KSEM povezava s Trydanom | V2C\" \/>\n<meta property=\"og:description\" content=\"Inverterji Kostal se lahko neposredno pove\u017eejo s Trydanom preko energijskega merilnika KSEM (Kostal Smart Energy Meter) z uporabo komunikacije Modbus TCP.\" \/>\n<meta property=\"og:url\" content=\"https:\/\/v2charge.com\/sl\/kostal-ksem-connection-with-trydan\/\" \/>\n<meta property=\"og:site_name\" content=\"V2C\" \/>\n<meta property=\"article:publisher\" content=\"https:\/\/www.facebook.com\/V2C.Charge\" \/>\n<meta property=\"article:modified_time\" content=\"2025-07-18T12:16:06+00:00\" \/>\n<meta property=\"og:image\" content=\"https:\/\/v2charge.com\/wp-content\/uploads\/2023\/12\/kostal-logo.png\" \/>\n<meta name=\"twitter:card\" content=\"summary_large_image\" \/>\n<meta name=\"twitter:site\" content=\"@V2C_Charge\" \/>\n<meta name=\"twitter:label1\" content=\"Est. reading time\" \/>\n\t<meta name=\"twitter:data1\" content=\"2 minuti\" \/>\n<script type=\"application\/ld+json\" class=\"yoast-schema-graph\">{\"@context\":\"https:\/\/schema.org\",\"@graph\":[{\"@type\":\"WebPage\",\"@id\":\"https:\/\/v2charge.com\/sl\/podro-je-podpore\/nadzor-mo-i\/dinami-no-upravljanje-mo-i\/kostal-ksem-povezava-s-trydan\/\",\"url\":\"https:\/\/v2charge.com\/sl\/kostal-ksem-connection-with-trydan\/\",\"name\":\"Kostal KSEM povezava s Trydanom | V2C\",\"isPartOf\":{\"@id\":\"https:\/\/v2charge.com\/sl\/#website\"},\"primaryImageOfPage\":{\"@id\":\"https:\/\/v2charge.com\/sl\/kostal-ksem-connection-with-trydan\/#primaryimage\"},\"image\":{\"@id\":\"https:\/\/v2charge.com\/sl\/kostal-ksem-connection-with-trydan\/#primaryimage\"},\"thumbnailUrl\":\"https:\/\/v2charge.com\/wp-content\/uploads\/2023\/12\/kostal-logo.png\",\"datePublished\":\"2023-02-01T09:47:32+00:00\",\"dateModified\":\"2025-07-18T12:16:06+00:00\",\"description\":\"Inverterji Kostal se lahko neposredno pove\u017eejo s Trydanom preko energijskega merilnika KSEM (Kostal Smart Energy Meter) z uporabo komunikacije Modbus TCP.\",\"breadcrumb\":{\"@id\":\"https:\/\/v2charge.com\/sl\/kostal-ksem-connection-with-trydan\/#breadcrumb\"},\"inLanguage\":\"sl-SI\",\"potentialAction\":[{\"@type\":\"ReadAction\",\"target\":[\"https:\/\/v2charge.com\/sl\/kostal-ksem-connection-with-trydan\/\"]}]},{\"@type\":\"ImageObject\",\"inLanguage\":\"sl-SI\",\"@id\":\"https:\/\/v2charge.com\/sl\/kostal-ksem-connection-with-trydan\/#primaryimage\",\"url\":\"https:\/\/v2charge.com\/wp-content\/uploads\/2023\/12\/kostal-logo.png\",\"contentUrl\":\"https:\/\/v2charge.com\/wp-content\/uploads\/2023\/12\/kostal-logo.png\"},{\"@type\":\"BreadcrumbList\",\"@id\":\"https:\/\/v2charge.com\/sl\/kostal-ksem-connection-with-trydan\/#breadcrumb\",\"itemListElement\":[{\"@type\":\"ListItem\",\"position\":1,\"name\":\"V2C\",\"item\":\"https:\/\/v2charge.com\/sl\/\"},{\"@type\":\"ListItem\",\"position\":2,\"name\":\"Podro\u010dje podpore\",\"item\":\"https:\/\/v2charge.com\/sl\/podro-je-podpore\/\"},{\"@type\":\"ListItem\",\"position\":3,\"name\":\"Control de potencia\",\"item\":\"https:\/\/v2charge.com\/sl\/nadzor-mo-i\/\"},{\"@type\":\"ListItem\",\"position\":4,\"name\":\"Din\u00e1mico\",\"item\":\"https:\/\/v2charge.com\/sl\/dinami-no-upravljanje-mo-i\/\"},{\"@type\":\"ListItem\",\"position\":5,\"name\":\"Kostal KSEM povezava s Trydan\"}]},{\"@type\":\"WebSite\",\"@id\":\"https:\/\/v2charge.com\/sl\/#website\",\"url\":\"https:\/\/v2charge.com\/sl\/\",\"name\":\"V2C\",\"description\":\"#CargandoElMa\u00f1ana\",\"publisher\":{\"@id\":\"https:\/\/v2charge.com\/sl\/#organization\"},\"potentialAction\":[{\"@type\":\"SearchAction\",\"target\":{\"@type\":\"EntryPoint\",\"urlTemplate\":\"https:\/\/v2charge.com\/sl\/?s={search_term_string}\"},\"query-input\":{\"@type\":\"PropertyValueSpecification\",\"valueRequired\":true,\"valueName\":\"search_term_string\"}}],\"inLanguage\":\"sl-SI\"},{\"@type\":\"Organization\",\"@id\":\"https:\/\/v2charge.com\/sl\/#organization\",\"name\":\"V2C\",\"url\":\"https:\/\/v2charge.com\/sl\/\",\"logo\":{\"@type\":\"ImageObject\",\"inLanguage\":\"sl-SI\",\"@id\":\"https:\/\/v2charge.com\/sl\/#\/schema\/logo\/image\/\",\"url\":\"https:\/\/v2charge.com\/wp-content\/uploads\/2024\/11\/cropped-v2c-charge-logo-menu.png\",\"contentUrl\":\"https:\/\/v2charge.com\/wp-content\/uploads\/2024\/11\/cropped-v2c-charge-logo-menu.png\",\"width\":984,\"height\":431,\"caption\":\"V2C\"},\"image\":{\"@id\":\"https:\/\/v2charge.com\/sl\/#\/schema\/logo\/image\/\"},\"sameAs\":[\"https:\/\/www.facebook.com\/V2C.Charge\",\"https:\/\/x.com\/V2C_Charge\",\"https:\/\/www.instagram.com\/v2c.charge\/\",\"https:\/\/www.youtube.com\/@V2C\",\"https:\/\/www.linkedin.com\/company\/v2c-chargers\/\"]}]}<\/script>\n<!-- \/ Yoast SEO plugin. -->","yoast_head_json":{"title":"Kostal KSEM povezava s Trydanom | V2C","description":"Inverterji Kostal se lahko neposredno pove\u017eejo s Trydanom preko energijskega merilnika KSEM (Kostal Smart Energy Meter) z uporabo komunikacije Modbus TCP.","robots":{"index":"index","follow":"follow","max-snippet":"max-snippet:-1","max-image-preview":"max-image-preview:large","max-video-preview":"max-video-preview:-1"},"canonical":"https:\/\/v2charge.com\/sl\/kostal-ksem-connection-with-trydan\/","og_locale":"sl_SI","og_type":"article","og_title":"Kostal KSEM povezava s Trydanom | V2C","og_description":"Inverterji Kostal se lahko neposredno pove\u017eejo s Trydanom preko energijskega merilnika KSEM (Kostal Smart Energy Meter) z uporabo komunikacije Modbus TCP.","og_url":"https:\/\/v2charge.com\/sl\/kostal-ksem-connection-with-trydan\/","og_site_name":"V2C","article_publisher":"https:\/\/www.facebook.com\/V2C.Charge","article_modified_time":"2025-07-18T12:16:06+00:00","og_image":[{"url":"https:\/\/v2charge.com\/wp-content\/uploads\/2023\/12\/kostal-logo.png","type":"","width":"","height":""}],"twitter_card":"summary_large_image","twitter_site":"@V2C_Charge","twitter_misc":{"Est. reading time":"2 minuti"},"schema":{"@context":"https:\/\/schema.org","@graph":[{"@type":"WebPage","@id":"https:\/\/v2charge.com\/sl\/podro-je-podpore\/nadzor-mo-i\/dinami-no-upravljanje-mo-i\/kostal-ksem-povezava-s-trydan\/","url":"https:\/\/v2charge.com\/sl\/kostal-ksem-connection-with-trydan\/","name":"Kostal KSEM povezava s Trydanom | V2C","isPartOf":{"@id":"https:\/\/v2charge.com\/sl\/#website"},"primaryImageOfPage":{"@id":"https:\/\/v2charge.com\/sl\/kostal-ksem-connection-with-trydan\/#primaryimage"},"image":{"@id":"https:\/\/v2charge.com\/sl\/kostal-ksem-connection-with-trydan\/#primaryimage"},"thumbnailUrl":"https:\/\/v2charge.com\/wp-content\/uploads\/2023\/12\/kostal-logo.png","datePublished":"2023-02-01T09:47:32+00:00","dateModified":"2025-07-18T12:16:06+00:00","description":"Inverterji Kostal se lahko neposredno pove\u017eejo s Trydanom preko energijskega merilnika KSEM (Kostal Smart Energy Meter) z uporabo komunikacije Modbus TCP.","breadcrumb":{"@id":"https:\/\/v2charge.com\/sl\/kostal-ksem-connection-with-trydan\/#breadcrumb"},"inLanguage":"sl-SI","potentialAction":[{"@type":"ReadAction","target":["https:\/\/v2charge.com\/sl\/kostal-ksem-connection-with-trydan\/"]}]},{"@type":"ImageObject","inLanguage":"sl-SI","@id":"https:\/\/v2charge.com\/sl\/kostal-ksem-connection-with-trydan\/#primaryimage","url":"https:\/\/v2charge.com\/wp-content\/uploads\/2023\/12\/kostal-logo.png","contentUrl":"https:\/\/v2charge.com\/wp-content\/uploads\/2023\/12\/kostal-logo.png"},{"@type":"BreadcrumbList","@id":"https:\/\/v2charge.com\/sl\/kostal-ksem-connection-with-trydan\/#breadcrumb","itemListElement":[{"@type":"ListItem","position":1,"name":"V2C","item":"https:\/\/v2charge.com\/sl\/"},{"@type":"ListItem","position":2,"name":"Podro\u010dje podpore","item":"https:\/\/v2charge.com\/sl\/podro-je-podpore\/"},{"@type":"ListItem","position":3,"name":"Control de potencia","item":"https:\/\/v2charge.com\/sl\/nadzor-mo-i\/"},{"@type":"ListItem","position":4,"name":"Din\u00e1mico","item":"https:\/\/v2charge.com\/sl\/dinami-no-upravljanje-mo-i\/"},{"@type":"ListItem","position":5,"name":"Kostal KSEM povezava s Trydan"}]},{"@type":"WebSite","@id":"https:\/\/v2charge.com\/sl\/#website","url":"https:\/\/v2charge.com\/sl\/","name":"V2C","description":"#CargandoElMa\u00f1ana","publisher":{"@id":"https:\/\/v2charge.com\/sl\/#organization"},"potentialAction":[{"@type":"SearchAction","target":{"@type":"EntryPoint","urlTemplate":"https:\/\/v2charge.com\/sl\/?s={search_term_string}"},"query-input":{"@type":"PropertyValueSpecification","valueRequired":true,"valueName":"search_term_string"}}],"inLanguage":"sl-SI"},{"@type":"Organization","@id":"https:\/\/v2charge.com\/sl\/#organization","name":"V2C","url":"https:\/\/v2charge.com\/sl\/","logo":{"@type":"ImageObject","inLanguage":"sl-SI","@id":"https:\/\/v2charge.com\/sl\/#\/schema\/logo\/image\/","url":"https:\/\/v2charge.com\/wp-content\/uploads\/2024\/11\/cropped-v2c-charge-logo-menu.png","contentUrl":"https:\/\/v2charge.com\/wp-content\/uploads\/2024\/11\/cropped-v2c-charge-logo-menu.png","width":984,"height":431,"caption":"V2C"},"image":{"@id":"https:\/\/v2charge.com\/sl\/#\/schema\/logo\/image\/"},"sameAs":["https:\/\/www.facebook.com\/V2C.Charge","https:\/\/x.com\/V2C_Charge","https:\/\/www.instagram.com\/v2c.charge\/","https:\/\/www.youtube.com\/@V2C","https:\/\/www.linkedin.com\/company\/v2c-chargers\/"]}]}},"uagb_featured_image_src":{"full":false,"thumbnail":false,"medium":false,"medium_large":false,"large":false,"gs-tiny":false,"xl":false,"xxl":false,"xxxl":false,"xxxxl":false,"xxxxxl":false,"1536x1536":false,"2048x2048":false},"uagb_author_info":{"display_name":"V2C","author_link":"https:\/\/v2charge.com\/sl\/author\/root_k4eu7ki8\/"},"uagb_comment_info":0,"uagb_excerpt":"Povezava Kostal KSEM s Trydanom Kostal inverters lahko pove\u017eete s Trydanom neposredno preko KSEM energijskega \u0161tevca (Kostal Smart Energy Meter) prek Modbus TCP komunikacije. Uporaba Wi-Fi repetitorjev ali mesh omre\u017eij lahko vpliva na pravilno delovanje sistema. Priporo\u010damo uporabo stabilnega in direktnega Wi-Fi omre\u017eja za zagotovitev optimalne povezave med polnilnikom in inverterjem. Kako vzpostaviti povezavo Za&hellip;","_links":{"self":[{"href":"https:\/\/v2charge.com\/sl\/wp-json\/wp\/v2\/pages\/312969","targetHints":{"allow":["GET"]}}],"collection":[{"href":"https:\/\/v2charge.com\/sl\/wp-json\/wp\/v2\/pages"}],"about":[{"href":"https:\/\/v2charge.com\/sl\/wp-json\/wp\/v2\/types\/page"}],"author":[{"embeddable":true,"href":"https:\/\/v2charge.com\/sl\/wp-json\/wp\/v2\/users\/1"}],"replies":[{"embeddable":true,"href":"https:\/\/v2charge.com\/sl\/wp-json\/wp\/v2\/comments?post=312969"}],"version-history":[{"count":0,"href":"https:\/\/v2charge.com\/sl\/wp-json\/wp\/v2\/pages\/312969\/revisions"}],"up":[{"embeddable":true,"href":"https:\/\/v2charge.com\/sl\/wp-json\/wp\/v2\/pages\/312843"}],"wp:attachment":[{"href":"https:\/\/v2charge.com\/sl\/wp-json\/wp\/v2\/media?parent=312969"}],"curies":[{"name":"wp","href":"https:\/\/api.w.org\/{rel}","templated":true}]}}