{"id":312975,"date":"2023-03-24T16:56:23","date_gmt":"2023-03-24T16:56:23","guid":{"rendered":""},"modified":"2025-07-18T14:50:49","modified_gmt":"2025-07-18T12:50:49","slug":"povezovanje-invertra-sma-sunny-boy-s-trydanom","status":"publish","type":"page","link":"https:\/\/v2charge.com\/sl\/podro-je-podpore\/nadzor-mo-i\/dinami-no-upravljanje-mo-i\/integracija-fotovoltaike\/povezovanje-invertra-sma-sunny-boy-s-trydanom\/","title":{"rendered":"Povezovanje invertra SMA Sunny Boy s Trydanom"},"content":{"rendered":"\n<div class=\"wp-block-uagb-container uagb-block-fe221d78 alignfull uagb-is-root-container\"><div class=\"uagb-container-inner-blocks-wrap\"><div class=\"yoast-breadcrumbs\"><span><span><a href=\"https:\/\/v2charge.com\/sl\/\">V2C<\/a><\/span> \u00bb <span><a href=\"https:\/\/v2charge.com\/sl\/podro-je-podpore\/\">Podro\u010dje podpore<\/a><\/span> \u00bb <span><a href=\"https:\/\/v2charge.com\/sl\/nadzor-mo-i\/\">Control de potencia<\/a><\/span> \u00bb <span><a href=\"https:\/\/v2charge.com\/sl\/dinami-no-upravljanje-mo-i\/\">Din\u00e1mico<\/a><\/span> \u00bb <span><a href=\"https:\/\/v2charge.com\/sl\/dinami-no-upravljanje-mo-i\/integracija-fotovoltaike\/\">Fotovoltaica<\/a><\/span> \u00bb <span class=\"breadcrumb_last\" aria-current=\"page\">Povezovanje invertra SMA Sunny Boy s Trydanom<\/span><\/span><\/div>\n\n<h1 class=\"wp-block-heading\">Povezava SMA Sunny Boy inverterja s Trydanom<\/h1>\n\n\n<div class=\"wp-block-uagb-container uagb-block-7ccd2e9b alignfull uagb-is-root-container\"><div class=\"uagb-container-inner-blocks-wrap\">\n<div class=\"wp-block-uagb-container uagb-block-b67aa1cf\">\n<div class=\"wp-block-uagb-image uagb-block-b8ec2710 wp-block-uagb-image--layout-default wp-block-uagb-image--effect-static wp-block-uagb-image--align-none\"><figure class=\"wp-block-uagb-image__figure\"><img decoding=\"async\" srcset=\"https:\/\/v2charge.com\/wp-content\/uploads\/2023\/12\/sma-logo.png ,https:\/\/v2charge.com\/wp-content\/uploads\/2023\/12\/sma-logo.png 780w, https:\/\/v2charge.com\/wp-content\/uploads\/2023\/12\/sma-logo.png 360w\" sizes=\"auto, (max-width: 480px) 150px\" src=\"https:\/\/v2charge.com\/wp-content\/uploads\/2023\/12\/sma-logo.png\" alt=\"\" class=\"uag-image-129057\" width=\"250\" height=\"164\" title=\"\" loading=\"lazy\" role=\"img\"\/><\/figure><\/div>\n<\/div>\n\n\n\n<div class=\"wp-block-uagb-container uagb-block-bb5c168e\"><p>\u010ce imate inverter <strong>SMA Sunny Boy<\/strong>, ga lahko pove\u017eete s polnilno postajo Trydan, da maksimalno izkoristite son\u010dno energijo iz va\u0161e namestitve.<\/p><\/div>\n<\/div><\/div>\n\n\n\n<div class=\"wp-block-uagb-container uagb-block-333fb119 alignfull uagb-is-root-container\"><div class=\"uagb-container-inner-blocks-wrap\">\n<div class=\"wp-block-uagb-container uagb-block-2ff110d0 default uagb-is-root-container\">\n<div class=\"wp-block-uagb-container uagb-block-cd442c87\">\n<div class=\"wp-block-uagb-image aligncenter uagb-block-4bb46c59 wp-block-uagb-image--layout-default wp-block-uagb-image--effect-static wp-block-uagb-image--align-center\"><figure class=\"wp-block-uagb-image__figure\"><img decoding=\"async\" srcset=\"https:\/\/v2charge.com\/wp-content\/uploads\/2023\/11\/icon-important.png ,https:\/\/v2charge.com\/wp-content\/uploads\/2023\/11\/icon-important.png 780w, https:\/\/v2charge.com\/wp-content\/uploads\/2023\/11\/icon-important.png 360w\" sizes=\"auto, (max-width: 480px) 150px\" src=\"https:\/\/v2charge.com\/wp-content\/uploads\/2023\/11\/icon-important.png\" alt=\"\" class=\"uag-image-125013\" width=\"50\" height=\"50\" title=\"\" loading=\"lazy\" role=\"img\"\/><\/figure><\/div>\n<\/div>\n\n\n\n<div class=\"wp-block-uagb-container uagb-block-38de7166\"><div class=\"wp-block-uagb-advanced-heading uagb-block-37ab01f0\"><p class=\"uagb-heading-text\">Uporaba <strong>Wi-Fi ponavljalnikov<\/strong> ali <strong>mesh omre\u017eij<\/strong> lahko vpliva na pravilno delovanje sistema. Priporo\u010damo uporabo <strong>stabilnega<\/strong> in <strong>direktnega Wi-Fi<\/strong> omre\u017eja za zagotovitev optimalne povezave med polnilnikom in inverterjem.<\/p><\/div><\/div>\n<\/div>\n\n\n\n<div style=\"height:5px\" aria-hidden=\"true\" class=\"wp-block-spacer\"><\/div>\n<\/div><\/div>\n\n\n\n<div class=\"wp-block-uagb-separator uagb-block-5fd34e2f\"><div class=\"wp-block-uagb-separator__inner\" style=\"--my-background-image:\"><\/div><\/div>\n\n\n<h2 class=\"wp-block-heading\">Koraki za vzpostavitev povezave<\/h2>\n\n<h3 class=\"wp-block-heading\">Omogo\u010dite MODBUS TCP na va\u0161em inverterju.<\/h3>\n\n\n<hr class=\"wp-block-separator has-alpha-channel-opacity\"\/>\n\n\n<div class=\"wp-block-uagb-info-box uagb-block-7dc4dcde uagb-infobox__content-wrap  uagb-infobox-icon-left uagb-infobox-left uagb-infobox-stacked-tablet uagb-infobox-image-valign-top\"><div class=\"uagb-ifb-image-content\"><img decoding=\"async\" src=\"https:\/\/v2charge.com\/wp-content\/uploads\/2023\/11\/numero-uno.png\" alt=\"\" width=\"48\" height=\"48\" loading=\"lazy\"\/><\/div><div class=\"uagb-ifb-content\"><div class=\"uagb-ifb-title-wrap\"><\/div><p class=\"uagb-ifb-desc\">Pove\u017eite se na IP naslov inverterja tako, da v napravo, povezano na isto lokalno omre\u017eje, vnesete IP in dostopate do vmesnika SMA Sunny Boy. Nau\u010dite se <a href=\"https:\/\/v2charge.com\/sl\/how-to-find-the-ip-of-the-devices-connected-to-my-local-network\/\">kako najti IP naprav, povezanih z va\u0161im omre\u017ejem<\/a>.<\/p><\/div><\/div>\n\n\n<div class=\"wp-block-uagb-image aligncenter uagb-block-a1d26b2e wp-block-uagb-image--layout-default wp-block-uagb-image--effect-static wp-block-uagb-image--align-center\"><figure class=\"wp-block-uagb-image__figure\"><img decoding=\"async\" srcset=\"https:\/\/v2charge.com\/wp-content\/uploads\/2023\/12\/sunny-boy-ip.jpg ,https:\/\/v2charge.com\/wp-content\/uploads\/2023\/12\/sunny-boy-ip.jpg 780w, https:\/\/v2charge.com\/wp-content\/uploads\/2023\/12\/sunny-boy-ip.jpg 360w\" sizes=\"auto, (max-width: 480px) 150px\" src=\"https:\/\/v2charge.com\/wp-content\/uploads\/2023\/12\/sunny-boy-ip.jpg\" alt=\"\" class=\"uag-image-129066\" width=\"732\" height=\"295\" title=\"\" loading=\"lazy\" role=\"img\"\/><\/figure><\/div>\n\n\n<div class=\"wp-block-uagb-info-box uagb-block-b74fc743 uagb-infobox__content-wrap  uagb-infobox-icon-left uagb-infobox-left uagb-infobox-stacked-tablet uagb-infobox-image-valign-top\"><div class=\"uagb-ifb-image-content\"><img decoding=\"async\" src=\"https:\/\/v2charge.com\/wp-content\/uploads\/2023\/11\/numero-dos.png\" alt=\"\" width=\"48\" height=\"48\" loading=\"lazy\"\/><\/div><div class=\"uagb-ifb-content\"><div class=\"uagb-ifb-title-wrap\"><\/div><p class=\"uagb-ifb-desc\">Geslo je prilo\u017eeno izdelku ob nakupu. \u010ce ni na voljo, se obrnite na svojega in\u0161talaterja ali pokli\u010dite SMA na <a href=\"tel:935635099\">93 563 50 99<\/a>.<\/p><\/div><\/div>\n\n<div class=\"wp-block-uagb-info-box uagb-block-05ba8063 uagb-infobox__content-wrap  uagb-infobox-icon-left uagb-infobox-left uagb-infobox-stacked-tablet uagb-infobox-image-valign-top\"><div class=\"uagb-ifb-image-content\"><img decoding=\"async\" src=\"https:\/\/v2charge.com\/wp-content\/uploads\/2023\/11\/numero-tres.png\" alt=\"\" width=\"48\" height=\"48\" loading=\"lazy\"\/><\/div><div class=\"uagb-ifb-content\"><div class=\"uagb-ifb-title-wrap\"><\/div><p class=\"uagb-ifb-desc\">Nato izberite SMA inverter, ki ga \u017eelite konfigurirati v drevesu naprave.<\/p><\/div><\/div>\n\n<div class=\"wp-block-uagb-info-box uagb-block-f515a8b1 uagb-infobox__content-wrap  uagb-infobox-icon-left uagb-infobox-left uagb-infobox-stacked-tablet uagb-infobox-image-valign-top\"><div class=\"uagb-ifb-image-content\"><img decoding=\"async\" src=\"https:\/\/v2charge.com\/wp-content\/uploads\/2023\/11\/numero-cuatro.png\" alt=\"\" width=\"48\" height=\"48\" loading=\"lazy\"\/><\/div><div class=\"uagb-ifb-content\"><div class=\"uagb-ifb-title-wrap\"><\/div><p class=\"uagb-ifb-desc\">Pojdite na zavihek <em>Nastavitve<\/em> in izberite parameter skupine <em>Zunanja komunikacija<\/em>. Kliknite <em>Uredi<\/em> in nato <em>omogo\u010dite TCP stre\u017enik pod skupino Modbus<\/em> \u2013 TCP stre\u017enik (Omogo\u010deno \u2013 Da).<\/p><\/div><\/div>\n\n<h3 class=\"wp-block-heading\">Povezovanje polnilne postaje Trydan z inverterjem SMA Sunny Boy<\/h3>\n\n\n<hr class=\"wp-block-separator has-alpha-channel-opacity\"\/>\n\n\n\n<div class=\"wp-block-uagb-container uagb-block-e1ccf0ef alignfull uagb-is-root-container\"><div class=\"uagb-container-inner-blocks-wrap\">\n<div class=\"wp-block-uagb-container uagb-block-f312fe50\"><p>Odprite aplikacijo V2C Cloud, izberite polnilno mesto in pojdite v razdelek <strong>Nastavitve<\/strong>.<br><br>V dinami\u010dnem nadzoru mo\u010di izberite inverter SMA Sunny.<\/p><\/div>\n\n\n\n<div class=\"wp-block-uagb-container uagb-block-d4e5e05c\">\n<div class=\"wp-block-uagb-image aligncenter uagb-block-62fb1510 wp-block-uagb-image--layout-default wp-block-uagb-image--effect-static wp-block-uagb-image--align-center\"><figure class=\"wp-block-uagb-image__figure\"><img decoding=\"async\" srcset=\"https:\/\/v2charge.com\/wp-content\/uploads\/2024\/01\/sma-inversor.jpg ,https:\/\/v2charge.com\/wp-content\/uploads\/2024\/01\/sma-inversor.jpg 780w, https:\/\/v2charge.com\/wp-content\/uploads\/2024\/01\/sma-inversor.jpg 360w\" sizes=\"auto, (max-width: 480px) 150px\" src=\"https:\/\/v2charge.com\/wp-content\/uploads\/2024\/01\/sma-inversor.jpg\" alt=\"\" class=\"uag-image-133283\" width=\"400\" height=\"684\" title=\"\" loading=\"lazy\" role=\"img\"\/><\/figure><\/div>\n<\/div>\n<\/div><\/div>\n<\/div><\/div>\n\n\n\n<div style=\"height:60px\" aria-hidden=\"true\" class=\"wp-block-spacer\"><\/div>\n\n\n\n<div class=\"wp-block-uagb-container uagb-block-726fb046 alignfull uagb-is-root-container\"><div class=\"uagb-container-inner-blocks-wrap\"><div class=\"wp-block-uagb-advanced-heading uagb-block-231bfedd\"><h2 class=\"uagb-heading-text\"><strong>Potrebujete tehni\u010dno podporo?<\/strong><\/h2><\/div>\n\n<div class=\"wp-block-uagb-advanced-heading uagb-block-95d39efb\"><p class=\"uagb-heading-text\">Ustvarite zahtevo v Tehni\u010dnem podporni centru in kontaktirali vas bomo \u010dim prej, da vam ponudimo najbolj\u0161o re\u0161itev.<\/p><\/div>\n\n\n<div class=\"wp-block-uagb-buttons uagb-buttons__outer-wrap uagb-btn__default-btn uagb-btn-tablet__default-btn uagb-btn-mobile__default-btn uagb-block-a05012ca\"><div class=\"uagb-buttons__wrap uagb-buttons-layout-wrap \"><div class=\"wp-block-uagb-buttons-child uagb-buttons__outer-wrap uagb-block-ee41b68e wp-block-button\"><div class=\"uagb-button__wrapper\"><a class=\"uagb-buttons-repeater wp-block-button__link\" aria-label=\"\" href=\"https:\/\/v2charge.atlassian.net\/servicedesk\/customer\/portal\/3\" rel=\"follow noopener\" target=\"_self\" role=\"button\"><div class=\"uagb-button__link\">Kontaktirajte tehni\u010dno podporo<\/div><\/a><\/div><\/div><\/div><\/div>\n<\/div><\/div>\n","protected":false},"excerpt":{"rendered":"<p>Povezava SMA Sunny Boy inverterja s Trydanom \u010ce imate inverter SMA Sunny Boy, ga lahko pove\u017eete s polnilno postajo Trydan, da maksimalno izkoristite son\u010dno energijo iz va\u0161e namestitve. Uporaba Wi-Fi ponavljalnikov ali mesh omre\u017eij lahko vpliva na pravilno delovanje sistema. Priporo\u010damo uporabo stabilnega in direktnega Wi-Fi omre\u017eja za zagotovitev optimalne povezave med polnilnikom in inverterjem. &#8230; <a title=\"Povezovanje invertra SMA Sunny Boy s Trydanom\" class=\"read-more\" href=\"https:\/\/v2charge.com\/sl\/podro-je-podpore\/nadzor-mo-i\/dinami-no-upravljanje-mo-i\/integracija-fotovoltaike\/povezovanje-invertra-sma-sunny-boy-s-trydanom\/\" aria-label=\"Read more about Povezovanje invertra SMA Sunny Boy s Trydanom\">Read more<\/a><\/p>\n","protected":false},"author":1,"featured_media":0,"parent":312853,"menu_order":0,"comment_status":"closed","ping_status":"closed","template":"","meta":{"_eb_attr":"","content-type":"","_uag_custom_page_level_css":"","footnotes":""},"class_list":["post-312975","page","type-page","status-publish"],"yoast_head":"<!-- This site is optimized with the Yoast SEO plugin v25.3.1 - https:\/\/yoast.com\/wordpress\/plugins\/seo\/ -->\n<title>Povezava SMA Sunny Boy inverterja s Trydanom | V2C Podpora<\/title>\n<meta name=\"description\" content=\"Pove\u017eite svoj inverter SMA Sunny Boy s polnilno postajo Trydan, da izkoristite son\u010dno energijo iz va\u0161e namestitve.\" \/>\n<meta name=\"robots\" content=\"index, follow, max-snippet:-1, max-image-preview:large, max-video-preview:-1\" \/>\n<link rel=\"canonical\" href=\"https:\/\/v2charge.com\/sl\/podro-je-podpore\/nadzor-mo-i\/dinami-no-upravljanje-mo-i\/integracija-fotovoltaike\/povezovanje-invertra-sma-sunny-boy-s-trydanom\/\" \/>\n<meta property=\"og:locale\" content=\"sl_SI\" \/>\n<meta property=\"og:type\" content=\"article\" \/>\n<meta property=\"og:title\" content=\"Povezava SMA Sunny Boy inverterja s Trydanom | V2C Podpora\" \/>\n<meta property=\"og:description\" content=\"Pove\u017eite svoj inverter SMA Sunny Boy s polnilno postajo Trydan, da izkoristite son\u010dno energijo iz va\u0161e namestitve.\" \/>\n<meta property=\"og:url\" content=\"https:\/\/v2charge.com\/sl\/podro-je-podpore\/nadzor-mo-i\/dinami-no-upravljanje-mo-i\/integracija-fotovoltaike\/povezovanje-invertra-sma-sunny-boy-s-trydanom\/\" \/>\n<meta property=\"og:site_name\" content=\"V2C\" \/>\n<meta property=\"article:publisher\" content=\"https:\/\/www.facebook.com\/V2C.Charge\" \/>\n<meta property=\"article:modified_time\" content=\"2025-07-18T12:50:49+00:00\" \/>\n<meta property=\"og:image\" content=\"https:\/\/v2charge.com\/wp-content\/uploads\/2023\/12\/sma-logo.png\" \/>\n<meta name=\"twitter:card\" content=\"summary_large_image\" \/>\n<meta name=\"twitter:site\" content=\"@V2C_Charge\" \/>\n<meta name=\"twitter:label1\" content=\"Est. reading time\" \/>\n\t<meta name=\"twitter:data1\" content=\"3 minute\" \/>\n<script type=\"application\/ld+json\" class=\"yoast-schema-graph\">{\"@context\":\"https:\/\/schema.org\",\"@graph\":[{\"@type\":\"WebPage\",\"@id\":\"https:\/\/v2charge.com\/sl\/podro-je-podpore\/nadzor-mo-i\/dinami-no-upravljanje-mo-i\/integracija-fotovoltaike\/povezovanje-invertra-sma-sunny-boy-s-trydanom\/\",\"url\":\"https:\/\/v2charge.com\/sl\/podro-je-podpore\/nadzor-mo-i\/dinami-no-upravljanje-mo-i\/integracija-fotovoltaike\/povezovanje-invertra-sma-sunny-boy-s-trydanom\/\",\"name\":\"Povezava SMA Sunny Boy inverterja s Trydanom | V2C Podpora\",\"isPartOf\":{\"@id\":\"https:\/\/v2charge.com\/sl\/#website\"},\"primaryImageOfPage\":{\"@id\":\"https:\/\/v2charge.com\/sl\/podro-je-podpore\/nadzor-mo-i\/dinami-no-upravljanje-mo-i\/integracija-fotovoltaike\/povezovanje-invertra-sma-sunny-boy-s-trydanom\/#primaryimage\"},\"image\":{\"@id\":\"https:\/\/v2charge.com\/sl\/podro-je-podpore\/nadzor-mo-i\/dinami-no-upravljanje-mo-i\/integracija-fotovoltaike\/povezovanje-invertra-sma-sunny-boy-s-trydanom\/#primaryimage\"},\"thumbnailUrl\":\"https:\/\/v2charge.com\/wp-content\/uploads\/2023\/12\/sma-logo.png\",\"datePublished\":\"2023-03-24T16:56:23+00:00\",\"dateModified\":\"2025-07-18T12:50:49+00:00\",\"description\":\"Pove\u017eite svoj inverter SMA Sunny Boy s polnilno postajo Trydan, da izkoristite son\u010dno energijo iz va\u0161e namestitve.\",\"breadcrumb\":{\"@id\":\"https:\/\/v2charge.com\/sl\/podro-je-podpore\/nadzor-mo-i\/dinami-no-upravljanje-mo-i\/integracija-fotovoltaike\/povezovanje-invertra-sma-sunny-boy-s-trydanom\/#breadcrumb\"},\"inLanguage\":\"sl-SI\",\"potentialAction\":[{\"@type\":\"ReadAction\",\"target\":[\"https:\/\/v2charge.com\/sl\/podro-je-podpore\/nadzor-mo-i\/dinami-no-upravljanje-mo-i\/integracija-fotovoltaike\/povezovanje-invertra-sma-sunny-boy-s-trydanom\/\"]}]},{\"@type\":\"ImageObject\",\"inLanguage\":\"sl-SI\",\"@id\":\"https:\/\/v2charge.com\/sl\/podro-je-podpore\/nadzor-mo-i\/dinami-no-upravljanje-mo-i\/integracija-fotovoltaike\/povezovanje-invertra-sma-sunny-boy-s-trydanom\/#primaryimage\",\"url\":\"https:\/\/v2charge.com\/wp-content\/uploads\/2023\/12\/sma-logo.png\",\"contentUrl\":\"https:\/\/v2charge.com\/wp-content\/uploads\/2023\/12\/sma-logo.png\"},{\"@type\":\"BreadcrumbList\",\"@id\":\"https:\/\/v2charge.com\/sl\/podro-je-podpore\/nadzor-mo-i\/dinami-no-upravljanje-mo-i\/integracija-fotovoltaike\/povezovanje-invertra-sma-sunny-boy-s-trydanom\/#breadcrumb\",\"itemListElement\":[{\"@type\":\"ListItem\",\"position\":1,\"name\":\"V2C\",\"item\":\"https:\/\/v2charge.com\/sl\/\"},{\"@type\":\"ListItem\",\"position\":2,\"name\":\"Podro\u010dje podpore\",\"item\":\"https:\/\/v2charge.com\/sl\/podro-je-podpore\/\"},{\"@type\":\"ListItem\",\"position\":3,\"name\":\"Control de potencia\",\"item\":\"https:\/\/v2charge.com\/sl\/nadzor-mo-i\/\"},{\"@type\":\"ListItem\",\"position\":4,\"name\":\"Din\u00e1mico\",\"item\":\"https:\/\/v2charge.com\/sl\/dinami-no-upravljanje-mo-i\/\"},{\"@type\":\"ListItem\",\"position\":5,\"name\":\"Fotovoltaica\",\"item\":\"https:\/\/v2charge.com\/sl\/dinami-no-upravljanje-mo-i\/integracija-fotovoltaike\/\"},{\"@type\":\"ListItem\",\"position\":6,\"name\":\"Povezovanje invertra SMA Sunny Boy s Trydanom\"}]},{\"@type\":\"WebSite\",\"@id\":\"https:\/\/v2charge.com\/sl\/#website\",\"url\":\"https:\/\/v2charge.com\/sl\/\",\"name\":\"V2C\",\"description\":\"#CargandoElMa\u00f1ana\",\"publisher\":{\"@id\":\"https:\/\/v2charge.com\/sl\/#organization\"},\"potentialAction\":[{\"@type\":\"SearchAction\",\"target\":{\"@type\":\"EntryPoint\",\"urlTemplate\":\"https:\/\/v2charge.com\/sl\/?s={search_term_string}\"},\"query-input\":{\"@type\":\"PropertyValueSpecification\",\"valueRequired\":true,\"valueName\":\"search_term_string\"}}],\"inLanguage\":\"sl-SI\"},{\"@type\":\"Organization\",\"@id\":\"https:\/\/v2charge.com\/sl\/#organization\",\"name\":\"V2C\",\"url\":\"https:\/\/v2charge.com\/sl\/\",\"logo\":{\"@type\":\"ImageObject\",\"inLanguage\":\"sl-SI\",\"@id\":\"https:\/\/v2charge.com\/sl\/#\/schema\/logo\/image\/\",\"url\":\"https:\/\/v2charge.com\/wp-content\/uploads\/2024\/11\/cropped-v2c-charge-logo-menu.png\",\"contentUrl\":\"https:\/\/v2charge.com\/wp-content\/uploads\/2024\/11\/cropped-v2c-charge-logo-menu.png\",\"width\":984,\"height\":431,\"caption\":\"V2C\"},\"image\":{\"@id\":\"https:\/\/v2charge.com\/sl\/#\/schema\/logo\/image\/\"},\"sameAs\":[\"https:\/\/www.facebook.com\/V2C.Charge\",\"https:\/\/x.com\/V2C_Charge\",\"https:\/\/www.instagram.com\/v2c.charge\/\",\"https:\/\/www.youtube.com\/@V2C\",\"https:\/\/www.linkedin.com\/company\/v2c-chargers\/\"]}]}<\/script>\n<!-- \/ Yoast SEO plugin. -->","yoast_head_json":{"title":"Povezava SMA Sunny Boy inverterja s Trydanom | V2C Podpora","description":"Pove\u017eite svoj inverter SMA Sunny Boy s polnilno postajo Trydan, da izkoristite son\u010dno energijo iz va\u0161e namestitve.","robots":{"index":"index","follow":"follow","max-snippet":"max-snippet:-1","max-image-preview":"max-image-preview:large","max-video-preview":"max-video-preview:-1"},"canonical":"https:\/\/v2charge.com\/sl\/podro-je-podpore\/nadzor-mo-i\/dinami-no-upravljanje-mo-i\/integracija-fotovoltaike\/povezovanje-invertra-sma-sunny-boy-s-trydanom\/","og_locale":"sl_SI","og_type":"article","og_title":"Povezava SMA Sunny Boy inverterja s Trydanom | V2C Podpora","og_description":"Pove\u017eite svoj inverter SMA Sunny Boy s polnilno postajo Trydan, da izkoristite son\u010dno energijo iz va\u0161e namestitve.","og_url":"https:\/\/v2charge.com\/sl\/podro-je-podpore\/nadzor-mo-i\/dinami-no-upravljanje-mo-i\/integracija-fotovoltaike\/povezovanje-invertra-sma-sunny-boy-s-trydanom\/","og_site_name":"V2C","article_publisher":"https:\/\/www.facebook.com\/V2C.Charge","article_modified_time":"2025-07-18T12:50:49+00:00","og_image":[{"url":"https:\/\/v2charge.com\/wp-content\/uploads\/2023\/12\/sma-logo.png","type":"","width":"","height":""}],"twitter_card":"summary_large_image","twitter_site":"@V2C_Charge","twitter_misc":{"Est. reading time":"3 minute"},"schema":{"@context":"https:\/\/schema.org","@graph":[{"@type":"WebPage","@id":"https:\/\/v2charge.com\/sl\/podro-je-podpore\/nadzor-mo-i\/dinami-no-upravljanje-mo-i\/integracija-fotovoltaike\/povezovanje-invertra-sma-sunny-boy-s-trydanom\/","url":"https:\/\/v2charge.com\/sl\/podro-je-podpore\/nadzor-mo-i\/dinami-no-upravljanje-mo-i\/integracija-fotovoltaike\/povezovanje-invertra-sma-sunny-boy-s-trydanom\/","name":"Povezava SMA Sunny Boy inverterja s Trydanom | V2C Podpora","isPartOf":{"@id":"https:\/\/v2charge.com\/sl\/#website"},"primaryImageOfPage":{"@id":"https:\/\/v2charge.com\/sl\/podro-je-podpore\/nadzor-mo-i\/dinami-no-upravljanje-mo-i\/integracija-fotovoltaike\/povezovanje-invertra-sma-sunny-boy-s-trydanom\/#primaryimage"},"image":{"@id":"https:\/\/v2charge.com\/sl\/podro-je-podpore\/nadzor-mo-i\/dinami-no-upravljanje-mo-i\/integracija-fotovoltaike\/povezovanje-invertra-sma-sunny-boy-s-trydanom\/#primaryimage"},"thumbnailUrl":"https:\/\/v2charge.com\/wp-content\/uploads\/2023\/12\/sma-logo.png","datePublished":"2023-03-24T16:56:23+00:00","dateModified":"2025-07-18T12:50:49+00:00","description":"Pove\u017eite svoj inverter SMA Sunny Boy s polnilno postajo Trydan, da izkoristite son\u010dno energijo iz va\u0161e namestitve.","breadcrumb":{"@id":"https:\/\/v2charge.com\/sl\/podro-je-podpore\/nadzor-mo-i\/dinami-no-upravljanje-mo-i\/integracija-fotovoltaike\/povezovanje-invertra-sma-sunny-boy-s-trydanom\/#breadcrumb"},"inLanguage":"sl-SI","potentialAction":[{"@type":"ReadAction","target":["https:\/\/v2charge.com\/sl\/podro-je-podpore\/nadzor-mo-i\/dinami-no-upravljanje-mo-i\/integracija-fotovoltaike\/povezovanje-invertra-sma-sunny-boy-s-trydanom\/"]}]},{"@type":"ImageObject","inLanguage":"sl-SI","@id":"https:\/\/v2charge.com\/sl\/podro-je-podpore\/nadzor-mo-i\/dinami-no-upravljanje-mo-i\/integracija-fotovoltaike\/povezovanje-invertra-sma-sunny-boy-s-trydanom\/#primaryimage","url":"https:\/\/v2charge.com\/wp-content\/uploads\/2023\/12\/sma-logo.png","contentUrl":"https:\/\/v2charge.com\/wp-content\/uploads\/2023\/12\/sma-logo.png"},{"@type":"BreadcrumbList","@id":"https:\/\/v2charge.com\/sl\/podro-je-podpore\/nadzor-mo-i\/dinami-no-upravljanje-mo-i\/integracija-fotovoltaike\/povezovanje-invertra-sma-sunny-boy-s-trydanom\/#breadcrumb","itemListElement":[{"@type":"ListItem","position":1,"name":"V2C","item":"https:\/\/v2charge.com\/sl\/"},{"@type":"ListItem","position":2,"name":"Podro\u010dje podpore","item":"https:\/\/v2charge.com\/sl\/podro-je-podpore\/"},{"@type":"ListItem","position":3,"name":"Control de potencia","item":"https:\/\/v2charge.com\/sl\/nadzor-mo-i\/"},{"@type":"ListItem","position":4,"name":"Din\u00e1mico","item":"https:\/\/v2charge.com\/sl\/dinami-no-upravljanje-mo-i\/"},{"@type":"ListItem","position":5,"name":"Fotovoltaica","item":"https:\/\/v2charge.com\/sl\/dinami-no-upravljanje-mo-i\/integracija-fotovoltaike\/"},{"@type":"ListItem","position":6,"name":"Povezovanje invertra SMA Sunny Boy s Trydanom"}]},{"@type":"WebSite","@id":"https:\/\/v2charge.com\/sl\/#website","url":"https:\/\/v2charge.com\/sl\/","name":"V2C","description":"#CargandoElMa\u00f1ana","publisher":{"@id":"https:\/\/v2charge.com\/sl\/#organization"},"potentialAction":[{"@type":"SearchAction","target":{"@type":"EntryPoint","urlTemplate":"https:\/\/v2charge.com\/sl\/?s={search_term_string}"},"query-input":{"@type":"PropertyValueSpecification","valueRequired":true,"valueName":"search_term_string"}}],"inLanguage":"sl-SI"},{"@type":"Organization","@id":"https:\/\/v2charge.com\/sl\/#organization","name":"V2C","url":"https:\/\/v2charge.com\/sl\/","logo":{"@type":"ImageObject","inLanguage":"sl-SI","@id":"https:\/\/v2charge.com\/sl\/#\/schema\/logo\/image\/","url":"https:\/\/v2charge.com\/wp-content\/uploads\/2024\/11\/cropped-v2c-charge-logo-menu.png","contentUrl":"https:\/\/v2charge.com\/wp-content\/uploads\/2024\/11\/cropped-v2c-charge-logo-menu.png","width":984,"height":431,"caption":"V2C"},"image":{"@id":"https:\/\/v2charge.com\/sl\/#\/schema\/logo\/image\/"},"sameAs":["https:\/\/www.facebook.com\/V2C.Charge","https:\/\/x.com\/V2C_Charge","https:\/\/www.instagram.com\/v2c.charge\/","https:\/\/www.youtube.com\/@V2C","https:\/\/www.linkedin.com\/company\/v2c-chargers\/"]}]}},"uagb_featured_image_src":{"full":false,"thumbnail":false,"medium":false,"medium_large":false,"large":false,"gs-tiny":false,"xl":false,"xxl":false,"xxxl":false,"xxxxl":false,"xxxxxl":false,"1536x1536":false,"2048x2048":false},"uagb_author_info":{"display_name":"V2C","author_link":"https:\/\/v2charge.com\/sl\/author\/root_k4eu7ki8\/"},"uagb_comment_info":0,"uagb_excerpt":"Povezava SMA Sunny Boy inverterja s Trydanom \u010ce imate inverter SMA Sunny Boy, ga lahko pove\u017eete s polnilno postajo Trydan, da maksimalno izkoristite son\u010dno energijo iz va\u0161e namestitve. Uporaba Wi-Fi ponavljalnikov ali mesh omre\u017eij lahko vpliva na pravilno delovanje sistema. Priporo\u010damo uporabo stabilnega in direktnega Wi-Fi omre\u017eja za zagotovitev optimalne povezave med polnilnikom in inverterjem.&hellip;","_links":{"self":[{"href":"https:\/\/v2charge.com\/sl\/wp-json\/wp\/v2\/pages\/312975","targetHints":{"allow":["GET"]}}],"collection":[{"href":"https:\/\/v2charge.com\/sl\/wp-json\/wp\/v2\/pages"}],"about":[{"href":"https:\/\/v2charge.com\/sl\/wp-json\/wp\/v2\/types\/page"}],"author":[{"embeddable":true,"href":"https:\/\/v2charge.com\/sl\/wp-json\/wp\/v2\/users\/1"}],"replies":[{"embeddable":true,"href":"https:\/\/v2charge.com\/sl\/wp-json\/wp\/v2\/comments?post=312975"}],"version-history":[{"count":0,"href":"https:\/\/v2charge.com\/sl\/wp-json\/wp\/v2\/pages\/312975\/revisions"}],"up":[{"embeddable":true,"href":"https:\/\/v2charge.com\/sl\/wp-json\/wp\/v2\/pages\/312853"}],"wp:attachment":[{"href":"https:\/\/v2charge.com\/sl\/wp-json\/wp\/v2\/media?parent=312975"}],"curies":[{"name":"wp","href":"https:\/\/api.w.org\/{rel}","templated":true}]}}