{"id":312982,"date":"2023-08-08T15:09:10","date_gmt":"2023-08-08T15:09:10","guid":{"rendered":""},"modified":"2025-01-16T17:30:24","modified_gmt":"2025-01-16T15:30:24","slug":"napake-pri-preklapljanju-dinami-nega-nadzora-mo-i-v-trydanu","status":"publish","type":"page","link":"https:\/\/v2charge.com\/sl\/napake-pri-preklapljanju-dinami-nega-nadzora-mo-i-v-trydanu\/","title":{"rendered":"Napake pri preklapljanju dinami\u010dnega nadzora mo\u010di v Trydanu"},"content":{"rendered":"<p>\u010ce je dinami\u010dna kontrola mo\u010di aktivirana na polnilni postaji Trydan in pride do napake, bo zaslon polnilnika prikazal kodo, ki ustreza napaki (ti prikazi se pojavijo \u0161ele od razli\u010dice 1.6.18 naprej).<\/p>\n\n<p>POZOR: ti napaki niso napake pri delovanju, \u010de polnilna to\u010dka ni pravilno povezana z merilnikom, bo polnila z minimalno mo\u010djo.<\/p>\n\n<p>Prva \u0161tevilka je dvomestna \u0161tevilka in ozna\u010duje su\u017enja, ki ga uporabljamo. Uporabna bo za preverjanje, ali smo izbrali pravega. Ne pozabite, da se su\u017eenj vzame v prvi konfiguraciji in je \u0161tevec, ki ga bomo uporabili za izvajanje funkcij.<\/p>\n\n\n<ul class=\"wp-block-list\"><li>00 &#8211; Shelly Meter<\/li>\n\n<li>01 &#8211; V2C Meter Slave 2.0<\/li>\n\n<li>02 &#8211; Meter Slave V2C 1.0<\/li>\n\n<li>03 &#8211; Povezava inverterja Huawei<\/li>\n\n<li>04 &#8211; Povezava na Solax inverter<\/li>\n\n<li>05 &#8211; Povezava na Kostal inverter<\/li>\n\n<li>06 &#8211; Povezava na Fronius inverter<\/li>\n\n<li>07 &#8211; Povezava na Ingeteam inverter<\/li>\n\n<li>08 &#8211; Povezava na Wibeee merilnik<\/li>\n\n<li>09 &#8211; Povezava na Victron merilnik<\/li>\n\n<li>10 &#8211; Povezava na inverter SolarEdge<\/li>\n\n<li>11 &#8211; Uporaba MQTT protokola<\/li>\n\n<li>12 &#8211; Povezava z Goodwe invertnikom<\/li>\n\n<li>13 &#8211; Povezava na inverter SAJ \/ GreenHeiss<\/li>\n\n<li>14 &#8211; Povezava Solis inverterja<\/li>\n\n<li>15 &#8211; Povezava na merilnik Chint DDSU666<\/li>\n\n<li>16 &#8211; Povezava Eastron \u0161tevca<\/li>\n\n<li>17 &#8211; Povezava na merilnik Phoneix Contact<\/li>\n\n<li>18 &#8211; Povezava merilnika Carlo Gavazzi<\/li>\n\n<li>19 &#8211; Povezava na SMA merilnik<\/li>\n\n<li>20 &#8211; Povezava na Deye \/ Turbo Energy inverter<\/li>\n\n<li>21 &#8211; Povezava na ENPHASE inverter<\/li>\n\n<li>22 &#8211; Povezava na Wifi merilnik P1 Meter<\/li><\/ul>\n\n\n\n<p><\/p>\n\n\n<p><strong>\u010cE PRIKAZUJE NAPAKO POVEZAVE, TO POMENI, DA JE KABEL NAPA\u010cNO POVEZAN. NE PREJEMAMO NOBENIH INFORMACIJ.<\/strong><\/p>\n\n<p>Za \u0161tevilko, navedeno zgoraj, so \u0161e 3 dodatne \u0161tevilke. Njihov pomen je razlo\u017een spodaj:<\/p>\n\n\n<ul class=\"wp-block-list\"><li>001 &#8211; Napaka samo za Goodwe opremo z UDP protokolom.<\/li>\n\n<li>002 &#8211; Napaka samo na su\u017enjih 1 in 2: okvirji prihajajo po\u0161kodovani. Morda okvara merilnika su\u017enja. \u0160um v signalu.<\/li>\n\n<li>004 &#8211; Posku\u0161a se ponovno povezati z WiFi in su\u017eenj uporablja to WiFi tehnologijo za povezovanje.<\/li>\n\n<li>005 &#8211; RTU \u017ei\u010dni su\u017eenj ne odgovarja.<\/li>\n\n<li>006 &#8211; HTTP zahteva je bila poslana in povezava je spodletela (Shelly, Solax, Kostal Piko, Enphase, P1 Meter, SAJ [Solar Data], Wibeee). Povezava do Modbus TCP stre\u017enika ni uspela (Huawei, Kostal Plenticore, Fronius, Ingeteam, SMA Sunny, SolarEdge, Victron).<\/li>\n\n<li>007 &#8211; Samodejna iskanje Shelly ni na\u0161lo nobene naprave (priporo\u010damo, da v Trydan polnilniku navedete fiksni IP Shelly).<\/li>\n\n<li>008 &#8211; Izbrana je bila naprava slave z omogo\u010denim WiFi, vendar se Trydan nikoli ni povezal na konfigurirano WiFi omre\u017eje.<\/li>\n\n<li>009 &#8211; Prejeta je bila \u010dasovna omejitev zahteve za su\u017enja.<\/li>\n\n<li>010 &#8211; Podatki so prejeli iz spona, ki ni povezan na kanal, ki je potreben (Mono + PV sponka 1 ali 4, Trofazna sponka 1, 2 ali 3).<\/li><\/ul>\n\n\n\n<p><\/p>\n\n\n<p>\u010ce je koda napake ve\u010dja od 11, so to napake, ki so tipi\u010dne za protokol MODBUS RTU ali TCP. Namenjeno le specializiranemu osebju.<\/p>\n\n\n<ul class=\"wp-block-list\"><li>021 &#8211; NEVELJAVNA_FUNKCIJA&nbsp;<\/li>\n\n<li>022 &#8211; NELEGALNA_NASLOV_DATA&nbsp;&nbsp;<\/li>\n\n<li>023 &#8211; NELEGALNA_VREDNOST_PODATKOV&nbsp;&nbsp;<\/li>\n\n<li>024 &#8211; NEUSPEH_NAPRAVE_SERVERA<\/li>\n\n<li>025 &#8211; POTRDITE&nbsp;<\/li>\n\n<li>026 &#8211; SERVER_DEVICE_BUSY&nbsp;<\/li>\n\n<li>027 &#8211; NEGATIVNO POTRDITEV&nbsp;&nbsp;&nbsp;<\/li>\n\n<li>028 &#8211; SPOMINSKA_PARITETNA_NAPAKA&nbsp;<\/li>\n\n<li>030 &#8211; GATEWAY_PATH_UNAVAIL&nbsp;<\/li>\n\n<li>031 &#8211; GATEWAY_TARGET_NO_RESP <\/li>\n\n<li>032 &#8211; SERVER_RTU_NEAKTIVEN&nbsp;<\/li>\n\n<li>244 &#8211; \u010cASOVNI IZTEK<\/li>\n\n<li>245 &#8211; NEVELJAVEN_STRE\u017dNIK<\/li>\n\n<li>246 &#8211; CRC_ERROR&nbsp;&nbsp;&nbsp;&nbsp;&nbsp;&nbsp;&nbsp;&nbsp;&nbsp;&nbsp;&nbsp;&nbsp;&nbsp; <\/li>\n\n<li>247 &#8211; FC_NESKLADNOST<\/li>\n\n<li>248 &#8211; SERVER_ID_MISMATCH&nbsp;&nbsp;&nbsp;<\/li>\n\n<li>249 &#8211; PACKET_LENGTH_ERROR&nbsp;&nbsp;&nbsp;<\/li>\n\n<li>250 &#8211; PARAMETER_COUNT_ERROR&nbsp; <\/li>\n\n<li>251 &#8211; PARAMETER_LIMIT_ERROR&nbsp; <\/li>\n\n<li>252 &#8211; VRSTO \u010cAKANJA POLNA&nbsp;&nbsp;&nbsp;<\/li>\n\n<li>253&nbsp;&#8211; NELEGALEN_IP_ALI_PORT&nbsp;&nbsp;&nbsp;&nbsp; <\/li>\n\n<li>254 &#8211; IP_POVEZAVA_NEUSPE\u0160NA&nbsp;&nbsp; <\/li>\n\n<li>255 &#8211; TCP_HEAD_MISMATCH&nbsp;&nbsp;&nbsp;&nbsp;&nbsp; <\/li>\n\n<li>256 &#8211; SPORO\u010cILO_O_BOSU&nbsp;<\/li>\n\n<li>275 &#8211; NDEFINED_ERROR&nbsp;&nbsp;&nbsp;&nbsp;&nbsp;&nbsp;&nbsp;  <\/li><\/ul>\n\n\n\n<p><\/p>\n","protected":false},"excerpt":{"rendered":"<p>\u010ce je dinami\u010dna kontrola mo\u010di aktivirana na polnilni postaji Trydan in pride do napake, bo zaslon polnilnika prikazal kodo, ki ustreza napaki (ti prikazi se pojavijo \u0161ele od razli\u010dice 1.6.18 naprej). POZOR: ti napaki niso napake pri delovanju, \u010de polnilna to\u010dka ni pravilno povezana z merilnikom, bo polnila z minimalno mo\u010djo. Prva \u0161tevilka je dvomestna &#8230; <a title=\"Napake pri preklapljanju dinami\u010dnega nadzora mo\u010di v Trydanu\" class=\"read-more\" href=\"https:\/\/v2charge.com\/sl\/napake-pri-preklapljanju-dinami-nega-nadzora-mo-i-v-trydanu\/\" aria-label=\"Read more about Napake pri preklapljanju dinami\u010dnega nadzora mo\u010di v Trydanu\">Read more<\/a><\/p>\n","protected":false},"author":1,"featured_media":170346,"parent":0,"menu_order":0,"comment_status":"closed","ping_status":"closed","template":"","meta":{"_eb_attr":"","content-type":"","_uag_custom_page_level_css":"","footnotes":""},"class_list":["post-312982","page","type-page","status-publish","has-post-thumbnail"],"yoast_head":"<!-- This site is optimized with the Yoast SEO plugin v25.3.1 - https:\/\/yoast.com\/wordpress\/plugins\/seo\/ -->\n<title>Napake Trydan z Dinami\u010dnim Nadzorom Mo\u010di | V2C<\/title>\n<meta name=\"description\" content=\"Identificirajte razli\u010dne mo\u017ene napake pri povezavi Trydan z dinami\u010dnim nadzorom mo\u010di, da najdete re\u0161itev.\" \/>\n<meta name=\"robots\" content=\"index, follow, max-snippet:-1, max-image-preview:large, max-video-preview:-1\" \/>\n<link rel=\"canonical\" href=\"https:\/\/v2charge.com\/sl\/napake-pri-preklapljanju-dinami-nega-nadzora-mo-i-v-trydanu\/\" \/>\n<meta property=\"og:locale\" content=\"sl_SI\" \/>\n<meta property=\"og:type\" content=\"article\" \/>\n<meta property=\"og:title\" content=\"Napake Trydan z Dinami\u010dnim Nadzorom Mo\u010di | V2C\" \/>\n<meta property=\"og:description\" content=\"Identificirajte razli\u010dne mo\u017ene napake pri povezavi Trydan z dinami\u010dnim nadzorom mo\u010di, da najdete re\u0161itev.\" \/>\n<meta property=\"og:url\" content=\"https:\/\/v2charge.com\/sl\/napake-pri-preklapljanju-dinami-nega-nadzora-mo-i-v-trydanu\/\" \/>\n<meta property=\"og:site_name\" content=\"V2C\" \/>\n<meta property=\"article:publisher\" content=\"https:\/\/www.facebook.com\/V2C.Charge\" \/>\n<meta property=\"article:modified_time\" content=\"2025-01-16T15:30:24+00:00\" \/>\n<meta property=\"og:image\" content=\"https:\/\/v2charge.com\/wp-content\/uploads\/2024\/07\/v2c-electric-chargers.jpg\" \/>\n\t<meta property=\"og:image:width\" content=\"1200\" \/>\n\t<meta property=\"og:image:height\" content=\"675\" \/>\n\t<meta property=\"og:image:type\" content=\"image\/jpeg\" \/>\n<meta name=\"twitter:card\" content=\"summary_large_image\" \/>\n<meta name=\"twitter:site\" content=\"@V2C_Charge\" \/>\n<meta name=\"twitter:label1\" content=\"Est. reading time\" \/>\n\t<meta name=\"twitter:data1\" content=\"3 minute\" \/>\n<script type=\"application\/ld+json\" class=\"yoast-schema-graph\">{\"@context\":\"https:\/\/schema.org\",\"@graph\":[{\"@type\":\"WebPage\",\"@id\":\"https:\/\/v2charge.com\/sl\/napake-pri-preklapljanju-dinami-nega-nadzora-mo-i-v-trydanu\/\",\"url\":\"https:\/\/v2charge.com\/sl\/napake-pri-preklapljanju-dinami-nega-nadzora-mo-i-v-trydanu\/\",\"name\":\"Napake Trydan z Dinami\u010dnim Nadzorom Mo\u010di | V2C\",\"isPartOf\":{\"@id\":\"https:\/\/v2charge.com\/sl\/#website\"},\"primaryImageOfPage\":{\"@id\":\"https:\/\/v2charge.com\/sl\/napake-pri-preklapljanju-dinami-nega-nadzora-mo-i-v-trydanu\/#primaryimage\"},\"image\":{\"@id\":\"https:\/\/v2charge.com\/sl\/napake-pri-preklapljanju-dinami-nega-nadzora-mo-i-v-trydanu\/#primaryimage\"},\"thumbnailUrl\":\"https:\/\/v2charge.com\/wp-content\/uploads\/2024\/07\/v2c-electric-chargers.jpg\",\"datePublished\":\"2023-08-08T15:09:10+00:00\",\"dateModified\":\"2025-01-16T15:30:24+00:00\",\"description\":\"Identificirajte razli\u010dne mo\u017ene napake pri povezavi Trydan z dinami\u010dnim nadzorom mo\u010di, da najdete re\u0161itev.\",\"breadcrumb\":{\"@id\":\"https:\/\/v2charge.com\/sl\/napake-pri-preklapljanju-dinami-nega-nadzora-mo-i-v-trydanu\/#breadcrumb\"},\"inLanguage\":\"sl-SI\",\"potentialAction\":[{\"@type\":\"ReadAction\",\"target\":[\"https:\/\/v2charge.com\/sl\/napake-pri-preklapljanju-dinami-nega-nadzora-mo-i-v-trydanu\/\"]}]},{\"@type\":\"ImageObject\",\"inLanguage\":\"sl-SI\",\"@id\":\"https:\/\/v2charge.com\/sl\/napake-pri-preklapljanju-dinami-nega-nadzora-mo-i-v-trydanu\/#primaryimage\",\"url\":\"https:\/\/v2charge.com\/wp-content\/uploads\/2024\/07\/v2c-electric-chargers.jpg\",\"contentUrl\":\"https:\/\/v2charge.com\/wp-content\/uploads\/2024\/07\/v2c-electric-chargers.jpg\",\"width\":1200,\"height\":675,\"caption\":\"V2C Electric Chargers\"},{\"@type\":\"BreadcrumbList\",\"@id\":\"https:\/\/v2charge.com\/sl\/napake-pri-preklapljanju-dinami-nega-nadzora-mo-i-v-trydanu\/#breadcrumb\",\"itemListElement\":[{\"@type\":\"ListItem\",\"position\":1,\"name\":\"V2C\",\"item\":\"https:\/\/v2charge.com\/sl\/\"},{\"@type\":\"ListItem\",\"position\":2,\"name\":\"Napake pri preklapljanju dinami\u010dnega nadzora mo\u010di v Trydanu\"}]},{\"@type\":\"WebSite\",\"@id\":\"https:\/\/v2charge.com\/sl\/#website\",\"url\":\"https:\/\/v2charge.com\/sl\/\",\"name\":\"V2C\",\"description\":\"#CargandoElMa\u00f1ana\",\"publisher\":{\"@id\":\"https:\/\/v2charge.com\/sl\/#organization\"},\"potentialAction\":[{\"@type\":\"SearchAction\",\"target\":{\"@type\":\"EntryPoint\",\"urlTemplate\":\"https:\/\/v2charge.com\/sl\/?s={search_term_string}\"},\"query-input\":{\"@type\":\"PropertyValueSpecification\",\"valueRequired\":true,\"valueName\":\"search_term_string\"}}],\"inLanguage\":\"sl-SI\"},{\"@type\":\"Organization\",\"@id\":\"https:\/\/v2charge.com\/sl\/#organization\",\"name\":\"V2C\",\"url\":\"https:\/\/v2charge.com\/sl\/\",\"logo\":{\"@type\":\"ImageObject\",\"inLanguage\":\"sl-SI\",\"@id\":\"https:\/\/v2charge.com\/sl\/#\/schema\/logo\/image\/\",\"url\":\"https:\/\/v2charge.com\/wp-content\/uploads\/2024\/11\/cropped-v2c-charge-logo-menu.png\",\"contentUrl\":\"https:\/\/v2charge.com\/wp-content\/uploads\/2024\/11\/cropped-v2c-charge-logo-menu.png\",\"width\":984,\"height\":431,\"caption\":\"V2C\"},\"image\":{\"@id\":\"https:\/\/v2charge.com\/sl\/#\/schema\/logo\/image\/\"},\"sameAs\":[\"https:\/\/www.facebook.com\/V2C.Charge\",\"https:\/\/x.com\/V2C_Charge\",\"https:\/\/www.instagram.com\/v2c.charge\/\",\"https:\/\/www.youtube.com\/@V2C\",\"https:\/\/www.linkedin.com\/company\/v2c-chargers\/\"]}]}<\/script>\n<!-- \/ Yoast SEO plugin. -->","yoast_head_json":{"title":"Napake Trydan z Dinami\u010dnim Nadzorom Mo\u010di | V2C","description":"Identificirajte razli\u010dne mo\u017ene napake pri povezavi Trydan z dinami\u010dnim nadzorom mo\u010di, da najdete re\u0161itev.","robots":{"index":"index","follow":"follow","max-snippet":"max-snippet:-1","max-image-preview":"max-image-preview:large","max-video-preview":"max-video-preview:-1"},"canonical":"https:\/\/v2charge.com\/sl\/napake-pri-preklapljanju-dinami-nega-nadzora-mo-i-v-trydanu\/","og_locale":"sl_SI","og_type":"article","og_title":"Napake Trydan z Dinami\u010dnim Nadzorom Mo\u010di | V2C","og_description":"Identificirajte razli\u010dne mo\u017ene napake pri povezavi Trydan z dinami\u010dnim nadzorom mo\u010di, da najdete re\u0161itev.","og_url":"https:\/\/v2charge.com\/sl\/napake-pri-preklapljanju-dinami-nega-nadzora-mo-i-v-trydanu\/","og_site_name":"V2C","article_publisher":"https:\/\/www.facebook.com\/V2C.Charge","article_modified_time":"2025-01-16T15:30:24+00:00","og_image":[{"width":1200,"height":675,"url":"https:\/\/v2charge.com\/wp-content\/uploads\/2024\/07\/v2c-electric-chargers.jpg","type":"image\/jpeg"}],"twitter_card":"summary_large_image","twitter_site":"@V2C_Charge","twitter_misc":{"Est. reading time":"3 minute"},"schema":{"@context":"https:\/\/schema.org","@graph":[{"@type":"WebPage","@id":"https:\/\/v2charge.com\/sl\/napake-pri-preklapljanju-dinami-nega-nadzora-mo-i-v-trydanu\/","url":"https:\/\/v2charge.com\/sl\/napake-pri-preklapljanju-dinami-nega-nadzora-mo-i-v-trydanu\/","name":"Napake Trydan z Dinami\u010dnim Nadzorom Mo\u010di | V2C","isPartOf":{"@id":"https:\/\/v2charge.com\/sl\/#website"},"primaryImageOfPage":{"@id":"https:\/\/v2charge.com\/sl\/napake-pri-preklapljanju-dinami-nega-nadzora-mo-i-v-trydanu\/#primaryimage"},"image":{"@id":"https:\/\/v2charge.com\/sl\/napake-pri-preklapljanju-dinami-nega-nadzora-mo-i-v-trydanu\/#primaryimage"},"thumbnailUrl":"https:\/\/v2charge.com\/wp-content\/uploads\/2024\/07\/v2c-electric-chargers.jpg","datePublished":"2023-08-08T15:09:10+00:00","dateModified":"2025-01-16T15:30:24+00:00","description":"Identificirajte razli\u010dne mo\u017ene napake pri povezavi Trydan z dinami\u010dnim nadzorom mo\u010di, da najdete re\u0161itev.","breadcrumb":{"@id":"https:\/\/v2charge.com\/sl\/napake-pri-preklapljanju-dinami-nega-nadzora-mo-i-v-trydanu\/#breadcrumb"},"inLanguage":"sl-SI","potentialAction":[{"@type":"ReadAction","target":["https:\/\/v2charge.com\/sl\/napake-pri-preklapljanju-dinami-nega-nadzora-mo-i-v-trydanu\/"]}]},{"@type":"ImageObject","inLanguage":"sl-SI","@id":"https:\/\/v2charge.com\/sl\/napake-pri-preklapljanju-dinami-nega-nadzora-mo-i-v-trydanu\/#primaryimage","url":"https:\/\/v2charge.com\/wp-content\/uploads\/2024\/07\/v2c-electric-chargers.jpg","contentUrl":"https:\/\/v2charge.com\/wp-content\/uploads\/2024\/07\/v2c-electric-chargers.jpg","width":1200,"height":675,"caption":"V2C Electric Chargers"},{"@type":"BreadcrumbList","@id":"https:\/\/v2charge.com\/sl\/napake-pri-preklapljanju-dinami-nega-nadzora-mo-i-v-trydanu\/#breadcrumb","itemListElement":[{"@type":"ListItem","position":1,"name":"V2C","item":"https:\/\/v2charge.com\/sl\/"},{"@type":"ListItem","position":2,"name":"Napake pri preklapljanju dinami\u010dnega nadzora mo\u010di v Trydanu"}]},{"@type":"WebSite","@id":"https:\/\/v2charge.com\/sl\/#website","url":"https:\/\/v2charge.com\/sl\/","name":"V2C","description":"#CargandoElMa\u00f1ana","publisher":{"@id":"https:\/\/v2charge.com\/sl\/#organization"},"potentialAction":[{"@type":"SearchAction","target":{"@type":"EntryPoint","urlTemplate":"https:\/\/v2charge.com\/sl\/?s={search_term_string}"},"query-input":{"@type":"PropertyValueSpecification","valueRequired":true,"valueName":"search_term_string"}}],"inLanguage":"sl-SI"},{"@type":"Organization","@id":"https:\/\/v2charge.com\/sl\/#organization","name":"V2C","url":"https:\/\/v2charge.com\/sl\/","logo":{"@type":"ImageObject","inLanguage":"sl-SI","@id":"https:\/\/v2charge.com\/sl\/#\/schema\/logo\/image\/","url":"https:\/\/v2charge.com\/wp-content\/uploads\/2024\/11\/cropped-v2c-charge-logo-menu.png","contentUrl":"https:\/\/v2charge.com\/wp-content\/uploads\/2024\/11\/cropped-v2c-charge-logo-menu.png","width":984,"height":431,"caption":"V2C"},"image":{"@id":"https:\/\/v2charge.com\/sl\/#\/schema\/logo\/image\/"},"sameAs":["https:\/\/www.facebook.com\/V2C.Charge","https:\/\/x.com\/V2C_Charge","https:\/\/www.instagram.com\/v2c.charge\/","https:\/\/www.youtube.com\/@V2C","https:\/\/www.linkedin.com\/company\/v2c-chargers\/"]}]}},"uagb_featured_image_src":{"full":["https:\/\/v2charge.com\/wp-content\/uploads\/2024\/07\/v2c-electric-chargers.jpg",1200,675,false],"thumbnail":["https:\/\/v2charge.com\/wp-content\/uploads\/2024\/07\/v2c-electric-chargers-150x150.jpg",150,150,true],"medium":["https:\/\/v2charge.com\/wp-content\/uploads\/2024\/07\/v2c-electric-chargers-300x169.jpg",300,169,true],"medium_large":["https:\/\/v2charge.com\/wp-content\/uploads\/2024\/07\/v2c-electric-chargers-768x432.jpg",768,432,true],"large":["https:\/\/v2charge.com\/wp-content\/uploads\/2024\/07\/v2c-electric-chargers-1024x576.jpg",1024,576,true],"gs-tiny":["https:\/\/v2charge.com\/wp-content\/uploads\/2024\/07\/v2c-electric-chargers.jpg",50,28,false],"xl":["https:\/\/v2charge.com\/wp-content\/uploads\/2024\/07\/v2c-electric-chargers.jpg",1200,675,false],"xxl":["https:\/\/v2charge.com\/wp-content\/uploads\/2024\/07\/v2c-electric-chargers.jpg",1200,675,false],"xxxl":["https:\/\/v2charge.com\/wp-content\/uploads\/2024\/07\/v2c-electric-chargers.jpg",1200,675,false],"xxxxl":["https:\/\/v2charge.com\/wp-content\/uploads\/2024\/07\/v2c-electric-chargers.jpg",1200,675,false],"xxxxxl":["https:\/\/v2charge.com\/wp-content\/uploads\/2024\/07\/v2c-electric-chargers.jpg",1200,675,false],"1536x1536":["https:\/\/v2charge.com\/wp-content\/uploads\/2024\/07\/v2c-electric-chargers.jpg",1200,675,false],"2048x2048":["https:\/\/v2charge.com\/wp-content\/uploads\/2024\/07\/v2c-electric-chargers.jpg",1200,675,false]},"uagb_author_info":{"display_name":"V2C","author_link":"https:\/\/v2charge.com\/sl\/author\/root_k4eu7ki8\/"},"uagb_comment_info":0,"uagb_excerpt":"\u010ce je dinami\u010dna kontrola mo\u010di aktivirana na polnilni postaji Trydan in pride do napake, bo zaslon polnilnika prikazal kodo, ki ustreza napaki (ti prikazi se pojavijo \u0161ele od razli\u010dice 1.6.18 naprej). POZOR: ti napaki niso napake pri delovanju, \u010de polnilna to\u010dka ni pravilno povezana z merilnikom, bo polnila z minimalno mo\u010djo. Prva \u0161tevilka je dvomestna&hellip;","_links":{"self":[{"href":"https:\/\/v2charge.com\/sl\/wp-json\/wp\/v2\/pages\/312982","targetHints":{"allow":["GET"]}}],"collection":[{"href":"https:\/\/v2charge.com\/sl\/wp-json\/wp\/v2\/pages"}],"about":[{"href":"https:\/\/v2charge.com\/sl\/wp-json\/wp\/v2\/types\/page"}],"author":[{"embeddable":true,"href":"https:\/\/v2charge.com\/sl\/wp-json\/wp\/v2\/users\/1"}],"replies":[{"embeddable":true,"href":"https:\/\/v2charge.com\/sl\/wp-json\/wp\/v2\/comments?post=312982"}],"version-history":[{"count":0,"href":"https:\/\/v2charge.com\/sl\/wp-json\/wp\/v2\/pages\/312982\/revisions"}],"wp:featuredmedia":[{"embeddable":true,"href":"https:\/\/v2charge.com\/sl\/wp-json\/wp\/v2\/media\/170346"}],"wp:attachment":[{"href":"https:\/\/v2charge.com\/sl\/wp-json\/wp\/v2\/media?parent=312982"}],"curies":[{"name":"wp","href":"https:\/\/api.w.org\/{rel}","templated":true}]}}