{"id":312983,"date":"2023-10-27T16:08:56","date_gmt":"2023-10-27T14:08:56","guid":{"rendered":""},"modified":"2023-11-07T11:28:55","modified_gmt":"2023-11-07T09:28:55","slug":"v2c-partnerski-program","status":"publish","type":"page","link":"https:\/\/v2charge.com\/sl\/v2c-partnerski-program\/","title":{"rendered":"V2C partnerski program"},"content":{"rendered":"\n<div class=\"wp-block-uagb-container uagb-block-7ad7e24c alignfull uagb-is-root-container\"><div class=\"uagb-container-inner-blocks-wrap\">\n<div class=\"wp-block-uagb-container uagb-block-6bcf0ffd\"><h1 class=\"wp-block-heading has-contrast-color has-text-color\" style=\"font-size:44px\">Poudarite svoj e-Charger V2C in pove\u010dajte svoj promet<\/h1>\n\n<p class=\"has-accent-color has-text-color\">Pridru\u017eite se V2C partnerskemu programu in za\u010dnite zaslu\u017eiti provizije za vsak nakup, ki ga opravijo va\u0161i sledilci.<\/p>\n\n\n<div class=\"wp-block-uagb-buttons uagb-buttons__outer-wrap uagb-btn__default-btn uagb-btn-tablet__default-btn uagb-btn-mobile__default-btn uagb-block-2bc1e151\"><div class=\"uagb-buttons__wrap uagb-buttons-layout-wrap\"><div class=\"wp-block-uagb-buttons-child uagb-buttons__outer-wrap uagb-block-6a8d54f3 wp-block-button\"><div class=\"uagb-button__wrapper\"><a class=\"uagb-buttons-repeater wp-block-button__link\" href=\"#formulaire\" onclick=\"return true;\" rel=\"follow noopener\" target=\"_self\"><div class=\"uagb-button__link\">PRIJAVITE SE TU<\/div><\/a><\/div><\/div><\/div><\/div>\n<\/div>\n\n\n\n<div class=\"wp-block-uagb-container uagb-block-2b376e34\"><div class=\"wp-block-image\">\n<figure class=\"aligncenter size-full\"><img decoding=\"async\" width=\"400\" height=\"450\" src=\"https:\/\/v2charge.com\/wp-content\/uploads\/2023\/10\/affiliate-program.jpg\" alt=\"V2C Affiliate Program\" class=\"wp-image-122934\" srcset=\"https:\/\/v2charge.com\/wp-content\/uploads\/2023\/10\/affiliate-program.jpg 400w, https:\/\/v2charge.com\/wp-content\/uploads\/2023\/10\/affiliate-program-267x300.jpg 267w\" sizes=\"(max-width: 400px) 100vw, 400px\" \/><\/figure>\n<\/div><\/div>\n<\/div><\/div>\n\n\n\n<div class=\"wp-block-uagb-container uagb-block-74ecb573 alignfull uagb-is-root-container\"><div class=\"uagb-container-inner-blocks-wrap\"><div class=\"wp-block-uagb-advanced-heading uagb-block-f70dd623\"><h2 class=\"uagb-heading-text\"><strong>Zakaj se pridru\u017eiti V2C partnerskemu programu?<\/strong><\/h2><\/div><\/div><\/div>\n\n\n\n<div class=\"wp-block-uagb-container uagb-block-274cdd6a alignfull uagb-is-root-container\"><div class=\"uagb-container-inner-blocks-wrap\">\n<div class=\"wp-block-uagb-container uagb-block-f8fc696b\">\n<figure class=\"wp-block-image size-full\"><img decoding=\"async\" width=\"64\" height=\"64\" src=\"https:\/\/v2charge.com\/wp-content\/uploads\/2023\/11\/icon-star.png\" alt=\"\" class=\"wp-image-123256\"\/><\/figure>\n\n\n<div class=\"wp-block-uagb-advanced-heading uagb-block-58e4f1f4\"><h3 class=\"uagb-heading-text\">Izbolj\u0161ajte <br>va\u0161o podobo<\/h3><\/div>\n\n<p>Pove\u017eite svojo podobo z vodilno blagovno znamko e-mobilnosti, ki jo podpira \u0161iroka skupnost.<\/p><\/div>\n\n\n\n<div class=\"wp-block-uagb-container uagb-block-d868fe71\">\n<figure class=\"wp-block-image size-full\"><img decoding=\"async\" width=\"64\" height=\"64\" src=\"https:\/\/v2charge.com\/wp-content\/uploads\/2023\/11\/icon-commissions.png\" alt=\"\" class=\"wp-image-123265\"\/><\/figure>\n\n\n<div class=\"wp-block-uagb-advanced-heading uagb-block-8348d1ec\"><h3 class=\"uagb-heading-text\">Zaslu\u017eite visoke provizije<\/h3><\/div>\n\n<p>20% vrednosti naro\u010dila, ki ga oddajo va\u0161i sledilci, se vrne vam.<\/p><\/div>\n\n\n\n<div class=\"wp-block-uagb-container uagb-block-1f594078\">\n<figure class=\"wp-block-image size-full\"><img decoding=\"async\" width=\"64\" height=\"64\" src=\"https:\/\/v2charge.com\/wp-content\/uploads\/2023\/11\/icon-discount.png\" alt=\"\" class=\"wp-image-123274\"\/><\/figure>\n\n\n<div class=\"wp-block-uagb-advanced-heading uagb-block-8e6d6b25\"><h3 class=\"uagb-heading-text\">Va\u0161i sledilci pridobivajo <br>tudi<\/h3><\/div>\n\n<p>U\u017eivali bodo 10 % popust, \u010de ob pla\u010dilu uporabite va\u0161 kupon.<\/p><\/div>\n<\/div><\/div>\n\n\n\n<div class=\"wp-block-uagb-container uagb-block-3af6971f alignfull uagb-is-root-container\"><div class=\"uagb-container-inner-blocks-wrap\">\n<div class=\"wp-block-uagb-container uagb-block-771e699f\"><div class=\"wp-block-image is-style-default\">\n<figure class=\"aligncenter size-full\"><img decoding=\"async\" width=\"370\" height=\"341\" src=\"https:\/\/v2charge.com\/wp-content\/uploads\/2023\/11\/affiliate-v2c.jpg\" alt=\"\" class=\"wp-image-123183\" srcset=\"https:\/\/v2charge.com\/wp-content\/uploads\/2023\/11\/affiliate-v2c.jpg 370w, https:\/\/v2charge.com\/wp-content\/uploads\/2023\/11\/affiliate-v2c-300x276.jpg 300w\" sizes=\"(max-width: 370px) 100vw, 370px\" \/><\/figure>\n<\/div><\/div>\n\n\n\n<div class=\"wp-block-uagb-container uagb-block-11d66d0f\"><div class=\"wp-block-uagb-advanced-heading uagb-block-1adaeeb4\"><h2 class=\"uagb-heading-text\"><strong>Kdo lahko postane partner?<\/strong><\/h2><\/div>\n\n<p>Ustvarjalci vsebin, mediji ali blogerji, ki objavljajo \u010dlanke o elektri\u010dni mobilnosti, tehnologiji, \u017eivljenjskem slogu in obnovljivih virih energije.<\/p><\/div>\n<\/div><\/div>\n\n\n\n<div class=\"wp-block-uagb-container uagb-block-8117c144 alignfull uagb-is-root-container\"><div class=\"uagb-container-inner-blocks-wrap\"><div class=\"wp-block-uagb-advanced-heading uagb-block-cce71d3f\"><h2 class=\"uagb-heading-text\"><strong>Kako deluje program?<\/strong><\/h2><\/div><\/div><\/div>\n\n\n\n<div class=\"wp-block-uagb-container uagb-block-cf7151e9 alignfull uagb-is-root-container\"><div class=\"uagb-container-inner-blocks-wrap\">\n<div class=\"wp-block-uagb-container uagb-block-6902d405\">\n<figure class=\"wp-block-image size-full\"><img decoding=\"async\" width=\"250\" height=\"120\" src=\"https:\/\/v2charge.com\/wp-content\/uploads\/2023\/11\/step-1-v2c-affiliates-program.jpg\" alt=\"\" class=\"wp-image-123202\"\/><\/figure>\n\n\n<div class=\"wp-block-uagb-advanced-heading uagb-block-0db1da7e\"><h3 class=\"uagb-heading-text\">Prijavite se <br>brezpla\u010dno<\/h3><\/div>\n\n<p>Izpolnite obrazec in pregledali bomo va\u0161o zahtevo za odobritev.<\/p><\/div>\n\n\n\n<div class=\"wp-block-uagb-container uagb-block-2ee01b96\">\n<figure class=\"wp-block-image size-full\"><img decoding=\"async\" width=\"250\" height=\"120\" src=\"https:\/\/v2charge.com\/wp-content\/uploads\/2023\/11\/step2-v2c-affiliates-program.jpg\" alt=\"\" class=\"wp-image-123239\"\/><\/figure>\n\n\n<div class=\"wp-block-uagb-advanced-heading uagb-block-d51a4f0c\"><h3 class=\"uagb-heading-text\">Nudimo vam polnilec in kupon<\/h3><\/div>\n\n<p>Brezpla\u010dno vam po\u0161ljemo polnilnik in vam izro\u010dimo va\u0161 prilagojen darilni bon.<\/p><\/div>\n\n\n\n<div class=\"wp-block-uagb-container uagb-block-71c89256\">\n<figure class=\"wp-block-image size-full\"><img decoding=\"async\" width=\"250\" height=\"120\" src=\"https:\/\/v2charge.com\/wp-content\/uploads\/2023\/11\/step-3-v2c-affiliates-program.jpg\" alt=\"\" class=\"wp-image-123221\"\/><\/figure>\n\n\n<div class=\"wp-block-uagb-advanced-heading uagb-block-77e79ef6\"><h3 class=\"uagb-heading-text\">Delite  <br>vsebino<\/h3><\/div>\n\n<p>Objavite vsebino in navedite svoj kupon, da lahko va\u0161i sledilci prihranijo 10%.<\/p><\/div>\n\n\n\n<div class=\"wp-block-uagb-container uagb-block-d0c603c8\">\n<figure class=\"wp-block-image size-full\"><img decoding=\"async\" width=\"250\" height=\"120\" src=\"https:\/\/v2charge.com\/wp-content\/uploads\/2023\/11\/step-4-v2c-affiliates-program.jpg\" alt=\"\" class=\"wp-image-123230\"\/><\/figure>\n\n\n<div class=\"wp-block-uagb-advanced-heading uagb-block-55d8c82e\"><h3 class=\"uagb-heading-text\">Prejmite svoje nagrade<\/h3><\/div>\n\n<p>Na koncu vsakega meseca boste prejeli poro\u010dilo in nakazali vam bomo 20% prodaje preko ban\u010dnega nakazila.<\/p><\/div>\n<\/div><\/div>\n\n\n\n<div id=\"formulaire\" class=\"wp-block-uagb-container uagb-block-5b2931a7 alignfull uagb-is-root-container\"><div class=\"uagb-container-inner-blocks-wrap\">\n<div class=\"wpcf7 no-js\" id=\"wpcf7-f123195-o1\" lang=\"es-ES\" dir=\"ltr\" data-wpcf7-id=\"123195\">\n<div class=\"screen-reader-response\"><p role=\"status\" aria-live=\"polite\" aria-atomic=\"true\"><\/p> <ul><\/ul><\/div>\n<form action=\"\/sl\/wp-json\/wp\/v2\/pages\/312983#wpcf7-f123195-o1\" method=\"post\" class=\"wpcf7-form init\" aria-label=\"Formulario de contacto\" novalidate=\"novalidate\" data-status=\"init\">\n<div style=\"display: none;\">\n<input type=\"hidden\" name=\"_wpcf7\" value=\"123195\" \/>\n<input type=\"hidden\" name=\"_wpcf7_version\" value=\"6.0.6\" \/>\n<input type=\"hidden\" name=\"_wpcf7_locale\" value=\"es_ES\" \/>\n<input type=\"hidden\" name=\"_wpcf7_unit_tag\" value=\"wpcf7-f123195-o1\" \/>\n<input type=\"hidden\" name=\"_wpcf7_container_post\" value=\"0\" \/>\n<input type=\"hidden\" name=\"_wpcf7_posted_data_hash\" value=\"\" \/>\n<input type=\"hidden\" name=\"redirect_nonce\" value=\"8606be878d\" \/>\n<input type=\"hidden\" name=\"wpcf7cfpdf_hidden_name\" value=\"document-pdf\" \/>\n<input type=\"hidden\" name=\"wpcf7cfpdf_hidden_reference\" value=\"c1ea9060\" \/>\n<input type=\"hidden\" name=\"wpcf7cfpdf_hidden_date\" value=\"04222026\" \/>\n<input type=\"hidden\" name=\"_wpcf7_recaptcha_response\" value=\"\" \/>\n<\/div>\n<div id=\"responsive-form\" class=\"clearfix\">\n\t<div class=\"form-row\">\n\t\t<div class=\"column-half\">\n\t\t\t<p>Nom* <span class=\"wpcf7-form-control-wrap\" data-name=\"your-name\"><input size=\"40\" maxlength=\"400\" class=\"wpcf7-form-control wpcf7-text wpcf7-validates-as-required\" aria-required=\"true\" aria-invalid=\"false\" value=\"\" type=\"text\" name=\"your-name\" \/><\/span>\n\t\t\t<\/p>\n\t\t<\/div>\n\t\t<div class=\"column-half\">\n\t\t\t<p>E-mail* <span class=\"wpcf7-form-control-wrap\" data-name=\"your-email\"><input size=\"40\" maxlength=\"400\" class=\"wpcf7-form-control wpcf7-email wpcf7-validates-as-required wpcf7-text wpcf7-validates-as-email\" aria-required=\"true\" aria-invalid=\"false\" value=\"\" type=\"email\" name=\"your-email\" \/><\/span>\n\t\t\t<\/p>\n\t\t<\/div>\n\t\t<div class=\"column-half\">\n\t\t\t<p>Vous avez d\u00e9j\u00e0 un chargeur V2C ?* <span class=\"wpcf7-form-control-wrap\" data-name=\"chargeur\"><input size=\"40\" maxlength=\"400\" class=\"wpcf7-form-control wpcf7-text wpcf7-validates-as-required\" aria-required=\"true\" aria-invalid=\"false\" value=\"\" type=\"text\" name=\"chargeur\" \/><\/span>\n\t\t\t<\/p>\n\t\t<\/div>\n\t<\/div>\n\t<p><span id=\"wpcf7-69e8c915b3861-wrapper\" class=\"wpcf7-form-control-wrap tudireccion-96-wrap\" style=\"display:none !important; visibility:hidden !important;\"><label for=\"wpcf7-69e8c915b3861-field\" class=\"hp-message\">Por favor, deja este campo vac\u00edo.<\/label><input id=\"wpcf7-69e8c915b3861-field\"  class=\"wpcf7-form-control wpcf7-text\" type=\"text\" name=\"tudireccion-96\" value=\"\" size=\"40\" tabindex=\"-1\" autocomplete=\"new-password\" \/><\/span>\n\t<\/p>\n\t<div class=\"form-row\">\n\t\t<div class=\"column-full\">\n\t\t\t<p>Message (Dites-nous qui vous \u00eates, vos r\u00e9seaux sociaux, o\u00f9 vous partagerez le contenu...)* <span class=\"wpcf7-form-control-wrap\" data-name=\"your-message\"><textarea cols=\"40\" rows=\"10\" maxlength=\"2000\" class=\"wpcf7-form-control wpcf7-textarea wpcf7-validates-as-required\" aria-required=\"true\" aria-invalid=\"false\" name=\"your-message\"><\/textarea><\/span>\n\t\t\t<\/p>\n\t\t<\/div>\n\t<\/div>\n\t<div class=\"form-row\">\n\t\t<div class=\"column-full\">\n\t\t\t<p><input class=\"wpcf7-form-control wpcf7-submit has-spinner\" type=\"submit\" value=\"Envoyer\" \/>\n\t\t\t<\/p>\n\t\t<\/div>\n\t<\/div>\n<\/div><!--end responsive-form--><div class=\"wpcf7-response-output\" aria-hidden=\"true\"><\/div>\n<\/form>\n<\/div>\n\n<\/div><\/div>\n","protected":false},"excerpt":{"rendered":"<p>Poudarite svoj e-Charger V2C in pove\u010dajte svoj promet Pridru\u017eite se V2C partnerskemu programu in za\u010dnite zaslu\u017eiti provizije za vsak nakup, ki ga opravijo va\u0161i sledilci. Zakaj se pridru\u017eiti V2C partnerskemu programu? Izbolj\u0161ajte va\u0161o podobo Pove\u017eite svojo podobo z vodilno blagovno znamko e-mobilnosti, ki jo podpira \u0161iroka skupnost. Zaslu\u017eite visoke provizije 20% vrednosti naro\u010dila, ki ga &#8230; <a title=\"V2C partnerski program\" class=\"read-more\" href=\"https:\/\/v2charge.com\/sl\/v2c-partnerski-program\/\" aria-label=\"Read more about V2C partnerski program\">Read more<\/a><\/p>\n","protected":false},"author":400,"featured_media":0,"parent":0,"menu_order":0,"comment_status":"closed","ping_status":"closed","template":"","meta":{"_eb_attr":"","content-type":"","_uag_custom_page_level_css":"","footnotes":""},"class_list":["post-312983","page","type-page","status-publish"],"yoast_head":"<!-- This site is optimized with the Yoast SEO plugin v25.3.1 - https:\/\/yoast.com\/wordpress\/plugins\/seo\/ -->\n<title>V2C partnerski program - V2C<\/title>\n<meta name=\"description\" content=\"Izpostavite svoj e-Charger V2C in pove\u010dajte svoj promet | Ustvarjalci vsebin, mediji ali blogerji\" \/>\n<meta name=\"robots\" content=\"index, follow, max-snippet:-1, max-image-preview:large, max-video-preview:-1\" \/>\n<link rel=\"canonical\" href=\"https:\/\/v2charge.com\/sl\/v2c-partnerski-program\/\" \/>\n<meta property=\"og:locale\" content=\"sl_SI\" \/>\n<meta property=\"og:type\" content=\"article\" \/>\n<meta property=\"og:title\" content=\"V2C partnerski program - V2C\" \/>\n<meta property=\"og:description\" content=\"Izpostavite svoj e-Charger V2C in pove\u010dajte svoj promet | Ustvarjalci vsebin, mediji ali blogerji\" \/>\n<meta property=\"og:url\" content=\"https:\/\/v2charge.com\/sl\/v2c-partnerski-program\/\" \/>\n<meta property=\"og:site_name\" content=\"V2C\" \/>\n<meta property=\"article:publisher\" content=\"https:\/\/www.facebook.com\/V2C.Charge\" \/>\n<meta property=\"article:modified_time\" content=\"2023-11-07T09:28:55+00:00\" \/>\n<meta property=\"og:image\" content=\"https:\/\/v2charge.com\/wp-content\/uploads\/2023\/10\/affiliate-program.jpg\" \/>\n\t<meta property=\"og:image:width\" content=\"400\" \/>\n\t<meta property=\"og:image:height\" content=\"450\" \/>\n\t<meta property=\"og:image:type\" content=\"image\/jpeg\" \/>\n<meta name=\"twitter:card\" content=\"summary_large_image\" \/>\n<meta name=\"twitter:site\" content=\"@V2C_Charge\" \/>\n<meta name=\"twitter:label1\" content=\"Est. reading time\" \/>\n\t<meta name=\"twitter:data1\" content=\"3 minute\" \/>\n<script type=\"application\/ld+json\" class=\"yoast-schema-graph\">{\"@context\":\"https:\/\/schema.org\",\"@graph\":[{\"@type\":\"WebPage\",\"@id\":\"https:\/\/v2charge.com\/sl\/v2c-partnerski-program\/\",\"url\":\"https:\/\/v2charge.com\/sl\/v2c-partnerski-program\/\",\"name\":\"V2C partnerski program - V2C\",\"isPartOf\":{\"@id\":\"https:\/\/v2charge.com\/sl\/#website\"},\"primaryImageOfPage\":{\"@id\":\"https:\/\/v2charge.com\/sl\/v2c-partnerski-program\/#primaryimage\"},\"image\":{\"@id\":\"https:\/\/v2charge.com\/sl\/v2c-partnerski-program\/#primaryimage\"},\"thumbnailUrl\":\"https:\/\/v2charge.com\/wp-content\/uploads\/2023\/10\/affiliate-program.jpg\",\"datePublished\":\"2023-10-27T14:08:56+00:00\",\"dateModified\":\"2023-11-07T09:28:55+00:00\",\"description\":\"Izpostavite svoj e-Charger V2C in pove\u010dajte svoj promet | Ustvarjalci vsebin, mediji ali blogerji\",\"breadcrumb\":{\"@id\":\"https:\/\/v2charge.com\/sl\/v2c-partnerski-program\/#breadcrumb\"},\"inLanguage\":\"sl-SI\",\"potentialAction\":[{\"@type\":\"ReadAction\",\"target\":[\"https:\/\/v2charge.com\/sl\/v2c-partnerski-program\/\"]}]},{\"@type\":\"ImageObject\",\"inLanguage\":\"sl-SI\",\"@id\":\"https:\/\/v2charge.com\/sl\/v2c-partnerski-program\/#primaryimage\",\"url\":\"https:\/\/v2charge.com\/wp-content\/uploads\/2023\/10\/affiliate-program.jpg\",\"contentUrl\":\"https:\/\/v2charge.com\/wp-content\/uploads\/2023\/10\/affiliate-program.jpg\"},{\"@type\":\"BreadcrumbList\",\"@id\":\"https:\/\/v2charge.com\/sl\/v2c-partnerski-program\/#breadcrumb\",\"itemListElement\":[{\"@type\":\"ListItem\",\"position\":1,\"name\":\"V2C\",\"item\":\"https:\/\/v2charge.com\/sl\/\"},{\"@type\":\"ListItem\",\"position\":2,\"name\":\"V2C partnerski program\"}]},{\"@type\":\"WebSite\",\"@id\":\"https:\/\/v2charge.com\/sl\/#website\",\"url\":\"https:\/\/v2charge.com\/sl\/\",\"name\":\"V2C\",\"description\":\"#CargandoElMa\u00f1ana\",\"publisher\":{\"@id\":\"https:\/\/v2charge.com\/sl\/#organization\"},\"potentialAction\":[{\"@type\":\"SearchAction\",\"target\":{\"@type\":\"EntryPoint\",\"urlTemplate\":\"https:\/\/v2charge.com\/sl\/?s={search_term_string}\"},\"query-input\":{\"@type\":\"PropertyValueSpecification\",\"valueRequired\":true,\"valueName\":\"search_term_string\"}}],\"inLanguage\":\"sl-SI\"},{\"@type\":\"Organization\",\"@id\":\"https:\/\/v2charge.com\/sl\/#organization\",\"name\":\"V2C\",\"url\":\"https:\/\/v2charge.com\/sl\/\",\"logo\":{\"@type\":\"ImageObject\",\"inLanguage\":\"sl-SI\",\"@id\":\"https:\/\/v2charge.com\/sl\/#\/schema\/logo\/image\/\",\"url\":\"https:\/\/v2charge.com\/wp-content\/uploads\/2024\/11\/cropped-v2c-charge-logo-menu.png\",\"contentUrl\":\"https:\/\/v2charge.com\/wp-content\/uploads\/2024\/11\/cropped-v2c-charge-logo-menu.png\",\"width\":984,\"height\":431,\"caption\":\"V2C\"},\"image\":{\"@id\":\"https:\/\/v2charge.com\/sl\/#\/schema\/logo\/image\/\"},\"sameAs\":[\"https:\/\/www.facebook.com\/V2C.Charge\",\"https:\/\/x.com\/V2C_Charge\",\"https:\/\/www.instagram.com\/v2c.charge\/\",\"https:\/\/www.youtube.com\/@V2C\",\"https:\/\/www.linkedin.com\/company\/v2c-chargers\/\"]}]}<\/script>\n<!-- \/ Yoast SEO plugin. -->","yoast_head_json":{"title":"V2C partnerski program - V2C","description":"Izpostavite svoj e-Charger V2C in pove\u010dajte svoj promet | Ustvarjalci vsebin, mediji ali blogerji","robots":{"index":"index","follow":"follow","max-snippet":"max-snippet:-1","max-image-preview":"max-image-preview:large","max-video-preview":"max-video-preview:-1"},"canonical":"https:\/\/v2charge.com\/sl\/v2c-partnerski-program\/","og_locale":"sl_SI","og_type":"article","og_title":"V2C partnerski program - V2C","og_description":"Izpostavite svoj e-Charger V2C in pove\u010dajte svoj promet | Ustvarjalci vsebin, mediji ali blogerji","og_url":"https:\/\/v2charge.com\/sl\/v2c-partnerski-program\/","og_site_name":"V2C","article_publisher":"https:\/\/www.facebook.com\/V2C.Charge","article_modified_time":"2023-11-07T09:28:55+00:00","og_image":[{"width":400,"height":450,"url":"https:\/\/v2charge.com\/wp-content\/uploads\/2023\/10\/affiliate-program.jpg","type":"image\/jpeg"}],"twitter_card":"summary_large_image","twitter_site":"@V2C_Charge","twitter_misc":{"Est. reading time":"3 minute"},"schema":{"@context":"https:\/\/schema.org","@graph":[{"@type":"WebPage","@id":"https:\/\/v2charge.com\/sl\/v2c-partnerski-program\/","url":"https:\/\/v2charge.com\/sl\/v2c-partnerski-program\/","name":"V2C partnerski program - V2C","isPartOf":{"@id":"https:\/\/v2charge.com\/sl\/#website"},"primaryImageOfPage":{"@id":"https:\/\/v2charge.com\/sl\/v2c-partnerski-program\/#primaryimage"},"image":{"@id":"https:\/\/v2charge.com\/sl\/v2c-partnerski-program\/#primaryimage"},"thumbnailUrl":"https:\/\/v2charge.com\/wp-content\/uploads\/2023\/10\/affiliate-program.jpg","datePublished":"2023-10-27T14:08:56+00:00","dateModified":"2023-11-07T09:28:55+00:00","description":"Izpostavite svoj e-Charger V2C in pove\u010dajte svoj promet | Ustvarjalci vsebin, mediji ali blogerji","breadcrumb":{"@id":"https:\/\/v2charge.com\/sl\/v2c-partnerski-program\/#breadcrumb"},"inLanguage":"sl-SI","potentialAction":[{"@type":"ReadAction","target":["https:\/\/v2charge.com\/sl\/v2c-partnerski-program\/"]}]},{"@type":"ImageObject","inLanguage":"sl-SI","@id":"https:\/\/v2charge.com\/sl\/v2c-partnerski-program\/#primaryimage","url":"https:\/\/v2charge.com\/wp-content\/uploads\/2023\/10\/affiliate-program.jpg","contentUrl":"https:\/\/v2charge.com\/wp-content\/uploads\/2023\/10\/affiliate-program.jpg"},{"@type":"BreadcrumbList","@id":"https:\/\/v2charge.com\/sl\/v2c-partnerski-program\/#breadcrumb","itemListElement":[{"@type":"ListItem","position":1,"name":"V2C","item":"https:\/\/v2charge.com\/sl\/"},{"@type":"ListItem","position":2,"name":"V2C partnerski program"}]},{"@type":"WebSite","@id":"https:\/\/v2charge.com\/sl\/#website","url":"https:\/\/v2charge.com\/sl\/","name":"V2C","description":"#CargandoElMa\u00f1ana","publisher":{"@id":"https:\/\/v2charge.com\/sl\/#organization"},"potentialAction":[{"@type":"SearchAction","target":{"@type":"EntryPoint","urlTemplate":"https:\/\/v2charge.com\/sl\/?s={search_term_string}"},"query-input":{"@type":"PropertyValueSpecification","valueRequired":true,"valueName":"search_term_string"}}],"inLanguage":"sl-SI"},{"@type":"Organization","@id":"https:\/\/v2charge.com\/sl\/#organization","name":"V2C","url":"https:\/\/v2charge.com\/sl\/","logo":{"@type":"ImageObject","inLanguage":"sl-SI","@id":"https:\/\/v2charge.com\/sl\/#\/schema\/logo\/image\/","url":"https:\/\/v2charge.com\/wp-content\/uploads\/2024\/11\/cropped-v2c-charge-logo-menu.png","contentUrl":"https:\/\/v2charge.com\/wp-content\/uploads\/2024\/11\/cropped-v2c-charge-logo-menu.png","width":984,"height":431,"caption":"V2C"},"image":{"@id":"https:\/\/v2charge.com\/sl\/#\/schema\/logo\/image\/"},"sameAs":["https:\/\/www.facebook.com\/V2C.Charge","https:\/\/x.com\/V2C_Charge","https:\/\/www.instagram.com\/v2c.charge\/","https:\/\/www.youtube.com\/@V2C","https:\/\/www.linkedin.com\/company\/v2c-chargers\/"]}]}},"uagb_featured_image_src":{"full":false,"thumbnail":false,"medium":false,"medium_large":false,"large":false,"gs-tiny":false,"xl":false,"xxl":false,"xxxl":false,"xxxxl":false,"xxxxxl":false,"1536x1536":false,"2048x2048":false},"uagb_author_info":{"display_name":"V2C","author_link":"https:\/\/v2charge.com\/sl\/author\/marketing\/"},"uagb_comment_info":0,"uagb_excerpt":"Poudarite svoj e-Charger V2C in pove\u010dajte svoj promet Pridru\u017eite se V2C partnerskemu programu in za\u010dnite zaslu\u017eiti provizije za vsak nakup, ki ga opravijo va\u0161i sledilci. Zakaj se pridru\u017eiti V2C partnerskemu programu? Izbolj\u0161ajte va\u0161o podobo Pove\u017eite svojo podobo z vodilno blagovno znamko e-mobilnosti, ki jo podpira \u0161iroka skupnost. Zaslu\u017eite visoke provizije 20% vrednosti naro\u010dila, ki ga&hellip;","_links":{"self":[{"href":"https:\/\/v2charge.com\/sl\/wp-json\/wp\/v2\/pages\/312983","targetHints":{"allow":["GET"]}}],"collection":[{"href":"https:\/\/v2charge.com\/sl\/wp-json\/wp\/v2\/pages"}],"about":[{"href":"https:\/\/v2charge.com\/sl\/wp-json\/wp\/v2\/types\/page"}],"author":[{"embeddable":true,"href":"https:\/\/v2charge.com\/sl\/wp-json\/wp\/v2\/users\/400"}],"replies":[{"embeddable":true,"href":"https:\/\/v2charge.com\/sl\/wp-json\/wp\/v2\/comments?post=312983"}],"version-history":[{"count":0,"href":"https:\/\/v2charge.com\/sl\/wp-json\/wp\/v2\/pages\/312983\/revisions"}],"wp:attachment":[{"href":"https:\/\/v2charge.com\/sl\/wp-json\/wp\/v2\/media?parent=312983"}],"curies":[{"name":"wp","href":"https:\/\/api.w.org\/{rel}","templated":true}]}}