{"id":313011,"date":"2026-03-12T10:32:20","date_gmt":"2026-03-12T08:32:20","guid":{"rendered":""},"modified":"2026-03-24T16:38:44","modified_gmt":"2026-03-24T14:38:44","slug":"postopek-komisjoniranja-polnilnikov-v2c-v-omre-ju-mobi-e","status":"publish","type":"page","link":"https:\/\/v2charge.com\/sl\/podro-je-podpore\/postopek-komisjoniranja-polnilnikov-v2c-v-omre-ju-mobi-e\/","title":{"rendered":"Postopek komisjoniranja polnilnikov V2C v omre\u017eju MOBI.E"},"content":{"rendered":"\n<div class=\"wp-block-uagb-container uagb-block-2b438ecc alignfull uagb-is-root-container\"><div class=\"uagb-container-inner-blocks-wrap\">\n<div style=\"height:20px\" aria-hidden=\"true\" class=\"wp-block-spacer\"><\/div>\n\n\n<div class=\"yoast-breadcrumbs\"><span><span><a href=\"https:\/\/v2charge.com\/sl\/\">V2C<\/a><\/span> \u00bb <span><a href=\"https:\/\/v2charge.com\/sl\/podro-je-podpore\/\">Podro\u010dje podpore<\/a><\/span> \u00bb <span class=\"breadcrumb_last\" aria-current=\"page\">Postopek komisjoniranja polnilnikov V2C v omre\u017eju MOBI.E<\/span><\/span><\/div>\n\n\n<div style=\"height:0px\" aria-hidden=\"true\" class=\"wp-block-spacer\"><\/div>\n\n\n<h1 class=\"wp-block-heading\" style=\"font-size:29px\">Postopek komisjoniranja polnilnikov V2C v omre\u017eju MOBI.E<\/h1>\n\n<p>Ta dokument ima za cilj jasno in strukturirano predstaviti postopek komisjoniranja polnilnikov V2C za integracijo v omre\u017eje MOBI.E.<\/p>\n\n\n<div class=\"wp-block-uagb-separator uagb-block-32088eae\"><div class=\"wp-block-uagb-separator__inner\" style=\"--my-background-image:\"><\/div><\/div>\n\n\n<h2 class=\"wp-block-heading\">Korak za korakom za zagon polnilnikov V2C v omre\u017eju MOBI.E<\/h2>\n\n<div class=\"wp-block-uagb-info-box uagb-block-429858b8 uagb-infobox__content-wrap  uagb-infobox-icon-left uagb-infobox-left uagb-infobox-stacked-tablet uagb-infobox-image-valign-top\"><div class=\"uagb-ifb-image-content\"><img decoding=\"async\" src=\"https:\/\/v2charge.com\/wp-content\/uploads\/2023\/11\/numero-uno.png\" alt=\"\" width=\"35\" height=\"35\" loading=\"lazy\"\/><\/div><div class=\"uagb-ifb-content\"><div class=\"uagb-ifb-title-wrap\"><h3 class=\"uagb-ifb-title\">Na\u010drtovanje komisije:<\/h3><\/div><p class=\"uagb-ifb-desc\">&#8211; Kontaktirajte ekipo za podporo SAT V2C, da obvestite o predvidenem datumu komisije.<br>&#8211; Odprite zahtevek v Jiri vsaj 2 dni vnaprej za uradno registracijo postopka: <a href=\"https:\/\/v2charge.atlassian.net\/servicedesk\/customer\/portal\/3\">https:\/\/v2charge.atlassian.net\/servicedesk\/customer\/portal\/3<\/a><br>&#8211; V zahtevek vklju\u010dite naslednje obvezne informacije:<br>o ID polnilnika V2C<br>o ID MOBI.E polnilne to\u010dke<br>o URL za komunikacijo z MOBI.E<br>&#8211; Poskrbite, da je polnilnik povezan z internetom (4G, Ethernet ali Wi-Fi), kar omogo\u010da predhodno konfiguracijo <strong>(kartice Mobi.E ne dovolimo)<\/strong><\/p><\/div><\/div>\n\n\n<hr class=\"wp-block-separator has-alpha-channel-opacity\"\/>\n\n\n<div class=\"wp-block-uagb-info-box uagb-block-59482f7b uagb-infobox__content-wrap  uagb-infobox-icon-left uagb-infobox-left uagb-infobox-stacked-tablet uagb-infobox-image-valign-top\"><div class=\"uagb-ifb-image-content\"><img decoding=\"async\" src=\"https:\/\/v2charge.com\/wp-content\/uploads\/2023\/11\/numero-dos.png\" alt=\"\" width=\"35\" height=\"35\" loading=\"lazy\"\/><\/div><div class=\"uagb-ifb-content\"><div class=\"uagb-ifb-title-wrap\"><h3 class=\"uagb-ifb-title\">Predhodna nastavitev<\/h3><\/div><p class=\"uagb-ifb-desc\">Ekipa za podporo SAT V2C bo odgovorna za:<br>o Preverjanje povezljivosti polnilnika.<br>o Nastavitev komunikacije s stre\u017enikom MOBI.E.<br>o Potrditev potrebnih parametrov za integracijo.<\/p><\/div><\/div>\n\n\n<hr class=\"wp-block-separator has-alpha-channel-opacity\"\/>\n\n\n<div class=\"wp-block-uagb-info-box uagb-block-16e6cee3 uagb-infobox__content-wrap  uagb-infobox-icon-left uagb-infobox-left uagb-infobox-stacked-tablet uagb-infobox-image-valign-top\"><div class=\"uagb-ifb-image-content\"><img decoding=\"async\" src=\"https:\/\/v2charge.com\/wp-content\/uploads\/2023\/11\/numero-tres.png\" alt=\"\" width=\"35\" height=\"35\" loading=\"lazy\"\/><\/div><div class=\"uagb-ifb-content\"><div class=\"uagb-ifb-title-wrap\"><h3 class=\"uagb-ifb-title\">Dan komisije<\/h3><\/div><p class=\"uagb-ifb-desc\">&#8211; Odgovorni tehnik mora izvesti operativne teste, z minimalnim polnjenjem pribli\u017eno <strong>5 minut<\/strong> na lokaciji. V nasprotnem primeru V2C ne potrdi postaje in ne zagotavlja njenega pravilnega delovanja.<br>&#8211; Ekipa za podporo SAT V2C bo na voljo za oddaljeno podporo, v primeru morebitnih incidentov.<br><br>Testi vklju\u010dujejo:<br>&#8211; Preverjanje komunikacije s platformo MOBI.E.<br>&#8211; Potrditev razpolo\u017eljivosti polnilne to\u010dke.<br>&#8211; Testiranje za\u010detka in konca polnilnih sej.<br>&#8211; Potrditev pravilnega po\u0161iljanja podatkov seje.<\/p><\/div><\/div>\n\n\n<hr class=\"wp-block-separator has-alpha-channel-opacity\"\/>\n\n\n<div class=\"wp-block-uagb-info-box uagb-block-27544e75 uagb-infobox__content-wrap  uagb-infobox-icon-left uagb-infobox-left uagb-infobox-stacked-tablet uagb-infobox-image-valign-top\"><div class=\"uagb-ifb-image-content\"><img decoding=\"async\" src=\"https:\/\/v2charge.com\/wp-content\/uploads\/2023\/11\/numero-cuatro.png\" alt=\"\" width=\"35\" height=\"35\" loading=\"lazy\"\/><\/div><div class=\"uagb-ifb-content\"><div class=\"uagb-ifb-title-wrap\"><h3 class=\"uagb-ifb-title\">Po\u0161iljanje kon\u010dnega poro\u010dila<\/h3><\/div><p class=\"uagb-ifb-desc\">&#8211; Po zaklju\u010dku komisjoniranja mora tehnik poslati kon\u010dno poro\u010dilo v PDF formatu ekipi za podporo SAT V2C, ki ga je ustvaril MOBI.E.<br>&#8211; Datoteka mora biti prilo\u017eena ustreznemu ticketa v Jiri.<\/p><\/div><\/div>\n\n\n<hr class=\"wp-block-separator has-alpha-channel-opacity\"\/>\n\n\n<div class=\"wp-block-uagb-info-box uagb-block-fa4ab87a uagb-infobox__content-wrap  uagb-infobox-icon-left uagb-infobox-left uagb-infobox-stacked-tablet uagb-infobox-image-valign-top\"><div class=\"uagb-ifb-image-content\"><img decoding=\"async\" src=\"https:\/\/v2charge.com\/wp-content\/uploads\/2023\/11\/numero-cinco.png\" alt=\"\" width=\"35\" height=\"35\" loading=\"lazy\"\/><\/div><div class=\"uagb-ifb-content\"><div class=\"uagb-ifb-title-wrap\"><h3 class=\"uagb-ifb-title\">Zaklju\u010dek in odobritev. Postopek bo \u0161tel za kon\u010danega, ko:<\/h3><\/div><p class=\"uagb-ifb-desc\">&#8211; Baterijski polnilec bo deloval v omre\u017eju MOBI.E.<br>&#8211; Kon\u010dno poro\u010dilo bo prejeto in prilo\u017eeno.<br>&#8211; Vstopnica v Jira bo posodobljena in zaklju\u010dena.<\/p><\/div><\/div>\n\n\n<div class=\"wp-block-uagb-container uagb-block-1f935475 alignfull uagb-is-root-container\"><div class=\"uagb-container-inner-blocks-wrap\">\n<div class=\"wp-block-uagb-container uagb-block-59eea2fc alignfull uagb-is-root-container\"><div class=\"uagb-container-inner-blocks-wrap\">\n<div class=\"wp-block-uagb-container uagb-block-56fcb881 default uagb-is-root-container\">\n<div class=\"wp-block-uagb-container uagb-block-bf93bb80\">      \n\t\t\t<div class=\"uagb-icon-wrapper uagb-block-256e660f      \"\n\t\t\tstyle=\"\" >\n\t\t\t\t\t\t\t\t\t<span class=\"uagb-svg-wrapper\" \n\t\t\t\t\t aria-label=\"triangle-exclamation\"\t\t\t\t\ttabindex=\"0\">\t\t\n\t\t\t\t\t\t\t\t\t\t<svg xmlns=\"https:\/\/www.w3.org\/2000\/svg\" viewBox= \"0 0 512 512\" role=\"graphics-symbol\" aria-hidden=\"false\" aria-label=\"\"><path d=\"M506.3 417l-213.3-364c-16.33-28-57.54-28-73.98 0l-213.2 364C-10.59 444.9 9.849 480 42.74 480h426.6C502.1 480 522.6 445 506.3 417zM232 168c0-13.25 10.75-24 24-24S280 154.8 280 168v128c0 13.25-10.75 24-23.1 24S232 309.3 232 296V168zM256 416c-17.36 0-31.44-14.08-31.44-31.44c0-17.36 14.07-31.44 31.44-31.44s31.44 14.08 31.44 31.44C287.4 401.9 273.4 416 256 416z\"><\/path><\/svg>\n\t\t\t\t\t\t\t\t\t<\/span>\n\t\t\t\t\t\t\t<\/div>\n\t\t\t<\/div>\n\n\n\n<div class=\"wp-block-uagb-container uagb-block-b8fad4aa\">\n<div class=\"wp-block-uagb-advanced-heading uagb-block-b57273fe\"><p class=\"uagb-heading-text\"><strong>Observa\u00e7\u00f5es<\/strong><br><br><strong>O cumprimento deste procedimento garante rastreabilidade do processo, suporte adequado durante o comissionamento e valida\u00e7\u00e3o formal da ativa\u00e7\u00e3o do carregador. Permite igualmente que a ger\u00eancia acompanhe o processo de forma estruturada e padronizada<\/strong>.<\/p><\/div>\n<\/div>\n\n\n\n<div class=\"wp-block-uagb-container uag-hide-mob uagb-block-c9a6d8e6\">      \n\t\t\t<div class=\"uagb-icon-wrapper uagb-block-49bd03e3     uag-hide-mob \"\n\t\t\tstyle=\"\" >\n\t\t\t\t\t\t\t\t\t<span class=\"uagb-svg-wrapper\" \n\t\t\t\t\t aria-label=\"triangle-exclamation\"\t\t\t\t\ttabindex=\"0\">\t\t\n\t\t\t\t\t\t\t\t\t\t<svg xmlns=\"https:\/\/www.w3.org\/2000\/svg\" viewBox= \"0 0 512 512\" role=\"graphics-symbol\" aria-hidden=\"false\" aria-label=\"\"><path d=\"M506.3 417l-213.3-364c-16.33-28-57.54-28-73.98 0l-213.2 364C-10.59 444.9 9.849 480 42.74 480h426.6C502.1 480 522.6 445 506.3 417zM232 168c0-13.25 10.75-24 24-24S280 154.8 280 168v128c0 13.25-10.75 24-23.1 24S232 309.3 232 296V168zM256 416c-17.36 0-31.44-14.08-31.44-31.44c0-17.36 14.07-31.44 31.44-31.44s31.44 14.08 31.44 31.44C287.4 401.9 273.4 416 256 416z\"><\/path><\/svg>\n\t\t\t\t\t\t\t\t\t<\/span>\n\t\t\t\t\t\t\t<\/div>\n\t\t\t<\/div>\n<\/div>\n<\/div><\/div>\n<\/div><\/div>\n\n\n\n<div style=\"height:100px\" aria-hidden=\"true\" class=\"wp-block-spacer\"><\/div>\n<\/div><\/div>\n\n\n\n<div class=\"wp-block-uagb-container uagb-block-c6f38013 alignfull uagb-is-root-container\"><div class=\"uagb-container-inner-blocks-wrap\"><div class=\"wp-block-uagb-advanced-heading uagb-block-6963d70c\"><h2 class=\"uagb-heading-text\"><strong>Potrebujete tehni\u010dno podporo?<\/strong><\/h2><\/div>\n\n<div class=\"wp-block-uagb-advanced-heading uagb-block-408243eb\"><p class=\"uagb-heading-text\">Re\u0161ite svojo te\u017eavo takoj preko na\u0161ega klepeta z umetno inteligenco. \u010ce te\u017eave ne bo mogo\u010de re\u0161iti, ustvarite zahtevo v Tehni\u010dnem podporni centru in stopili bomo v stik z vami \u010dim prej, da vam ponudimo najbolj\u0161o re\u0161itev.<\/p><\/div>\n\n<div class=\"wp-block-uagb-info-box uagb-block-12e3cf1c uagb-infobox__content-wrap  uagb-infobox-icon-left uagb-infobox-left uagb-infobox-image-valign-top wp-block-uagb-info-box--has-margin ai-chatbot-button\"><div class=\"uagb-infobox-margin-wrapper\"><div class=\"uagb-ifb-image-content\"><img decoding=\"async\" src=\"https:\/\/v2charge.com\/wp-content\/uploads\/2026\/01\/support-ai-chatbot.png\" alt=\"\" width=\"20\" height=\"19\" loading=\"lazy\"\/><\/div><div class=\"uagb-ifb-content\"><div class=\"uagb-ifb-title-wrap\"><\/div><div class=\"uagb-ifb-button-wrapper wp-block-button\"><a href=\"https:\/\/v2charge.com\/v2c-support-web\/\" class=\"uagb-infobox-cta-link wp-block-button__link\" target=\"_blank\" rel=\"noopener noreferrer\" onclick=\"return true;\"><span class=\"uagb-inline-editing\">Vpra\u0161ajte na\u0161o IA klepetalnico<\/span><\/a><\/div><\/div><\/div><\/div>\n\n\n<div class=\"wp-block-uagb-buttons uagb-buttons__outer-wrap uagb-btn__default-btn uagb-btn-tablet__default-btn uagb-btn-mobile__default-btn uagb-block-ba1e67d1\"><div class=\"uagb-buttons__wrap uagb-buttons-layout-wrap \"><div class=\"wp-block-uagb-buttons-child uagb-buttons__outer-wrap uagb-block-23cfb623 wp-block-button\"><div class=\"uagb-button__wrapper\"><a class=\"uagb-buttons-repeater wp-block-button__link\" aria-label=\"\" href=\"https:\/\/v2charge.atlassian.net\/servicedesk\/customer\/portal\/3\" rel=\"follow noopener\" target=\"_blank\" role=\"button\"><div class=\"uagb-button__link\">Kontaktirajte tehni\u010dno podporo<\/div><\/a><\/div><\/div><\/div><\/div>\n<\/div><\/div>\n","protected":false},"excerpt":{"rendered":"<p>Postopek komisjoniranja polnilnikov V2C v omre\u017eju MOBI.E Ta dokument ima za cilj jasno in strukturirano predstaviti postopek komisjoniranja polnilnikov V2C za integracijo v omre\u017eje MOBI.E. Korak za korakom za zagon polnilnikov V2C v omre\u017eju MOBI.E Observa\u00e7\u00f5es O cumprimento deste procedimento garante rastreabilidade do processo, suporte adequado durante o comissionamento e valida\u00e7\u00e3o formal da ativa\u00e7\u00e3o do &#8230; <a title=\"Postopek komisjoniranja polnilnikov V2C v omre\u017eju MOBI.E\" class=\"read-more\" href=\"https:\/\/v2charge.com\/sl\/podro-je-podpore\/postopek-komisjoniranja-polnilnikov-v2c-v-omre-ju-mobi-e\/\" aria-label=\"Read more about Postopek komisjoniranja polnilnikov V2C v omre\u017eju MOBI.E\">Read more<\/a><\/p>\n","protected":false},"author":400,"featured_media":0,"parent":312963,"menu_order":0,"comment_status":"closed","ping_status":"closed","template":"","meta":{"_eb_attr":"","content-type":"","_uag_custom_page_level_css":"","footnotes":""},"class_list":["post-313011","page","type-page","status-publish"],"yoast_head":"<!-- This site is optimized with the Yoast SEO plugin v25.3.1 - https:\/\/yoast.com\/wordpress\/plugins\/seo\/ -->\n<title>Komisioniranje polnilnikov V2C v omre\u017eju MOBI.E<\/title>\n<meta name=\"description\" content=\"Postopek zagonov polnilnikov V2C v omre\u017eju MOBI.E | Korak za korakom V2C + omre\u017eje MOBI.E | Podpora V2C\" \/>\n<meta name=\"robots\" content=\"index, follow, max-snippet:-1, max-image-preview:large, max-video-preview:-1\" \/>\n<link rel=\"canonical\" href=\"https:\/\/v2charge.com\/sl\/podro-je-podpore\/postopek-komisjoniranja-polnilnikov-v2c-v-omre-ju-mobi-e\/\" \/>\n<meta property=\"og:locale\" content=\"sl_SI\" \/>\n<meta property=\"og:type\" content=\"article\" \/>\n<meta property=\"og:title\" content=\"Komisioniranje polnilnikov V2C v omre\u017eju MOBI.E\" \/>\n<meta property=\"og:description\" content=\"Postopek zagonov polnilnikov V2C v omre\u017eju MOBI.E | Korak za korakom V2C + omre\u017eje MOBI.E | Podpora V2C\" \/>\n<meta property=\"og:url\" content=\"https:\/\/v2charge.com\/sl\/podro-je-podpore\/postopek-komisjoniranja-polnilnikov-v2c-v-omre-ju-mobi-e\/\" \/>\n<meta property=\"og:site_name\" content=\"V2C\" \/>\n<meta property=\"article:publisher\" content=\"https:\/\/www.facebook.com\/V2C.Charge\" \/>\n<meta property=\"article:modified_time\" content=\"2026-03-24T14:38:44+00:00\" \/>\n<meta property=\"og:image\" content=\"https:\/\/v2charge.com\/wp-content\/uploads\/2023\/11\/numero-uno.png\" \/>\n<meta name=\"twitter:card\" content=\"summary_large_image\" \/>\n<meta name=\"twitter:site\" content=\"@V2C_Charge\" \/>\n<meta name=\"twitter:label1\" content=\"Est. reading time\" \/>\n\t<meta name=\"twitter:data1\" content=\"4 minute\" \/>\n<script type=\"application\/ld+json\" class=\"yoast-schema-graph\">{\"@context\":\"https:\/\/schema.org\",\"@graph\":[{\"@type\":\"WebPage\",\"@id\":\"https:\/\/v2charge.com\/sl\/podro-je-podpore\/postopek-komisjoniranja-polnilnikov-v2c-v-omre-ju-mobi-e\/\",\"url\":\"https:\/\/v2charge.com\/sl\/podro-je-podpore\/postopek-komisjoniranja-polnilnikov-v2c-v-omre-ju-mobi-e\/\",\"name\":\"Komisioniranje polnilnikov V2C v omre\u017eju MOBI.E\",\"isPartOf\":{\"@id\":\"https:\/\/v2charge.com\/sl\/#website\"},\"primaryImageOfPage\":{\"@id\":\"https:\/\/v2charge.com\/sl\/podro-je-podpore\/postopek-komisjoniranja-polnilnikov-v2c-v-omre-ju-mobi-e\/#primaryimage\"},\"image\":{\"@id\":\"https:\/\/v2charge.com\/sl\/podro-je-podpore\/postopek-komisjoniranja-polnilnikov-v2c-v-omre-ju-mobi-e\/#primaryimage\"},\"thumbnailUrl\":\"https:\/\/v2charge.com\/wp-content\/uploads\/2023\/11\/numero-uno.png\",\"datePublished\":\"2026-03-12T08:32:20+00:00\",\"dateModified\":\"2026-03-24T14:38:44+00:00\",\"description\":\"Postopek zagonov polnilnikov V2C v omre\u017eju MOBI.E | Korak za korakom V2C + omre\u017eje MOBI.E | Podpora V2C\",\"breadcrumb\":{\"@id\":\"https:\/\/v2charge.com\/sl\/podro-je-podpore\/postopek-komisjoniranja-polnilnikov-v2c-v-omre-ju-mobi-e\/#breadcrumb\"},\"inLanguage\":\"sl-SI\",\"potentialAction\":[{\"@type\":\"ReadAction\",\"target\":[\"https:\/\/v2charge.com\/sl\/podro-je-podpore\/postopek-komisjoniranja-polnilnikov-v2c-v-omre-ju-mobi-e\/\"]}]},{\"@type\":\"ImageObject\",\"inLanguage\":\"sl-SI\",\"@id\":\"https:\/\/v2charge.com\/sl\/podro-je-podpore\/postopek-komisjoniranja-polnilnikov-v2c-v-omre-ju-mobi-e\/#primaryimage\",\"url\":\"https:\/\/v2charge.com\/wp-content\/uploads\/2023\/11\/numero-uno.png\",\"contentUrl\":\"https:\/\/v2charge.com\/wp-content\/uploads\/2023\/11\/numero-uno.png\"},{\"@type\":\"BreadcrumbList\",\"@id\":\"https:\/\/v2charge.com\/sl\/podro-je-podpore\/postopek-komisjoniranja-polnilnikov-v2c-v-omre-ju-mobi-e\/#breadcrumb\",\"itemListElement\":[{\"@type\":\"ListItem\",\"position\":1,\"name\":\"V2C\",\"item\":\"https:\/\/v2charge.com\/sl\/\"},{\"@type\":\"ListItem\",\"position\":2,\"name\":\"Podro\u010dje podpore\",\"item\":\"https:\/\/v2charge.com\/sl\/podro-je-podpore\/\"},{\"@type\":\"ListItem\",\"position\":3,\"name\":\"Postopek komisjoniranja polnilnikov V2C v omre\u017eju MOBI.E\"}]},{\"@type\":\"WebSite\",\"@id\":\"https:\/\/v2charge.com\/sl\/#website\",\"url\":\"https:\/\/v2charge.com\/sl\/\",\"name\":\"V2C\",\"description\":\"#CargandoElMa\u00f1ana\",\"publisher\":{\"@id\":\"https:\/\/v2charge.com\/sl\/#organization\"},\"potentialAction\":[{\"@type\":\"SearchAction\",\"target\":{\"@type\":\"EntryPoint\",\"urlTemplate\":\"https:\/\/v2charge.com\/sl\/?s={search_term_string}\"},\"query-input\":{\"@type\":\"PropertyValueSpecification\",\"valueRequired\":true,\"valueName\":\"search_term_string\"}}],\"inLanguage\":\"sl-SI\"},{\"@type\":\"Organization\",\"@id\":\"https:\/\/v2charge.com\/sl\/#organization\",\"name\":\"V2C\",\"url\":\"https:\/\/v2charge.com\/sl\/\",\"logo\":{\"@type\":\"ImageObject\",\"inLanguage\":\"sl-SI\",\"@id\":\"https:\/\/v2charge.com\/sl\/#\/schema\/logo\/image\/\",\"url\":\"https:\/\/v2charge.com\/wp-content\/uploads\/2024\/11\/cropped-v2c-charge-logo-menu.png\",\"contentUrl\":\"https:\/\/v2charge.com\/wp-content\/uploads\/2024\/11\/cropped-v2c-charge-logo-menu.png\",\"width\":984,\"height\":431,\"caption\":\"V2C\"},\"image\":{\"@id\":\"https:\/\/v2charge.com\/sl\/#\/schema\/logo\/image\/\"},\"sameAs\":[\"https:\/\/www.facebook.com\/V2C.Charge\",\"https:\/\/x.com\/V2C_Charge\",\"https:\/\/www.instagram.com\/v2c.charge\/\",\"https:\/\/www.youtube.com\/@V2C\",\"https:\/\/www.linkedin.com\/company\/v2c-chargers\/\"]}]}<\/script>\n<!-- \/ Yoast SEO plugin. -->","yoast_head_json":{"title":"Komisioniranje polnilnikov V2C v omre\u017eju MOBI.E","description":"Postopek zagonov polnilnikov V2C v omre\u017eju MOBI.E | Korak za korakom V2C + omre\u017eje MOBI.E | Podpora V2C","robots":{"index":"index","follow":"follow","max-snippet":"max-snippet:-1","max-image-preview":"max-image-preview:large","max-video-preview":"max-video-preview:-1"},"canonical":"https:\/\/v2charge.com\/sl\/podro-je-podpore\/postopek-komisjoniranja-polnilnikov-v2c-v-omre-ju-mobi-e\/","og_locale":"sl_SI","og_type":"article","og_title":"Komisioniranje polnilnikov V2C v omre\u017eju MOBI.E","og_description":"Postopek zagonov polnilnikov V2C v omre\u017eju MOBI.E | Korak za korakom V2C + omre\u017eje MOBI.E | Podpora V2C","og_url":"https:\/\/v2charge.com\/sl\/podro-je-podpore\/postopek-komisjoniranja-polnilnikov-v2c-v-omre-ju-mobi-e\/","og_site_name":"V2C","article_publisher":"https:\/\/www.facebook.com\/V2C.Charge","article_modified_time":"2026-03-24T14:38:44+00:00","og_image":[{"url":"https:\/\/v2charge.com\/wp-content\/uploads\/2023\/11\/numero-uno.png","type":"","width":"","height":""}],"twitter_card":"summary_large_image","twitter_site":"@V2C_Charge","twitter_misc":{"Est. reading time":"4 minute"},"schema":{"@context":"https:\/\/schema.org","@graph":[{"@type":"WebPage","@id":"https:\/\/v2charge.com\/sl\/podro-je-podpore\/postopek-komisjoniranja-polnilnikov-v2c-v-omre-ju-mobi-e\/","url":"https:\/\/v2charge.com\/sl\/podro-je-podpore\/postopek-komisjoniranja-polnilnikov-v2c-v-omre-ju-mobi-e\/","name":"Komisioniranje polnilnikov V2C v omre\u017eju MOBI.E","isPartOf":{"@id":"https:\/\/v2charge.com\/sl\/#website"},"primaryImageOfPage":{"@id":"https:\/\/v2charge.com\/sl\/podro-je-podpore\/postopek-komisjoniranja-polnilnikov-v2c-v-omre-ju-mobi-e\/#primaryimage"},"image":{"@id":"https:\/\/v2charge.com\/sl\/podro-je-podpore\/postopek-komisjoniranja-polnilnikov-v2c-v-omre-ju-mobi-e\/#primaryimage"},"thumbnailUrl":"https:\/\/v2charge.com\/wp-content\/uploads\/2023\/11\/numero-uno.png","datePublished":"2026-03-12T08:32:20+00:00","dateModified":"2026-03-24T14:38:44+00:00","description":"Postopek zagonov polnilnikov V2C v omre\u017eju MOBI.E | Korak za korakom V2C + omre\u017eje MOBI.E | Podpora V2C","breadcrumb":{"@id":"https:\/\/v2charge.com\/sl\/podro-je-podpore\/postopek-komisjoniranja-polnilnikov-v2c-v-omre-ju-mobi-e\/#breadcrumb"},"inLanguage":"sl-SI","potentialAction":[{"@type":"ReadAction","target":["https:\/\/v2charge.com\/sl\/podro-je-podpore\/postopek-komisjoniranja-polnilnikov-v2c-v-omre-ju-mobi-e\/"]}]},{"@type":"ImageObject","inLanguage":"sl-SI","@id":"https:\/\/v2charge.com\/sl\/podro-je-podpore\/postopek-komisjoniranja-polnilnikov-v2c-v-omre-ju-mobi-e\/#primaryimage","url":"https:\/\/v2charge.com\/wp-content\/uploads\/2023\/11\/numero-uno.png","contentUrl":"https:\/\/v2charge.com\/wp-content\/uploads\/2023\/11\/numero-uno.png"},{"@type":"BreadcrumbList","@id":"https:\/\/v2charge.com\/sl\/podro-je-podpore\/postopek-komisjoniranja-polnilnikov-v2c-v-omre-ju-mobi-e\/#breadcrumb","itemListElement":[{"@type":"ListItem","position":1,"name":"V2C","item":"https:\/\/v2charge.com\/sl\/"},{"@type":"ListItem","position":2,"name":"Podro\u010dje podpore","item":"https:\/\/v2charge.com\/sl\/podro-je-podpore\/"},{"@type":"ListItem","position":3,"name":"Postopek komisjoniranja polnilnikov V2C v omre\u017eju MOBI.E"}]},{"@type":"WebSite","@id":"https:\/\/v2charge.com\/sl\/#website","url":"https:\/\/v2charge.com\/sl\/","name":"V2C","description":"#CargandoElMa\u00f1ana","publisher":{"@id":"https:\/\/v2charge.com\/sl\/#organization"},"potentialAction":[{"@type":"SearchAction","target":{"@type":"EntryPoint","urlTemplate":"https:\/\/v2charge.com\/sl\/?s={search_term_string}"},"query-input":{"@type":"PropertyValueSpecification","valueRequired":true,"valueName":"search_term_string"}}],"inLanguage":"sl-SI"},{"@type":"Organization","@id":"https:\/\/v2charge.com\/sl\/#organization","name":"V2C","url":"https:\/\/v2charge.com\/sl\/","logo":{"@type":"ImageObject","inLanguage":"sl-SI","@id":"https:\/\/v2charge.com\/sl\/#\/schema\/logo\/image\/","url":"https:\/\/v2charge.com\/wp-content\/uploads\/2024\/11\/cropped-v2c-charge-logo-menu.png","contentUrl":"https:\/\/v2charge.com\/wp-content\/uploads\/2024\/11\/cropped-v2c-charge-logo-menu.png","width":984,"height":431,"caption":"V2C"},"image":{"@id":"https:\/\/v2charge.com\/sl\/#\/schema\/logo\/image\/"},"sameAs":["https:\/\/www.facebook.com\/V2C.Charge","https:\/\/x.com\/V2C_Charge","https:\/\/www.instagram.com\/v2c.charge\/","https:\/\/www.youtube.com\/@V2C","https:\/\/www.linkedin.com\/company\/v2c-chargers\/"]}]}},"uagb_featured_image_src":{"full":false,"thumbnail":false,"medium":false,"medium_large":false,"large":false,"gs-tiny":false,"xl":false,"xxl":false,"xxxl":false,"xxxxl":false,"xxxxxl":false,"1536x1536":false,"2048x2048":false},"uagb_author_info":{"display_name":"V2C","author_link":"https:\/\/v2charge.com\/sl\/author\/marketing\/"},"uagb_comment_info":0,"uagb_excerpt":"Postopek komisjoniranja polnilnikov V2C v omre\u017eju MOBI.E Ta dokument ima za cilj jasno in strukturirano predstaviti postopek komisjoniranja polnilnikov V2C za integracijo v omre\u017eje MOBI.E. Korak za korakom za zagon polnilnikov V2C v omre\u017eju MOBI.E Observa\u00e7\u00f5es O cumprimento deste procedimento garante rastreabilidade do processo, suporte adequado durante o comissionamento e valida\u00e7\u00e3o formal da ativa\u00e7\u00e3o do&hellip;","_links":{"self":[{"href":"https:\/\/v2charge.com\/sl\/wp-json\/wp\/v2\/pages\/313011","targetHints":{"allow":["GET"]}}],"collection":[{"href":"https:\/\/v2charge.com\/sl\/wp-json\/wp\/v2\/pages"}],"about":[{"href":"https:\/\/v2charge.com\/sl\/wp-json\/wp\/v2\/types\/page"}],"author":[{"embeddable":true,"href":"https:\/\/v2charge.com\/sl\/wp-json\/wp\/v2\/users\/400"}],"replies":[{"embeddable":true,"href":"https:\/\/v2charge.com\/sl\/wp-json\/wp\/v2\/comments?post=313011"}],"version-history":[{"count":0,"href":"https:\/\/v2charge.com\/sl\/wp-json\/wp\/v2\/pages\/313011\/revisions"}],"up":[{"embeddable":true,"href":"https:\/\/v2charge.com\/sl\/wp-json\/wp\/v2\/pages\/312963"}],"wp:attachment":[{"href":"https:\/\/v2charge.com\/sl\/wp-json\/wp\/v2\/media?parent=313011"}],"curies":[{"name":"wp","href":"https:\/\/api.w.org\/{rel}","templated":true}]}}