{"id":20798,"date":"2022-09-02T08:04:12","date_gmt":"2022-09-02T08:04:12","guid":{"rendered":"https:\/\/v2charge.com\/store\/conditions\/"},"modified":"2026-04-07T09:41:36","modified_gmt":"2026-04-07T09:41:36","slug":"versand-ruecksendung","status":"publish","type":"page","link":"https:\/\/v2charge.com\/store\/de\/versand-ruecksendung\/","title":{"rendered":"Versand &amp; R\u00fccksendung"},"content":{"rendered":"\n<h2 class=\"wp-block-heading\">VERSAND<\/h2>\n\n\n\n<p>Sobald die Zahlung eingegangen ist, wird die Bestellung bearbeitet. Lieferung an die angegebene Adresse innerhalb von 3\u20135 Werktagen.<\/p>\n\n\n\n<p><strong>Kostenloser Versand f\u00fcr Bestellungen \u00fcber 200 \u20ac.<\/strong><\/p>\n\n\n\n<h2 class=\"wp-block-heading\">R\u00dcCKSENDUNG<\/h2>\n\n\n\n<p>R\u00fccksendung innerhalb von 15 Kalendertagen ab dem Tag nach Zustellung, gem\u00e4\u00df Fernabsatzregelungen.<\/p>\n\n\n\n<p><strong>Voraussetzungen:<\/strong><\/p>\n\n\n\n<p>F\u00fcr die R\u00fccksendung V2C telefonisch unter +34 96 065 45 54 oder per E-Mail an info@v2charge.com kontaktieren, den Grund nennen und die R\u00fcckgabe einleiten.<\/p>\n\n\n\n<p>Die Ware ist in Originalverpackung und im urspr\u00fcnglichen Zustand, unbesch\u00e4digt und gut gesch\u00fctzt zur\u00fcckzusenden. Bitte keine Etiketten, Plomben oder Klebeband direkt auf Produkt oder Verpackung anbringen. Andernfalls kann die R\u00fccknahme abgelehnt werden.<\/p>\n\n\n\n<p>Innerhalb der 15 Tage darf das Ger\u00e4t nicht benutzt, ver\u00e4ndert oder entsiegelt worden sein. Andernfalls wird die R\u00fcckgabe nicht akzeptiert.<\/p>\n\n\n\n<p>Die Kosten f\u00fcr den R\u00fcckversand tr\u00e4gt der Kunde. Zus\u00e4tzlich werden 12,00 \u20ac vom Erstattungsbetrag abgezogen (Versandkosten von V2C).<\/p>\n\n\n\n<p>Sobald die Ware bei V2C eingegangen ist und der Zustand gepr\u00fcft wurde, wird die Erstattung veranlasst. Die R\u00fcckzahlung erfolgt innerhalb von maximal 10 Kalendertagen ab Eingang der Ware. Die R\u00fcckzahlung erfolgt \u00fcber dieselbe Zahlungsart wie beim Kauf.<\/p>\n","protected":false},"excerpt":{"rendered":"<p>VERSAND Sobald die Zahlung eingegangen ist, wird die Bestellung bearbeitet. Lieferung an die angegebene Adresse innerhalb von 3\u20135 Werktagen. Kostenloser Versand f\u00fcr Bestellungen \u00fcber 200 \u20ac. R\u00dcCKSENDUNG R\u00fccksendung innerhalb von 15 Kalendertagen ab dem Tag nach Zustellung, gem\u00e4\u00df Fernabsatzregelungen. Voraussetzungen: F\u00fcr die R\u00fccksendung V2C telefonisch unter +34 96 065 45 54 oder per E-Mail an<a class=\"more-link\" href=\"https:\/\/v2charge.com\/store\/de\/versand-ruecksendung\/\">Read more  &#10230;<\/a><\/p>\n","protected":false},"author":1,"featured_media":0,"parent":0,"menu_order":0,"comment_status":"closed","ping_status":"closed","template":"","meta":{"content-type":"","inline_featured_image":false,"footnotes":""},"class_list":["post-20798","page","type-page","status-publish","hentry"],"yoast_head":"<!-- This site is optimized with the Yoast SEO plugin v27.0 - https:\/\/yoast.com\/product\/yoast-seo-wordpress\/ -->\n<title>Versand &amp; R\u00fccksendung - V2C Store<\/title>\n<meta name=\"robots\" content=\"noindex, follow\" \/>\n<meta property=\"og:locale\" content=\"de_DE\" \/>\n<meta property=\"og:type\" content=\"article\" \/>\n<meta property=\"og:title\" content=\"Versand &amp; R\u00fccksendung - V2C Store\" \/>\n<meta property=\"og:description\" content=\"VERSAND Sobald die Zahlung eingegangen ist, wird die Bestellung bearbeitet. Lieferung an die angegebene Adresse innerhalb von 3\u20135 Werktagen. Kostenloser Versand f\u00fcr Bestellungen \u00fcber 200 \u20ac. R\u00dcCKSENDUNG R\u00fccksendung innerhalb von 15 Kalendertagen ab dem Tag nach Zustellung, gem\u00e4\u00df Fernabsatzregelungen. Voraussetzungen: F\u00fcr die R\u00fccksendung V2C telefonisch unter +34 96 065 45 54 oder per E-Mail anRead more &#10230;\" \/>\n<meta property=\"og:url\" content=\"https:\/\/v2charge.com\/store\/de\/versand-ruecksendung\/\" \/>\n<meta property=\"og:site_name\" content=\"V2C Store\" \/>\n<meta property=\"article:modified_time\" content=\"2026-04-07T09:41:36+00:00\" \/>\n<meta name=\"twitter:card\" content=\"summary_large_image\" \/>\n<meta name=\"twitter:label1\" content=\"Gesch\u00e4tzte Lesezeit\" \/>\n\t<meta name=\"twitter:data1\" content=\"1\u00a0Minute\" \/>\n<script type=\"application\/ld+json\" class=\"yoast-schema-graph\">{\"@context\":\"https:\/\/schema.org\",\"@graph\":[{\"@type\":\"WebPage\",\"@id\":\"https:\/\/v2charge.com\/store\/de\/versand-ruecksendung\/\",\"url\":\"https:\/\/v2charge.com\/store\/de\/versand-ruecksendung\/\",\"name\":\"Versand &amp; R\u00fccksendung - V2C Store\",\"isPartOf\":{\"@id\":\"https:\/\/v2charge.com\/store\/#website\"},\"datePublished\":\"2022-09-02T08:04:12+00:00\",\"dateModified\":\"2026-04-07T09:41:36+00:00\",\"breadcrumb\":{\"@id\":\"https:\/\/v2charge.com\/store\/de\/versand-ruecksendung\/#breadcrumb\"},\"inLanguage\":\"de\",\"potentialAction\":[{\"@type\":\"ReadAction\",\"target\":[\"https:\/\/v2charge.com\/store\/de\/versand-ruecksendung\/\"]}]},{\"@type\":\"BreadcrumbList\",\"@id\":\"https:\/\/v2charge.com\/store\/de\/versand-ruecksendung\/#breadcrumb\",\"itemListElement\":[{\"@type\":\"ListItem\",\"position\":1,\"name\":\"Portada\",\"item\":\"https:\/\/v2charge.com\/store\/\"},{\"@type\":\"ListItem\",\"position\":2,\"name\":\"Versand &amp; R\u00fccksendung\"}]},{\"@type\":\"WebSite\",\"@id\":\"https:\/\/v2charge.com\/store\/#website\",\"url\":\"https:\/\/v2charge.com\/store\/\",\"name\":\"V2C Store\",\"description\":\"V2C Store\",\"publisher\":{\"@id\":\"https:\/\/v2charge.com\/store\/#organization\"},\"potentialAction\":[{\"@type\":\"SearchAction\",\"target\":{\"@type\":\"EntryPoint\",\"urlTemplate\":\"https:\/\/v2charge.com\/store\/?s={search_term_string}\"},\"query-input\":{\"@type\":\"PropertyValueSpecification\",\"valueRequired\":true,\"valueName\":\"search_term_string\"}}],\"inLanguage\":\"de\"},{\"@type\":\"Organization\",\"@id\":\"https:\/\/v2charge.com\/store\/#organization\",\"name\":\"V2C Store\",\"url\":\"https:\/\/v2charge.com\/store\/\",\"logo\":{\"@type\":\"ImageObject\",\"inLanguage\":\"de\",\"@id\":\"https:\/\/v2charge.com\/store\/#\/schema\/logo\/image\/\",\"url\":\"https:\/\/v2charge.com\/store\/wp-content\/uploads\/2022\/08\/cropped-cropped-logotipo-v2c-store-1.png\",\"contentUrl\":\"https:\/\/v2charge.com\/store\/wp-content\/uploads\/2022\/08\/cropped-cropped-logotipo-v2c-store-1.png\",\"width\":250,\"height\":65,\"caption\":\"V2C Store\"},\"image\":{\"@id\":\"https:\/\/v2charge.com\/store\/#\/schema\/logo\/image\/\"}}]}<\/script>\n<!-- \/ Yoast SEO plugin. -->","yoast_head_json":{"title":"Versand &amp; R\u00fccksendung - V2C Store","robots":{"index":"noindex","follow":"follow"},"og_locale":"de_DE","og_type":"article","og_title":"Versand &amp; R\u00fccksendung - V2C Store","og_description":"VERSAND Sobald die Zahlung eingegangen ist, wird die Bestellung bearbeitet. Lieferung an die angegebene Adresse innerhalb von 3\u20135 Werktagen. Kostenloser Versand f\u00fcr Bestellungen \u00fcber 200 \u20ac. R\u00dcCKSENDUNG R\u00fccksendung innerhalb von 15 Kalendertagen ab dem Tag nach Zustellung, gem\u00e4\u00df Fernabsatzregelungen. Voraussetzungen: F\u00fcr die R\u00fccksendung V2C telefonisch unter +34 96 065 45 54 oder per E-Mail anRead more &#10230;","og_url":"https:\/\/v2charge.com\/store\/de\/versand-ruecksendung\/","og_site_name":"V2C Store","article_modified_time":"2026-04-07T09:41:36+00:00","twitter_card":"summary_large_image","twitter_misc":{"Gesch\u00e4tzte Lesezeit":"1\u00a0Minute"},"schema":{"@context":"https:\/\/schema.org","@graph":[{"@type":"WebPage","@id":"https:\/\/v2charge.com\/store\/de\/versand-ruecksendung\/","url":"https:\/\/v2charge.com\/store\/de\/versand-ruecksendung\/","name":"Versand &amp; R\u00fccksendung - V2C Store","isPartOf":{"@id":"https:\/\/v2charge.com\/store\/#website"},"datePublished":"2022-09-02T08:04:12+00:00","dateModified":"2026-04-07T09:41:36+00:00","breadcrumb":{"@id":"https:\/\/v2charge.com\/store\/de\/versand-ruecksendung\/#breadcrumb"},"inLanguage":"de","potentialAction":[{"@type":"ReadAction","target":["https:\/\/v2charge.com\/store\/de\/versand-ruecksendung\/"]}]},{"@type":"BreadcrumbList","@id":"https:\/\/v2charge.com\/store\/de\/versand-ruecksendung\/#breadcrumb","itemListElement":[{"@type":"ListItem","position":1,"name":"Portada","item":"https:\/\/v2charge.com\/store\/"},{"@type":"ListItem","position":2,"name":"Versand &amp; R\u00fccksendung"}]},{"@type":"WebSite","@id":"https:\/\/v2charge.com\/store\/#website","url":"https:\/\/v2charge.com\/store\/","name":"V2C Store","description":"V2C Store","publisher":{"@id":"https:\/\/v2charge.com\/store\/#organization"},"potentialAction":[{"@type":"SearchAction","target":{"@type":"EntryPoint","urlTemplate":"https:\/\/v2charge.com\/store\/?s={search_term_string}"},"query-input":{"@type":"PropertyValueSpecification","valueRequired":true,"valueName":"search_term_string"}}],"inLanguage":"de"},{"@type":"Organization","@id":"https:\/\/v2charge.com\/store\/#organization","name":"V2C Store","url":"https:\/\/v2charge.com\/store\/","logo":{"@type":"ImageObject","inLanguage":"de","@id":"https:\/\/v2charge.com\/store\/#\/schema\/logo\/image\/","url":"https:\/\/v2charge.com\/store\/wp-content\/uploads\/2022\/08\/cropped-cropped-logotipo-v2c-store-1.png","contentUrl":"https:\/\/v2charge.com\/store\/wp-content\/uploads\/2022\/08\/cropped-cropped-logotipo-v2c-store-1.png","width":250,"height":65,"caption":"V2C Store"},"image":{"@id":"https:\/\/v2charge.com\/store\/#\/schema\/logo\/image\/"}}]}},"_links":{"self":[{"href":"https:\/\/v2charge.com\/store\/de\/wp-json\/wp\/v2\/pages\/20798","targetHints":{"allow":["GET"]}}],"collection":[{"href":"https:\/\/v2charge.com\/store\/de\/wp-json\/wp\/v2\/pages"}],"about":[{"href":"https:\/\/v2charge.com\/store\/de\/wp-json\/wp\/v2\/types\/page"}],"author":[{"embeddable":true,"href":"https:\/\/v2charge.com\/store\/de\/wp-json\/wp\/v2\/users\/1"}],"replies":[{"embeddable":true,"href":"https:\/\/v2charge.com\/store\/de\/wp-json\/wp\/v2\/comments?post=20798"}],"version-history":[{"count":3,"href":"https:\/\/v2charge.com\/store\/de\/wp-json\/wp\/v2\/pages\/20798\/revisions"}],"predecessor-version":[{"id":20907,"href":"https:\/\/v2charge.com\/store\/de\/wp-json\/wp\/v2\/pages\/20798\/revisions\/20907"}],"wp:attachment":[{"href":"https:\/\/v2charge.com\/store\/de\/wp-json\/wp\/v2\/media?parent=20798"}],"curies":[{"name":"wp","href":"https:\/\/api.w.org\/{rel}","templated":true}]}}