{"id":20887,"date":"2021-11-09T12:38:18","date_gmt":"2021-11-09T12:38:18","guid":{"rendered":"https:\/\/v2charge.com\/store\/privacy-policy\/"},"modified":"2026-04-07T07:37:25","modified_gmt":"2026-04-07T07:37:25","slug":"datenschutzerklaerung","status":"publish","type":"page","link":"https:\/\/v2charge.com\/store\/de\/datenschutzerklaerung\/","title":{"rendered":"Datenschutzerkl\u00e4rung"},"content":{"rendered":"\n<h2 class=\"wp-block-heading\">Wer wir sind<\/h2>\n\n\n\n<p>Die Adresse unserer Website lautet: <a href=\"https:\/\/v2charge.com\/de\/\">https:\/\/v2charge.com\/de\/<\/a><\/p>\n\n\n\n<h2 class=\"wp-block-heading\">Kommentare<\/h2>\n\n\n\n<p>Wenn Besucher Kommentare hinterlassen, werden die im Kommentarformular angegebenen Daten gespeichert. Zus\u00e4tzlich werden die IP-Adresse und der User-Agent des Browsers erfasst, um Spam zu erkennen.<\/p>\n\n\n\n<p>Aus der E-Mail-Adresse kann eine anonymisierte Zeichenfolge (Hash) erstellt und an Gravatar \u00fcbermittelt werden, um zu pr\u00fcfen, ob Gravatar genutzt wird. Die Datenschutzerkl\u00e4rung von Gravatar: <a href=\"https:\/\/automattic.com\/privacy\/\">https:\/\/automattic.com\/privacy\/<\/a>. Nach Freigabe des Kommentars ist das Profilbild \u00f6ffentlich im Kommentar sichtbar.<\/p>\n\n\n\n<h2 class=\"wp-block-heading\">Medien<\/h2>\n\n\n\n<p>Beim Hochladen von Bildern sollte auf eingebettete Standortdaten (GPS EXIF) verzichtet werden. Besucher k\u00f6nnen Standortdaten aus Bildern herunterladen und extrahieren.<\/p>\n\n\n\n<h2 class=\"wp-block-heading\">Cookies<\/h2>\n\n\n\n<p>Wenn ein Kommentar hinterlassen wird, kann Name, E-Mail-Adresse und Website in Cookies gespeichert werden. Das ist f\u00fcr die eigene Bequemlichkeit, damit diese Angaben beim n\u00e4chsten Kommentar nicht erneut ausgef\u00fcllt werden m\u00fcssen. Diese Cookies bleiben ein Jahr gespeichert.<\/p>\n\n\n\n<p>Wenn ein Konto besteht und eine Anmeldung auf dieser Website erfolgt, wird ein tempor\u00e4res Cookie gesetzt, um zu pr\u00fcfen, ob der Browser Cookies akzeptiert. Dieses Cookie enth\u00e4lt keine personenbezogenen Daten und wird beim Schlie\u00dfen des Browsers gel\u00f6scht.<\/p>\n\n\n\n<p>Bei der Anmeldung werden zus\u00e4tzlich Cookies gesetzt, um Anmeldeinformationen und Anzeigeeinstellungen zu speichern. Anmelde-Cookies haben eine Speicherdauer von zwei Tagen, Cookies f\u00fcr Anzeigeeinstellungen ein Jahr. Bei Auswahl von \u201eAngemeldet bleiben\u201c bleibt die Anmeldung zwei Wochen aktiv. Beim Abmelden werden die Anmelde-Cookies entfernt.<\/p>\n\n\n\n<p>Beim Bearbeiten oder Ver\u00f6ffentlichen eines Artikels wird ein zus\u00e4tzliches Cookie im Browser gespeichert. Es enth\u00e4lt keine personenbezogenen Daten und zeigt lediglich die Beitrags-ID des bearbeiteten Artikels an. Es verf\u00e4llt nach einem Tag.<\/p>\n\n\n\n<h2 class=\"wp-block-heading\">Eingebettete Inhalte anderer Websites<\/h2>\n\n\n\n<p>Artikel auf dieser Website k\u00f6nnen eingebettete Inhalte enthalten (z. B. Videos, Bilder, Artikel usw.). Eingebettete Inhalte anderer Websites verhalten sich so, als w\u00e4re die andere Website direkt besucht worden.<\/p>\n\n\n\n<p>Diese Websites k\u00f6nnen Daten erfassen, Cookies setzen, Tracking durch Dritte einbinden und die Interaktion mit dem eingebetteten Inhalt \u00fcberwachen \u2013 einschlie\u00dflich der Interaktion, wenn ein Konto besteht und auf dieser Website angemeldet ist.<\/p>\n\n\n\n<h2 class=\"wp-block-heading\">Speicherdauer<\/h2>\n\n\n\n<p>Wenn ein Kommentar hinterlassen wird, werden Kommentar und Metadaten unbegrenzt gespeichert. So k\u00f6nnen Folgekommentare automatisch erkannt und freigegeben werden, statt sie in einer Moderationswarteschlange zu behalten.<\/p>\n\n\n\n<p>Bei registrierten Nutzern (sofern vorhanden) werden au\u00dferdem die personenbezogenen Daten gespeichert, die im Benutzerprofil angegeben werden. Nutzer k\u00f6nnen ihre Daten jederzeit einsehen, bearbeiten oder l\u00f6schen (der Benutzername kann nicht ge\u00e4ndert werden). Administratoren k\u00f6nnen diese Daten ebenfalls einsehen und bearbeiten.<\/p>\n\n\n\n<h2 class=\"wp-block-heading\">Welche Rechte an den eigenen Daten bestehen<\/h2>\n\n\n\n<p>Wenn ein Konto besteht oder Kommentare auf dieser Website hinterlassen wurden, kann eine Exportdatei der gespeicherten personenbezogenen Daten angefordert werden, einschlie\u00dflich aller bereitgestellten Angaben. Ebenso kann die L\u00f6schung der personenbezogenen Daten verlangt werden. Davon ausgenommen sind Daten, die aus administrativen, rechtlichen oder Sicherheitsgr\u00fcnden zwingend aufzubewahren sind.<\/p>\n\n\n\n<h2 class=\"wp-block-heading\">Wohin Daten gesendet werden<\/h2>\n\n\n\n<p>Besucherkommentare k\u00f6nnen von einem automatisierten Dienst zur Spam-Erkennung gepr\u00fcft werden.<\/p>\n","protected":false},"excerpt":{"rendered":"<p>Wer wir sind Die Adresse unserer Website lautet: https:\/\/v2charge.com\/de\/ Kommentare Wenn Besucher Kommentare hinterlassen, werden die im Kommentarformular angegebenen Daten gespeichert. Zus\u00e4tzlich werden die IP-Adresse und der User-Agent des Browsers erfasst, um Spam zu erkennen. Aus der E-Mail-Adresse kann eine anonymisierte Zeichenfolge (Hash) erstellt und an Gravatar \u00fcbermittelt werden, um zu pr\u00fcfen, ob Gravatar genutzt<a class=\"more-link\" href=\"https:\/\/v2charge.com\/store\/de\/datenschutzerklaerung\/\">Read more  &#10230;<\/a><\/p>\n","protected":false},"author":1,"featured_media":0,"parent":0,"menu_order":0,"comment_status":"closed","ping_status":"open","template":"","meta":{"content-type":"","inline_featured_image":false,"footnotes":""},"class_list":["post-20887","page","type-page","status-publish","hentry"],"yoast_head":"<!-- This site is optimized with the Yoast SEO plugin v27.0 - https:\/\/yoast.com\/product\/yoast-seo-wordpress\/ -->\n<title>Datenschutzerkl\u00e4rung - V2C Store<\/title>\n<meta name=\"robots\" content=\"noindex, follow\" \/>\n<meta property=\"og:locale\" content=\"de_DE\" \/>\n<meta property=\"og:type\" content=\"article\" \/>\n<meta property=\"og:title\" content=\"Datenschutzerkl\u00e4rung - V2C Store\" \/>\n<meta property=\"og:description\" content=\"Wer wir sind Die Adresse unserer Website lautet: https:\/\/v2charge.com\/de\/ Kommentare Wenn Besucher Kommentare hinterlassen, werden die im Kommentarformular angegebenen Daten gespeichert. Zus\u00e4tzlich werden die IP-Adresse und der User-Agent des Browsers erfasst, um Spam zu erkennen. Aus der E-Mail-Adresse kann eine anonymisierte Zeichenfolge (Hash) erstellt und an Gravatar \u00fcbermittelt werden, um zu pr\u00fcfen, ob Gravatar genutztRead more &#10230;\" \/>\n<meta property=\"og:url\" content=\"https:\/\/v2charge.com\/store\/de\/datenschutzerklaerung\/\" \/>\n<meta property=\"og:site_name\" content=\"V2C Store\" \/>\n<meta property=\"article:modified_time\" content=\"2026-04-07T07:37:25+00:00\" \/>\n<meta name=\"twitter:card\" content=\"summary_large_image\" \/>\n<meta name=\"twitter:label1\" content=\"Gesch\u00e4tzte Lesezeit\" \/>\n\t<meta name=\"twitter:data1\" content=\"3\u00a0Minuten\" \/>\n<script type=\"application\/ld+json\" class=\"yoast-schema-graph\">{\"@context\":\"https:\/\/schema.org\",\"@graph\":[{\"@type\":\"WebPage\",\"@id\":\"https:\/\/v2charge.com\/store\/de\/datenschutzerklaerung\/\",\"url\":\"https:\/\/v2charge.com\/store\/de\/datenschutzerklaerung\/\",\"name\":\"Datenschutzerkl\u00e4rung - V2C Store\",\"isPartOf\":{\"@id\":\"https:\/\/v2charge.com\/store\/#website\"},\"datePublished\":\"2021-11-09T12:38:18+00:00\",\"dateModified\":\"2026-04-07T07:37:25+00:00\",\"breadcrumb\":{\"@id\":\"https:\/\/v2charge.com\/store\/de\/datenschutzerklaerung\/#breadcrumb\"},\"inLanguage\":\"de\",\"potentialAction\":[{\"@type\":\"ReadAction\",\"target\":[\"https:\/\/v2charge.com\/store\/de\/datenschutzerklaerung\/\"]}]},{\"@type\":\"BreadcrumbList\",\"@id\":\"https:\/\/v2charge.com\/store\/de\/datenschutzerklaerung\/#breadcrumb\",\"itemListElement\":[{\"@type\":\"ListItem\",\"position\":1,\"name\":\"Portada\",\"item\":\"https:\/\/v2charge.com\/store\/de\/\"},{\"@type\":\"ListItem\",\"position\":2,\"name\":\"Datenschutzerkl\u00e4rung\"}]},{\"@type\":\"WebSite\",\"@id\":\"https:\/\/v2charge.com\/store\/#website\",\"url\":\"https:\/\/v2charge.com\/store\/\",\"name\":\"V2C Store\",\"description\":\"V2C Store\",\"potentialAction\":[{\"@type\":\"SearchAction\",\"target\":{\"@type\":\"EntryPoint\",\"urlTemplate\":\"https:\/\/v2charge.com\/store\/?s={search_term_string}\"},\"query-input\":{\"@type\":\"PropertyValueSpecification\",\"valueRequired\":true,\"valueName\":\"search_term_string\"}}],\"inLanguage\":\"de\"}]}<\/script>\n<!-- \/ Yoast SEO plugin. -->","yoast_head_json":{"title":"Datenschutzerkl\u00e4rung - V2C Store","robots":{"index":"noindex","follow":"follow"},"og_locale":"de_DE","og_type":"article","og_title":"Datenschutzerkl\u00e4rung - V2C Store","og_description":"Wer wir sind Die Adresse unserer Website lautet: https:\/\/v2charge.com\/de\/ Kommentare Wenn Besucher Kommentare hinterlassen, werden die im Kommentarformular angegebenen Daten gespeichert. Zus\u00e4tzlich werden die IP-Adresse und der User-Agent des Browsers erfasst, um Spam zu erkennen. Aus der E-Mail-Adresse kann eine anonymisierte Zeichenfolge (Hash) erstellt und an Gravatar \u00fcbermittelt werden, um zu pr\u00fcfen, ob Gravatar genutztRead more &#10230;","og_url":"https:\/\/v2charge.com\/store\/de\/datenschutzerklaerung\/","og_site_name":"V2C Store","article_modified_time":"2026-04-07T07:37:25+00:00","twitter_card":"summary_large_image","twitter_misc":{"Gesch\u00e4tzte Lesezeit":"3\u00a0Minuten"},"schema":{"@context":"https:\/\/schema.org","@graph":[{"@type":"WebPage","@id":"https:\/\/v2charge.com\/store\/de\/datenschutzerklaerung\/","url":"https:\/\/v2charge.com\/store\/de\/datenschutzerklaerung\/","name":"Datenschutzerkl\u00e4rung - V2C Store","isPartOf":{"@id":"https:\/\/v2charge.com\/store\/#website"},"datePublished":"2021-11-09T12:38:18+00:00","dateModified":"2026-04-07T07:37:25+00:00","breadcrumb":{"@id":"https:\/\/v2charge.com\/store\/de\/datenschutzerklaerung\/#breadcrumb"},"inLanguage":"de","potentialAction":[{"@type":"ReadAction","target":["https:\/\/v2charge.com\/store\/de\/datenschutzerklaerung\/"]}]},{"@type":"BreadcrumbList","@id":"https:\/\/v2charge.com\/store\/de\/datenschutzerklaerung\/#breadcrumb","itemListElement":[{"@type":"ListItem","position":1,"name":"Portada","item":"https:\/\/v2charge.com\/store\/de\/"},{"@type":"ListItem","position":2,"name":"Datenschutzerkl\u00e4rung"}]},{"@type":"WebSite","@id":"https:\/\/v2charge.com\/store\/#website","url":"https:\/\/v2charge.com\/store\/","name":"V2C Store","description":"V2C Store","potentialAction":[{"@type":"SearchAction","target":{"@type":"EntryPoint","urlTemplate":"https:\/\/v2charge.com\/store\/?s={search_term_string}"},"query-input":{"@type":"PropertyValueSpecification","valueRequired":true,"valueName":"search_term_string"}}],"inLanguage":"de"}]}},"_links":{"self":[{"href":"https:\/\/v2charge.com\/store\/de\/wp-json\/wp\/v2\/pages\/20887","targetHints":{"allow":["GET"]}}],"collection":[{"href":"https:\/\/v2charge.com\/store\/de\/wp-json\/wp\/v2\/pages"}],"about":[{"href":"https:\/\/v2charge.com\/store\/de\/wp-json\/wp\/v2\/types\/page"}],"author":[{"embeddable":true,"href":"https:\/\/v2charge.com\/store\/de\/wp-json\/wp\/v2\/users\/1"}],"replies":[{"embeddable":true,"href":"https:\/\/v2charge.com\/store\/de\/wp-json\/wp\/v2\/comments?post=20887"}],"version-history":[{"count":2,"href":"https:\/\/v2charge.com\/store\/de\/wp-json\/wp\/v2\/pages\/20887\/revisions"}],"predecessor-version":[{"id":20892,"href":"https:\/\/v2charge.com\/store\/de\/wp-json\/wp\/v2\/pages\/20887\/revisions\/20892"}],"wp:attachment":[{"href":"https:\/\/v2charge.com\/store\/de\/wp-json\/wp\/v2\/media?parent=20887"}],"curies":[{"name":"wp","href":"https:\/\/api.w.org\/{rel}","templated":true}]}}